{"id":34660,"date":"2021-10-28T12:49:25","date_gmt":"2021-10-28T10:49:25","guid":{"rendered":"https:\/\/www.esmuc.cat\/premis\/"},"modified":"2025-01-21T14:25:18","modified_gmt":"2025-01-21T13:25:18","slug":"premis","status":"publish","type":"page","link":"https:\/\/www.esmuc.cat\/es\/actividades\/premis\/","title":{"rendered":"Premios"},"content":{"rendered":"<div class=\"breadcrumbs align  wp-block-bcn-breadcrumb-trail has-text-color has-background\" vocab=\"https:\/\/schema.org\/\" typeof=\"BreadcrumbList\">\n\t<span><\/span>\n\t<span property=\"itemListElement\" typeof=\"ListItem\"><a property=\"item\" typeof=\"WebPage\" title=\"Ir a ESMUC.\" href=\"https:\/\/www.esmuc.cat\/es\/\" class=\"home\" ><span property=\"name\">ESMUC<\/span><\/a><meta property=\"position\" content=\"1\"><\/span> &gt; <span property=\"itemListElement\" typeof=\"ListItem\"><a property=\"item\" typeof=\"WebPage\" title=\"Ir a Actividades.\" href=\"https:\/\/www.esmuc.cat\/es\/actividades\/\" class=\"post post-page\" ><span property=\"name\">Actividades<\/span><\/a><meta property=\"position\" content=\"2\"><\/span> &gt; <span property=\"itemListElement\" typeof=\"ListItem\"><span property=\"name\" class=\"post post-page current-item\">Premios<\/span><meta property=\"url\" content=\"https:\/\/www.esmuc.cat\/es\/actividades\/premis\/\"><meta property=\"position\" content=\"3\"><\/span><\/div>\n\n\n\n<div class=\"wp-block-columns is-layout-flex wp-container-core-columns-is-layout-9d6595d7 wp-block-columns-is-layout-flex\">\n<div class=\"wp-block-column esmuc__Menu_Masters is-layout-flow wp-block-column-is-layout-flow\"><\/div>\n\n\n\n<div class=\"wp-block-column is-layout-flow wp-block-column-is-layout-flow\" style=\"flex-basis:66.66%\">\n<h1 class=\"wp-block-heading\">Premios<\/h1>\n\n\n\n<div style=\"height:30px\" aria-hidden=\"true\" class=\"wp-block-spacer\"><\/div>\n\n\n\n<p>ESMUC convoca anualmente dos premios de caracter\u00edsticas y objetivos muy diversos:<\/p>\n\n\n\n<div id=\"section-g833bb0\" class=\"wp-block-gutentor-e7 section-g833bb0 gutentor-element gutentor-element-list\"><ul class=\"grid-row gutentor-grid-item-wrap list-indicator-icon\"><li class=\"gutentor-list-item grid-lg-12 grid-md-12 grid-12\"><span class=\"gutentor-single-item gutentor-single-item-0\"><span class=\"gutentor-list-item-wrap g-s-list-wrap\"><span class=\"gutentor-single-list-item-icon\"><i class=\"list-item-icon fas fa-angle-right\"><\/i><\/span><span class=\"gutentor-list-item\"><p class=\"gutentor-single-item-title\">El <a href=\"https:\/\/www.esmuc.cat\/es\/premi-internacional-joan-guinjoan-per-a-joves-compositors\/\">Premi Internacional Joan Guinjoan<\/a> para J\u00f3venes Compositores, dirigido a compositores y compositoras menores de 35 a\u00f1os, de todas las nacionalidades.<\/p><\/span><\/span><\/span><\/li><li class=\"gutentor-list-item grid-lg-12 grid-md-12 grid-12\"><span class=\"gutentor-single-item gutentor-single-item-1\"><span class=\"gutentor-list-item-wrap g-s-list-wrap\"><span class=\"gutentor-single-list-item-icon\"><i class=\"list-item-icon fas fa-angle-right\"><\/i><\/span><span class=\"gutentor-list-item\"><p class=\"gutentor-single-item-title\">El <a href=\"https:\/\/www.esmuc.cat\/es\/premis-als-treballs-de-recerca-de-batxillerat\/\">Premi ESMUC a Treballs de Recerca de Batxillerat<\/a>, para el mejor trabajo de investigaci\u00f3n de bachillerato de Catalu\u00f1a, en cualquier tem\u00e1tica relacionada con la m\u00fasica, que haya sido presentado durante el curso acad\u00e9mico.<\/p><\/span><\/span><\/span><\/li><\/ul><\/div>\n\n\n\n<div class=\"wp-block-columns is-layout-flex wp-container-core-columns-is-layout-9d6595d7 wp-block-columns-is-layout-flex\">\n<div class=\"wp-block-column is-layout-flow wp-block-column-is-layout-flow\">\n<figure class=\"wp-block-image size-full\"><a href=\"\/premi-internacional-joan-guinjoan-per-a-joves-compositors\/\"><img decoding=\"async\" width=\"1080\" height=\"1080\" src=\"http:\/\/www.esmuc.cat\/wp-content\/uploads\/2021\/10\/Logo-1x1-1.jpg\" alt=\"Premi Internacional Joan Guinjoan\" class=\"wp-image-21117\"\/><\/a><\/figure>\n<\/div>\n\n\n\n<div class=\"wp-block-column is-layout-flow wp-block-column-is-layout-flow\">\n<figure class=\"wp-block-image size-full\"><img decoding=\"async\" width=\"1080\" height=\"1080\" src=\"https:\/\/www.esmuc.cat\/wp-content\/uploads\/2025\/01\/Nova-imatge-premis-batxillerat.png\" alt=\"\" class=\"wp-image-103646\" srcset=\"https:\/\/www.esmuc.cat\/wp-content\/uploads\/2025\/01\/Nova-imatge-premis-batxillerat.png 1080w, https:\/\/www.esmuc.cat\/wp-content\/uploads\/2025\/01\/Nova-imatge-premis-batxillerat-300x300.png 300w, https:\/\/www.esmuc.cat\/wp-content\/uploads\/2025\/01\/Nova-imatge-premis-batxillerat-1024x1024.png 1024w, https:\/\/www.esmuc.cat\/wp-content\/uploads\/2025\/01\/Nova-imatge-premis-batxillerat-150x150.png 150w, https:\/\/www.esmuc.cat\/wp-content\/uploads\/2025\/01\/Nova-imatge-premis-batxillerat-768x768.png 768w\" sizes=\"(max-width: 1080px) 100vw, 1080px\" \/><\/figure>\n<\/div>\n<\/div>\n<\/div>\n<\/div>\n\n\n\n<div style=\"height:50px\" aria-hidden=\"true\" class=\"wp-block-spacer\"><\/div>\n\n\n\n<p><\/p>\n\n\n\n<p><\/p>\n","protected":false},"excerpt":{"rendered":"<p>Premios ESMUC convoca anualmente dos premios de caracter\u00edsticas y objetivos muy diversos:<\/p>\n","protected":false},"author":4,"featured_media":0,"parent":83375,"menu_order":0,"comment_status":"closed","ping_status":"closed","template":"","meta":{"_acf_changed":false,"_themeisle_gutenberg_block_has_review":false,"footnotes":""},"categories":[1078,1275],"tags":[1276,1278],"class_list":["post-34660","page","type-page","status-publish","hentry","category-activitats-extracurriculars-es","category-premis-es","tag-joan-guinjoan-es","tag-recerca-es"],"acf":[],"publishpress_future_action":{"enabled":false,"date":"2026-04-15 17:08:18","action":"change-status","newStatus":"draft","terms":[],"taxonomy":"category","extraData":[]},"publishpress_future_workflow_manual_trigger":{"enabledWorkflows":[]},"_links":{"self":[{"href":"https:\/\/www.esmuc.cat\/es\/wp-json\/wp\/v2\/pages\/34660","targetHints":{"allow":["GET"]}}],"collection":[{"href":"https:\/\/www.esmuc.cat\/es\/wp-json\/wp\/v2\/pages"}],"about":[{"href":"https:\/\/www.esmuc.cat\/es\/wp-json\/wp\/v2\/types\/page"}],"author":[{"embeddable":true,"href":"https:\/\/www.esmuc.cat\/es\/wp-json\/wp\/v2\/users\/4"}],"replies":[{"embeddable":true,"href":"https:\/\/www.esmuc.cat\/es\/wp-json\/wp\/v2\/comments?post=34660"}],"version-history":[{"count":7,"href":"https:\/\/www.esmuc.cat\/es\/wp-json\/wp\/v2\/pages\/34660\/revisions"}],"predecessor-version":[{"id":103648,"href":"https:\/\/www.esmuc.cat\/es\/wp-json\/wp\/v2\/pages\/34660\/revisions\/103648"}],"up":[{"embeddable":true,"href":"https:\/\/www.esmuc.cat\/es\/wp-json\/wp\/v2\/pages\/83375"}],"wp:attachment":[{"href":"https:\/\/www.esmuc.cat\/es\/wp-json\/wp\/v2\/media?parent=34660"}],"wp:term":[{"taxonomy":"category","embeddable":true,"href":"https:\/\/www.esmuc.cat\/es\/wp-json\/wp\/v2\/categories?post=34660"},{"taxonomy":"post_tag","embeddable":true,"href":"https:\/\/www.esmuc.cat\/es\/wp-json\/wp\/v2\/tags?post=34660"}],"curies":[{"name":"wp","href":"https:\/\/api.w.org\/{rel}","templated":true}]}}