{"id":34586,"date":"2021-10-15T20:08:37","date_gmt":"2021-10-15T18:08:37","guid":{"rendered":"https:\/\/www.esmuc.cat\/congressos-jornades-tallers\/taules-rodones\/"},"modified":"2022-12-13T16:17:20","modified_gmt":"2022-12-13T15:17:20","slug":"taules-rodones","status":"publish","type":"page","link":"https:\/\/www.esmuc.cat\/es\/estudios\/otra-oferta-formativa\/taules-rodones\/","title":{"rendered":"Mesas redondas"},"content":{"rendered":"\n<div class=\"wp-block-columns is-layout-flex wp-container-core-columns-is-layout-9d6595d7 wp-block-columns-is-layout-flex\">\n<div class=\"wp-block-column esmuc__Menu_Masters is-layout-flow wp-block-column-is-layout-flow\" style=\"flex-basis:33.33%\">\n\n\n\n\n<p><\/p>\n<\/div>\n\n\n\n<div class=\"wp-block-column is-layout-flow wp-block-column-is-layout-flow\" style=\"flex-basis:66.66%\"><div class=\"breadcrumbs align  wp-block-bcn-breadcrumb-trail has-text-color has-background\" vocab=\"https:\/\/schema.org\/\" typeof=\"BreadcrumbList\">\n\t<span><\/span>\n\t<span property=\"itemListElement\" typeof=\"ListItem\"><a property=\"item\" typeof=\"WebPage\" title=\"Ir a ESMUC.\" href=\"https:\/\/www.esmuc.cat\/es\/\" class=\"home\" ><span property=\"name\">ESMUC<\/span><\/a><meta property=\"position\" content=\"1\"><\/span> &gt; <span property=\"itemListElement\" typeof=\"ListItem\"><a property=\"item\" typeof=\"WebPage\" title=\"Ir a Estudios.\" href=\"https:\/\/www.esmuc.cat\/es\/estudios\/\" class=\"post post-page\" ><span property=\"name\">Estudios<\/span><\/a><meta property=\"position\" content=\"2\"><\/span> &gt; <span property=\"itemListElement\" typeof=\"ListItem\"><a property=\"item\" typeof=\"WebPage\" title=\"Ir a Otra oferta formativa.\" href=\"https:\/\/www.esmuc.cat\/es\/estudios\/otra-oferta-formativa\/\" class=\"post post-page\" ><span property=\"name\">Otra oferta formativa<\/span><\/a><meta property=\"position\" content=\"3\"><\/span> &gt; <span property=\"itemListElement\" typeof=\"ListItem\"><span property=\"name\" class=\"post post-page current-item\">Mesas redondas<\/span><meta property=\"url\" content=\"https:\/\/www.esmuc.cat\/es\/estudios\/otra-oferta-formativa\/taules-rodones\/\"><meta property=\"position\" content=\"4\"><\/span><\/div>\n\n\n\n<h1 class=\"wp-block-heading\">Mesas redondas<\/h1>\n\n\n\n<div id=\"section-gc98346\" class=\"wp-block-gutentor-e6 section-gc98346 gutentor-element gutentor-element-image\"><div class=\"gutentor-element-image-box\"><div class=\"gutentor-image-thumb\"><img decoding=\"async\" class=\"normal-image\" src=\"http:\/\/www.esmuc.cat\/wp-content\/uploads\/2021\/10\/Banner_TaulaRodona_21102021.png\" alt=\"Cicle Taules Rodones de Producci\u00f3 i Gesti\u00f3 curs 2021-2022\" \/><\/div><\/div><\/div>\n\n\n\n<div style=\"height:40px\" aria-hidden=\"true\" class=\"wp-block-spacer\"><\/div>\n\n\n\n<p>Las mesas redondas de ESMUC tienen el objetivo de abrir un espacio de debate sobre diversos aspectos del mundo profesional de la m\u00fasica y la dinamizaci\u00f3n del sector.<\/p>\n\n\n\n<p>El ciclo naci\u00f3 en el curso 2020-21 por iniciativa del <a href=\"https:\/\/www.esmuc.cat\/es\/sobre-lesmuc\/departaments\/tecnologies-i-gestio-de-la-musica\/\">Departamento de Tecnolog\u00edas y Gesti\u00f3n de la M\u00fasica<\/a>, y se dirige a estudiantes de grado y m\u00e1ster de la ESMUC, al sector musical de nuestra casa y tambi\u00e9n a p\u00fablicos m\u00e1s espec\u00edficos, dependiendo de la tem\u00e1tica de la mesa.<\/p>\n\n\n\n<p>La programaci\u00f3n del curso 2021-2022 se centra en el &#8220;estado actual\u2026&#8221; del sector.<\/p>\n\n\n\n<div style=\"height:30px\" aria-hidden=\"true\" class=\"wp-block-spacer\"><\/div>\n\n\n\n<h2 class=\"wp-block-heading\">Programa 2021-2022<\/h2>\n\n\n\n<div id=\"section-g46fb43\" class=\"wp-block-gutentor-e7 section-g46fb43 gutentor-element gutentor-element-list\"><ul class=\"grid-row gutentor-grid-item-wrap list-indicator-icon\"><li class=\"gutentor-list-item grid-lg-12 grid-md-12 grid-12\"><span class=\"gutentor-single-item gutentor-single-item-0\"><span class=\"gutentor-list-item-wrap g-s-list-wrap\"><span class=\"gutentor-single-list-item-icon\"><i class=\"list-item-icon far fa-calendar-alt\"><\/i><\/span><span class=\"gutentor-list-item\"><p class=\"gutentor-single-item-title\"><strong>21\/10\/2021<\/strong>: <em><a href=\"\/taula-rodona-sobre-lestat-de-les-productores-independents\/\">L\u2019estat actual de les productores de m\u00fasica independents<\/a><\/em>. Modera: Imma Grimalt.<\/p><\/span><\/span><\/span><\/li><li class=\"gutentor-list-item grid-lg-12 grid-md-12 grid-12\"><span class=\"gutentor-single-item gutentor-single-item-1\"><span class=\"gutentor-list-item-wrap g-s-list-wrap\"><span class=\"gutentor-single-list-item-icon\"><i class=\"list-item-icon far fa-calendar-alt\"><\/i><\/span><span class=\"gutentor-list-item\"><p class=\"gutentor-single-item-title\"><strong>16\/12\/2021<\/strong>: <em><a href=\"https:\/\/www.esmuc.cat\/taula-rodona-sobre-els-lideratges-a-les-orquestres-simfoniques\/\">L\u2019estat actual del lideratge a les orquestres. Gerents, directors, m\u00fasics&#8230; Colideratge o compet\u00e8ncia?<\/a><\/em> Modera: Alberto Sampablo.<\/p><\/span><\/span><\/span><\/li><li class=\"gutentor-list-item grid-lg-12 grid-md-12 grid-12\"><span class=\"gutentor-single-item gutentor-single-item-2\"><span class=\"gutentor-list-item-wrap g-s-list-wrap\"><span class=\"gutentor-single-list-item-icon\"><i class=\"list-item-icon far fa-calendar-alt\"><\/i><\/span><span class=\"gutentor-list-item\"><p class=\"gutentor-single-item-title\"><strong>05\/05\/2022:<\/strong> <em>L\u2019estat actual dels festivals de m\u00fasica cl\u00e0ssica.<\/em> Modera: Oriol Aguilar.<\/p><\/span><\/span><\/span><\/li><\/ul><\/div>\n\n\n\n<div style=\"height:10px\" aria-hidden=\"true\" class=\"wp-block-spacer\"><\/div>\n\n\n\n<div id=\"section-gd62867\" class=\"wp-block-gutentor-e0 section-gd62867 gutentor-element gutentor-element-advanced-text\"><div class=\"gutentor-text-wrap\"><p class=\"gutentor-text\"><\/p><\/div><\/div>\n\n\n\n<p><\/p>\n\n\n\n<p><\/p>\n\n\n\n<p><\/p>\n\n\n\n<p><\/p>\n\n\n\n<p><\/p>\n<\/div>\n<\/div>\n","protected":false},"excerpt":{"rendered":"<p>Mesas redondas Las mesas redondas de ESMUC tienen el objetivo de abrir un espacio de debate sobre diversos aspectos del mundo profesional de la m\u00fasica y la dinamizaci\u00f3n del sector. El ciclo naci\u00f3 en el curso 2020-21 por iniciativa del Departamento de Tecnolog\u00edas y Gesti\u00f3n de la M\u00fasica, y se dirige a estudiantes de grado [&hellip;]<\/p>\n","protected":false},"author":4,"featured_media":0,"parent":84455,"menu_order":0,"comment_status":"closed","ping_status":"closed","template":"","meta":{"_acf_changed":false,"_themeisle_gutenberg_block_has_review":false,"footnotes":""},"categories":[1078,1225],"tags":[1268,1270],"class_list":["post-34586","page","type-page","status-publish","hentry","category-activitats-extracurriculars-es","category-altra-oferta-formativa-es","tag-produccio-es","tag-tecnologies-i-gestio-de-la-musica-es"],"acf":[],"publishpress_future_action":{"enabled":false,"date":"2026-05-24 01:15:18","action":"change-status","newStatus":"draft","terms":[],"taxonomy":"category","extraData":[]},"publishpress_future_workflow_manual_trigger":{"enabledWorkflows":[]},"_links":{"self":[{"href":"https:\/\/www.esmuc.cat\/es\/wp-json\/wp\/v2\/pages\/34586","targetHints":{"allow":["GET"]}}],"collection":[{"href":"https:\/\/www.esmuc.cat\/es\/wp-json\/wp\/v2\/pages"}],"about":[{"href":"https:\/\/www.esmuc.cat\/es\/wp-json\/wp\/v2\/types\/page"}],"author":[{"embeddable":true,"href":"https:\/\/www.esmuc.cat\/es\/wp-json\/wp\/v2\/users\/4"}],"replies":[{"embeddable":true,"href":"https:\/\/www.esmuc.cat\/es\/wp-json\/wp\/v2\/comments?post=34586"}],"version-history":[{"count":8,"href":"https:\/\/www.esmuc.cat\/es\/wp-json\/wp\/v2\/pages\/34586\/revisions"}],"predecessor-version":[{"id":69325,"href":"https:\/\/www.esmuc.cat\/es\/wp-json\/wp\/v2\/pages\/34586\/revisions\/69325"}],"up":[{"embeddable":true,"href":"https:\/\/www.esmuc.cat\/es\/wp-json\/wp\/v2\/pages\/84455"}],"wp:attachment":[{"href":"https:\/\/www.esmuc.cat\/es\/wp-json\/wp\/v2\/media?parent=34586"}],"wp:term":[{"taxonomy":"category","embeddable":true,"href":"https:\/\/www.esmuc.cat\/es\/wp-json\/wp\/v2\/categories?post=34586"},{"taxonomy":"post_tag","embeddable":true,"href":"https:\/\/www.esmuc.cat\/es\/wp-json\/wp\/v2\/tags?post=34586"}],"curies":[{"name":"wp","href":"https:\/\/api.w.org\/{rel}","templated":true}]}}