{"id":34337,"date":"2021-09-30T16:15:06","date_gmt":"2021-09-30T14:15:06","guid":{"rendered":"https:\/\/www.esmuc.cat\/concerts\/"},"modified":"2025-11-11T13:53:42","modified_gmt":"2025-11-11T12:53:42","slug":"concerts","status":"publish","type":"page","link":"https:\/\/www.esmuc.cat\/es\/actividades\/concerts\/","title":{"rendered":"Ciclos y colaboraciones"},"content":{"rendered":"<div class=\"breadcrumbs align  wp-block-bcn-breadcrumb-trail has-text-color has-background\" vocab=\"https:\/\/schema.org\/\" typeof=\"BreadcrumbList\">\n\t<span><\/span>\n\t<span property=\"itemListElement\" typeof=\"ListItem\"><a property=\"item\" typeof=\"WebPage\" title=\"Ir a ESMUC.\" href=\"https:\/\/www.esmuc.cat\/es\/\" class=\"home\" ><span property=\"name\">ESMUC<\/span><\/a><meta property=\"position\" content=\"1\"><\/span> &gt; <span property=\"itemListElement\" typeof=\"ListItem\"><a property=\"item\" typeof=\"WebPage\" title=\"Ir a Actividades.\" href=\"https:\/\/www.esmuc.cat\/es\/actividades\/\" class=\"post post-page\" ><span property=\"name\">Actividades<\/span><\/a><meta property=\"position\" content=\"2\"><\/span> &gt; <span property=\"itemListElement\" typeof=\"ListItem\"><span property=\"name\" class=\"post post-page current-item\">Ciclos y colaboraciones<\/span><meta property=\"url\" content=\"https:\/\/www.esmuc.cat\/es\/actividades\/concerts\/\"><meta property=\"position\" content=\"3\"><\/span><\/div>\n\n\n\n<div class=\"wp-block-columns is-layout-flex wp-container-core-columns-is-layout-9d6595d7 wp-block-columns-is-layout-flex\">\n<div class=\"wp-block-column is-layout-flow wp-block-column-is-layout-flow\" style=\"flex-basis:100%\">\n<div style=\"height:10px\" aria-hidden=\"true\" class=\"wp-block-spacer\"><\/div>\n<\/div>\n<\/div>\n\n\n\n<div class=\"wp-block-cover has-parallax has-custom-content-position is-position-bottom-center\" style=\"min-height:552px;aspect-ratio:unset;\"><div class=\"wp-block-cover__image-background wp-image-84122 has-parallax\" style=\"background-position:50% 50%;background-image:url(https:\/\/www.esmuc.cat\/wp-content\/uploads\/2023\/08\/Dimecres-ESMUC-Jam.jpg)\"><\/div><span aria-hidden=\"true\" class=\"wp-block-cover__background has-background-dim-30 has-background-dim\"><\/span><div class=\"wp-block-cover__inner-container is-layout-flow wp-block-cover-is-layout-flow\">\n<div style=\"height:130px\" aria-hidden=\"true\" class=\"wp-block-spacer\"><\/div>\n\n\n\n<h2 class=\"wp-block-heading has-text-align-center\" style=\"font-size:47px;font-style:normal;font-weight:600\">Ciclos y colaboraciones<\/h2>\n\n\n\n<div style=\"height:60px\" aria-hidden=\"true\" class=\"wp-block-spacer\"><\/div>\n\n\n\n<p class=\"has-medium-font-size\">Entre las actividades regulares de la ESMUC, los ciclos de conciertos ofrecen a los estudiantes la mejor herramienta para adquirir experiencia frente al p\u00fablico en unas condiciones y con un nivel de exigencia propio de la pr\u00e1ctica profesional..<\/p>\n<\/div><\/div>\n\n\n\n<section id=\"gm7b0243f\" class=\"wp-block-gutentor-m3 section-gm7b0243f gutentor-module gutentor-container-cover\"><div class=\"grid-container\">\n<div style=\"height:40px\" aria-hidden=\"true\" class=\"wp-block-spacer\"><\/div>\n\n\n\n<p>Dentro de la programaci\u00f3n estable de la Escuela se incluyen ciclos como los Grandes Conjuntos, Dimarts Toca ESMUC, las Jam sessions de los mi\u00e9rcoles o los ciclos de m\u00fasica antigua. El alumnado de interpretaci\u00f3n participa en encuentros con otras bandas profesionales, as\u00ed como en la Camerata que el Quartet Casals organiza dos veces al a\u00f1o en la ESMUC.<\/p>\n\n\n\n<p>Por \u00faltimo, no olvidemos que los y las estudiantes de Grado y M\u00e1ster de Interpretaci\u00f3n y Direcci\u00f3n finalizan sus estudios con un concierto final abierto al p\u00fablico.<\/p>\n<\/div><\/section>\n\n\n\n<section id=\"gmf58c035\" class=\"wp-block-gutentor-m3 section-gmf58c035 gutentor-module gutentor-container-cover\"><div class=\"grid-container\">\n<h2 class=\"wp-block-heading\">Ciclos estables de la ESMUC<\/h2>\n\n\n\n<div class=\"wp-block-columns alignfull has-white-background-color has-text-color has-background is-layout-flex wp-container-core-columns-is-layout-9d6595d7 wp-block-columns-is-layout-flex\" style=\"color:#000000\">\n<div class=\"wp-block-column is-layout-flow wp-block-column-is-layout-flow\">\n<div id=\"section-g347d9d\" class=\"wp-block-gutentor-e6 section-g347d9d gutentor-element gutentor-element-image\"><div class=\"gutentor-element-image-box\"><a class=\"gutentor-element-image-link\" href=\"https:\/\/www.esmuc.cat\/es\/actividades\/concerts\/grandes-conjuntos\/\"><div class=\"gutentor-image-thumb\"><img decoding=\"async\" class=\"normal-image\" src=\"https:\/\/www.esmuc.cat\/wp-content\/uploads\/2021\/10\/Grans-Conjunts-1x1-1.png\" alt=\"Grans Conjunts 1x1\" \/><\/div><\/a><\/div><\/div>\n\n\n\n<div style=\"height:20px\" aria-hidden=\"true\" class=\"wp-block-spacer\"><\/div>\n\n\n\n<h4 class=\"wp-block-heading\" style=\"font-size:24px;line-height:1.3\">Grandes Conjuntos<\/h4>\n\n\n\n<p>El ciclo de los Grandes Conjuntos de la ESMUC coincide con el final de los per\u00edodos lectivos, cuando las formaciones de la Escuela muestran el fruto de su trabajo.<\/p>\n<\/div>\n\n\n\n<div class=\"wp-block-column is-layout-flow wp-block-column-is-layout-flow\">\n<div id=\"section-g783d37\" class=\"wp-block-gutentor-e6 section-g783d37 gutentor-element gutentor-element-image\"><div class=\"gutentor-element-image-box\"><a class=\"gutentor-element-image-link\" href=\"https:\/\/www.esmuc.cat\/es\/actividades\/concerts\/dimarts-toca-esmuc\/\"><div class=\"gutentor-image-thumb\"><img decoding=\"async\" class=\"normal-image\" src=\"https:\/\/www.esmuc.cat\/wp-content\/uploads\/2021\/09\/LOGO-DIMARTS-TOCA-ESMUC.png\" alt=\"Logo Dimarts Toca Esmuc\" \/><\/div><\/a><\/div><\/div>\n\n\n\n<div style=\"height:20px\" aria-hidden=\"true\" class=\"wp-block-spacer\"><\/div>\n\n\n\n<h4 class=\"wp-block-heading\" style=\"font-size:24px;line-height:1.3\">Dimarts toca ESMUC<\/h4>\n\n\n\n<p>Un ciclo estable que muestra la diversidad de estilos y formatos musicales que conviven en la Escuela Superior de M\u00fasica de Catalunya.<\/p>\n<\/div>\n\n\n\n<div class=\"wp-block-column is-layout-flow wp-block-column-is-layout-flow\">\n<div id=\"section-g5d80d7\" class=\"wp-block-gutentor-e6 section-g5d80d7 gutentor-element gutentor-element-image\"><div class=\"gutentor-element-image-box\"><a class=\"gutentor-element-image-link\" href=\"https:\/\/www.esmuc.cat\/es\/actividades\/concerts\/esmuc-jam\/\"><div class=\"gutentor-image-thumb\"><img decoding=\"async\" class=\"normal-image\" src=\"https:\/\/www.esmuc.cat\/wp-content\/uploads\/2024\/10\/DX-ESMUC-JAM.png\" \/><\/div><\/a><\/div><\/div>\n\n\n\n<div style=\"height:20px\" aria-hidden=\"true\" class=\"wp-block-spacer\"><\/div>\n\n\n\n<h4 class=\"wp-block-heading\">ESMUC Jam<\/h4>\n\n\n\n<p>La ESMUC Jam es el punto de encuentro de m\u00fasicos que quieren compartir el talento, la intuici\u00f3n y la espontaneidad por el placer de tocar juntos.<\/p>\n<\/div>\n\n\n\n<div class=\"wp-block-column is-layout-flow wp-block-column-is-layout-flow\">\n<div id=\"section-g292d1b\" class=\"wp-block-gutentor-e6 section-g292d1b gutentor-element gutentor-element-image\"><div class=\"gutentor-element-image-box\"><a class=\"gutentor-element-image-link\" href=\"https:\/\/www.esmuc.cat\/es\/actividades\/concerts\/conciertos-finales\/\"><div class=\"gutentor-image-thumb\"><img decoding=\"async\" class=\"normal-image\" src=\"https:\/\/www.esmuc.cat\/wp-content\/uploads\/2022\/04\/cicle-concerts-finals-ESMUC.png\" alt=\"Cicle Concerts Finals Esmuc\" \/><\/div><\/a><\/div><\/div>\n\n\n\n<div style=\"height:20px\" aria-hidden=\"true\" class=\"wp-block-spacer\"><\/div>\n\n\n\n<h4 class=\"wp-block-heading\">Conciertos finales<\/h4>\n\n\n\n<p>Estudiantes de la ESMUC de las especialidades de Interpretaci\u00f3n y Direcci\u00f3n muestran las competencias alcanzadas a lo largo del curso en un concierto final de su especialidad.<\/p>\n<\/div>\n\n\n\n<div class=\"wp-block-column is-layout-flow wp-block-column-is-layout-flow\">\n<figure class=\"wp-block-image size-large\"><a href=\"https:\/\/www.esmuc.cat\/es\/actividades\/concerts\/marato-de-combos\/\"><img decoding=\"async\" width=\"1024\" height=\"1024\" src=\"https:\/\/www.esmuc.cat\/wp-content\/uploads\/2025\/11\/Marato-de-Combos-1024x1024.png\" alt=\"\" class=\"wp-image-113871\" srcset=\"https:\/\/www.esmuc.cat\/wp-content\/uploads\/2025\/11\/Marato-de-Combos-1024x1024.png 1024w, https:\/\/www.esmuc.cat\/wp-content\/uploads\/2025\/11\/Marato-de-Combos-300x300.png 300w, https:\/\/www.esmuc.cat\/wp-content\/uploads\/2025\/11\/Marato-de-Combos-150x150.png 150w, https:\/\/www.esmuc.cat\/wp-content\/uploads\/2025\/11\/Marato-de-Combos-768x768.png 768w, https:\/\/www.esmuc.cat\/wp-content\/uploads\/2025\/11\/Marato-de-Combos.png 1080w\" sizes=\"(max-width: 1024px) 100vw, 1024px\" \/><\/a><\/figure>\n\n\n\n<h4 class=\"wp-block-heading\">Marat\u00f3n de Combos<\/h4>\n\n\n\n<p>La Marat\u00f3n de Combos es la muestra donde los estudiantes comparten el trabajo realizado a lo largo del curso, ofreciendo conciertos llenos de creatividad y diversidad musical.<\/p>\n<\/div>\n<\/div>\n<\/div><\/section>\n\n\n\n<section id=\"gme0d71f3\" class=\"wp-block-gutentor-m3 section-gme0d71f3 gutentor-module gutentor-container-cover\"><div class=\"grid-container\">\n<h2 class=\"wp-block-heading\">Principales colaboraciones<\/h2>\n\n\n\n<div class=\"wp-block-columns alignfull has-white-background-color has-text-color has-background is-layout-flex wp-container-core-columns-is-layout-9d6595d7 wp-block-columns-is-layout-flex\" style=\"color:#000000\">\n<div class=\"wp-block-column is-layout-flow wp-block-column-is-layout-flow\">\n<div id=\"section-g859efd\" class=\"wp-block-gutentor-e6 section-g859efd gutentor-element gutentor-element-image\"><div class=\"gutentor-element-image-box\"><div class=\"gutentor-image-thumb\"><img decoding=\"async\" class=\"normal-image\" src=\"https:\/\/www.esmuc.cat\/wp-content\/uploads\/2023\/07\/Un-cafe-amb-notes-dantiga.jpg\" \/><\/div><\/div><\/div>\n\n\n\n<div style=\"height:20px\" aria-hidden=\"true\" class=\"wp-block-spacer\"><\/div>\n\n\n\n<h4 class=\"wp-block-heading\">Museo de la M\u00fasica<\/h4>\n\n\n\n<p>La proximidad que comparten la ESMUC y el <a href=\"https:\/\/ajuntament.barcelona.cat\/museumusica\/ca\" target=\"_blank\" rel=\"noreferrer noopener\">Museo de la M\u00fasica<\/a> ha propiciado una colaboraci\u00f3n estrecha y prolongada en el tiempo, especialmente en el \u00e1mbito de la m\u00fasica antigua, con ciclos de conciertos como el &#8220;Caf\u00e9 con notas de Antigua&#8221;<\/p>\n<\/div>\n\n\n\n<div class=\"wp-block-column is-layout-flow wp-block-column-is-layout-flow\">\n<div id=\"section-gda17bc\" class=\"wp-block-gutentor-e6 section-gda17bc gutentor-element gutentor-element-image\"><div class=\"gutentor-element-image-box\"><div class=\"gutentor-image-thumb\"><img decoding=\"async\" class=\"normal-image\" src=\"https:\/\/www.esmuc.cat\/wp-content\/uploads\/2023\/08\/Rosassa.jpg\" \/><\/div><\/div><\/div>\n\n\n\n<div style=\"height:20px\" aria-hidden=\"true\" class=\"wp-block-spacer\"><\/div>\n\n\n\n<h4 class=\"wp-block-heading\" style=\"font-size:24px;line-height:1.3\">Iglesia del Pi<\/h4>\n\n\n\n<p>Gran parte del fondo musical que se interpreta en el ciclo &#8220;Vespres d&#8217;Antiga&#8221; en <a href=\"https:\/\/basilicadelpi.cat\/ca\/inici\/\" target=\"_blank\" rel=\"noreferrer noopener\">Santa Maria del Pi<\/a> proviene del Archivo Parroquial de la Bas\u00edlica. Gracias a esta colaboraci\u00f3n, se recupera un patrimonio que de otra forma quedar\u00eda durmiendo en las estanter\u00edas.<\/p>\n<\/div>\n\n\n\n<div class=\"wp-block-column is-layout-flow wp-block-column-is-layout-flow\">\n<div id=\"section-gee7dbd\" class=\"wp-block-gutentor-e6 section-gee7dbd gutentor-element gutentor-element-image\"><div class=\"gutentor-element-image-box\"><div class=\"gutentor-image-thumb\"><img decoding=\"async\" class=\"normal-image\" src=\"https:\/\/www.esmuc.cat\/wp-content\/uploads\/2023\/08\/Goethe.jpg\" alt=\"Goethe\" \/><\/div><\/div><\/div>\n\n\n\n<div style=\"height:20px\" aria-hidden=\"true\" class=\"wp-block-spacer\"><\/div>\n\n\n\n<h4 class=\"wp-block-heading\" style=\"font-size:24px;line-height:1.3\">Goethe-Institut Barcelona<\/h4>\n\n\n\n<p>El <a href=\"https:\/\/www.goethe.de\/ins\/es\/ca\/sta\/bcn.html\" target=\"_blank\" rel=\"noreferrer noopener\">Goethe-Institut Barcelona<\/a> acoge un ciclo de conciertos con la participaci\u00f3n de los alumnos del M\u00e1ster de Lied y del Barcelona Jazz Master. En el marco de esta cooperaci\u00f3n, el alumnado de la ESMUC tiene acceso a descuentos en los cursos de alem\u00e1n.<\/p>\n<\/div>\n\n\n\n<div class=\"wp-block-column is-layout-flow wp-block-column-is-layout-flow\">\n<div id=\"section-g8f3bb4\" class=\"wp-block-gutentor-e6 section-g8f3bb4 gutentor-element gutentor-element-image\"><div class=\"gutentor-element-image-box\"><div class=\"gutentor-image-thumb\"><img decoding=\"async\" class=\"normal-image\" src=\"https:\/\/www.esmuc.cat\/wp-content\/uploads\/2023\/08\/Jazz-a-La-Pedrera.webp\" alt=\"Jazz A La Pedrera\" \/><\/div><\/div><\/div>\n\n\n\n<div style=\"height:20px\" aria-hidden=\"true\" class=\"wp-block-spacer\"><\/div>\n\n\n\n<h4 class=\"wp-block-heading\">La Pedrera<\/h4>\n\n\n\n<p><a href=\"https:\/\/www.lapedrera.com\/ca\" target=\"_blank\" rel=\"noreferrer noopener\">La Pedrera<\/a> colabora con la ESMUC con una programaci\u00f3n de jazz y m\u00fasica moderna que da voz al talento emergente de la ciudad. Los conciertos se celebran durante las noches de verano en un entorno tan m\u00e1gico como la azotea de la Pedrera.<\/p>\n<\/div>\n\n\n\n<div class=\"wp-block-column is-layout-flow wp-block-column-is-layout-flow\">\n<div id=\"section-g68e403\" class=\"wp-block-gutentor-e6 section-g68e403 gutentor-element gutentor-element-image\"><div class=\"gutentor-element-image-box\"><div class=\"gutentor-image-thumb\"><img decoding=\"async\" class=\"normal-image\" src=\"https:\/\/www.esmuc.cat\/wp-content\/uploads\/2023\/08\/Museu_Mares.jpg\" alt=\"Museu Mares\" \/><\/div><\/div><\/div>\n\n\n\n<div style=\"height:20px\" aria-hidden=\"true\" class=\"wp-block-spacer\"><\/div>\n\n\n\n<h4 class=\"wp-block-heading\">Museo Frederic Mar\u00e8s<\/h4>\n\n\n\n<p>El intercambio de conocimiento el <a href=\"https:\/\/www.barcelona.cat\/museufredericmares\/ca\" target=\"_blank\" rel=\"noreferrer noopener\">Museo Mar\u00e8s<\/a> y la ESMUC, dos instituciones al servicio del arte y la cultura, tiene como resultado un ciclo de conciertos de peque\u00f1o formato, donde los objetos de las colecciones establecen un di\u00e1logo con la m\u00fasica.<\/p>\n<\/div>\n<\/div>\n<\/div><\/section>\n\n\n\n<div style=\"height:40px\" aria-hidden=\"true\" class=\"wp-block-spacer\"><\/div>\n","protected":false},"excerpt":{"rendered":"","protected":false},"author":4,"featured_media":84124,"parent":83375,"menu_order":0,"comment_status":"closed","ping_status":"closed","template":"","meta":{"_acf_changed":false,"_themeisle_gutenberg_block_has_review":false,"footnotes":""},"categories":[1076,976],"tags":[1259],"class_list":["post-34337","page","type-page","status-publish","has-post-thumbnail","hentry","category-comunicacion","category-escola-es","tag-concerts-es"],"acf":[],"publishpress_future_action":{"enabled":false,"date":"2026-04-21 16:31:47","action":"change-status","newStatus":"draft","terms":[],"taxonomy":"category","extraData":[]},"publishpress_future_workflow_manual_trigger":{"enabledWorkflows":[]},"_links":{"self":[{"href":"https:\/\/www.esmuc.cat\/es\/wp-json\/wp\/v2\/pages\/34337","targetHints":{"allow":["GET"]}}],"collection":[{"href":"https:\/\/www.esmuc.cat\/es\/wp-json\/wp\/v2\/pages"}],"about":[{"href":"https:\/\/www.esmuc.cat\/es\/wp-json\/wp\/v2\/types\/page"}],"author":[{"embeddable":true,"href":"https:\/\/www.esmuc.cat\/es\/wp-json\/wp\/v2\/users\/4"}],"replies":[{"embeddable":true,"href":"https:\/\/www.esmuc.cat\/es\/wp-json\/wp\/v2\/comments?post=34337"}],"version-history":[{"count":79,"href":"https:\/\/www.esmuc.cat\/es\/wp-json\/wp\/v2\/pages\/34337\/revisions"}],"predecessor-version":[{"id":113912,"href":"https:\/\/www.esmuc.cat\/es\/wp-json\/wp\/v2\/pages\/34337\/revisions\/113912"}],"up":[{"embeddable":true,"href":"https:\/\/www.esmuc.cat\/es\/wp-json\/wp\/v2\/pages\/83375"}],"wp:featuredmedia":[{"embeddable":true,"href":"https:\/\/www.esmuc.cat\/es\/wp-json\/wp\/v2\/media\/84124"}],"wp:attachment":[{"href":"https:\/\/www.esmuc.cat\/es\/wp-json\/wp\/v2\/media?parent=34337"}],"wp:term":[{"taxonomy":"category","embeddable":true,"href":"https:\/\/www.esmuc.cat\/es\/wp-json\/wp\/v2\/categories?post=34337"},{"taxonomy":"post_tag","embeddable":true,"href":"https:\/\/www.esmuc.cat\/es\/wp-json\/wp\/v2\/tags?post=34337"}],"curies":[{"name":"wp","href":"https:\/\/api.w.org\/{rel}","templated":true}]}}