{"id":34336,"date":"2021-04-08T07:13:52","date_gmt":"2021-04-08T05:13:52","guid":{"rendered":"https:\/\/www.esmuc.cat\/identitat-corporativa-2\/"},"modified":"2026-02-20T21:25:53","modified_gmt":"2026-02-20T20:25:53","slug":"identitat-corporativa-2","status":"publish","type":"page","link":"https:\/\/www.esmuc.cat\/es\/escuela\/comunicacion-e-imagen\/identitat-corporativa-2\/","title":{"rendered":"Identidad corporativa"},"content":{"rendered":"\n<div class=\"wp-block-columns is-layout-flex wp-container-core-columns-is-layout-9d6595d7 wp-block-columns-is-layout-flex\">\n<div class=\"wp-block-column esmuc__Menu_Masters is-layout-flow wp-block-column-is-layout-flow\" style=\"flex-basis:33.33%\">\n\n<\/div>\n\n\n\n<div class=\"wp-block-column is-layout-flow wp-block-column-is-layout-flow\" style=\"flex-basis:66.66%\"><div class=\"breadcrumbs align  wp-block-bcn-breadcrumb-trail has-text-color has-background\" vocab=\"https:\/\/schema.org\/\" typeof=\"BreadcrumbList\">\n\t<span><\/span>\n\t<span property=\"itemListElement\" typeof=\"ListItem\"><a property=\"item\" typeof=\"WebPage\" title=\"Ir a ESMUC.\" href=\"https:\/\/www.esmuc.cat\/es\/\" class=\"home\" ><span property=\"name\">ESMUC<\/span><\/a><meta property=\"position\" content=\"1\"><\/span> &gt; <span property=\"itemListElement\" typeof=\"ListItem\"><a property=\"item\" typeof=\"WebPage\" title=\"Ir a Escuela.\" href=\"https:\/\/www.esmuc.cat\/es\/escuela\/\" class=\"post post-page\" ><span property=\"name\">Escuela<\/span><\/a><meta property=\"position\" content=\"2\"><\/span> &gt; <span property=\"itemListElement\" typeof=\"ListItem\"><a property=\"item\" typeof=\"WebPage\" title=\"Ir a Comunicaci\u00f3n e imagen.\" href=\"https:\/\/www.esmuc.cat\/es\/escuela\/comunicacion-e-imagen\/\" class=\"post post-page\" ><span property=\"name\">Comunicaci\u00f3n e imagen<\/span><\/a><meta property=\"position\" content=\"3\"><\/span> &gt; <span property=\"itemListElement\" typeof=\"ListItem\"><span property=\"name\" class=\"post post-page current-item\">Identidad corporativa<\/span><meta property=\"url\" content=\"https:\/\/www.esmuc.cat\/es\/escuela\/comunicacion-e-imagen\/identitat-corporativa-2\/\"><meta property=\"position\" content=\"4\"><\/span><\/div>\n\n\n\n<h1 class=\"wp-block-heading\">Identidad corporativa (logo)<\/h1>\n\n\n\n<div style=\"height:10px\" aria-hidden=\"true\" class=\"wp-block-spacer\"><\/div>\n\n\n\n<div id=\"section-gf2865d\" class=\"wp-block-gutentor-e0 section-gf2865d gutentor-element gutentor-element-advanced-text\"><div class=\"gutentor-text-wrap\"><p class=\"gutentor-text\">Os adjuntamos el <a href=\"https:\/\/www.esmuc.cat\/wp-content\/uploads\/2024\/05\/Manual-imatge-corporativa-ESMUC.pdf\">Manual de identidad corporativa de la ESMUC<\/a>.<br><br>Os pod\u00e9is descargar el logo de la ESMUC en diferentes formatos y colores.<\/p><\/div><\/div>\n\n\n\n<div style=\"height:10px\" aria-hidden=\"true\" class=\"wp-block-spacer\"><\/div>\n\n\n\n<div style=\"height:100px\" aria-hidden=\"true\" class=\"wp-block-spacer\"><\/div>\n\n\n\n<section id=\"g-737g1m2\" class=\"wp-block-gutentor-m3 section-g-737g1m2 gutentor-module gutentor-container-cover\"><div class=\"grid-container\">\n<h3 class=\"wp-block-heading\"><strong>Marca horizontal<\/strong><\/h3>\n\n\n\n<div class=\"wp-block-columns is-layout-flex wp-container-core-columns-is-layout-9d6595d7 wp-block-columns-is-layout-flex\">\n<div class=\"wp-block-column is-vertically-aligned-center is-layout-flow wp-block-column-is-layout-flow\">\n<div id=\"section-g-zvw2wwu\" class=\"wp-block-gutentor-e6 section-g-zvw2wwu gutentor-element gutentor-element-image\"><div class=\"gutentor-element-image-box\"><div class=\"gutentor-image-thumb\"><img decoding=\"async\" class=\"normal-image\" src=\"https:\/\/www.esmuc.cat\/wp-content\/uploads\/2024\/05\/Logo_esmuc_horitzontal_RGB.jpg\" alt=\"Logo Esmuc Horitzontal Cmyk\" \/><\/div><\/div><\/div>\n<\/div>\n\n\n\n<div class=\"wp-block-column is-layout-flow wp-block-column-is-layout-flow\">\n<figure class=\"wp-block-table\"><table class=\"has-fixed-layout\"><tbody><tr><td class=\"has-text-align-center\" data-align=\"center\"><strong>PNG<\/strong><\/td><td class=\"has-text-align-center\" data-align=\"center\"><a href=\"https:\/\/www.esmuc.cat\/wp-content\/uploads\/2025\/02\/Logo_esmuc_horitzontal_transparent.png\">Descarga<\/a><\/td><\/tr><tr><td class=\"has-text-align-center\" data-align=\"center\"><strong>JPG<\/strong><\/td><td class=\"has-text-align-center\" data-align=\"center\"><a href=\"https:\/\/www.esmuc.cat\/wp-content\/uploads\/2024\/05\/Logo_esmuc_horitzontal_RGB.jpg\">Descarga<\/a><\/td><\/tr><tr><td class=\"has-text-align-center\" data-align=\"center\"><strong>EPS<\/strong><\/td><td class=\"has-text-align-center\" data-align=\"center\"><a href=\"https:\/\/www.esmuc.cat\/wp-content\/uploads\/2024\/05\/Logo_esmuc_horitzontal_RGB.7z\">Descarga<\/a><\/td><\/tr><\/tbody><\/table><\/figure>\n<\/div>\n<\/div>\n\n\n\n<div class=\"wp-block-columns is-layout-flex wp-container-core-columns-is-layout-9d6595d7 wp-block-columns-is-layout-flex\">\n<div class=\"wp-block-column is-vertically-aligned-center is-layout-flow wp-block-column-is-layout-flow\">\n<div id=\"section-g-ct1z67j\" class=\"wp-block-gutentor-e6 section-g-ct1z67j gutentor-element gutentor-element-image\"><div class=\"gutentor-element-image-box\"><div class=\"gutentor-image-thumb\"><img decoding=\"async\" class=\"normal-image\" src=\"https:\/\/www.esmuc.cat\/wp-content\/uploads\/2024\/05\/Logo_esmuc_horitzontal_negatiu_B_RGB.jpg\" alt=\"Logo Esmuc Negatiu Rgb\" \/><\/div><\/div><\/div>\n<\/div>\n\n\n\n<div class=\"wp-block-column is-layout-flow wp-block-column-is-layout-flow\">\n<figure class=\"wp-block-table\"><table class=\"has-fixed-layout\"><tbody><tr><td class=\"has-text-align-center\" data-align=\"center\"><strong>PNG<\/strong><\/td><td class=\"has-text-align-center\" data-align=\"center\"><a href=\"https:\/\/www.esmuc.cat\/wp-content\/uploads\/2024\/11\/Logo_esmuc_horitzontal_blanc_RGB.png\">Descarga<\/a><\/td><\/tr><tr><td class=\"has-text-align-center\" data-align=\"center\"><strong>JPG<\/strong><\/td><td class=\"has-text-align-center\" data-align=\"center\"><a href=\"https:\/\/www.esmuc.cat\/wp-content\/uploads\/2024\/05\/Logo_esmuc_horitzontal_negatiu_B_RGB.jpg\">Descarga<\/a><\/td><\/tr><tr><td class=\"has-text-align-center\" data-align=\"center\"><strong>EPS<\/strong><\/td><td class=\"has-text-align-center\" data-align=\"center\"><a href=\"https:\/\/www.esmuc.cat\/wp-content\/uploads\/2024\/05\/Logo_esmuc_horitzontal_negatiu_B_CMYK.7z\">Descarga<\/a><\/td><\/tr><\/tbody><\/table><\/figure>\n<\/div>\n<\/div>\n\n\n\n<div class=\"wp-block-columns is-layout-flex wp-container-core-columns-is-layout-9d6595d7 wp-block-columns-is-layout-flex\">\n<div class=\"wp-block-column is-vertically-aligned-center is-layout-flow wp-block-column-is-layout-flow\">\n<div id=\"section-g-ucgtdxg\" class=\"wp-block-gutentor-e6 section-g-ucgtdxg gutentor-element gutentor-element-image\"><div class=\"gutentor-element-image-box\"><div class=\"gutentor-image-thumb\"><img decoding=\"async\" class=\"normal-image\" src=\"https:\/\/www.esmuc.cat\/wp-content\/uploads\/2024\/05\/Logo_esmuc_horitzontal_negatiu_M.CMYK_-1.png\" alt=\"Logo Esmuc Horitzontal Negatiu M.cmyk\" \/><\/div><\/div><\/div>\n<\/div>\n\n\n\n<div class=\"wp-block-column is-layout-flow wp-block-column-is-layout-flow\">\n<figure class=\"wp-block-table\"><table class=\"has-fixed-layout\"><tbody><tr><td class=\"has-text-align-center\" data-align=\"center\"><strong>PNG<\/strong><\/td><td class=\"has-text-align-center\" data-align=\"center\"><a href=\"https:\/\/www.esmuc.cat\/wp-content\/uploads\/2024\/05\/Logo_esmuc_horitzontal_negatiu_M.CMYK_.png\">Descarga<\/a><\/td><\/tr><tr><td class=\"has-text-align-center\" data-align=\"center\"><strong>EPS<\/strong><\/td><td class=\"has-text-align-center\" data-align=\"center\"><a href=\"https:\/\/www.esmuc.cat\/wp-content\/uploads\/2024\/05\/Logo_esmuc_horitzontal_negatiu_CMYK_M.7z\">Descarga<\/a><\/td><\/tr><\/tbody><\/table><\/figure>\n<\/div>\n<\/div>\n<\/div><\/section>\n\n\n\n<div style=\"height:100px\" aria-hidden=\"true\" class=\"wp-block-spacer\"><\/div>\n\n\n\n<section id=\"g-t77c1g7\" class=\"wp-block-gutentor-m3 section-g-t77c1g7 gutentor-module gutentor-container-cover\"><div class=\"grid-container\">\n<h3 class=\"wp-block-heading\"><strong>Marca iniciales<\/strong><\/h3>\n\n\n\n<div class=\"wp-block-columns is-layout-flex wp-container-core-columns-is-layout-9d6595d7 wp-block-columns-is-layout-flex\">\n<div class=\"wp-block-column is-vertically-aligned-center is-layout-flow wp-block-column-is-layout-flow\">\n<div id=\"section-g-r0x6lnx\" class=\"wp-block-gutentor-e6 section-g-r0x6lnx gutentor-element gutentor-element-image\"><div class=\"gutentor-element-image-box\"><div class=\"gutentor-image-thumb\"><img decoding=\"async\" class=\"normal-image\" src=\"https:\/\/www.esmuc.cat\/wp-content\/uploads\/2024\/05\/Logo_esmuc_inicials_RGB.png\" alt=\"Logo Esmuc Inicials Rgb\" \/><\/div><\/div><\/div>\n<\/div>\n\n\n\n<div class=\"wp-block-column is-layout-flow wp-block-column-is-layout-flow\">\n<figure class=\"wp-block-table\"><table class=\"has-fixed-layout\"><tbody><tr><td class=\"has-text-align-center\" data-align=\"center\"><strong>PNG<\/strong><\/td><td class=\"has-text-align-center\" data-align=\"center\"><a href=\"https:\/\/www.esmuc.cat\/wp-content\/uploads\/2024\/05\/Logo_esmuc_inicials_RGB-1.png\">Descarga<\/a><\/td><\/tr><tr><td class=\"has-text-align-center\" data-align=\"center\"><strong>EPS<\/strong><\/td><td class=\"has-text-align-center\" data-align=\"center\"><a href=\"https:\/\/www.esmuc.cat\/wp-content\/uploads\/2024\/05\/Logo_esmuc_inicials_RGB.7z\">Descarga<\/a><\/td><\/tr><\/tbody><\/table><\/figure>\n<\/div>\n<\/div>\n\n\n\n<div class=\"wp-block-columns is-layout-flex wp-container-core-columns-is-layout-9d6595d7 wp-block-columns-is-layout-flex\">\n<div class=\"wp-block-column is-vertically-aligned-center is-layout-flow wp-block-column-is-layout-flow\">\n<div id=\"section-g-t3thp4y\" class=\"wp-block-gutentor-e6 section-g-t3thp4y gutentor-element gutentor-element-image\"><div class=\"gutentor-element-image-box\"><div class=\"gutentor-image-thumb\"><img decoding=\"async\" class=\"normal-image\" src=\"https:\/\/www.esmuc.cat\/wp-content\/uploads\/2024\/05\/Logo_esmuc_inicials_negatiu_B_RGB.jpg\" alt=\"Logo Esmuc Inicials Negatiu M Rgb\" \/><\/div><\/div><\/div>\n<\/div>\n\n\n\n<div class=\"wp-block-column is-layout-flow wp-block-column-is-layout-flow\">\n<figure class=\"wp-block-table\"><table class=\"has-fixed-layout\"><tbody><tr><td class=\"has-text-align-center\" data-align=\"center\"><strong>PNG<\/strong><\/td><td class=\"has-text-align-center\" data-align=\"center\"><a href=\"https:\/\/www.esmuc.cat\/wp-content\/uploads\/2024\/05\/Logo_esmuc_inicials_negatiu_B_RGB.jpg\">Descarga<\/a><\/td><\/tr><tr><td class=\"has-text-align-center\" data-align=\"center\"><strong>EPS<\/strong><\/td><td class=\"has-text-align-center\" data-align=\"center\"><a href=\"https:\/\/www.esmuc.cat\/wp-content\/uploads\/2024\/05\/Logo_esmuc_inicials_negatiu_B_CMYK.7z\">Descarga<\/a><\/td><\/tr><\/tbody><\/table><\/figure>\n<\/div>\n<\/div>\n\n\n\n<div class=\"wp-block-columns is-layout-flex wp-container-core-columns-is-layout-9d6595d7 wp-block-columns-is-layout-flex\">\n<div class=\"wp-block-column is-vertically-aligned-center is-layout-flow wp-block-column-is-layout-flow\">\n<div id=\"section-g-cant9bk\" class=\"wp-block-gutentor-e6 section-g-cant9bk gutentor-element gutentor-element-image\"><div class=\"gutentor-element-image-box\"><div class=\"gutentor-image-thumb\"><img decoding=\"async\" class=\"normal-image\" src=\"https:\/\/www.esmuc.cat\/wp-content\/uploads\/2024\/05\/Logo_esmuc_inicials_negatiu_M_CMYK.png\" alt=\"Logo Esmuc Inicials Negatiu M Cmyk\" \/><\/div><\/div><\/div>\n<\/div>\n\n\n\n<div class=\"wp-block-column is-layout-flow wp-block-column-is-layout-flow\">\n<figure class=\"wp-block-table\"><table class=\"has-fixed-layout\"><tbody><tr><td class=\"has-text-align-center\" data-align=\"center\"><strong>PNG<\/strong><\/td><td class=\"has-text-align-center\" data-align=\"center\"><a href=\"https:\/\/www.esmuc.cat\/wp-content\/uploads\/2024\/05\/Logo_esmuc_inicials_negatiu_M_CMYK.png\">Descarga<\/a><\/td><\/tr><tr><td class=\"has-text-align-center\" data-align=\"center\"><strong>EPS<\/strong><\/td><td class=\"has-text-align-center\" data-align=\"center\"><a href=\"https:\/\/www.esmuc.cat\/wp-content\/uploads\/2024\/05\/Logo_esmuc_inicials_negatiu_M_CMYK.7z\">Descarga<\/a><\/td><\/tr><\/tbody><\/table><\/figure>\n<\/div>\n<\/div>\n<\/div><\/section>\n\n\n\n<div style=\"height:100px\" aria-hidden=\"true\" class=\"wp-block-spacer\"><\/div>\n\n\n\n<section id=\"g-xllrakx\" class=\"wp-block-gutentor-m3 section-g-xllrakx gutentor-module gutentor-container-cover\"><div class=\"grid-container\">\n<h3 class=\"wp-block-heading\"><strong>Marca compacta<\/strong><\/h3>\n\n\n\n<div class=\"wp-block-columns is-layout-flex wp-container-core-columns-is-layout-9d6595d7 wp-block-columns-is-layout-flex\">\n<div class=\"wp-block-column is-vertically-aligned-center is-layout-flow wp-block-column-is-layout-flow\">\n<div id=\"section-g-1kc7hcc\" class=\"wp-block-gutentor-e6 section-g-1kc7hcc gutentor-element gutentor-element-image\"><div class=\"gutentor-element-image-box\"><div class=\"gutentor-image-thumb\"><img decoding=\"async\" class=\"normal-image\" src=\"https:\/\/www.esmuc.cat\/wp-content\/uploads\/2025\/02\/Compacte-fons-blanc.png\" alt=\"Compacte Fons Blanc\" \/><\/div><\/div><\/div>\n<\/div>\n\n\n\n<div class=\"wp-block-column is-layout-flow wp-block-column-is-layout-flow\">\n<figure class=\"wp-block-table\"><table class=\"has-fixed-layout\"><tbody><tr><td class=\"has-text-align-center\" data-align=\"center\"><strong>PNG<\/strong><\/td><td class=\"has-text-align-center\" data-align=\"center\"><a href=\"https:\/\/www.esmuc.cat\/wp-content\/uploads\/2024\/05\/Logo_esmuc_compacte_transparent_RGB.png\">Descarga<\/a><\/td><\/tr><tr><td class=\"has-text-align-center\" data-align=\"center\"><strong>JPG<\/strong><\/td><td class=\"has-text-align-center\" data-align=\"center\"><a href=\"https:\/\/www.esmuc.cat\/wp-content\/uploads\/2024\/05\/Logo_esmuc_compacte_RGB-1.jpg\">Descarga<\/a><\/td><\/tr><tr><td class=\"has-text-align-center\" data-align=\"center\"><strong>EPS<\/strong><\/td><td class=\"has-text-align-center\" data-align=\"center\"><a href=\"https:\/\/www.esmuc.cat\/wp-content\/uploads\/2024\/05\/Logo_esmuc_compacte_CMYK.7z\">Descarga<\/a><\/td><\/tr><\/tbody><\/table><\/figure>\n<\/div>\n<\/div>\n\n\n\n<div class=\"wp-block-columns is-layout-flex wp-container-core-columns-is-layout-9d6595d7 wp-block-columns-is-layout-flex\">\n<div class=\"wp-block-column is-vertically-aligned-center is-layout-flow wp-block-column-is-layout-flow\">\n<div id=\"section-g-bk2lpep\" class=\"wp-block-gutentor-e6 section-g-bk2lpep gutentor-element gutentor-element-image\"><div class=\"gutentor-element-image-box\"><div class=\"gutentor-image-thumb\"><img decoding=\"async\" class=\"normal-image\" src=\"https:\/\/www.esmuc.cat\/wp-content\/uploads\/2025\/02\/Comptacte-fons-negre.png\" alt=\"Comptacte Fons Negre\" \/><\/div><\/div><\/div>\n<\/div>\n\n\n\n<div class=\"wp-block-column is-vertically-aligned-center is-layout-flow wp-block-column-is-layout-flow\">\n<figure class=\"wp-block-table\"><table class=\"has-fixed-layout\"><tbody><tr><td class=\"has-text-align-center\" data-align=\"center\"><strong>PNG<\/strong><\/td><td class=\"has-text-align-center\" data-align=\"center\"><a href=\"https:\/\/www.esmuc.cat\/wp-content\/uploads\/2024\/11\/Logo_esmuc_compacte_blanc_rgb.png\">Descarga<\/a><\/td><\/tr><\/tbody><\/table><\/figure>\n<\/div>\n<\/div>\n<\/div><\/section>\n\n\n\n<div style=\"height:100px\" aria-hidden=\"true\" class=\"wp-block-spacer\"><\/div>\n\n\n\n<section id=\"g-67rdul1\" class=\"wp-block-gutentor-m3 section-g-67rdul1 gutentor-module gutentor-container-cover\"><div class=\"grid-container\">\n<h3 class=\"wp-block-heading\"><strong>25 a\u00f1os ESMUC<\/strong><\/h3>\n\n\n\n<div class=\"wp-block-columns is-layout-flex wp-container-core-columns-is-layout-9d6595d7 wp-block-columns-is-layout-flex\">\n<div class=\"wp-block-column is-vertically-aligned-center is-layout-flow wp-block-column-is-layout-flow\">\n<div id=\"section-g-hbe7zr4\" class=\"wp-block-gutentor-e6 section-g-hbe7zr4 gutentor-element gutentor-element-image\"><div class=\"gutentor-element-image-box\"><div class=\"gutentor-image-thumb\"><img decoding=\"async\" class=\"normal-image\" src=\"https:\/\/www.esmuc.cat\/wp-content\/uploads\/2025\/11\/ESMUC-logo-25-anys-black.png\" \/><\/div><\/div><\/div>\n<\/div>\n\n\n\n<div class=\"wp-block-column is-layout-flow wp-block-column-is-layout-flow\">\n<div style=\"height:55px\" aria-hidden=\"true\" class=\"wp-block-spacer\"><\/div>\n\n\n\n<figure class=\"wp-block-table\"><table class=\"has-fixed-layout\"><tbody><tr><td class=\"has-text-align-center\" data-align=\"center\"><strong>PNG negro<\/strong><\/td><td class=\"has-text-align-center\" data-align=\"center\"><a href=\"https:\/\/www.esmuc.cat\/wp-content\/uploads\/2025\/11\/ESMUC-logo-25-anys-black.png\">Descarga<\/a><\/td><\/tr><tr><td class=\"has-text-align-center\" data-align=\"center\"><strong>PNG blanco<\/strong><\/td><td class=\"has-text-align-center\" data-align=\"center\"><a href=\"https:\/\/www.esmuc.cat\/wp-content\/uploads\/2025\/11\/ESMUC-logo-25-anys-white.png\">Descarga<\/a><\/td><\/tr><tr><td class=\"has-text-align-center\" data-align=\"center\"><strong>EPS<\/strong><\/td><td class=\"has-text-align-center\" data-align=\"center\"><a href=\"https:\/\/www.esmuc.cat\/wp-content\/uploads\/2026\/02\/25anys_Logo_esmuc_vectorial.zip\">Descarga<\/a><\/td><\/tr><\/tbody><\/table><\/figure>\n<\/div>\n<\/div>\n<\/div><\/section>\n\n\n\n<div style=\"height:100px\" aria-hidden=\"true\" class=\"wp-block-spacer\"><\/div>\n\n\n\n<div class=\"wp-block-buttons is-layout-flex wp-block-buttons-is-layout-flex\">\n<div class=\"wp-block-button\"><a class=\"wp-block-button__link wp-element-button\" href=\"https:\/\/esmuc.sharepoint.com\/:f:\/s\/ContingutWeb\/Esv4F4PUrOJHlGaxdRUpR_ABQITxbhghqrrS_lz7ZO6REQ?e=Mj718n\">Descarga el paquete de logotipos completo<\/a><\/div>\n<\/div>\n\n\n\n<div style=\"height:42px\" aria-hidden=\"true\" class=\"wp-block-spacer\"><\/div>\n\n\n\n<h5 class=\"wp-block-heading\">\u00bfQu\u00e9 son estos formatos?<\/h5>\n\n\n\n<div id=\"section-g6702b9\" class=\"wp-block-gutentor-e0 section-g6702b9 gutentor-element gutentor-element-advanced-text\"><div class=\"gutentor-text-wrap\"><p class=\"gutentor-text\">Los archivos <strong>PNG<\/strong> (Portable Network Graphics) son bitmaps sin p\u00e9rdida de calidad. Estos logotipos, con fondo transparente, le ser\u00e1n \u00fatiles para los usos m\u00e1s generales, tanto en formato digital como impreso. Los archivos <strong>EPS<\/strong> (Encapsulated Post Script) permiten guardar im\u00e1genes vectoriales, id\u00f3neas para las impresiones a gran formato. Para abrirlos necesitar\u00e1 Adobe Illustrator, Freehand, Corel Draw o similar.&nbsp;<\/p><\/div><\/div>\n\n\n\n<div style=\"height:10px\" aria-hidden=\"true\" class=\"wp-block-spacer\"><\/div>\n<\/div>\n<\/div>\n\n\n\n<p><\/p>\n","protected":false},"excerpt":{"rendered":"<p>Identidad corporativa (logo) \u00bfQu\u00e9 son estos formatos?<\/p>\n","protected":false},"author":4,"featured_media":0,"parent":50528,"menu_order":0,"comment_status":"closed","ping_status":"closed","template":"","meta":{"_acf_changed":false,"_themeisle_gutenberg_block_has_review":false,"footnotes":""},"categories":[1076],"tags":[],"class_list":["post-34336","page","type-page","status-publish","hentry","category-comunicacion"],"acf":[],"publishpress_future_action":{"enabled":false,"date":"2026-05-06 23:14:20","action":"change-status","newStatus":"draft","terms":[],"taxonomy":"category","extraData":[]},"publishpress_future_workflow_manual_trigger":{"enabledWorkflows":[]},"_links":{"self":[{"href":"https:\/\/www.esmuc.cat\/es\/wp-json\/wp\/v2\/pages\/34336","targetHints":{"allow":["GET"]}}],"collection":[{"href":"https:\/\/www.esmuc.cat\/es\/wp-json\/wp\/v2\/pages"}],"about":[{"href":"https:\/\/www.esmuc.cat\/es\/wp-json\/wp\/v2\/types\/page"}],"author":[{"embeddable":true,"href":"https:\/\/www.esmuc.cat\/es\/wp-json\/wp\/v2\/users\/4"}],"replies":[{"embeddable":true,"href":"https:\/\/www.esmuc.cat\/es\/wp-json\/wp\/v2\/comments?post=34336"}],"version-history":[{"count":36,"href":"https:\/\/www.esmuc.cat\/es\/wp-json\/wp\/v2\/pages\/34336\/revisions"}],"predecessor-version":[{"id":116855,"href":"https:\/\/www.esmuc.cat\/es\/wp-json\/wp\/v2\/pages\/34336\/revisions\/116855"}],"up":[{"embeddable":true,"href":"https:\/\/www.esmuc.cat\/es\/wp-json\/wp\/v2\/pages\/50528"}],"wp:attachment":[{"href":"https:\/\/www.esmuc.cat\/es\/wp-json\/wp\/v2\/media?parent=34336"}],"wp:term":[{"taxonomy":"category","embeddable":true,"href":"https:\/\/www.esmuc.cat\/es\/wp-json\/wp\/v2\/categories?post=34336"},{"taxonomy":"post_tag","embeddable":true,"href":"https:\/\/www.esmuc.cat\/es\/wp-json\/wp\/v2\/tags?post=34336"}],"curies":[{"name":"wp","href":"https:\/\/api.w.org\/{rel}","templated":true}]}}