{"id":34334,"date":"2021-02-04T13:46:48","date_gmt":"2021-02-04T12:46:48","guid":{"rendered":"https:\/\/www.esmuc.cat\/botiga-esmuc\/"},"modified":"2025-09-04T09:42:56","modified_gmt":"2025-09-04T07:42:56","slug":"botiga-esmuc","status":"publish","type":"page","link":"https:\/\/www.esmuc.cat\/es\/escuela\/comunicacion-e-imagen\/botiga-esmuc\/","title":{"rendered":"Tienda ESMUC"},"content":{"rendered":"\n<div class=\"wp-block-columns is-layout-flex wp-container-core-columns-is-layout-9d6595d7 wp-block-columns-is-layout-flex\">\n<div class=\"wp-block-column esmuc__Menu_Masters is-layout-flow wp-block-column-is-layout-flow\" style=\"flex-basis:33.33%\">\n\n<\/div>\n\n\n\n<div class=\"wp-block-column is-layout-flow wp-block-column-is-layout-flow\" style=\"flex-basis:66.66%\"><div class=\"breadcrumbs align  wp-block-bcn-breadcrumb-trail has-text-color has-background\" vocab=\"https:\/\/schema.org\/\" typeof=\"BreadcrumbList\">\n\t<span><\/span>\n\t<span property=\"itemListElement\" typeof=\"ListItem\"><a property=\"item\" typeof=\"WebPage\" title=\"Ir a ESMUC.\" href=\"https:\/\/www.esmuc.cat\/es\/\" class=\"home\" ><span property=\"name\">ESMUC<\/span><\/a><meta property=\"position\" content=\"1\"><\/span> &gt; <span property=\"itemListElement\" typeof=\"ListItem\"><a property=\"item\" typeof=\"WebPage\" title=\"Ir a Escuela.\" href=\"https:\/\/www.esmuc.cat\/es\/escuela\/\" class=\"post post-page\" ><span property=\"name\">Escuela<\/span><\/a><meta property=\"position\" content=\"2\"><\/span> &gt; <span property=\"itemListElement\" typeof=\"ListItem\"><a property=\"item\" typeof=\"WebPage\" title=\"Ir a Comunicaci\u00f3n e imagen.\" href=\"https:\/\/www.esmuc.cat\/es\/escuela\/comunicacion-e-imagen\/\" class=\"post post-page\" ><span property=\"name\">Comunicaci\u00f3n e imagen<\/span><\/a><meta property=\"position\" content=\"3\"><\/span> &gt; <span property=\"itemListElement\" typeof=\"ListItem\"><span property=\"name\" class=\"post post-page current-item\">Tienda ESMUC<\/span><meta property=\"url\" content=\"https:\/\/www.esmuc.cat\/es\/escuela\/comunicacion-e-imagen\/botiga-esmuc\/\"><meta property=\"position\" content=\"4\"><\/span><\/div>\n\n\n\n<h1 class=\"wp-block-heading\">Tienda ESMUC<\/h1>\n\n\n\n<div style=\"height:10px\" aria-hidden=\"true\" class=\"wp-block-spacer\"><\/div>\n\n\n\n<figure class=\"wp-block-image size-large\"><img decoding=\"async\" width=\"1024\" height=\"426\" src=\"https:\/\/www.esmuc.cat\/wp-content\/uploads\/2025\/05\/expositor-1024x426.jpeg\" alt=\"\" class=\"wp-image-107351\" srcset=\"https:\/\/www.esmuc.cat\/wp-content\/uploads\/2025\/05\/expositor-1024x426.jpeg 1024w, https:\/\/www.esmuc.cat\/wp-content\/uploads\/2025\/05\/expositor-300x125.jpeg 300w, https:\/\/www.esmuc.cat\/wp-content\/uploads\/2025\/05\/expositor-768x320.jpeg 768w, https:\/\/www.esmuc.cat\/wp-content\/uploads\/2025\/05\/expositor.jpeg 1497w\" sizes=\"(max-width: 1024px) 100vw, 1024px\" \/><\/figure>\n\n\n\n<div style=\"height:10px\" aria-hidden=\"true\" class=\"wp-block-spacer\"><\/div>\n\n\n\n<div id=\"section-gd6ebee\" class=\"wp-block-gutentor-e0 section-gd6ebee gutentor-element gutentor-element-advanced-text\"><div class=\"gutentor-text-wrap\"><p class=\"gutentor-text\">En la <a href=\"https:\/\/www.esmuc.cat\/es\/biblioteca-crai\/\">Biblioteca-CRAI<\/a> de la ESMUC se puede comprar el merchandising oficial de la Escuela. Para ver el detalle de los dise\u00f1os, as\u00ed como para consultar modelos disponibles, tallas y precios, hay que hacer clic en las im\u00e1genes. \u00a1Comunidad ESMUC y alumni gozan de precios especiales!<\/p><\/div><\/div>\n\n\n\n<div style=\"height:10px\" aria-hidden=\"true\" class=\"wp-block-spacer\"><\/div>\n\n\n\n<section id=\"gm90d4ab5\" class=\"wp-block-gutentor-m3 section-gm90d4ab5 gutentor-module gutentor-container-cover\"><div class=\"grid-container\">\n<section id=\"gm486f31e\" class=\"wp-block-gutentor-m2 section-gm486f31e gutentor-module gutentor-dynamic-columns esmuc__menu_instrumentos\"><div class=\"grid-container\"><div class=\"grid-row\">\n<div id=\"col-g-f1lec18\" class=\"wp-block-gutentor-m2-col col-g-f1lec18 gutentor-module gutentor-dynamic-single-column grid-lg-2m3 grid-md-4 grid-12\"><div id=\"section-g-f1lec18\" class=\"section-g-f1lec18 gutentor-single-col has-color-bg has-custom-bg\">\n<div id=\"section-g-8l44wl4\" class=\"wp-block-gutentor-e6 section-g-8l44wl4 gutentor-element gutentor-element-image text-align-center-desktop\"><div class=\"gutentor-element-image-box\"><a class=\"gutentor-element-image-link\" href=\"https:\/\/www.esmuc.cat\/es\/escuela\/comunicacion-e-imagen\/botiga-esmuc\/carpeta-learn-play-create\/\"><div class=\"gutentor-image-thumb\"><img decoding=\"async\" class=\"normal-image\" src=\"https:\/\/www.esmuc.cat\/wp-content\/uploads\/2025\/09\/Carpeta-botiga-web-1.png\" alt=\"Carpeta Botiga Web\" \/><\/div><\/a><\/div><\/div>\n\n\n\n<div id=\"section-g-fcqtt28\" class=\"wp-block-gutentor-e0 section-g-fcqtt28 gutentor-element gutentor-element-advanced-text text-align-center-desktop\"><div class=\"gutentor-text-wrap\"><p class=\"gutentor-text\"><strong><strong>Carpeta ESMUC<\/strong><\/strong><\/p><\/div><\/div>\n<\/div><\/div>\n\n\n\n<div id=\"col-gm426b17\" class=\"wp-block-gutentor-m2-col col-gm426b17 gutentor-module gutentor-dynamic-single-column grid-lg-2m3 grid-md-4 grid-12\"><div id=\"section-gm426b17\" class=\"section-gm426b17 gutentor-single-col has-color-bg has-custom-bg\">\n<div id=\"section-gce0406\" class=\"wp-block-gutentor-e6 section-gce0406 gutentor-element gutentor-element-image text-align-center-desktop\"><div class=\"gutentor-element-image-box\"><a class=\"gutentor-element-image-link\" href=\"https:\/\/www.esmuc.cat\/es\/escuela\/comunicacion-e-imagen\/botiga-esmuc\/bolsa-learn-play-create\/\"><div class=\"gutentor-image-thumb\"><img decoding=\"async\" class=\"normal-image\" src=\"https:\/\/www.esmuc.cat\/wp-content\/uploads\/2024\/11\/Tote-Bag-ESMUC-min-300x300.png\" \/><\/div><\/a><\/div><\/div>\n\n\n\n<div id=\"section-gb30fc7\" class=\"wp-block-gutentor-e0 section-gb30fc7 gutentor-element gutentor-element-advanced-text text-align-center-desktop\"><div class=\"gutentor-text-wrap\"><p class=\"gutentor-text\"><strong>Bolsa ESMUC<\/strong><\/p><\/div><\/div>\n<\/div><\/div>\n<\/div><\/div><\/section>\n<\/div><\/section>\n\n\n\n<div style=\"height:10px\" aria-hidden=\"true\" class=\"wp-block-spacer\"><\/div>\n\n\n\n<div id=\"section-gb770cb\" class=\"wp-block-gutentor-e7 section-gb770cb gutentor-element gutentor-element-list\"><ul class=\"grid-row gutentor-grid-item-wrap list-indicator-icon\"><li class=\"gutentor-list-item grid-lg-12 grid-md-12 grid-12\"><span class=\"gutentor-single-item gutentor-single-item-0\"><span class=\"gutentor-list-item-wrap g-s-list-wrap\"><span class=\"gutentor-single-list-item-icon\"><i class=\"list-item-icon fas fa-envelope\"><\/i><\/span><span class=\"gutentor-list-item\"><p class=\"gutentor-single-item-title\">Contacto: <em>biblioteca@esmuc.cat<\/em><\/p><\/span><\/span><\/span><\/li><\/ul><\/div>\n<\/div>\n<\/div>\n","protected":false},"excerpt":{"rendered":"<p>Tienda ESMUC<\/p>\n","protected":false},"author":4,"featured_media":0,"parent":50528,"menu_order":0,"comment_status":"closed","ping_status":"closed","template":"","meta":{"_acf_changed":false,"_themeisle_gutenberg_block_has_review":false,"footnotes":""},"categories":[1076],"tags":[],"class_list":["post-34334","page","type-page","status-publish","hentry","category-comunicacion"],"acf":[],"publishpress_future_action":{"enabled":false,"date":"2026-04-14 01:09:22","action":"change-status","newStatus":"draft","terms":[],"taxonomy":"category","extraData":[]},"publishpress_future_workflow_manual_trigger":{"enabledWorkflows":[]},"_links":{"self":[{"href":"https:\/\/www.esmuc.cat\/es\/wp-json\/wp\/v2\/pages\/34334","targetHints":{"allow":["GET"]}}],"collection":[{"href":"https:\/\/www.esmuc.cat\/es\/wp-json\/wp\/v2\/pages"}],"about":[{"href":"https:\/\/www.esmuc.cat\/es\/wp-json\/wp\/v2\/types\/page"}],"author":[{"embeddable":true,"href":"https:\/\/www.esmuc.cat\/es\/wp-json\/wp\/v2\/users\/4"}],"replies":[{"embeddable":true,"href":"https:\/\/www.esmuc.cat\/es\/wp-json\/wp\/v2\/comments?post=34334"}],"version-history":[{"count":48,"href":"https:\/\/www.esmuc.cat\/es\/wp-json\/wp\/v2\/pages\/34334\/revisions"}],"predecessor-version":[{"id":111862,"href":"https:\/\/www.esmuc.cat\/es\/wp-json\/wp\/v2\/pages\/34334\/revisions\/111862"}],"up":[{"embeddable":true,"href":"https:\/\/www.esmuc.cat\/es\/wp-json\/wp\/v2\/pages\/50528"}],"wp:attachment":[{"href":"https:\/\/www.esmuc.cat\/es\/wp-json\/wp\/v2\/media?parent=34334"}],"wp:term":[{"taxonomy":"category","embeddable":true,"href":"https:\/\/www.esmuc.cat\/es\/wp-json\/wp\/v2\/categories?post=34334"},{"taxonomy":"post_tag","embeddable":true,"href":"https:\/\/www.esmuc.cat\/es\/wp-json\/wp\/v2\/tags?post=34334"}],"curies":[{"name":"wp","href":"https:\/\/api.w.org\/{rel}","templated":true}]}}