{"id":33591,"date":"2021-06-23T13:11:45","date_gmt":"2021-06-23T11:11:45","guid":{"rendered":"https:\/\/www.esmuc.cat\/sobre-lesmuc\/departaments\/creacio-i-teoria-musical\/"},"modified":"2025-08-06T14:07:26","modified_gmt":"2025-08-06T12:07:26","slug":"creacio-i-teoria-musical","status":"publish","type":"page","link":"https:\/\/www.esmuc.cat\/es\/escuela\/sobre-lesmuc\/departaments\/creacio-i-teoria-musical\/","title":{"rendered":"Creaci\u00f3n y Teor\u00eda Musical"},"content":{"rendered":"\n<div class=\"wp-block-columns is-layout-flex wp-container-core-columns-is-layout-9d6595d7 wp-block-columns-is-layout-flex\">\n<div class=\"wp-block-column esmuc__Menu_Masters is-layout-flow wp-block-column-is-layout-flow\" style=\"flex-basis:33.33%\">\n\n<\/div>\n\n\n\n<div class=\"wp-block-column is-layout-flow wp-block-column-is-layout-flow\" style=\"flex-basis:66.66%\"><div class=\"breadcrumbs align  wp-block-bcn-breadcrumb-trail has-text-color has-background\" vocab=\"https:\/\/schema.org\/\" typeof=\"BreadcrumbList\">\n\t<span><\/span>\n\t<span property=\"itemListElement\" typeof=\"ListItem\"><a property=\"item\" typeof=\"WebPage\" title=\"Ir a ESMUC.\" href=\"https:\/\/www.esmuc.cat\/es\/\" class=\"home\" ><span property=\"name\">ESMUC<\/span><\/a><meta property=\"position\" content=\"1\"><\/span> &gt; <span property=\"itemListElement\" typeof=\"ListItem\"><a property=\"item\" typeof=\"WebPage\" title=\"Ir a Escuela.\" href=\"https:\/\/www.esmuc.cat\/es\/escuela\/\" class=\"post post-page\" ><span property=\"name\">Escuela<\/span><\/a><meta property=\"position\" content=\"2\"><\/span> &gt; <span property=\"itemListElement\" typeof=\"ListItem\"><a property=\"item\" typeof=\"WebPage\" title=\"Ir a Sobre la ESMUC.\" href=\"https:\/\/www.esmuc.cat\/es\/escuela\/sobre-lesmuc\/\" class=\"post post-page\" ><span property=\"name\">Sobre la ESMUC<\/span><\/a><meta property=\"position\" content=\"3\"><\/span> &gt; <span property=\"itemListElement\" typeof=\"ListItem\"><a property=\"item\" typeof=\"WebPage\" title=\"Ir a Departamentos.\" href=\"https:\/\/www.esmuc.cat\/es\/escuela\/sobre-lesmuc\/departaments\/\" class=\"post post-page\" ><span property=\"name\">Departamentos<\/span><\/a><meta property=\"position\" content=\"4\"><\/span> &gt; <span property=\"itemListElement\" typeof=\"ListItem\"><span property=\"name\" class=\"post post-page current-item\">Creaci\u00f3n y Teor\u00eda Musical<\/span><meta property=\"url\" content=\"https:\/\/www.esmuc.cat\/es\/escuela\/sobre-lesmuc\/departaments\/creacio-i-teoria-musical\/\"><meta property=\"position\" content=\"5\"><\/span><\/div>\n\n\n\n<h1 class=\"wp-block-heading\" id=\"creacio-i-teoria-musical\">Creaci\u00f3n y Teor\u00eda Musical<\/h1>\n\n\n\n<div style=\"height:10px\" aria-hidden=\"true\" class=\"wp-block-spacer\"><\/div>\n\n\n<figure class=\"wp-block-post-featured-image\"><img decoding=\"async\" width=\"1289\" height=\"725\" src=\"https:\/\/www.esmuc.cat\/wp-content\/uploads\/2022\/10\/Disseny-Musica-Creacio-Web-1.jpg\" class=\"attachment-post-thumbnail size-post-thumbnail wp-post-image\" alt=\"Disseny M\u00fasica Creaci\u00f3 Web (1)\" style=\"object-fit:cover;\" srcset=\"https:\/\/www.esmuc.cat\/wp-content\/uploads\/2022\/10\/Disseny-Musica-Creacio-Web-1.jpg 1289w, https:\/\/www.esmuc.cat\/wp-content\/uploads\/2022\/10\/Disseny-Musica-Creacio-Web-1-300x169.jpg 300w, https:\/\/www.esmuc.cat\/wp-content\/uploads\/2022\/10\/Disseny-Musica-Creacio-Web-1-1024x576.jpg 1024w, https:\/\/www.esmuc.cat\/wp-content\/uploads\/2022\/10\/Disseny-Musica-Creacio-Web-1-768x432.jpg 768w\" sizes=\"(max-width: 1289px) 100vw, 1289px\" title=\"Disseny M\u00fasica Creaci\u00f3 Web (1)\" \/><\/figure>\n\n\n<div style=\"height:10px\" aria-hidden=\"true\" class=\"wp-block-spacer\"><\/div>\n\n\n\n<div id=\"section-gfda281\" class=\"wp-block-gutentor-e7 section-gfda281 gutentor-element gutentor-element-list\"><ul class=\"grid-row gutentor-grid-item-wrap list-indicator-icon\"><li class=\"gutentor-list-item grid-lg-12 grid-md-12 grid-12\"><span class=\"gutentor-single-item gutentor-single-item-0\"><span class=\"gutentor-list-item-wrap g-s-list-wrap\"><span class=\"gutentor-single-list-item-icon\"><i class=\"list-item-icon fas fa-envelope\"><\/i><\/span><span class=\"gutentor-list-item\"><p class=\"gutentor-single-item-title\">Contacto: <em>depcreacio.teoria@esmuc.cat<\/em><\/p><\/span><\/span><\/span><\/li><\/ul><\/div>\n\n\n\n<div id=\"section-g9ce58a\" class=\"wp-block-gutentor-e7 section-g9ce58a gutentor-element gutentor-element-list\"><ul class=\"grid-row gutentor-grid-item-wrap list-indicator-icon\"><li class=\"gutentor-list-item grid-lg-12 grid-md-12 grid-12\"><span class=\"gutentor-single-item gutentor-single-item-0\"><span class=\"gutentor-list-item-wrap g-s-list-wrap\"><span class=\"gutentor-single-list-item-icon\"><i class=\"list-item-icon fas fa-user\"><\/i><\/span><span class=\"gutentor-list-item\"><p class=\"gutentor-single-item-title\"><strong>Jefes de departamento<\/strong>: <a href=\"https:\/\/www.esmuc.cat\/es\/professorat\/josep-margarit\/\" target=\"_blank\" rel=\"noreferrer noopener\">Josep Margarit<\/a> y <a href=\"https:\/\/www.esmuc.cat\/es\/professorat\/josep-rio-pareja\/\">Jos\u00e9 R\u00edo-Pareja<\/a><\/p><\/span><\/span><\/span><\/li><li class=\"gutentor-list-item grid-lg-12 grid-md-12 grid-12\"><span class=\"gutentor-single-item gutentor-single-item-1\"><span class=\"gutentor-list-item-wrap g-s-list-wrap\"><span class=\"gutentor-single-list-item-icon\"><i class=\"list-item-icon fas fa-user\"><\/i><\/span><span class=\"gutentor-list-item\"><p class=\"gutentor-single-item-title\"><strong>Gesti\u00f3n<\/strong>: Sonia Hunault<\/p><\/span><\/span><\/span><\/li><\/ul><\/div>\n\n\n\n<div style=\"height:10px\" aria-hidden=\"true\" class=\"wp-block-spacer\"><\/div>\n\n\n\n<section id=\"4b54f0\" class=\"section-4b54f0 gutentor-module gutentor-module-accordion\"><div class=\"grid-container\">\n<div id=\"6f0fe3\" class=\"wp-block-gutentor-m6-item section-6f0fe3 gutentor-module gutentor-module-accordion-item\"><div class=\"gutentor-module-accordion-panel g-a-panel-4b54f0\"><div class=\"gm-ah-4b54f0 gutentor-module-accordion-item-heading gutentor-module-icon-position-right\"><span class=\"gutentor-module-accordion-panel-handler\" role=\"button\"><span class=\"gutentor-module-accordion-panel-handler-label\">Qu\u00e9 m\u00e1steres promueve este departamento?<\/span><span class=\"gutentor-module-accordion-icon\"><i class=\"gm-aio-4b54f0 gutentor-module-accordion-icon-open fas fa-plus\"><\/i><i class=\"gm-aic-4b54f0 gutentor-module-accordion-icon-close fas fa-minus\"><\/i><\/span><\/span><\/div><div class=\"gm-ab-4b54f0 gutentor-module-accordion-body\">\n<div id=\"section-g584bdd\" class=\"wp-block-gutentor-e7 section-g584bdd gutentor-element gutentor-element-list\"><ul class=\"grid-row gutentor-grid-item-wrap list-indicator-icon\"><li class=\"gutentor-list-item grid-lg-12 grid-md-12 grid-12\"><span class=\"gutentor-single-item gutentor-single-item-0\"><span class=\"gutentor-list-item-wrap g-s-list-wrap\"><span class=\"gutentor-single-list-item-icon\"><i class=\"list-item-icon fas fa-user-graduate\"><\/i><\/span><span class=\"gutentor-list-item\"><p class=\"gutentor-single-item-title\"><a href=\"https:\/\/www.esmuc.cat\/es\/estudios\/masters-i-postgraus\/master-propi-de-composicio-amb-tecnologies\/\">M\u00e1ster de composici\u00f3n musical con tecnolog\u00edas<\/a><\/p><\/span><\/span><\/span><\/li><li class=\"gutentor-list-item grid-lg-12 grid-md-12 grid-12\"><span class=\"gutentor-single-item gutentor-single-item-1\"><span class=\"gutentor-list-item-wrap g-s-list-wrap\"><span class=\"gutentor-single-list-item-icon\"><i class=\"list-item-icon fas fa-user-graduate\"><\/i><\/span><span class=\"gutentor-list-item\"><p class=\"gutentor-single-item-title\"><a href=\"https:\/\/www.esmuc.cat\/es\/estudios\/masters-i-postgraus\/master-propi-de-composicio-de-bandes-sonores-i-musica-per-a-mitjans-audiovisuals\/\">M\u00e1ster de composici\u00f3n de bandas sonoras y m\u00fasica para medios audiovisuales<\/a><\/p><\/span><\/span><\/span><\/li><\/ul><\/div>\n<\/div><\/div><\/div>\n<\/div><\/section>\n<\/div>\n<\/div>\n","protected":false},"excerpt":{"rendered":"<p>Creaci\u00f3n y Teor\u00eda Musical<\/p>\n","protected":false},"author":4,"featured_media":64191,"parent":33555,"menu_order":0,"comment_status":"closed","ping_status":"closed","template":"","meta":{"_acf_changed":false,"_themeisle_gutenberg_block_has_review":false,"footnotes":""},"categories":[1251],"tags":[1168,1628,1171],"class_list":["post-33591","page","type-page","status-publish","has-post-thumbnail","hentry","category-departament-de-creacio-i-teoria-musical-es","tag-composicio-es","tag-departamentos","tag-estudis-es"],"acf":[],"publishpress_future_action":{"enabled":false,"date":"2026-04-16 14:31:21","action":"change-status","newStatus":"draft","terms":[],"taxonomy":"category","extraData":[]},"publishpress_future_workflow_manual_trigger":{"enabledWorkflows":[]},"_links":{"self":[{"href":"https:\/\/www.esmuc.cat\/es\/wp-json\/wp\/v2\/pages\/33591","targetHints":{"allow":["GET"]}}],"collection":[{"href":"https:\/\/www.esmuc.cat\/es\/wp-json\/wp\/v2\/pages"}],"about":[{"href":"https:\/\/www.esmuc.cat\/es\/wp-json\/wp\/v2\/types\/page"}],"author":[{"embeddable":true,"href":"https:\/\/www.esmuc.cat\/es\/wp-json\/wp\/v2\/users\/4"}],"replies":[{"embeddable":true,"href":"https:\/\/www.esmuc.cat\/es\/wp-json\/wp\/v2\/comments?post=33591"}],"version-history":[{"count":12,"href":"https:\/\/www.esmuc.cat\/es\/wp-json\/wp\/v2\/pages\/33591\/revisions"}],"predecessor-version":[{"id":111235,"href":"https:\/\/www.esmuc.cat\/es\/wp-json\/wp\/v2\/pages\/33591\/revisions\/111235"}],"up":[{"embeddable":true,"href":"https:\/\/www.esmuc.cat\/es\/wp-json\/wp\/v2\/pages\/33555"}],"wp:featuredmedia":[{"embeddable":true,"href":"https:\/\/www.esmuc.cat\/es\/wp-json\/wp\/v2\/media\/64191"}],"wp:attachment":[{"href":"https:\/\/www.esmuc.cat\/es\/wp-json\/wp\/v2\/media?parent=33591"}],"wp:term":[{"taxonomy":"category","embeddable":true,"href":"https:\/\/www.esmuc.cat\/es\/wp-json\/wp\/v2\/categories?post=33591"},{"taxonomy":"post_tag","embeddable":true,"href":"https:\/\/www.esmuc.cat\/es\/wp-json\/wp\/v2\/tags?post=33591"}],"curies":[{"name":"wp","href":"https:\/\/api.w.org\/{rel}","templated":true}]}}