{"id":33580,"date":"2021-06-23T12:43:39","date_gmt":"2021-06-23T10:43:39","guid":{"rendered":"https:\/\/www.esmuc.cat\/sobre-lesmuc\/departaments\/classica-i-contemporania\/"},"modified":"2025-09-08T11:53:04","modified_gmt":"2025-09-08T09:53:04","slug":"classica-i-contemporania","status":"publish","type":"page","link":"https:\/\/www.esmuc.cat\/es\/escuela\/sobre-lesmuc\/departaments\/classica-i-contemporania\/","title":{"rendered":"Cl\u00e1sica y Contempor\u00e1nea"},"content":{"rendered":"\n<div class=\"wp-block-columns is-layout-flex wp-container-core-columns-is-layout-9d6595d7 wp-block-columns-is-layout-flex\">\n<div class=\"wp-block-column esmuc__Menu_Masters is-layout-flow wp-block-column-is-layout-flow\" style=\"flex-basis:33.33%\">\n\n<\/div>\n\n\n\n<div class=\"wp-block-column is-layout-flow wp-block-column-is-layout-flow\" style=\"flex-basis:66.66%\"><div class=\"breadcrumbs align  wp-block-bcn-breadcrumb-trail has-text-color has-background\" vocab=\"https:\/\/schema.org\/\" typeof=\"BreadcrumbList\">\n\t<span><\/span>\n\t<span property=\"itemListElement\" typeof=\"ListItem\"><a property=\"item\" typeof=\"WebPage\" title=\"Ir a ESMUC.\" href=\"https:\/\/www.esmuc.cat\/es\/\" class=\"home\" ><span property=\"name\">ESMUC<\/span><\/a><meta property=\"position\" content=\"1\"><\/span> &gt; <span property=\"itemListElement\" typeof=\"ListItem\"><a property=\"item\" typeof=\"WebPage\" title=\"Ir a Escuela.\" href=\"https:\/\/www.esmuc.cat\/es\/escuela\/\" class=\"post post-page\" ><span property=\"name\">Escuela<\/span><\/a><meta property=\"position\" content=\"2\"><\/span> &gt; <span property=\"itemListElement\" typeof=\"ListItem\"><a property=\"item\" typeof=\"WebPage\" title=\"Ir a Sobre la ESMUC.\" href=\"https:\/\/www.esmuc.cat\/es\/escuela\/sobre-lesmuc\/\" class=\"post post-page\" ><span property=\"name\">Sobre la ESMUC<\/span><\/a><meta property=\"position\" content=\"3\"><\/span> &gt; <span property=\"itemListElement\" typeof=\"ListItem\"><a property=\"item\" typeof=\"WebPage\" title=\"Ir a Departamentos.\" href=\"https:\/\/www.esmuc.cat\/es\/escuela\/sobre-lesmuc\/departaments\/\" class=\"post post-page\" ><span property=\"name\">Departamentos<\/span><\/a><meta property=\"position\" content=\"4\"><\/span> &gt; <span property=\"itemListElement\" typeof=\"ListItem\"><span property=\"name\" class=\"post post-page current-item\">Cl\u00e1sica y Contempor\u00e1nea<\/span><meta property=\"url\" content=\"https:\/\/www.esmuc.cat\/es\/escuela\/sobre-lesmuc\/departaments\/classica-i-contemporania\/\"><meta property=\"position\" content=\"5\"><\/span><\/div>\n\n\n\n<h1 class=\"wp-block-heading\" id=\"classica-i-contemporania\">Cl\u00e1sica y Contempor\u00e1nea<\/h1>\n\n\n\n<div style=\"height:10px\" aria-hidden=\"true\" class=\"wp-block-spacer\"><\/div>\n\n\n<figure class=\"wp-block-post-featured-image\"><img decoding=\"async\" width=\"2560\" height=\"1440\" src=\"https:\/\/www.esmuc.cat\/wp-content\/uploads\/2022\/04\/contemporanea-izquierdo-ESMUC-scaled.jpg\" class=\"attachment-post-thumbnail size-post-thumbnail wp-post-image\" alt=\"contemporanea-izquierdo-ESMUC\" style=\"object-fit:cover;\" srcset=\"https:\/\/www.esmuc.cat\/wp-content\/uploads\/2022\/04\/contemporanea-izquierdo-ESMUC-scaled.jpg 2560w, https:\/\/www.esmuc.cat\/wp-content\/uploads\/2022\/04\/contemporanea-izquierdo-ESMUC-300x169.jpg 300w, https:\/\/www.esmuc.cat\/wp-content\/uploads\/2022\/04\/contemporanea-izquierdo-ESMUC-1024x576.jpg 1024w, https:\/\/www.esmuc.cat\/wp-content\/uploads\/2022\/04\/contemporanea-izquierdo-ESMUC-768x432.jpg 768w, https:\/\/www.esmuc.cat\/wp-content\/uploads\/2022\/04\/contemporanea-izquierdo-ESMUC-1536x864.jpg 1536w, https:\/\/www.esmuc.cat\/wp-content\/uploads\/2022\/04\/contemporanea-izquierdo-ESMUC-2048x1152.jpg 2048w\" sizes=\"(max-width: 2560px) 100vw, 2560px\" title=\"contemporanea-izquierdo-ESMUC\" \/><\/figure>\n\n\n<div style=\"height:10px\" aria-hidden=\"true\" class=\"wp-block-spacer\"><\/div>\n\n\n\n<div id=\"section-g5c475b\" class=\"wp-block-gutentor-e7 section-g5c475b gutentor-element gutentor-element-list\"><ul class=\"grid-row gutentor-grid-item-wrap list-indicator-icon\"><li class=\"gutentor-list-item grid-lg-12 grid-md-12 grid-12\"><span class=\"gutentor-single-item gutentor-single-item-0\"><span class=\"gutentor-list-item-wrap g-s-list-wrap\"><span class=\"gutentor-single-list-item-icon\"><i class=\"list-item-icon fas fa-envelope\"><\/i><\/span><span class=\"gutentor-list-item\"><p class=\"gutentor-single-item-title\">Contacto: <em>depclassic.contemp@esmuc.cat<\/em><\/p><\/span><\/span><\/span><\/li><\/ul><\/div>\n\n\n\n<div id=\"section-g2bf55c\" class=\"wp-block-gutentor-e7 section-g2bf55c gutentor-element gutentor-element-list\"><ul class=\"grid-row gutentor-grid-item-wrap list-indicator-icon\"><li class=\"gutentor-list-item grid-lg-12 grid-md-12 grid-12\"><span class=\"gutentor-single-item gutentor-single-item-0\"><span class=\"gutentor-list-item-wrap g-s-list-wrap\"><span class=\"gutentor-single-list-item-icon\"><i class=\"list-item-icon fas fa-user\"><\/i><\/span><span class=\"gutentor-list-item\"><p class=\"gutentor-single-item-title\"><strong>Jefe del departamento: <\/strong><a href=\"https:\/\/www.esmuc.cat\/es\/professorat\/pep-moliner\/\">Pep Moliner<\/a><br><em>jmoliner@esmuc.cat<\/em><\/p><\/span><\/span><\/span><\/li><li class=\"gutentor-list-item grid-lg-12 grid-md-12 grid-12\"><span class=\"gutentor-single-item gutentor-single-item-1\"><span class=\"gutentor-list-item-wrap g-s-list-wrap\"><span class=\"gutentor-single-list-item-icon\"><i class=\"list-item-icon fas fa-user\"><\/i><\/span><span class=\"gutentor-list-item\"><p class=\"gutentor-single-item-title\"><strong>Gesti\u00f3n: <\/strong>Asha Lal Trehan, Maria Franch<br><em>atrehan@esmuc.cat, mfranch@esmuc.cat<\/em><\/p><\/span><\/span><\/span><\/li><li class=\"gutentor-list-item grid-lg-12 grid-md-12 grid-12\"><span class=\"gutentor-single-item gutentor-single-item-2\"><span class=\"gutentor-list-item-wrap g-s-list-wrap\"><span class=\"gutentor-single-list-item-icon\"><i class=\"list-item-icon fas fa-user\"><\/i><\/span><span class=\"gutentor-list-item\"><p class=\"gutentor-single-item-title\"><strong>Coordinaci\u00f3n de piano: <\/strong><a href=\"https:\/\/www.esmuc.cat\/es\/professorat\/jordi-maso\/\">Jordi Mas\u00f3<\/a><br><em>jmaso@esmuc.cat<\/em><\/p><\/span><\/span><\/span><\/li><li class=\"gutentor-list-item grid-lg-12 grid-md-12 grid-12\"><span class=\"gutentor-single-item gutentor-single-item-3\"><span class=\"gutentor-list-item-wrap g-s-list-wrap\"><span class=\"gutentor-single-list-item-icon\"><i class=\"list-item-icon fas fa-user\"><\/i><\/span><span class=\"gutentor-list-item\"><p class=\"gutentor-single-item-title\"><strong>Coordinaci\u00f3n de canto: <\/strong><a href=\"https:\/\/www.esmuc.cat\/es\/professorat\/alan-branch\/\">Alan Branch<\/a><br><em>abranch@esmuc.cat<\/em><\/p><\/span><\/span><\/span><\/li><li class=\"gutentor-list-item grid-lg-12 grid-md-12 grid-12\"><span class=\"gutentor-single-item gutentor-single-item-4\"><span class=\"gutentor-list-item-wrap g-s-list-wrap\"><span class=\"gutentor-single-list-item-icon\"><i class=\"list-item-icon fas fa-user\"><\/i><\/span><span class=\"gutentor-list-item\"><p class=\"gutentor-single-item-title\"><strong>Coordinaci\u00f3n de percusi\u00f3n y Grandes Conjuntos: <\/strong><a href=\"https:\/\/www.esmuc.cat\/es\/professorat\/ramon-torramilans\/\">Ramon Torramilans<\/a><br><em>rtorramilans@esmuc.cat<\/em><\/p><\/span><\/span><\/span><\/li><li class=\"gutentor-list-item grid-lg-12 grid-md-12 grid-12\"><span class=\"gutentor-single-item gutentor-single-item-5\"><span class=\"gutentor-list-item-wrap g-s-list-wrap\"><span class=\"gutentor-single-list-item-icon\"><i class=\"list-item-icon fas fa-user\"><\/i><\/span><span class=\"gutentor-list-item\"><p class=\"gutentor-single-item-title\"><strong>Coordinaci\u00f3n de vientos: <\/strong><a href=\"https:\/\/www.esmuc.cat\/es\/professorat\/daniel-perpinan\/\">Daniel Perpi\u00f1\u00e1n<\/a><br><em>dperpinan@esmuc.cat<\/em><\/p><\/span><\/span><\/span><\/li><li class=\"gutentor-list-item grid-lg-12 grid-md-12 grid-12\"><span class=\"gutentor-single-item gutentor-single-item-6\"><span class=\"gutentor-list-item-wrap g-s-list-wrap\"><span class=\"gutentor-single-list-item-icon\"><i class=\"list-item-icon fas fa-user\"><\/i><\/span><span class=\"gutentor-list-item\"><p class=\"gutentor-single-item-title\"><strong>Coordinaci\u00f3n de orquestas: <\/strong><a href=\"https:\/\/www.esmuc.cat\/es\/professorat\/xavier-puig\/\">Xavier Puig<\/a><br><em>xpuig@esmuc.cat<\/em><\/p><\/span><\/span><\/span><\/li><li class=\"gutentor-list-item grid-lg-12 grid-md-12 grid-12\"><span class=\"gutentor-single-item gutentor-single-item-7\"><span class=\"gutentor-list-item-wrap g-s-list-wrap\"><span class=\"gutentor-single-list-item-icon\"><i class=\"list-item-icon fas fa-user\"><\/i><\/span><span class=\"gutentor-list-item\"><p class=\"gutentor-single-item-title\"><strong>Coordinaci\u00f3n de instrumentos de la Cobla:<\/strong> <a href=\"https:\/\/www.esmuc.cat\/es\/professorat\/pep-moliner\/\">Josep Moliner<\/a><br><em>jmoliner@esmuc.cat<\/em><\/p><\/span><\/span><\/span><\/li><li class=\"gutentor-list-item grid-lg-12 grid-md-12 grid-12\"><span class=\"gutentor-single-item gutentor-single-item-8\"><span class=\"gutentor-list-item-wrap g-s-list-wrap\"><span class=\"gutentor-single-list-item-icon\"><i class=\"list-item-icon fas fa-user\"><\/i><\/span><span class=\"gutentor-list-item\"><p class=\"gutentor-single-item-title\"><strong>Coordinaci\u00f3n de c\u00e1mara y conjuntos instrumentales: <\/strong><a href=\"https:\/\/www.esmuc.cat\/es\/professorat\/enric-aragones-jove\/\">Enric Aragon\u00e8s<\/a><br>cambres@esmuc.cat<\/p><\/span><\/span><\/span><\/li><\/ul><\/div>\n\n\n\n<div style=\"height:10px\" aria-hidden=\"true\" class=\"wp-block-spacer\"><\/div>\n\n\n\n<section id=\"849569\" class=\"section-849569 gutentor-module gutentor-module-accordion\"><div class=\"grid-container\">\n<div id=\"64d15e\" class=\"wp-block-gutentor-m6-item section-64d15e gutentor-module gutentor-module-accordion-item\"><div class=\"gutentor-module-accordion-panel g-a-panel-849569\"><div class=\"gm-ah-849569 gutentor-module-accordion-item-heading gutentor-module-icon-position-right\"><span class=\"gutentor-module-accordion-panel-handler\" role=\"button\"><span class=\"gutentor-module-accordion-panel-handler-label\">\u00bfQu\u00e9 m\u00e1steres promueve este departamento?<\/span><span class=\"gutentor-module-accordion-icon\"><i class=\"gm-aio-849569 gutentor-module-accordion-icon-open fas fa-plus\"><\/i><i class=\"gm-aic-849569 gutentor-module-accordion-icon-close fas fa-minus\"><\/i><\/span><\/span><\/div><div class=\"gm-ab-849569 gutentor-module-accordion-body\">\n<div id=\"section-gc9ef9a\" class=\"wp-block-gutentor-e7 section-gc9ef9a gutentor-element gutentor-element-list\"><ul class=\"grid-row gutentor-grid-item-wrap list-indicator-icon\"><li class=\"gutentor-list-item grid-lg-12 grid-md-12 grid-12\"><span class=\"gutentor-single-item gutentor-single-item-0\"><span class=\"gutentor-list-item-wrap g-s-list-wrap\"><span class=\"gutentor-single-list-item-icon\"><i class=\"list-item-icon fas fa-user-graduate\"><\/i><\/span><span class=\"gutentor-list-item\"><p class=\"gutentor-single-item-title\"><a href=\"https:\/\/www.esmuc.cat\/es\/estudios\/masters-i-postgraus\/master-oficial-dinterpretacio-de-la-musica-classica-i-contemporania\/\">M\u00e1ster oficial de interpretaci\u00f3n de la m\u00fasica cl\u00e1sica y contempor\u00e1nea<\/a><\/p><\/span><\/span><\/span><\/li><li class=\"gutentor-list-item grid-lg-12 grid-md-12 grid-12\"><span class=\"gutentor-single-item gutentor-single-item-1\"><span class=\"gutentor-list-item-wrap g-s-list-wrap\"><span class=\"gutentor-single-list-item-icon\"><i class=\"list-item-icon fas fa-user-graduate\"><\/i><\/span><span class=\"gutentor-list-item\"><p class=\"gutentor-single-item-title\"><a href=\"https:\/\/www.esmuc.cat\/es\/estudios\/masters-i-postgraus\/master-oficial-de-lied-victoria-de-los-angeles\/\">M\u00e1ster oficial de Lied \u201cVictoria de los \u00c1ngeles\u201d<\/a><\/p><\/span><\/span><\/span><\/li><\/ul><\/div>\n<\/div><\/div><\/div>\n<\/div><\/section>\n<\/div>\n<\/div>\n","protected":false},"excerpt":{"rendered":"<p>Cl\u00e1sica y Contempor\u00e1nea<\/p>\n","protected":false},"author":4,"featured_media":38165,"parent":33555,"menu_order":0,"comment_status":"closed","ping_status":"closed","template":"","meta":{"_acf_changed":false,"_themeisle_gutenberg_block_has_review":false,"footnotes":""},"categories":[1248],"tags":[1628,1171],"class_list":["post-33580","page","type-page","status-publish","has-post-thumbnail","hentry","category-departament-de-musica-classica-i-contemporania-es","tag-departamentos","tag-estudis-es"],"acf":[],"publishpress_future_action":{"enabled":false,"date":"2026-04-12 17:49:01","action":"change-status","newStatus":"draft","terms":[],"taxonomy":"category","extraData":[]},"publishpress_future_workflow_manual_trigger":{"enabledWorkflows":[]},"_links":{"self":[{"href":"https:\/\/www.esmuc.cat\/es\/wp-json\/wp\/v2\/pages\/33580","targetHints":{"allow":["GET"]}}],"collection":[{"href":"https:\/\/www.esmuc.cat\/es\/wp-json\/wp\/v2\/pages"}],"about":[{"href":"https:\/\/www.esmuc.cat\/es\/wp-json\/wp\/v2\/types\/page"}],"author":[{"embeddable":true,"href":"https:\/\/www.esmuc.cat\/es\/wp-json\/wp\/v2\/users\/4"}],"replies":[{"embeddable":true,"href":"https:\/\/www.esmuc.cat\/es\/wp-json\/wp\/v2\/comments?post=33580"}],"version-history":[{"count":25,"href":"https:\/\/www.esmuc.cat\/es\/wp-json\/wp\/v2\/pages\/33580\/revisions"}],"predecessor-version":[{"id":111926,"href":"https:\/\/www.esmuc.cat\/es\/wp-json\/wp\/v2\/pages\/33580\/revisions\/111926"}],"up":[{"embeddable":true,"href":"https:\/\/www.esmuc.cat\/es\/wp-json\/wp\/v2\/pages\/33555"}],"wp:featuredmedia":[{"embeddable":true,"href":"https:\/\/www.esmuc.cat\/es\/wp-json\/wp\/v2\/media\/38165"}],"wp:attachment":[{"href":"https:\/\/www.esmuc.cat\/es\/wp-json\/wp\/v2\/media?parent=33580"}],"wp:term":[{"taxonomy":"category","embeddable":true,"href":"https:\/\/www.esmuc.cat\/es\/wp-json\/wp\/v2\/categories?post=33580"},{"taxonomy":"post_tag","embeddable":true,"href":"https:\/\/www.esmuc.cat\/es\/wp-json\/wp\/v2\/tags?post=33580"}],"curies":[{"name":"wp","href":"https:\/\/api.w.org\/{rel}","templated":true}]}}