{"id":33557,"date":"2021-06-10T11:12:27","date_gmt":"2021-06-10T09:12:27","guid":{"rendered":"https:\/\/www.esmuc.cat\/sobre-lesmuc\/organitzacio\/administracio-i-serveis\/"},"modified":"2023-01-12T14:24:40","modified_gmt":"2023-01-12T13:24:40","slug":"administracio-i-serveis","status":"publish","type":"page","link":"https:\/\/www.esmuc.cat\/es\/escuela\/sobre-lesmuc\/organitzacio\/administracio-i-serveis\/","title":{"rendered":"Directorio de personal"},"content":{"rendered":"\n<div class=\"wp-block-columns is-layout-flex wp-container-core-columns-is-layout-9d6595d7 wp-block-columns-is-layout-flex\">\n<div class=\"wp-block-column is-layout-flow wp-block-column-is-layout-flow\" style=\"flex-basis:100%\"><div class=\"breadcrumbs align  wp-block-bcn-breadcrumb-trail has-text-color has-background\" vocab=\"https:\/\/schema.org\/\" typeof=\"BreadcrumbList\">\n\t<span><\/span>\n\t<span property=\"itemListElement\" typeof=\"ListItem\"><a property=\"item\" typeof=\"WebPage\" title=\"Ir a ESMUC.\" href=\"https:\/\/www.esmuc.cat\/es\/\" class=\"home\" ><span property=\"name\">ESMUC<\/span><\/a><meta property=\"position\" content=\"1\"><\/span> &gt; <span property=\"itemListElement\" typeof=\"ListItem\"><a property=\"item\" typeof=\"WebPage\" title=\"Ir a Escuela.\" href=\"https:\/\/www.esmuc.cat\/es\/escuela\/\" class=\"post post-page\" ><span property=\"name\">Escuela<\/span><\/a><meta property=\"position\" content=\"2\"><\/span> &gt; <span property=\"itemListElement\" typeof=\"ListItem\"><a property=\"item\" typeof=\"WebPage\" title=\"Ir a Sobre la ESMUC.\" href=\"https:\/\/www.esmuc.cat\/es\/escuela\/sobre-lesmuc\/\" class=\"post post-page\" ><span property=\"name\">Sobre la ESMUC<\/span><\/a><meta property=\"position\" content=\"3\"><\/span> &gt; <span property=\"itemListElement\" typeof=\"ListItem\"><a property=\"item\" typeof=\"WebPage\" title=\"Ir a Organizaci\u00f3n.\" href=\"https:\/\/www.esmuc.cat\/es\/escuela\/sobre-lesmuc\/organitzacio\/\" class=\"post post-page\" ><span property=\"name\">Organizaci\u00f3n<\/span><\/a><meta property=\"position\" content=\"4\"><\/span> &gt; <span property=\"itemListElement\" typeof=\"ListItem\"><span property=\"name\" class=\"post post-page current-item\">Directorio de personal<\/span><meta property=\"url\" content=\"https:\/\/www.esmuc.cat\/es\/escuela\/sobre-lesmuc\/organitzacio\/administracio-i-serveis\/\"><meta property=\"position\" content=\"5\"><\/span><\/div>\n\n\n\n<h1 class=\"wp-block-heading\" id=\"administracio-i-serveis\">Directorio de personal<\/h1>\n\n\n\n<div style=\"height:10px\" aria-hidden=\"true\" class=\"wp-block-spacer\"><\/div>\n\n\n\n<div id=\"section-g64e35a\" class=\"wp-block-gutentor-e0 section-g64e35a gutentor-element gutentor-element-advanced-text\"><div class=\"gutentor-text-wrap\"><p class=\"gutentor-text\"><strong>Tel\u00e9fono ESMUC (+34) 93.352.30.11<\/strong><\/p><\/div><\/div>\n\n\n\n<div style=\"height:10px\" aria-hidden=\"true\" class=\"wp-block-spacer\"><\/div>\n\n\n\n<table id=\"tablepress-427\" class=\"tablepress tablepress-id-427\">\n<thead>\n<tr class=\"row-1\">\n\t<th class=\"column-1\">Nombre<\/th><th class=\"column-2\">Ext\/Tel<\/th><th class=\"column-3\">\u00c1rea<\/th>\n<\/tr>\n<\/thead>\n<tbody class=\"row-striping row-hover\">\n<tr class=\"row-2\">\n\t<td class=\"column-1\">  Albert, Ricard\u00a0<br \/>\r\n  <\/td><td class=\"column-2\">#4182<\/td><td class=\"column-3\">Inform\u00e1tica y sistemas (Jefe)<br \/>\n<\/td>\n<\/tr>\n<tr class=\"row-3\">\n\t<td class=\"column-1\">  \u00c1lvarez, Antonio\u00a0<br \/>\r\n  <\/td><td class=\"column-2\">#4141<\/td><td class=\"column-3\">Servicios culturales y relaciones exteriores. Comunicaci\u00f3n<\/td>\n<\/tr>\n<tr class=\"row-4\">\n\t<td class=\"column-1\">  Arango, Ana Mar\u00eda\u00a0<br \/>\r\n  <\/td><td class=\"column-2\">#4140<\/td><td class=\"column-3\">Servicios culturales y relaciones exteriores. Biblioteca-CRAI<\/td>\n<\/tr>\n<tr class=\"row-5\">\n\t<td class=\"column-1\">Bas, Helena<\/td><td class=\"column-2\">#4146<\/td><td class=\"column-3\">Oficina Gesti\u00f3n Acad\u00e9mica<\/td>\n<\/tr>\n<tr class=\"row-6\">\n\t<td class=\"column-1\">Bayo, M\u00f2nica\u00a0<br \/>\r\n  <\/td><td class=\"column-2\">#4171<\/td><td class=\"column-3\">Gesti\u00f3n de recursos humanos (Jefa)<\/td>\n<\/tr>\n<tr class=\"row-7\">\n\t<td class=\"column-1\">Bes, Ruben<br \/>\r\n  <\/td><td class=\"column-2\">#4157<\/td><td class=\"column-3\">Departamento de Educaci\u00f3n y Mediaci\u00f3n Art\u00edstica (Jefe)<\/td>\n<\/tr>\n<tr class=\"row-8\">\n\t<td class=\"column-1\">Brandariz, Carmina<\/td><td class=\"column-2\">#4184<\/td><td class=\"column-3\">Servicios culturales y relaciones exteriores. Comunicaci\u00f3n<\/td>\n<\/tr>\n<tr class=\"row-9\">\n\t<td class=\"column-1\">Buxadera, Marta<br \/>\r\n  <\/td><td class=\"column-2\">#4169<\/td><td class=\"column-3\">Unidades de gesti\u00f3n departamentos<\/td>\n<\/tr>\n<tr class=\"row-10\">\n\t<td class=\"column-1\">C\u00e1mara, Sixto\u00a0<br \/>\r\n  <\/td><td class=\"column-2\">#4186<\/td><td class=\"column-3\">Audiovisuales<br \/>\n  <\/td>\n<\/tr>\n<tr class=\"row-11\">\n\t<td class=\"column-1\">Castellvell, Laia<\/td><td class=\"column-2\">#4166<\/td><td class=\"column-3\">Servicios culturales y relaciones exteriores. Biblioteca-CRAI<\/td>\n<\/tr>\n<tr class=\"row-12\">\n\t<td class=\"column-1\">Coll, Llu\u00eds<br \/>\r\n  <\/td><td class=\"column-2\">#4190<\/td><td class=\"column-3\">Departamento M\u00fasica Antigua (Jefe)<\/td>\n<\/tr>\n<tr class=\"row-13\">\n\t<td class=\"column-1\">Cortacans, Jaume\u00a0<br \/>\r\n  <\/td><td class=\"column-2\">#4160<\/td><td class=\"column-3\">Producci\u00f3n (Jefe)<\/td>\n<\/tr>\n<tr class=\"row-14\">\n\t<td class=\"column-1\">Del Fresno, Gemma<br \/>\r\n  <\/td><td class=\"column-2\">#4153<\/td><td class=\"column-3\">Gesti\u00f3n Log\u00edstica. Atenci\u00f3n Externa<br \/>\n<\/td>\n<\/tr>\n<tr class=\"row-15\">\n\t<td class=\"column-1\">Fargas, Joan<\/td><td class=\"column-2\">#4158<\/td><td class=\"column-3\">Departamento de Gesti\u00f3n de la M\u00fasica (Jefe)<br \/>\n<\/td>\n<\/tr>\n<tr class=\"row-16\">\n\t<td class=\"column-1\">Feria, Paqui<br \/>\r\n  <\/td><td class=\"column-2\">#4176<\/td><td class=\"column-3\">Producci\u00f3n<br \/>\n  <\/td>\n<\/tr>\n<tr class=\"row-17\">\n\t<td class=\"column-1\">Figueres, Eduard<\/td><td class=\"column-2\">#4137<\/td><td class=\"column-3\">Audiovisuales<\/td>\n<\/tr>\n<tr class=\"row-18\">\n\t<td class=\"column-1\">Flotats, Toni<\/td><td class=\"column-2\"><\/td><td class=\"column-3\">Gesti\u00f3n Log\u00edstica (Jefe)<\/td>\n<\/tr>\n<tr class=\"row-19\">\n\t<td class=\"column-1\">Font, Gerard<\/td><td class=\"column-2\">#4138<\/td><td class=\"column-3\">Departamento de Tecnolog\u00edas de la M\u00fasica (Jefe)<br \/>\n<\/td>\n<\/tr>\n<tr class=\"row-20\">\n\t<td class=\"column-1\">Garcia, Adri\u00e0<br \/>\r\n  <\/td><td class=\"column-2\">#4137<\/td><td class=\"column-3\">Audiovisuales (Jefe)<\/td>\n<\/tr>\n<tr class=\"row-21\">\n\t<td class=\"column-1\">Garcia, Denis\u00a0<br \/>\r\n  <\/td><td class=\"column-2\">#4148<\/td><td class=\"column-3\">Gesti\u00f3n Econ\u00f3mica<br \/>\n  <\/td>\n<\/tr>\n<tr class=\"row-22\">\n\t<td class=\"column-1\">Garcia, Gisela\u00a0<br \/>\r\n  <\/td><td class=\"column-2\">#4155<\/td><td class=\"column-3\">Gesti\u00f3n de Recursos Humanos<br \/>\n<\/td>\n<\/tr>\n<tr class=\"row-23\">\n\t<td class=\"column-1\">Garcia, Javier\u00a0<br \/>\r\n  <\/td><td class=\"column-2\">#4194<\/td><td class=\"column-3\">Gesti\u00f3n de Recursos Humanos<\/td>\n<\/tr>\n<tr class=\"row-24\">\n\t<td class=\"column-1\">Gasc\u00f3n, Gemma\u00a0<br \/>\r\n  <\/td><td class=\"column-2\">#4154<\/td><td class=\"column-3\">Mobilidad<\/td>\n<\/tr>\n<tr class=\"row-25\">\n\t<td class=\"column-1\"> G\u00f3mez, Ignasi<br \/>\r\n  <\/td><td class=\"column-2\">#4164<\/td><td class=\"column-3\">Secretario Acad\u00e9mico<\/td>\n<\/tr>\n<tr class=\"row-26\">\n\t<td class=\"column-1\">Gonz\u00e1lez, Jos\u00e9 \u00c1ngel<\/td><td class=\"column-2\">#4179<\/td><td class=\"column-3\">Gesti\u00f3n de Recursos Humanos<\/td>\n<\/tr>\n<tr class=\"row-27\">\n\t<td class=\"column-1\">Gut\u00e9s, Elisenda<\/td><td class=\"column-2\">#4151<\/td><td class=\"column-3\">Direcci\u00f3n General. Asistente Direcci\u00f3n<\/td>\n<\/tr>\n<tr class=\"row-28\">\n\t<td class=\"column-1\">Heilbron, Marc<br \/>\r\n  <\/td><td class=\"column-2\">#4192<\/td><td class=\"column-3\">Departamento de Estudios Culturales y Musicales (Jefe)<\/td>\n<\/tr>\n<tr class=\"row-29\">\n\t<td class=\"column-1\">Hunault, Sonia<br \/>\r\n  <\/td><td class=\"column-2\">#4187<\/td><td class=\"column-3\">Unidades de gesti\u00f3n departamentos  <\/td>\n<\/tr>\n<tr class=\"row-30\">\n\t<td class=\"column-1\">Ibars, \u00d2scar\u00a0<br \/>\r\n  <\/td><td class=\"column-2\">#4174<\/td><td class=\"column-3\">Gesti\u00f3n Log\u00edstica. Parque Instrumentos<\/td>\n<\/tr>\n<tr class=\"row-31\">\n\t<td class=\"column-1\">Jim\u00e9nez, Clara\u00a0<br \/>\r\n  <\/td><td class=\"column-2\">#4145<\/td><td class=\"column-3\">Gesti\u00f3n Econ\u00f3mica<br \/>\n<\/td>\n<\/tr>\n<tr class=\"row-32\">\n\t<td class=\"column-1\">Laforet, Gloria\u00a0<br \/>\r\n  <\/td><td class=\"column-2\">#4191<\/td><td class=\"column-3\">Gesti\u00f3n Log\u00edstica. Atenci\u00f3n Externa  <\/td>\n<\/tr>\n<tr class=\"row-33\">\n\t<td class=\"column-1\">Le\u00f3n, Esteve<br \/>\r\n  <\/td><td class=\"column-2\">#4183<\/td><td class=\"column-3\">Subdirecci\u00f3n General de Administraci\u00f3n y Servicios<\/td>\n<\/tr>\n<tr class=\"row-34\">\n\t<td class=\"column-1\">Martinsen, Tuovi<\/td><td class=\"column-2\">#4202<\/td><td class=\"column-3\">Relaciones Internacionales (Jefa)<\/td>\n<\/tr>\n<tr class=\"row-35\">\n\t<td class=\"column-1\">Marfany, Roser\u00a0<br \/>\r\n  <\/td><td class=\"column-2\">#4185<\/td><td class=\"column-3\">Servicios culturales y relaciones exteriores. Biblioteca-CRAI<\/td>\n<\/tr>\n<tr class=\"row-36\">\n\t<td class=\"column-1\">Marin\u00e9, Elisabet<\/td><td class=\"column-2\">#4150<\/td><td class=\"column-3\">Gesti\u00f3n Econ\u00f3mica (Jefa)<\/td>\n<\/tr>\n<tr class=\"row-37\">\n\t<td class=\"column-1\">Mercadal, Melissa<br \/>\r\n  <\/td><td class=\"column-2\">#4170<\/td><td class=\"column-3\">Subdirecci\u00f3n General de Planificaci\u00f3n y Ordenaci\u00f3n Acad\u00e9mica<\/td>\n<\/tr>\n<tr class=\"row-38\">\n\t<td class=\"column-1\">Miras, Soraya\u00a0<br \/>\r\n  <\/td><td class=\"column-2\">#4188<\/td><td class=\"column-3\">Gesti\u00f3n Log\u00edstica. Atenci\u00f3n Interna<\/td>\n<\/tr>\n<tr class=\"row-39\">\n\t<td class=\"column-1\">Moliner, Pep<br \/>\r\n  <\/td><td class=\"column-2\">#4135<\/td><td class=\"column-3\">Departamento de Cl\u00e1sica y Contempor\u00e1nea (Jefe)<\/td>\n<\/tr>\n<tr class=\"row-40\">\n\t<td class=\"column-1\">Montll\u00f3, Laia<\/td><td class=\"column-2\">#4144<\/td><td class=\"column-3\">Servicios culturales y relaciones exteriores. Biblioteca-CRAI<\/td>\n<\/tr>\n<tr class=\"row-41\">\n\t<td class=\"column-1\">Munuera, Cl\u00e0udia<\/td><td class=\"column-2\">#4137<\/td><td class=\"column-3\">Audiovisuales<\/td>\n<\/tr>\n<tr class=\"row-42\">\n\t<td class=\"column-1\">Banegas, Daniel<\/td><td class=\"column-2\">#4156<\/td><td class=\"column-3\">Servicios culturales y relaciones exteriores. Biblioteca-CRAI<\/td>\n<\/tr>\n<tr class=\"row-43\">\n\t<td class=\"column-1\">Pancorbo, Joan<\/td><td class=\"column-2\">#4160<\/td><td class=\"column-3\">Producci\u00f3n<\/td>\n<\/tr>\n<tr class=\"row-44\">\n\t<td class=\"column-1\">Piquer, Susanna<\/td><td class=\"column-2\">#4154<\/td><td class=\"column-3\">Alianza IN.TUNE<\/td>\n<\/tr>\n<tr class=\"row-45\">\n\t<td class=\"column-1\">Ponce, Alejandro<br \/>\r\n  <\/td><td class=\"column-2\">#4199<\/td><td class=\"column-3\">Coordinaci\u00f3n Oficina Gesti\u00f3n Acad\u00e9mica<\/td>\n<\/tr>\n<tr class=\"row-46\">\n\t<td class=\"column-1\">Pozo, Inma<\/td><td class=\"column-2\">#4159<\/td><td class=\"column-3\">Oficina Gesti\u00f3n Acad\u00e9mica<br \/>\n<\/td>\n<\/tr>\n<tr class=\"row-47\">\n\t<td class=\"column-1\">Rabaseda, Joaquim<br \/>\r\n  <\/td><td class=\"column-2\">#4163<\/td><td class=\"column-3\">Investigaci\u00f3n, Calidad e innovaci\u00f3n (Jefe)<\/td>\n<\/tr>\n<tr class=\"row-48\">\n\t<td class=\"column-1\">Resina, Eduard\u00a0<br \/>\r\n  <\/td><td class=\"column-2\">#4149<\/td><td class=\"column-3\">Coordinaci\u00f3n Departamentos Creaci\u00f3n y Pensamiento Musical y Jefe de Departamento de Creaci\u00f3n y Teor\u00eda Musical<\/td>\n<\/tr>\n<tr class=\"row-49\">\n\t<td class=\"column-1\">Rodr\u00edguez, Josep<\/td><td class=\"column-2\">#4181<\/td><td class=\"column-3\">Inform\u00e1tica y sistemas<br \/>\n<\/td>\n<\/tr>\n<tr class=\"row-50\">\n\t<td class=\"column-1\">Roig, \u00d2scar\u00a0<br \/>\r\n  <\/td><td class=\"column-2\">#4175<\/td><td class=\"column-3\">Gesti\u00f3n Log\u00edstica. Atenci\u00f3n Interna<br \/>\n<\/td>\n<\/tr>\n<tr class=\"row-51\">\n\t<td class=\"column-1\">Rubio, Juan Jos\u00e9<br \/>\r\n  <\/td><td class=\"column-2\">#4165<\/td><td class=\"column-3\">Unidades de gesti\u00f3n departamentos<br \/>\n  <\/td>\n<\/tr>\n<tr class=\"row-52\">\n\t<td class=\"column-1\">Ruiz, Pedro<br \/>\r\n  <\/td><td class=\"column-2\">#4178<\/td><td class=\"column-3\">Gesti\u00f3n Log\u00edstica. Mantenimiento<br \/>\n<\/td>\n<\/tr>\n<tr class=\"row-53\">\n\t<td class=\"column-1\">S\u00e1nchez, Cristina<\/td><td class=\"column-2\">#4189<\/td><td class=\"column-3\">Gesti\u00f3n Log\u00edstica. Espacios<\/td>\n<\/tr>\n<tr class=\"row-54\">\n\t<td class=\"column-1\">S\u00e1nchez, Estefania\u00a0<br \/>\r\n  <\/td><td class=\"column-2\">#4152<\/td><td class=\"column-3\">Oficina Gesti\u00f3n Acad\u00e9mica<br \/>\n<\/td>\n<\/tr>\n<tr class=\"row-55\">\n\t<td class=\"column-1\">Sanmart\u00ed, Joan<br \/>\r\n  <\/td><td class=\"column-2\">#4162<\/td><td class=\"column-3\">Departamento Jazz, Flamenco, M\u00fasica Moderna y de Ra\u00edz (Jefe)<\/td>\n<\/tr>\n<tr class=\"row-56\">\n\t<td class=\"column-1\">Sediles, Carme\u00a0<br \/>\r\n  <\/td><td class=\"column-2\">#4143<\/td><td class=\"column-3\">Oficina Gesti\u00f3n Acad\u00e9mica<br \/>\n<\/td>\n<\/tr>\n<tr class=\"row-57\">\n\t<td class=\"column-1\">Segarra, Adri\u00e0\u00a0<br \/>\r\n  <\/td><td class=\"column-2\">#4136<\/td><td class=\"column-3\">Producci\u00f3n<\/td>\n<\/tr>\n<tr class=\"row-58\">\n\t<td class=\"column-1\">Sempere, N\u00faria<br \/>\r\n  <\/td><td class=\"column-2\">#4173<\/td><td class=\"column-3\">Direcci\u00f3n General<\/td>\n<\/tr>\n<tr class=\"row-59\">\n\t<td class=\"column-1\">Serrano, Manel<\/td><td class=\"column-2\">#4177<\/td><td class=\"column-3\">Inform\u00e1tica y sistemas<br \/>\n<\/td>\n<\/tr>\n<tr class=\"row-60\">\n\t<td class=\"column-1\">Soto, Paula<\/td><td class=\"column-2\">#4176<\/td><td class=\"column-3\">Producci\u00f3n<\/td>\n<\/tr>\n<tr class=\"row-61\">\n\t<td class=\"column-1\">Tamarit, Rosa<\/td><td class=\"column-2\">-<\/td><td class=\"column-3\">Investigaci\u00f3n, Calidad e innovaci\u00f3n<br \/>\n<\/td>\n<\/tr>\n<tr class=\"row-62\">\n\t<td class=\"column-1\">Toll, Anna<\/td><td class=\"column-2\">#4139<\/td><td class=\"column-3\">Gesti\u00f3n Recursos Humanos<br \/>\n<\/td>\n<\/tr>\n<tr class=\"row-63\">\n\t<td class=\"column-1\">Trehan, Asha<br \/>\r\n  <\/td><td class=\"column-2\">#4142<\/td><td class=\"column-3\">Unidades de gesti\u00f3n departamentos<br \/>\n  <\/td>\n<\/tr>\n<tr class=\"row-64\">\n\t<td class=\"column-1\">Urp\u00ed, Montse\u00a0<br \/>\r\n  <\/td><td class=\"column-2\">#4172<\/td><td class=\"column-3\">Servicios culturales y relaciones exteriores (Jefa)<br \/>\n<\/td>\n<\/tr>\n<tr class=\"row-65\">\n\t<td class=\"column-1\">Ventura, Pau\u00a0<br \/>\r\n  <\/td><td class=\"column-2\">#4177<\/td><td class=\"column-3\">Inform\u00e1tica y sistemas<br \/>\n<\/td>\n<\/tr>\n<tr class=\"row-66\">\n\t<td class=\"column-1\">Vi\u00f1as, Enriqueta<\/td><td class=\"column-2\">#4167<\/td><td class=\"column-3\">Oficina Gesti\u00f3n Acad\u00e9mica<br \/>\n<\/td>\n<\/tr>\n<tr class=\"row-67\">\n\t<td class=\"column-1\">Zhang, Zhen Bo<\/td><td class=\"column-2\">#4168<\/td><td class=\"column-3\">Unidades de gesti\u00f3n departamentos<br \/>\n<\/td>\n<\/tr>\n<\/tbody>\n<\/table>\n<!-- #tablepress-427 from cache -->\n<\/div>\n<\/div>\n","protected":false},"excerpt":{"rendered":"<p>Directorio de personal<\/p>\n","protected":false},"author":4,"featured_media":0,"parent":33518,"menu_order":0,"comment_status":"closed","ping_status":"closed","template":"","meta":{"_acf_changed":false,"_themeisle_gutenberg_block_has_review":false,"footnotes":""},"categories":[923],"tags":[],"class_list":["post-33557","page","type-page","status-publish","hentry","category-sobre-lesmuc-es"],"acf":[],"publishpress_future_action":{"enabled":false,"date":"2026-04-13 02:05:16","action":"change-status","newStatus":"draft","terms":[],"taxonomy":"category","extraData":[]},"publishpress_future_workflow_manual_trigger":{"enabledWorkflows":[]},"_links":{"self":[{"href":"https:\/\/www.esmuc.cat\/es\/wp-json\/wp\/v2\/pages\/33557","targetHints":{"allow":["GET"]}}],"collection":[{"href":"https:\/\/www.esmuc.cat\/es\/wp-json\/wp\/v2\/pages"}],"about":[{"href":"https:\/\/www.esmuc.cat\/es\/wp-json\/wp\/v2\/types\/page"}],"author":[{"embeddable":true,"href":"https:\/\/www.esmuc.cat\/es\/wp-json\/wp\/v2\/users\/4"}],"replies":[{"embeddable":true,"href":"https:\/\/www.esmuc.cat\/es\/wp-json\/wp\/v2\/comments?post=33557"}],"version-history":[{"count":9,"href":"https:\/\/www.esmuc.cat\/es\/wp-json\/wp\/v2\/pages\/33557\/revisions"}],"predecessor-version":[{"id":70941,"href":"https:\/\/www.esmuc.cat\/es\/wp-json\/wp\/v2\/pages\/33557\/revisions\/70941"}],"up":[{"embeddable":true,"href":"https:\/\/www.esmuc.cat\/es\/wp-json\/wp\/v2\/pages\/33518"}],"wp:attachment":[{"href":"https:\/\/www.esmuc.cat\/es\/wp-json\/wp\/v2\/media?parent=33557"}],"wp:term":[{"taxonomy":"category","embeddable":true,"href":"https:\/\/www.esmuc.cat\/es\/wp-json\/wp\/v2\/categories?post=33557"},{"taxonomy":"post_tag","embeddable":true,"href":"https:\/\/www.esmuc.cat\/es\/wp-json\/wp\/v2\/tags?post=33557"}],"curies":[{"name":"wp","href":"https:\/\/api.w.org\/{rel}","templated":true}]}}