{"id":33555,"date":"2021-05-31T10:52:33","date_gmt":"2021-05-31T08:52:33","guid":{"rendered":"https:\/\/www.esmuc.cat\/sobre-lesmuc\/departaments\/"},"modified":"2025-08-07T12:10:30","modified_gmt":"2025-08-07T10:10:30","slug":"departaments","status":"publish","type":"page","link":"https:\/\/www.esmuc.cat\/es\/escuela\/sobre-lesmuc\/departaments\/","title":{"rendered":"Departamentos"},"content":{"rendered":"\n<div class=\"wp-block-columns is-layout-flex wp-container-core-columns-is-layout-9d6595d7 wp-block-columns-is-layout-flex\">\n<div class=\"wp-block-column esmuc__Menu_Masters is-layout-flow wp-block-column-is-layout-flow\" style=\"flex-basis:33.33%\">\n\n<\/div>\n\n\n\n<div class=\"wp-block-column is-layout-flow wp-block-column-is-layout-flow\" style=\"flex-basis:66.66%\"><div class=\"breadcrumbs align  wp-block-bcn-breadcrumb-trail has-text-color has-background\" vocab=\"https:\/\/schema.org\/\" typeof=\"BreadcrumbList\">\n\t<span><\/span>\n\t<span property=\"itemListElement\" typeof=\"ListItem\"><a property=\"item\" typeof=\"WebPage\" title=\"Ir a ESMUC.\" href=\"https:\/\/www.esmuc.cat\/es\/\" class=\"home\" ><span property=\"name\">ESMUC<\/span><\/a><meta property=\"position\" content=\"1\"><\/span> &gt; <span property=\"itemListElement\" typeof=\"ListItem\"><a property=\"item\" typeof=\"WebPage\" title=\"Ir a Escuela.\" href=\"https:\/\/www.esmuc.cat\/es\/escuela\/\" class=\"post post-page\" ><span property=\"name\">Escuela<\/span><\/a><meta property=\"position\" content=\"2\"><\/span> &gt; <span property=\"itemListElement\" typeof=\"ListItem\"><a property=\"item\" typeof=\"WebPage\" title=\"Ir a Sobre la ESMUC.\" href=\"https:\/\/www.esmuc.cat\/es\/escuela\/sobre-lesmuc\/\" class=\"post post-page\" ><span property=\"name\">Sobre la ESMUC<\/span><\/a><meta property=\"position\" content=\"3\"><\/span> &gt; <span property=\"itemListElement\" typeof=\"ListItem\"><span property=\"name\" class=\"post post-page current-item\">Departamentos<\/span><meta property=\"url\" content=\"https:\/\/www.esmuc.cat\/es\/escuela\/sobre-lesmuc\/departaments\/\"><meta property=\"position\" content=\"4\"><\/span><\/div>\n\n\n\n<h1 class=\"wp-block-heading\">Departamentos<\/h1>\n\n\n\n<div style=\"height:10px\" aria-hidden=\"true\" class=\"wp-block-spacer\"><\/div>\n\n\n\n<div id=\"section-gf07cd3\" class=\"wp-block-gutentor-e0 section-gf07cd3 gutentor-element gutentor-element-advanced-text\"><div class=\"gutentor-text-wrap\"><p class=\"gutentor-text\">La Escola Superior de M\u00fasica de Catalunya se organiza en departamentos, a los que estar\u00e1 adscrita la totalidad del profesorado. Los departamentos son los \u00f3rganos b\u00e1sicos de la docencia y la investigaci\u00f3n y llevan a cabo sus funciones en una o m\u00e1s \u00e1reas de conocimiento y especializaci\u00f3n musical.<\/p><\/div><\/div>\n\n\n\n<div style=\"height:10px\" aria-hidden=\"true\" class=\"wp-block-spacer\"><\/div>\n\n\n\n<article id=\"gmf7a15b0\" class=\"wp-block-gutentor-m2 section-gmf7a15b0 gutentor-module gutentor-dynamic-columns esmuc__presentation\"><div class=\"grid-container\"><div class=\"grid-row\">\n<div id=\"col-gm372a0d\" class=\"wp-block-gutentor-m2-col col-gm372a0d gutentor-module gutentor-dynamic-single-column grid-lg-12 grid-md-4 grid-12\"><div id=\"section-gm372a0d\" class=\"section-gm372a0d gutentor-single-col\">\n<article id=\"gm83582e4\" class=\"wp-block-gutentor-m3 section-gm83582e4 gutentor-module gutentor-container-cover has-image-bg has-custom-bg has-gutentor-overlay g-valign-c-mobile g-valign-c-tablet g-valign-c-desktop img-presentation\"><div class=\"grid-container\">\n<div id=\"section-gdd381e\" class=\"wp-block-gutentor-e1 section-gdd381e gutentor-element gutentor-element-advanced-text gutentor-width-enabled text-align-center-desktop text-align-center-tablet\"><div class=\"gutentor-text-wrap\"><h4 class=\"gutentor-text\"><a href=\"https:\/\/www.esmuc.cat\/es\/escuela\/sobre-lesmuc\/departaments\/classica-i-contemporania\/\">Cl\u00e1sica y Contempor\u00e1nea<\/a><\/h4><\/div><\/div>\n<\/div><\/article>\n<\/div><\/div>\n\n\n\n<div id=\"col-gm0f45c7\" class=\"wp-block-gutentor-m2-col col-gm0f45c7 gutentor-module gutentor-dynamic-single-column grid-lg-12 grid-md-4 grid-12\"><div id=\"section-gm0f45c7\" class=\"section-gm0f45c7 gutentor-single-col\">\n<article id=\"gm1f1c311\" class=\"wp-block-gutentor-m3 section-gm1f1c311 gutentor-module gutentor-container-cover has-image-bg has-custom-bg has-gutentor-overlay g-valign-c-mobile g-valign-c-tablet g-valign-c-desktop img-presentation\"><div class=\"grid-container\">\n<div id=\"section-g68cb48\" class=\"wp-block-gutentor-e1 section-g68cb48 gutentor-element gutentor-element-advanced-text gutentor-width-enabled text-align-center-desktop text-align-center-tablet text-align-center-mobile\"><div class=\"gutentor-text-wrap\"><h4 class=\"gutentor-text\"><a href=\"https:\/\/www.esmuc.cat\/es\/escuela\/sobre-lesmuc\/departaments\/jazz-flamenco-musica-moderna-i-darrel\/\">Jazz, Flamenco, M\u00fasica Moderna y Tradicional Catalana<\/a><\/h4><\/div><\/div>\n<\/div><\/article>\n<\/div><\/div>\n\n\n\n<div id=\"col-gm42181a\" class=\"wp-block-gutentor-m2-col col-gm42181a gutentor-module gutentor-dynamic-single-column grid-lg-12 grid-md-4 grid-12\"><div id=\"section-gm42181a\" class=\"section-gm42181a gutentor-single-col\">\n<article id=\"gm82a86ba\" class=\"wp-block-gutentor-m3 section-gm82a86ba gutentor-module gutentor-container-cover has-image-bg has-custom-bg has-gutentor-overlay g-valign-c-mobile g-valign-c-tablet g-valign-c-desktop img-presentation\"><div class=\"grid-container\">\n<div id=\"section-gbed792\" class=\"wp-block-gutentor-e1 section-gbed792 gutentor-element gutentor-element-advanced-text gutentor-width-enabled text-align-center-desktop text-align-center-tablet text-align-center-mobile\"><div class=\"gutentor-text-wrap\"><h4 class=\"gutentor-text\"><a href=\"https:\/\/www.esmuc.cat\/es\/escuela\/sobre-lesmuc\/departaments\/musica-antiga\/\">M\u00fasica Antigua<\/a><\/h4><\/div><\/div>\n<\/div><\/article>\n<\/div><\/div>\n\n\n\n<div id=\"col-gm2255ec\" class=\"wp-block-gutentor-m2-col col-gm2255ec gutentor-module gutentor-dynamic-single-column grid-lg-12 grid-md-4 grid-12\"><div id=\"section-gm2255ec\" class=\"section-gm2255ec gutentor-single-col\">\n<article id=\"gm4f2a122\" class=\"wp-block-gutentor-m3 section-gm4f2a122 gutentor-module gutentor-container-cover has-image-bg has-custom-bg has-gutentor-overlay g-valign-c-mobile g-valign-c-tablet g-valign-c-desktop img-presentation\"><div class=\"grid-container\">\n<div id=\"section-gcebff4\" class=\"wp-block-gutentor-e1 section-gcebff4 gutentor-element gutentor-element-advanced-text gutentor-width-enabled text-align-center-desktop text-align-center-tablet text-align-center-mobile\"><div class=\"gutentor-text-wrap\"><h4 class=\"gutentor-text\"><a href=\"https:\/\/www.esmuc.cat\/es\/escuela\/sobre-lesmuc\/departaments\/creacio-i-teoria-musical\/\">Creaci\u00f3n y Teor\u00eda Musical<\/a><\/h4><\/div><\/div>\n<\/div><\/article>\n<\/div><\/div>\n\n\n\n<div id=\"col-gmcdea92\" class=\"wp-block-gutentor-m2-col col-gmcdea92 gutentor-module gutentor-dynamic-single-column grid-lg-12 grid-md-4 grid-12\"><div id=\"section-gmcdea92\" class=\"section-gmcdea92 gutentor-single-col\">\n<article id=\"gm0e6c6e4\" class=\"wp-block-gutentor-m3 section-gm0e6c6e4 gutentor-module gutentor-container-cover has-image-bg has-custom-bg has-gutentor-overlay g-valign-c-mobile g-valign-c-tablet g-valign-c-desktop img-presentation\"><div class=\"grid-container\">\n<div id=\"section-g56d96e\" class=\"wp-block-gutentor-e1 section-g56d96e gutentor-element gutentor-element-advanced-text gutentor-width-enabled text-align-center-desktop text-align-center-tablet text-align-center-mobile\"><div class=\"gutentor-text-wrap\"><h4 class=\"gutentor-text\"><a href=\"https:\/\/www.esmuc.cat\/es\/escuela\/sobre-lesmuc\/departaments\/educacio-i-mediacio-artistica\/\">Educaci\u00f3n y Mediaci\u00f3n Art\u00edstica<\/a><\/h4><\/div><\/div>\n<\/div><\/article>\n<\/div><\/div>\n\n\n\n<div id=\"col-gm1f01c9\" class=\"wp-block-gutentor-m2-col col-gm1f01c9 gutentor-module gutentor-dynamic-single-column grid-lg-12 grid-md-4 grid-12\"><div id=\"section-gm1f01c9\" class=\"section-gm1f01c9 gutentor-single-col\">\n<article id=\"gmaafc430\" class=\"wp-block-gutentor-m3 section-gmaafc430 gutentor-module gutentor-container-cover has-image-bg has-custom-bg has-gutentor-overlay g-valign-c-mobile g-valign-c-tablet g-valign-c-desktop img-presentation\"><div class=\"grid-container\">\n<div id=\"section-gd8c188\" class=\"wp-block-gutentor-e1 section-gd8c188 gutentor-element gutentor-element-advanced-text gutentor-width-enabled text-align-center-desktop text-align-center-tablet text-align-center-mobile\"><div class=\"gutentor-text-wrap\"><h4 class=\"gutentor-text\"><a href=\"https:\/\/www.esmuc.cat\/es\/escuela\/sobre-lesmuc\/departaments\/gestio-de-la-musica\/\" target=\"_blank\" rel=\"noreferrer noopener\">Gesti\u00f3n de la M\u00fasica<\/a><\/h4><\/div><\/div>\n<\/div><\/article>\n<\/div><\/div>\n\n\n\n<div id=\"col-g-sx921sc\" class=\"wp-block-gutentor-m2-col col-g-sx921sc gutentor-module gutentor-dynamic-single-column grid-lg-12 grid-md-4 grid-12\"><div id=\"section-g-sx921sc\" class=\"section-g-sx921sc gutentor-single-col\">\n<article id=\"g-w4w7e1b\" class=\"wp-block-gutentor-m3 section-g-w4w7e1b gutentor-module gutentor-container-cover has-image-bg has-custom-bg has-gutentor-overlay g-valign-c-mobile g-valign-c-tablet g-valign-c-desktop img-presentation\"><div class=\"grid-container\">\n<div id=\"section-g-1ffsf10\" class=\"wp-block-gutentor-e1 section-g-1ffsf10 gutentor-element gutentor-element-advanced-text gutentor-width-enabled text-align-center-desktop text-align-center-tablet text-align-center-mobile\"><div class=\"gutentor-text-wrap\"><h4 class=\"gutentor-text\"><a href=\"https:\/\/www.esmuc.cat\/es\/escuela\/sobre-lesmuc\/departaments\/tecnologies-de-la-musica\/\" target=\"_blank\" rel=\"noreferrer noopener\">Tecnolog\u00edas de la M\u00fasica<\/a><\/h4><\/div><\/div>\n<\/div><\/article>\n<\/div><\/div>\n\n\n\n<div id=\"col-gm4cd737\" class=\"wp-block-gutentor-m2-col col-gm4cd737 gutentor-module gutentor-dynamic-single-column grid-lg-12 grid-md-4 grid-12\"><div id=\"section-gm4cd737\" class=\"section-gm4cd737 gutentor-single-col\">\n<article id=\"gm3e32f22\" class=\"wp-block-gutentor-m3 section-gm3e32f22 gutentor-module gutentor-container-cover has-image-bg has-custom-bg has-gutentor-overlay g-valign-c-mobile g-valign-c-tablet g-valign-c-desktop img-presentation\"><div class=\"grid-container\">\n<div id=\"section-g4bfa7a\" class=\"wp-block-gutentor-e1 section-g4bfa7a gutentor-element gutentor-element-advanced-text gutentor-width-enabled text-align-center-desktop text-align-center-tablet text-align-center-mobile\"><div class=\"gutentor-text-wrap\"><h4 class=\"gutentor-text\"><a href=\"https:\/\/www.esmuc.cat\/es\/escuela\/sobre-lesmuc\/departaments\/estudis-culturals\/\">Estudios Culturales y Musicales<\/a><\/h4><\/div><\/div>\n<\/div><\/article>\n<\/div><\/div>\n<\/div><\/div><\/article>\n<\/div>\n<\/div>\n","protected":false},"excerpt":{"rendered":"<p>Departamentos<\/p>\n","protected":false},"author":4,"featured_media":0,"parent":27017,"menu_order":6,"comment_status":"closed","ping_status":"closed","template":"","meta":{"_acf_changed":false,"_themeisle_gutenberg_block_has_review":false,"footnotes":""},"categories":[923],"tags":[1628,1295,1171],"class_list":["post-33555","page","type-page","status-publish","hentry","category-sobre-lesmuc-es","tag-departamentos","tag-esmuc-es","tag-estudis-es"],"acf":[],"publishpress_future_action":{"enabled":false,"date":"2026-04-23 05:16:57","action":"change-status","newStatus":"draft","terms":[],"taxonomy":"category","extraData":[]},"publishpress_future_workflow_manual_trigger":{"enabledWorkflows":[]},"_links":{"self":[{"href":"https:\/\/www.esmuc.cat\/es\/wp-json\/wp\/v2\/pages\/33555","targetHints":{"allow":["GET"]}}],"collection":[{"href":"https:\/\/www.esmuc.cat\/es\/wp-json\/wp\/v2\/pages"}],"about":[{"href":"https:\/\/www.esmuc.cat\/es\/wp-json\/wp\/v2\/types\/page"}],"author":[{"embeddable":true,"href":"https:\/\/www.esmuc.cat\/es\/wp-json\/wp\/v2\/users\/4"}],"replies":[{"embeddable":true,"href":"https:\/\/www.esmuc.cat\/es\/wp-json\/wp\/v2\/comments?post=33555"}],"version-history":[{"count":19,"href":"https:\/\/www.esmuc.cat\/es\/wp-json\/wp\/v2\/pages\/33555\/revisions"}],"predecessor-version":[{"id":111296,"href":"https:\/\/www.esmuc.cat\/es\/wp-json\/wp\/v2\/pages\/33555\/revisions\/111296"}],"up":[{"embeddable":true,"href":"https:\/\/www.esmuc.cat\/es\/wp-json\/wp\/v2\/pages\/27017"}],"wp:attachment":[{"href":"https:\/\/www.esmuc.cat\/es\/wp-json\/wp\/v2\/media?parent=33555"}],"wp:term":[{"taxonomy":"category","embeddable":true,"href":"https:\/\/www.esmuc.cat\/es\/wp-json\/wp\/v2\/categories?post=33555"},{"taxonomy":"post_tag","embeddable":true,"href":"https:\/\/www.esmuc.cat\/es\/wp-json\/wp\/v2\/tags?post=33555"}],"curies":[{"name":"wp","href":"https:\/\/api.w.org\/{rel}","templated":true}]}}