{"id":32548,"date":"2021-06-28T10:14:32","date_gmt":"2021-06-28T08:14:32","guid":{"rendered":"https:\/\/www.esmuc.cat\/formacio-continuada\/instruments-del-flamenco\/"},"modified":"2025-06-30T13:39:58","modified_gmt":"2025-06-30T11:39:58","slug":"instruments-del-flamenco","status":"publish","type":"page","link":"https:\/\/www.esmuc.cat\/es\/estudios\/otra-oferta-formativa\/formacio-continuada\/instruments-del-flamenco\/","title":{"rendered":"Instrumentos del flamenco"},"content":{"rendered":"\n<div class=\"wp-block-columns is-layout-flex wp-container-core-columns-is-layout-9d6595d7 wp-block-columns-is-layout-flex\">\n<div class=\"wp-block-column esmuc__Menu_Masters is-layout-flow wp-block-column-is-layout-flow\" style=\"flex-basis:33.33%\">\n\n\n\n\n<p><\/p>\n<\/div>\n\n\n\n<div class=\"wp-block-column is-layout-flow wp-block-column-is-layout-flow\" style=\"flex-basis:66.66%\"><div class=\"breadcrumbs align  wp-block-bcn-breadcrumb-trail has-text-color has-background\" vocab=\"https:\/\/schema.org\/\" typeof=\"BreadcrumbList\">\n\t<span><\/span>\n\t<span property=\"itemListElement\" typeof=\"ListItem\"><a property=\"item\" typeof=\"WebPage\" title=\"Ir a ESMUC.\" href=\"https:\/\/www.esmuc.cat\/es\/\" class=\"home\" ><span property=\"name\">ESMUC<\/span><\/a><meta property=\"position\" content=\"1\"><\/span> &gt; <span property=\"itemListElement\" typeof=\"ListItem\"><a property=\"item\" typeof=\"WebPage\" title=\"Ir a Estudios.\" href=\"https:\/\/www.esmuc.cat\/es\/estudios\/\" class=\"post post-page\" ><span property=\"name\">Estudios<\/span><\/a><meta property=\"position\" content=\"2\"><\/span> &gt; <span property=\"itemListElement\" typeof=\"ListItem\"><a property=\"item\" typeof=\"WebPage\" title=\"Ir a Otra oferta formativa.\" href=\"https:\/\/www.esmuc.cat\/es\/estudios\/otra-oferta-formativa\/\" class=\"post post-page\" ><span property=\"name\">Otra oferta formativa<\/span><\/a><meta property=\"position\" content=\"3\"><\/span> &gt; <span property=\"itemListElement\" typeof=\"ListItem\"><a property=\"item\" typeof=\"WebPage\" title=\"Ir a Formaci\u00f3n continuada.\" href=\"https:\/\/www.esmuc.cat\/es\/estudios\/otra-oferta-formativa\/formacio-continuada\/\" class=\"post post-page\" ><span property=\"name\">Formaci\u00f3n continuada<\/span><\/a><meta property=\"position\" content=\"4\"><\/span> &gt; <span property=\"itemListElement\" typeof=\"ListItem\"><span property=\"name\" class=\"post post-page current-item\">Instrumentos del flamenco<\/span><meta property=\"url\" content=\"https:\/\/www.esmuc.cat\/es\/estudios\/otra-oferta-formativa\/formacio-continuada\/instruments-del-flamenco\/\"><meta property=\"position\" content=\"5\"><\/span><\/div>\n\n\n\n<h1 class=\"wp-block-heading\">Instrumentos del flamenco<\/h1>\n\n\n\n<div id=\"section-gb0e895\" class=\"wp-block-gutentor-e0 section-gb0e895 gutentor-element gutentor-element-advanced-text\"><div class=\"gutentor-text-wrap\"><p class=\"gutentor-text\">El objetivo del curso&nbsp;de formaci\u00f3n continuada en Instrumentos del flamenco es&nbsp;profesionalizar y profundizar en la formaci\u00f3n instrumental de estudiantes y profesionales que quieren ampliar sus conocimientos. El curso se completa con el desarrollo de un proyecto interpretativo o en la profundizaci\u00f3n de alg\u00fan aspecto relacionado con la guitarra o el cante.<\/p><\/div><\/div>\n\n\n\n<div id=\"section-g466d35\" class=\"wp-block-gutentor-e0 section-g466d35 gutentor-element gutentor-element-advanced-text\"><div class=\"gutentor-text-wrap\"><p class=\"gutentor-text\">Se dirige a estudiantes y profesionales que posean un t\u00edtulo superior de instrumento, o acrediten encontrarse en este nivel, que quieran completar y\/o profundizar en su formaci\u00f3n o preparar un proyecto concreto.<\/p><\/div><\/div>\n\n\n\n<section id=\"206e85\" class=\"section-206e85 gutentor-module gutentor-module-accordion\"><div class=\"grid-container\">\n<div id=\"cb76ae\" class=\"wp-block-gutentor-m6-item section-cb76ae gutentor-module gutentor-module-accordion-item\"><div class=\"gutentor-module-accordion-panel g-a-panel-206e85\"><div class=\"gm-ah-206e85 gutentor-module-accordion-item-heading gutentor-module-icon-position-right\"><span class=\"gutentor-module-accordion-panel-handler\" role=\"button\"><span class=\"gutentor-module-accordion-panel-handler-label\">Direcci\u00f3n y profesorado<\/span><span class=\"gutentor-module-accordion-icon\"><i class=\"gm-aio-206e85 gutentor-module-accordion-icon-open fas fa-plus\"><\/i><i class=\"gm-aic-206e85 gutentor-module-accordion-icon-close fas fa-minus\"><\/i><\/span><\/span><\/div><div class=\"gm-ab-206e85 gutentor-module-accordion-body\">\n<section id=\"gmaeb36f9\" class=\"wp-block-gutentor-m3 section-gmaeb36f9 gutentor-module gutentor-container-cover\"><div class=\"grid-container\">\n<table id=\"tablepress-424\" class=\"tablepress tablepress-id-424\">\n<thead>\n<tr class=\"row-1\">\n\t<th class=\"column-1\">Coordinador del curso<br \/>\n  <\/th><th class=\"column-2\">  <a href=\"mailto:joan.asensio@esmuc.cat\" target=\"_self\" rel=\"noopener\">Joan Asensio<\/a><br \/>\n  <\/th>\n<\/tr>\n<\/thead>\n<tbody class=\"row-striping row-hover\">\n<tr class=\"row-2\">\n\t<td class=\"column-1\">  <i>Cante<\/i> flamenco<br \/>\n  <\/td><td class=\"column-2\">Laura Marchal, Rafael Usera<\/td>\n<\/tr>\n<tr class=\"row-3\">\n\t<td class=\"column-1\">  Guitarra flamenca<br \/>\n  <\/td><td class=\"column-2\">Juan Carlos G\u00f3mez    <\/td>\n<\/tr>\n<\/tbody>\n<\/table>\n<!-- #tablepress-424 from cache -->\n<\/div><\/section>\n\n\n\n<div id=\"section-gdc2734\" class=\"wp-block-gutentor-e0 section-gdc2734 gutentor-element gutentor-element-advanced-text\"><div class=\"gutentor-text-wrap\"><p class=\"gutentor-text\">El Departament de M\u00fasica Tradicional pot oferir als estudiants la participaci\u00f3 en els seus conjunts i als Grans Conjunts de l\u2019Esmuc. En el cas que l\u2019estudiant hi estigui interessat, s\u2019ha de comprometre a tot el que aquesta participaci\u00f3 comporta (horaris de classe\/assajos, concerts, audicions, etc.)<\/p><\/div><\/div>\n<\/div><\/div><\/div>\n\n\n\n<div id=\"7512df\" class=\"wp-block-gutentor-m6-item section-7512df gutentor-module gutentor-module-accordion-item\"><div class=\"gutentor-module-accordion-panel g-a-panel-206e85\"><div class=\"gm-ah-206e85 gutentor-module-accordion-item-heading gutentor-module-icon-position-right\"><span class=\"gutentor-module-accordion-panel-handler\" role=\"button\"><span class=\"gutentor-module-accordion-panel-handler-label\">Duraci\u00f3n, calendario y precios<\/span><span class=\"gutentor-module-accordion-icon\"><i class=\"gm-aio-206e85 gutentor-module-accordion-icon-open fas fa-plus\"><\/i><i class=\"gm-aic-206e85 gutentor-module-accordion-icon-close fas fa-minus\"><\/i><\/span><\/span><\/div><div class=\"gm-ab-206e85 gutentor-module-accordion-body\">\n<div id=\"section-g4e41f7\" class=\"wp-block-gutentor-e0 section-g4e41f7 gutentor-element gutentor-element-advanced-text\"><div class=\"gutentor-text-wrap\"><p class=\"gutentor-text\">El curso se imparte durante el per\u00edodo de octubre a junio en las siguientes opciones:<\/p><\/div><\/div>\n\n\n\n<section id=\"gm352b2fc\" class=\"wp-block-gutentor-m3 section-gm352b2fc gutentor-module gutentor-container-cover\"><div class=\"grid-container\">\n<table id=\"tablepress-422\" class=\"tablepress tablepress-id-422\">\n<thead>\n<tr class=\"row-1\">\n\t<th class=\"column-1\">  Horas<br \/>\n  <\/th><th class=\"column-2\">  ECTS<br \/>\n  <\/th><th class=\"column-3\">  Precio<br \/>\n  <\/th>\n<\/tr>\n<\/thead>\n<tbody class=\"row-striping row-hover\">\n<tr class=\"row-2\">\n\t<td class=\"column-1\">  10<br \/>\n  <\/td><td class=\"column-2\">  10<br \/>\n  <\/td><td class=\"column-3\">  1.382,85 \u20ac<br \/>\n  <\/td>\n<\/tr>\n<tr class=\"row-3\">\n\t<td class=\"column-1\">  20<br \/>\n  <\/td><td class=\"column-2\">  20<br \/>\n  <\/td><td class=\"column-3\">  2.511,60 \u20ac<br \/>\n  <\/td>\n<\/tr>\n<tr class=\"row-4\">\n\t<td class=\"column-1\">  25<br \/>\n  <\/td><td class=\"column-2\">  25<br \/>\n  <\/td><td class=\"column-3\">  3.104,85 \u20ac<br \/>\n  <\/td>\n<\/tr>\n<tr class=\"row-5\">\n\t<td class=\"column-1\">  30<br \/>\n  <\/td><td class=\"column-2\">  30<br \/>\n  <\/td><td class=\"column-3\">  3.719,10 \u20ac<br \/>\n  <\/td>\n<\/tr>\n<\/tbody>\n<\/table>\n<!-- #tablepress-422 from cache -->\n<\/div><\/section>\n<\/div><\/div><\/div>\n\n\n\n<div id=\"bd5eed\" class=\"wp-block-gutentor-m6-item section-bd5eed gutentor-module gutentor-module-accordion-item\"><div class=\"gutentor-module-accordion-panel g-a-panel-206e85\"><div class=\"gm-ah-206e85 gutentor-module-accordion-item-heading gutentor-module-icon-position-right\"><span class=\"gutentor-module-accordion-panel-handler\" role=\"button\"><span class=\"gutentor-module-accordion-panel-handler-label\">Requisitos espec\u00edficos<\/span><span class=\"gutentor-module-accordion-icon\"><i class=\"gm-aio-206e85 gutentor-module-accordion-icon-open fas fa-plus\"><\/i><i class=\"gm-aic-206e85 gutentor-module-accordion-icon-close fas fa-minus\"><\/i><\/span><\/span><\/div><div class=\"gm-ab-206e85 gutentor-module-accordion-body\">\n<div id=\"section-gae303a\" class=\"wp-block-gutentor-e0 section-gae303a gutentor-element gutentor-element-advanced-text\"><div class=\"gutentor-text-wrap\"><p class=\"gutentor-text\">Es necesario acreditar el Grado Superior de M\u00fasica. En caso de no tenerlo, es necesario demostrar el propio nivel de conocimiento y estudios musicales mediante las titulaciones correspondientes.<\/p><\/div><\/div>\n\n\n\n<div id=\"section-ga96c8a\" class=\"wp-block-gutentor-e0 section-ga96c8a gutentor-element gutentor-element-advanced-text\"><div class=\"gutentor-text-wrap\"><p class=\"gutentor-text\">Las personas candidatas tendr\u00e1n que enviar un enlace a Dropbox o canal Youtube con una interpretaci\u00f3n de una duraci\u00f3n m\u00ednima de 15 minutos, con varios fragmentos de estilos diferentes de varias obras o partes bastante diferenciadas de una obra compleja, con el instrumento con el que realizan la preinscripci\u00f3n.<\/p><\/div><\/div>\n\n\n\n<div id=\"section-g41cc49\" class=\"wp-block-gutentor-e0 section-g41cc49 gutentor-element gutentor-element-advanced-text\"><div class=\"gutentor-text-wrap\"><p class=\"gutentor-text\">El enlace deber\u00e1 enviarse por correo electr\u00f3nico a: <a href=\"https:\/\/www.esmuc.cat\/departament.tradicional@esmuc.cat\">departament.tradicional@esmuc.cat<\/a><\/p><\/div><\/div>\n\n\n\n<div id=\"section-g14aa00\" class=\"wp-block-gutentor-e0 section-g14aa00 gutentor-element gutentor-element-advanced-text\"><div class=\"gutentor-text-wrap\"><p class=\"gutentor-text\">El profesorado podr\u00e1 requerir, adem\u00e1s, una audici\u00f3n y\/o una entrevista.<\/p><\/div><\/div>\n<\/div><\/div><\/div>\n<\/div><\/section>\n<\/div>\n<\/div>\n","protected":false},"excerpt":{"rendered":"<p>Instrumentos del flamenco<\/p>\n","protected":false},"author":4,"featured_media":0,"parent":32511,"menu_order":0,"comment_status":"closed","ping_status":"closed","template":"","meta":{"_acf_changed":false,"_themeisle_gutenberg_block_has_review":false,"footnotes":""},"categories":[1225],"tags":[],"class_list":["post-32548","page","type-page","status-publish","hentry","category-altra-oferta-formativa-es"],"acf":[],"publishpress_future_action":{"enabled":false,"date":"2026-04-21 23:19:08","action":"change-status","newStatus":"draft","terms":[],"taxonomy":"category","extraData":[]},"publishpress_future_workflow_manual_trigger":{"enabledWorkflows":[]},"_links":{"self":[{"href":"https:\/\/www.esmuc.cat\/es\/wp-json\/wp\/v2\/pages\/32548","targetHints":{"allow":["GET"]}}],"collection":[{"href":"https:\/\/www.esmuc.cat\/es\/wp-json\/wp\/v2\/pages"}],"about":[{"href":"https:\/\/www.esmuc.cat\/es\/wp-json\/wp\/v2\/types\/page"}],"author":[{"embeddable":true,"href":"https:\/\/www.esmuc.cat\/es\/wp-json\/wp\/v2\/users\/4"}],"replies":[{"embeddable":true,"href":"https:\/\/www.esmuc.cat\/es\/wp-json\/wp\/v2\/comments?post=32548"}],"version-history":[{"count":6,"href":"https:\/\/www.esmuc.cat\/es\/wp-json\/wp\/v2\/pages\/32548\/revisions"}],"predecessor-version":[{"id":110139,"href":"https:\/\/www.esmuc.cat\/es\/wp-json\/wp\/v2\/pages\/32548\/revisions\/110139"}],"up":[{"embeddable":true,"href":"https:\/\/www.esmuc.cat\/es\/wp-json\/wp\/v2\/pages\/32511"}],"wp:attachment":[{"href":"https:\/\/www.esmuc.cat\/es\/wp-json\/wp\/v2\/media?parent=32548"}],"wp:term":[{"taxonomy":"category","embeddable":true,"href":"https:\/\/www.esmuc.cat\/es\/wp-json\/wp\/v2\/categories?post=32548"},{"taxonomy":"post_tag","embeddable":true,"href":"https:\/\/www.esmuc.cat\/es\/wp-json\/wp\/v2\/tags?post=32548"}],"curies":[{"name":"wp","href":"https:\/\/api.w.org\/{rel}","templated":true}]}}