{"id":32547,"date":"2021-06-28T11:26:13","date_gmt":"2021-06-28T09:26:13","guid":{"rendered":"https:\/\/www.esmuc.cat\/formacio-continuada\/instruments-de-la-musica-tradicional\/"},"modified":"2025-06-30T13:39:31","modified_gmt":"2025-06-30T11:39:31","slug":"instruments-de-la-musica-tradicional","status":"publish","type":"page","link":"https:\/\/www.esmuc.cat\/es\/estudios\/otra-oferta-formativa\/formacio-continuada\/instruments-de-la-musica-tradicional\/","title":{"rendered":"Instrumentos de la m\u00fasica tradicional"},"content":{"rendered":"\n<div class=\"wp-block-columns is-layout-flex wp-container-core-columns-is-layout-9d6595d7 wp-block-columns-is-layout-flex\">\n<div class=\"wp-block-column esmuc__Menu_Masters is-layout-flow wp-block-column-is-layout-flow\" style=\"flex-basis:33.33%\">\n\n\n\n\n<p><\/p>\n<\/div>\n\n\n\n<div class=\"wp-block-column is-layout-flow wp-block-column-is-layout-flow\" style=\"flex-basis:66.66%\"><div class=\"breadcrumbs align  wp-block-bcn-breadcrumb-trail has-text-color has-background\" vocab=\"https:\/\/schema.org\/\" typeof=\"BreadcrumbList\">\n\t<span><\/span>\n\t<span property=\"itemListElement\" typeof=\"ListItem\"><a property=\"item\" typeof=\"WebPage\" title=\"Ir a ESMUC.\" href=\"https:\/\/www.esmuc.cat\/es\/\" class=\"home\" ><span property=\"name\">ESMUC<\/span><\/a><meta property=\"position\" content=\"1\"><\/span> &gt; <span property=\"itemListElement\" typeof=\"ListItem\"><a property=\"item\" typeof=\"WebPage\" title=\"Ir a Estudios.\" href=\"https:\/\/www.esmuc.cat\/es\/estudios\/\" class=\"post post-page\" ><span property=\"name\">Estudios<\/span><\/a><meta property=\"position\" content=\"2\"><\/span> &gt; <span property=\"itemListElement\" typeof=\"ListItem\"><a property=\"item\" typeof=\"WebPage\" title=\"Ir a Otra oferta formativa.\" href=\"https:\/\/www.esmuc.cat\/es\/estudios\/otra-oferta-formativa\/\" class=\"post post-page\" ><span property=\"name\">Otra oferta formativa<\/span><\/a><meta property=\"position\" content=\"3\"><\/span> &gt; <span property=\"itemListElement\" typeof=\"ListItem\"><a property=\"item\" typeof=\"WebPage\" title=\"Ir a Formaci\u00f3n continuada.\" href=\"https:\/\/www.esmuc.cat\/es\/estudios\/otra-oferta-formativa\/formacio-continuada\/\" class=\"post post-page\" ><span property=\"name\">Formaci\u00f3n continuada<\/span><\/a><meta property=\"position\" content=\"4\"><\/span> &gt; <span property=\"itemListElement\" typeof=\"ListItem\"><span property=\"name\" class=\"post post-page current-item\">Instrumentos de la m\u00fasica tradicional<\/span><meta property=\"url\" content=\"https:\/\/www.esmuc.cat\/es\/estudios\/otra-oferta-formativa\/formacio-continuada\/instruments-de-la-musica-tradicional\/\"><meta property=\"position\" content=\"5\"><\/span><\/div>\n\n\n\n<h1 class=\"wp-block-heading\">Instrumentos de la m\u00fasica tradicional<\/h1>\n\n\n\n<div id=\"section-g408191\" class=\"wp-block-gutentor-e0 section-g408191 gutentor-element gutentor-element-advanced-text\"><div class=\"gutentor-text-wrap\"><p class=\"gutentor-text\">El objetivo del curso de formaci\u00f3n continua en Instrumentos de la m\u00fasica tradicional es profesionalizar y profundizar en la formaci\u00f3n instrumental de estudiantes y profesionales que desean ampliar sus conocimientos.<\/p><\/div><\/div>\n\n\n\n<div id=\"section-g61f198\" class=\"wp-block-gutentor-e0 section-g61f198 gutentor-element gutentor-element-advanced-text\"><div class=\"gutentor-text-wrap\"><p class=\"gutentor-text\">Se dirige a estudiantes y profesionales que posean un t\u00edtulo superior de instrumento, o acrediten encontrarse en este nivel, que quieran completar y\/o profundizar en su formaci\u00f3n o preparar un proyecto concreto.<\/p><\/div><\/div>\n\n\n\n<section id=\"b8a6ec\" class=\"section-b8a6ec gutentor-module gutentor-module-accordion\"><div class=\"grid-container\">\n<div id=\"593717\" class=\"wp-block-gutentor-m6-item section-593717 gutentor-module gutentor-module-accordion-item\"><div class=\"gutentor-module-accordion-panel g-a-panel-b8a6ec\"><div class=\"gm-ah-b8a6ec gutentor-module-accordion-item-heading gutentor-module-icon-position-right\"><span class=\"gutentor-module-accordion-panel-handler\" role=\"button\"><span class=\"gutentor-module-accordion-panel-handler-label\">Direcci\u00f3n y profesorado<\/span><span class=\"gutentor-module-accordion-icon\"><i class=\"gm-aio-b8a6ec gutentor-module-accordion-icon-open fas fa-plus\"><\/i><i class=\"gm-aic-b8a6ec gutentor-module-accordion-icon-close fas fa-minus\"><\/i><\/span><\/span><\/div><div class=\"gm-ab-b8a6ec gutentor-module-accordion-body\">\n<section id=\"gmfd8b628\" class=\"wp-block-gutentor-m3 section-gmfd8b628 gutentor-module gutentor-container-cover\"><div class=\"grid-container\">\n<table id=\"tablepress-418\" class=\"tablepress tablepress-id-418\">\n<thead>\n<tr class=\"row-1\">\n\t<th class=\"column-1\">Coordinador del curso<br \/>\n  <\/th><th class=\"column-2\">Cati Plana  <\/th>\n<\/tr>\n<\/thead>\n<tbody class=\"row-striping row-hover\">\n<tr class=\"row-2\">\n\t<td class=\"column-1\">  Cornamusa<br \/>\n  <\/td><td class=\"column-2\">  Galdric Santana<br \/>\n  <\/td>\n<\/tr>\n<tr class=\"row-3\">\n\t<td class=\"column-1\">  Acorde\u00f3n diat\u00f3nico<br \/>\n  <\/td><td class=\"column-2\">  Cati Plana<br \/>\n  <\/td>\n<\/tr>\n<tr class=\"row-4\">\n\t<td class=\"column-1\">  Gralla\/dulzaina<br \/>\n  <\/td><td class=\"column-2\">  Daniel Carbonell<br \/>\n  <\/td>\n<\/tr>\n<\/tbody>\n<\/table>\n\n<\/div><\/section>\n\n\n\n<div id=\"section-g680289\" class=\"wp-block-gutentor-e0 section-g680289 gutentor-element gutentor-element-advanced-text\"><div class=\"gutentor-text-wrap\"><p class=\"gutentor-text\">El Departamento de M\u00fasica Tradicional puede ofrecer a los estudiantes la participaci\u00f3n en sus conjuntos y en los Grandes Conjuntos del Esmuc. En caso de que el estudiante est\u00e9 interesado, debe comprometerse a todo lo que esta participaci\u00f3n comporta (horarios de clase\/ensayos, conciertos, audiciones, etc.)<\/p><\/div><\/div>\n<\/div><\/div><\/div>\n\n\n\n<div id=\"1683ed\" class=\"wp-block-gutentor-m6-item section-1683ed gutentor-module gutentor-module-accordion-item\"><div class=\"gutentor-module-accordion-panel g-a-panel-b8a6ec\"><div class=\"gm-ah-b8a6ec gutentor-module-accordion-item-heading gutentor-module-icon-position-right\"><span class=\"gutentor-module-accordion-panel-handler\" role=\"button\"><span class=\"gutentor-module-accordion-panel-handler-label\">Duraci\u00f3n, calendario y precios<\/span><span class=\"gutentor-module-accordion-icon\"><i class=\"gm-aio-b8a6ec gutentor-module-accordion-icon-open fas fa-plus\"><\/i><i class=\"gm-aic-b8a6ec gutentor-module-accordion-icon-close fas fa-minus\"><\/i><\/span><\/span><\/div><div class=\"gm-ab-b8a6ec gutentor-module-accordion-body\">\n<div id=\"section-g38e0d8\" class=\"wp-block-gutentor-e0 section-g38e0d8 gutentor-element gutentor-element-advanced-text\"><div class=\"gutentor-text-wrap\"><p class=\"gutentor-text\">El curso se imparte durante el per\u00edodo de octubre a junio en las siguientes opciones:<\/p><\/div><\/div>\n\n\n\n<section id=\"gm1188477\" class=\"wp-block-gutentor-m3 section-gm1188477 gutentor-module gutentor-container-cover\"><div class=\"grid-container\">\n<table id=\"tablepress-419\" class=\"tablepress tablepress-id-419\">\n<thead>\n<tr class=\"row-1\">\n\t<th class=\"column-1\">  Horas<br \/>\n  <\/th><th class=\"column-2\">  ECTS<br \/>\n  <\/th><th class=\"column-3\">  Precio<br \/>\n  <\/th>\n<\/tr>\n<\/thead>\n<tbody class=\"row-hover\">\n<tr class=\"row-2\">\n\t<td class=\"column-1\">  15<br \/>\n  <\/td><td class=\"column-2\">  15<br \/>\n  <\/td><td class=\"column-3\">  1.907,85 \u20ac<br \/>\n  <\/td>\n<\/tr>\n<tr class=\"row-3\">\n\t<td class=\"column-1\">  30<br \/>\n  <\/td><td class=\"column-2\">  30<br \/>\n  <\/td><td class=\"column-3\">  3.719,10 \u20ac<br \/>\n  <\/td>\n<\/tr>\n<\/tbody>\n<\/table>\n\n<\/div><\/section>\n<\/div><\/div><\/div>\n\n\n\n<div id=\"334013\" class=\"wp-block-gutentor-m6-item section-334013 gutentor-module gutentor-module-accordion-item\"><div class=\"gutentor-module-accordion-panel g-a-panel-b8a6ec\"><div class=\"gm-ah-b8a6ec gutentor-module-accordion-item-heading gutentor-module-icon-position-right\"><span class=\"gutentor-module-accordion-panel-handler\" role=\"button\"><span class=\"gutentor-module-accordion-panel-handler-label\">Requisitos espec\u00edficos<\/span><span class=\"gutentor-module-accordion-icon\"><i class=\"gm-aio-b8a6ec gutentor-module-accordion-icon-open fas fa-plus\"><\/i><i class=\"gm-aic-b8a6ec gutentor-module-accordion-icon-close fas fa-minus\"><\/i><\/span><\/span><\/div><div class=\"gm-ab-b8a6ec gutentor-module-accordion-body\">\n<div id=\"section-g73f0c2\" class=\"wp-block-gutentor-e0 section-g73f0c2 gutentor-element gutentor-element-advanced-text\"><div class=\"gutentor-text-wrap\"><p class=\"gutentor-text\">Es necesario acreditar el Grado Superior de M\u00fasica. En caso de no tenerlo, es necesario demostrar el propio nivel de conocimiento y estudios musicales mediante las titulaciones correspondientes.<\/p><\/div><\/div>\n\n\n\n<div id=\"section-g9142ca\" class=\"wp-block-gutentor-e0 section-g9142ca gutentor-element gutentor-element-advanced-text\"><div class=\"gutentor-text-wrap\"><p class=\"gutentor-text\">Las personas candidatas tendr\u00e1n que enviar un enlace a Dropbox o canal Youtube con una interpretaci\u00f3n de una duraci\u00f3n m\u00ednima de 15 minutos, con varios fragmentos de estilos diferentes de diversas obras o partes bastante diferenciadas de una obra compleja, con el instrumento con el que realizan la preinscripci\u00f3n.<\/p><\/div><\/div>\n\n\n\n<div id=\"section-gd5f640\" class=\"wp-block-gutentor-e0 section-gd5f640 gutentor-element gutentor-element-advanced-text\"><div class=\"gutentor-text-wrap\"><p class=\"gutentor-text\">El enlace deber\u00e1 enviarse por correo electr\u00f3nico a: <a href=\"https:\/\/www.esmuc.cat\/departament.tradicional@esmuc.cat\">departament.tradicional@esmuc.cat<\/a><\/p><\/div><\/div>\n\n\n\n<div id=\"section-g381306\" class=\"wp-block-gutentor-e0 section-g381306 gutentor-element gutentor-element-advanced-text\"><div class=\"gutentor-text-wrap\"><p class=\"gutentor-text\">El profesorado podr\u00e1 requerir, adem\u00e1s, una audici\u00f3n y\/o una entrevista.<\/p><\/div><\/div>\n<\/div><\/div><\/div>\n<\/div><\/section>\n<\/div>\n<\/div>\n","protected":false},"excerpt":{"rendered":"<p>Instrumentos de la m\u00fasica tradicional<\/p>\n","protected":false},"author":4,"featured_media":0,"parent":32511,"menu_order":0,"comment_status":"closed","ping_status":"closed","template":"","meta":{"_acf_changed":false,"_themeisle_gutenberg_block_has_review":false,"footnotes":""},"categories":[1225],"tags":[],"class_list":["post-32547","page","type-page","status-publish","hentry","category-altra-oferta-formativa-es"],"acf":[],"publishpress_future_action":{"enabled":false,"date":"2026-04-13 00:39:05","action":"change-status","newStatus":"draft","terms":[],"taxonomy":"category","extraData":[]},"publishpress_future_workflow_manual_trigger":{"enabledWorkflows":[]},"_links":{"self":[{"href":"https:\/\/www.esmuc.cat\/es\/wp-json\/wp\/v2\/pages\/32547","targetHints":{"allow":["GET"]}}],"collection":[{"href":"https:\/\/www.esmuc.cat\/es\/wp-json\/wp\/v2\/pages"}],"about":[{"href":"https:\/\/www.esmuc.cat\/es\/wp-json\/wp\/v2\/types\/page"}],"author":[{"embeddable":true,"href":"https:\/\/www.esmuc.cat\/es\/wp-json\/wp\/v2\/users\/4"}],"replies":[{"embeddable":true,"href":"https:\/\/www.esmuc.cat\/es\/wp-json\/wp\/v2\/comments?post=32547"}],"version-history":[{"count":5,"href":"https:\/\/www.esmuc.cat\/es\/wp-json\/wp\/v2\/pages\/32547\/revisions"}],"predecessor-version":[{"id":110135,"href":"https:\/\/www.esmuc.cat\/es\/wp-json\/wp\/v2\/pages\/32547\/revisions\/110135"}],"up":[{"embeddable":true,"href":"https:\/\/www.esmuc.cat\/es\/wp-json\/wp\/v2\/pages\/32511"}],"wp:attachment":[{"href":"https:\/\/www.esmuc.cat\/es\/wp-json\/wp\/v2\/media?parent=32547"}],"wp:term":[{"taxonomy":"category","embeddable":true,"href":"https:\/\/www.esmuc.cat\/es\/wp-json\/wp\/v2\/categories?post=32547"},{"taxonomy":"post_tag","embeddable":true,"href":"https:\/\/www.esmuc.cat\/es\/wp-json\/wp\/v2\/tags?post=32547"}],"curies":[{"name":"wp","href":"https:\/\/api.w.org\/{rel}","templated":true}]}}