{"id":32546,"date":"2021-06-28T10:13:53","date_gmt":"2021-06-28T08:13:53","guid":{"rendered":"https:\/\/www.esmuc.cat\/formacio-continuada\/instruments-de-jazz-i-de-la-musica-moderna\/"},"modified":"2025-06-30T13:39:08","modified_gmt":"2025-06-30T11:39:08","slug":"instruments-de-jazz-i-de-la-musica-moderna","status":"publish","type":"page","link":"https:\/\/www.esmuc.cat\/es\/estudios\/otra-oferta-formativa\/formacio-continuada\/instruments-de-jazz-i-de-la-musica-moderna\/","title":{"rendered":"Instrumentos de jazz y de la m\u00fasica moderna"},"content":{"rendered":"\n<div class=\"wp-block-columns is-layout-flex wp-container-core-columns-is-layout-9d6595d7 wp-block-columns-is-layout-flex\">\n<div class=\"wp-block-column esmuc__Menu_Masters is-layout-flow wp-block-column-is-layout-flow\" style=\"flex-basis:33.33%\">\n\n\n\n\n<p><\/p>\n<\/div>\n\n\n\n<div class=\"wp-block-column is-layout-flow wp-block-column-is-layout-flow\" style=\"flex-basis:66.66%\"><div class=\"breadcrumbs align  wp-block-bcn-breadcrumb-trail has-text-color has-background\" vocab=\"https:\/\/schema.org\/\" typeof=\"BreadcrumbList\">\n\t<span><\/span>\n\t<span property=\"itemListElement\" typeof=\"ListItem\"><a property=\"item\" typeof=\"WebPage\" title=\"Ir a ESMUC.\" href=\"https:\/\/www.esmuc.cat\/es\/\" class=\"home\" ><span property=\"name\">ESMUC<\/span><\/a><meta property=\"position\" content=\"1\"><\/span> &gt; <span property=\"itemListElement\" typeof=\"ListItem\"><a property=\"item\" typeof=\"WebPage\" title=\"Ir a Estudios.\" href=\"https:\/\/www.esmuc.cat\/es\/estudios\/\" class=\"post post-page\" ><span property=\"name\">Estudios<\/span><\/a><meta property=\"position\" content=\"2\"><\/span> &gt; <span property=\"itemListElement\" typeof=\"ListItem\"><a property=\"item\" typeof=\"WebPage\" title=\"Ir a Otra oferta formativa.\" href=\"https:\/\/www.esmuc.cat\/es\/estudios\/otra-oferta-formativa\/\" class=\"post post-page\" ><span property=\"name\">Otra oferta formativa<\/span><\/a><meta property=\"position\" content=\"3\"><\/span> &gt; <span property=\"itemListElement\" typeof=\"ListItem\"><a property=\"item\" typeof=\"WebPage\" title=\"Ir a Formaci\u00f3n continuada.\" href=\"https:\/\/www.esmuc.cat\/es\/estudios\/otra-oferta-formativa\/formacio-continuada\/\" class=\"post post-page\" ><span property=\"name\">Formaci\u00f3n continuada<\/span><\/a><meta property=\"position\" content=\"4\"><\/span> &gt; <span property=\"itemListElement\" typeof=\"ListItem\"><span property=\"name\" class=\"post post-page current-item\">Instrumentos de jazz y de la m\u00fasica moderna<\/span><meta property=\"url\" content=\"https:\/\/www.esmuc.cat\/es\/estudios\/otra-oferta-formativa\/formacio-continuada\/instruments-de-jazz-i-de-la-musica-moderna\/\"><meta property=\"position\" content=\"5\"><\/span><\/div>\n\n\n\n<h1 class=\"wp-block-heading\">Instrumentos de jazz y de la m\u00fasica moderna<\/h1>\n\n\n\n<div id=\"section-g464436\" class=\"wp-block-gutentor-e0 section-g464436 gutentor-element gutentor-element-advanced-text\"><div class=\"gutentor-text-wrap\"><p class=\"gutentor-text\">El objetivo del curso de formaci\u00f3n continua en Instrumentos del jazz de m\u00fasica moderna es profesionalizar y profundizar en la formaci\u00f3n instrumental de estudiantes y profesionales que desean ampliar sus conocimientos. El curso se completa con el desarrollo de un proyecto interpretativo o en la profundizaci\u00f3n de alg\u00fan aspecto relacionado con el instrumento o la voz.<\/p><\/div><\/div>\n\n\n\n<div id=\"section-g3c94d0\" class=\"wp-block-gutentor-e0 section-g3c94d0 gutentor-element gutentor-element-advanced-text\"><div class=\"gutentor-text-wrap\"><p class=\"gutentor-text\">Se dirige a estudiantes y profesionales que posean un t\u00edtulo superior de instrumento, o acrediten encontrarse en este nivel, que quieran completar y\/o profundizar en su formaci\u00f3n o preparar un proyecto concreto.<\/p><\/div><\/div>\n\n\n\n<section id=\"55f851\" class=\"section-55f851 gutentor-module gutentor-module-accordion\"><div class=\"grid-container\">\n<div id=\"b86c19\" class=\"wp-block-gutentor-m6-item section-b86c19 gutentor-module gutentor-module-accordion-item\"><div class=\"gutentor-module-accordion-panel g-a-panel-55f851\"><div class=\"gm-ah-55f851 gutentor-module-accordion-item-heading gutentor-module-icon-position-right\"><span class=\"gutentor-module-accordion-panel-handler\" role=\"button\"><span class=\"gutentor-module-accordion-panel-handler-label\">Direcci\u00f3n y profesorado<\/span><span class=\"gutentor-module-accordion-icon\"><i class=\"gm-aio-55f851 gutentor-module-accordion-icon-open fas fa-plus\"><\/i><i class=\"gm-aic-55f851 gutentor-module-accordion-icon-close fas fa-minus\"><\/i><\/span><\/span><\/div><div class=\"gm-ab-55f851 gutentor-module-accordion-body\">\n<section id=\"gmcba0b89\" class=\"wp-block-gutentor-m3 section-gmcba0b89 gutentor-module gutentor-container-cover\"><div class=\"grid-container\">\n<table id=\"tablepress-416\" class=\"tablepress tablepress-id-416\">\n<thead>\n<tr class=\"row-1\">\n\t<th class=\"column-1\">Coordinador del curso<br \/>\n  <\/th><th class=\"column-2\">N\u00e9stor Gim\u00e9nez    <\/th>\n<\/tr>\n<\/thead>\n<tbody class=\"row-striping row-hover\">\n<tr class=\"row-2\">\n\t<td class=\"column-1\">  Bajo el\u00e9ctrico<br \/>\n  <\/td><td class=\"column-2\">  Pep Cucurella, Gary Willis, Ignasi Zamora<br \/>\n  <\/td>\n<\/tr>\n<tr class=\"row-3\">\n\t<td class=\"column-1\">  Bater\u00eda jazz<br \/>\n  <\/td><td class=\"column-2\"> Andreu Pitarch, David Xirgu<br \/>\n  <\/td>\n<\/tr>\n<tr class=\"row-4\">\n\t<td class=\"column-1\">  Bater\u00eda moderna<br \/>\n  <\/td><td class=\"column-2\">  David G\u00f3mez<br \/>\n  <\/td>\n<\/tr>\n<tr class=\"row-5\">\n\t<td class=\"column-1\">Canto jazz<\/td><td class=\"column-2\">Carme Canela, Alejandro Delgado, Anna Finger<\/td>\n<\/tr>\n<tr class=\"row-6\">\n\t<td class=\"column-1\">  Clarinete<br \/>\n  <\/td><td class=\"column-2\">  Gabriel Amargant, Xavier Figuerola<br \/>\n  <\/td>\n<\/tr>\n<tr class=\"row-7\">\n\t<td class=\"column-1\">  Contrabajo<br \/>\n  <\/td><td class=\"column-2\">Mart\u00edn Leiton, Mario Rossy<br \/>\n  <\/td>\n<\/tr>\n<tr class=\"row-8\">\n\t<td class=\"column-1\">  Flauta<br \/>\n  <\/td><td class=\"column-2\">  Gorka Ben\u00edtez<br \/>\n  <\/td>\n<\/tr>\n<tr class=\"row-9\">\n\t<td class=\"column-1\">  Guitarra el\u00e9ctrica jazz<br \/>\n  <\/td><td class=\"column-2\">  Dani P\u00e9rez, Joan Sanmart\u00ed<br \/>\n  <\/td>\n<\/tr>\n<tr class=\"row-10\">\n\t<td class=\"column-1\">  Guitarra moderna<br \/>\n  <\/td><td class=\"column-2\">Antonio Molina, Unai Eizaguirre<br \/>\n  <\/td>\n<\/tr>\n<tr class=\"row-11\">\n\t<td class=\"column-1\">  \u00d3rgano<br \/>\n  <\/td><td class=\"column-2\">  \u00d3scar Candendo<br \/>\n  <\/td>\n<\/tr>\n<tr class=\"row-12\">\n\t<td class=\"column-1\">  Piano<br \/>\n  <\/td><td class=\"column-2\">  Albert Bover, Francesc Capella, Joan D\u00edaz, Joan Monn\u00e9, Eduardo Tancredi, Ignasi Terraza<\/td>\n<\/tr>\n<tr class=\"row-13\">\n\t<td class=\"column-1\">  Percusi\u00f3n<br \/>\n  <\/td><td class=\"column-2\">  Dani Forcada, Nan Mercader<br \/>\n  <\/td>\n<\/tr>\n<tr class=\"row-14\">\n\t<td class=\"column-1\">  Saxof\u00f3n<br \/>\n  <\/td><td class=\"column-2\">Gabriel Amargant, Gorka Ben\u00edtez, Santi de la Rubia, Xavier Figuerola, Eladio Rein\u00f3n  <\/td>\n<\/tr>\n<tr class=\"row-15\">\n\t<td class=\"column-1\">  Teclados<br \/>\n  <\/td><td class=\"column-2\">  Xavi Ib\u00e1\u00f1ez<br \/>\n  <\/td>\n<\/tr>\n<tr class=\"row-16\">\n\t<td class=\"column-1\">  Tromb\u00f3n<br \/>\n  <\/td><td class=\"column-2\">John DuBuclet<br \/>\n  <\/td>\n<\/tr>\n<tr class=\"row-17\">\n\t<td class=\"column-1\">  Trompeta<br \/>\n  <\/td><td class=\"column-2\">Bruno Calvo, Joan Mar Sauqu\u00e9<\/td>\n<\/tr>\n<tr class=\"row-18\">\n\t<td class=\"column-1\">  Viol\u00edn jazz<br \/>\n  <\/td><td class=\"column-2\">Oriol Sa\u00f1a  <\/td>\n<\/tr>\n<\/tbody>\n<\/table>\n<!-- #tablepress-416 from cache -->\n<\/div><\/section>\n\n\n\n<div id=\"section-geffed2\" class=\"wp-block-gutentor-e0 section-geffed2 gutentor-element gutentor-element-advanced-text\"><div class=\"gutentor-text-wrap\"><p class=\"gutentor-text\">El Departamento de Jazz y M\u00fasica Moderna puede ofrecer a los estudiantes la participaci\u00f3n en sus combos y en los Grandes Conjuntos del Esmuc. En caso de que el estudiante est\u00e9 interesado, debe comprometerse a todo lo que esta participaci\u00f3n comporta (horarios de clase\/ensayos, conciertos, audiciones, etc.)<\/p><\/div><\/div>\n<\/div><\/div><\/div>\n\n\n\n<div id=\"bbf73c\" class=\"wp-block-gutentor-m6-item section-bbf73c gutentor-module gutentor-module-accordion-item\"><div class=\"gutentor-module-accordion-panel g-a-panel-55f851\"><div class=\"gm-ah-55f851 gutentor-module-accordion-item-heading gutentor-module-icon-position-right\"><span class=\"gutentor-module-accordion-panel-handler\" role=\"button\"><span class=\"gutentor-module-accordion-panel-handler-label\">Duraci\u00f3n, calendario y precios<\/span><span class=\"gutentor-module-accordion-icon\"><i class=\"gm-aio-55f851 gutentor-module-accordion-icon-open fas fa-plus\"><\/i><i class=\"gm-aic-55f851 gutentor-module-accordion-icon-close fas fa-minus\"><\/i><\/span><\/span><\/div><div class=\"gm-ab-55f851 gutentor-module-accordion-body\">\n<div id=\"section-gc5fa5b\" class=\"wp-block-gutentor-e0 section-gc5fa5b gutentor-element gutentor-element-advanced-text\"><div class=\"gutentor-text-wrap\"><p class=\"gutentor-text\">El curso se imparte durante el per\u00edodo de octubre a junio en las siguientes opciones:<\/p><\/div><\/div>\n\n\n\n<section id=\"gm496d947\" class=\"wp-block-gutentor-m3 section-gm496d947 gutentor-module gutentor-container-cover\"><div class=\"grid-container\">\n<table id=\"tablepress-417\" class=\"tablepress tablepress-id-417\">\n<thead>\n<tr class=\"row-1\">\n\t<th class=\"column-1\">  Horas<br \/>\n  <\/th><th class=\"column-2\">  ECTS<br \/>\n  <\/th><th class=\"column-3\">  Precio<br \/>\n  <\/th>\n<\/tr>\n<\/thead>\n<tbody class=\"row-striping row-hover\">\n<tr class=\"row-2\">\n\t<td class=\"column-1\">  10<br \/>\n  <\/td><td class=\"column-2\">  10<br \/>\n  <\/td><td class=\"column-3\">  1.382,85 \u20ac<br \/>\n  <\/td>\n<\/tr>\n<tr class=\"row-3\">\n\t<td class=\"column-1\">  20<br \/>\n  <\/td><td class=\"column-2\">  20<br \/>\n  <\/td><td class=\"column-3\">  2.511,60 \u20ac<br \/>\n  <\/td>\n<\/tr>\n<tr class=\"row-4\">\n\t<td class=\"column-1\">  25<br \/>\n  <\/td><td class=\"column-2\">  25<br \/>\n  <\/td><td class=\"column-3\">  3.104,85 \u20ac<br \/>\n  <\/td>\n<\/tr>\n<tr class=\"row-5\">\n\t<td class=\"column-1\">  30<br \/>\n  <\/td><td class=\"column-2\">  30<br \/>\n  <\/td><td class=\"column-3\">  3.719,10 \u20ac<br \/>\n  <\/td>\n<\/tr>\n<\/tbody>\n<\/table>\n<!-- #tablepress-417 from cache -->\n<\/div><\/section>\n<\/div><\/div><\/div>\n\n\n\n<div id=\"26f457\" class=\"wp-block-gutentor-m6-item section-26f457 gutentor-module gutentor-module-accordion-item\"><div class=\"gutentor-module-accordion-panel g-a-panel-55f851\"><div class=\"gm-ah-55f851 gutentor-module-accordion-item-heading gutentor-module-icon-position-right\"><span class=\"gutentor-module-accordion-panel-handler\" role=\"button\"><span class=\"gutentor-module-accordion-panel-handler-label\">Requisitos espec\u00edficos<\/span><span class=\"gutentor-module-accordion-icon\"><i class=\"gm-aio-55f851 gutentor-module-accordion-icon-open fas fa-plus\"><\/i><i class=\"gm-aic-55f851 gutentor-module-accordion-icon-close fas fa-minus\"><\/i><\/span><\/span><\/div><div class=\"gm-ab-55f851 gutentor-module-accordion-body\">\n<div id=\"section-gba54d6\" class=\"wp-block-gutentor-e0 section-gba54d6 gutentor-element gutentor-element-advanced-text\"><div class=\"gutentor-text-wrap\"><p class=\"gutentor-text\">Es necesario acreditar el Grado Superior de M\u00fasica. En caso de no tenerlo, es necesario demostrar el propio nivel de conocimiento y estudios musicales mediante las titulaciones correspondientes.<\/p><\/div><\/div>\n\n\n\n<div id=\"section-g435f27\" class=\"wp-block-gutentor-e0 section-g435f27 gutentor-element gutentor-element-advanced-text\"><div class=\"gutentor-text-wrap\"><p class=\"gutentor-text\">Las personas candidatas tendr\u00e1n que enviar un enlace a Dropbox o canal Youtube con una interpretaci\u00f3n de una duraci\u00f3n m\u00ednima de 15 minutos, con varios fragmentos de estilos diferentes de diversas obras o partes bastante diferenciadas de una obra compleja, con el instrumento con el que realizan la preinscripci\u00f3n.<\/p><\/div><\/div>\n\n\n\n<div id=\"section-gdc3189\" class=\"wp-block-gutentor-e0 section-gdc3189 gutentor-element gutentor-element-advanced-text\"><div class=\"gutentor-text-wrap\"><p class=\"gutentor-text\">El enlace deber\u00e1 enviarse por correo electr\u00f3nico a:<a href=\"https:\/\/www.esmuc.cat\/departament.jimm@esmuc.cat\">departament.jimm@esmuc.cat<\/a><\/p><\/div><\/div>\n\n\n\n<div id=\"section-g699252\" class=\"wp-block-gutentor-e0 section-g699252 gutentor-element gutentor-element-advanced-text\"><div class=\"gutentor-text-wrap\"><p class=\"gutentor-text\">El profesorado podr\u00e1 requerir, adem\u00e1s, una audici\u00f3n y\/o una entrevista.<\/p><\/div><\/div>\n<\/div><\/div><\/div>\n<\/div><\/section>\n<\/div>\n<\/div>\n","protected":false},"excerpt":{"rendered":"<p>Instrumentos de jazz y de la m\u00fasica moderna<\/p>\n","protected":false},"author":4,"featured_media":0,"parent":32511,"menu_order":0,"comment_status":"closed","ping_status":"closed","template":"","meta":{"_acf_changed":false,"_themeisle_gutenberg_block_has_review":false,"footnotes":""},"categories":[1225],"tags":[],"class_list":["post-32546","page","type-page","status-publish","hentry","category-altra-oferta-formativa-es"],"acf":[],"publishpress_future_action":{"enabled":false,"date":"2026-04-21 23:07:03","action":"change-status","newStatus":"draft","terms":[],"taxonomy":"category","extraData":[]},"publishpress_future_workflow_manual_trigger":{"enabledWorkflows":[]},"_links":{"self":[{"href":"https:\/\/www.esmuc.cat\/es\/wp-json\/wp\/v2\/pages\/32546","targetHints":{"allow":["GET"]}}],"collection":[{"href":"https:\/\/www.esmuc.cat\/es\/wp-json\/wp\/v2\/pages"}],"about":[{"href":"https:\/\/www.esmuc.cat\/es\/wp-json\/wp\/v2\/types\/page"}],"author":[{"embeddable":true,"href":"https:\/\/www.esmuc.cat\/es\/wp-json\/wp\/v2\/users\/4"}],"replies":[{"embeddable":true,"href":"https:\/\/www.esmuc.cat\/es\/wp-json\/wp\/v2\/comments?post=32546"}],"version-history":[{"count":5,"href":"https:\/\/www.esmuc.cat\/es\/wp-json\/wp\/v2\/pages\/32546\/revisions"}],"predecessor-version":[{"id":110132,"href":"https:\/\/www.esmuc.cat\/es\/wp-json\/wp\/v2\/pages\/32546\/revisions\/110132"}],"up":[{"embeddable":true,"href":"https:\/\/www.esmuc.cat\/es\/wp-json\/wp\/v2\/pages\/32511"}],"wp:attachment":[{"href":"https:\/\/www.esmuc.cat\/es\/wp-json\/wp\/v2\/media?parent=32546"}],"wp:term":[{"taxonomy":"category","embeddable":true,"href":"https:\/\/www.esmuc.cat\/es\/wp-json\/wp\/v2\/categories?post=32546"},{"taxonomy":"post_tag","embeddable":true,"href":"https:\/\/www.esmuc.cat\/es\/wp-json\/wp\/v2\/tags?post=32546"}],"curies":[{"name":"wp","href":"https:\/\/api.w.org\/{rel}","templated":true}]}}