{"id":32545,"date":"2021-06-28T10:13:11","date_gmt":"2021-06-28T08:13:11","guid":{"rendered":"https:\/\/www.esmuc.cat\/formacio-continuada\/instruments-de-la-musica-antiga-i-cant-historic\/"},"modified":"2025-06-30T13:38:51","modified_gmt":"2025-06-30T11:38:51","slug":"instruments-de-la-musica-antiga-i-cant-historic","status":"publish","type":"page","link":"https:\/\/www.esmuc.cat\/es\/estudios\/otra-oferta-formativa\/formacio-continuada\/instruments-de-la-musica-antiga-i-cant-historic\/","title":{"rendered":"Instrumentos de la m\u00fasica antigua y Canto hist\u00f3rico"},"content":{"rendered":"\n<div class=\"wp-block-columns is-layout-flex wp-container-core-columns-is-layout-9d6595d7 wp-block-columns-is-layout-flex\">\n<div class=\"wp-block-column esmuc__Menu_Masters is-layout-flow wp-block-column-is-layout-flow\" style=\"flex-basis:33.33%\">\n\n\n\n\n<p><\/p>\n<\/div>\n\n\n\n<div class=\"wp-block-column is-layout-flow wp-block-column-is-layout-flow\" style=\"flex-basis:66.66%\"><div class=\"breadcrumbs align  wp-block-bcn-breadcrumb-trail has-text-color has-background\" vocab=\"https:\/\/schema.org\/\" typeof=\"BreadcrumbList\">\n\t<span><\/span>\n\t<span property=\"itemListElement\" typeof=\"ListItem\"><a property=\"item\" typeof=\"WebPage\" title=\"Ir a ESMUC.\" href=\"https:\/\/www.esmuc.cat\/es\/\" class=\"home\" ><span property=\"name\">ESMUC<\/span><\/a><meta property=\"position\" content=\"1\"><\/span> &gt; <span property=\"itemListElement\" typeof=\"ListItem\"><a property=\"item\" typeof=\"WebPage\" title=\"Ir a Estudios.\" href=\"https:\/\/www.esmuc.cat\/es\/estudios\/\" class=\"post post-page\" ><span property=\"name\">Estudios<\/span><\/a><meta property=\"position\" content=\"2\"><\/span> &gt; <span property=\"itemListElement\" typeof=\"ListItem\"><a property=\"item\" typeof=\"WebPage\" title=\"Ir a Otra oferta formativa.\" href=\"https:\/\/www.esmuc.cat\/es\/estudios\/otra-oferta-formativa\/\" class=\"post post-page\" ><span property=\"name\">Otra oferta formativa<\/span><\/a><meta property=\"position\" content=\"3\"><\/span> &gt; <span property=\"itemListElement\" typeof=\"ListItem\"><a property=\"item\" typeof=\"WebPage\" title=\"Ir a Formaci\u00f3n continuada.\" href=\"https:\/\/www.esmuc.cat\/es\/estudios\/otra-oferta-formativa\/formacio-continuada\/\" class=\"post post-page\" ><span property=\"name\">Formaci\u00f3n continuada<\/span><\/a><meta property=\"position\" content=\"4\"><\/span> &gt; <span property=\"itemListElement\" typeof=\"ListItem\"><span property=\"name\" class=\"post post-page current-item\">Instrumentos de la m\u00fasica antigua y Canto hist\u00f3rico<\/span><meta property=\"url\" content=\"https:\/\/www.esmuc.cat\/es\/estudios\/otra-oferta-formativa\/formacio-continuada\/instruments-de-la-musica-antiga-i-cant-historic\/\"><meta property=\"position\" content=\"5\"><\/span><\/div>\n\n\n\n<h1 class=\"wp-block-heading\">Instrumentos de la m\u00fasica antigua y Canto hist\u00f3rico<\/h1>\n\n\n\n<div id=\"section-gd9e3ca\" class=\"wp-block-gutentor-e0 section-gd9e3ca gutentor-element gutentor-element-advanced-text\"><div class=\"gutentor-text-wrap\"><p class=\"gutentor-text\">El objetivo del curso de formaci\u00f3n continua en Instrumentos de la m\u00fasica antigua y Canto hist\u00f3rico es b\u00e1sicamente profesionalizador.<\/p><\/div><\/div>\n\n\n\n<div id=\"section-ge5515e\" class=\"wp-block-gutentor-e0 section-ge5515e gutentor-element gutentor-element-advanced-text\"><div class=\"gutentor-text-wrap\"><p class=\"gutentor-text\">Se dirige a estudiantes y profesionales que posean un t\u00edtulo superior de instrumento, o acrediten encontrarse en este nivel, que quieran completar y\/o profundizar en su formaci\u00f3n o preparar un proyecto concreto.<\/p><\/div><\/div>\n\n\n\n<section id=\"486f8d\" class=\"section-486f8d gutentor-module gutentor-module-accordion\"><div class=\"grid-container\">\n<div id=\"9eed58\" class=\"wp-block-gutentor-m6-item section-9eed58 gutentor-module gutentor-module-accordion-item\"><div class=\"gutentor-module-accordion-panel g-a-panel-486f8d\"><div class=\"gm-ah-486f8d gutentor-module-accordion-item-heading gutentor-module-icon-position-right\"><span class=\"gutentor-module-accordion-panel-handler\" role=\"button\"><span class=\"gutentor-module-accordion-panel-handler-label\">Direcci\u00f3n y profesorado<\/span><span class=\"gutentor-module-accordion-icon\"><i class=\"gm-aio-486f8d gutentor-module-accordion-icon-open fas fa-plus\"><\/i><i class=\"gm-aic-486f8d gutentor-module-accordion-icon-close fas fa-minus\"><\/i><\/span><\/span><\/div><div class=\"gm-ab-486f8d gutentor-module-accordion-body\">\n<section id=\"gm755b4a4\" class=\"wp-block-gutentor-m3 section-gm755b4a4 gutentor-module gutentor-container-cover\"><div class=\"grid-container\">\n<table id=\"tablepress-412\" class=\"tablepress tablepress-id-412\">\n<thead>\n<tr class=\"row-1\">\n\t<th class=\"column-1\">Coordinador del curso<br \/>\n  <\/th><th class=\"column-2\">Llu\u00eds Coll  <\/th>\n<\/tr>\n<\/thead>\n<tbody class=\"row-striping row-hover\">\n<tr class=\"row-2\">\n\t<td class=\"column-1\">  Arpa hist\u00f3rica<br \/>\n  <\/td><td class=\"column-2\">A determinar  <\/td>\n<\/tr>\n<tr class=\"row-3\">\n\t<td class=\"column-1\">  Cant hist\u00f3rico<br \/>\n  <\/td><td class=\"column-2\"><a href=\"https:\/\/www.esmuc.cat\/professorat\/marta-almajano\/\">Almajano, Marta<\/a>, <a href=\"https:\/\/www.esmuc.cat\/professorat\/lambert-climent\/\">Climent, Lambert<\/a>, <a href=\"https:\/\/www.esmuc.cat\/professorat\/francesc-garrigosa\/\">Garrigosa, Francesc<\/a>  <\/td>\n<\/tr>\n<tr class=\"row-4\">\n\t<td class=\"column-1\">  Clarinet hist\u00f3rico<\/td><td class=\"column-2\"><a href=\"https:\/\/www.esmuc.cat\/professorat\/lorenzo-coppola\/\">Coppola, Lorenzo<\/a><\/td>\n<\/tr>\n<tr class=\"row-5\">\n\t<td class=\"column-1\">  Clavic\u00e9mbalo<\/td><td class=\"column-2\"><a href=\"https:\/\/www.esmuc.cat\/professorat\/luca-guglielmi\/\">Guglielmi, Luca<\/a><\/td>\n<\/tr>\n<tr class=\"row-6\">\n\t<td class=\"column-1\">  Contrabajo\/violone<br \/>\n  <\/td><td class=\"column-2\"><a href=\"https:\/\/www.esmuc.cat\/professorat\/xavier-puertas\/\">Puertas, Xavier<\/a><br \/>\n  <\/td>\n<\/tr>\n<tr class=\"row-7\">\n\t<td class=\"column-1\">  Corneta<br \/>\n  <\/td><td class=\"column-2\"><a href=\"https:\/\/www.esmuc.cat\/professorat\/lluis-coll\/\">Coll, Llu\u00eds<\/a><\/td>\n<\/tr>\n<tr class=\"row-8\">\n\t<td class=\"column-1\">  Fagot hist\u00f3rico\/bajo<br \/>\n  <\/td><td class=\"column-2\">Guerra, Joaquim<\/td>\n<\/tr>\n<tr class=\"row-9\">\n\t<td class=\"column-1\">  Flauta de pico<br \/>\n  <\/td><td class=\"column-2\">Mart\u00ed, Josep Maria<\/td>\n<\/tr>\n<tr class=\"row-10\">\n\t<td class=\"column-1\">  Instrumentos de cuerda pulsada (bajo continuo)<br \/>\n  <\/td><td class=\"column-2\"><a href=\"https:\/\/www.esmuc.cat\/professorat\/xavier-diaz-latorre\/\">D\u00edaz Latorre, Xavier<\/a><\/td>\n<\/tr>\n<tr class=\"row-11\">\n\t<td class=\"column-1\">  Oboe hist\u00f3rico<br \/>\n  <\/td><td class=\"column-2\"><a href=\"https:\/\/www.esmuc.cat\/professorat\/xavier-blanch\/\">Blanch, Xavier<\/a><\/td>\n<\/tr>\n<tr class=\"row-12\">\n\t<td class=\"column-1\">  Percusi\u00f3n hist\u00f3rica<br \/>\n  <\/td><td class=\"column-2\">Oliv\u00e9, Pere<\/td>\n<\/tr>\n<tr class=\"row-13\">\n\t<td class=\"column-1\">  Pianoforte<br \/>\n  <\/td><td class=\"column-2\"><a href=\"https:\/\/www.esmuc.cat\/professorat\/luca-guglielmi\/\">Guglielmi, Luca<\/a><\/td>\n<\/tr>\n<tr class=\"row-14\">\n\t<td class=\"column-1\">  Sacabucho<br \/>\n  <\/td><td class=\"column-2\"><a href=\"https:\/\/www.esmuc.cat\/professorat\/simeon-galduf\/\">Galduf, Simeon<\/a><br \/>\n  <\/td>\n<\/tr>\n<tr class=\"row-15\">\n\t<td class=\"column-1\">  Traverso<br \/>\n  <\/td><td class=\"column-2\"><a href=\"https:\/\/www.esmuc.cat\/professorat\/luis-martinez-pueyo\/\">Mart\u00ednez Pueyo, Luis<\/a><\/td>\n<\/tr>\n<tr class=\"row-16\">\n\t<td class=\"column-1\">  Trompa natural<br \/>\n  <\/td><td class=\"column-2\">Tremblay, Pierre Antonie<\/td>\n<\/tr>\n<tr class=\"row-17\">\n\t<td class=\"column-1\">  Viola de gamba<br \/>\n  <\/td><td class=\"column-2\"><a href=\"https:\/\/www.esmuc.cat\/professorat\/emmanuel-balssa\/\">Balssa, Emmanuel<\/a><br \/>\n  <\/td>\n<\/tr>\n<tr class=\"row-18\">\n\t<td class=\"column-1\">  Viola hist\u00f3rica<br \/>\n  <\/td><td class=\"column-2\"> A determinar<\/td>\n<\/tr>\n<tr class=\"row-19\">\n\t<td class=\"column-1\">  Viol\u00edn hist\u00f3rico<br \/>\n  <\/td><td class=\"column-2\"><a href=\"https:\/\/www.esmuc.cat\/professorat\/manfredo-kraemer\/\">Kraemer, Manfredo<\/a>, <a href=\"https:\/\/www.esmuc.cat\/professorat\/alba-roca\/\">Roca, Alba<\/a>, Echeverri, Germ\u00e1n<br \/>\n  <\/td>\n<\/tr>\n<tr class=\"row-20\">\n\t<td class=\"column-1\">  Violonchelo hist\u00f3rico<br \/>\n  <\/td><td class=\"column-2\"><a href=\"https:\/\/www.esmuc.cat\/professorat\/emmanuel-balssa\/\">Balssa, Emmanuel<\/a><br \/>\n  <\/td>\n<\/tr>\n<\/tbody>\n<\/table>\n<!-- #tablepress-412 from cache -->\n<\/div><\/section>\n\n\n\n<div id=\"section-g4fb8a4\" class=\"wp-block-gutentor-e0 section-g4fb8a4 gutentor-element gutentor-element-advanced-text\"><div class=\"gutentor-text-wrap\"><p class=\"gutentor-text\">El alumnado que se matricule en este curso tendr\u00e1 derecho a asistir como oyente al M\u00e1ster de M\u00fasica Antigua. Tambi\u00e9n en algunos casos podr\u00e1 participar en los conjuntos instrumentales que se organizan en este m\u00e1ster.<\/p><\/div><\/div>\n\n\n\n<div id=\"section-g1f31c7\" class=\"wp-block-gutentor-e0 section-g1f31c7 gutentor-element gutentor-element-advanced-text\"><div class=\"gutentor-text-wrap\"><p class=\"gutentor-text\">El Departamento de M\u00fasica Antigua puede ofrecer a estudiantes la participaci\u00f3n en sus conjuntos de m\u00fasica de c\u00e1mara y en los Grandes Conjuntos del Esmuc. En caso de que haya personas interesadas, deben comprometerse a todo lo que esta participaci\u00f3n conlleva (horarios de clase\/ensayos, conciertos, audiciones, etc.)<\/p><\/div><\/div>\n<\/div><\/div><\/div>\n\n\n\n<div id=\"26da1c\" class=\"wp-block-gutentor-m6-item section-26da1c gutentor-module gutentor-module-accordion-item\"><div class=\"gutentor-module-accordion-panel g-a-panel-486f8d\"><div class=\"gm-ah-486f8d gutentor-module-accordion-item-heading gutentor-module-icon-position-right\"><span class=\"gutentor-module-accordion-panel-handler\" role=\"button\"><span class=\"gutentor-module-accordion-panel-handler-label\">Duraci\u00f3n, calendario y precios<\/span><span class=\"gutentor-module-accordion-icon\"><i class=\"gm-aio-486f8d gutentor-module-accordion-icon-open fas fa-plus\"><\/i><i class=\"gm-aic-486f8d gutentor-module-accordion-icon-close fas fa-minus\"><\/i><\/span><\/span><\/div><div class=\"gm-ab-486f8d gutentor-module-accordion-body\">\n<div id=\"section-g584428\" class=\"wp-block-gutentor-e0 section-g584428 gutentor-element gutentor-element-advanced-text\"><div class=\"gutentor-text-wrap\"><p class=\"gutentor-text\">El curso se imparte durante el per\u00edodo de octubre a junio en las siguientes opciones:<\/p><\/div><\/div>\n\n\n\n<section id=\"gm79808c3\" class=\"wp-block-gutentor-m3 section-gm79808c3 gutentor-module gutentor-container-cover\"><div class=\"grid-container\">\n<table id=\"tablepress-413\" class=\"tablepress tablepress-id-413\">\n<thead>\n<tr class=\"row-1\">\n\t<th class=\"column-1\">  Horas<br \/>\n  <\/th><th class=\"column-2\">  ECTS<br \/>\n  <\/th><th class=\"column-3\">  Precio<br \/>\n  <\/th>\n<\/tr>\n<\/thead>\n<tbody class=\"row-striping row-hover\">\n<tr class=\"row-2\">\n\t<td class=\"column-1\">  10<br \/>\n  <\/td><td class=\"column-2\">  10<br \/>\n  <\/td><td class=\"column-3\">  1.382,85 \u20ac<br \/>\n  <\/td>\n<\/tr>\n<tr class=\"row-3\">\n\t<td class=\"column-1\">  20<br \/>\n  <\/td><td class=\"column-2\">  20<br \/>\n  <\/td><td class=\"column-3\">  2.511,60 \u20ac<br \/>\n  <\/td>\n<\/tr>\n<tr class=\"row-4\">\n\t<td class=\"column-1\">  25<br \/>\n  <\/td><td class=\"column-2\">  25<br \/>\n  <\/td><td class=\"column-3\">  3.104,85 \u20ac<br \/>\n  <\/td>\n<\/tr>\n<tr class=\"row-5\">\n\t<td class=\"column-1\">  30<br \/>\n  <\/td><td class=\"column-2\">  30<br \/>\n  <\/td><td class=\"column-3\">  3.719,10 \u20ac<br \/>\n  <\/td>\n<\/tr>\n<tr class=\"row-6\">\n\t<td class=\"column-1\">Nivelaci\u00f3n M\u00fasica Antigua <\/td><td class=\"column-2\"><\/td><td class=\"column-3\">  1.960,35 \u20ac<br \/>\n  <\/td>\n<\/tr>\n<\/tbody>\n<\/table>\n<!-- #tablepress-413 from cache -->\n<\/div><\/section>\n<\/div><\/div><\/div>\n\n\n\n<div id=\"73016d\" class=\"wp-block-gutentor-m6-item section-73016d gutentor-module gutentor-module-accordion-item\"><div class=\"gutentor-module-accordion-panel g-a-panel-486f8d\"><div class=\"gm-ah-486f8d gutentor-module-accordion-item-heading gutentor-module-icon-position-right\"><span class=\"gutentor-module-accordion-panel-handler\" role=\"button\"><span class=\"gutentor-module-accordion-panel-handler-label\">Requisitos espec\u00edficos<\/span><span class=\"gutentor-module-accordion-icon\"><i class=\"gm-aio-486f8d gutentor-module-accordion-icon-open fas fa-plus\"><\/i><i class=\"gm-aic-486f8d gutentor-module-accordion-icon-close fas fa-minus\"><\/i><\/span><\/span><\/div><div class=\"gm-ab-486f8d gutentor-module-accordion-body\">\n<div id=\"section-gc91429\" class=\"wp-block-gutentor-e0 section-gc91429 gutentor-element gutentor-element-advanced-text\"><div class=\"gutentor-text-wrap\"><p class=\"gutentor-text\">Es necesario acreditar el Grado Superior de M\u00fasica. En caso de no tenerlo, es necesario demostrar el propio nivel de conocimiento y estudios musicales mediante las titulaciones correspondientes.<\/p><\/div><\/div>\n\n\n\n<div id=\"section-g114616\" class=\"wp-block-gutentor-e0 section-g114616 gutentor-element gutentor-element-advanced-text\"><div class=\"gutentor-text-wrap\"><p class=\"gutentor-text\">Las personas candidatas tendr\u00e1n que enviar un enlace a Dropbox o canal Youtube con una interpretaci\u00f3n de una duraci\u00f3n m\u00ednima de 15 minutos, con varios fragmentos de estilos diferentes de diversas obras o partes bastante diferenciadas de una obra compleja, con el instrumento con el que realizan la preinscripci\u00f3n.<\/p><\/div><\/div>\n\n\n\n<div id=\"section-g467788\" class=\"wp-block-gutentor-e7 section-g467788 gutentor-element gutentor-element-list\"><ul class=\"grid-row gutentor-grid-item-wrap list-indicator-icon\"><li class=\"gutentor-list-item grid-lg-12 grid-md-12 grid-12\"><span class=\"gutentor-single-item gutentor-single-item-0\"><span class=\"gutentor-list-item-wrap g-s-list-wrap\"><span class=\"gutentor-single-list-item-icon\"><i class=\"list-item-icon fas fa-angle-right\"><\/i><\/span><span class=\"gutentor-list-item\"><p class=\"gutentor-single-item-title\">Por correo postal a:<\/p><\/span><\/span><\/span><\/li><\/ul><\/div>\n\n\n\n<div id=\"section-g95f463\" class=\"wp-block-gutentor-e0 section-g95f463 gutentor-element gutentor-element-advanced-text\"><div class=\"gutentor-text-wrap\"><p class=\"gutentor-text\">Secretaria de Postgraus<br>Escola Superior de M\u00fasica de Catalunya<br>C. Padilla 155<br>08013-Barcelona<\/p><\/div><\/div>\n\n\n\n<div id=\"section-g3daa48\" class=\"wp-block-gutentor-e7 section-g3daa48 gutentor-element gutentor-element-list\"><ul class=\"grid-row gutentor-grid-item-wrap list-indicator-icon\"><li class=\"gutentor-list-item grid-lg-12 grid-md-12 grid-12\"><span class=\"gutentor-single-item gutentor-single-item-0\"><span class=\"gutentor-list-item-wrap g-s-list-wrap\"><span class=\"gutentor-single-list-item-icon\"><i class=\"list-item-icon fas fa-angle-right\"><\/i><\/span><span class=\"gutentor-list-item\"><p class=\"gutentor-single-item-title\">O por correo electr\u00f3nico a: <a href=\"https:\/\/www.esmuc.cat\/departament.antiga@esmuc.cat\">departament.antiga@esmuc.cat<\/a><\/p><\/span><\/span><\/span><\/li><\/ul><\/div>\n\n\n\n<div id=\"section-gec4438\" class=\"wp-block-gutentor-e0 section-gec4438 gutentor-element gutentor-element-advanced-text\"><div class=\"gutentor-text-wrap\"><p class=\"gutentor-text\">El profesorado podr\u00e1 requerir, adem\u00e1s, una audici\u00f3n y\/o una entrevista.<\/p><\/div><\/div>\n<\/div><\/div><\/div>\n<\/div><\/section>\n<\/div>\n<\/div>\n","protected":false},"excerpt":{"rendered":"<p>Instrumentos de la m\u00fasica antigua y Canto hist\u00f3rico<\/p>\n","protected":false},"author":4,"featured_media":0,"parent":32511,"menu_order":0,"comment_status":"closed","ping_status":"closed","template":"","meta":{"_acf_changed":false,"_themeisle_gutenberg_block_has_review":false,"footnotes":""},"categories":[1225],"tags":[],"class_list":["post-32545","page","type-page","status-publish","hentry","category-altra-oferta-formativa-es"],"acf":[],"publishpress_future_action":{"enabled":false,"date":"2026-04-21 23:14:42","action":"change-status","newStatus":"draft","terms":[],"taxonomy":"category","extraData":[]},"publishpress_future_workflow_manual_trigger":{"enabledWorkflows":[]},"_links":{"self":[{"href":"https:\/\/www.esmuc.cat\/es\/wp-json\/wp\/v2\/pages\/32545","targetHints":{"allow":["GET"]}}],"collection":[{"href":"https:\/\/www.esmuc.cat\/es\/wp-json\/wp\/v2\/pages"}],"about":[{"href":"https:\/\/www.esmuc.cat\/es\/wp-json\/wp\/v2\/types\/page"}],"author":[{"embeddable":true,"href":"https:\/\/www.esmuc.cat\/es\/wp-json\/wp\/v2\/users\/4"}],"replies":[{"embeddable":true,"href":"https:\/\/www.esmuc.cat\/es\/wp-json\/wp\/v2\/comments?post=32545"}],"version-history":[{"count":7,"href":"https:\/\/www.esmuc.cat\/es\/wp-json\/wp\/v2\/pages\/32545\/revisions"}],"predecessor-version":[{"id":116801,"href":"https:\/\/www.esmuc.cat\/es\/wp-json\/wp\/v2\/pages\/32545\/revisions\/116801"}],"up":[{"embeddable":true,"href":"https:\/\/www.esmuc.cat\/es\/wp-json\/wp\/v2\/pages\/32511"}],"wp:attachment":[{"href":"https:\/\/www.esmuc.cat\/es\/wp-json\/wp\/v2\/media?parent=32545"}],"wp:term":[{"taxonomy":"category","embeddable":true,"href":"https:\/\/www.esmuc.cat\/es\/wp-json\/wp\/v2\/categories?post=32545"},{"taxonomy":"post_tag","embeddable":true,"href":"https:\/\/www.esmuc.cat\/es\/wp-json\/wp\/v2\/tags?post=32545"}],"curies":[{"name":"wp","href":"https:\/\/api.w.org\/{rel}","templated":true}]}}