{"id":32544,"date":"2021-06-28T10:13:31","date_gmt":"2021-06-28T08:13:31","guid":{"rendered":"https:\/\/www.esmuc.cat\/formacio-continuada\/instruments-de-la-musica-classica-i-contemporania\/"},"modified":"2025-06-30T13:15:12","modified_gmt":"2025-06-30T11:15:12","slug":"instruments-de-la-musica-classica-i-contemporania","status":"publish","type":"page","link":"https:\/\/www.esmuc.cat\/es\/estudios\/otra-oferta-formativa\/formacio-continuada\/instruments-de-la-musica-classica-i-contemporania\/","title":{"rendered":"Instrumentos de la m\u00fasica cl\u00e1sica y contempor\u00e1nea"},"content":{"rendered":"\n<div class=\"wp-block-columns is-layout-flex wp-container-core-columns-is-layout-9d6595d7 wp-block-columns-is-layout-flex\">\n<div class=\"wp-block-column esmuc__Menu_Masters is-layout-flow wp-block-column-is-layout-flow\" style=\"flex-basis:33.33%\">\n\n\n\n\n<p><\/p>\n<\/div>\n\n\n\n<div class=\"wp-block-column is-layout-flow wp-block-column-is-layout-flow\" style=\"flex-basis:66.66%\"><div class=\"breadcrumbs align  wp-block-bcn-breadcrumb-trail has-text-color has-background\" vocab=\"https:\/\/schema.org\/\" typeof=\"BreadcrumbList\">\n\t<span><\/span>\n\t<span property=\"itemListElement\" typeof=\"ListItem\"><a property=\"item\" typeof=\"WebPage\" title=\"Ir a ESMUC.\" href=\"https:\/\/www.esmuc.cat\/es\/\" class=\"home\" ><span property=\"name\">ESMUC<\/span><\/a><meta property=\"position\" content=\"1\"><\/span> &gt; <span property=\"itemListElement\" typeof=\"ListItem\"><a property=\"item\" typeof=\"WebPage\" title=\"Ir a Estudios.\" href=\"https:\/\/www.esmuc.cat\/es\/estudios\/\" class=\"post post-page\" ><span property=\"name\">Estudios<\/span><\/a><meta property=\"position\" content=\"2\"><\/span> &gt; <span property=\"itemListElement\" typeof=\"ListItem\"><a property=\"item\" typeof=\"WebPage\" title=\"Ir a Otra oferta formativa.\" href=\"https:\/\/www.esmuc.cat\/es\/estudios\/otra-oferta-formativa\/\" class=\"post post-page\" ><span property=\"name\">Otra oferta formativa<\/span><\/a><meta property=\"position\" content=\"3\"><\/span> &gt; <span property=\"itemListElement\" typeof=\"ListItem\"><a property=\"item\" typeof=\"WebPage\" title=\"Ir a Formaci\u00f3n continuada.\" href=\"https:\/\/www.esmuc.cat\/es\/estudios\/otra-oferta-formativa\/formacio-continuada\/\" class=\"post post-page\" ><span property=\"name\">Formaci\u00f3n continuada<\/span><\/a><meta property=\"position\" content=\"4\"><\/span> &gt; <span property=\"itemListElement\" typeof=\"ListItem\"><span property=\"name\" class=\"post post-page current-item\">Instrumentos de la m\u00fasica cl\u00e1sica y contempor\u00e1nea<\/span><meta property=\"url\" content=\"https:\/\/www.esmuc.cat\/es\/estudios\/otra-oferta-formativa\/formacio-continuada\/instruments-de-la-musica-classica-i-contemporania\/\"><meta property=\"position\" content=\"5\"><\/span><\/div>\n\n\n\n<h1 class=\"wp-block-heading\">Instrumentos de la m\u00fasica cl\u00e1sica y contempor\u00e1nea<\/h1>\n\n\n\n<div id=\"section-ga2f6d5\" class=\"wp-block-gutentor-e0 section-ga2f6d5 gutentor-element gutentor-element-advanced-text\"><div class=\"gutentor-text-wrap\"><p class=\"gutentor-text\">El objetivo del curso de formaci\u00f3n continua en Instrumentos de la m\u00fasica cl\u00e1sica y contempor\u00e1nea es b\u00e1sicamente profesionalizador.<\/p><\/div><\/div>\n\n\n\n<div id=\"section-gff12b6\" class=\"wp-block-gutentor-e0 section-gff12b6 gutentor-element gutentor-element-advanced-text\"><div class=\"gutentor-text-wrap\"><p class=\"gutentor-text\">Se dirige a estudiantes y profesionales que posean un t\u00edtulo superior de instrumento, o acrediten encontrarse en este nivel, que quieran completar y\/o profundizar en su formaci\u00f3n o preparar un proyecto concreto.<\/p><\/div><\/div>\n\n\n\n<section id=\"dc29c4\" class=\"section-dc29c4 gutentor-module gutentor-module-accordion\"><div class=\"grid-container\">\n<div id=\"ab8b8b\" class=\"wp-block-gutentor-m6-item section-ab8b8b gutentor-module gutentor-module-accordion-item\"><div class=\"gutentor-module-accordion-panel g-a-panel-dc29c4\"><div class=\"gm-ah-dc29c4 gutentor-module-accordion-item-heading gutentor-module-icon-position-right\"><span class=\"gutentor-module-accordion-panel-handler\" role=\"button\"><span class=\"gutentor-module-accordion-panel-handler-label\">Direcci\u00f3n y profesorado<\/span><span class=\"gutentor-module-accordion-icon\"><i class=\"gm-aio-dc29c4 gutentor-module-accordion-icon-open fas fa-plus\"><\/i><i class=\"gm-aic-dc29c4 gutentor-module-accordion-icon-close fas fa-minus\"><\/i><\/span><\/span><\/div><div class=\"gm-ab-dc29c4 gutentor-module-accordion-body\">\n<section id=\"gmee13d6a\" class=\"wp-block-gutentor-m3 section-gmee13d6a gutentor-module gutentor-container-cover\"><div class=\"grid-container\">\n<table id=\"tablepress-414\" class=\"tablepress tablepress-id-414\">\n<tbody class=\"row-striping row-hover\">\n<tr class=\"row-1\">\n\t<td class=\"column-1\"><b>Coordinador<\/b><\/td><td class=\"column-2\">Josep Moliner<\/td>\n<\/tr>\n<tr class=\"row-2\">\n\t<td class=\"column-1\">  Acorde\u00f3n<\/td><td class=\"column-2\">Mateja Zenzerovic  <\/td>\n<\/tr>\n<tr class=\"row-3\">\n\t<td class=\"column-1\">  Arpa<br \/>\n  <\/td><td class=\"column-2\">  Magdalena Barrera<br \/>\n  <\/td>\n<\/tr>\n<tr class=\"row-4\">\n\t<td class=\"column-1\">  Canto<br \/>\n  <\/td><td class=\"column-2\">  Francesc Garrigosa, Assumpta Mateu, Marta Matheu, Margarida Natividade, Mireia Pint\u00f3, Enedina Lloris<br \/>\n  <\/td>\n<\/tr>\n<tr class=\"row-5\">\n\t<td class=\"column-1\">  Clarinete<br \/>\n  <\/td><td class=\"column-2\">Josep Fuster, Joan Enric Lluna<\/td>\n<\/tr>\n<tr class=\"row-6\">\n\t<td class=\"column-1\">  Clarinete\/clarinete bajo<br \/>\n  <\/td><td class=\"column-2\">  Xavier Castillo<br \/>\n  <\/td>\n<\/tr>\n<tr class=\"row-7\">\n\t<td class=\"column-1\">  Contrabajo<br \/>\n  <\/td><td class=\"column-2\">  Jonathan Camps, Uxia Mart\u00ednez<br \/>\n  <\/td>\n<\/tr>\n<tr class=\"row-8\">\n\t<td class=\"column-1\">Contrafagot<\/td><td class=\"column-2\">Laia Magr\u00ed<\/td>\n<\/tr>\n<tr class=\"row-9\">\n\t<td class=\"column-1\">  Fagot<br \/>\n  <\/td><td class=\"column-2\">Mar\u00eda Jos\u00e9 Rielo<\/td>\n<\/tr>\n<tr class=\"row-10\">\n\t<td class=\"column-1\">  Flauta<br \/>\n  <\/td><td class=\"column-2\">  J\u00falia Gallego, Albert Mora, Vicens Prats<br \/>\n  <\/td>\n<\/tr>\n<tr class=\"row-11\">\n\t<td class=\"column-1\">  Guitarra<br \/>\n  <\/td><td class=\"column-2\">  \u00c0lex Garrob\u00e9, Laura Anne Young, Alex Tentor<\/td>\n<\/tr>\n<tr class=\"row-12\">\n\t<td class=\"column-1\">  Obo\u00e9<br \/>\n  <\/td><td class=\"column-2\">Dolors Chiralt, Eduardo Mart\u00ednez<br \/>\n  <\/td>\n<\/tr>\n<tr class=\"row-13\">\n\t<td class=\"column-1\">  \u00d3rgano<br \/>\n  <\/td><td class=\"column-2\">  \u00d3scar Candendo, Juan de la Rubia<br \/>\n  <\/td>\n<\/tr>\n<tr class=\"row-14\">\n\t<td class=\"column-1\">  Percusi\u00f3n<br \/>\n  <\/td><td class=\"column-2\">Xavier Blanch, Miquel Bernat, Lorenzo Ferr\u00e1ndiz<\/td>\n<\/tr>\n<tr class=\"row-15\">\n\t<td class=\"column-1\">  Piano<br \/>\n  <\/td><td class=\"column-2\">  Xavier Barbeta, Vladislav Bronewetzky, Jordi Camell, Jean Fran\u00e7ois Dichamp, Denis Losev, Jordi Mas\u00f3, Rafael Salinas, Albert Guinovart<br \/>\n  <\/td>\n<\/tr>\n<tr class=\"row-16\">\n\t<td class=\"column-1\">  Saxof\u00f3n<br \/>\n  <\/td><td class=\"column-2\">  Luis Ignacio Gasc\u00f3n, Mariano Garc\u00eda<\/td>\n<\/tr>\n<tr class=\"row-17\">\n\t<td class=\"column-1\">  Tromb\u00f3n<br \/>\n  <\/td><td class=\"column-2\">  Daniel Perpi\u00f1\u00e1n<br \/>\n  <\/td>\n<\/tr>\n<tr class=\"row-18\">\n\t<td class=\"column-1\">  Tromb\u00f3n bajo<br \/>\n  <\/td><td class=\"column-2\">  Ra\u00fal Garc\u00eda<br \/>\n  <\/td>\n<\/tr>\n<tr class=\"row-19\">\n\t<td class=\"column-1\">  Trompa<br \/>\n  <\/td><td class=\"column-2\">Jos\u00e9 Vicente Castell\u00f3<\/td>\n<\/tr>\n<tr class=\"row-20\">\n\t<td class=\"column-1\">  Trompeta<br \/>\n  <\/td><td class=\"column-2\">Mireia Farr\u00e9s, \u00c0ngel Serrano, Josep Casado<\/td>\n<\/tr>\n<tr class=\"row-21\">\n\t<td class=\"column-1\">  Tuba\/bombardino<br \/>\n  <\/td><td class=\"column-2\">  Pablo Fern\u00e1ndez<br \/>\n  <\/td>\n<\/tr>\n<tr class=\"row-22\">\n\t<td class=\"column-1\">  Viola<br \/>\n  <\/td><td class=\"column-2\">Ashan Pillai, Yuval Gotlibovich, Anna Puig<br \/>\n  <\/td>\n<\/tr>\n<tr class=\"row-23\">\n\t<td class=\"column-1\">  Viol\u00edn<br \/>\n  <\/td><td class=\"column-2\">  Raquel Castro, Kai Gleusteen, Vlad Stanculeasa, Vera Mart\u00ednez Mehner, Helena Saut\u00e9, Yuri Volguin<br \/>\n  <\/td>\n<\/tr>\n<tr class=\"row-24\">\n\t<td class=\"column-1\">  Violonchelo<br \/>\n  <\/td><td class=\"column-2\">Cristoforo Pestalozzi, Dami\u00e0 Mart\u00ednez<br \/>\n  <\/td>\n<\/tr>\n<\/tbody>\n<\/table>\n<!-- #tablepress-414 from cache -->\n<\/div><\/section>\n\n\n\n<div id=\"section-g655871\" class=\"wp-block-gutentor-e0 section-g655871 gutentor-element gutentor-element-advanced-text\"><div class=\"gutentor-text-wrap\"><p class=\"gutentor-text\">El Departamento de M\u00fasica Cl\u00e1sica y Contempor\u00e1nea puede ofrecer a los estudiantes la participaci\u00f3n en sus conjuntos de m\u00fasica de c\u00e1mara y en los Grandes Conjuntos del Esmuc. En caso de que el estudiante est\u00e9 interesado, debe comprometerse a todo lo que esta participaci\u00f3n comporta (horarios de clase\/ensayos, conciertos, audiciones, etc.)<\/p><\/div><\/div>\n<\/div><\/div><\/div>\n\n\n\n<div id=\"f15d45\" class=\"wp-block-gutentor-m6-item section-f15d45 gutentor-module gutentor-module-accordion-item\"><div class=\"gutentor-module-accordion-panel g-a-panel-dc29c4\"><div class=\"gm-ah-dc29c4 gutentor-module-accordion-item-heading gutentor-module-icon-position-right\"><span class=\"gutentor-module-accordion-panel-handler\" role=\"button\"><span class=\"gutentor-module-accordion-panel-handler-label\">Duraci\u00f3n, calendario y precios<\/span><span class=\"gutentor-module-accordion-icon\"><i class=\"gm-aio-dc29c4 gutentor-module-accordion-icon-open fas fa-plus\"><\/i><i class=\"gm-aic-dc29c4 gutentor-module-accordion-icon-close fas fa-minus\"><\/i><\/span><\/span><\/div><div class=\"gm-ab-dc29c4 gutentor-module-accordion-body\">\n<div id=\"section-g66b6f5\" class=\"wp-block-gutentor-e0 section-g66b6f5 gutentor-element gutentor-element-advanced-text\"><div class=\"gutentor-text-wrap\"><p class=\"gutentor-text\">El curso se imparte durante el per\u00edodo de octubre a junio en las siguientes opciones:<\/p><\/div><\/div>\n\n\n\n<section id=\"gm66696b7\" class=\"wp-block-gutentor-m3 section-gm66696b7 gutentor-module gutentor-container-cover\"><div class=\"grid-container\">\n<table id=\"tablepress-415\" class=\"tablepress tablepress-id-415\">\n<thead>\n<tr class=\"row-1\">\n\t<th class=\"column-1\">  Horas<br \/>\n  <\/th><th class=\"column-2\">  ECTS<br \/>\n  <\/th><th class=\"column-3\">  Precio<br \/>\n  <\/th>\n<\/tr>\n<\/thead>\n<tbody class=\"row-striping row-hover\">\n<tr class=\"row-2\">\n\t<td class=\"column-1\">  10<br \/>\n  <\/td><td class=\"column-2\">  10<br \/>\n  <\/td><td class=\"column-3\">  1.382,85 \u20ac<br \/>\n  <\/td>\n<\/tr>\n<tr class=\"row-3\">\n\t<td class=\"column-1\">15<\/td><td class=\"column-2\">15<\/td><td class=\"column-3\">1.907,85 \u20ac<\/td>\n<\/tr>\n<tr class=\"row-4\">\n\t<td class=\"column-1\">  20<br \/>\n  <\/td><td class=\"column-2\">  20<br \/>\n  <\/td><td class=\"column-3\">  2.511,60 \u20ac<br \/>\n  <\/td>\n<\/tr>\n<tr class=\"row-5\">\n\t<td class=\"column-1\">  25<br \/>\n  <\/td><td class=\"column-2\">  25<br \/>\n  <\/td><td class=\"column-3\">  3.104,85 \u20ac<br \/>\n  <\/td>\n<\/tr>\n<tr class=\"row-6\">\n\t<td class=\"column-1\">  20+10<br \/>\n  <\/td><td class=\"column-2\">  30<br \/>\n  <\/td><td class=\"column-3\">  3.220,35 \u20ac<br \/>\n  <\/td>\n<\/tr>\n<tr class=\"row-7\">\n\t<td class=\"column-1\">  30<br \/>\n  <\/td><td class=\"column-2\">  30<br \/>\n  <\/td><td class=\"column-3\">  3.719,10 \u20ac<br \/>\n  <\/td>\n<\/tr>\n<\/tbody>\n<\/table>\n<!-- #tablepress-415 from cache -->\n<\/div><\/section>\n\n\n\n<p>(La opci\u00f3n 20 + 10 incluye 20 horas de instrumento y 10 de repertorista)<\/p>\n<\/div><\/div><\/div>\n\n\n\n<div id=\"75ef91\" class=\"wp-block-gutentor-m6-item section-75ef91 gutentor-module gutentor-module-accordion-item\"><div class=\"gutentor-module-accordion-panel g-a-panel-dc29c4\"><div class=\"gm-ah-dc29c4 gutentor-module-accordion-item-heading gutentor-module-icon-position-right\"><span class=\"gutentor-module-accordion-panel-handler\" role=\"button\"><span class=\"gutentor-module-accordion-panel-handler-label\">Requisitos espec\u00edficos<\/span><span class=\"gutentor-module-accordion-icon\"><i class=\"gm-aio-dc29c4 gutentor-module-accordion-icon-open fas fa-plus\"><\/i><i class=\"gm-aic-dc29c4 gutentor-module-accordion-icon-close fas fa-minus\"><\/i><\/span><\/span><\/div><div class=\"gm-ab-dc29c4 gutentor-module-accordion-body\">\n<div id=\"section-g0564f7\" class=\"wp-block-gutentor-e0 section-g0564f7 gutentor-element gutentor-element-advanced-text\"><div class=\"gutentor-text-wrap\"><p class=\"gutentor-text\">Es necesario acreditar el Grado Superior de M\u00fasica. En caso de no tenerlo, es necesario demostrar el propio nivel de conocimiento y estudios musicales mediante las titulaciones correspondientes.<\/p><\/div><\/div>\n\n\n\n<div id=\"section-gf475e9\" class=\"wp-block-gutentor-e0 section-gf475e9 gutentor-element gutentor-element-advanced-text\"><div class=\"gutentor-text-wrap\"><p class=\"gutentor-text\">Las personas candidatas tendr\u00e1n que enviar un enlace a Dropbox o canal Youtube con una interpretaci\u00f3n de una duraci\u00f3n m\u00ednima de 15 minutos, con varios fragmentos de estilos diferentes de diversas obras o partes bastante diferenciadas de una obra compleja, con el instrumento con el que realizan la preinscripci\u00f3n.<\/p><\/div><\/div>\n\n\n\n<div id=\"section-g81922b\" class=\"wp-block-gutentor-e0 section-g81922b gutentor-element gutentor-element-advanced-text\"><div class=\"gutentor-text-wrap\"><p class=\"gutentor-text\">El enlace debe enviarse por correo electr\u00f3nico al <a href=\"https:\/\/www.esmuc.cat\/es\/estudios\/otra-oferta-formativa\/formacio-continuada\/\">coordinador\/a correspondiente<\/a>.<\/p><\/div><\/div>\n\n\n\n<div id=\"section-gcdc12d\" class=\"wp-block-gutentor-e0 section-gcdc12d gutentor-element gutentor-element-advanced-text\"><div class=\"gutentor-text-wrap\"><p class=\"gutentor-text\">El profesorado podr\u00e1 requerir, adem\u00e1s, una audici\u00f3n y\/o una entrevista.<\/p><\/div><\/div>\n<\/div><\/div><\/div>\n<\/div><\/section>\n<\/div>\n<\/div>\n","protected":false},"excerpt":{"rendered":"<p>Instrumentos de la m\u00fasica cl\u00e1sica y contempor\u00e1nea<\/p>\n","protected":false},"author":4,"featured_media":0,"parent":32511,"menu_order":0,"comment_status":"closed","ping_status":"closed","template":"","meta":{"_acf_changed":false,"_themeisle_gutenberg_block_has_review":false,"footnotes":""},"categories":[1225],"tags":[],"class_list":["post-32544","page","type-page","status-publish","hentry","category-altra-oferta-formativa-es"],"acf":[],"publishpress_future_action":{"enabled":false,"date":"2026-04-15 13:28:43","action":"change-status","newStatus":"draft","terms":[],"taxonomy":"category","extraData":[]},"publishpress_future_workflow_manual_trigger":{"enabledWorkflows":[]},"_links":{"self":[{"href":"https:\/\/www.esmuc.cat\/es\/wp-json\/wp\/v2\/pages\/32544","targetHints":{"allow":["GET"]}}],"collection":[{"href":"https:\/\/www.esmuc.cat\/es\/wp-json\/wp\/v2\/pages"}],"about":[{"href":"https:\/\/www.esmuc.cat\/es\/wp-json\/wp\/v2\/types\/page"}],"author":[{"embeddable":true,"href":"https:\/\/www.esmuc.cat\/es\/wp-json\/wp\/v2\/users\/4"}],"replies":[{"embeddable":true,"href":"https:\/\/www.esmuc.cat\/es\/wp-json\/wp\/v2\/comments?post=32544"}],"version-history":[{"count":7,"href":"https:\/\/www.esmuc.cat\/es\/wp-json\/wp\/v2\/pages\/32544\/revisions"}],"predecessor-version":[{"id":110109,"href":"https:\/\/www.esmuc.cat\/es\/wp-json\/wp\/v2\/pages\/32544\/revisions\/110109"}],"up":[{"embeddable":true,"href":"https:\/\/www.esmuc.cat\/es\/wp-json\/wp\/v2\/pages\/32511"}],"wp:attachment":[{"href":"https:\/\/www.esmuc.cat\/es\/wp-json\/wp\/v2\/media?parent=32544"}],"wp:term":[{"taxonomy":"category","embeddable":true,"href":"https:\/\/www.esmuc.cat\/es\/wp-json\/wp\/v2\/categories?post=32544"},{"taxonomy":"post_tag","embeddable":true,"href":"https:\/\/www.esmuc.cat\/es\/wp-json\/wp\/v2\/tags?post=32544"}],"curies":[{"name":"wp","href":"https:\/\/api.w.org\/{rel}","templated":true}]}}