{"id":32543,"date":"2021-06-28T10:12:40","date_gmt":"2021-06-28T08:12:40","guid":{"rendered":"https:\/\/www.esmuc.cat\/formacio-continuada\/direccio\/"},"modified":"2025-06-30T13:08:35","modified_gmt":"2025-06-30T11:08:35","slug":"direccio","status":"publish","type":"page","link":"https:\/\/www.esmuc.cat\/es\/estudios\/otra-oferta-formativa\/formacio-continuada\/direccio\/","title":{"rendered":"Direcci\u00f3n"},"content":{"rendered":"\n<div class=\"wp-block-columns is-layout-flex wp-container-core-columns-is-layout-9d6595d7 wp-block-columns-is-layout-flex\">\n<div class=\"wp-block-column esmuc__Menu_Masters is-layout-flow wp-block-column-is-layout-flow\" style=\"flex-basis:33.33%\">\n\n\n\n\n<p><\/p>\n<\/div>\n\n\n\n<div class=\"wp-block-column is-layout-flow wp-block-column-is-layout-flow\" style=\"flex-basis:66.66%\"><div class=\"breadcrumbs align  wp-block-bcn-breadcrumb-trail has-text-color has-background\" vocab=\"https:\/\/schema.org\/\" typeof=\"BreadcrumbList\">\n\t<span><\/span>\n\t<span property=\"itemListElement\" typeof=\"ListItem\"><a property=\"item\" typeof=\"WebPage\" title=\"Ir a ESMUC.\" href=\"https:\/\/www.esmuc.cat\/es\/\" class=\"home\" ><span property=\"name\">ESMUC<\/span><\/a><meta property=\"position\" content=\"1\"><\/span> &gt; <span property=\"itemListElement\" typeof=\"ListItem\"><a property=\"item\" typeof=\"WebPage\" title=\"Ir a Estudios.\" href=\"https:\/\/www.esmuc.cat\/es\/estudios\/\" class=\"post post-page\" ><span property=\"name\">Estudios<\/span><\/a><meta property=\"position\" content=\"2\"><\/span> &gt; <span property=\"itemListElement\" typeof=\"ListItem\"><a property=\"item\" typeof=\"WebPage\" title=\"Ir a Otra oferta formativa.\" href=\"https:\/\/www.esmuc.cat\/es\/estudios\/otra-oferta-formativa\/\" class=\"post post-page\" ><span property=\"name\">Otra oferta formativa<\/span><\/a><meta property=\"position\" content=\"3\"><\/span> &gt; <span property=\"itemListElement\" typeof=\"ListItem\"><a property=\"item\" typeof=\"WebPage\" title=\"Ir a Formaci\u00f3n continuada.\" href=\"https:\/\/www.esmuc.cat\/es\/estudios\/otra-oferta-formativa\/formacio-continuada\/\" class=\"post post-page\" ><span property=\"name\">Formaci\u00f3n continuada<\/span><\/a><meta property=\"position\" content=\"4\"><\/span> &gt; <span property=\"itemListElement\" typeof=\"ListItem\"><span property=\"name\" class=\"post post-page current-item\">Direcci\u00f3n<\/span><meta property=\"url\" content=\"https:\/\/www.esmuc.cat\/es\/estudios\/otra-oferta-formativa\/formacio-continuada\/direccio\/\"><meta property=\"position\" content=\"5\"><\/span><\/div>\n\n\n\n<h1 class=\"wp-block-heading\">Direcci\u00f3n<\/h1>\n\n\n\n<div id=\"section-g989828\" class=\"wp-block-gutentor-e0 section-g989828 gutentor-element gutentor-element-advanced-text\"><div class=\"gutentor-text-wrap\"><p class=\"gutentor-text\">El curso de formaci\u00f3n continuada en Direcci\u00f3n procura formaci\u00f3n, mediante atenci\u00f3n individualizada, a toda aquella persona interesada que disponga de una formaci\u00f3n musical equivalente a un grado medio.<\/p><\/div><\/div>\n\n\n\n<div id=\"section-g2f6178\" class=\"wp-block-gutentor-e0 section-g2f6178 gutentor-element gutentor-element-advanced-text\"><div class=\"gutentor-text-wrap\"><p class=\"gutentor-text\">Se dirige a estudiantes de direcci\u00f3n y m\u00fasicos en general.<\/p><\/div><\/div>\n\n\n\n<div id=\"section-gdc5e77\" class=\"wp-block-gutentor-e0 section-gdc5e77 gutentor-element gutentor-element-advanced-text\"><div class=\"gutentor-text-wrap\"><p class=\"gutentor-text\">Tiene como objetivos:<\/p><\/div><\/div>\n\n\n\n<div id=\"section-g5e021e\" class=\"wp-block-gutentor-e7 section-g5e021e gutentor-element gutentor-element-list\"><ul class=\"grid-row gutentor-grid-item-wrap list-indicator-icon\"><li class=\"gutentor-list-item grid-lg-12 grid-md-12 grid-12\"><span class=\"gutentor-single-item gutentor-single-item-0\"><span class=\"gutentor-list-item-wrap g-s-list-wrap\"><span class=\"gutentor-single-list-item-icon\"><i class=\"list-item-icon fas fa-angle-right\"><\/i><\/span><span class=\"gutentor-list-item\"><p class=\"gutentor-single-item-title\">Dotar al alumnado de herramientas, recursos, reflexi\u00f3n y experiencia en el campo de la direcci\u00f3n musical.<\/p><\/span><\/span><\/span><\/li><li class=\"gutentor-list-item grid-lg-12 grid-md-12 grid-12\"><span class=\"gutentor-single-item gutentor-single-item-1\"><span class=\"gutentor-list-item-wrap g-s-list-wrap\"><span class=\"gutentor-single-list-item-icon\"><i class=\"list-item-icon fas fa-angle-right\"><\/i><\/span><span class=\"gutentor-list-item\"><p class=\"gutentor-single-item-title\">Incorporar mecanismos de autonom\u00eda en el estudio, investigaci\u00f3n y perfeccionamiento en el campo de la direcci\u00f3n musical.<\/p><\/span><\/span><\/span><\/li><li class=\"gutentor-list-item grid-lg-12 grid-md-12 grid-12\"><span class=\"gutentor-single-item gutentor-single-item-2\"><span class=\"gutentor-list-item-wrap g-s-list-wrap\"><span class=\"gutentor-single-list-item-icon\"><i class=\"list-item-icon fas fa-angle-right\"><\/i><\/span><span class=\"gutentor-list-item\"><p class=\"gutentor-single-item-title\">Encaminar al alumnado hacia el desarrollo de un lenguaje y expresividad musicales propios.<\/p><\/span><\/span><\/span><\/li><\/ul><\/div>\n\n\n\n<section id=\"34c43d\" class=\"section-34c43d gutentor-module gutentor-module-accordion\"><div class=\"grid-container\">\n<div id=\"15fad9\" class=\"wp-block-gutentor-m6-item section-15fad9 gutentor-module gutentor-module-accordion-item\"><div class=\"gutentor-module-accordion-panel g-a-panel-34c43d\"><div class=\"gm-ah-34c43d gutentor-module-accordion-item-heading gutentor-module-icon-position-right\"><span class=\"gutentor-module-accordion-panel-handler\" role=\"button\"><span class=\"gutentor-module-accordion-panel-handler-label\">Direcci\u00f3n y profesorado<\/span><span class=\"gutentor-module-accordion-icon\"><i class=\"gm-aio-34c43d gutentor-module-accordion-icon-open fas fa-plus\"><\/i><i class=\"gm-aic-34c43d gutentor-module-accordion-icon-close fas fa-minus\"><\/i><\/span><\/span><\/div><div class=\"gm-ab-34c43d gutentor-module-accordion-body\">\n<div id=\"section-g71afdd\" class=\"wp-block-gutentor-e0 section-g71afdd gutentor-element gutentor-element-advanced-text\"><div class=\"gutentor-text-wrap\"><p class=\"gutentor-text\"><strong>Coordinador del curso:<\/strong> Josep Moliner<\/p><\/div><\/div>\n\n\n\n<div id=\"section-gd155d5\" class=\"wp-block-gutentor-e0 section-gd155d5 gutentor-element gutentor-element-advanced-text\"><div class=\"gutentor-text-wrap\"><p class=\"gutentor-text\"><strong>Direcci\u00f3n coral: <\/strong>Josep Vila Casa\u00f1as, Mireia Barrera<\/p><\/div><\/div>\n\n\n\n<div id=\"section-ga1ddb6\" class=\"wp-block-gutentor-e0 section-ga1ddb6 gutentor-element gutentor-element-advanced-text\"><div class=\"gutentor-text-wrap\"><p class=\"gutentor-text\"><strong>Direcci\u00f3n orquestal: <\/strong>Salvador Brotons, Irene Delgado<\/p><\/div><\/div>\n<\/div><\/div><\/div>\n\n\n\n<div id=\"6b6982\" class=\"wp-block-gutentor-m6-item section-6b6982 gutentor-module gutentor-module-accordion-item\"><div class=\"gutentor-module-accordion-panel g-a-panel-34c43d\"><div class=\"gm-ah-34c43d gutentor-module-accordion-item-heading gutentor-module-icon-position-right\"><span class=\"gutentor-module-accordion-panel-handler\" role=\"button\"><span class=\"gutentor-module-accordion-panel-handler-label\">Duraci\u00f3n, calendario y precios<\/span><span class=\"gutentor-module-accordion-icon\"><i class=\"gm-aio-34c43d gutentor-module-accordion-icon-open fas fa-plus\"><\/i><i class=\"gm-aic-34c43d gutentor-module-accordion-icon-close fas fa-minus\"><\/i><\/span><\/span><\/div><div class=\"gm-ab-34c43d gutentor-module-accordion-body\">\n<div id=\"section-g84d2e2\" class=\"wp-block-gutentor-e0 section-g84d2e2 gutentor-element gutentor-element-advanced-text\"><div class=\"gutentor-text-wrap\"><p class=\"gutentor-text\">El curso se imparte durante el per\u00edodo de octubre a junio en las siguientes opciones:<\/p><\/div><\/div>\n\n\n\n<section id=\"gm9d89cbd\" class=\"wp-block-gutentor-m3 section-gm9d89cbd gutentor-module gutentor-container-cover\"><div class=\"grid-container\">\n<table id=\"tablepress-411\" class=\"tablepress tablepress-id-411\">\n<thead>\n<tr class=\"row-1\">\n\t<th class=\"column-1\">  Horas<br \/>\n  <\/th><th class=\"column-2\">  ECTS<br \/>\n  <\/th><th class=\"column-3\">  Precio<br \/>\n  <\/th>\n<\/tr>\n<\/thead>\n<tbody class=\"row-striping row-hover\">\n<tr class=\"row-2\">\n\t<td class=\"column-1\">  15 sin pr\u00e1cticas<br \/>\n  <\/td><td class=\"column-2\">  15<br \/>\n  <\/td><td class=\"column-3\">  1.942,50 \u20ac<br \/>\n  <\/td>\n<\/tr>\n<tr class=\"row-3\">\n\t<td class=\"column-1\">  15 con pr\u00e1cticas\u00a0<br \/>\n  <\/td><td class=\"column-2\">  15<br \/>\n  <\/td><td class=\"column-3\"> 3.076,50 \u20ac<br \/>\n  <\/td>\n<\/tr>\n<tr class=\"row-4\">\n\t<td class=\"column-1\">  30 sin pr\u00e1cticas<br \/>\n  <\/td><td class=\"column-2\">  30<br \/>\n  <\/td><td class=\"column-3\">  3.753,75 \u20ac<br \/>\n  <\/td>\n<\/tr>\n<tr class=\"row-5\">\n\t<td class=\"column-1\">  30 con pr\u00e1cticas\u00a0<br \/>\n  <\/td><td class=\"column-2\">  30<br \/>\n  <\/td><td class=\"column-3\">  4.887,75 \u20ac<br \/>\n  <\/td>\n<\/tr>\n<\/tbody>\n<\/table>\n<!-- #tablepress-411 from cache -->\n<\/div><\/section>\n\n\n\n<div id=\"section-gdd9c18\" class=\"wp-block-gutentor-e0 section-gdd9c18 gutentor-element gutentor-element-advanced-text\"><div class=\"gutentor-text-wrap\"><p class=\"gutentor-text\">El calendario, el horario y el idioma de impartici\u00f3n de las clases se establece entre el profesor y el estudiante.<\/p><\/div><\/div>\n\n\n\n<div id=\"section-gc9c746\" class=\"wp-block-gutentor-e0 section-gc9c746 gutentor-element gutentor-element-advanced-text\"><div class=\"gutentor-text-wrap\"><p class=\"gutentor-text\">Por este curso se establece un importe de preinscripci\u00f3n que en caso de ser aceptado en el curso se descontar\u00e1 del importe total. De lo contrario, se devolver\u00e1.<\/p><\/div><\/div>\n<\/div><\/div><\/div>\n\n\n\n<div id=\"5d65fc\" class=\"wp-block-gutentor-m6-item section-5d65fc gutentor-module gutentor-module-accordion-item\"><div class=\"gutentor-module-accordion-panel g-a-panel-34c43d\"><div class=\"gm-ah-34c43d gutentor-module-accordion-item-heading gutentor-module-icon-position-right\"><span class=\"gutentor-module-accordion-panel-handler\" role=\"button\"><span class=\"gutentor-module-accordion-panel-handler-label\">Requisitos espec\u00edficos<\/span><span class=\"gutentor-module-accordion-icon\"><i class=\"gm-aio-34c43d gutentor-module-accordion-icon-open fas fa-plus\"><\/i><i class=\"gm-aic-34c43d gutentor-module-accordion-icon-close fas fa-minus\"><\/i><\/span><\/span><\/div><div class=\"gm-ab-34c43d gutentor-module-accordion-body\">\n<div id=\"section-ga3a619\" class=\"wp-block-gutentor-e0 section-ga3a619 gutentor-element gutentor-element-advanced-text\"><div class=\"gutentor-text-wrap\"><p class=\"gutentor-text\">Es necesario acreditar formaci\u00f3n y experiencia previa en el campo de la direcci\u00f3n<\/p><\/div><\/div>\n<\/div><\/div><\/div>\n<\/div><\/section>\n<\/div>\n<\/div>\n","protected":false},"excerpt":{"rendered":"<p>Direcci\u00f3n<\/p>\n","protected":false},"author":4,"featured_media":0,"parent":32511,"menu_order":0,"comment_status":"closed","ping_status":"closed","template":"","meta":{"_acf_changed":false,"_themeisle_gutenberg_block_has_review":false,"footnotes":""},"categories":[1225],"tags":[],"class_list":["post-32543","page","type-page","status-publish","hentry","category-altra-oferta-formativa-es"],"acf":[],"publishpress_future_action":{"enabled":false,"date":"2026-04-10 22:24:35","action":"change-status","newStatus":"draft","terms":[],"taxonomy":"category","extraData":[]},"publishpress_future_workflow_manual_trigger":{"enabledWorkflows":[]},"_links":{"self":[{"href":"https:\/\/www.esmuc.cat\/es\/wp-json\/wp\/v2\/pages\/32543","targetHints":{"allow":["GET"]}}],"collection":[{"href":"https:\/\/www.esmuc.cat\/es\/wp-json\/wp\/v2\/pages"}],"about":[{"href":"https:\/\/www.esmuc.cat\/es\/wp-json\/wp\/v2\/types\/page"}],"author":[{"embeddable":true,"href":"https:\/\/www.esmuc.cat\/es\/wp-json\/wp\/v2\/users\/4"}],"replies":[{"embeddable":true,"href":"https:\/\/www.esmuc.cat\/es\/wp-json\/wp\/v2\/comments?post=32543"}],"version-history":[{"count":8,"href":"https:\/\/www.esmuc.cat\/es\/wp-json\/wp\/v2\/pages\/32543\/revisions"}],"predecessor-version":[{"id":110095,"href":"https:\/\/www.esmuc.cat\/es\/wp-json\/wp\/v2\/pages\/32543\/revisions\/110095"}],"up":[{"embeddable":true,"href":"https:\/\/www.esmuc.cat\/es\/wp-json\/wp\/v2\/pages\/32511"}],"wp:attachment":[{"href":"https:\/\/www.esmuc.cat\/es\/wp-json\/wp\/v2\/media?parent=32543"}],"wp:term":[{"taxonomy":"category","embeddable":true,"href":"https:\/\/www.esmuc.cat\/es\/wp-json\/wp\/v2\/categories?post=32543"},{"taxonomy":"post_tag","embeddable":true,"href":"https:\/\/www.esmuc.cat\/es\/wp-json\/wp\/v2\/tags?post=32543"}],"curies":[{"name":"wp","href":"https:\/\/api.w.org\/{rel}","templated":true}]}}