{"id":32511,"date":"2021-04-07T14:24:41","date_gmt":"2021-04-07T12:24:41","guid":{"rendered":"https:\/\/www.esmuc.cat\/formacio-continuada\/"},"modified":"2025-08-28T13:59:51","modified_gmt":"2025-08-28T11:59:51","slug":"formacio-continuada","status":"publish","type":"page","link":"https:\/\/www.esmuc.cat\/es\/estudios\/otra-oferta-formativa\/formacio-continuada\/","title":{"rendered":"Formaci\u00f3n continuada"},"content":{"rendered":"\n<div class=\"wp-block-columns is-layout-flex wp-container-core-columns-is-layout-9d6595d7 wp-block-columns-is-layout-flex\">\n<div class=\"wp-block-column esmuc__Menu_Masters is-layout-flow wp-block-column-is-layout-flow\" style=\"flex-basis:33.33%\">\n\n\n\n\n<p><\/p>\n<\/div>\n\n\n\n<div class=\"wp-block-column is-layout-flow wp-block-column-is-layout-flow\" style=\"flex-basis:66.66%\"><div class=\"breadcrumbs align  wp-block-bcn-breadcrumb-trail has-text-color has-background\" vocab=\"https:\/\/schema.org\/\" typeof=\"BreadcrumbList\">\n\t<span><\/span>\n\t<span property=\"itemListElement\" typeof=\"ListItem\"><a property=\"item\" typeof=\"WebPage\" title=\"Ir a ESMUC.\" href=\"https:\/\/www.esmuc.cat\/es\/\" class=\"home\" ><span property=\"name\">ESMUC<\/span><\/a><meta property=\"position\" content=\"1\"><\/span> &gt; <span property=\"itemListElement\" typeof=\"ListItem\"><a property=\"item\" typeof=\"WebPage\" title=\"Ir a Estudios.\" href=\"https:\/\/www.esmuc.cat\/es\/estudios\/\" class=\"post post-page\" ><span property=\"name\">Estudios<\/span><\/a><meta property=\"position\" content=\"2\"><\/span> &gt; <span property=\"itemListElement\" typeof=\"ListItem\"><a property=\"item\" typeof=\"WebPage\" title=\"Ir a Otra oferta formativa.\" href=\"https:\/\/www.esmuc.cat\/es\/estudios\/otra-oferta-formativa\/\" class=\"post post-page\" ><span property=\"name\">Otra oferta formativa<\/span><\/a><meta property=\"position\" content=\"3\"><\/span> &gt; <span property=\"itemListElement\" typeof=\"ListItem\"><span property=\"name\" class=\"post post-page current-item\">Formaci\u00f3n continuada<\/span><meta property=\"url\" content=\"https:\/\/www.esmuc.cat\/es\/estudios\/otra-oferta-formativa\/formacio-continuada\/\"><meta property=\"position\" content=\"4\"><\/span><\/div>\n\n\n\n<h1 class=\"wp-block-heading\">Formaci\u00f3n continuada<\/h1>\n\n\n\n<div style=\"height:10px\" aria-hidden=\"true\" class=\"wp-block-spacer\"><\/div>\n\n\n\n<div id=\"section-g0c20cb\" class=\"wp-block-gutentor-e6 section-g0c20cb gutentor-element gutentor-element-image\"><div class=\"gutentor-element-image-box\"><div class=\"gutentor-image-thumb\"><img decoding=\"async\" class=\"normal-image\" src=\"http:\/\/www.esmuc.cat\/wp-content\/uploads\/2021\/10\/Classe-ensemble-antiga.jpg\" alt=\"Classe Ensemble Antiga\" \/><\/div><\/div><\/div>\n\n\n\n<div style=\"height:36px\" aria-hidden=\"true\" class=\"wp-block-spacer\"><\/div>\n\n\n\n<div id=\"section-g804d83\" class=\"wp-block-gutentor-e0 section-g804d83 gutentor-element gutentor-element-advanced-text\"><div class=\"gutentor-text-wrap\"><p class=\"gutentor-text\">Los cursos de formaci\u00f3n continuada est\u00e1n pensados \u200b\u200bpara aquellas personas que no se adaptan al perfil de estudiante de grado, o bien que ya lo han superado y quieren mejorar alg\u00fan aspecto relacionado con su profesionalizaci\u00f3n como int\u00e9rprete, o como profesional de la direcci\u00f3n y la composici\u00f3n.<\/p><\/div><\/div>\n\n\n\n<div id=\"section-g594df4\" class=\"wp-block-gutentor-e0 section-g594df4 gutentor-element gutentor-element-advanced-text\"><div class=\"gutentor-text-wrap\"><p class=\"gutentor-text\">Para acceder a estos cursos, las personas interesadas deben acreditar una formaci\u00f3n musical m\u00ednima equivalente a un grado medio. En algunos casos, deber\u00e1n tener tambi\u00e9n formaci\u00f3n y experiencia previa en ese campo concreto, o demostrar su nivel interpretativo mediante una grabaci\u00f3n de v\u00eddeo. El profesorado podr\u00e1 requerir, adem\u00e1s, una audici\u00f3n y\/o entrevista.<\/p><\/div><\/div>\n\n\n\n<div id=\"section-g50ec25\" class=\"wp-block-gutentor-e0 section-g50ec25 gutentor-element gutentor-element-advanced-text\"><div class=\"gutentor-text-wrap\"><p class=\"gutentor-text\">Las clases se imparten de forma individualizada, con la periodicidad y horario que acuerden el alumnado y el profesorado, y de acuerdo con la disponibilidad de aulas en el centro. Algunos cursos se pueden complementar con un proyecto interpretativo o relacionado con el instrumento, en su caso.<\/p><\/div><\/div>\n\n\n\n<div style=\"height:10px\" aria-hidden=\"true\" class=\"wp-block-spacer\"><\/div>\n\n\n\n<h4 class=\"wp-block-heading\">Titulaci\u00f3n<\/h4>\n\n\n\n<div style=\"height:10px\" aria-hidden=\"true\" class=\"wp-block-spacer\"><\/div>\n\n\n\n<div id=\"section-g856f76\" class=\"wp-block-gutentor-e0 section-g856f76 gutentor-element gutentor-element-advanced-text\"><div class=\"gutentor-text-wrap\"><p class=\"gutentor-text\">Al finalizar el curso de formaci\u00f3n continuada, las personas inscritas obtienen un diploma acreditativo de asistencia y aprovechamiento donde se indica el profesorado que lo ha impartido, el n\u00famero de horas lectivas y, en su caso, tambi\u00e9n el instrumento con el cual se ha cursado esta formaci\u00f3n.<\/p><\/div><\/div>\n\n\n\n<hr class=\"wp-block-separator has-css-opacity\"\/>\n\n\n\n<section id=\"58f01d\" class=\"section-58f01d gutentor-module gutentor-module-tabs gutentor-tabs-layout-horizontal gutentor-tabs-pos-top\"><div class=\"grid-container gutentor-rm-ct-space-d\"><div class=\"gutentor-module-tabs-wrap gutentor-tabs-style-outline\" data-id=\"58f01d\"><div class=\"gutentor-module-tabs-nav text-align-left-desktop\"><span class=\"gutentor-module-tabs-item gm-tt-58f01d gutentor-tabs-nav-active\"><span class=\"gutentor-module-tabs-title\">Oferta formativa<\/span><\/span><span class=\"gutentor-module-tabs-item gm-tt-58f01d\"><span class=\"gutentor-module-tabs-title\">Acceso y admisi\u00f3n<\/span><\/span><span class=\"gutentor-module-tabs-item gm-tt-58f01d\"><span class=\"gutentor-module-tabs-title\">Matriculaci\u00f3n<\/span><\/span><\/div><div class=\"gutentor-module-tabs-body\">\n<div class=\"wp-block-gutentor-m7-tab gutentor-module-tabs-content gm-tc-58f01d gutentor-tabs-content-active\">\n<li><a class=\"list-group-item\" href=\"https:\/\/www.esmuc.cat\/es\/formacio-continuada\/composicio\/\">Composici\u00f3n<\/a><\/li>\n<li><a class=\"list-group-item\" href=\"https:\/\/www.esmuc.cat\/es\/formacio-continuada\/direccio\/\">Direcci\u00f3n<\/a><\/li>\n<li><a class=\"list-group-item\" href=\"https:\/\/www.esmuc.cat\/es\/formacio-continuada\/instruments-de-la-musica-antiga-i-cant-historic\/\">Instrumentos de la m\u00fasica antigua y Canto hist\u00f3rico<\/a><\/li>\n<li><a class=\"list-group-item\" href=\"https:\/\/www.esmuc.cat\/es\/formacio-continuada\/instruments-de-la-musica-classica-i-contemporania\/\">Instrumentos de la m\u00fasica cl\u00e1sica y contempor\u00e1nea<\/a><\/li>\n<li><a class=\"list-group-item\" href=\"https:\/\/www.esmuc.cat\/es\/formacio-continuada\/instruments-de-jazz-i-de-la-musica-moderna\/\">Instrumentos de jazz y de la m\u00fasica moderna<\/a><\/li>\n<li><a class=\"list-group-item\" href=\"https:\/\/www.esmuc.cat\/es\/formacio-continuada\/instruments-de-la-musica-tradicional\/\">Instrumentos de la m\u00fasica tradicional<\/a><\/li><a class=\"list-group-item\" href=\"https:\/\/www.esmuc.cat\/es\/formacio-continuada\/instruments-de-la-cobla\/\">Instrumentos de la cobla<\/a>\n<li><a class=\"list-group-item\" href=\"https:\/\/www.esmuc.cat\/es\/formacio-continuada\/instruments-del-flamenco\/\">Instrumentos del flamenco<\/a><\/li>\n<\/div>\n\n\n\n<div class=\"wp-block-gutentor-m7-tab gutentor-module-tabs-content gm-tc-58f01d\">\n<h3 class=\"wp-block-heading\">Documentaci\u00f3n requerida<\/h3>\n\n\n\n<div id=\"section-gda717d\" class=\"wp-block-gutentor-e0 section-gda717d gutentor-element gutentor-element-advanced-text\"><div class=\"gutentor-text-wrap\"><p class=\"gutentor-text\">Los estudiantes tendr\u00e1n que enviar:<\/p><\/div><\/div>\n\n\n\n<div id=\"section-g9e3736\" class=\"wp-block-gutentor-e7 section-g9e3736 gutentor-element gutentor-element-list\"><ul class=\"grid-row gutentor-grid-item-wrap list-indicator-icon\"><li class=\"gutentor-list-item grid-lg-12 grid-md-12 grid-12\"><span class=\"gutentor-single-item gutentor-single-item-0\"><span class=\"gutentor-list-item-wrap g-s-list-wrap\"><span class=\"gutentor-single-list-item-icon\"><i class=\"list-item-icon fas fa-angle-right\"><\/i><\/span><span class=\"gutentor-list-item\"><p class=\"gutentor-single-item-title\">Solicitud de preinscripci\u00f3n.<\/p><\/span><\/span><\/span><\/li><li class=\"gutentor-list-item grid-lg-12 grid-md-12 grid-12\"><span class=\"gutentor-single-item gutentor-single-item-1\"><span class=\"gutentor-list-item-wrap g-s-list-wrap\"><span class=\"gutentor-single-list-item-icon\"><i class=\"list-item-icon fas fa-angle-right\"><\/i><\/span><span class=\"gutentor-list-item\"><p class=\"gutentor-single-item-title\">Fotocopia del DNI, NIE o pasaporte (sin recortar).<\/p><\/span><\/span><\/span><\/li><li class=\"gutentor-list-item grid-lg-12 grid-md-12 grid-12\"><span class=\"gutentor-single-item gutentor-single-item-2\"><span class=\"gutentor-list-item-wrap g-s-list-wrap\"><span class=\"gutentor-single-list-item-icon\"><i class=\"list-item-icon fas fa-angle-right\"><\/i><\/span><span class=\"gutentor-list-item\"><p class=\"gutentor-single-item-title\">Fotograf\u00eda de tama\u00f1o carn\u00e9<\/p><\/span><\/span><\/span><\/li><li class=\"gutentor-list-item grid-lg-12 grid-md-12 grid-12\"><span class=\"gutentor-single-item gutentor-single-item-3\"><span class=\"gutentor-list-item-wrap g-s-list-wrap\"><span class=\"gutentor-single-list-item-icon\"><i class=\"list-item-icon fas fa-angle-right\"><\/i><\/span><span class=\"gutentor-list-item\"><p class=\"gutentor-single-item-title\">Curr\u00edculum vitae donde se especifique la formaci\u00f3n, conocimientos y actividades en el \u00e1mbito musical. Adem\u00e1s, en su caso, la experiencia investigadora, las publicaciones, las ayudas o becas obtenidas y la experiencia profesional (*)<\/p><\/span><\/span><\/span><\/li><li class=\"gutentor-list-item grid-lg-12 grid-md-12 grid-12\"><span class=\"gutentor-single-item gutentor-single-item-4\"><span class=\"gutentor-list-item-wrap g-s-list-wrap\"><span class=\"gutentor-single-list-item-icon\"><i class=\"list-item-icon fas fa-angle-right\"><\/i><\/span><span class=\"gutentor-list-item\"><p class=\"gutentor-single-item-title\">Carta de motivaci\u00f3n (*)<\/p><\/span><\/span><\/span><\/li><li class=\"gutentor-list-item grid-lg-12 grid-md-12 grid-12\"><span class=\"gutentor-single-item gutentor-single-item-5\"><span class=\"gutentor-list-item-wrap g-s-list-wrap\"><span class=\"gutentor-single-list-item-icon\"><i class=\"list-item-icon fas fa-angle-right\"><\/i><\/span><span class=\"gutentor-list-item\"><p class=\"gutentor-single-item-title\">Los candidatos tendr\u00e1n que enviar un enlace a Dropbox o canal Youtube con una interpretaci\u00f3n de una duraci\u00f3n m\u00ednima de 15 minutos, con varios fragmentos de estilos diferentes de varias obras o partes bastante diferenciadas de una obra compleja, con el instrumento con el que realizan la preinscripci\u00f3n. El profesor\/a podr\u00e1 requerir, adem\u00e1s, una audici\u00f3n y\/o una entrevista.<\/p><\/span><\/span><\/span><\/li><\/ul><\/div>\n\n\n\n<div id=\"section-g9a9509\" class=\"wp-block-gutentor-e0 section-g9a9509 gutentor-element gutentor-element-advanced-text\"><div class=\"gutentor-text-wrap\"><p class=\"gutentor-text\">(*) Pueden estar escritos en catal\u00e1n, castellano, ingl\u00e9s, franc\u00e9s o italiano.<\/p><\/div><\/div>\n\n\n\n<div id=\"section-gb6c0b2\" class=\"wp-block-gutentor-e0 section-gb6c0b2 gutentor-element gutentor-element-advanced-text\"><div class=\"gutentor-text-wrap\"><p class=\"gutentor-text\">La documentaci\u00f3n debe enviarse por correo electr\u00f3nico, al coordinador\/a del departamento correspondiente que aparece en la siguiente tabla:<\/p><\/div><\/div>\n\n\n\n<table id=\"tablepress-406\" class=\"tablepress tablepress-id-406 tbody-has-connected-cells\">\n<thead>\n<tr class=\"row-1\">\n\t<th class=\"column-1\">Cursos<br \/>\n  <\/th><th class=\"column-2\">Especialidades<br \/>\n  <\/th><th class=\"column-3\">Correo electr\u00f3nico de contacto<br \/>\n  <\/th>\n<\/tr>\n<\/thead>\n<tbody class=\"row-striping row-hover\">\n<tr class=\"row-2\">\n\t<td class=\"column-1\">Composici\u00f3n<br \/>\n  <\/td><td class=\"column-2\"><\/td><td class=\"column-3\">eresina@esmuc.cat<br \/>\n  <\/td>\n<\/tr>\n<tr class=\"row-3\">\n\t<td class=\"column-1\">Interpretaci\u00f3n de la m\u00fasica cl\u00e1sica y contempor\u00e1nea, y Direcci\u00f3n<br \/>\n  <\/td><td class=\"column-2\"><\/td><td class=\"column-3\">continuada_cic@esmuc.cat<\/td>\n<\/tr>\n<tr class=\"row-4\">\n\t<td colspan=\"2\" class=\"column-1\"> Interpretaci\u00f3n de la M\u00fasica antigua<\/td><td class=\"column-3\">departament.antiga@esmuc.cat<br \/>\n  <\/td>\n<\/tr>\n<tr class=\"row-5\">\n\t<td colspan=\"2\" class=\"column-1\">  Interpretaci\u00f3n del Jazz, Flamenco. M\u00fasica moderna y Tradicional Catalana  <\/td><td class=\"column-3\">jsanmarti@esmuc.cat<br \/>\n  <\/td>\n<\/tr>\n<\/tbody>\n<\/table>\n<!-- #tablepress-406 from cache -->\n<\/div>\n\n\n\n<div class=\"wp-block-gutentor-m7-tab gutentor-module-tabs-content gm-tc-58f01d\">\n<div style=\"height:30px\" aria-hidden=\"true\" class=\"wp-block-spacer\"><\/div>\n\n\n\n<h3 class=\"wp-block-heading\">Preinscripci\u00f3n y matr\u00edcula curso 2025-2026<\/h3>\n\n\n\n<div style=\"height:20px\" aria-hidden=\"true\" class=\"wp-block-spacer\"><\/div>\n\n\n\n<div id=\"section-g4566f0\" class=\"wp-block-gutentor-e0 section-g4566f0 gutentor-element gutentor-element-advanced-text\"><div class=\"gutentor-text-wrap\"><p class=\"gutentor-text\"><strong>Fechas preinscripci\u00f3n y matr\u00edcula: del 23 de julio al 7 de septiembre de 2025.<\/strong><br><br>Al realizar la solicitud de inscripci\u00f3n a los cursos de formaci\u00f3n continuada, el aspirante debe adelantar un importe econ\u00f3mico correspondiente al <strong>10% del importe total del curso<\/strong>. Este importe se descontar\u00e1 de la matr\u00edcula. Solo en el caso de que la solicitud no sea aceptada se devolver\u00e1 la totalidad del importe abonado. Si es el estudiante quien renuncia a la formalizaci\u00f3n de la matr\u00edcula, no se devolver\u00e1 ning\u00fan importe abonado.<\/p><\/div><\/div>\n\n\n\n<div id=\"section-gcf4594\" class=\"wp-block-gutentor-e0 section-gcf4594 gutentor-element gutentor-element-advanced-text\"><div class=\"gutentor-text-wrap\"><p class=\"gutentor-text\"><strong>Procedimiento<\/strong><\/p><\/div><\/div>\n\n\n\n<ol class=\"wp-block-list\">\n<li>Acceder al <a href=\"https:\/\/esmuc.gwido.cat\/inscripcio_ciutadana\/public\/dades_personals\/20?r=1\">formulario de preinscripci\u00f3n<\/a>.<\/li>\n\n\n\n<li>Darse de alta como usuario\/a.<\/li>\n\n\n\n<li>Seleccionar el curso que sea de su inter\u00e9s.<\/li>\n\n\n\n<li>Indicar los datos de la cuenta corriente donde se deber\u00e1 reintegrar el 50% del importe de la preinscripci\u00f3n en caso de no ser aceptado\/a.<\/li>\n\n\n\n<li>Revisar la hoja de pago.<\/li>\n\n\n\n<li>Realizar el pago dentro de los plazos establecidos.<\/li>\n\n\n\n<li>Enviar la <a href=\"https:\/\/www.esmuc.cat\/es\/formacio-continuada\/documentacio-requerida\/\">Documentaci\u00f3n<\/a> requerida durante el per\u00edodo de preinscripci\u00f3n.<\/li>\n<\/ol>\n\n\n\n<div style=\"height:11px\" aria-hidden=\"true\" class=\"wp-block-spacer\"><\/div>\n\n\n\n<div id=\"section-g-duc1gd3\" class=\"wp-block-gutentor-e2 section-g-duc1gd3 gutentor-element gutentor-element-button\"><span class=\"gutentor-button-wrap\"><a class=\"gutentor-button gutentor-block-button gutentor-icon-hide\" href=\"\/\/esmuc.gwido.cat\/inscripcio_ciutadana\/public\/dades_personals\/20?r=1\"><i class=\"gutentor-button-icon fas fa-book\"><\/i><span>FORMULARIO DE PREINSCRIPCI\u00d3N<\/span><\/a><\/span><\/div>\n\n\n\n<div style=\"height:60px\" aria-hidden=\"true\" class=\"wp-block-spacer\"><\/div>\n\n\n\n<h4 class=\"wp-block-heading\">Tarifas y pago<\/h4>\n\n\n\n<div style=\"height:30px\" aria-hidden=\"true\" class=\"wp-block-spacer\"><\/div>\n\n\n\n<section id=\"gm18498a5\" class=\"wp-block-gutentor-m3 section-gm18498a5 gutentor-module gutentor-container-cover\"><div class=\"grid-container\">\n<div id=\"section-g4e2ffc\" class=\"wp-block-gutentor-e7 section-g4e2ffc gutentor-element gutentor-element-list\"><ul class=\"grid-row gutentor-grid-item-wrap list-indicator-icon\"><li class=\"gutentor-list-item grid-lg-12 grid-md-12 grid-12\"><span class=\"gutentor-single-item gutentor-single-item-0\"><span class=\"gutentor-list-item-wrap g-s-list-wrap\"><span class=\"gutentor-single-list-item-icon\"><i class=\"list-item-icon fas fa-calendar-alt\"><\/i><\/span><span class=\"gutentor-list-item\"><p class=\"gutentor-single-item-title\"><strong>Plazo de pago:<\/strong><\/p><\/span><\/span><\/span><\/li><li class=\"gutentor-list-item grid-lg-12 grid-md-12 grid-12\"><span class=\"gutentor-single-item gutentor-single-item-1\"><span class=\"gutentor-list-item-wrap g-s-list-wrap g-s-list-i-icon\"><span class=\"gutentor-single-list-item-icon\"><i class=\"list-item-icon fas fa-arrow-right\"><\/i><\/span><span class=\"gutentor-list-item\"><p class=\"gutentor-single-item-title\">Preinscripci\u00f3n (10% de la matr\u00edcula). Pago con c\u00f3digo de barras.<\/p><\/span><\/span><\/span><\/li><li class=\"gutentor-list-item grid-lg-12 grid-md-12 grid-12\"><span class=\"gutentor-single-item gutentor-single-item-2\"><span class=\"gutentor-list-item-wrap g-s-list-wrap g-s-list-i-icon\"><span class=\"gutentor-single-list-item-icon\"><i class=\"list-item-icon fas fa-arrow-right\"><\/i><\/span><span class=\"gutentor-list-item\"><p class=\"gutentor-single-item-title\">Matr\u00edcula. Pago con c\u00f3digo de barras.<\/p><\/span><\/span><\/span><\/li><\/ul><\/div>\n\n\n\n<p>Importante: no se puede matricular ning\u00fan estudiante sin haber realizado el pago de la preinscripci\u00f3n.<\/p>\n\n\n\n<p>El centro comunicar\u00e1 a las personas interesadas el estado de su solicitud en el plazo de 10 d\u00edas laborables. <\/p>\n\n\n\n<p>Una vez aceptada la preinscripci\u00f3n, se deber\u00e1 realizar la matr\u00edcula en el plazo de una semana.<\/p>\n\n\n\n<div id=\"section-g29d4ad\" class=\"wp-block-gutentor-e7 section-g29d4ad gutentor-element gutentor-element-list\"><ul class=\"grid-row gutentor-grid-item-wrap list-indicator-icon\"><li class=\"gutentor-list-item grid-lg-12 grid-md-12 grid-12\"><span class=\"gutentor-single-item gutentor-single-item-0\"><span class=\"gutentor-list-item-wrap g-s-list-wrap\"><span class=\"gutentor-single-list-item-icon\"><i class=\"list-item-icon fas fa-phone\"><\/i><\/span><span class=\"gutentor-list-item\"><p class=\"gutentor-single-item-title\">Atenci\u00f3n telef\u00f3nica: laborables de 9 a 14 h.<\/p><\/span><\/span><\/span><\/li><\/ul><\/div>\n<\/div><\/section>\n\n\n\n<table id=\"tablepress-408\" class=\"tablepress tablepress-id-408 tbody-has-connected-cells\">\n<thead>\n<tr class=\"row-1\">\n\t<th class=\"column-1\">  Concepto<br \/>\n  <\/th><th class=\"column-2\">  Importe<br \/>\n  <\/th>\n<\/tr>\n<\/thead>\n<tbody class=\"row-striping row-hover\">\n<tr class=\"row-2\">\n\t<td colspan=\"2\" class=\"column-1\">  Validaci\u00f3n, reconocimiento y transferencia de cr\u00e9ditos:<br \/>\n  <\/td>\n<\/tr>\n<tr class=\"row-3\">\n\t<td class=\"column-1\">  \u2022\u00a0 \u00a0 \u00a0Precio por cr\u00e9dito validado<br \/>\n  <\/td><td class=\"column-2\">  100% del precio del cr\u00e9dito<br \/>\n  <\/td>\n<\/tr>\n<tr class=\"row-4\">\n\t<td class=\"column-1\">  \u2022\u00a0 \u00a0 \u00a0Solicitud de validaci\u00f3n y reconocimiento<br \/>\n  <\/td><td class=\"column-2\">  100% del precio del cr\u00e9dito<br \/>\n  <\/td>\n<\/tr>\n<tr class=\"row-5\">\n\t<td class=\"column-1\">  Seguro obligatorio<br \/>\n  <\/td><td class=\"column-2\">  22 \u20ac<br \/>\n  <\/td>\n<\/tr>\n<tr class=\"row-6\">\n\t<td class=\"column-1\">  Material diverso<br \/>\n  <\/td><td class=\"column-2\">  11 \u20ac<br \/>\n  <\/td>\n<\/tr>\n<tr class=\"row-7\">\n\t<td class=\"column-1\">  Certificaci\u00f3n acad\u00e9mica<\/td><td class=\"column-2\">  24 \u20ac<br \/>\n  <\/td>\n<\/tr>\n<tr class=\"row-8\">\n\t<td class=\"column-1\">  Otras certificaciones<br \/>\n  <\/td><td class=\"column-2\">  11 \u20ac<br \/>\n  <\/td>\n<\/tr>\n<\/tbody>\n<\/table>\n<!-- #tablepress-408 from cache -->\n\n\n\n<div id=\"section-gc81eed\" class=\"wp-block-gutentor-e0 section-gc81eed gutentor-element gutentor-element-advanced-text\"><div class=\"gutentor-text-wrap\"><p class=\"gutentor-text\">Algunos cursos permiten realizar el pago de la matr\u00edcula en dos plazos. Consultar si se da el caso.<\/p><\/div><\/div>\n\n\n\n<div id=\"section-ge721dc\" class=\"wp-block-gutentor-e0 section-ge721dc gutentor-element gutentor-element-advanced-text\"><div class=\"gutentor-text-wrap\"><p class=\"gutentor-text\"><\/p><\/div><\/div>\n\n\n\n<div style=\"height:10px\" aria-hidden=\"true\" class=\"wp-block-spacer\"><\/div>\n<\/div>\n<\/div><\/div><\/div><\/section>\n\n\n\n<div style=\"height:10px\" aria-hidden=\"true\" class=\"wp-block-spacer\"><\/div>\n<\/div>\n<\/div>\n","protected":false},"excerpt":{"rendered":"<p>Formaci\u00f3n continuada Titulaci\u00f3n<\/p>\n","protected":false},"author":4,"featured_media":0,"parent":84455,"menu_order":0,"comment_status":"closed","ping_status":"closed","template":"","meta":{"_acf_changed":false,"_themeisle_gutenberg_block_has_review":false,"footnotes":""},"categories":[1225],"tags":[1171],"class_list":["post-32511","page","type-page","status-publish","hentry","category-altra-oferta-formativa-es","tag-estudis-es"],"acf":[],"publishpress_future_action":{"enabled":false,"date":"2026-04-21 20:22:56","action":"change-status","newStatus":"draft","terms":[],"taxonomy":"category","extraData":[]},"publishpress_future_workflow_manual_trigger":{"enabledWorkflows":[]},"_links":{"self":[{"href":"https:\/\/www.esmuc.cat\/es\/wp-json\/wp\/v2\/pages\/32511","targetHints":{"allow":["GET"]}}],"collection":[{"href":"https:\/\/www.esmuc.cat\/es\/wp-json\/wp\/v2\/pages"}],"about":[{"href":"https:\/\/www.esmuc.cat\/es\/wp-json\/wp\/v2\/types\/page"}],"author":[{"embeddable":true,"href":"https:\/\/www.esmuc.cat\/es\/wp-json\/wp\/v2\/users\/4"}],"replies":[{"embeddable":true,"href":"https:\/\/www.esmuc.cat\/es\/wp-json\/wp\/v2\/comments?post=32511"}],"version-history":[{"count":30,"href":"https:\/\/www.esmuc.cat\/es\/wp-json\/wp\/v2\/pages\/32511\/revisions"}],"predecessor-version":[{"id":111704,"href":"https:\/\/www.esmuc.cat\/es\/wp-json\/wp\/v2\/pages\/32511\/revisions\/111704"}],"up":[{"embeddable":true,"href":"https:\/\/www.esmuc.cat\/es\/wp-json\/wp\/v2\/pages\/84455"}],"wp:attachment":[{"href":"https:\/\/www.esmuc.cat\/es\/wp-json\/wp\/v2\/media?parent=32511"}],"wp:term":[{"taxonomy":"category","embeddable":true,"href":"https:\/\/www.esmuc.cat\/es\/wp-json\/wp\/v2\/categories?post=32511"},{"taxonomy":"post_tag","embeddable":true,"href":"https:\/\/www.esmuc.cat\/es\/wp-json\/wp\/v2\/tags?post=32511"}],"curies":[{"name":"wp","href":"https:\/\/api.w.org\/{rel}","templated":true}]}}