{"id":32502,"date":"2021-06-25T14:12:18","date_gmt":"2021-06-25T12:12:18","guid":{"rendered":"https:\/\/www.esmuc.cat\/cursos-dextensio\/"},"modified":"2025-08-28T14:03:07","modified_gmt":"2025-08-28T12:03:07","slug":"cursos-dextensio","status":"publish","type":"page","link":"https:\/\/www.esmuc.cat\/es\/estudios\/otra-oferta-formativa\/cursos-dextensio\/","title":{"rendered":"Cursos de extensi\u00f3n"},"content":{"rendered":"\n<div class=\"wp-block-columns is-layout-flex wp-container-core-columns-is-layout-9d6595d7 wp-block-columns-is-layout-flex\">\n<div class=\"wp-block-column esmuc__Menu_Masters is-layout-flow wp-block-column-is-layout-flow\" style=\"flex-basis:33.33%\">\n\n\n\n\n<p><\/p>\n<\/div>\n\n\n\n<div class=\"wp-block-column is-layout-flow wp-block-column-is-layout-flow\" style=\"flex-basis:66.66%\"><div class=\"breadcrumbs align  wp-block-bcn-breadcrumb-trail has-text-color has-background\" vocab=\"https:\/\/schema.org\/\" typeof=\"BreadcrumbList\">\n\t<span><\/span>\n\t<span property=\"itemListElement\" typeof=\"ListItem\"><a property=\"item\" typeof=\"WebPage\" title=\"Ir a ESMUC.\" href=\"https:\/\/www.esmuc.cat\/es\/\" class=\"home\" ><span property=\"name\">ESMUC<\/span><\/a><meta property=\"position\" content=\"1\"><\/span> &gt; <span property=\"itemListElement\" typeof=\"ListItem\"><a property=\"item\" typeof=\"WebPage\" title=\"Ir a Estudios.\" href=\"https:\/\/www.esmuc.cat\/es\/estudios\/\" class=\"post post-page\" ><span property=\"name\">Estudios<\/span><\/a><meta property=\"position\" content=\"2\"><\/span> &gt; <span property=\"itemListElement\" typeof=\"ListItem\"><a property=\"item\" typeof=\"WebPage\" title=\"Ir a Otra oferta formativa.\" href=\"https:\/\/www.esmuc.cat\/es\/estudios\/otra-oferta-formativa\/\" class=\"post post-page\" ><span property=\"name\">Otra oferta formativa<\/span><\/a><meta property=\"position\" content=\"3\"><\/span> &gt; <span property=\"itemListElement\" typeof=\"ListItem\"><span property=\"name\" class=\"post post-page current-item\">Cursos de extensi\u00f3n<\/span><meta property=\"url\" content=\"https:\/\/www.esmuc.cat\/es\/estudios\/otra-oferta-formativa\/cursos-dextensio\/\"><meta property=\"position\" content=\"4\"><\/span><\/div>\n\n\n\n<h1 class=\"wp-block-heading\">Cursos de extensi\u00f3n<\/h1>\n\n\n\n<div style=\"height:10px\" aria-hidden=\"true\" class=\"wp-block-spacer\"><\/div>\n\n\n\n<figure class=\"wp-block-image size-full\"><img decoding=\"async\" width=\"4702\" height=\"2645\" src=\"https:\/\/www.esmuc.cat\/wp-content\/uploads\/2024\/07\/Cursos-Extensio-ESMUC-2024-2025.jpg\" alt=\"\" class=\"wp-image-97572\" srcset=\"https:\/\/www.esmuc.cat\/wp-content\/uploads\/2024\/07\/Cursos-Extensio-ESMUC-2024-2025.jpg 4702w, https:\/\/www.esmuc.cat\/wp-content\/uploads\/2024\/07\/Cursos-Extensio-ESMUC-2024-2025-300x169.jpg 300w, https:\/\/www.esmuc.cat\/wp-content\/uploads\/2024\/07\/Cursos-Extensio-ESMUC-2024-2025-1024x576.jpg 1024w, https:\/\/www.esmuc.cat\/wp-content\/uploads\/2024\/07\/Cursos-Extensio-ESMUC-2024-2025-768x432.jpg 768w, https:\/\/www.esmuc.cat\/wp-content\/uploads\/2024\/07\/Cursos-Extensio-ESMUC-2024-2025-1536x864.jpg 1536w, https:\/\/www.esmuc.cat\/wp-content\/uploads\/2024\/07\/Cursos-Extensio-ESMUC-2024-2025-2048x1152.jpg 2048w\" sizes=\"(max-width: 4702px) 100vw, 4702px\" \/><\/figure>\n\n\n\n<div style=\"height:10px\" aria-hidden=\"true\" class=\"wp-block-spacer\"><\/div>\n\n\n\n<div id=\"section-g4bbb1e\" class=\"wp-block-gutentor-e0 section-g4bbb1e gutentor-element gutentor-element-advanced-text\"><div class=\"gutentor-text-wrap\"><p class=\"gutentor-text\">La Escola Superior de M\u00fasica de Catalunya tiene como funci\u00f3n principal la formaci\u00f3n superior de m\u00fasicos y profesionales del mundo de la m\u00fasica de nuestro pa\u00eds, pero no olvida en ning\u00fan momento que esta finalidad pedag\u00f3gica debe trascender socialmente m\u00e1s all\u00e1 de la actividad reglada de sus aulas. Por eso, desde 2014, abre a las personas interesadas una selecci\u00f3n entre la oferta acad\u00e9mica de la Escuela que les permite profundizar en la vertiente acad\u00e9mica de la m\u00fasica y actualizar sus conocimientos.<\/p><\/div><\/div>\n\n\n\n<div id=\"section-g4ab2bc\" class=\"wp-block-gutentor-e0 section-g4ab2bc gutentor-element gutentor-element-advanced-text\"><div class=\"gutentor-text-wrap\"><p class=\"gutentor-text\">Los cursos de extensi\u00f3n, de 30 o 45 horas de duraci\u00f3n, constan de 3 ECTS y tienen un precio final de 120\u20ac. Tienen lugar entre los meses de septiembre y enero o entre febrero y mayo.<br><br>Inscripciones del&nbsp;<strong>25 de agosto al 4 de septiembre de 2025.<\/strong><\/p><\/div><\/div>\n\n\n\n<div style=\"height:40px\" aria-hidden=\"true\" class=\"wp-block-spacer\"><\/div>\n\n\n\n<div id=\"section-g9e25d2\" class=\"wp-block-gutentor-e2 section-g9e25d2 gutentor-element gutentor-element-button\"><span class=\"gutentor-button-wrap\"><a class=\"gutentor-button gutentor-block-button gutentor-icon-hide\" href=\"https:\/\/www.esmuc.cat\/wp-content\/uploads\/2025\/07\/Cursos-extensio-per-publicar-2025-2026.pdf\"><i class=\"gutentor-button-icon fas fa-book\"><\/i><span>Oferta de cursos de extensi\u00f3n 2025-2026<\/span><\/a><\/span><\/div>\n\n\n\n<div style=\"height:100px\" aria-hidden=\"true\" class=\"wp-block-spacer\"><\/div>\n\n\n\n<hr class=\"wp-block-separator has-css-opacity\"\/>\n\n\n\n<div style=\"height:10px\" aria-hidden=\"true\" class=\"wp-block-spacer\"><\/div>\n\n\n\n<div id=\"section-g5073a0\" class=\"wp-block-gutentor-e7 section-g5073a0 gutentor-element gutentor-element-list\"><ul class=\"grid-row gutentor-grid-item-wrap list-indicator-icon\"><li class=\"gutentor-list-item grid-lg-12 grid-md-12 grid-12\"><span class=\"gutentor-single-item gutentor-single-item-0\"><span class=\"gutentor-list-item-wrap g-s-list-wrap\"><span class=\"gutentor-single-list-item-icon\"><i class=\"list-item-icon fas fa-phone-volume\"><\/i><\/span><span class=\"gutentor-list-item\"><p class=\"gutentor-single-item-title\">Atenci\u00f3n telef\u00f2nica de 9 a 14 h.<\/p><\/span><\/span><\/span><\/li><\/ul><\/div>\n<\/div>\n<\/div>\n","protected":false},"excerpt":{"rendered":"<p>Cursos de extensi\u00f3n<\/p>\n","protected":false},"author":4,"featured_media":0,"parent":84455,"menu_order":0,"comment_status":"closed","ping_status":"closed","template":"","meta":{"_acf_changed":false,"_themeisle_gutenberg_block_has_review":false,"footnotes":""},"categories":[1225],"tags":[1171],"class_list":["post-32502","page","type-page","status-publish","hentry","category-altra-oferta-formativa-es","tag-estudis-es"],"acf":[],"publishpress_future_action":{"enabled":false,"date":"2026-04-14 05:00:58","action":"change-status","newStatus":"draft","terms":[],"taxonomy":"category","extraData":[]},"publishpress_future_workflow_manual_trigger":{"enabledWorkflows":[]},"_links":{"self":[{"href":"https:\/\/www.esmuc.cat\/es\/wp-json\/wp\/v2\/pages\/32502","targetHints":{"allow":["GET"]}}],"collection":[{"href":"https:\/\/www.esmuc.cat\/es\/wp-json\/wp\/v2\/pages"}],"about":[{"href":"https:\/\/www.esmuc.cat\/es\/wp-json\/wp\/v2\/types\/page"}],"author":[{"embeddable":true,"href":"https:\/\/www.esmuc.cat\/es\/wp-json\/wp\/v2\/users\/4"}],"replies":[{"embeddable":true,"href":"https:\/\/www.esmuc.cat\/es\/wp-json\/wp\/v2\/comments?post=32502"}],"version-history":[{"count":47,"href":"https:\/\/www.esmuc.cat\/es\/wp-json\/wp\/v2\/pages\/32502\/revisions"}],"predecessor-version":[{"id":111712,"href":"https:\/\/www.esmuc.cat\/es\/wp-json\/wp\/v2\/pages\/32502\/revisions\/111712"}],"up":[{"embeddable":true,"href":"https:\/\/www.esmuc.cat\/es\/wp-json\/wp\/v2\/pages\/84455"}],"wp:attachment":[{"href":"https:\/\/www.esmuc.cat\/es\/wp-json\/wp\/v2\/media?parent=32502"}],"wp:term":[{"taxonomy":"category","embeddable":true,"href":"https:\/\/www.esmuc.cat\/es\/wp-json\/wp\/v2\/categories?post=32502"},{"taxonomy":"post_tag","embeddable":true,"href":"https:\/\/www.esmuc.cat\/es\/wp-json\/wp\/v2\/tags?post=32502"}],"curies":[{"name":"wp","href":"https:\/\/api.w.org\/{rel}","templated":true}]}}