{"id":32467,"date":"2021-07-23T10:50:47","date_gmt":"2021-07-23T08:50:47","guid":{"rendered":"https:\/\/www.esmuc.cat\/esmuc-junior\/"},"modified":"2025-07-04T17:39:57","modified_gmt":"2025-07-04T15:39:57","slug":"esmuc-junior","status":"publish","type":"page","link":"https:\/\/www.esmuc.cat\/es\/estudios\/otra-oferta-formativa\/esmuc-junior\/","title":{"rendered":"ESMUC J\u00fanior"},"content":{"rendered":"\n<div class=\"wp-block-columns is-layout-flex wp-container-core-columns-is-layout-9d6595d7 wp-block-columns-is-layout-flex\">\n<div class=\"wp-block-column esmuc__Menu_Masters is-layout-flow wp-block-column-is-layout-flow\" style=\"flex-basis:33.33%\">\n\n\n\n\n<p><\/p>\n<\/div>\n\n\n\n<div class=\"wp-block-column is-layout-flow wp-block-column-is-layout-flow\" style=\"flex-basis:66.66%\"><div class=\"breadcrumbs align  wp-block-bcn-breadcrumb-trail has-text-color has-background\" vocab=\"https:\/\/schema.org\/\" typeof=\"BreadcrumbList\">\n\t<span><\/span>\n\t<span property=\"itemListElement\" typeof=\"ListItem\"><a property=\"item\" typeof=\"WebPage\" title=\"Ir a ESMUC.\" href=\"https:\/\/www.esmuc.cat\/es\/\" class=\"home\" ><span property=\"name\">ESMUC<\/span><\/a><meta property=\"position\" content=\"1\"><\/span> &gt; <span property=\"itemListElement\" typeof=\"ListItem\"><a property=\"item\" typeof=\"WebPage\" title=\"Ir a Estudios.\" href=\"https:\/\/www.esmuc.cat\/es\/estudios\/\" class=\"post post-page\" ><span property=\"name\">Estudios<\/span><\/a><meta property=\"position\" content=\"2\"><\/span> &gt; <span property=\"itemListElement\" typeof=\"ListItem\"><a property=\"item\" typeof=\"WebPage\" title=\"Ir a Otra oferta formativa.\" href=\"https:\/\/www.esmuc.cat\/es\/estudios\/otra-oferta-formativa\/\" class=\"post post-page\" ><span property=\"name\">Otra oferta formativa<\/span><\/a><meta property=\"position\" content=\"3\"><\/span> &gt; <span property=\"itemListElement\" typeof=\"ListItem\"><span property=\"name\" class=\"post post-page current-item\">ESMUC J\u00fanior<\/span><meta property=\"url\" content=\"https:\/\/www.esmuc.cat\/es\/estudios\/otra-oferta-formativa\/esmuc-junior\/\"><meta property=\"position\" content=\"4\"><\/span><\/div>\n\n\n\n<h1 class=\"wp-block-heading\">ESMUC J\u00fanior<\/h1>\n\n\n\n<div style=\"height:10px\" aria-hidden=\"true\" class=\"wp-block-spacer\"><\/div>\n\n\n<figure class=\"wp-block-post-featured-image\"><img decoding=\"async\" width=\"1280\" height=\"720\" src=\"https:\/\/www.esmuc.cat\/wp-content\/uploads\/2021\/10\/Esmuc-Junior.jpg\" class=\"attachment-post-thumbnail size-post-thumbnail wp-post-image\" alt=\"Esmuc-Junior\" style=\"object-fit:cover;\" title=\"Esmuc-Junior\" \/><\/figure>\n\n\n<div style=\"height:30px\" aria-hidden=\"true\" class=\"wp-block-spacer\"><\/div>\n\n\n\n<p>ESMUC J\u00fanior es un programa especializado de la ESMUC, dise\u00f1ado para ofrecer <strong>formaci\u00f3n avanzada a j\u00f3venes de entre 8 y 17 a\u00f1os con altas capacidades musicales<\/strong>. Las clases se han programado en s\u00e1bado, una vez al mes, por un total de 24 horas lectivas. <\/p>\n\n\n\n<p>Las clases las imparte el profesorado de ESMUC.<\/p>\n\n\n\n<p>Se recomienda la asistencia del profesorado habitual del alumnado a las clases individuales.<\/p>\n\n\n\n<div id=\"section-g52311a\" class=\"wp-block-gutentor-e7 section-g52311a gutentor-element gutentor-element-list\"><ul class=\"grid-row gutentor-grid-item-wrap list-indicator-icon\"><li class=\"gutentor-list-item grid-lg-12 grid-md-12 grid-12\"><span class=\"gutentor-single-item gutentor-single-item-0\"><span class=\"gutentor-list-item-wrap g-s-list-wrap\"><span class=\"gutentor-single-list-item-icon\"><i class=\"list-item-icon fas fa-user\"><\/i><\/span><span class=\"gutentor-list-item\"><p class=\"gutentor-single-item-title\"><strong>Coordinaci\u00f3n<\/strong>: <a href=\"https:\/\/www.esmuc.cat\/es\/professorat\/xavier-barbeta\/\">Xavier Barbeta<\/a><\/p><\/span><\/span><\/span><\/li><\/ul><\/div>\n\n\n\n<div style=\"height:30px\" aria-hidden=\"true\" class=\"wp-block-spacer\"><\/div>\n\n\n\n<section id=\"96e5b8\" class=\"section-96e5b8 gutentor-module gutentor-module-accordion\"><div class=\"grid-container\">\n<div id=\"d2cafc\" class=\"wp-block-gutentor-m6-item section-d2cafc gutentor-module gutentor-module-accordion-item\"><div class=\"gutentor-module-accordion-panel g-a-panel-96e5b8\"><div class=\"gm-ah-96e5b8 gutentor-module-accordion-item-heading gutentor-module-icon-position-right\"><span class=\"gutentor-module-accordion-panel-handler\" role=\"button\"><span class=\"gutentor-module-accordion-panel-handler-label\">Calendario y horarios<\/span><span class=\"gutentor-module-accordion-icon\"><i class=\"gm-aio-96e5b8 gutentor-module-accordion-icon-open fas fa-plus\"><\/i><i class=\"gm-aic-96e5b8 gutentor-module-accordion-icon-close fas fa-minus\"><\/i><\/span><\/span><\/div><div class=\"gm-ab-96e5b8 gutentor-module-accordion-body\">\n<section id=\"gm4913aed\" class=\"wp-block-gutentor-m3 section-gm4913aed gutentor-module gutentor-container-cover\"><div class=\"grid-container\">\n<div id=\"section-gc9fc87\" class=\"wp-block-gutentor-e0 section-gc9fc87 gutentor-element gutentor-element-advanced-text\"><div class=\"gutentor-text-wrap\"><p class=\"gutentor-text\">Las clases son en s\u00e1bado, de 10:00 h  a 13:00 h.<br>Los conciertos tienen lugar al acabar las clases, de 13:00 a 14:00.<\/p><\/div><\/div>\n\n\n\n<table id=\"tablepress-223\" class=\"tablepress tablepress-id-223\">\n<tbody class=\"row-striping row-hover\">\n<tr class=\"row-1\">\n\t<td class=\"column-1\">04\/10\/2025<\/td>\n<\/tr>\n<tr class=\"row-2\">\n\t<td class=\"column-1\">08\/11\/2025<\/td>\n<\/tr>\n<tr class=\"row-3\">\n\t<td class=\"column-1\">13\/12\/2025<\/td>\n<\/tr>\n<tr class=\"row-4\">\n\t<td class=\"column-1\">17\/01\/2026<\/td>\n<\/tr>\n<tr class=\"row-5\">\n\t<td class=\"column-1\">14\/02\/2026<\/td>\n<\/tr>\n<tr class=\"row-6\">\n\t<td class=\"column-1\">21\/03\/2026<\/td>\n<\/tr>\n<tr class=\"row-7\">\n\t<td class=\"column-1\">18\/04\/2026<\/td>\n<\/tr>\n<tr class=\"row-8\">\n\t<td class=\"column-1\">09\/05\/2026<\/td>\n<\/tr>\n<\/tbody>\n<\/table>\n<!-- #tablepress-223 from cache -->\n<\/div><\/section>\n<\/div><\/div><\/div>\n\n\n\n<div id=\"9c39e0\" class=\"wp-block-gutentor-m6-item section-9c39e0 gutentor-module gutentor-module-accordion-item\"><div class=\"gutentor-module-accordion-panel g-a-panel-96e5b8\"><div class=\"gm-ah-96e5b8 gutentor-module-accordion-item-heading gutentor-module-icon-position-right\"><span class=\"gutentor-module-accordion-panel-handler\" role=\"button\"><span class=\"gutentor-module-accordion-panel-handler-label\">Modalidades instrumentales<\/span><span class=\"gutentor-module-accordion-icon\"><i class=\"gm-aio-96e5b8 gutentor-module-accordion-icon-open fas fa-plus\"><\/i><i class=\"gm-aic-96e5b8 gutentor-module-accordion-icon-close fas fa-minus\"><\/i><\/span><\/span><\/div><div class=\"gm-ab-96e5b8 gutentor-module-accordion-body\">\n<p><br>Para el curso acad\u00e9mico 2025-26 se ofrecer\u00e1n las modalidades instrumentales de:<\/p>\n\n\n\n<div id=\"section-gbb990a\" class=\"wp-block-gutentor-e7 section-gbb990a gutentor-element gutentor-element-list\"><ul class=\"grid-row gutentor-grid-item-wrap list-indicator-icon\"><li class=\"gutentor-list-item grid-lg-12 grid-md-12 grid-12\"><span class=\"gutentor-single-item gutentor-single-item-0\"><span class=\"gutentor-list-item-wrap g-s-list-wrap\"><span class=\"gutentor-single-list-item-icon\"><i class=\"list-item-icon fas fa-angle-right\"><\/i><\/span><span class=\"gutentor-list-item\"><p class=\"gutentor-single-item-title\">Piano<\/p><\/span><\/span><\/span><\/li><li class=\"gutentor-list-item grid-lg-12 grid-md-12 grid-12\"><span class=\"gutentor-single-item gutentor-single-item-1\"><span class=\"gutentor-list-item-wrap g-s-list-wrap\"><span class=\"gutentor-single-list-item-icon\"><i class=\"list-item-icon fas fa-angle-right\"><\/i><\/span><span class=\"gutentor-list-item\"><p class=\"gutentor-single-item-title\">Viol\u00edn<\/p><\/span><\/span><\/span><\/li><li class=\"gutentor-list-item grid-lg-12 grid-md-12 grid-12\"><span class=\"gutentor-single-item gutentor-single-item-2\"><span class=\"gutentor-list-item-wrap g-s-list-wrap\"><span class=\"gutentor-single-list-item-icon\"><i class=\"list-item-icon fas fa-angle-right\"><\/i><\/span><span class=\"gutentor-list-item\"><p class=\"gutentor-single-item-title\">Violonchelo<\/p><\/span><\/span><\/span><\/li><li class=\"gutentor-list-item grid-lg-12 grid-md-12 grid-12\"><span class=\"gutentor-single-item gutentor-single-item-3\"><span class=\"gutentor-list-item-wrap g-s-list-wrap\"><span class=\"gutentor-single-list-item-icon\"><i class=\"list-item-icon fas fa-angle-right\"><\/i><\/span><span class=\"gutentor-list-item\"><p class=\"gutentor-single-item-title\">Flauta<\/p><\/span><\/span><\/span><\/li><\/ul><\/div>\n\n\n\n<p>Cualquier otra propuesta de candidato\/a con otra especialidad instrumental de&nbsp;CiC&nbsp;ser\u00e1 valorada caso por caso.<\/p>\n<\/div><\/div><\/div>\n\n\n\n<div id=\"a6d194\" class=\"wp-block-gutentor-m6-item section-a6d194 gutentor-module gutentor-module-accordion-item\"><div class=\"gutentor-module-accordion-panel g-a-panel-96e5b8\"><div class=\"gm-ah-96e5b8 gutentor-module-accordion-item-heading gutentor-module-icon-position-right\"><span class=\"gutentor-module-accordion-panel-handler\" role=\"button\"><span class=\"gutentor-module-accordion-panel-handler-label\">Actividades acad\u00e9micas<\/span><span class=\"gutentor-module-accordion-icon\"><i class=\"gm-aio-96e5b8 gutentor-module-accordion-icon-open fas fa-plus\"><\/i><i class=\"gm-aic-96e5b8 gutentor-module-accordion-icon-close fas fa-minus\"><\/i><\/span><\/span><\/div><div class=\"gm-ab-96e5b8 gutentor-module-accordion-body\">\n<div id=\"section-gc0d66f\" class=\"wp-block-gutentor-e7 section-gc0d66f gutentor-element gutentor-element-list\"><ul class=\"grid-row gutentor-grid-item-wrap list-indicator-icon\"><li class=\"gutentor-list-item grid-lg-12 grid-md-12 grid-12\"><span class=\"gutentor-single-item gutentor-single-item-0\"><span class=\"gutentor-list-item-wrap g-s-list-wrap\"><span class=\"gutentor-single-list-item-icon\"><i class=\"list-item-icon fas fa-angle-right\"><\/i><\/span><span class=\"gutentor-list-item\"><p class=\"gutentor-single-item-title\">Instrumento individual (1 hora activa y 1 hora de oyente)<\/p><\/span><\/span><\/span><\/li><li class=\"gutentor-list-item grid-lg-12 grid-md-12 grid-12\"><span class=\"gutentor-single-item gutentor-single-item-1\"><span class=\"gutentor-list-item-wrap g-s-list-wrap\"><span class=\"gutentor-single-list-item-icon\"><i class=\"list-item-icon fas fa-angle-right\"><\/i><\/span><span class=\"gutentor-list-item\"><p class=\"gutentor-single-item-title\">Improvisaci\u00f3n \/ Conjunto instrumental (1 hora)<\/p><\/span><\/span><\/span><\/li><li class=\"gutentor-list-item grid-lg-12 grid-md-12 grid-12\"><span class=\"gutentor-single-item gutentor-single-item-2\"><span class=\"gutentor-list-item-wrap g-s-list-wrap\"><span class=\"gutentor-single-list-item-icon\"><i class=\"list-item-icon fas fa-angle-right\"><\/i><\/span><span class=\"gutentor-list-item\"><p class=\"gutentor-single-item-title\">Audiciones-Conciertos en la ESMUC y en el\u00a0<a href=\"https:\/\/ajuntament.barcelona.cat\/museumusica\/ca\" target=\"_blank\" rel=\"noreferrer noopener\">Museu de la M\u00fasica<\/a><\/p><\/span><\/span><\/span><\/li><\/ul><\/div>\n<\/div><\/div><\/div>\n\n\n\n<div id=\"3b0268\" class=\"wp-block-gutentor-m6-item section-3b0268 gutentor-module gutentor-module-accordion-item\"><div class=\"gutentor-module-accordion-panel g-a-panel-96e5b8\"><div class=\"gm-ah-96e5b8 gutentor-module-accordion-item-heading gutentor-module-icon-position-right\"><span class=\"gutentor-module-accordion-panel-handler\" role=\"button\"><span class=\"gutentor-module-accordion-panel-handler-label\">Actividades para las familias y el profesorado<\/span><span class=\"gutentor-module-accordion-icon\"><i class=\"gm-aio-96e5b8 gutentor-module-accordion-icon-open fas fa-plus\"><\/i><i class=\"gm-aic-96e5b8 gutentor-module-accordion-icon-close fas fa-minus\"><\/i><\/span><\/span><\/div><div class=\"gm-ab-96e5b8 gutentor-module-accordion-body\">\n<div id=\"section-gb943af\" class=\"wp-block-gutentor-e7 section-gb943af gutentor-element gutentor-element-list\"><ul class=\"grid-row gutentor-grid-item-wrap list-indicator-icon\"><li class=\"gutentor-list-item grid-lg-12 grid-md-12 grid-12\"><span class=\"gutentor-single-item gutentor-single-item-0\"><span class=\"gutentor-list-item-wrap g-s-list-wrap\"><span class=\"gutentor-single-list-item-icon\"><i class=\"list-item-icon fas fa-angle-right\"><\/i><\/span><span class=\"gutentor-list-item\"><p class=\"gutentor-single-item-title\">1 Conferencia \/ coloquio destinado a padres, madres y profesorado.<\/p><\/span><\/span><\/span><\/li><\/ul><\/div>\n<\/div><\/div><\/div>\n\n\n\n<div id=\"18f4a0\" class=\"wp-block-gutentor-m6-item section-18f4a0 gutentor-module gutentor-module-accordion-item\"><div class=\"gutentor-module-accordion-panel g-a-panel-96e5b8\"><div class=\"gm-ah-96e5b8 gutentor-module-accordion-item-heading gutentor-module-icon-position-right\"><span class=\"gutentor-module-accordion-panel-handler\" role=\"button\"><span class=\"gutentor-module-accordion-panel-handler-label\">Proceso de selecci\u00f3n del alumnado<\/span><span class=\"gutentor-module-accordion-icon\"><i class=\"gm-aio-96e5b8 gutentor-module-accordion-icon-open fas fa-plus\"><\/i><i class=\"gm-aic-96e5b8 gutentor-module-accordion-icon-close fas fa-minus\"><\/i><\/span><\/span><\/div><div class=\"gm-ab-96e5b8 gutentor-module-accordion-body\">\n<div id=\"section-g0af78d\" class=\"wp-block-gutentor-e0 section-g0af78d gutentor-element gutentor-element-advanced-text\"><div class=\"gutentor-text-wrap\"><p class=\"gutentor-text\">Se pedir\u00e1 la grabaci\u00f3n de un video, de fecha reciente y una duraci\u00f3n aproximada de 10 minutos. Hay que colgarlo en cualquier plataforma (Vimeo, YouTube,&nbsp;Dropbox\u2026)&nbsp;y enviar el enlace a<a href=\"mailto:junior@esmuc.cat\"> junior@esmuc.cat entre el 12 de mayo y e 24 de junio.<\/a><br><br>Los antiguos estudiantes del J\u00fanior NO tienen que enviar video.<\/p><\/div><\/div>\n\n\n\n<div id=\"section-gfd7232\" class=\"wp-block-gutentor-e0 section-gfd7232 gutentor-element gutentor-element-advanced-text\"><div class=\"gutentor-text-wrap\"><p class=\"gutentor-text\"><\/p><\/div><\/div>\n<\/div><\/div><\/div>\n\n\n\n<div id=\"01099a\" class=\"wp-block-gutentor-m6-item section-01099a gutentor-module gutentor-module-accordion-item\"><div class=\"gutentor-module-accordion-panel g-a-panel-96e5b8\"><div class=\"gm-ah-96e5b8 gutentor-module-accordion-item-heading gutentor-module-icon-position-right\"><span class=\"gutentor-module-accordion-panel-handler\" role=\"button\"><span class=\"gutentor-module-accordion-panel-handler-label\">Precio<\/span><span class=\"gutentor-module-accordion-icon\"><i class=\"gm-aio-96e5b8 gutentor-module-accordion-icon-open fas fa-plus\"><\/i><i class=\"gm-aic-96e5b8 gutentor-module-accordion-icon-close fas fa-minus\"><\/i><\/span><\/span><\/div><div class=\"gm-ab-96e5b8 gutentor-module-accordion-body\">\n<div id=\"section-gb95910\" class=\"wp-block-gutentor-e0 section-gb95910 gutentor-element gutentor-element-advanced-text\"><div class=\"gutentor-text-wrap\"><p class=\"gutentor-text\">373,80 \u20ac.<\/p><\/div><\/div>\n<\/div><\/div><\/div>\n<\/div><\/section>\n\n\n\n<div style=\"height:30px\" aria-hidden=\"true\" class=\"wp-block-spacer\"><\/div>\n\n\n\n<div id=\"section-ge1c064\" class=\"wp-block-gutentor-e2 section-ge1c064 gutentor-element gutentor-element-button button-align-left-desktop\"><span class=\"gutentor-button-wrap\"><a class=\"gutentor-button gutentor-block-button gutentor-icon-hide\" href=\"https:\/\/forms.office.com\/e\/YyJMYSeJYv\" target=\"_blank\" rel=\"noopener noreferrer\"><i class=\"gutentor-button-icon fas fa-book\"><\/i><span>Inscripci\u00f3n<\/span><\/a><\/span><\/div>\n\n\n\n<section id=\"gm2ba40ef\" class=\"wp-block-gutentor-m3 section-gm2ba40ef gutentor-module gutentor-container-cover has-color-bg has-custom-bg\"><div class=\"grid-container\">\n<p>La inscripci\u00f3n se realiza online <strong>del 12 de mayo<\/strong> <strong>al 24 de junio<\/strong> para que el alumnado seleccionado pueda acceder al programa del pr\u00f3ximo curso acad\u00e9mico. Las aceptaciones se dar\u00e1n a partir de la segunda semana de julio.<\/p>\n\n\n\n<p>M\u00e1s informaci\u00f3n: <a href=\"mailto:junior@esmuc.cat\">junior@esmuc.cat<\/a><\/p>\n<\/div><\/section>\n<\/div>\n<\/div>\n","protected":false},"excerpt":{"rendered":"<p>ESMUC J\u00fanior ESMUC J\u00fanior es un programa especializado de la ESMUC, dise\u00f1ado para ofrecer formaci\u00f3n avanzada a j\u00f3venes de entre 8 y 17 a\u00f1os con altas capacidades musicales. Las clases se han programado en s\u00e1bado, una vez al mes, por un total de 24 horas lectivas. Las clases las imparte el profesorado de ESMUC. Se [&hellip;]<\/p>\n","protected":false},"author":4,"featured_media":19586,"parent":84455,"menu_order":0,"comment_status":"closed","ping_status":"closed","template":"","meta":{"_acf_changed":false,"_themeisle_gutenberg_block_has_review":false,"footnotes":""},"categories":[1225],"tags":[],"class_list":["post-32467","page","type-page","status-publish","has-post-thumbnail","hentry","category-altra-oferta-formativa-es"],"acf":[],"publishpress_future_action":{"enabled":false,"date":"2026-04-14 02:44:11","action":"change-status","newStatus":"draft","terms":[],"taxonomy":"category","extraData":[]},"publishpress_future_workflow_manual_trigger":{"enabledWorkflows":[]},"_links":{"self":[{"href":"https:\/\/www.esmuc.cat\/es\/wp-json\/wp\/v2\/pages\/32467","targetHints":{"allow":["GET"]}}],"collection":[{"href":"https:\/\/www.esmuc.cat\/es\/wp-json\/wp\/v2\/pages"}],"about":[{"href":"https:\/\/www.esmuc.cat\/es\/wp-json\/wp\/v2\/types\/page"}],"author":[{"embeddable":true,"href":"https:\/\/www.esmuc.cat\/es\/wp-json\/wp\/v2\/users\/4"}],"replies":[{"embeddable":true,"href":"https:\/\/www.esmuc.cat\/es\/wp-json\/wp\/v2\/comments?post=32467"}],"version-history":[{"count":33,"href":"https:\/\/www.esmuc.cat\/es\/wp-json\/wp\/v2\/pages\/32467\/revisions"}],"predecessor-version":[{"id":110354,"href":"https:\/\/www.esmuc.cat\/es\/wp-json\/wp\/v2\/pages\/32467\/revisions\/110354"}],"up":[{"embeddable":true,"href":"https:\/\/www.esmuc.cat\/es\/wp-json\/wp\/v2\/pages\/84455"}],"wp:featuredmedia":[{"embeddable":true,"href":"https:\/\/www.esmuc.cat\/es\/wp-json\/wp\/v2\/media\/19586"}],"wp:attachment":[{"href":"https:\/\/www.esmuc.cat\/es\/wp-json\/wp\/v2\/media?parent=32467"}],"wp:term":[{"taxonomy":"category","embeddable":true,"href":"https:\/\/www.esmuc.cat\/es\/wp-json\/wp\/v2\/categories?post=32467"},{"taxonomy":"post_tag","embeddable":true,"href":"https:\/\/www.esmuc.cat\/es\/wp-json\/wp\/v2\/tags?post=32467"}],"curies":[{"name":"wp","href":"https:\/\/api.w.org\/{rel}","templated":true}]}}