{"id":32355,"date":"2021-03-15T14:51:48","date_gmt":"2021-03-15T13:51:48","guid":{"rendered":"https:\/\/www.esmuc.cat\/viure-a-barcelona\/"},"modified":"2023-04-11T17:08:17","modified_gmt":"2023-04-11T15:08:17","slug":"viure-a-barcelona","status":"publish","type":"page","link":"https:\/\/www.esmuc.cat\/es\/viure-a-barcelona\/","title":{"rendered":"Vivir en Barcelona"},"content":{"rendered":"\n<div class=\"wp-block-columns is-layout-flex wp-container-core-columns-is-layout-9d6595d7 wp-block-columns-is-layout-flex\">\n<div class=\"wp-block-column esmuc__Menu_Masters is-layout-flow wp-block-column-is-layout-flow\" style=\"flex-basis:33.33%\">\n\n\n\n\n<p><\/p>\n<\/div>\n\n\n\n<div class=\"wp-block-column is-layout-flow wp-block-column-is-layout-flow\" style=\"flex-basis:66.66%\"><div class=\"breadcrumbs align  wp-block-bcn-breadcrumb-trail has-text-color has-background\" vocab=\"https:\/\/schema.org\/\" typeof=\"BreadcrumbList\">\n\t<span><\/span>\n\t<span property=\"itemListElement\" typeof=\"ListItem\"><a property=\"item\" typeof=\"WebPage\" title=\"Ir a ESMUC.\" href=\"https:\/\/www.esmuc.cat\/es\/\" class=\"home\" ><span property=\"name\">ESMUC<\/span><\/a><meta property=\"position\" content=\"1\"><\/span> &gt; <span property=\"itemListElement\" typeof=\"ListItem\"><span property=\"name\" class=\"post post-page current-item\">Vivir en Barcelona<\/span><meta property=\"url\" content=\"https:\/\/www.esmuc.cat\/es\/viure-a-barcelona\/\"><meta property=\"position\" content=\"2\"><\/span><\/div>\n\n\n\n<h1 class=\"wp-block-heading\">Vivir en Barcelona<\/h1>\n\n\n\n<div style=\"height:10px\" aria-hidden=\"true\" class=\"wp-block-spacer\"><\/div>\n\n\n<figure class=\"wp-block-post-featured-image\"><img decoding=\"async\" width=\"2560\" height=\"1696\" src=\"https:\/\/www.esmuc.cat\/wp-content\/uploads\/2022\/10\/barcelona-imatgeLLIURE-1-scaled.jpg\" class=\"attachment-post-thumbnail size-post-thumbnail wp-post-image\" alt=\"barcelona-imatgeLLIURE (1)\" style=\"object-fit:cover;\" srcset=\"https:\/\/www.esmuc.cat\/wp-content\/uploads\/2022\/10\/barcelona-imatgeLLIURE-1-scaled.jpg 2560w, https:\/\/www.esmuc.cat\/wp-content\/uploads\/2022\/10\/barcelona-imatgeLLIURE-1-300x199.jpg 300w, https:\/\/www.esmuc.cat\/wp-content\/uploads\/2022\/10\/barcelona-imatgeLLIURE-1-1024x678.jpg 1024w, https:\/\/www.esmuc.cat\/wp-content\/uploads\/2022\/10\/barcelona-imatgeLLIURE-1-768x509.jpg 768w, https:\/\/www.esmuc.cat\/wp-content\/uploads\/2022\/10\/barcelona-imatgeLLIURE-1-1536x1017.jpg 1536w, https:\/\/www.esmuc.cat\/wp-content\/uploads\/2022\/10\/barcelona-imatgeLLIURE-1-2048x1356.jpg 2048w\" sizes=\"(max-width: 2560px) 100vw, 2560px\" title=\"barcelona-imatgeLLIURE (1)\" \/><\/figure>\n\n\n<div style=\"height:10px\" aria-hidden=\"true\" class=\"wp-block-spacer\"><\/div>\n\n\n\n<div id=\"section-g4d725f\" class=\"wp-block-gutentor-e0 section-g4d725f gutentor-element gutentor-element-advanced-text\"><div class=\"gutentor-text-wrap\"><p class=\"gutentor-text\">Barcelona es una ciudad llena de vida, con una intensa actividad cultural, comercial y deportiva: m\u00fasica, teatro, cine, danza, \u00f3pera, exposiciones, ferias internacionales, tiendas y centros comerciales, galer\u00edas de arte, centros de dise\u00f1o, etc.&nbsp;Adem\u00e1s, Barcelona es siempre un destino soleado. M\u00e1s informaci\u00f3n en la p\u00e1gina web del <a href=\"https:\/\/www.barcelona.cat\/ca\/\">Ayuntamiento<\/a>.<\/p><\/div><\/div>\n\n\n\n<div style=\"height:10px\" aria-hidden=\"true\" class=\"wp-block-spacer\"><\/div>\n\n\n\n<section id=\"dbd7da\" class=\"section-dbd7da gutentor-module gutentor-module-accordion\"><div class=\"grid-container\">\n<div id=\"c58a1d\" class=\"wp-block-gutentor-m6-item section-c58a1d gutentor-module gutentor-module-accordion-item\"><div class=\"gutentor-module-accordion-panel g-a-panel-dbd7da\"><div class=\"gm-ah-dbd7da gutentor-module-accordion-item-heading gutentor-module-icon-position-right\"><span class=\"gutentor-module-accordion-panel-handler\" role=\"button\"><span class=\"gutentor-module-accordion-panel-handler-label\">M\u00e1s informaci\u00f3n sobre Barcelona<\/span><span class=\"gutentor-module-accordion-icon\"><i class=\"gm-aio-dbd7da gutentor-module-accordion-icon-open fas fa-plus\"><\/i><i class=\"gm-aic-dbd7da gutentor-module-accordion-icon-close fas fa-minus\"><\/i><\/span><\/span><\/div><div class=\"gm-ab-dbd7da gutentor-module-accordion-body\">\n<div id=\"section-g65f90a\" class=\"wp-block-gutentor-e0 section-g65f90a gutentor-element gutentor-element-advanced-text\"><div class=\"gutentor-text-wrap\"><p class=\"gutentor-text\">Para conocer los primeros tiempos de Barcino, con dos mil a\u00f1os de antig\u00fcedad, hay que pasear por las excavaciones arqueol\u00f3gicas de la ciudad romana y admirar la soluci\u00f3n t\u00e9cnica que hace transcurrir el paseo bajo las calles y los monumentos medievales.<\/p><\/div><\/div>\n\n\n\n<div id=\"section-gf7fd1a\" class=\"wp-block-gutentor-e0 section-gf7fd1a gutentor-element gutentor-element-advanced-text\"><div class=\"gutentor-text-wrap\"><p class=\"gutentor-text\">Perdi\u00e9ndose por el Barrio G\u00f3tico, se puede revivir el ambiente de la Barcelona medieval, alrededor de la catedral, del Palacio Real y de los edificios que hoy todav\u00eda son sede de las instituciones de gobierno: el Ayuntamiento de Barcelona y el Palacio de la Generalitat de Catalunya. Desde aqu\u00ed se puede llegar al barrio de la Ribera, donde est\u00e1 el Museo Picasso y la bas\u00edlica g\u00f3tica de Santa Mar\u00eda del Mar, el Parque de la Ciutadella (con la sede del Parlamento catal\u00e1n), el Zoo y varios museos. All\u00ed mismo, junto al mar, se encuentra la Barceloneta, un barrio marinero del siglo XVIII con restaurantes para degustar especialidades marineras.<\/p><\/div><\/div>\n\n\n\n<div id=\"section-g799414\" class=\"wp-block-gutentor-e0 section-g799414 gutentor-element gutentor-element-advanced-text\"><div class=\"gutentor-text-wrap\"><p class=\"gutentor-text\">La Rambla est\u00e1 presidida por el <a href=\"https:\/\/www.liceubarcelona.cat\/es\/gran-teatre-del-liceu\" target=\"_blank\" rel=\"noreferrer noopener\">Gran Teatre del Liceu<\/a>, entre paradas de flores y quioscos con peri\u00f3dicos de casi de todo el mundo. <\/p><\/div><\/div>\n\n\n\n<div id=\"section-g82f88b\" class=\"wp-block-gutentor-e0 section-g82f88b gutentor-element gutentor-element-advanced-text\"><div class=\"gutentor-text-wrap\"><p class=\"gutentor-text\">En el siglo XIX, la ciudad vivi\u00f3 una etapa de crecimiento, fruto de la industrializaci\u00f3n entonces floreciendo. Los pueblos de los alrededores fueron unidos por el mod\u00e9lico plan urban\u00edstico de Idelfons Cerd\u00e0 conocido como el Eixample, lleno de tiendas y de galer\u00edas de arte. Vale la pena pasear por el Paseo de Gracia, donde admirar\u00e1s las casas modernistas del cruce de la calle de Arag\u00f3 y la &#8220;Pedrera&#8221;, casa de fachada ondulada construida por Gaud\u00ed. M\u00e1s all\u00e1 en la Eixample se encuentra la Sagrada Familia, grandioso e ins\u00f3lito templo tambi\u00e9n de Gaud\u00ed y el Parque G\u00fcell, del mismo arquitecto, que no puedes dejar de visitar.<\/p><\/div><\/div>\n\n\n\n<div id=\"section-g946d38\" class=\"wp-block-gutentor-e0 section-g946d38 gutentor-element gutentor-element-advanced-text\"><div class=\"gutentor-text-wrap\"><p class=\"gutentor-text\">Los barrios se\u00f1oriales, como el de Pedralbes, donde se levanta un monasterio g\u00f3tico cerrado por una peque\u00f1a muralla, ocupan el pie de la sierra de Collserola en cuya cima -el Tibidabo- hay un parque de atracciones en el que se accede por medio del Tranv\u00eda Blau, reliquia del pasado, y un funicular. En Montju\u00efc, la otra monta\u00f1a de la ciudad, junto al mar, encontrar\u00e1s entre jardines museos interesantes como la Fundaci\u00f3 Mir\u00f3 y el Museo Nacional de Arte de Catalu\u00f1a, las grandes instalaciones ol\u00edmpicas &#8211; con el antiguo estadio y el Palau Sant Jordi -, otro parque de atracciones y el Poble Espanyol, con la reproducci\u00f3n de edificios t\u00edpicos de toda Espa\u00f1a. El viejo puerto se ha renovado y se ha convertido en uno de los grandes espacios l\u00fadicos ciudadanos, que tiene continuaci\u00f3n, m\u00e1s all\u00e1 de la Barceloneta, con las instalaciones del puerto ol\u00edmpico.<\/p><\/div><\/div>\n\n\n\n<div id=\"section-g27a8ff\" class=\"wp-block-gutentor-e0 section-g27a8ff gutentor-element gutentor-element-advanced-text\"><div class=\"gutentor-text-wrap\"><h3 class=\"gutentor-text\">Catalu\u00f1a<\/h3><\/div><\/div>\n\n\n\n<div id=\"section-g778ae0\" class=\"wp-block-gutentor-e0 section-g778ae0 gutentor-element gutentor-element-advanced-text\"><div class=\"gutentor-text-wrap\"><p class=\"gutentor-text\">Catalu\u00f1a es un pa\u00eds con siete millones de habitantes, una superficie actual de 32.000 km2, m\u00e1s de mil a\u00f1os de historia y una cultura y una lengua propias que han ido configurando su personalidad. Los catalanes hemos estado siempre abiertos a todo el mundo. Nos gusta recibir a los forasteros, mostrarles nuestra tierra y que se sientan como en casa.<\/p><\/div><\/div>\n\n\n\n<div id=\"section-g1cc9c1\" class=\"wp-block-gutentor-e0 section-g1cc9c1 gutentor-element gutentor-element-advanced-text\"><div class=\"gutentor-text-wrap\"><p class=\"gutentor-text\">M\u00e1s informaci\u00f3n en la web de la <a href=\"https:\/\/web.gencat.cat\/ca\/temes\/cultura\/\">Generalitat de Catalunya<\/a>.<\/p><\/div><\/div>\n<\/div><\/div><\/div>\n\n\n\n<div id=\"4814c3\" class=\"wp-block-gutentor-m6-item section-4814c3 gutentor-module gutentor-module-accordion-item\"><div class=\"gutentor-module-accordion-panel g-a-panel-dbd7da\"><div class=\"gm-ah-dbd7da gutentor-module-accordion-item-heading gutentor-module-icon-position-right\"><span class=\"gutentor-module-accordion-panel-handler\" role=\"button\"><span class=\"gutentor-module-accordion-panel-handler-label\">Moverse por la ciudad<\/span><span class=\"gutentor-module-accordion-icon\"><i class=\"gm-aio-dbd7da gutentor-module-accordion-icon-open fas fa-plus\"><\/i><i class=\"gm-aic-dbd7da gutentor-module-accordion-icon-close fas fa-minus\"><\/i><\/span><\/span><\/div><div class=\"gm-ab-dbd7da gutentor-module-accordion-body\">\n<div id=\"section-g859e50\" class=\"wp-block-gutentor-e0 section-g859e50 gutentor-element gutentor-element-advanced-text\"><div class=\"gutentor-text-wrap\"><p class=\"gutentor-text\">Informaci\u00f3n general sobre el transporte metropolitano:&nbsp;<a href=\"http:\/\/www.tmb.net\/\">www.tmb.net<\/a><\/p><\/div><\/div>\n\n\n\n<div id=\"section-g03e5a3\" class=\"wp-block-gutentor-e7 section-g03e5a3 gutentor-element gutentor-element-list\"><ul class=\"grid-row gutentor-grid-item-wrap list-indicator-icon\"><li class=\"gutentor-list-item grid-lg-12 grid-md-12 grid-12\"><span class=\"gutentor-single-item gutentor-single-item-0\"><span class=\"gutentor-list-item-wrap g-s-list-wrap\"><span class=\"gutentor-single-list-item-icon\"><i class=\"list-item-icon fas fa-angle-right\"><\/i><\/span><span class=\"gutentor-list-item\"><p class=\"gutentor-single-item-title\"><strong>Metro y Ferrocarriles<\/strong> de la Generalitat: Actualmente Barcelona dispone de seis l\u00edneas metro, que abarcan un total de 86,6 kil\u00f3metros a trav\u00e9s de 123 estaciones. <a href=\"https:\/\/www.tmb.cat\/ca\/home\">M\u00e1s informaci\u00f3n sobre metro, autobuses y transportes metropolitanos.<\/a><\/p><\/span><\/span><\/span><\/li><li class=\"gutentor-list-item grid-lg-12 grid-md-12 grid-12\"><span class=\"gutentor-single-item gutentor-single-item-1\"><span class=\"gutentor-list-item-wrap g-s-list-wrap\"><span class=\"gutentor-single-list-item-icon\"><i class=\"list-item-icon fas fa-angle-right\"><\/i><\/span><span class=\"gutentor-list-item\"><p class=\"gutentor-single-item-title\"><strong>Bus<\/strong>: Barcelona tiene una flota de m\u00e1s de 1000 autobuses que cubren m\u00e1s de 80 l\u00edneas para llegar a cualquier zona de la ciudad. <a href=\"https:\/\/www.tmb.cat\/ca\/home\">M\u00e1s informaci\u00f3n sobre metro, autobuses y transportes metropolitanos.<\/a><\/p><\/span><\/span><\/span><\/li><li class=\"gutentor-list-item grid-lg-12 grid-md-12 grid-12\"><span class=\"gutentor-single-item gutentor-single-item-2\"><span class=\"gutentor-list-item-wrap g-s-list-wrap\"><span class=\"gutentor-single-list-item-icon\"><i class=\"list-item-icon fas fa-angle-right\"><\/i><\/span><span class=\"gutentor-list-item\"><p class=\"gutentor-single-item-title\"><strong>Tranv\u00eda<\/strong>: Las cuatro l\u00edneas existentes permiten acceder r\u00e1pidamente a importantes \u00e1reas industriales, centros comerciales y zonas residenciales. <a href=\"http:\/\/www.trambcn.com\/\">M\u00e1s\u00a0informaci\u00f3n.<\/a><\/p><\/span><\/span><\/span><\/li><li class=\"gutentor-list-item grid-lg-12 grid-md-12 grid-12\"><span class=\"gutentor-single-item gutentor-single-item-3\"><span class=\"gutentor-list-item-wrap g-s-list-wrap\"><span class=\"gutentor-single-list-item-icon\"><i class=\"list-item-icon fas fa-angle-right\"><\/i><\/span><span class=\"gutentor-list-item\"><p class=\"gutentor-single-item-title\"><strong>Taxis<\/strong>: Barcelona cuenta con una flota de once mil taxis, f\u00e1cilmente identificables por los colores amarillo y negro.<\/p><\/span><\/span><\/span><\/li><li class=\"gutentor-list-item grid-lg-12 grid-md-12 grid-12\"><span class=\"gutentor-single-item gutentor-single-item-4\"><span class=\"gutentor-list-item-wrap g-s-list-wrap\"><span class=\"gutentor-single-list-item-icon\"><i class=\"list-item-icon fas fa-angle-right\"><\/i><\/span><span class=\"gutentor-list-item\"><p class=\"gutentor-single-item-title\"><strong>Bicicletas<\/strong>: La bici es un medio distinto para moverse. La ciudad dispone de carriles bici y un servicio p\u00fablico de bicicletas,\u00a0<a href=\"https:\/\/www.bicing.barcelona\/\">Bicing<\/a>, que tiene como principal finalidad cubrir los peque\u00f1os trayectos diarios que se realizan por dentro de la ciudad.<\/p><\/span><\/span><\/span><\/li><\/ul><\/div>\n<\/div><\/div><\/div>\n\n\n\n<div id=\"f5b28b\" class=\"wp-block-gutentor-m6-item section-f5b28b gutentor-module gutentor-module-accordion-item\"><div class=\"gutentor-module-accordion-panel g-a-panel-dbd7da\"><div class=\"gm-ah-dbd7da gutentor-module-accordion-item-heading gutentor-module-icon-position-right\"><span class=\"gutentor-module-accordion-panel-handler\" role=\"button\"><span class=\"gutentor-module-accordion-panel-handler-label\">Alojamiento<\/span><span class=\"gutentor-module-accordion-icon\"><i class=\"gm-aio-dbd7da gutentor-module-accordion-icon-open fas fa-plus\"><\/i><i class=\"gm-aic-dbd7da gutentor-module-accordion-icon-close fas fa-minus\"><\/i><\/span><\/span><\/div><div class=\"gm-ab-dbd7da gutentor-module-accordion-body\">\n<section id=\"gm11f873f\" class=\"wp-block-gutentor-m3 section-gm11f873f gutentor-module gutentor-container-cover\"><div class=\"grid-container\">\n<p align=\"justify\"><img decoding=\"async\" title=\"Barcelona Centre Universitari\" class=\"caption\" src=\"\/wp-content\/uploads\/2021\/07\/barcelonacentreuniversitari.png\" style=\"border-width: 0px;border-style: solid;margin: 5px;float: left\"> <a href=\"https:\/\/bcu.cat\/\">Barcelona Centre Universitari<\/a> (BCU) es una entidad que tiene el objetivo de facilitar todos aquellos aspectos de la vida extraacad\u00e9mica de la comunidad universitaria.<\/p><p>Las personas que acuden a la Escuela para estudiar o trabajar pueden contar con los servicios que ofrece el BCU. Entre estos servicios destacan la bolsa y la gesti\u00f3n de alojamiento para el estudiante, personal docente e investigador for\u00e1neo. El BCU tambi\u00e9n cuenta con una gu\u00eda de servicios para gozar plenamente de la amplia oferta cultural de ocio de BCN.<\/p>\n\n\n\n<hr class=\"wp-block-separator has-css-opacity\" \/>\n\n\n\n<p align=\"justify\"><img decoding=\"async\" title=\"Onix\" class=\"caption\" src=\"\/wp-content\/uploads\/2021\/07\/Onix.png\" style=\"border-width: 0px;border-style: solid;margin: 5px;float: left\"> <a href=\"https:\/\/www.residenciaonix.com\/ca\/\">Resid\u00e8ncia Onix<\/a> est\u00e1 a pocos metros del Esmuc (C. Sardenya 101)<\/p><p>Reservas: frontdesk@residenciaonix.com \/ 932 666 100<\/p><p>Los\/las estudiantes de la Esmuc que contraten una estancia superior a tres meses disfrutan de un descuento del 15% sobre el importe de la matr\u00edcula del alojamiento que tengan que abonar en cada caso. Por estancias cortas, tienen un descuento del 7% sobre la tarifa oficial aplicable. En todos los casos, es necesario que la reserva se efect\u00fae directamente en la central de reservas de la Residencia Onix.<\/p>\n\n\n\n<hr class=\"wp-block-separator has-css-opacity\" \/>\n\n\n\n<p align=\"justify\"><img decoding=\"async\" title=\"The Student hotel\" class=\"caption\" src=\"\/wp-content\/uploads\/2021\/07\/The-Student-Hotel.jpg\" style=\"border-width: 0px;border-style: solid;margin: 5px;float: left\"> <a href=\"https:\/\/www.thestudenthotel.com\/barcelona-marina\/?gclid=Cj0KCQiAuefvBRDXARIsAFEOQ9EL-OUTWWFqvNUfcizBqLH7nz8mxjUVlRp04jaBClgy6r4So9KU9HcaAkJpEALw_wcB&amp;autolang=en\">The Student Hotel<\/a>dispone de dos alojamientos en la ciudad:<\/p><ul>\n  <li>TSH Campus Barcelona Marina &#8211; C. Sancho de \u00c1vila 22 <\/li>\n  <li>TSH Campus Barcelona Poble Sec &#8211; Av. Paral\u00b7lel 101<\/li>\n<\/ul><p>Reservas: reservations@thestudenthotel.com \/ 932 178 812<\/p><p>Los\/las estudiantes de la Esmuc disfrutan de un descuento del 33% sobre la matr\u00edcula del alojamiento. Este importe oscila entre 295\u20ac y 440\u20ac, dependiendo de la duraci\u00f3n de la estancia.<\/p>\n<\/div><\/section>\n<\/div><\/div><\/div>\n<\/div><\/section>\n<\/div>\n<\/div>\n","protected":false},"excerpt":{"rendered":"<p>Vivir en Barcelona<\/p>\n","protected":false},"author":4,"featured_media":64276,"parent":0,"menu_order":0,"comment_status":"closed","ping_status":"closed","template":"","meta":{"_acf_changed":false,"_themeisle_gutenberg_block_has_review":false,"footnotes":""},"categories":[1139],"tags":[],"class_list":["post-32355","page","type-page","status-publish","has-post-thumbnail","hentry","category-mobilitat-internacional-es"],"acf":[],"publishpress_future_action":{"enabled":false,"date":"2026-04-19 21:16:10","action":"change-status","newStatus":"draft","terms":[],"taxonomy":"category","extraData":[]},"publishpress_future_workflow_manual_trigger":{"enabledWorkflows":[]},"_links":{"self":[{"href":"https:\/\/www.esmuc.cat\/es\/wp-json\/wp\/v2\/pages\/32355","targetHints":{"allow":["GET"]}}],"collection":[{"href":"https:\/\/www.esmuc.cat\/es\/wp-json\/wp\/v2\/pages"}],"about":[{"href":"https:\/\/www.esmuc.cat\/es\/wp-json\/wp\/v2\/types\/page"}],"author":[{"embeddable":true,"href":"https:\/\/www.esmuc.cat\/es\/wp-json\/wp\/v2\/users\/4"}],"replies":[{"embeddable":true,"href":"https:\/\/www.esmuc.cat\/es\/wp-json\/wp\/v2\/comments?post=32355"}],"version-history":[{"count":9,"href":"https:\/\/www.esmuc.cat\/es\/wp-json\/wp\/v2\/pages\/32355\/revisions"}],"predecessor-version":[{"id":78312,"href":"https:\/\/www.esmuc.cat\/es\/wp-json\/wp\/v2\/pages\/32355\/revisions\/78312"}],"wp:featuredmedia":[{"embeddable":true,"href":"https:\/\/www.esmuc.cat\/es\/wp-json\/wp\/v2\/media\/64276"}],"wp:attachment":[{"href":"https:\/\/www.esmuc.cat\/es\/wp-json\/wp\/v2\/media?parent=32355"}],"wp:term":[{"taxonomy":"category","embeddable":true,"href":"https:\/\/www.esmuc.cat\/es\/wp-json\/wp\/v2\/categories?post=32355"},{"taxonomy":"post_tag","embeddable":true,"href":"https:\/\/www.esmuc.cat\/es\/wp-json\/wp\/v2\/tags?post=32355"}],"curies":[{"name":"wp","href":"https:\/\/api.w.org\/{rel}","templated":true}]}}