{"id":32187,"date":"2021-07-23T09:40:22","date_gmt":"2021-07-23T07:40:22","guid":{"rendered":"https:\/\/www.esmuc.cat\/grau\/interpretacio-musica-antiga\/interpretacio-musica-antiga-cant-historic\/"},"modified":"2022-06-30T13:39:00","modified_gmt":"2022-06-30T11:39:00","slug":"interpretacio-musica-antiga-cant-historic","status":"publish","type":"page","link":"https:\/\/www.esmuc.cat\/es\/estudios\/grau\/interpretacio-musica-antiga\/interpretacio-musica-antiga-cant-historic\/","title":{"rendered":"Interpretaci\u00f3n M\u00fasica Antigua Cant hist\u00f3rico"},"content":{"rendered":"\n<div class=\"wp-block-columns is-layout-flex wp-container-core-columns-is-layout-9d6595d7 wp-block-columns-is-layout-flex\">\n<div class=\"wp-block-column is-layout-flow wp-block-column-is-layout-flow\"><\/div>\n<\/div>\n\n\n<div class=\"breadcrumbs align  wp-block-bcn-breadcrumb-trail has-text-color has-background\" vocab=\"https:\/\/schema.org\/\" typeof=\"BreadcrumbList\">\n\t<span><\/span>\n\t<span property=\"itemListElement\" typeof=\"ListItem\"><a property=\"item\" typeof=\"WebPage\" title=\"Ir a ESMUC.\" href=\"https:\/\/www.esmuc.cat\/es\/\" class=\"home\" ><span property=\"name\">ESMUC<\/span><\/a><meta property=\"position\" content=\"1\"><\/span> &gt; <span property=\"itemListElement\" typeof=\"ListItem\"><a property=\"item\" typeof=\"WebPage\" title=\"Ir a Estudios.\" href=\"https:\/\/www.esmuc.cat\/es\/estudios\/\" class=\"post post-page\" ><span property=\"name\">Estudios<\/span><\/a><meta property=\"position\" content=\"2\"><\/span> &gt; <span property=\"itemListElement\" typeof=\"ListItem\"><a property=\"item\" typeof=\"WebPage\" title=\"Ir a Grado.\" href=\"https:\/\/www.esmuc.cat\/es\/estudios\/grau\/\" class=\"post post-page\" ><span property=\"name\">Grado<\/span><\/a><meta property=\"position\" content=\"3\"><\/span> &gt; <span property=\"itemListElement\" typeof=\"ListItem\"><a property=\"item\" typeof=\"WebPage\" title=\"Ir a Interpretaci\u00f3n: m\u00fasica antigua.\" href=\"https:\/\/www.esmuc.cat\/es\/estudios\/grau\/interpretacio-musica-antiga\/\" class=\"post post-page\" ><span property=\"name\">Interpretaci\u00f3n: m\u00fasica antigua<\/span><\/a><meta property=\"position\" content=\"4\"><\/span> &gt; <span property=\"itemListElement\" typeof=\"ListItem\"><span property=\"name\" class=\"post post-page current-item\">Interpretaci\u00f3n M\u00fasica Antigua Cant hist\u00f3rico<\/span><meta property=\"url\" content=\"https:\/\/www.esmuc.cat\/es\/estudios\/grau\/interpretacio-musica-antiga\/interpretacio-musica-antiga-cant-historic\/\"><meta property=\"position\" content=\"5\"><\/span><\/div>\n\n\n\n<h1 class=\"wp-block-heading\">Curr\u00edculum Interpretaci\u00f3n M\u00fasica Antigua<\/h1>\n\n\n\n<h3 class=\"wp-block-heading\">Modalidad: Canto hist\u00f3rico<\/h3>\n\n\n\n<div id=\"section-g92d37a\" class=\"wp-block-gutentor-e0 section-g92d37a gutentor-element gutentor-element-advanced-text\"><div class=\"gutentor-text-wrap\"><p class=\"gutentor-text\">Las asignaturas marcadas con un asterisco (*) NO se ofrecen cada curso. Consulta los horarios vigentes.<\/p><\/div><\/div>\n\n\n\n<table id=\"tablepress-398\" class=\"tablepress tablepress-id-398 tbody-has-connected-cells\">\n<thead>\n<tr class=\"row-1\">\n\t<th class=\"column-1\">  Materias y Asignaturas<br \/>\n  <\/th><th colspan=\"2\" class=\"column-2\">  1r curso<br \/>\n  <\/th><th colspan=\"2\" class=\"column-4\">  2ndo curso<br \/>\n  <\/th><th colspan=\"2\" class=\"column-6\">  3r curso<br \/>\n  <\/th><th colspan=\"2\" class=\"column-8\">  4to curso<br \/>\n  <\/th><th colspan=\"2\" class=\"column-10\">  Total<br \/>\n  <\/th>\n<\/tr>\n<\/thead>\n<tbody class=\"row-striping row-hover\">\n<tr class=\"row-2\">\n\t<td class=\"column-1\"><\/td><td class=\"column-2\">ECTS<\/td><td class=\"column-3\">h<br \/>\n  <\/td><td class=\"column-4\">ECTS<\/td><td class=\"column-5\">h<br \/>\n  <\/td><td class=\"column-6\">ECTS<\/td><td class=\"column-7\">h<br \/>\n  <\/td><td class=\"column-8\">ECTS<\/td><td class=\"column-9\">h<br \/>\n  <\/td><td class=\"column-10\">ECTS<\/td><td class=\"column-11\">h<\/td>\n<\/tr>\n<tr class=\"row-3\">\n\t<td colspan=\"11\" class=\"column-1\"><center>Cultura, pensamiento e historia (FB)<\/center>  <\/td>\n<\/tr>\n<tr class=\"row-4\">\n\t<td class=\"column-1\">  M\u00fasica y cultura <a href=\"https:\/\/www.esmuc.cat\/assignatures\/musica-i-cultura-i\/\"_self\" rel=\"noopener\">I<\/a>, <a href=\"https:\/\/www.esmuc.cat\/assignatures\/musica-i-cultura-ii\/\/\" target=\"_self\" rel=\"noopener\">II<\/a> i <a href=\"https:\/\/www.esmuc.cat\/assignatures\/musica-i-cultura-iii\/\" target=\"_self\" rel=\"noopener\">III<\/a><br \/>\n  <\/td><td class=\"column-2\">  6<br \/>\n  <\/td><td class=\"column-3\">  90<br \/>\n  <\/td><td class=\"column-4\">  3<br \/>\n  <\/td><td class=\"column-5\">  45<br \/>\n  <\/td><td class=\"column-6\">  \u00a0<br \/>\n  <\/td><td class=\"column-7\">  \u00a0<br \/>\n  <\/td><td class=\"column-8\">  \u00a0<br \/>\n  <\/td><td class=\"column-9\">  \u00a0<br \/>\n  <\/td><td class=\"column-10\">  <b>9<\/b><br \/>\n  <\/td><td class=\"column-11\">  <b>135<\/b><br \/>\n  <\/td>\n<\/tr>\n<tr class=\"row-5\">\n\t<td class=\"column-1\">  <a href=\"https:\/\/www.esmuc.cat\/assignatures\/desenvolupament-professional\/\" target=\"_self\" rel=\"noopener\">Desarrollo profesional<\/a>\u00a0<br \/>\n  <\/td><td class=\"column-2\">  \u00a0<br \/>\n  <\/td><td class=\"column-3\">  \u00a0<br \/>\n  <\/td><td class=\"column-4\">  \u00a0<br \/>\n  <\/td><td class=\"column-5\">  \u00a0<br \/>\n  <\/td><td class=\"column-6\">  \u00a0<br \/>\n  <\/td><td class=\"column-7\">  \u00a0<br \/>\n  <\/td><td class=\"column-8\">  3<br \/>\n  <\/td><td class=\"column-9\">  45<br \/>\n  <\/td><td class=\"column-10\">  <b>3<\/b><br \/>\n  <\/td><td class=\"column-11\">  <b>45<\/b><br \/>\n  <\/td>\n<\/tr>\n<tr class=\"row-6\">\n\t<td class=\"column-1\">  <a href=\"https:\/\/www.esmuc.cat\/assignatures\/estetica-i\/\">Est\u00e9tica<\/a> I, II<br \/>\n  <\/td><td class=\"column-2\">  \u00a0<br \/>\n  <\/td><td class=\"column-3\">  \u00a0<br \/>\n  <\/td><td class=\"column-4\">  \u00a0<br \/>\n  <\/td><td class=\"column-5\">  \u00a0<br \/>\n  <\/td><td class=\"column-6\">  4<br \/>\n  <\/td><td class=\"column-7\">  60<br \/>\n  <\/td><td class=\"column-8\">  \u00a0<br \/>\n  <\/td><td class=\"column-9\">  \u00a0<br \/>\n  <\/td><td class=\"column-10\">  <b>4<\/b><br \/>\n  <\/td><td class=\"column-11\">  <b>60<\/b><br \/>\n  <\/td>\n<\/tr>\n<tr class=\"row-7\">\n\t<td colspan=\"11\" class=\"column-1\"><center>Lenguajes y t\u00e9cnica de la m\u00fasica (FB)<\/center>  <\/td>\n<\/tr>\n<tr class=\"row-8\">\n\t<td class=\"column-1\">  <a href=\"https:\/\/www.esmuc.cat\/assignatures\/fonaments-dacustica\/\" target=\"_self\" rel=\"noopener\">Fundamentos de ac\u00fastica<\/a><br \/>\n  <\/td><td class=\"column-2\">  3<br \/>\r\n  <\/td><td class=\"column-3\">22,5<\/td><td class=\"column-4\">  \u00a0<br \/>\r\n  <\/td><td class=\"column-5\">  \u00a0<br \/>\r\n  <\/td><td class=\"column-6\">  \u00a0<br \/>\r\n  <\/td><td class=\"column-7\">  \u00a0<br \/>\r\n  <\/td><td class=\"column-8\">  \u00a0<br \/>\r\n  <\/td><td class=\"column-9\">  \u00a0<br \/>\r\n  <\/td><td class=\"column-10\">  <b>3<\/b><br \/>\r\n  <\/td><td class=\"column-11\">  <b>22,5<\/b><br \/>\r\n  <\/td>\n<\/tr>\n<tr class=\"row-9\">\n\t<td class=\"column-1\">  <a href=\"https:\/\/www.esmuc.cat\/assignatures\/metodologies-danalisi-musical\/\" target=\"_self\" rel=\"noopener\">Metodolog\u00edas de an\u00e1lisis musical<\/a><br \/>\n  <\/td><td class=\"column-2\">  4<br \/>\n  <\/td><td class=\"column-3\">  45<br \/>\n  <\/td><td class=\"column-4\">  \u00a0<br \/>\n  <\/td><td class=\"column-5\">  \u00a0<br \/>\n  <\/td><td class=\"column-6\">  \u00a0<br \/>\n  <\/td><td class=\"column-7\">  \u00a0<br \/>\n  <\/td><td class=\"column-8\">  \u00a0<br \/>\n  <\/td><td class=\"column-9\">  \u00a0<br \/>\n  <\/td><td class=\"column-10\">  <b>4<\/b><br \/>\n  <\/td><td class=\"column-11\">  <b>45<\/b><br \/>\n  <\/td>\n<\/tr>\n<tr class=\"row-10\">\n\t<td class=\"column-1\">  <a href=\"https:\/\/www.esmuc.cat\/assignatures\/percepcio-auditiva-general\/\" target=\"_self\" rel=\"noopener\">Percepci\u00f3n auditiva general<\/a><br \/>\n  <\/td><td class=\"column-2\">  3<br \/>\n  <\/td><td class=\"column-3\">  45<br \/>\n  <\/td><td class=\"column-4\">  \u00a0<br \/>\n  <\/td><td class=\"column-5\">  \u00a0<br \/>\n  <\/td><td class=\"column-6\">  \u00a0<br \/>\n  <\/td><td class=\"column-7\">  \u00a0<br \/>\n  <\/td><td class=\"column-8\">  \u00a0<br \/>\n  <\/td><td class=\"column-9\">  \u00a0<br \/>\n  <\/td><td class=\"column-10\">  <b>3<\/b><br \/>\n  <\/td><td class=\"column-11\">  <b>45<\/b><br \/>\n  <\/td>\n<\/tr>\n<tr class=\"row-11\">\n\t<td class=\"column-1\">  <a href=\"https:\/\/www.esmuc.cat\/assignatures\/fonaments-de-la-composicio\/\" target=\"_self\" rel=\"noopener\">Fundamentos de la composici\u00f3n<\/a><br \/>\n  <\/td><td class=\"column-2\">  4<br \/>\n  <\/td><td class=\"column-3\">  45<br \/>\n  <\/td><td class=\"column-4\">  \u00a0<br \/>\n  <\/td><td class=\"column-5\">  \u00a0<br \/>\n  <\/td><td class=\"column-6\">  \u00a0<br \/>\n  <\/td><td class=\"column-7\">  \u00a0<br \/>\n  <\/td><td class=\"column-8\">  \u00a0<br \/>\n  <\/td><td class=\"column-9\">  \u00a0<br \/>\n  <\/td><td class=\"column-10\">  <b>4<\/b><br \/>\n  <\/td><td class=\"column-11\">  <b>45<\/b><br \/>\n  <\/td>\n<\/tr>\n<tr class=\"row-12\">\n\t<td colspan=\"11\" class=\"column-1\"><center><b><b>Instrumento \/ Voz (OB)<b><b><\/center>  <\/td>\n<\/tr>\n<tr class=\"row-13\">\n\t<td class=\"column-1\">Instrumento principal 1 a 8<\/td><td class=\"column-2\">  24<br \/>\n  <\/td><td class=\"column-3\">  37,5<br \/>\n  <\/td><td class=\"column-4\">  24<br \/>\n  <\/td><td class=\"column-5\">  37,5<br \/>\n  <\/td><td class=\"column-6\">  23<br \/>\n  <\/td><td class=\"column-7\">  37,5<br \/>\n  <\/td><td class=\"column-8\">  \u00a022<br \/>\n  <\/td><td class=\"column-9\">  \u00a037,5<br \/>\n  <\/td><td class=\"column-10\">  <b>93<\/b><br \/>\n  <\/td><td class=\"column-11\">  <b>150<\/b><br \/>\n  <\/td>\n<\/tr>\n<tr class=\"row-14\">\n\t<td class=\"column-1\">Formaci\u00f3n corporal y comunicaci\u00f3n<a href=\"https:\/\/www.esmuc.cat\/assignatures\/formacio-corporal-i-comunicacio-i\/\" target=\"_self\" rel=\"noopener\"> I <\/a>y <a href=\"https:\/\/www.esmuc.cat\/assignatures\/formacio-corporal-i-comunicacio-ii\/\" target=\"_self\" rel=\"noopener\">II<\/a><\/td><td class=\"column-2\">  2<br \/>\r\n  <\/td><td class=\"column-3\">22,5<\/td><td class=\"column-4\">  2<br \/>\r\n  <\/td><td class=\"column-5\">22,5<\/td><td class=\"column-6\">  \u00a0<br \/>\r\n  <\/td><td class=\"column-7\">  \u00a0<br \/>\r\n  <\/td><td class=\"column-8\">  \u00a0<br \/>\r\n  <\/td><td class=\"column-9\">  \u00a0<br \/>\r\n  <\/td><td class=\"column-10\">  <b>4<\/b><br \/>\r\n  <\/td><td class=\"column-11\">  <b>45<\/b><br \/>\r\n  <\/td>\n<\/tr>\n<tr class=\"row-15\">\n\t<td colspan=\"11\" class=\"column-1\"><center>Formaci\u00f3n instrumental complementaria (OB)<\/center> <\/td>\n<\/tr>\n<tr class=\"row-16\">\n\t<td class=\"column-1\"><a href=\"https:\/\/www.esmuc.cat\/assignatures\/instrument-secundari\/\" target=\"_self\" rel=\"noopener\">Instrumento secundario 1 a 6<\/a><br \/>\n  <\/td><td class=\"column-2\">  4<br \/>\n  <\/td><td class=\"column-3\">  15<br \/>\n  <\/td><td class=\"column-4\">  4<br \/>\n  <\/td><td class=\"column-5\">  15<br \/>\n  <\/td><td class=\"column-6\">  4<br \/>\n  <\/td><td class=\"column-7\">  15<br \/>\n  <\/td><td class=\"column-8\">  \u00a0<br \/>\n  <\/td><td class=\"column-9\">  \u00a0<br \/>\n  <\/td><td class=\"column-10\">  12<br \/>\n  <\/td><td class=\"column-11\">  45<br \/>\n  <\/td>\n<\/tr>\n<tr class=\"row-17\">\n\t<td class=\"column-1\">  <a href=\"https:\/\/www.esmuc.cat\/assignatures\/improvisacio-i-ornamentacio-i\/\" target=\"_self\" rel=\"noopener\">Improvisaci\u00f3n y ornamentaci\u00f3n I, II, III y IV<\/a> <br \/>\n  <\/td><td class=\"column-2\">  \u00a0<br \/>\n  <\/td><td class=\"column-3\">  \u00a0<br \/>\n  <\/td><td class=\"column-4\">  2<br \/>\n  <\/td><td class=\"column-5\">  30<br \/>\n  <\/td><td class=\"column-6\">  2<br \/>\n  <\/td><td class=\"column-7\">  30<br \/>\n  <\/td><td class=\"column-8\">  4<br \/>\n  <\/td><td class=\"column-9\">  60<br \/>\n  <\/td><td class=\"column-10\">  8<br \/>\n  <\/td><td class=\"column-11\">  120<br \/>\n  <\/td>\n<\/tr>\n<tr class=\"row-18\">\n\t<td class=\"column-1\">Seminario espec\u00edfico de interpretaci\u00f3n *<\/td><td class=\"column-2\">  \u00a0<br \/>\n  <\/td><td class=\"column-3\">  \u00a0<br \/>\n  <\/td><td class=\"column-4\">  \u00a0<br \/>\n  <\/td><td class=\"column-5\">  \u00a0<br \/>\n  <\/td><td class=\"column-6\">  \u00a0<br \/>\n  <\/td><td class=\"column-7\">  \u00a0<br \/>\n  <\/td><td class=\"column-8\">  2<br \/>\n  <\/td><td class=\"column-9\">  30<br \/>\n  <\/td><td class=\"column-10\">  2<br \/>\n  <\/td><td class=\"column-11\">  30<br \/>\n  <\/td>\n<\/tr>\n<tr class=\"row-19\">\n\t<td class=\"column-1\">T\u00e9cnicas actorales I y II<\/td><td class=\"column-2\">  2<br \/>\n  <\/td><td class=\"column-3\">  45<br \/>\n  <\/td><td class=\"column-4\">  3<br \/>\n  <\/td><td class=\"column-5\">  45<br \/>\n  <\/td><td class=\"column-6\">  \u00a0<br \/>\n  <\/td><td class=\"column-7\">  \u00a0<br \/>\n  <\/td><td class=\"column-8\">  \u00a0<br \/>\n  <\/td><td class=\"column-9\">  \u00a0<br \/>\n  <\/td><td class=\"column-10\">  5<br \/>\n  <\/td><td class=\"column-11\">  90<br \/>\n  <\/td>\n<\/tr>\n<tr class=\"row-20\">\n\t<td class=\"column-1\">Repertorio vocal de la m\u00fasica antigua *<br \/>\n  <\/td><td class=\"column-2\">  \u00a0<br \/>\n  <\/td><td class=\"column-3\">  \u00a0<br \/>\n  <\/td><td class=\"column-4\"> 3<\/td><td class=\"column-5\">45  \u00a0<br \/>\n  <\/td><td class=\"column-6\"> <\/td><td class=\"column-7\">  <\/td><td class=\"column-8\">  \u00a0<br \/>\n  <\/td><td class=\"column-9\">  \u00a0<br \/>\n  <\/td><td class=\"column-10\">  3<br \/>\n  <\/td><td class=\"column-11\">  45<br \/>\n  <\/td>\n<\/tr>\n<tr class=\"row-21\">\n\t<td class=\"column-1\">Fon\u00e9tica aplicada al canto  I, II, III y IV<\/td><td class=\"column-2\">  2<br \/>\n  <\/td><td class=\"column-3\">  45<br \/>\n  <\/td><td class=\"column-4\">  2<br \/>\n  <\/td><td class=\"column-5\">  45<br \/>\n  <\/td><td class=\"column-6\">  2<br \/>\n  <\/td><td class=\"column-7\">  45<br \/>\n  <\/td><td class=\"column-8\">  2<br \/>\n  <\/td><td class=\"column-9\">  45<br \/>\n  <\/td><td class=\"column-10\">  8<br \/>\n  <\/td><td class=\"column-11\">  180<br \/>\n  <\/td>\n<\/tr>\n<tr class=\"row-22\">\n\t<td class=\"column-1\">  <a href=\"https:\/\/www.esmuc.cat\/assignatures\/cant-pla\/\" target=\"_self\" rel=\"noopener\">Canto llano<\/a><br \/>\n  <\/td><td class=\"column-2\">  \u00a0<br \/>\n  <\/td><td class=\"column-3\">  \u00a0<br \/>\n  <\/td><td class=\"column-4\">  4<br \/>\n  <\/td><td class=\"column-5\">  45<br \/>\n  <\/td><td class=\"column-6\">  \u00a0<br \/>\n  <\/td><td class=\"column-7\">  \u00a0<br \/>\n  <\/td><td class=\"column-8\">  \u00a0<br \/>\n  <\/td><td class=\"column-9\">  \u00a0<br \/>\n  <\/td><td class=\"column-10\">  4<br \/>\n  <\/td><td class=\"column-11\">  45<br \/>\n  <\/td>\n<\/tr>\n<tr class=\"row-23\">\n\t<td class=\"column-1\">Afinaciones hist\u00f3ricas<br \/>\n  <\/td><td class=\"column-2\">  \u00a0<br \/>\n  <\/td><td class=\"column-3\">  \u00a0<br \/>\n  <\/td><td class=\"column-4\">  \u00a0<br \/>\n  <\/td><td class=\"column-5\">  \u00a0<br \/>\n  <\/td><td class=\"column-6\">  3<br \/>\n  <\/td><td class=\"column-7\">  30<br \/>\n  <\/td><td class=\"column-8\">  \u00a0<br \/>\n  <\/td><td class=\"column-9\">  \u00a0<br \/>\n  <\/td><td class=\"column-10\">  <b>3<\/b><br \/>\n  <\/td><td class=\"column-11\">  30<br \/>\n  <\/td>\n<\/tr>\n<tr class=\"row-24\">\n\t<td colspan=\"11\" class=\"column-1\"><center>M\u00fasica de conjunto (OB)<\/center>  <\/td>\n<\/tr>\n<tr class=\"row-25\">\n\t<td class=\"column-1\">   <a href=\"https:\/\/www.esmuc.cat\/assignatures\/grans-conjunts-ma-1-7\/\" target=\"_self\" rel=\"noopener\">Grandes conjuntos<\/a> <br \/>\n  <\/td><td class=\"column-2\">  \u00a0<br \/>\n  <\/td><td class=\"column-3\">  \u00a0<br \/>\n  <\/td><td class=\"column-4\">  2<br \/>\n  <\/td><td class=\"column-5\">  45<br \/>\n  <\/td><td class=\"column-6\">  2<br \/>\n  <\/td><td class=\"column-7\">  45<br \/>\n  <\/td><td class=\"column-8\">  \u00a0<br \/>\n  <\/td><td class=\"column-9\">  \u00a0<br \/>\n  <\/td><td class=\"column-10\">  4<br \/>\n  <\/td><td class=\"column-11\">  90<br \/>\n  <\/td>\n<\/tr>\n<tr class=\"row-26\">\n\t<td class=\"column-1\">Coro para cantantes<\/td><td class=\"column-2\">  2<br \/>\n  <\/td><td class=\"column-3\">  45<br \/>\n  <\/td><td class=\"column-4\">  2<br \/>\n  <\/td><td class=\"column-5\">  45<br \/>\n  <\/td><td class=\"column-6\">  2<br \/>\n  <\/td><td class=\"column-7\">  45<br \/>\n  <\/td><td class=\"column-8\">  2<br \/>\n  <\/td><td class=\"column-9\">  45<br \/>\n  <\/td><td class=\"column-10\">8  <\/td><td class=\"column-11\">180  <\/td>\n<\/tr>\n<tr class=\"row-27\">\n\t<td class=\"column-1\"><a href=\"https:\/\/www.esmuc.cat\/assignatures\/cambra\/\" target=\"_self\" rel=\"noopener\">C\u00e1mara 1 a 7<\/a><\/td><td class=\"column-2\">  2<br \/>\n  <\/td><td class=\"column-3\">  22,5<br \/>\n  <\/td><td class=\"column-4\">  4<br \/>\n  <\/td><td class=\"column-5\">  45<br \/>\n  <\/td><td class=\"column-6\">  4<br \/>\n  <\/td><td class=\"column-7\">  45<br \/>\n  <\/td><td class=\"column-8\">  4<br \/>\n  <\/td><td class=\"column-9\">  45<br \/>\n  <\/td><td class=\"column-10\">14<\/td><td class=\"column-11\">157,5<\/td>\n<\/tr>\n<tr class=\"row-28\">\n\t<td colspan=\"11\" class=\"column-1\"><center>Teor\u00eda e historia (OB)<\/center>  <\/td>\n<\/tr>\n<tr class=\"row-29\">\n\t<td class=\"column-1\">  <a href=\"https:\/\/www.esmuc.cat\/assignatures\/analisi-de-la-musica-antiga\/\" target=\"_self\" rel=\"noopener\">An\u00e1lisis de la m\u00fasica antigua<\/a><br \/>\n  <\/td><td class=\"column-2\">  \u00a0<br \/>\n  <\/td><td class=\"column-3\">  \u00a0<br \/>\n  <\/td><td class=\"column-4\">  3<br \/>\n  <\/td><td class=\"column-5\">  45<br \/>\n  <\/td><td class=\"column-6\">  \u00a0<br \/>\n  <\/td><td class=\"column-7\">  \u00a0<br \/>\n  <\/td><td class=\"column-8\">  \u00a0<br \/>\n  <\/td><td class=\"column-9\">  \u00a0<br \/>\n  <\/td><td class=\"column-10\">  3<br \/>\n  <\/td><td class=\"column-11\">  45<br \/>\n  <\/td>\n<\/tr>\n<tr class=\"row-30\">\n\t<td class=\"column-1\">  <a href=\"https:\/\/www.esmuc.cat\/assignatures\/notacio-i-edicio-ii\/\" target=\"_self\" rel=\"noopener\">Notaci\u00f3n y edici\u00f3n II<\/a><br \/>\n  <\/td><td class=\"column-2\">  \u00a0<br \/>\n  <\/td><td class=\"column-3\">  \u00a0<br \/>\n  <\/td><td class=\"column-4\">  \u00a0<br \/>\n  <\/td><td class=\"column-5\">  \u00a0<br \/>\n  <\/td><td class=\"column-6\">  4<br \/>\n  <\/td><td class=\"column-7\">  45<br \/>\n  <\/td><td class=\"column-8\">  \u00a0<br \/>\n  <\/td><td class=\"column-9\">  \u00a0<br \/>\n  <\/td><td class=\"column-10\">  4<br \/>\n  <\/td><td class=\"column-11\">  45<br \/>\n  <\/td>\n<\/tr>\n<tr class=\"row-31\">\n\t<td class=\"column-1\">Fuentes hist\u00f3ricas de la interpretaci\u00f3n de la m\u00fasica antigua<\/td><td class=\"column-2\">  \u00a0<br \/>\n  <\/td><td class=\"column-3\">  \u00a0<br \/>\n  <\/td><td class=\"column-4\">  \u00a0<br \/>\n  <\/td><td class=\"column-5\">  \u00a0<br \/>\n  <\/td><td class=\"column-6\">  3<br \/>\n  <\/td><td class=\"column-7\">  45<br \/>\n  <\/td><td class=\"column-8\">  \u00a0<br \/>\n  <\/td><td class=\"column-9\">  \u00a0<br \/>\n  <\/td><td class=\"column-10\">  3<br \/>\n  <\/td><td class=\"column-11\">  45<br \/>\n  <\/td>\n<\/tr>\n<tr class=\"row-32\">\n\t<td class=\"column-1\">Percepci\u00f3n auditiva espec\u00edfica<br \/>\n  <\/td><td class=\"column-2\">  \u00a0<br \/>\n  <\/td><td class=\"column-3\">  \u00a0<br \/>\n  <\/td><td class=\"column-4\">  2<br \/>\n  <\/td><td class=\"column-5\">  45<br \/>\n  <\/td><td class=\"column-6\">  \u00a0<br \/>\n  <\/td><td class=\"column-7\">  \u00a0<br \/>\n  <\/td><td class=\"column-8\">  \u00a0<br \/>\n  <\/td><td class=\"column-9\">  \u00a0<br \/>\n  <\/td><td class=\"column-10\">  2<br \/>\n  <\/td><td class=\"column-11\">  45<br \/>\n  <\/td>\n<\/tr>\n<tr class=\"row-33\">\n\t<td class=\"column-1\">  <a href=\"https:\/\/www.esmuc.cat\/assignatures\/historia-de-la-musica-del-segle-xvii\/\" target=\"_self\" rel=\"noopener\">Historia de la m\u00fasica del siglo XVII<\/a><br \/>\n  <\/td><td class=\"column-2\">  \u00a0<br \/>\n  <\/td><td class=\"column-3\">  \u00a0<br \/>\n  <\/td><td class=\"column-4\">  \u00a0<br \/>\n  <\/td><td class=\"column-5\">  \u00a0<br \/>\n  <\/td><td class=\"column-6\">  \u00a0<br \/>\n  <\/td><td class=\"column-7\">  \u00a0<br \/>\n  <\/td><td class=\"column-8\">  4<br \/>\n  <\/td><td class=\"column-9\">  45<br \/>\n  <\/td><td class=\"column-10\">  4<br \/>\n  <\/td><td class=\"column-11\">  45<br \/>\n  <\/td>\n<\/tr>\n<tr class=\"row-34\">\n\t<td colspan=\"11\" class=\"column-1\"><center><b><b>Tecnolog\u00eda musical (OB)<b><b><\/center><\/td>\n<\/tr>\n<tr class=\"row-35\">\n\t<td class=\"column-1\"><a href=\"https:\/\/www.esmuc.cat\/assignatures\/introduccio-a-la-tecnologia-musical\/\" target=\"_self\" rel=\"noopener\">Introducci\u00f3n a la tecnolog\u00eda musical <\/a><br \/>\n  <\/td><td class=\"column-2\">  2<br \/>\r\n  <\/td><td class=\"column-3\">22,5<\/td><td class=\"column-4\">  \u00a0<br \/>\r\n  <\/td><td class=\"column-5\">  \u00a0<br \/>\r\n  <\/td><td class=\"column-6\">  \u00a0<br \/>\r\n  <\/td><td class=\"column-7\">  \u00a0<br \/>\r\n  <\/td><td class=\"column-8\">  \u00a0<br \/>\r\n  <\/td><td class=\"column-9\">  \u00a0<br \/>\r\n  <\/td><td class=\"column-10\">  <b>2<\/b><br \/>\r\n  <\/td><td class=\"column-11\">  <b>22,5<\/b><br \/>\r\n  <\/td>\n<\/tr>\n<tr class=\"row-36\">\n\t<td class=\"column-1\">  <a href=\"https:\/\/www.esmuc.cat\/assignatures\/tecniques-denregistrament-i-postproduccio\/\" target=\"_blank\" rel=\"noopener\">T\u00e9cnicas de grabaci\u00f3n y postproducci\u00f3n I<\/a><br \/>\n  <\/td><td class=\"column-2\">  \u00a0<br \/>\r\n  <\/td><td class=\"column-3\">  \u00a0<br \/>\r\n  <\/td><td class=\"column-4\">  \u00a0<br \/>\r\n  <\/td><td class=\"column-5\">  \u00a0<br \/>\r\n  <\/td><td class=\"column-6\">  \u00a02<br \/>\r\n  <\/td><td class=\"column-7\">22,5<\/td><td class=\"column-8\">  \u00a0<br \/>\r\n  <\/td><td class=\"column-9\">  \u00a0<br \/>\r\n  <\/td><td class=\"column-10\">  <b>2<\/b><br \/>\r\n  <\/td><td class=\"column-11\">  <b>22,5<\/b><br \/>\r\n  <\/td>\n<\/tr>\n<tr class=\"row-37\">\n\t<td colspan=\"11\" class=\"column-1\"><center><b><b>Materias optativas (OP)<b><b><\/center>  <\/td>\n<\/tr>\n<tr class=\"row-38\">\n\t<td class=\"column-1\">  Cr\u00e9ditos optativos<br \/>\n  <\/td><td class=\"column-2\">  \u00a0<br \/>\n  <\/td><td class=\"column-3\">  \u00a0<br \/>\n  <\/td><td class=\"column-4\">  \u00a0<br \/>\n  <\/td><td class=\"column-5\">  \u00a0<br \/>\n  <\/td><td class=\"column-6\">  3<br \/>\n  <\/td><td class=\"column-7\">  \u00a045<br \/>\n  <\/td><td class=\"column-8\">  9<br \/>\n  <\/td><td class=\"column-9\">  135<br \/>\n  <\/td><td class=\"column-10\">  <b>12<\/b><br \/>\n  <\/td><td class=\"column-11\">  <b>180<\/b><br \/>\n  <\/td>\n<\/tr>\n<tr class=\"row-39\">\n\t<td colspan=\"11\" class=\"column-1\"><center>Trabajo Final (TFG)<\/center><\/td>\n<\/tr>\n<tr class=\"row-40\">\n\t<td class=\"column-1\">  <a href=\"https:\/\/www.esmuc.cat\/assignatures\/metodologies-de-recerca\/\" id=\"__mce_tmp\" target=\"_self\" rel=\"noopener\">Metodolog\u00edas de investigaci\u00f3n<\/a><br \/>\n  <\/td><td class=\"column-2\">  \u00a0<br \/>\n  <\/td><td class=\"column-3\">  \u00a0<br \/>\n  <\/td><td class=\"column-4\">  \u00a0<br \/>\n  <\/td><td class=\"column-5\">  \u00a0<br \/>\n  <\/td><td class=\"column-6\">  2<br \/>\n  <\/td><td class=\"column-7\">  30<br \/>\n  <\/td><td class=\"column-8\">  \u00a0<br \/>\n  <\/td><td class=\"column-9\">  \u00a0<br \/>\n  <\/td><td class=\"column-10\">  <b>2<\/b><br \/>\n  <\/td><td class=\"column-11\">  <b>30<\/b><br \/>\n  <\/td>\n<\/tr>\n<tr class=\"row-41\">\n\t<td class=\"column-1\">  Trabajo fin de grado<br \/>\n  <\/td><td class=\"column-2\">  \u00a0<br \/>\n  <\/td><td class=\"column-3\">  \u00a0<br \/>\n  <\/td><td class=\"column-4\">  \u00a0<br \/>\n  <\/td><td class=\"column-5\">  \u00a0<br \/>\n  <\/td><td class=\"column-6\">  \u00a0<br \/>\n  <\/td><td class=\"column-7\">  \u00a0<br \/>\n  <\/td><td class=\"column-8\">  8<br \/>\n  <\/td><td class=\"column-9\">  15<br \/>\n  <\/td><td class=\"column-10\">  <b>8<\/b><br \/>\n  <\/td><td class=\"column-11\">  <b>15<\/b><br \/>\n  <\/td>\n<\/tr>\n<\/tbody>\n<tfoot>\n<tr class=\"row-42\">\n\t<th class=\"column-1\">  <b>TOTAL<\/b><br \/>\n  <\/th><th class=\"column-2\">  <b>60<\/b><br \/>\r\n  <\/th><th class=\"column-3\">  <b>502,5<\/b><br \/>\r\n  <\/th><th class=\"column-4\">  <b>60<\/b><br \/>\r\n  <\/th><th class=\"column-5\">  <b>555<\/b><br \/>\r\n  <\/th><th class=\"column-6\">  <b>60<\/b><br \/>\r\n  <\/th><th class=\"column-7\">  <b>540<\/b><br \/>\r\n  <\/th><th class=\"column-8\">  <b>60<\/b><br \/>\r\n  <\/th><th class=\"column-9\">  <b>502,5<\/b><br \/>\r\n  <\/th><th class=\"column-10\">  <b>240<\/b><br \/>\r\n  <\/th><th class=\"column-11\">  <b>2100<\/b><br \/>\r\n  <\/th>\n<\/tr>\n<\/tfoot>\n<\/table>\n<!-- #tablepress-398 from cache -->\n","protected":false},"excerpt":{"rendered":"<p>Curr\u00edculum Interpretaci\u00f3n M\u00fasica Antigua Modalidad: Canto hist\u00f3rico<\/p>\n","protected":false},"author":4,"featured_media":0,"parent":30985,"menu_order":0,"comment_status":"closed","ping_status":"closed","template":"","meta":{"_acf_changed":false,"_themeisle_gutenberg_block_has_review":false,"footnotes":""},"categories":[1126],"tags":[1210],"class_list":["post-32187","page","type-page","status-publish","hentry","category-especialitats-es","tag-pla-destudis-es"],"acf":[],"publishpress_future_action":{"enabled":false,"date":"2026-04-13 23:33:25","action":"change-status","newStatus":"draft","terms":[],"taxonomy":"category","extraData":[]},"publishpress_future_workflow_manual_trigger":{"enabledWorkflows":[]},"_links":{"self":[{"href":"https:\/\/www.esmuc.cat\/es\/wp-json\/wp\/v2\/pages\/32187","targetHints":{"allow":["GET"]}}],"collection":[{"href":"https:\/\/www.esmuc.cat\/es\/wp-json\/wp\/v2\/pages"}],"about":[{"href":"https:\/\/www.esmuc.cat\/es\/wp-json\/wp\/v2\/types\/page"}],"author":[{"embeddable":true,"href":"https:\/\/www.esmuc.cat\/es\/wp-json\/wp\/v2\/users\/4"}],"replies":[{"embeddable":true,"href":"https:\/\/www.esmuc.cat\/es\/wp-json\/wp\/v2\/comments?post=32187"}],"version-history":[{"count":5,"href":"https:\/\/www.esmuc.cat\/es\/wp-json\/wp\/v2\/pages\/32187\/revisions"}],"predecessor-version":[{"id":50121,"href":"https:\/\/www.esmuc.cat\/es\/wp-json\/wp\/v2\/pages\/32187\/revisions\/50121"}],"up":[{"embeddable":true,"href":"https:\/\/www.esmuc.cat\/es\/wp-json\/wp\/v2\/pages\/30985"}],"wp:attachment":[{"href":"https:\/\/www.esmuc.cat\/es\/wp-json\/wp\/v2\/media?parent=32187"}],"wp:term":[{"taxonomy":"category","embeddable":true,"href":"https:\/\/www.esmuc.cat\/es\/wp-json\/wp\/v2\/categories?post=32187"},{"taxonomy":"post_tag","embeddable":true,"href":"https:\/\/www.esmuc.cat\/es\/wp-json\/wp\/v2\/tags?post=32187"}],"curies":[{"name":"wp","href":"https:\/\/api.w.org\/{rel}","templated":true}]}}