{"id":31888,"date":"2021-07-22T12:53:31","date_gmt":"2021-07-22T10:53:31","guid":{"rendered":"https:\/\/www.esmuc.cat\/grau\/interpretacio-musica-classica-i-contemporania\/interpretacio-classica-i-contemporania-cant\/"},"modified":"2023-11-13T13:42:03","modified_gmt":"2023-11-13T12:42:03","slug":"curriculum-interpretacion-cic-canto","status":"publish","type":"page","link":"https:\/\/www.esmuc.cat\/es\/estudios\/grau\/interpretacio-musica-classica-i-contemporania\/curriculum-interpretacion-cic-canto\/","title":{"rendered":"Interpretaci\u00f3n Cl\u00e1sica y contempor\u00e1nea Canto"},"content":{"rendered":"\n<div class=\"wp-block-columns is-layout-flex wp-container-core-columns-is-layout-9d6595d7 wp-block-columns-is-layout-flex\">\n<div class=\"wp-block-column is-layout-flow wp-block-column-is-layout-flow\"><\/div>\n<\/div>\n\n\n<div class=\"breadcrumbs align  wp-block-bcn-breadcrumb-trail has-text-color has-background\" vocab=\"https:\/\/schema.org\/\" typeof=\"BreadcrumbList\">\n\t<span><\/span>\n\t<span property=\"itemListElement\" typeof=\"ListItem\"><a property=\"item\" typeof=\"WebPage\" title=\"Ir a ESMUC.\" href=\"https:\/\/www.esmuc.cat\/es\/\" class=\"home\" ><span property=\"name\">ESMUC<\/span><\/a><meta property=\"position\" content=\"1\"><\/span> &gt; <span property=\"itemListElement\" typeof=\"ListItem\"><a property=\"item\" typeof=\"WebPage\" title=\"Ir a Estudios.\" href=\"https:\/\/www.esmuc.cat\/es\/estudios\/\" class=\"post post-page\" ><span property=\"name\">Estudios<\/span><\/a><meta property=\"position\" content=\"2\"><\/span> &gt; <span property=\"itemListElement\" typeof=\"ListItem\"><a property=\"item\" typeof=\"WebPage\" title=\"Ir a Grado.\" href=\"https:\/\/www.esmuc.cat\/es\/estudios\/grau\/\" class=\"post post-page\" ><span property=\"name\">Grado<\/span><\/a><meta property=\"position\" content=\"3\"><\/span> &gt; <span property=\"itemListElement\" typeof=\"ListItem\"><a property=\"item\" typeof=\"WebPage\" title=\"Ir a Interpretaci\u00f3n: m\u00fasica cl\u00e1sica y contempor\u00e1nea.\" href=\"https:\/\/www.esmuc.cat\/es\/estudios\/grau\/interpretacio-musica-classica-i-contemporania\/\" class=\"post post-page\" ><span property=\"name\">Interpretaci\u00f3n: m\u00fasica cl\u00e1sica y contempor\u00e1nea<\/span><\/a><meta property=\"position\" content=\"4\"><\/span> &gt; <span property=\"itemListElement\" typeof=\"ListItem\"><span property=\"name\" class=\"post post-page current-item\">Interpretaci\u00f3n Cl\u00e1sica y contempor\u00e1nea Canto<\/span><meta property=\"url\" content=\"https:\/\/www.esmuc.cat\/es\/estudios\/grau\/interpretacio-musica-classica-i-contemporania\/curriculum-interpretacion-cic-canto\/\"><meta property=\"position\" content=\"5\"><\/span><\/div>\n\n\n\n<h1 class=\"wp-block-heading\">Curr\u00edculum Interpretaci\u00f3n Cl\u00e1sica y contempor\u00e1nea<\/h1>\n\n\n\n<h3 class=\"wp-block-heading\">Modalidad: Canto<\/h3>\n\n\n\n<div id=\"section-g656173\" class=\"wp-block-gutentor-e0 section-g656173 gutentor-element gutentor-element-advanced-text\"><div class=\"gutentor-text-wrap\"><p class=\"gutentor-text\">Las asignaturas marcadas con un asterisco (*) NO se ofrecen cada curso. Consulta horarios vigentes.<\/p><\/div><\/div>\n\n\n\n<table id=\"tablepress-385\" class=\"tablepress tablepress-id-385 tbody-has-connected-cells\">\n<thead>\n<tr class=\"row-1\">\n\t<th class=\"column-1\">  Materias y Asignaturas<br \/>\n  <\/th><th colspan=\"2\" class=\"column-2\">  1r curso<br \/>\n  <\/th><th colspan=\"2\" class=\"column-4\">  2o curso<br \/>\n  <\/th><th colspan=\"2\" class=\"column-6\">  3r curso<br \/>\n  <\/th><th colspan=\"2\" class=\"column-8\">  4to curso<br \/>\n  <\/th><th colspan=\"2\" class=\"column-10\">  Total<br \/>\n  <\/th>\n<\/tr>\n<\/thead>\n<tbody class=\"row-striping row-hover\">\n<tr class=\"row-2\">\n\t<td class=\"column-1\"><\/td><td class=\"column-2\"> ECTS<\/td><td class=\"column-3\">h<\/td><td class=\"column-4\"> ECTS<\/td><td class=\"column-5\">h<\/td><td class=\"column-6\"> ECTS<\/td><td class=\"column-7\">h<\/td><td class=\"column-8\"> ECTS<\/td><td class=\"column-9\">h<br \/>\n  <\/td><td class=\"column-10\"> ECTS<\/td><td class=\"column-11\">h<\/td>\n<\/tr>\n<tr class=\"row-3\">\n\t<td colspan=\"11\" class=\"column-1\"><center>Cultura, pensamiento e historia (FB)<\/center>  <\/td>\n<\/tr>\n<tr class=\"row-4\">\n\t<td class=\"column-1\">  M\u00fasica y cultura <a href=\"https:\/\/www.esmuc.cat\/assignatures\/musica-i-cultura-i\/\"_self\" rel=\"noopener\">I<\/a>, <a href=\"https:\/\/www.esmuc.cat\/assignatures\/musica-i-cultura-ii\/\/\" target=\"_self\" rel=\"noopener\">II<\/a> y <a href=\"https:\/\/www.esmuc.cat\/assignatures\/musica-i-cultura-iii\/\" target=\"_self\" rel=\"noopener\">III<\/a><br \/>\n  <\/td><td class=\"column-2\">  6<br \/>\n  <\/td><td class=\"column-3\">  90<br \/>\n  <\/td><td class=\"column-4\">  3<br \/>\n  <\/td><td class=\"column-5\">  45<br \/>\n  <\/td><td class=\"column-6\">  \u00a0<br \/>\n  <\/td><td class=\"column-7\">  \u00a0<br \/>\n  <\/td><td class=\"column-8\">  \u00a0<br \/>\n  <\/td><td class=\"column-9\">  \u00a0<br \/>\n  <\/td><td class=\"column-10\">  <b>9<\/b><br \/>\n  <\/td><td class=\"column-11\">  <b>135<\/b><br \/>\n  <\/td>\n<\/tr>\n<tr class=\"row-5\">\n\t<td class=\"column-1\">  <a href=\"https:\/\/www.esmuc.cat\/assignatures\/desenvolupament-professional\/\" target=\"_self\" rel=\"noopener\">Desarrollo profesional<\/a>\u00a0<\/td><td class=\"column-2\">  \u00a0<br \/>\n  <\/td><td class=\"column-3\">  \u00a0<br \/>\n  <\/td><td class=\"column-4\">  \u00a0<br \/>\n  <\/td><td class=\"column-5\">  \u00a0<br \/>\n  <\/td><td class=\"column-6\">  \u00a0<br \/>\n  <\/td><td class=\"column-7\">  \u00a0<br \/>\n  <\/td><td class=\"column-8\">  3<br \/>\n  <\/td><td class=\"column-9\">  45<br \/>\n  <\/td><td class=\"column-10\">  <b>3<\/b><br \/>\n  <\/td><td class=\"column-11\">  <b>45<\/b><br \/>\n  <\/td>\n<\/tr>\n<tr class=\"row-6\">\n\t<td class=\"column-1\">  <a href=\"https:\/\/www.esmuc.cat\/assignatures\/estetica-i\/\">Est\u00e9tica<\/a> I, II<\/td><td class=\"column-2\">  \u00a0<br \/>\n  <\/td><td class=\"column-3\">  \u00a0<br \/>\n  <\/td><td class=\"column-4\">  \u00a0<br \/>\n  <\/td><td class=\"column-5\">  \u00a0<br \/>\n  <\/td><td class=\"column-6\">  4<br \/>\n  <\/td><td class=\"column-7\">  60<br \/>\n  <\/td><td class=\"column-8\">  \u00a0<br \/>\n  <\/td><td class=\"column-9\">  \u00a0<br \/>\n  <\/td><td class=\"column-10\">  <b>4<\/b><br \/>\n  <\/td><td class=\"column-11\">  <b>60<\/b><br \/>\n  <\/td>\n<\/tr>\n<tr class=\"row-7\">\n\t<td colspan=\"11\" class=\"column-1\"><center>Lenguajes y t\u00e9cnica de la m\u00fasica (FB)<\/center>  <\/td>\n<\/tr>\n<tr class=\"row-8\">\n\t<td class=\"column-1\">  <a href=\"https:\/\/www.esmuc.cat\/assignatures\/fonaments-dacustica\/\" target=\"_self\" rel=\"noopener\">Fundamentos de ac\u00fastica<\/a><br \/>\n  <\/td><td class=\"column-2\">  \u00a0<br \/>\n  <\/td><td class=\"column-3\">  \u00a0<br \/>\n  <\/td><td class=\"column-4\">  3<br \/>\n  <\/td><td class=\"column-5\">22,5<\/td><td class=\"column-6\">  \u00a0<br \/>\n  <\/td><td class=\"column-7\">  \u00a0<br \/>\n  <\/td><td class=\"column-8\">  \u00a0<br \/>\n  <\/td><td class=\"column-9\">  \u00a0<br \/>\n  <\/td><td class=\"column-10\">  <b>3<\/b><br \/>\n  <\/td><td class=\"column-11\">  <b>22,5<\/b><br \/>\n  <\/td>\n<\/tr>\n<tr class=\"row-9\">\n\t<td class=\"column-1\">  <a href=\"https:\/\/www.esmuc.cat\/assignatures\/metodologies-danalisi-musical\/\" target=\"_self\" rel=\"noopener\">Metodolog\u00edas de an\u00e1lisis musical<\/a><br \/>\n  <\/td><td class=\"column-2\">  4<br \/>\n  <\/td><td class=\"column-3\">  45<br \/>\n  <\/td><td class=\"column-4\">  \u00a0<br \/>\n  <\/td><td class=\"column-5\">  \u00a0<br \/>\n  <\/td><td class=\"column-6\">  \u00a0<br \/>\n  <\/td><td class=\"column-7\">  \u00a0<br \/>\n  <\/td><td class=\"column-8\">  \u00a0<br \/>\n  <\/td><td class=\"column-9\">  \u00a0<br \/>\n  <\/td><td class=\"column-10\">  <b>4<\/b><br \/>\n  <\/td><td class=\"column-11\">  <b>45<\/b><br \/>\n  <\/td>\n<\/tr>\n<tr class=\"row-10\">\n\t<td class=\"column-1\">  <a href=\"https:\/\/www.esmuc.cat\/assignatures\/percepcio-auditiva-general\/\" target=\"_self\" rel=\"noopener\">Percepci\u00f3n auditiva general<\/a><br \/>\n  <\/td><td class=\"column-2\">  3<br \/>\n  <\/td><td class=\"column-3\">  45<br \/>\n  <\/td><td class=\"column-4\">  \u00a0<br \/>\n  <\/td><td class=\"column-5\">  \u00a0<br \/>\n  <\/td><td class=\"column-6\">  \u00a0<br \/>\n  <\/td><td class=\"column-7\">  \u00a0<br \/>\n  <\/td><td class=\"column-8\">  \u00a0<br \/>\n  <\/td><td class=\"column-9\">  \u00a0<br \/>\n  <\/td><td class=\"column-10\">  <b>3<\/b><br \/>\n  <\/td><td class=\"column-11\">  <b>45<\/b><br \/>\n  <\/td>\n<\/tr>\n<tr class=\"row-11\">\n\t<td class=\"column-1\">  <a href=\"https:\/\/www.esmuc.cat\/assignatures\/fonaments-de-la-composicio\/\" target=\"_self\" rel=\"noopener\">Fundamentos de la composici\u00f3n<\/a><\/td><td class=\"column-2\">  4<br \/>\n  <\/td><td class=\"column-3\">  45<br \/>\n  <\/td><td class=\"column-4\">  \u00a0<br \/>\n  <\/td><td class=\"column-5\">  \u00a0<br \/>\n  <\/td><td class=\"column-6\">  \u00a0<br \/>\n  <\/td><td class=\"column-7\">  \u00a0<br \/>\n  <\/td><td class=\"column-8\">  \u00a0<br \/>\n  <\/td><td class=\"column-9\">  \u00a0<br \/>\n  <\/td><td class=\"column-10\">  <b>4<\/b><br \/>\n  <\/td><td class=\"column-11\">  <b>45<\/b><br \/>\n  <\/td>\n<\/tr>\n<tr class=\"row-12\">\n\t<td colspan=\"11\" class=\"column-1\"><center><b><b>Instrumento \/ Voz (OB)<b><b><\/center>  <\/td>\n<\/tr>\n<tr class=\"row-13\">\n\t<td class=\"column-1\"><a href=\"\/assignatures\/instrument-principal\/\">Instrumento principal 1 a 8<\/a><\/td><td class=\"column-2\">23<\/td><td class=\"column-3\">  37,5<br \/>\r\n  <\/td><td class=\"column-4\">24<\/td><td class=\"column-5\">  37,5<br \/>\r\n  <\/td><td class=\"column-6\">23<\/td><td class=\"column-7\">  37,5<br \/>\r\n  <\/td><td class=\"column-8\">22<\/td><td class=\"column-9\">  \u00a037,5<br \/>\r\n  <\/td><td class=\"column-10\">  <b>92<\/b><br \/>\n  <\/td><td class=\"column-11\">  <b>150<\/b><br \/>\n  <\/td>\n<\/tr>\n<tr class=\"row-14\">\n\t<td class=\"column-1\">Formaci\u00f3n corporal y comunicaci\u00f3n<a href=\"https:\/\/www.esmuc.cat\/assignatures\/formacio-corporal-i-comunicacio-i\/\" target=\"_self\" rel=\"noopener\"> I <\/a>y <a href=\"https:\/\/www.esmuc.cat\/assignatures\/formacio-corporal-i-comunicacio-ii\/\" target=\"_self\" rel=\"noopener\">II<\/a><\/td><td class=\"column-2\">  2<br \/>\n  <\/td><td class=\"column-3\">22,5<\/td><td class=\"column-4\">  2<br \/>\n  <\/td><td class=\"column-5\">22,5<\/td><td class=\"column-6\">  \u00a0<br \/>\n  <\/td><td class=\"column-7\">  \u00a0<br \/>\n  <\/td><td class=\"column-8\">  \u00a0<br \/>\n  <\/td><td class=\"column-9\">  \u00a0<br \/>\n  <\/td><td class=\"column-10\">  <b>4<\/b><br \/>\n  <\/td><td class=\"column-11\">  <b>45<\/b><br \/>\n  <\/td>\n<\/tr>\n<tr class=\"row-15\">\n\t<td colspan=\"11\" class=\"column-1\"><center>Formaci\u00f3n instrumental complementaria (OB)<\/center> <\/td>\n<\/tr>\n<tr class=\"row-16\">\n\t<td class=\"column-1\"> <a href=\"https:\/\/www.esmuc.cat\/assignatures\/instrument-secundari\/\" target=\"_self\" rel=\"noopener\">Instrumento secundario 5 a 8<\/a><br \/>\n  <\/td><td class=\"column-2\">  \u00a0<br \/>\n  <\/td><td class=\"column-3\">  \u00a0<br \/>\n  <\/td><td class=\"column-4\">  \u00a0<br \/>\n  <\/td><td class=\"column-5\">  \u00a0<br \/>\n  <\/td><td class=\"column-6\">  4<br \/>\n  <\/td><td class=\"column-7\">  15<br \/>\n  <\/td><td class=\"column-8\">  4<br \/>\n  <\/td><td class=\"column-9\">  15<br \/>\n  <\/td><td class=\"column-10\">  8<br \/>\n  <\/td><td class=\"column-11\">  30<br \/>\n  <\/td>\n<\/tr>\n<tr class=\"row-17\">\n\t<td class=\"column-1\">Piano (instrumento secundario) 1 a 4<\/td><td class=\"column-2\">  4<br \/>\n  <\/td><td class=\"column-3\">  15<br \/>\n  <\/td><td class=\"column-4\">  4<br \/>\n  <\/td><td class=\"column-5\">  15<br \/>\n  <\/td><td class=\"column-6\">  \u00a0<br \/>\n  <\/td><td class=\"column-7\">  \u00a0<br \/>\n  <\/td><td class=\"column-8\">  \u00a0<br \/>\n  <\/td><td class=\"column-9\">  \u00a0<br \/>\n  <\/td><td class=\"column-10\">  8<br \/>\n  <\/td><td class=\"column-11\">  30<br \/>\n  <\/td>\n<\/tr>\n<tr class=\"row-18\">\n\t<td class=\"column-1\">      <a href=\"https:\/\/www.esmuc.cat\/assignatures\/improvisacio-i-ornamentacio-i\/\" target=\"_self\" rel=\"noopener\">Improvisaci\u00f3n y ornamentaci\u00f3n II<\/a><br \/>\n  <\/td><td class=\"column-2\">  \u00a0<br \/>\n  <\/td><td class=\"column-3\">  \u00a0<br \/>\n  <\/td><td class=\"column-4\">  \u00a0<br \/>\n  <\/td><td class=\"column-5\">  \u00a0<br \/>\n  <\/td><td class=\"column-6\">  2<br \/>\n  <\/td><td class=\"column-7\">  30<br \/>\n  <\/td><td class=\"column-8\">  \u00a0<br \/>\n  <\/td><td class=\"column-9\">  \u00a0<br \/>\n  <\/td><td class=\"column-10\">  2<br \/>\n  <\/td><td class=\"column-11\">  30<br \/>\n  <\/td>\n<\/tr>\n<tr class=\"row-19\">\n\t<td class=\"column-1\">T\u00e9cnicas actorales I y II<\/td><td class=\"column-2\">  \u00a0<br \/>\n  <\/td><td class=\"column-3\">  \u00a0<br \/>\n  <\/td><td class=\"column-4\">  5<br \/>\n  <\/td><td class=\"column-5\">  90<br \/>\n  <\/td><td class=\"column-6\">  \u00a0<br \/>\n  <\/td><td class=\"column-7\">  \u00a0<br \/>\n  <\/td><td class=\"column-8\">  \u00a0<br \/>\n  <\/td><td class=\"column-9\">  \u00a0<br \/>\n  <\/td><td class=\"column-10\">  5<br \/>\n  <\/td><td class=\"column-11\">  90<br \/>\n  <\/td>\n<\/tr>\n<tr class=\"row-20\">\n\t<td class=\"column-1\">Escena l\u00edrica I, II y III<\/td><td class=\"column-2\">  \u00a0<br \/>\n  <\/td><td class=\"column-3\">  \u00a0<br \/>\n  <\/td><td class=\"column-4\">  \u00a0<br \/>\n  <\/td><td class=\"column-5\">  \u00a0<br \/>\n  <\/td><td class=\"column-6\">  3<br \/>\n  <\/td><td class=\"column-7\">  45<br \/>\n  <\/td><td class=\"column-8\">  6<br \/>\n  <\/td><td class=\"column-9\">  90<br \/>\n  <\/td><td class=\"column-10\">  9<br \/>\n  <\/td><td class=\"column-11\">  135<br \/>\n  <\/td>\n<\/tr>\n<tr class=\"row-21\">\n\t<td class=\"column-1\">Fon\u00e9tica aplicada al canto I, II, III y IV<\/td><td class=\"column-2\">  2<br \/>\n  <\/td><td class=\"column-3\">  45<br \/>\n  <\/td><td class=\"column-4\">  2<br \/>\n  <\/td><td class=\"column-5\">  45<br \/>\n  <\/td><td class=\"column-6\">  2<br \/>\n  <\/td><td class=\"column-7\">  45<br \/>\n  <\/td><td class=\"column-8\">  2<br \/>\n  <\/td><td class=\"column-9\">  45<br \/>\n  <\/td><td class=\"column-10\">  8<br \/>\n  <\/td><td class=\"column-11\">  180<br \/>\n  <\/td>\n<\/tr>\n<tr class=\"row-22\">\n\t<td class=\"column-1\">Repertorio espec\u00edfico del canto *<\/td><td class=\"column-2\">  \u00a0<br \/>\n  <\/td><td class=\"column-3\">  \u00a0<br \/>\n  <\/td><td class=\"column-4\">  \u00a0<br \/>\n  <\/td><td class=\"column-5\">  \u00a0<br \/>\n  <\/td><td class=\"column-6\">  3<br \/>\n  <\/td><td class=\"column-7\">  45<br \/>\n  <\/td><td class=\"column-8\">  \u00a0<br \/>\n  <\/td><td class=\"column-9\">  \u00a0<br \/>\n  <\/td><td class=\"column-10\">  3<br \/>\n  <\/td><td class=\"column-11\">  45<br \/>\n  <\/td>\n<\/tr>\n<tr class=\"row-23\">\n\t<td class=\"column-1\">  <a href=\"https:\/\/www.esmuc.cat\/assignatures\/foniatria\/\" target=\"_self\" rel=\"noopener\">Foniatr\u00eda<\/a><br \/>\n  <\/td><td class=\"column-2\">  3<br \/>\n  <\/td><td class=\"column-3\">  45<br \/>\n  <\/td><td class=\"column-4\">  \u00a0<br \/>\n  <\/td><td class=\"column-5\">  \u00a0<br \/>\n  <\/td><td class=\"column-6\">  \u00a0<br \/>\n  <\/td><td class=\"column-7\">  \u00a0<br \/>\n  <\/td><td class=\"column-8\">  \u00a0<br \/>\n  <\/td><td class=\"column-9\">  \u00a0<br \/>\n  <\/td><td class=\"column-10\">  <b>3<\/b><br \/>\n  <\/td><td class=\"column-11\">  45<br \/>\n  <\/td>\n<\/tr>\n<tr class=\"row-24\">\n\t<td colspan=\"11\" class=\"column-1\"><center>M\u00fasica de conjunto (OB)<\/center>  <\/td>\n<\/tr>\n<tr class=\"row-25\">\n\t<td class=\"column-1\">Seminario de m\u00fasica vocal 1 a 8<\/td><td class=\"column-2\">3<\/td><td class=\"column-3\">  45<br \/>\r\n  <\/td><td class=\"column-4\">3<\/td><td class=\"column-5\">  45<br \/>\r\n  <\/td><td class=\"column-6\">3<\/td><td class=\"column-7\">  45<br \/>\r\n  <\/td><td class=\"column-8\">3<\/td><td class=\"column-9\">  45<br \/>\r\n  <\/td><td class=\"column-10\">12<\/td><td class=\"column-11\">  180<br \/>\r\n  <\/td>\n<\/tr>\n<tr class=\"row-26\">\n\t<td class=\"column-1\">Coro para cantantes<\/td><td class=\"column-2\">  2<br \/>\r\n  <\/td><td class=\"column-3\">  45<br \/>\r\n  <\/td><td class=\"column-4\">  2<br \/>\r\n  <\/td><td class=\"column-5\">  45<br \/>\r\n  <\/td><td class=\"column-6\">  \u00a0<br \/>\r\n  <\/td><td class=\"column-7\">  \u00a0<br \/>\r\n  <\/td><td class=\"column-8\">  \u00a0<br \/>\r\n  <\/td><td class=\"column-9\">  \u00a0<br \/>\r\n  <\/td><td class=\"column-10\">  <b><b>4<\/b><\/b><br \/>\r\n  <\/td><td class=\"column-11\">  <b><b>90<\/b><\/b><br \/>\r\n  <\/td>\n<\/tr>\n<tr class=\"row-27\">\n\t<td class=\"column-1\"><a href=\"https:\/\/www.esmuc.cat\/assignatures\/lied\" target=\"_self\" rel=\"noopener\">Lied 1 a 6<\/a><br \/>\n  <\/td><td class=\"column-2\">  \u00a0<br \/>\r\n  <\/td><td class=\"column-3\">  \u00a0<br \/>\r\n  <\/td><td class=\"column-4\">6<\/td><td class=\"column-5\">  45<br \/>\r\n  <\/td><td class=\"column-6\">6<\/td><td class=\"column-7\">  45<br \/>\r\n  <\/td><td class=\"column-8\">6<\/td><td class=\"column-9\">  45<br \/>\r\n  <\/td><td class=\"column-10\">  <b><b>18<\/b><\/b><br \/>\r\n  <\/td><td class=\"column-11\">  <b><b>135<\/b><\/b><br \/>\r\n  <\/td>\n<\/tr>\n<tr class=\"row-28\">\n\t<td colspan=\"11\" class=\"column-1\"><center>Teor\u00eda e historia (OB)<\/center><\/td>\n<\/tr>\n<tr class=\"row-29\">\n\t<td class=\"column-1\">  <a href=\"https:\/\/www.esmuc.cat\/assignatures\/taller-danalisi\/\" target=\"_self\" rel=\"noopener\">Taller de an\u00e1lisis I<\/a><br \/>\n  <\/td><td class=\"column-2\">  \u00a0<br \/>\n  <\/td><td class=\"column-3\">  \u00a0<br \/>\n  <\/td><td class=\"column-4\">  \u00a0<br \/>\n  <\/td><td class=\"column-5\">  \u00a0<br \/>\n  <\/td><td class=\"column-6\">  2<br \/>\n  <\/td><td class=\"column-7\">  22,5<br \/>\n  <\/td><td class=\"column-8\">  \u00a0<br \/>\n  <\/td><td class=\"column-9\">  \u00a0<br \/>\n  <\/td><td class=\"column-10\">  <b>2<\/b><br \/>\n  <\/td><td class=\"column-11\">  22,5<br \/>\n  <\/td>\n<\/tr>\n<tr class=\"row-30\">\n\t<td class=\"column-1\">  <a href=\"https:\/\/www.esmuc.cat\/assignatures\/percepcio-auditiva-especifica-cant-cant-historic-acordio-guitarra\/\" target=\"_self\" rel=\"noopener\">Percepci\u00f3n auditiva espec\u00edfica<\/a><br \/>\n  <\/td><td class=\"column-2\">  \u00a0<br \/>\n  <\/td><td class=\"column-3\">  \u00a0<br \/>\n  <\/td><td class=\"column-4\">  2<br \/>\n  <\/td><td class=\"column-5\">  45<br \/>\n  <\/td><td class=\"column-6\">  \u00a0<br \/>\n  <\/td><td class=\"column-7\">  \u00a0<br \/>\n  <\/td><td class=\"column-8\">  \u00a0<br \/>\n  <\/td><td class=\"column-9\">  \u00a0<br \/>\n  <\/td><td class=\"column-10\">  <b>2<\/b><br \/>\n  <\/td><td class=\"column-11\">  45<br \/>\n  <\/td>\n<\/tr>\n<tr class=\"row-31\">\n\t<td class=\"column-1\">  <a href=\"https:\/\/www.esmuc.cat\/assignatures\/historia-de-lopera\/\" target=\"_self\" rel=\"noopener\">Historia de la \u00f3pera<\/a><br \/>\n  <\/td><td class=\"column-2\">  \u00a0<br \/>\n  <\/td><td class=\"column-3\">  \u00a0<br \/>\n  <\/td><td class=\"column-4\">  4<br \/>\n  <\/td><td class=\"column-5\">  45<br \/>\n  <\/td><td class=\"column-6\">  \u00a0<br \/>\n  <\/td><td class=\"column-7\">  \u00a0<br \/>\n  <\/td><td class=\"column-8\">  \u00a0<br \/>\n  <\/td><td class=\"column-9\">  \u00a0<br \/>\n  <\/td><td class=\"column-10\">  4<br \/>\n  <\/td><td class=\"column-11\">  45<br \/>\n  <\/td>\n<\/tr>\n<tr class=\"row-32\">\n\t<td colspan=\"11\" class=\"column-1\"><center><b><b>Tecnolog\u00eda musical (OB)<b><b><\/center><\/td>\n<\/tr>\n<tr class=\"row-33\">\n\t<td class=\"column-1\"><a href=\"https:\/\/www.esmuc.cat\/assignatures\/introduccio-a-la-tecnologia-musical\/\" target=\"_self\" rel=\"noopener\">Introducci\u00f3n a la tecnolog\u00eda musical <\/a><\/td><td class=\"column-2\">  2<br \/>\n  <\/td><td class=\"column-3\">22,5<\/td><td class=\"column-4\">  \u00a0<br \/>\n  <\/td><td class=\"column-5\">  \u00a0<br \/>\n  <\/td><td class=\"column-6\">  \u00a0<br \/>\n  <\/td><td class=\"column-7\">  \u00a0<br \/>\n  <\/td><td class=\"column-8\">  \u00a0<br \/>\n  <\/td><td class=\"column-9\">  \u00a0<br \/>\n  <\/td><td class=\"column-10\">  <b>2<\/b><br \/>\n  <\/td><td class=\"column-11\">  <b>22,5<\/b><br \/>\n  <\/td>\n<\/tr>\n<tr class=\"row-34\">\n\t<td class=\"column-1\">  <a href=\"https:\/\/www.esmuc.cat\/assignatures\/tecniques-denregistrament-i-postproduccio\/\" target=\"_blank\" rel=\"noopener\">T\u00e9cnicas de grabaci\u00f3n y postproducci\u00f3n I<\/a><br \/>\n  <\/td><td class=\"column-2\">  \u00a0<br \/>\n  <\/td><td class=\"column-3\">  \u00a0<br \/>\n  <\/td><td class=\"column-4\">  \u00a02<br \/>\n  <\/td><td class=\"column-5\">22,5<\/td><td class=\"column-6\">  \u00a0<br \/>\n  <\/td><td class=\"column-7\">  \u00a0<br \/>\n  <\/td><td class=\"column-8\">  \u00a0<br \/>\n  <\/td><td class=\"column-9\">  \u00a0<br \/>\n  <\/td><td class=\"column-10\">  <b>2<\/b><br \/>\n  <\/td><td class=\"column-11\">  <b>22,5<\/b><br \/>\n  <\/td>\n<\/tr>\n<tr class=\"row-35\">\n\t<td colspan=\"11\" class=\"column-1\"><center><b><b>Materias optativas (OP)<b><b><\/center>  <\/td>\n<\/tr>\n<tr class=\"row-36\">\n\t<td class=\"column-1\">  Cr\u00e9ditos optativos<br \/>\n  <\/td><td class=\"column-2\">  \u00a0<br \/>\n  <\/td><td class=\"column-3\">  \u00a0<br \/>\n  <\/td><td class=\"column-4\">  \u00a0<br \/>\n  <\/td><td class=\"column-5\">  \u00a0<br \/>\n  <\/td><td class=\"column-6\">  6<br \/>\n  <\/td><td class=\"column-7\">  \u00a090<br \/>\n  <\/td><td class=\"column-8\">  6<br \/>\n  <\/td><td class=\"column-9\">  90<br \/>\n  <\/td><td class=\"column-10\">  <b>12<\/b><br \/>\n  <\/td><td class=\"column-11\">  180<br \/>\n  <\/td>\n<\/tr>\n<tr class=\"row-37\">\n\t<td colspan=\"11\" class=\"column-1\"><center>Trabajo final (TFG)<\/center><\/td>\n<\/tr>\n<tr class=\"row-38\">\n\t<td class=\"column-1\">  <a href=\"https:\/\/www.esmuc.cat\/assignatures\/metodologies-de-recerca\/\" id=\"__mce_tmp\" target=\"_self\" rel=\"noopener\">Metodolog\u00edas de investigaci\u00f3n<\/a><br \/>\n  <\/td><td class=\"column-2\">  \u00a0<br \/>\n  <\/td><td class=\"column-3\">  \u00a0<br \/>\n  <\/td><td class=\"column-4\">  \u00a0<br \/>\n  <\/td><td class=\"column-5\">  \u00a0<br \/>\n  <\/td><td class=\"column-6\">  2<br \/>\n  <\/td><td class=\"column-7\">  30<br \/>\n  <\/td><td class=\"column-8\">  \u00a0<br \/>\n  <\/td><td class=\"column-9\">  \u00a0<br \/>\n  <\/td><td class=\"column-10\">  <b>2<\/b><br \/>\n  <\/td><td class=\"column-11\">  <b>30<\/b><br \/>\n  <\/td>\n<\/tr>\n<tr class=\"row-39\">\n\t<td class=\"column-1\">  Trabajo fin de grado<br \/>\n  <\/td><td class=\"column-2\">  \u00a0<br \/>\n  <\/td><td class=\"column-3\">  \u00a0<br \/>\n  <\/td><td class=\"column-4\">  \u00a0<br \/>\n  <\/td><td class=\"column-5\">  \u00a0<br \/>\n  <\/td><td class=\"column-6\">  \u00a0<br \/>\n  <\/td><td class=\"column-7\">  \u00a0<br \/>\n  <\/td><td class=\"column-8\">  8<br \/>\n  <\/td><td class=\"column-9\">  15<br \/>\n  <\/td><td class=\"column-10\">  <b>8<\/b><br \/>\n  <\/td><td class=\"column-11\">  <b>15<\/b><br \/>\n  <\/td>\n<\/tr>\n<\/tbody>\n<tfoot>\n<tr class=\"row-40\">\n\t<th class=\"column-1\">  <b>TOTAL<\/b><br \/>\n  <\/th><th class=\"column-2\">  <b>60<\/b><br \/>\n  <\/th><th class=\"column-3\">  <b>502,5<\/b><br \/>\n  <\/th><th class=\"column-4\">  <b>60<\/b><br \/>\n  <\/th><th class=\"column-5\">  <b>525<\/b><br \/>\n  <\/th><th class=\"column-6\">  <b>60<\/b><br \/>\n  <\/th><th class=\"column-7\">  <b>510<\/b><br \/>\n  <\/th><th class=\"column-8\">  <b>60<\/b><br \/>\n  <\/th><th class=\"column-9\">  <b>427,5<\/b><br \/>\n  <\/th><th class=\"column-10\">  <b>240<\/b><br \/>\n  <\/th><th class=\"column-11\">  <b>1965<\/b><br \/>\n  <\/th>\n<\/tr>\n<\/tfoot>\n<\/table>\n<!-- #tablepress-385 from cache -->\n","protected":false},"excerpt":{"rendered":"<p>Curr\u00edculum Interpretaci\u00f3n Cl\u00e1sica y contempor\u00e1nea Modalidad: Canto<\/p>\n","protected":false},"author":4,"featured_media":0,"parent":28989,"menu_order":0,"comment_status":"closed","ping_status":"closed","template":"","meta":{"_acf_changed":false,"_themeisle_gutenberg_block_has_review":false,"footnotes":""},"categories":[1126],"tags":[1644],"class_list":["post-31888","page","type-page","status-publish","hentry","category-especialitats-es","tag-pla-destudis-es-2"],"acf":[],"publishpress_future_action":{"enabled":false,"date":"2026-05-05 19:11:09","action":"change-status","newStatus":"draft","terms":[],"taxonomy":"category","extraData":[]},"publishpress_future_workflow_manual_trigger":{"enabledWorkflows":[]},"_links":{"self":[{"href":"https:\/\/www.esmuc.cat\/es\/wp-json\/wp\/v2\/pages\/31888","targetHints":{"allow":["GET"]}}],"collection":[{"href":"https:\/\/www.esmuc.cat\/es\/wp-json\/wp\/v2\/pages"}],"about":[{"href":"https:\/\/www.esmuc.cat\/es\/wp-json\/wp\/v2\/types\/page"}],"author":[{"embeddable":true,"href":"https:\/\/www.esmuc.cat\/es\/wp-json\/wp\/v2\/users\/4"}],"replies":[{"embeddable":true,"href":"https:\/\/www.esmuc.cat\/es\/wp-json\/wp\/v2\/comments?post=31888"}],"version-history":[{"count":6,"href":"https:\/\/www.esmuc.cat\/es\/wp-json\/wp\/v2\/pages\/31888\/revisions"}],"predecessor-version":[{"id":82722,"href":"https:\/\/www.esmuc.cat\/es\/wp-json\/wp\/v2\/pages\/31888\/revisions\/82722"}],"up":[{"embeddable":true,"href":"https:\/\/www.esmuc.cat\/es\/wp-json\/wp\/v2\/pages\/28989"}],"wp:attachment":[{"href":"https:\/\/www.esmuc.cat\/es\/wp-json\/wp\/v2\/media?parent=31888"}],"wp:term":[{"taxonomy":"category","embeddable":true,"href":"https:\/\/www.esmuc.cat\/es\/wp-json\/wp\/v2\/categories?post=31888"},{"taxonomy":"post_tag","embeddable":true,"href":"https:\/\/www.esmuc.cat\/es\/wp-json\/wp\/v2\/tags?post=31888"}],"curies":[{"name":"wp","href":"https:\/\/api.w.org\/{rel}","templated":true}]}}