{"id":31844,"date":"2021-07-22T11:58:32","date_gmt":"2021-07-22T09:58:32","guid":{"rendered":"https:\/\/www.esmuc.cat\/grau\/interpretacio-musica-classica-i-contemporania\/interpretacio-classica-i-contemporania-vent\/"},"modified":"2023-11-13T13:29:35","modified_gmt":"2023-11-13T12:29:35","slug":"curriculum-interpretacion-cic-instr-orquestales","status":"publish","type":"page","link":"https:\/\/www.esmuc.cat\/es\/estudios\/grau\/interpretacio-musica-classica-i-contemporania\/curriculum-interpretacion-cic-instr-orquestales\/","title":{"rendered":"Interpretaci\u00f3n Cl\u00e1sica y contempor\u00e1nea"},"content":{"rendered":"\n<div class=\"wp-block-columns is-layout-flex wp-container-core-columns-is-layout-9d6595d7 wp-block-columns-is-layout-flex\">\n<div class=\"wp-block-column is-layout-flow wp-block-column-is-layout-flow\"><\/div>\n<\/div>\n\n\n<div class=\"breadcrumbs align  wp-block-bcn-breadcrumb-trail has-text-color has-background\" vocab=\"https:\/\/schema.org\/\" typeof=\"BreadcrumbList\">\n\t<span><\/span>\n\t<span property=\"itemListElement\" typeof=\"ListItem\"><a property=\"item\" typeof=\"WebPage\" title=\"Ir a ESMUC.\" href=\"https:\/\/www.esmuc.cat\/es\/\" class=\"home\" ><span property=\"name\">ESMUC<\/span><\/a><meta property=\"position\" content=\"1\"><\/span> &gt; <span property=\"itemListElement\" typeof=\"ListItem\"><a property=\"item\" typeof=\"WebPage\" title=\"Ir a Estudios.\" href=\"https:\/\/www.esmuc.cat\/es\/estudios\/\" class=\"post post-page\" ><span property=\"name\">Estudios<\/span><\/a><meta property=\"position\" content=\"2\"><\/span> &gt; <span property=\"itemListElement\" typeof=\"ListItem\"><a property=\"item\" typeof=\"WebPage\" title=\"Ir a Grado.\" href=\"https:\/\/www.esmuc.cat\/es\/estudios\/grau\/\" class=\"post post-page\" ><span property=\"name\">Grado<\/span><\/a><meta property=\"position\" content=\"3\"><\/span> &gt; <span property=\"itemListElement\" typeof=\"ListItem\"><a property=\"item\" typeof=\"WebPage\" title=\"Ir a Interpretaci\u00f3n: m\u00fasica cl\u00e1sica y contempor\u00e1nea.\" href=\"https:\/\/www.esmuc.cat\/es\/estudios\/grau\/interpretacio-musica-classica-i-contemporania\/\" class=\"post post-page\" ><span property=\"name\">Interpretaci\u00f3n: m\u00fasica cl\u00e1sica y contempor\u00e1nea<\/span><\/a><meta property=\"position\" content=\"4\"><\/span> &gt; <span property=\"itemListElement\" typeof=\"ListItem\"><span property=\"name\" class=\"post post-page current-item\">Interpretaci\u00f3n Cl\u00e1sica y contempor\u00e1nea<\/span><meta property=\"url\" content=\"https:\/\/www.esmuc.cat\/es\/estudios\/grau\/interpretacio-musica-classica-i-contemporania\/curriculum-interpretacion-cic-instr-orquestales\/\"><meta property=\"position\" content=\"5\"><\/span><\/div>\n\n\n\n<h1 class=\"wp-block-heading\">Curr\u00edculum Interpretaci\u00f3n Cl\u00e1sica y contempor\u00e1nea<\/h1>\n\n\n\n<div style=\"height:10px\" aria-hidden=\"true\" class=\"wp-block-spacer\"><\/div>\n\n\n\n<h2 class=\"wp-block-heading\">Instrumentos orquestales<\/h2>\n\n\n\n<div style=\"height:10px\" aria-hidden=\"true\" class=\"wp-block-spacer\"><\/div>\n\n\n\n<h5 class=\"wp-block-heading\">Modalidades<\/h5>\n\n\n\n<h6 class=\"wp-block-heading\">Clarinete, Contrabajo, Fagot, Flauta travesera, Oboe, Saxof\u00f3n, Tromb\u00f3n, Trompa, Trompeta, Tuba\/Bombardino, Viola, Viol\u00edn, Violonchelo.<\/h6>\n\n\n\n<div style=\"height:10px\" aria-hidden=\"true\" class=\"wp-block-spacer\"><\/div>\n\n\n\n<div id=\"section-g091109\" class=\"wp-block-gutentor-e0 section-g091109 gutentor-element gutentor-element-advanced-text\"><div class=\"gutentor-text-wrap\"><p class=\"gutentor-text\">Las asignaturas marcadas con un asterisco (*) pueden no ofrecerse cada curso. Consultar horarios vigentes en Secretar\u00eda acad\u00e9mica.\u00a0<\/p><\/div><\/div>\n\n\n\n<div style=\"height:10px\" aria-hidden=\"true\" class=\"wp-block-spacer\"><\/div>\n\n\n\n<table id=\"tablepress-383\" class=\"tablepress tablepress-id-383 tbody-has-connected-cells\">\n<thead>\n<tr class=\"row-1\">\n\t<th class=\"column-1\"><b><b>Materias y Asignaturas<b><b><br \/>\n  <\/th><th colspan=\"2\" class=\"column-2\"><b><b>1r curso<b><b><br \/>\n  <\/th><th colspan=\"2\" class=\"column-4\"> <b><b> 2o curso<b><b><br \/>\n  <\/th><th colspan=\"2\" class=\"column-6\"> <b><b> 3r curso<b><b><br \/>\n  <\/th><th colspan=\"2\" class=\"column-8\"> <b><b> 4o curso<b><b><br \/>\n  <\/th><th colspan=\"2\" class=\"column-10\"><b><b>  Total<b><b><br \/>\n  <\/th>\n<\/tr>\n<\/thead>\n<tbody class=\"row-striping row-hover\">\n<tr class=\"row-2\">\n\t<td class=\"column-1\"><\/td><td class=\"column-2\"><b><b>ECTS<b><b><\/td><td class=\"column-3\"><b><b>h<b><b><br \/>\n  <\/td><td class=\"column-4\"><b><b>ECTS<b><b><\/td><td class=\"column-5\"><b><b>h<b><b><br \/>\n  <\/td><td class=\"column-6\"><b><b>ECTS<b><b><\/td><td class=\"column-7\"><b><b>h<b><b><br \/>\n  <\/td><td class=\"column-8\"><b><b>ECTS<b><b><\/td><td class=\"column-9\"><b><b>h<b><b><br \/>\n  <\/td><td class=\"column-10\"><b><b>ECTS<b><b><\/td><td class=\"column-11\"><b><b>h<b><b><\/td>\n<\/tr>\n<tr class=\"row-3\">\n\t<td colspan=\"11\" class=\"column-1\"><center>Cultura, pensamiento e historia (FB)<\/center>  <\/td>\n<\/tr>\n<tr class=\"row-4\">\n\t<td class=\"column-1\">  M\u00fasica y cultura <a href=\"https:\/\/www.esmuc.cat\/assignatures\/musica-i-cultura-i\/\"_self\" rel=\"noopener\">I<\/a>, <a href=\"https:\/\/www.esmuc.cat\/assignatures\/musica-i-cultura-ii\/\/\" target=\"_self\" rel=\"noopener\">II<\/a> i <a href=\"https:\/\/www.esmuc.cat\/assignatures\/musica-i-cultura-iii\/\" target=\"_self\" rel=\"noopener\">III<\/a><\/td><td class=\"column-2\">  6<br \/>\n  <\/td><td class=\"column-3\">  90 h<br \/>\n  <\/td><td class=\"column-4\">  3<br \/>\n  <\/td><td class=\"column-5\">  45 h<br \/>\n  <\/td><td class=\"column-6\">  \u00a0<br \/>\n  <\/td><td class=\"column-7\">  \u00a0<br \/>\n  <\/td><td class=\"column-8\">  \u00a0<br \/>\n  <\/td><td class=\"column-9\">  \u00a0<br \/>\n  <\/td><td class=\"column-10\"> <b><b>9<b><b><br \/>\n  <\/td><td class=\"column-11\"> <b><b>135 h<b><b><br \/>\n  <\/td>\n<\/tr>\n<tr class=\"row-5\">\n\t<td class=\"column-1\">  <a href=\"https:\/\/www.esmuc.cat\/assignatures\/desenvolupament-professional\/\" target=\"_self\" rel=\"noopener\">Desarrollo profesional<\/a>\u00a0<\/td><td class=\"column-2\">  \u00a0<br \/>\n  <\/td><td class=\"column-3\">  \u00a0<br \/>\n  <\/td><td class=\"column-4\">  \u00a0<br \/>\n  <\/td><td class=\"column-5\">  \u00a0<br \/>\n  <\/td><td class=\"column-6\">  \u00a0<br \/>\n  <\/td><td class=\"column-7\">  \u00a0<br \/>\n  <\/td><td class=\"column-8\">  3<br \/>\n  <\/td><td class=\"column-9\">  45 h<br \/>\n  <\/td><td class=\"column-10\">  <b><b>3<b><b><br \/>\n  <\/td><td class=\"column-11\"> <b><b>45 h<b><b><br \/>\n  <\/td>\n<\/tr>\n<tr class=\"row-6\">\n\t<td class=\"column-1\">  <a href=\"https:\/\/www.esmuc.cat\/assignatures\/estetica-i\/\">Est\u00e9tica<\/a> I, II<\/td><td class=\"column-2\">  \u00a0<br \/>\n  <\/td><td class=\"column-3\">  \u00a0<br \/>\n  <\/td><td class=\"column-4\">  \u00a0<br \/>\n  <\/td><td class=\"column-5\">  \u00a0<br \/>\n  <\/td><td class=\"column-6\">  4<br \/>\n  <\/td><td class=\"column-7\">  60 h<br \/>\n  <\/td><td class=\"column-8\">  \u00a0<br \/>\n  <\/td><td class=\"column-9\">  \u00a0<br \/>\n  <\/td><td class=\"column-10\"> <b><b>4<b><b><br \/>\n  <\/td><td class=\"column-11\"><b><b>60 h<b><b><br \/>\n  <\/td>\n<\/tr>\n<tr class=\"row-7\">\n\t<td colspan=\"11\" class=\"column-1\"><center>Lenguajes y t\u00e9cnica de la m\u00fasica (FB)<\/center>  <\/td>\n<\/tr>\n<tr class=\"row-8\">\n\t<td class=\"column-1\">  <a href=\"https:\/\/www.esmuc.cat\/assignatures\/fonaments-dacustica\/\" target=\"_self\" rel=\"noopener\">Fundamentos de ac\u00fastica<\/a><br \/>\n  <\/td><td class=\"column-2\">  \u00a0<br \/>\n  <\/td><td class=\"column-3\">  \u00a0<br \/>\n  <\/td><td class=\"column-4\">  3<br \/>\n  <\/td><td class=\"column-5\">22,5 h<br \/>\n  <\/td><td class=\"column-6\">  \u00a0<br \/>\n  <\/td><td class=\"column-7\">  \u00a0<br \/>\n  <\/td><td class=\"column-8\">  \u00a0<br \/>\n  <\/td><td class=\"column-9\">  \u00a0<br \/>\n  <\/td><td class=\"column-10\">  <b><b>3<b><b><br \/>\n  <\/td><td class=\"column-11\">  <b><b>22,5 h<b><b><br \/>\n  <\/td>\n<\/tr>\n<tr class=\"row-9\">\n\t<td class=\"column-1\">  <a href=\"https:\/\/www.esmuc.cat\/assignatures\/metodologies-danalisi-musical\/\" target=\"_self\" rel=\"noopener\">Metodolog\u00edas de an\u00e1lisis musical<\/a><br \/>\n  <\/td><td class=\"column-2\">  4<br \/>\n  <\/td><td class=\"column-3\">  45 h<br \/>\n  <\/td><td class=\"column-4\">  \u00a0<br \/>\n  <\/td><td class=\"column-5\">  \u00a0<br \/>\n  <\/td><td class=\"column-6\">  \u00a0<br \/>\n  <\/td><td class=\"column-7\">  \u00a0<br \/>\n  <\/td><td class=\"column-8\">  \u00a0<br \/>\n  <\/td><td class=\"column-9\">  \u00a0<br \/>\n  <\/td><td class=\"column-10\"><b><b>4<b><b><br \/>\n  <\/td><td class=\"column-11\"> <b><b>45 h<b><b><br \/>\n  <\/td>\n<\/tr>\n<tr class=\"row-10\">\n\t<td class=\"column-1\">  <a href=\"https:\/\/www.esmuc.cat\/assignatures\/percepcio-auditiva-general\/\" target=\"_self\" rel=\"noopener\">Percepci\u00f3n auditiva general<\/a><br \/>\n  <\/td><td class=\"column-2\">  3<br \/>\n  <\/td><td class=\"column-3\">  45 h<br \/>\n  <\/td><td class=\"column-4\">  \u00a0<br \/>\n  <\/td><td class=\"column-5\">  \u00a0<br \/>\n  <\/td><td class=\"column-6\">  \u00a0<br \/>\n  <\/td><td class=\"column-7\">  \u00a0<br \/>\n  <\/td><td class=\"column-8\">  \u00a0<br \/>\n  <\/td><td class=\"column-9\">  \u00a0<br \/>\n  <\/td><td class=\"column-10\"><b><b>3<b><b><br \/>\n  <\/td><td class=\"column-11\"> <b><b>45 h<b><b><br \/>\n  <\/td>\n<\/tr>\n<tr class=\"row-11\">\n\t<td class=\"column-1\">  <a href=\"https:\/\/www.esmuc.cat\/assignatures\/fonaments-de-la-composicio\/\" target=\"_self\" rel=\"noopener\">Fundamentos de la composici\u00f3n<\/a><br \/>\n  <\/td><td class=\"column-2\">  4<br \/>\n  <\/td><td class=\"column-3\">  45 h<br \/>\n  <\/td><td class=\"column-4\">  \u00a0<br \/>\n  <\/td><td class=\"column-5\">  \u00a0<br \/>\n  <\/td><td class=\"column-6\">  \u00a0<br \/>\n  <\/td><td class=\"column-7\">  \u00a0<br \/>\n  <\/td><td class=\"column-8\">  \u00a0<br \/>\n  <\/td><td class=\"column-9\">  \u00a0<br \/>\n  <\/td><td class=\"column-10\"><b><b>4<b><b><br \/>\n  <\/td><td class=\"column-11\"> <b><b>45 h<b><b><br \/>\n  <\/td>\n<\/tr>\n<tr class=\"row-12\">\n\t<td colspan=\"11\" class=\"column-1\"><center><b><b>Instrumento \/ Voz (OB)<b><b><\/center>  <\/td>\n<\/tr>\n<tr class=\"row-13\">\n\t<td class=\"column-1\">Instrumento principal 1 a 8<\/td><td class=\"column-2\">22<\/td><td class=\"column-3\">37,5<\/td><td class=\"column-4\">24<\/td><td class=\"column-5\">37,5<\/td><td class=\"column-6\">24<\/td><td class=\"column-7\">37,5<\/td><td class=\"column-8\">24<\/td><td class=\"column-9\">37,5<\/td><td class=\"column-10\"><b>94<\/b><\/td><td class=\"column-11\"><b><b>150 h<b><b><br \/>\n  <\/td>\n<\/tr>\n<tr class=\"row-14\">\n\t<td class=\"column-1\">Formaci\u00f3n corporal y comunicaci\u00f3n<a href=\"https:\/\/www.esmuc.cat\/assignatures\/formacio-corporal-i-comunicacio-i\/\" target=\"_self\" rel=\"noopener\"> I <\/a>y <a href=\"https:\/\/www.esmuc.cat\/assignatures\/formacio-corporal-i-comunicacio-ii\/\" target=\"_self\" rel=\"noopener\">II<\/a><\/td><td class=\"column-2\">  2<br \/>\n  <\/td><td class=\"column-3\">  22,5 h<br \/>\n  <\/td><td class=\"column-4\">  2<br \/>\n  <\/td><td class=\"column-5\">  22,5 h<br \/>\n  <\/td><td class=\"column-6\">  \u00a0<br \/>\n  <\/td><td class=\"column-7\">  \u00a0<br \/>\n  <\/td><td class=\"column-8\">  \u00a0<br \/>\n  <\/td><td class=\"column-9\">  \u00a0<br \/>\n  <\/td><td class=\"column-10\"><b><b>4<b><b><br \/>\n  <\/td><td class=\"column-11\">  <b><b>45 h<b><b><br \/>\n  <\/td>\n<\/tr>\n<tr class=\"row-15\">\n\t<td colspan=\"11\" class=\"column-1\"><center>Formaci\u00f3n instrumental complementaria (OB)<\/center> <\/td>\n<\/tr>\n<tr class=\"row-16\">\n\t<td class=\"column-1\"> <a href=\"https:\/\/www.esmuc.cat\/assignatures\/instrument-secundari\/\" target=\"_self\" rel=\"noopener\">Instrumento secundario 1 a 6<\/a><br \/>\n  <\/td><td class=\"column-2\">  4<br \/>\n  <\/td><td class=\"column-3\">  15 h<\/td><td class=\"column-4\">  4<br \/>\n  <\/td><td class=\"column-5\">  15 h<br \/>\n  <\/td><td class=\"column-6\">  4<br \/>\n  <\/td><td class=\"column-7\">  15 h<br \/>\n  <\/td><td class=\"column-8\">  \u00a0<br \/>\n  <\/td><td class=\"column-9\">  \u00a0<br \/>\n  <\/td><td class=\"column-10\"> <b><b> 12<b><b><br \/>\n  <\/td><td class=\"column-11\"><b><b>  45 h<b><b><br \/>\n  <\/td>\n<\/tr>\n<tr class=\"row-17\">\n\t<td class=\"column-1\">  Improvisaci\u00f3n y acompa\u00f1amiento I, II, III<br \/>\n  <\/td><td class=\"column-2\">  2<br \/>\n  <\/td><td class=\"column-3\">  22,5 h<br \/>\n  <\/td><td class=\"column-4\">  2<br \/>\n  <\/td><td class=\"column-5\">  22,5 h<\/td><td class=\"column-6\">  2<br \/>\n  <\/td><td class=\"column-7\">  22,5 h<br \/>\n  <\/td><td class=\"column-8\">  <\/td><td class=\"column-9\">  <\/td><td class=\"column-10\"><b><b>6<b><b><br \/>\n  <\/td><td class=\"column-11\"><b><b>67,5 h<b><b><br \/>\n  <\/td>\n<\/tr>\n<tr class=\"row-18\">\n\t<td class=\"column-1\">Improvisaci\u00f3n contempor\u00e1nea<\/td><td class=\"column-2\"><\/td><td class=\"column-3\"><\/td><td class=\"column-4\"><\/td><td class=\"column-5\"><\/td><td class=\"column-6\"><\/td><td class=\"column-7\"><\/td><td class=\"column-8\">2<\/td><td class=\"column-9\">22,5 h<\/td><td class=\"column-10\"><b><b>2<b><b><\/td><td class=\"column-11\"><b><b>22,5 h<b><b><\/td>\n<\/tr>\n<tr class=\"row-19\">\n\t<td class=\"column-1\">  Repertorio instrumental espec\u00edfico *<br \/>\n  <\/td><td class=\"column-2\">  \u00a0<br \/>\n  <\/td><td class=\"column-3\">  \u00a0<br \/>\n  <\/td><td class=\"column-4\">  \u00a0<br \/>\n  <\/td><td class=\"column-5\">  \u00a0<br \/>\n  <\/td><td class=\"column-6\">  3<br \/>\n  <\/td><td class=\"column-7\">  45 h<br \/>\n  <\/td><td class=\"column-8\">  \u00a0<br \/>\n  <\/td><td class=\"column-9\">  \u00a0<br \/>\n  <\/td><td class=\"column-10\"> <b><b> 3<b><b><br \/>\n  <\/td><td class=\"column-11\"> <b><b> 45 h<b><b><br \/>\n  <\/td>\n<\/tr>\n<tr class=\"row-20\">\n\t<td class=\"column-1\">Repertorio y t\u00e9cnicas de la m\u00fasica contempor\u00e1nea<\/td><td class=\"column-2\">  \u00a0<br \/>\n  <\/td><td class=\"column-3\">  \u00a0<br \/>\n  <\/td><td class=\"column-4\">  \u00a0<br \/>\n  <\/td><td class=\"column-5\">  \u00a0<br \/>\n  <\/td><td class=\"column-6\">  2<br \/>\n  <\/td><td class=\"column-7\">  30 h<br \/>\n  <\/td><td class=\"column-8\">  \u00a0<br \/>\n  <\/td><td class=\"column-9\">  \u00a0<br \/>\n  <\/td><td class=\"column-10\"> <b><b> 2<b><b><br \/>\n  <\/td><td class=\"column-11\">  <b><b>30 h<b><b><br \/>\n  <\/td>\n<\/tr>\n<tr class=\"row-21\">\n\t<td class=\"column-1\">Seminario de interpretaci\u00f3n<br \/>\n  <\/td><td class=\"column-2\">  \u00a0<br \/>\n  <\/td><td class=\"column-3\">  \u00a0<br \/>\n  <\/td><td class=\"column-4\">  \u00a0<br \/>\n  <\/td><td class=\"column-5\">  \u00a0<br \/>\n  <\/td><td class=\"column-6\">  \u00a0<br \/>\n  <\/td><td class=\"column-7\">  \u00a0<br \/>\n  <\/td><td class=\"column-8\">  2<br \/>\n  <\/td><td class=\"column-9\">  30 h<br \/>\n  <\/td><td class=\"column-10\"><b><b>  2<b><b><br \/>\n  <\/td><td class=\"column-11\"> <b><b> 30 h<b><b><br \/>\n  <\/td>\n<\/tr>\n<tr class=\"row-22\">\n\t<td class=\"column-1\">  <a href=\"https:\/\/www.esmuc.cat\/assignatures\/fonaments-de-la-practica-interpretativa\/\" target=\"_self\" rel=\"noopener\">Fundamentos de la pr\u00e1ctica interpretativa<\/a><br \/>\n  <\/td><td class=\"column-2\">  \u00a0<br \/>\n  <\/td><td class=\"column-3\">  \u00a0<br \/>\n  <\/td><td class=\"column-4\">  \u00a0<br \/>\n  <\/td><td class=\"column-5\">  \u00a0<br \/>\n  <\/td><td class=\"column-6\">  3<br \/>\n  <\/td><td class=\"column-7\">  45 h<br \/>\n  <\/td><td class=\"column-8\">  \u00a0<br \/>\n  <\/td><td class=\"column-9\">  \u00a0<br \/>\n  <\/td><td class=\"column-10\">  <b><b>3<b><b><br \/>\n  <\/td><td class=\"column-11\">  <b><b>45 h<b><b><br \/>\n  <\/td>\n<\/tr>\n<tr class=\"row-23\">\n\t<td colspan=\"11\" class=\"column-1\"><center>M\u00fasica de conjunto (OB)<\/center>  <\/td>\n<\/tr>\n<tr class=\"row-24\">\n\t<td class=\"column-1\">Grandes conjuntos 1 a 7<\/td><td class=\"column-2\">  2<br \/>\n  <\/td><td class=\"column-3\">  45 h<br \/>\n  <\/td><td class=\"column-4\">  4<br \/>\n  <\/td><td class=\"column-5\">  90\u00a0h<br \/>\n  <\/td><td class=\"column-6\">  \u00a04<br \/>\n  <\/td><td class=\"column-7\">  90 h<br \/>\n  <\/td><td class=\"column-8\">  \u00a04<br \/>\n  <\/td><td class=\"column-9\">  \u00a090 h<br \/>\n  <\/td><td class=\"column-10\"> <b><b> 14<b><b><br \/>\n  <\/td><td class=\"column-11\">  <b><b>315 h<b><b><br \/>\n  <\/td>\n<\/tr>\n<tr class=\"row-25\">\n\t<td class=\"column-1\">  <a href=\"https:\/\/www.esmuc.cat\/assignatures\/didactica-del-conjunt-instrumental\/\" target=\"_self\" rel=\"noopener\">Conjunto instrumental 1 y 2<\/a><br \/>\n  <\/td><td class=\"column-2\">  \u00a0<br \/>\n  <\/td><td class=\"column-3\">  \u00a0<br \/>\n  <\/td><td class=\"column-4\">2<\/td><td class=\"column-5\">45 h<\/td><td class=\"column-6\"><\/td><td class=\"column-7\"><\/td><td class=\"column-8\">  2<br \/>\n  <\/td><td class=\"column-9\">  45 h<br \/>\n  <\/td><td class=\"column-10\"><b><b>4<b><b><br \/>\n  <\/td><td class=\"column-11\">  <b><b>90 h<b><b><br \/>\n  <\/td>\n<\/tr>\n<tr class=\"row-26\">\n\t<td class=\"column-1\">Pr\u00e1ctica de orquesta 1 y 2<\/td><td class=\"column-2\">3<\/td><td class=\"column-3\">  90 h<br \/>\n  <\/td><td class=\"column-4\">3<\/td><td class=\"column-5\">  90 h<br \/>\n  <\/td><td class=\"column-6\">  \u00a0<br \/>\n  <\/td><td class=\"column-7\">  \u00a0<br \/>\n  <\/td><td class=\"column-8\">  \u00a0<br \/>\n  <\/td><td class=\"column-9\">  \u00a0<br \/>\n  <\/td><td class=\"column-10\"><b><b>  6<b><b><br \/>\n  <\/td><td class=\"column-11\">  <b><b>180 h<b><b><br \/>\n  <\/td>\n<\/tr>\n<tr class=\"row-27\">\n\t<td class=\"column-1\">Coro 1<\/td><td class=\"column-2\">2<\/td><td class=\"column-3\">45<\/td><td class=\"column-4\"><\/td><td class=\"column-5\"><\/td><td class=\"column-6\"><\/td><td class=\"column-7\"><\/td><td class=\"column-8\"><\/td><td class=\"column-9\"><\/td><td class=\"column-10\">2<\/td><td class=\"column-11\">45<\/td>\n<\/tr>\n<tr class=\"row-28\">\n\t<td class=\"column-1\"><a href=\"https:\/\/www.esmuc.cat\/assignatures\/cambra\/\" target=\"_self\" rel=\"noopener\">C\u00e1mara 1 a 8<\/a><br \/>\n  <\/td><td class=\"column-2\">6<\/td><td class=\"column-3\">  45 h<br \/>\n  <\/td><td class=\"column-4\">  6<br \/>\n  <\/td><td class=\"column-5\">45\u00a0h<br \/>\n  <\/td><td class=\"column-6\">6<\/td><td class=\"column-7\">  45 h<br \/>\n  <\/td><td class=\"column-8\">  6<br \/>\n  <\/td><td class=\"column-9\">45 h<br \/>\n  <\/td><td class=\"column-10\">  <b><b>24<b><b><br \/>\n  <\/td><td class=\"column-11\"> <b><b> 225 h<b><b><br \/>\n  <\/td>\n<\/tr>\n<tr class=\"row-29\">\n\t<td colspan=\"11\" class=\"column-1\"> <center><b><b>Teor\u00eda e historia (OB)<b><b><\/center>  <\/td>\n<\/tr>\n<tr class=\"row-30\">\n\t<td class=\"column-1\">  <a href=\"https:\/\/www.esmuc.cat\/assignatures\/analisi-de-la-musica-i-6\/\" target=\"_self\" rel=\"noopener\">An\u00e1lisis de la m\u00fasica<\/a><br \/>\n  <\/td><td class=\"column-2\">  \u00a0<br \/>\n  <\/td><td class=\"column-3\">  \u00a0<br \/>\n  <\/td><td class=\"column-4\">  3<br \/>\n  <\/td><td class=\"column-5\">  45 h<br \/>\n  <\/td><td class=\"column-6\">  \u00a0<br \/>\n  <\/td><td class=\"column-7\">  \u00a0<br \/>\n  <\/td><td class=\"column-8\">  \u00a0<br \/>\n  <\/td><td class=\"column-9\">  \u00a0<br \/>\n  <\/td><td class=\"column-10\"> <b><b>3<b><b><\/b><br \/>\n  <\/td><td class=\"column-11\"><b><b>  45 h<b><b><br \/>\n  <\/td>\n<\/tr>\n<tr class=\"row-31\">\n\t<td colspan=\"11\" class=\"column-1\"><center><b><b>Tecnolog\u00eda musical (OB)<b><b><\/center><br \/>\n  <\/td>\n<\/tr>\n<tr class=\"row-32\">\n\t<td class=\"column-1\"><a href=\"https:\/\/www.esmuc.cat\/assignatures\/introduccio-a-la-tecnologia-musical\/\" target=\"_self\" rel=\"noopener\">Introducci\u00f3n a la tecnolog\u00eda musical <\/a><\/td><td class=\"column-2\">  \u00a0<br \/>\n  <\/td><td class=\"column-3\">  \u00a0<br \/>\n  <\/td><td class=\"column-4\">  \u00a02<br \/>\n  <\/td><td class=\"column-5\">  22,5 h<br \/>\n  <\/td><td class=\"column-6\">  \u00a0<br \/>\n  <\/td><td class=\"column-7\">  \u00a0<br \/>\n  <\/td><td class=\"column-8\">  \u00a0<br \/>\n  <\/td><td class=\"column-9\">  \u00a0<br \/>\n  <\/td><td class=\"column-10\"> <b><b>2<b><b><\/b><br \/>\n  <\/td><td class=\"column-11\"> <b><b>22,5 h<b><b><\/b><br \/>\n  <\/td>\n<\/tr>\n<tr class=\"row-33\">\n\t<td class=\"column-1\">  <a href=\"https:\/\/www.esmuc.cat\/assignatures\/tecniques-denregistrament-i-postproduccio\/\" target=\"_blank\" rel=\"noopener\">T\u00e9cnicas de grabaci\u00f3n y postproducci\u00f3n I<\/a><br \/>\n  <\/td><td class=\"column-2\">  \u00a0<br \/>\n  <\/td><td class=\"column-3\">  \u00a0<br \/>\n  <\/td><td class=\"column-4\">  \u00a02<br \/>\n  <\/td><td class=\"column-5\">  22,5 h<br \/>\n  <\/td><td class=\"column-6\">  \u00a0<br \/>\n  <\/td><td class=\"column-7\">  \u00a0<br \/>\n  <\/td><td class=\"column-8\">  \u00a0<br \/>\n  <\/td><td class=\"column-9\">  \u00a0<br \/>\n  <\/td><td class=\"column-10\"><b><b>2<b><b><\/b><br \/>\n  <\/td><td class=\"column-11\">  <b><b>22,5 h<b><b><\/b><br \/>\n  <\/td>\n<\/tr>\n<tr class=\"row-34\">\n\t<td colspan=\"11\" class=\"column-1\"><center><b><b>Materias optativas (OP)<b><b><\/center>  <\/td>\n<\/tr>\n<tr class=\"row-35\">\n\t<td class=\"column-1\">  Cr\u00e9ditos optativos<br \/>\n  <\/td><td class=\"column-2\">  \u00a0<br \/>\n  <\/td><td class=\"column-3\">  \u00a0<br \/>\n  <\/td><td class=\"column-4\">  \u00a0<br \/>\n  <\/td><td class=\"column-5\">  \u00a0<br \/>\n  <\/td><td class=\"column-6\">  \u00a06<br \/>\n  <\/td><td class=\"column-7\">  \u00a090 h<br \/>\n  <\/td><td class=\"column-8\">  9<br \/>\n  <\/td><td class=\"column-9\">  135 h<br \/>\n  <\/td><td class=\"column-10\"> <b><b>15<b><b><\/b><br \/>\n  <\/td><td class=\"column-11\"> <b><b>225 h<b><b><\/b><br \/>\n  <\/td>\n<\/tr>\n<tr class=\"row-36\">\n\t<td colspan=\"11\" class=\"column-1\"><center>Trabajo Final (TFG)<\/center> <\/td>\n<\/tr>\n<tr class=\"row-37\">\n\t<td class=\"column-1\">  <a href=\"https:\/\/www.esmuc.cat\/assignatures\/metodologies-de-recerca\/\" id=\"__mce_tmp\" target=\"_self\" rel=\"noopener\">Metodolog\u00edas de investigaci\u00f3n<\/a><br \/>\n  <\/td><td class=\"column-2\">  \u00a0<br \/>\n  <\/td><td class=\"column-3\">  \u00a0<br \/>\n  <\/td><td class=\"column-4\">  \u00a0<br \/>\n  <\/td><td class=\"column-5\">  \u00a0<br \/>\n  <\/td><td class=\"column-6\">  2<br \/>\n  <\/td><td class=\"column-7\">  30 h<br \/>\n  <\/td><td class=\"column-8\">  \u00a0<br \/>\n  <\/td><td class=\"column-9\">  \u00a0<br \/>\n  <\/td><td class=\"column-10\">  <b><b>2<b><b><\/b><br \/>\n  <\/td><td class=\"column-11\">  <b><b>30 h<b><b><\/b><br \/>\n  <\/td>\n<\/tr>\n<tr class=\"row-38\">\n\t<td class=\"column-1\">  Trabajo fin de grado<br \/>\n  <\/td><td class=\"column-2\">  \u00a0<br \/>\n  <\/td><td class=\"column-3\">  \u00a0<br \/>\n  <\/td><td class=\"column-4\">  \u00a0<br \/>\n  <\/td><td class=\"column-5\">  \u00a0<br \/>\n  <\/td><td class=\"column-6\">  \u00a0<br \/>\n  <\/td><td class=\"column-7\">  \u00a0<br \/>\n  <\/td><td class=\"column-8\">  8<br \/>\n  <\/td><td class=\"column-9\">  15 h<br \/>\n  <\/td><td class=\"column-10\"><b><b>8<b><b><\/b><br \/>\n  <\/td><td class=\"column-11\"> <b><b>15 h<b><b><\/b><br \/>\n  <\/td>\n<\/tr>\n<\/tbody>\n<tfoot>\n<tr class=\"row-39\">\n\t<th class=\"column-1\">TOTAL<\/th><th class=\"column-2\">60 <b><b><\/th><th class=\"column-3\">502,5 h<b><b><br \/>\n  <\/th><th class=\"column-4\">60 <b><b><br \/>\n  <\/th><th class=\"column-5\">547,5 h<b><b><br \/>\n  <\/th><th class=\"column-6\">60 <b><b><br \/>\n  <\/th><th class=\"column-7\">510 h<b><b><br \/>\n  <\/th><th class=\"column-8\">60 <b><b><br \/>\n  <\/th><th class=\"column-9\">487,5 h<b><b><br \/>\n  <\/th><th class=\"column-10\"><b><b>240 <b><b><b><b><br \/>\n  <\/th><th class=\"column-11\"><b><b>2047,5 h<b><b><b><b><br \/>\n  <\/th>\n<\/tr>\n<\/tfoot>\n<\/table>\n<!-- #tablepress-383 from cache -->\n","protected":false},"excerpt":{"rendered":"<p>Curr\u00edculum Interpretaci\u00f3n Cl\u00e1sica y contempor\u00e1nea Instrumentos orquestales Modalidades Clarinete, Contrabajo, Fagot, Flauta travesera, Oboe, Saxof\u00f3n, Tromb\u00f3n, Trompa, Trompeta, Tuba\/Bombardino, Viola, Viol\u00edn, Violonchelo.<\/p>\n","protected":false},"author":4,"featured_media":0,"parent":28989,"menu_order":0,"comment_status":"closed","ping_status":"closed","template":"","meta":{"_acf_changed":false,"_themeisle_gutenberg_block_has_review":false,"footnotes":""},"categories":[1126],"tags":[1644],"class_list":["post-31844","page","type-page","status-publish","hentry","category-especialitats-es","tag-pla-destudis-es-2"],"acf":[],"publishpress_future_action":{"enabled":false,"date":"2026-05-05 19:18:18","action":"change-status","newStatus":"draft","terms":[],"taxonomy":"category","extraData":[]},"publishpress_future_workflow_manual_trigger":{"enabledWorkflows":[]},"_links":{"self":[{"href":"https:\/\/www.esmuc.cat\/es\/wp-json\/wp\/v2\/pages\/31844","targetHints":{"allow":["GET"]}}],"collection":[{"href":"https:\/\/www.esmuc.cat\/es\/wp-json\/wp\/v2\/pages"}],"about":[{"href":"https:\/\/www.esmuc.cat\/es\/wp-json\/wp\/v2\/types\/page"}],"author":[{"embeddable":true,"href":"https:\/\/www.esmuc.cat\/es\/wp-json\/wp\/v2\/users\/4"}],"replies":[{"embeddable":true,"href":"https:\/\/www.esmuc.cat\/es\/wp-json\/wp\/v2\/comments?post=31844"}],"version-history":[{"count":10,"href":"https:\/\/www.esmuc.cat\/es\/wp-json\/wp\/v2\/pages\/31844\/revisions"}],"predecessor-version":[{"id":82719,"href":"https:\/\/www.esmuc.cat\/es\/wp-json\/wp\/v2\/pages\/31844\/revisions\/82719"}],"up":[{"embeddable":true,"href":"https:\/\/www.esmuc.cat\/es\/wp-json\/wp\/v2\/pages\/28989"}],"wp:attachment":[{"href":"https:\/\/www.esmuc.cat\/es\/wp-json\/wp\/v2\/media?parent=31844"}],"wp:term":[{"taxonomy":"category","embeddable":true,"href":"https:\/\/www.esmuc.cat\/es\/wp-json\/wp\/v2\/categories?post=31844"},{"taxonomy":"post_tag","embeddable":true,"href":"https:\/\/www.esmuc.cat\/es\/wp-json\/wp\/v2\/tags?post=31844"}],"curies":[{"name":"wp","href":"https:\/\/api.w.org\/{rel}","templated":true}]}}