{"id":31720,"date":"2021-06-18T10:19:55","date_gmt":"2021-06-18T08:19:55","guid":{"rendered":"https:\/\/www.esmuc.cat\/grau\/acces-i-admissio\/requisits\/"},"modified":"2025-11-14T08:57:30","modified_gmt":"2025-11-14T07:57:30","slug":"requisits","status":"publish","type":"page","link":"https:\/\/www.esmuc.cat\/es\/estudios\/grau\/acces-i-admissio\/requisits\/","title":{"rendered":"Requisitos"},"content":{"rendered":"\n<div class=\"wp-block-columns is-layout-flex wp-container-core-columns-is-layout-9d6595d7 wp-block-columns-is-layout-flex\">\n<div class=\"wp-block-column esmuc__Menu_Masters is-layout-flow wp-block-column-is-layout-flow\" style=\"flex-basis:33.33%\">\n\n<\/div>\n\n\n\n<div class=\"wp-block-column is-layout-flow wp-block-column-is-layout-flow\" style=\"flex-basis:66.66%\"><div class=\"breadcrumbs align  wp-block-bcn-breadcrumb-trail has-text-color has-background\" vocab=\"https:\/\/schema.org\/\" typeof=\"BreadcrumbList\">\n\t<span><\/span>\n\t<span property=\"itemListElement\" typeof=\"ListItem\"><a property=\"item\" typeof=\"WebPage\" title=\"Ir a ESMUC.\" href=\"https:\/\/www.esmuc.cat\/es\/\" class=\"home\" ><span property=\"name\">ESMUC<\/span><\/a><meta property=\"position\" content=\"1\"><\/span> &gt; <span property=\"itemListElement\" typeof=\"ListItem\"><a property=\"item\" typeof=\"WebPage\" title=\"Ir a Estudios.\" href=\"https:\/\/www.esmuc.cat\/es\/estudios\/\" class=\"post post-page\" ><span property=\"name\">Estudios<\/span><\/a><meta property=\"position\" content=\"2\"><\/span> &gt; <span property=\"itemListElement\" typeof=\"ListItem\"><a property=\"item\" typeof=\"WebPage\" title=\"Ir a Grado.\" href=\"https:\/\/www.esmuc.cat\/es\/estudios\/grau\/\" class=\"post post-page\" ><span property=\"name\">Grado<\/span><\/a><meta property=\"position\" content=\"3\"><\/span> &gt; <span property=\"itemListElement\" typeof=\"ListItem\"><a property=\"item\" typeof=\"WebPage\" title=\"Ir a Acceso y Admisi\u00f3n.\" href=\"https:\/\/www.esmuc.cat\/es\/estudios\/grau\/acces-i-admissio\/\" class=\"post post-page\" ><span property=\"name\">Acceso y Admisi\u00f3n<\/span><\/a><meta property=\"position\" content=\"4\"><\/span> &gt; <span property=\"itemListElement\" typeof=\"ListItem\"><span property=\"name\" class=\"post post-page current-item\">Requisitos<\/span><meta property=\"url\" content=\"https:\/\/www.esmuc.cat\/es\/estudios\/grau\/acces-i-admissio\/requisits\/\"><meta property=\"position\" content=\"5\"><\/span><\/div>\n\n\n\n<h1 class=\"wp-block-heading\">Requisitos<\/h1>\n\n\n\n<hr class=\"wp-block-separator has-css-opacity\"\/>\n\n\n\n<p>A efectos de admisi\u00f3n, para acceder a las ense\u00f1anzas art\u00edsticas superiores de m\u00fasica es necesario cumplir el requisito acad\u00e9mico del Bachillerato y superar la correspondiente prueba espec\u00edfica de acceso.<\/p>\n\n\n\n<section id=\"f457b4\" class=\"section-f457b4 gutentor-module gutentor-module-accordion\"><div class=\"grid-container\">\n<div id=\"84c3f4\" class=\"wp-block-gutentor-m6-item section-84c3f4 gutentor-module gutentor-module-accordion-item\"><div class=\"gutentor-module-accordion-panel g-a-panel-f457b4\"><div class=\"gm-ah-f457b4 gutentor-module-accordion-item-heading gutentor-module-icon-position-right\"><span class=\"gutentor-module-accordion-panel-handler\" role=\"button\"><span class=\"gutentor-module-accordion-panel-handler-label\">Requisito acad\u00e9mico<\/span><span class=\"gutentor-module-accordion-icon\"><i class=\"gm-aio-f457b4 gutentor-module-accordion-icon-open fas fa-plus\"><\/i><i class=\"gm-aic-f457b4 gutentor-module-accordion-icon-close fas fa-minus\"><\/i><\/span><\/span><\/div><div class=\"gm-ab-f457b4 gutentor-module-accordion-body\">\n<div id=\"section-gaa041a\" class=\"wp-block-gutentor-e7 section-gaa041a gutentor-element gutentor-element-list\"><ul class=\"grid-row gutentor-grid-item-wrap list-indicator-icon\"><li class=\"gutentor-list-item grid-lg-12 grid-md-12 grid-12\"><span class=\"gutentor-single-item gutentor-single-item-0\"><span class=\"gutentor-list-item-wrap g-s-list-wrap\"><span class=\"gutentor-single-list-item-icon\"><i class=\"list-item-icon fas fa-angle-right\"><\/i><\/span><span class=\"gutentor-list-item\"><p class=\"gutentor-single-item-title\">El t\u00edtulo de bachillerato,<\/p><\/span><\/span><\/span><\/li><li class=\"gutentor-list-item grid-lg-12 grid-md-12 grid-12\"><span class=\"gutentor-single-item gutentor-single-item-1\"><span class=\"gutentor-list-item-wrap g-s-list-wrap\"><span class=\"gutentor-single-list-item-icon\"><i class=\"list-item-icon fas fa-angle-right\"><\/i><\/span><span class=\"gutentor-list-item\"><p class=\"gutentor-single-item-title\">T\u00edtulo de ciclo formativo de grado superior, o<\/p><\/span><\/span><\/span><\/li><li class=\"gutentor-list-item grid-lg-12 grid-md-12 grid-12\"><span class=\"gutentor-single-item gutentor-single-item-2\"><span class=\"gutentor-list-item-wrap g-s-list-wrap\"><span class=\"gutentor-single-list-item-icon\"><i class=\"list-item-icon fas fa-angle-right\"><\/i><\/span><span class=\"gutentor-list-item\"><p class=\"gutentor-single-item-title\">La superaci\u00f3n de les pruebas de acceso a la universidad para mayores de 25 a\u00f1os.<\/p><\/span><\/span><\/span><\/li><\/ul><\/div>\n\n\n\n<div id=\"section-g5e1850\" class=\"wp-block-gutentor-e0 section-g5e1850 gutentor-element gutentor-element-advanced-text\"><div class=\"gutentor-text-wrap\"><p class=\"gutentor-text\"><br>Son equivalentes a efectos de acceso:<\/p><\/div><\/div>\n\n\n\n<div id=\"section-gd0e49c\" class=\"wp-block-gutentor-e7 section-gd0e49c gutentor-element gutentor-element-list\"><ul class=\"grid-row gutentor-grid-item-wrap list-indicator-icon\"><li class=\"gutentor-list-item grid-lg-12 grid-md-12 grid-12\"><span class=\"gutentor-single-item gutentor-single-item-0\"><span class=\"gutentor-list-item-wrap g-s-list-wrap\"><span class=\"gutentor-single-list-item-icon\"><i class=\"list-item-icon fas fa-angle-right\"><\/i><\/span><span class=\"gutentor-list-item\"><p class=\"gutentor-single-item-title\">El T\u00edtulo de Bachillerato, LOGSE o LOE<\/p><\/span><\/span><\/span><\/li><li class=\"gutentor-list-item grid-lg-12 grid-md-12 grid-12\"><span class=\"gutentor-single-item gutentor-single-item-1\"><span class=\"gutentor-list-item-wrap g-s-list-wrap\"><span class=\"gutentor-single-list-item-icon\"><i class=\"list-item-icon fas fa-angle-right\"><\/i><\/span><span class=\"gutentor-list-item\"><p class=\"gutentor-single-item-title\">El T\u00edtulo de BUP + COU del Plan del 70<\/p><\/span><\/span><\/span><\/li><li class=\"gutentor-list-item grid-lg-12 grid-md-12 grid-12\"><span class=\"gutentor-single-item gutentor-single-item-2\"><span class=\"gutentor-list-item-wrap g-s-list-wrap\"><span class=\"gutentor-single-list-item-icon\"><i class=\"list-item-icon fas fa-angle-right\"><\/i><\/span><span class=\"gutentor-list-item\"><p class=\"gutentor-single-item-title\">Cualquier titulaci\u00f3n universitaria (licenciatura o diplomatura), inclu\u00eddo cualquier grado superior de m\u00fasica (Plan 66, Logse y LOE).<\/p><\/span><\/span><\/span><\/li><\/ul><\/div>\n\n\n\n<div id=\"section-g31791b\" class=\"wp-block-gutentor-e0 section-g31791b gutentor-element gutentor-element-advanced-text\"><div class=\"gutentor-text-wrap\"><p class=\"gutentor-text\"><br>La documentaci\u00f3n que se debe presentar es el t\u00edtulo o el resguardo del mismo. Solo en el caso del alumnado que haya finalizado el bachillerato LOE en el mismo curso en que se realiza la prueba de acceso, se aceptar\u00e1 la certificaci\u00f3n acad\u00e9mica que especifique que se est\u00e1 en condiciones de tramitar la titulaci\u00f3n correspondiente. <\/p><\/div><\/div>\n\n\n\n<div id=\"section-g3d5249\" class=\"wp-block-gutentor-e0 section-g3d5249 gutentor-element gutentor-element-advanced-text\"><div class=\"gutentor-text-wrap\"><p class=\"gutentor-text\"><a href=\"https:\/\/www.esmuc.cat\/es\/estudios\/grau\/acces-i-admissio\/requisits\/normatives-que-regulen-les-equivalencies\/\">Normativas que regulan las equivalencias<\/a><\/p><\/div><\/div>\n\n\n\n<div id=\"section-g51c705\" class=\"wp-block-gutentor-e0 section-g51c705 gutentor-element gutentor-element-advanced-text\"><div class=\"gutentor-text-wrap\"><h3 class=\"gutentor-text\">Alumnado sin el requisito acad\u00e9mico<\/h3><\/div><\/div>\n\n\n\n<div id=\"section-g609ed5\" class=\"wp-block-gutentor-e0 section-g609ed5 gutentor-element gutentor-element-advanced-text\"><div class=\"gutentor-text-wrap\"><p class=\"gutentor-text\">Las personas que no cumplan este requisito pueden realizar una <a href=\"https:\/\/triaeducativa.gencat.cat\/ca\/proves\/proves-acces\/artistics-superiors\/sense-requisit\/\">prueba regulada y organizada cada a\u00f1o por el Departamento de Educaci\u00f3n<\/a>, que acredita la madurez necesaria en relaci\u00f3n con los objetivos del bachillerato.<\/p><\/div><\/div>\n\n\n\n<div id=\"section-g31d4f8\" class=\"wp-block-gutentor-e0 section-g31d4f8 gutentor-element gutentor-element-advanced-text\"><div class=\"gutentor-text-wrap\"><p class=\"gutentor-text\"><br><span style=\"text-decoration: underline\">Requisitos de participaci\u00f3n<br><\/span>La prueba se dirige a las personas de entre 16 a\u00f1os (que los cumplan durante el a\u00f1o 2025) y 18 a\u00f1os que deseen acceder a los grados en ense\u00f1anzas art\u00edsticas superiores de m\u00fasica y danza sin cumplir el requisito acad\u00e9mico de acceso.&nbsp; Podr\u00e1n presentarse los alumnos de esta franja de edad que est\u00e9n cursando 6.\u00ba curso de ense\u00f1anzas&nbsp; profesionales de m\u00fasica o danza, o que hayan superado la prueba de acceso a 6.\u00ba curso de grado profesional, y que quieran&nbsp; acceder a los estudios art\u00edsticos superiores de m\u00fasica o danza.<br><br>En caso de que no est\u00e9 prevista la realizaci\u00f3n de la prueba de acceso a 6.\u00ba curso de grado profesional de una especialidad&nbsp; concreta, el aspirante podr\u00e1 solicitar su realizaci\u00f3n al Servicio de Ordenaci\u00f3n de las Ense\u00f1anzas de R\u00e9gimen&nbsp; Especial (Via Augusta, 202-226 de Barcelona). El plazo para presentar dicha solicitud ser\u00e1 del 1 al 4&nbsp; de abril de 2025. <\/p><\/div><\/div>\n<\/div><\/div><\/div>\n<\/div><\/section>\n<\/div>\n<\/div>\n\n\n\n<p><\/p>\n","protected":false},"excerpt":{"rendered":"<p>Requisitos A efectos de admisi\u00f3n, para acceder a las ense\u00f1anzas art\u00edsticas superiores de m\u00fasica es necesario cumplir el requisito acad\u00e9mico del Bachillerato y superar la correspondiente prueba espec\u00edfica de acceso.<\/p>\n","protected":false},"author":4,"featured_media":0,"parent":31434,"menu_order":0,"comment_status":"closed","ping_status":"closed","template":"","meta":{"_acf_changed":false,"_themeisle_gutenberg_block_has_review":false,"footnotes":""},"categories":[1133],"tags":[],"class_list":["post-31720","page","type-page","status-publish","hentry","category-grau-es"],"acf":[],"publishpress_future_action":{"enabled":false,"date":"2026-04-24 21:26:12","action":"change-status","newStatus":"draft","terms":[],"taxonomy":"category","extraData":[]},"publishpress_future_workflow_manual_trigger":{"enabledWorkflows":[]},"_links":{"self":[{"href":"https:\/\/www.esmuc.cat\/es\/wp-json\/wp\/v2\/pages\/31720","targetHints":{"allow":["GET"]}}],"collection":[{"href":"https:\/\/www.esmuc.cat\/es\/wp-json\/wp\/v2\/pages"}],"about":[{"href":"https:\/\/www.esmuc.cat\/es\/wp-json\/wp\/v2\/types\/page"}],"author":[{"embeddable":true,"href":"https:\/\/www.esmuc.cat\/es\/wp-json\/wp\/v2\/users\/4"}],"replies":[{"embeddable":true,"href":"https:\/\/www.esmuc.cat\/es\/wp-json\/wp\/v2\/comments?post=31720"}],"version-history":[{"count":19,"href":"https:\/\/www.esmuc.cat\/es\/wp-json\/wp\/v2\/pages\/31720\/revisions"}],"predecessor-version":[{"id":114034,"href":"https:\/\/www.esmuc.cat\/es\/wp-json\/wp\/v2\/pages\/31720\/revisions\/114034"}],"up":[{"embeddable":true,"href":"https:\/\/www.esmuc.cat\/es\/wp-json\/wp\/v2\/pages\/31434"}],"wp:attachment":[{"href":"https:\/\/www.esmuc.cat\/es\/wp-json\/wp\/v2\/media?parent=31720"}],"wp:term":[{"taxonomy":"category","embeddable":true,"href":"https:\/\/www.esmuc.cat\/es\/wp-json\/wp\/v2\/categories?post=31720"},{"taxonomy":"post_tag","embeddable":true,"href":"https:\/\/www.esmuc.cat\/es\/wp-json\/wp\/v2\/tags?post=31720"}],"curies":[{"name":"wp","href":"https:\/\/api.w.org\/{rel}","templated":true}]}}