{"id":31618,"date":"2021-06-18T14:06:24","date_gmt":"2021-06-18T12:06:24","guid":{"rendered":"https:\/\/www.esmuc.cat\/grau\/acces-i-admissio\/proves-dacces\/exercicis-part-b-interpretacio\/perfil-dingres-dels-estudiants-de-musica-antiga\/"},"modified":"2023-03-24T10:36:58","modified_gmt":"2023-03-24T09:36:58","slug":"perfil-dingres-dels-estudiants-de-musica-antiga","status":"publish","type":"page","link":"https:\/\/www.esmuc.cat\/es\/estudios\/grau\/acces-i-admissio\/proves-dacces\/exercicis-part-b-interpretacio\/perfil-dingres-dels-estudiants-de-musica-antiga\/","title":{"rendered":"Perfil de ingreso de estudiantes de M\u00fasica Antigua"},"content":{"rendered":"\n<div class=\"wp-block-columns is-layout-flex wp-container-core-columns-is-layout-9d6595d7 wp-block-columns-is-layout-flex\">\n<div class=\"wp-block-column esmuc__Menu_Masters is-layout-flow wp-block-column-is-layout-flow\" style=\"flex-basis:33.33%\">\n\n<\/div>\n\n\n\n<div class=\"wp-block-column is-layout-flow wp-block-column-is-layout-flow\" style=\"flex-basis:66.66%\"><div class=\"breadcrumbs align  wp-block-bcn-breadcrumb-trail has-text-color has-background\" vocab=\"https:\/\/schema.org\/\" typeof=\"BreadcrumbList\">\n\t<span><\/span>\n\t<span property=\"itemListElement\" typeof=\"ListItem\"><a property=\"item\" typeof=\"WebPage\" title=\"Ir a ESMUC.\" href=\"https:\/\/www.esmuc.cat\/es\/\" class=\"home\" ><span property=\"name\">ESMUC<\/span><\/a><meta property=\"position\" content=\"1\"><\/span> &gt; <span property=\"itemListElement\" typeof=\"ListItem\"><a property=\"item\" typeof=\"WebPage\" title=\"Ir a Estudios.\" href=\"https:\/\/www.esmuc.cat\/es\/estudios\/\" class=\"post post-page\" ><span property=\"name\">Estudios<\/span><\/a><meta property=\"position\" content=\"2\"><\/span> &gt; <span property=\"itemListElement\" typeof=\"ListItem\"><a property=\"item\" typeof=\"WebPage\" title=\"Ir a Grado.\" href=\"https:\/\/www.esmuc.cat\/es\/estudios\/grau\/\" class=\"post post-page\" ><span property=\"name\">Grado<\/span><\/a><meta property=\"position\" content=\"3\"><\/span> &gt; <span property=\"itemListElement\" typeof=\"ListItem\"><a property=\"item\" typeof=\"WebPage\" title=\"Ir a Acceso y Admisi\u00f3n.\" href=\"https:\/\/www.esmuc.cat\/es\/estudios\/grau\/acces-i-admissio\/\" class=\"post post-page\" ><span property=\"name\">Acceso y Admisi\u00f3n<\/span><\/a><meta property=\"position\" content=\"4\"><\/span> &gt; <span property=\"itemListElement\" typeof=\"ListItem\"><a property=\"item\" typeof=\"WebPage\" title=\"Ir a Pruebas de acceso.\" href=\"https:\/\/www.esmuc.cat\/es\/estudios\/grau\/acces-i-admissio\/proves-dacces\/\" class=\"post post-page\" ><span property=\"name\">Pruebas de acceso<\/span><\/a><meta property=\"position\" content=\"5\"><\/span> &gt; <span property=\"itemListElement\" typeof=\"ListItem\"><a property=\"item\" typeof=\"WebPage\" title=\"Ir a Ejercicios Parte B &#8211; Interpretaci\u00f3n.\" href=\"https:\/\/www.esmuc.cat\/es\/estudios\/grau\/acces-i-admissio\/proves-dacces\/exercicis-part-b-interpretacio\/\" class=\"post post-page\" ><span property=\"name\">Ejercicios Parte B &#8211; Interpretaci\u00f3n<\/span><\/a><meta property=\"position\" content=\"6\"><\/span> &gt; <span property=\"itemListElement\" typeof=\"ListItem\"><span property=\"name\" class=\"post post-page current-item\">Perfil de ingreso de estudiantes de M\u00fasica Antigua<\/span><meta property=\"url\" content=\"https:\/\/www.esmuc.cat\/es\/estudios\/grau\/acces-i-admissio\/proves-dacces\/exercicis-part-b-interpretacio\/perfil-dingres-dels-estudiants-de-musica-antiga\/\"><meta property=\"position\" content=\"7\"><\/span><\/div>\n\n\n\n<h1 class=\"wp-block-heading\">Perfil de ingreso de estudiantes de M\u00fasica Antigua<\/h1>\n\n\n\n<div style=\"height:30px\" aria-hidden=\"true\" class=\"wp-block-spacer\"><\/div>\n\n\n\n<div id=\"section-g0d9dba\" class=\"wp-block-gutentor-e0 section-g0d9dba gutentor-element gutentor-element-advanced-text\"><div class=\"gutentor-text-wrap\"><p class=\"gutentor-text\">El perfil de ingreso de los futuros y las futuras estudiantes de Interpretaci\u00f3n, en el \u00e1mbito de la M\u00fasica Antigua, viene definido por el conjunto de competencias iniciales que se consideran necesarias para iniciar sus estudios en esta titulaci\u00f3n. Estas competencias son las que se evaluar\u00e1n en las pruebas de acceso espec\u00edficas para el T\u00edtulo Superior de M\u00fasica.<\/p><\/div><\/div>\n\n\n\n<div id=\"section-g38e19f\" class=\"wp-block-gutentor-e0 section-g38e19f gutentor-element gutentor-element-advanced-text\"><div class=\"gutentor-text-wrap\"><p class=\"gutentor-text\">Las competencias se agrupan en:<\/p><\/div><\/div>\n\n\n\n<div id=\"section-ge133d0\" class=\"wp-block-gutentor-e7 section-ge133d0 gutentor-element gutentor-element-list\"><ul class=\"grid-row gutentor-grid-item-wrap gutentor-disable-list-style\"><li class=\"gutentor-list-item grid-lg-12 grid-md-12 grid-12\"><span class=\"gutentor-single-item gutentor-single-item-0\"><span class=\"gutentor-list-item-wrap g-s-list-wrap\"><span class=\"gutentor-list-item\"><p class=\"gutentor-single-item-title\">a) Competencias de conocimientos y habilidades<\/p><\/span><\/span><\/span><\/li><li class=\"gutentor-list-item grid-lg-12 grid-md-12 grid-12\"><span class=\"gutentor-single-item gutentor-single-item-1\"><span class=\"gutentor-list-item-wrap g-s-list-wrap\"><span class=\"gutentor-list-item\"><p class=\"gutentor-single-item-title\">b) Competencias asociadas a capacidades<\/p><\/span><\/span><\/span><\/li><\/ul><\/div>\n\n\n\n<section id=\"bb6b27\" class=\"section-bb6b27 gutentor-module gutentor-module-accordion\"><div class=\"grid-container\">\n<div id=\"90f713\" class=\"wp-block-gutentor-m6-item section-90f713 gutentor-module gutentor-module-accordion-item\"><div class=\"gutentor-module-accordion-panel g-a-panel-bb6b27\"><div class=\"gm-ah-bb6b27 gutentor-module-accordion-item-heading gutentor-module-icon-position-right\"><span class=\"gutentor-module-accordion-panel-handler\" role=\"button\"><span class=\"gutentor-module-accordion-panel-handler-label\"><strong>Conocimientos y habilidades<\/strong><\/span><span class=\"gutentor-module-accordion-icon\"><i class=\"gm-aio-bb6b27 gutentor-module-accordion-icon-open fas fa-plus\"><\/i><i class=\"gm-aic-bb6b27 gutentor-module-accordion-icon-close fas fa-minus\"><\/i><\/span><\/span><\/div><div class=\"gm-ab-bb6b27 gutentor-module-accordion-body\">\n<div id=\"section-gcd6dcc\" class=\"wp-block-gutentor-e7 section-gcd6dcc gutentor-element gutentor-element-list\"><ul class=\"grid-row gutentor-grid-item-wrap list-indicator-icon\"><li class=\"gutentor-list-item grid-lg-12 grid-md-12 grid-12\"><span class=\"gutentor-single-item gutentor-single-item-0\"><span class=\"gutentor-list-item-wrap g-s-list-wrap\"><span class=\"gutentor-single-list-item-icon\"><i class=\"list-item-icon fas fa-angle-right\"><\/i><\/span><span class=\"gutentor-list-item\"><p class=\"gutentor-single-item-title\">Disponer de un determinado dominio auditivo que permita el reconocimiento de los par\u00e1metros musicales de sonido y tiempo.<\/p><\/span><\/span><\/span><\/li><li class=\"gutentor-list-item grid-lg-12 grid-md-12 grid-12\"><span class=\"gutentor-single-item gutentor-single-item-1\"><span class=\"gutentor-list-item-wrap g-s-list-wrap\"><span class=\"gutentor-single-list-item-icon\"><i class=\"list-item-icon fas fa-angle-right\"><\/i><\/span><span class=\"gutentor-list-item\"><p class=\"gutentor-single-item-title\">Mostrar la habilidad de realizar una correcta transcripci\u00f3n musical escrita.<\/p><\/span><\/span><\/span><\/li><li class=\"gutentor-list-item grid-lg-12 grid-md-12 grid-12\"><span class=\"gutentor-single-item gutentor-single-item-2\"><span class=\"gutentor-list-item-wrap g-s-list-wrap\"><span class=\"gutentor-single-list-item-icon\"><i class=\"list-item-icon fas fa-angle-right\"><\/i><\/span><span class=\"gutentor-list-item\"><p class=\"gutentor-single-item-title\">Mostrar conocimientos de armon\u00eda y formas musicales, seg\u00fan el estilo musical.<\/p><\/span><\/span><\/span><\/li><li class=\"gutentor-list-item grid-lg-12 grid-md-12 grid-12\"><span class=\"gutentor-single-item gutentor-single-item-3\"><span class=\"gutentor-list-item-wrap g-s-list-wrap\"><span class=\"gutentor-single-list-item-icon\"><i class=\"list-item-icon fas fa-angle-right\"><\/i><\/span><span class=\"gutentor-list-item\"><p class=\"gutentor-single-item-title\">Mostrar el reconocimiento auditivo de diversos aspectos y elementos constitutivos de una obra musical (instrumentos, forma, armon\u00eda, ritmo, etc.).<\/p><\/span><\/span><\/span><\/li><li class=\"gutentor-list-item grid-lg-12 grid-md-12 grid-12\"><span class=\"gutentor-single-item gutentor-single-item-4\"><span class=\"gutentor-list-item-wrap g-s-list-wrap\"><span class=\"gutentor-single-list-item-icon\"><i class=\"list-item-icon fas fa-angle-right\"><\/i><\/span><span class=\"gutentor-list-item\"><p class=\"gutentor-single-item-title\">Mostrar suficiente conocimiento de la historia de la m\u00fasica y de su contextualizaci\u00f3n, seg\u00fan el estilo.<\/p><\/span><\/span><\/span><\/li><li class=\"gutentor-list-item grid-lg-12 grid-md-12 grid-12\"><span class=\"gutentor-single-item gutentor-single-item-5\"><span class=\"gutentor-list-item-wrap g-s-list-wrap\"><span class=\"gutentor-single-list-item-icon\"><i class=\"list-item-icon fas fa-angle-right\"><\/i><\/span><span class=\"gutentor-list-item\"><p class=\"gutentor-single-item-title\">Mostrar el conocimiento y reconocimiento de aspectos t\u00e9cnicos y te\u00f3ricos asociados a una obra o fragmento musical (forma, melod\u00eda, armon\u00eda, textura, etc.).<\/p><\/span><\/span><\/span><\/li><li class=\"gutentor-list-item grid-lg-12 grid-md-12 grid-12\"><span class=\"gutentor-single-item gutentor-single-item-6\"><span class=\"gutentor-list-item-wrap g-s-list-wrap\"><span class=\"gutentor-single-list-item-icon\"><i class=\"list-item-icon fas fa-angle-right\"><\/i><\/span><span class=\"gutentor-list-item\"><p class=\"gutentor-single-item-title\">Saber esquematizar y organizar la informaci\u00f3n, saber argumentar y observar.<\/p><\/span><\/span><\/span><\/li><li class=\"gutentor-list-item grid-lg-12 grid-md-12 grid-12\"><span class=\"gutentor-single-item gutentor-single-item-7\"><span class=\"gutentor-list-item-wrap g-s-list-wrap\"><span class=\"gutentor-single-list-item-icon\"><i class=\"list-item-icon fas fa-angle-right\"><\/i><\/span><span class=\"gutentor-list-item\"><p class=\"gutentor-single-item-title\">Mostrar coherencia en el uso de las herramientas anal\u00edticas y la terminolog\u00eda musical.<\/p><\/span><\/span><\/span><\/li><li class=\"gutentor-list-item grid-lg-12 grid-md-12 grid-12\"><span class=\"gutentor-single-item gutentor-single-item-8\"><span class=\"gutentor-list-item-wrap g-s-list-wrap\"><span class=\"gutentor-single-list-item-icon\"><i class=\"list-item-icon fas fa-angle-right\"><\/i><\/span><span class=\"gutentor-list-item\"><p class=\"gutentor-single-item-title\">Mostrar un dominio t\u00e9cnico suficiente de su instrumental suficiente en la ejecuci\u00f3n.<\/p><\/span><\/span><\/span><\/li><\/ul><\/div>\n<\/div><\/div><\/div>\n\n\n\n<div id=\"df017e\" class=\"wp-block-gutentor-m6-item section-df017e gutentor-module gutentor-module-accordion-item\"><div class=\"gutentor-module-accordion-panel g-a-panel-bb6b27\"><div class=\"gm-ah-bb6b27 gutentor-module-accordion-item-heading gutentor-module-icon-position-right\"><span class=\"gutentor-module-accordion-panel-handler\" role=\"button\"><span class=\"gutentor-module-accordion-panel-handler-label\">Capacidades<\/span><span class=\"gutentor-module-accordion-icon\"><i class=\"gm-aio-bb6b27 gutentor-module-accordion-icon-open fas fa-plus\"><\/i><i class=\"gm-aic-bb6b27 gutentor-module-accordion-icon-close fas fa-minus\"><\/i><\/span><\/span><\/div><div class=\"gm-ab-bb6b27 gutentor-module-accordion-body\">\n<div id=\"section-gbff769\" class=\"wp-block-gutentor-e7 section-gbff769 gutentor-element gutentor-element-list\"><ul class=\"grid-row gutentor-grid-item-wrap list-indicator-icon\"><li class=\"gutentor-list-item grid-lg-12 grid-md-12 grid-12\"><span class=\"gutentor-single-item gutentor-single-item-0\"><span class=\"gutentor-list-item-wrap g-s-list-wrap\"><span class=\"gutentor-single-list-item-icon\"><i class=\"list-item-icon fas fa-angle-right\"><\/i><\/span><span class=\"gutentor-list-item\"><p class=\"gutentor-single-item-title\">Mostrar capacidad interpretativa y dominio del instrumento en la ejecuci\u00f3n instrumental.<\/p><\/span><\/span><\/span><\/li><li class=\"gutentor-list-item grid-lg-12 grid-md-12 grid-12\"><span class=\"gutentor-single-item gutentor-single-item-1\"><span class=\"gutentor-list-item-wrap g-s-list-wrap\"><span class=\"gutentor-single-list-item-icon\"><i class=\"list-item-icon fas fa-angle-right\"><\/i><\/span><span class=\"gutentor-list-item\"><p class=\"gutentor-single-item-title\">Mostrar las capacidades de expresi\u00f3n en el fraseo, de comunicaci\u00f3n, de fluidez en el discurso y de intenci\u00f3n en la interpretaci\u00f3n musical.<\/p><\/span><\/span><\/span><\/li><li class=\"gutentor-list-item grid-lg-12 grid-md-12 grid-12\"><span class=\"gutentor-single-item gutentor-single-item-2\"><span class=\"gutentor-list-item-wrap g-s-list-wrap\"><span class=\"gutentor-single-list-item-icon\"><i class=\"list-item-icon fas fa-angle-right\"><\/i><\/span><span class=\"gutentor-list-item\"><p class=\"gutentor-single-item-title\">Mostrar capacidad en la b\u00fasqueda de la calidad del sonido y en el control t\u00e9cnico del instrumento.<\/p><\/span><\/span><\/span><\/li><li class=\"gutentor-list-item grid-lg-12 grid-md-12 grid-12\"><span class=\"gutentor-single-item gutentor-single-item-3\"><span class=\"gutentor-list-item-wrap g-s-list-wrap\"><span class=\"gutentor-single-list-item-icon\"><i class=\"list-item-icon fas fa-angle-right\"><\/i><\/span><span class=\"gutentor-list-item\"><p class=\"gutentor-single-item-title\">Mostrar capacidad de comprensi\u00f3n de las obras y caracterizaci\u00f3n estil\u00edstica.<\/p><\/span><\/span><\/span><\/li><li class=\"gutentor-list-item grid-lg-12 grid-md-12 grid-12\"><span class=\"gutentor-single-item gutentor-single-item-4\"><span class=\"gutentor-list-item-wrap g-s-list-wrap\"><span class=\"gutentor-single-list-item-icon\"><i class=\"list-item-icon fas fa-angle-right\"><\/i><\/span><span class=\"gutentor-list-item\"><p class=\"gutentor-single-item-title\">Mostrar capacidad de reacci\u00f3n y asimilaci\u00f3n a demandas pedag\u00f3gicas concretas, as\u00ed como capacidad de asimilaci\u00f3n inmediata a partir de nuevas indicaciones musicales y t\u00e9cnicas.<\/p><\/span><\/span><\/span><\/li><li class=\"gutentor-list-item grid-lg-12 grid-md-12 grid-12\"><span class=\"gutentor-single-item gutentor-single-item-5\"><span class=\"gutentor-list-item-wrap g-s-list-wrap\"><span class=\"gutentor-single-list-item-icon\"><i class=\"list-item-icon fas fa-angle-right\"><\/i><\/span><span class=\"gutentor-list-item\"><p class=\"gutentor-single-item-title\">Mostrar capacidad de lectura, de repentizaci\u00f3n musical, de afinaci\u00f3n y sentido r\u00edtmico, y en el caso de los instrumentos polif\u00f3nicos mostrar capacidad de realizaci\u00f3n del bajo continuo en su funci\u00f3n de acompa\u00f1amiento.<\/p><\/span><\/span><\/span><\/li><\/ul><\/div>\n<\/div><\/div><\/div>\n<\/div><\/section>\n<\/div>\n<\/div>\n\n\n\n<p><\/p>\n","protected":false},"excerpt":{"rendered":"<p>Perfil de ingreso de estudiantes de M\u00fasica Antigua<\/p>\n","protected":false},"author":4,"featured_media":0,"parent":31383,"menu_order":0,"comment_status":"closed","ping_status":"closed","template":"","meta":{"_acf_changed":false,"_themeisle_gutenberg_block_has_review":false,"footnotes":""},"categories":[1133],"tags":[],"class_list":["post-31618","page","type-page","status-publish","hentry","category-grau-es"],"acf":[],"publishpress_future_action":{"enabled":false,"date":"2026-04-15 15:34:01","action":"change-status","newStatus":"draft","terms":[],"taxonomy":"category","extraData":[]},"publishpress_future_workflow_manual_trigger":{"enabledWorkflows":[]},"_links":{"self":[{"href":"https:\/\/www.esmuc.cat\/es\/wp-json\/wp\/v2\/pages\/31618","targetHints":{"allow":["GET"]}}],"collection":[{"href":"https:\/\/www.esmuc.cat\/es\/wp-json\/wp\/v2\/pages"}],"about":[{"href":"https:\/\/www.esmuc.cat\/es\/wp-json\/wp\/v2\/types\/page"}],"author":[{"embeddable":true,"href":"https:\/\/www.esmuc.cat\/es\/wp-json\/wp\/v2\/users\/4"}],"replies":[{"embeddable":true,"href":"https:\/\/www.esmuc.cat\/es\/wp-json\/wp\/v2\/comments?post=31618"}],"version-history":[{"count":3,"href":"https:\/\/www.esmuc.cat\/es\/wp-json\/wp\/v2\/pages\/31618\/revisions"}],"predecessor-version":[{"id":77314,"href":"https:\/\/www.esmuc.cat\/es\/wp-json\/wp\/v2\/pages\/31618\/revisions\/77314"}],"up":[{"embeddable":true,"href":"https:\/\/www.esmuc.cat\/es\/wp-json\/wp\/v2\/pages\/31383"}],"wp:attachment":[{"href":"https:\/\/www.esmuc.cat\/es\/wp-json\/wp\/v2\/media?parent=31618"}],"wp:term":[{"taxonomy":"category","embeddable":true,"href":"https:\/\/www.esmuc.cat\/es\/wp-json\/wp\/v2\/categories?post=31618"},{"taxonomy":"post_tag","embeddable":true,"href":"https:\/\/www.esmuc.cat\/es\/wp-json\/wp\/v2\/tags?post=31618"}],"curies":[{"name":"wp","href":"https:\/\/api.w.org\/{rel}","templated":true}]}}