{"id":31594,"date":"2021-06-21T11:47:45","date_gmt":"2021-06-21T09:47:45","guid":{"rendered":"https:\/\/www.esmuc.cat\/grau\/acces-i-admissio\/proves-dacces\/exercicis-part-b-direccio\/perfil-dingres-dels-estudiants-de-direccio\/"},"modified":"2023-03-24T10:38:03","modified_gmt":"2023-03-24T09:38:03","slug":"perfil-dingres-dels-estudiants-de-direccio","status":"publish","type":"page","link":"https:\/\/www.esmuc.cat\/es\/estudios\/grau\/acces-i-admissio\/proves-dacces\/exercicis-part-b-direccio\/perfil-dingres-dels-estudiants-de-direccio\/","title":{"rendered":"Perfil de ingreso de estudiantes de Direcci\u00f3n"},"content":{"rendered":"\n<div class=\"wp-block-columns is-layout-flex wp-container-core-columns-is-layout-9d6595d7 wp-block-columns-is-layout-flex\">\n<div class=\"wp-block-column esmuc__Menu_Masters is-layout-flow wp-block-column-is-layout-flow\" style=\"flex-basis:33.33%\">\n\n<\/div>\n\n\n\n<div class=\"wp-block-column is-layout-flow wp-block-column-is-layout-flow\" style=\"flex-basis:66.66%\"><div class=\"breadcrumbs align  wp-block-bcn-breadcrumb-trail has-text-color has-background\" vocab=\"https:\/\/schema.org\/\" typeof=\"BreadcrumbList\">\n\t<span><\/span>\n\t<span property=\"itemListElement\" typeof=\"ListItem\"><a property=\"item\" typeof=\"WebPage\" title=\"Ir a ESMUC.\" href=\"https:\/\/www.esmuc.cat\/es\/\" class=\"home\" ><span property=\"name\">ESMUC<\/span><\/a><meta property=\"position\" content=\"1\"><\/span> &gt; <span property=\"itemListElement\" typeof=\"ListItem\"><a property=\"item\" typeof=\"WebPage\" title=\"Ir a Estudios.\" href=\"https:\/\/www.esmuc.cat\/es\/estudios\/\" class=\"post post-page\" ><span property=\"name\">Estudios<\/span><\/a><meta property=\"position\" content=\"2\"><\/span> &gt; <span property=\"itemListElement\" typeof=\"ListItem\"><a property=\"item\" typeof=\"WebPage\" title=\"Ir a Grado.\" href=\"https:\/\/www.esmuc.cat\/es\/estudios\/grau\/\" class=\"post post-page\" ><span property=\"name\">Grado<\/span><\/a><meta property=\"position\" content=\"3\"><\/span> &gt; <span property=\"itemListElement\" typeof=\"ListItem\"><a property=\"item\" typeof=\"WebPage\" title=\"Ir a Acceso y Admisi\u00f3n.\" href=\"https:\/\/www.esmuc.cat\/es\/estudios\/grau\/acces-i-admissio\/\" class=\"post post-page\" ><span property=\"name\">Acceso y Admisi\u00f3n<\/span><\/a><meta property=\"position\" content=\"4\"><\/span> &gt; <span property=\"itemListElement\" typeof=\"ListItem\"><a property=\"item\" typeof=\"WebPage\" title=\"Ir a Pruebas de acceso.\" href=\"https:\/\/www.esmuc.cat\/es\/estudios\/grau\/acces-i-admissio\/proves-dacces\/\" class=\"post post-page\" ><span property=\"name\">Pruebas de acceso<\/span><\/a><meta property=\"position\" content=\"5\"><\/span> &gt; <span property=\"itemListElement\" typeof=\"ListItem\"><a property=\"item\" typeof=\"WebPage\" title=\"Ir a Ejercicios Parte B &#8211; Direcci\u00f3n.\" href=\"https:\/\/www.esmuc.cat\/es\/estudios\/grau\/acces-i-admissio\/proves-dacces\/exercicis-part-b-direccio\/\" class=\"post post-page\" ><span property=\"name\">Ejercicios Parte B &#8211; Direcci\u00f3n<\/span><\/a><meta property=\"position\" content=\"6\"><\/span> &gt; <span property=\"itemListElement\" typeof=\"ListItem\"><span property=\"name\" class=\"post post-page current-item\">Perfil de ingreso de estudiantes de Direcci\u00f3n<\/span><meta property=\"url\" content=\"https:\/\/www.esmuc.cat\/es\/estudios\/grau\/acces-i-admissio\/proves-dacces\/exercicis-part-b-direccio\/perfil-dingres-dels-estudiants-de-direccio\/\"><meta property=\"position\" content=\"7\"><\/span><\/div>\n\n\n\n<h1 class=\"wp-block-heading\">Perfil de ingreso de estudiantes de Direcci\u00f3n<\/h1>\n\n\n\n<div id=\"section-g5b2a04\" class=\"wp-block-gutentor-e0 section-g5b2a04 gutentor-element gutentor-element-advanced-text\"><div class=\"gutentor-text-wrap\"><p class=\"gutentor-text\">El perfil de ingreso de los futuros y las futuras estudiantes de Direcci\u00f3n viene definido por el conjunto de competencias iniciales que se consideran necesarias para iniciar sus estudios en esta titulaci\u00f3n. Estas competencias son las que se evaluar\u00e1n en las pruebas de acceso espec\u00edficas para el T\u00edtulo Superior de M\u00fasica.<\/p><\/div><\/div>\n\n\n\n<div id=\"section-g33438c\" class=\"wp-block-gutentor-e0 section-g33438c gutentor-element gutentor-element-advanced-text\"><div class=\"gutentor-text-wrap\"><p class=\"gutentor-text\">Las competencias se agrupan en:<\/p><\/div><\/div>\n\n\n\n<div id=\"section-g865aa1\" class=\"wp-block-gutentor-e7 section-g865aa1 gutentor-element gutentor-element-list\"><ul class=\"grid-row gutentor-grid-item-wrap gutentor-disable-list-style\"><li class=\"gutentor-list-item grid-lg-12 grid-md-12 grid-12\"><span class=\"gutentor-single-item gutentor-single-item-0\"><span class=\"gutentor-list-item-wrap g-s-list-wrap\"><span class=\"gutentor-list-item\"><p class=\"gutentor-single-item-title\">a) Competencias de conocimientos y habilidades<\/p><\/span><\/span><\/span><\/li><li class=\"gutentor-list-item grid-lg-12 grid-md-12 grid-12\"><span class=\"gutentor-single-item gutentor-single-item-1\"><span class=\"gutentor-list-item-wrap g-s-list-wrap\"><span class=\"gutentor-list-item\"><p class=\"gutentor-single-item-title\">b) Competencias asociadas a capacidades<\/p><\/span><\/span><\/span><\/li><\/ul><\/div>\n\n\n\n<section id=\"48b34a\" class=\"section-48b34a gutentor-module gutentor-module-accordion\"><div class=\"grid-container\">\n<div id=\"1a4aa7\" class=\"wp-block-gutentor-m6-item section-1a4aa7 gutentor-module gutentor-module-accordion-item\"><div class=\"gutentor-module-accordion-panel g-a-panel-48b34a\"><div class=\"gm-ah-48b34a gutentor-module-accordion-item-heading gutentor-module-icon-position-right\"><span class=\"gutentor-module-accordion-panel-handler\" role=\"button\"><span class=\"gutentor-module-accordion-panel-handler-label\"><strong>Conocimientos y habilidades<\/strong><\/span><span class=\"gutentor-module-accordion-icon\"><i class=\"gm-aio-48b34a gutentor-module-accordion-icon-open fas fa-plus\"><\/i><i class=\"gm-aic-48b34a gutentor-module-accordion-icon-close fas fa-minus\"><\/i><\/span><\/span><\/div><div class=\"gm-ab-48b34a gutentor-module-accordion-body\">\n<div id=\"section-g75a8b6\" class=\"wp-block-gutentor-e7 section-g75a8b6 gutentor-element gutentor-element-list\"><ul class=\"grid-row gutentor-grid-item-wrap list-indicator-icon\"><li class=\"gutentor-list-item grid-lg-12 grid-md-12 grid-12\"><span class=\"gutentor-single-item gutentor-single-item-0\"><span class=\"gutentor-list-item-wrap g-s-list-wrap\"><span class=\"gutentor-single-list-item-icon\"><i class=\"list-item-icon fas fa-angle-right\"><\/i><\/span><span class=\"gutentor-list-item\"><p class=\"gutentor-single-item-title\">Disponer de un determinado dominio auditivo que permita el reconocimiento de los par\u00e1metros musicales de sonido y tiempo.<\/p><\/span><\/span><\/span><\/li><li class=\"gutentor-list-item grid-lg-12 grid-md-12 grid-12\"><span class=\"gutentor-single-item gutentor-single-item-1\"><span class=\"gutentor-list-item-wrap g-s-list-wrap\"><span class=\"gutentor-single-list-item-icon\"><i class=\"list-item-icon fas fa-angle-right\"><\/i><\/span><span class=\"gutentor-list-item\"><p class=\"gutentor-single-item-title\">Mostrar la habilidad de realizar una correcta transcripci\u00f3n musical escrita.<\/p><\/span><\/span><\/span><\/li><li class=\"gutentor-list-item grid-lg-12 grid-md-12 grid-12\"><span class=\"gutentor-single-item gutentor-single-item-2\"><span class=\"gutentor-list-item-wrap g-s-list-wrap\"><span class=\"gutentor-single-list-item-icon\"><i class=\"list-item-icon fas fa-angle-right\"><\/i><\/span><span class=\"gutentor-list-item\"><p class=\"gutentor-single-item-title\">Mostrar conocimientos de armon\u00eda y formas musicales, seg\u00fan el estilo musical.<\/p><\/span><\/span><\/span><\/li><li class=\"gutentor-list-item grid-lg-12 grid-md-12 grid-12\"><span class=\"gutentor-single-item gutentor-single-item-3\"><span class=\"gutentor-list-item-wrap g-s-list-wrap\"><span class=\"gutentor-single-list-item-icon\"><i class=\"list-item-icon fas fa-angle-right\"><\/i><\/span><span class=\"gutentor-list-item\"><p class=\"gutentor-single-item-title\">Mostrar el reconocimiento auditivo de diversos aspectos y elementos constitutivos de una obra musical (instrumentos, forma, armon\u00eda, ritmo, etc.).<\/p><\/span><\/span><\/span><\/li><li class=\"gutentor-list-item grid-lg-12 grid-md-12 grid-12\"><span class=\"gutentor-single-item gutentor-single-item-4\"><span class=\"gutentor-list-item-wrap g-s-list-wrap\"><span class=\"gutentor-single-list-item-icon\"><i class=\"list-item-icon fas fa-angle-right\"><\/i><\/span><span class=\"gutentor-list-item\"><p class=\"gutentor-single-item-title\">Mostrar suficiente conocimiento de la historia de la m\u00fasica y de su contextualizaci\u00f3n, seg\u00fan el estilo.<\/p><\/span><\/span><\/span><\/li><li class=\"gutentor-list-item grid-lg-12 grid-md-12 grid-12\"><span class=\"gutentor-single-item gutentor-single-item-5\"><span class=\"gutentor-list-item-wrap g-s-list-wrap\"><span class=\"gutentor-single-list-item-icon\"><i class=\"list-item-icon fas fa-angle-right\"><\/i><\/span><span class=\"gutentor-list-item\"><p class=\"gutentor-single-item-title\">Mostrar el conocimiento y reconocimiento de aspectos t\u00e9cnicos y te\u00f3ricos asociados a una obra o fragmento musical (forma, melod\u00eda, armon\u00eda, textura, etc.).<\/p><\/span><\/span><\/span><\/li><li class=\"gutentor-list-item grid-lg-12 grid-md-12 grid-12\"><span class=\"gutentor-single-item gutentor-single-item-6\"><span class=\"gutentor-list-item-wrap g-s-list-wrap\"><span class=\"gutentor-single-list-item-icon\"><i class=\"list-item-icon fas fa-angle-right\"><\/i><\/span><span class=\"gutentor-list-item\"><p class=\"gutentor-single-item-title\">Saber esquematizar y organizar la informaci\u00f3n, saber argumentar y observar.<\/p><\/span><\/span><\/span><\/li><li class=\"gutentor-list-item grid-lg-12 grid-md-12 grid-12\"><span class=\"gutentor-single-item gutentor-single-item-7\"><span class=\"gutentor-list-item-wrap g-s-list-wrap\"><span class=\"gutentor-single-list-item-icon\"><i class=\"list-item-icon fas fa-angle-right\"><\/i><\/span><span class=\"gutentor-list-item\"><p class=\"gutentor-single-item-title\">Mostrar coherencia en el uso de las herramientas anal\u00edticas y la terminolog\u00eda musical.<\/p><\/span><\/span><\/span><\/li><li class=\"gutentor-list-item grid-lg-12 grid-md-12 grid-12\"><span class=\"gutentor-single-item gutentor-single-item-8\"><span class=\"gutentor-list-item-wrap g-s-list-wrap\"><span class=\"gutentor-single-list-item-icon\"><i class=\"list-item-icon fas fa-angle-right\"><\/i><\/span><span class=\"gutentor-list-item\"><p class=\"gutentor-single-item-title\">Mostrar un dominio instrumental suficiente en la interpretaci\u00f3n musical.<\/p><\/span><\/span><\/span><\/li><li class=\"gutentor-list-item grid-lg-12 grid-md-12 grid-12\"><span class=\"gutentor-single-item gutentor-single-item-9\"><span class=\"gutentor-list-item-wrap g-s-list-wrap\"><span class=\"gutentor-single-list-item-icon\"><i class=\"list-item-icon fas fa-angle-right\"><\/i><\/span><span class=\"gutentor-list-item\"><p class=\"gutentor-single-item-title\">Mostrar comprensi\u00f3n musical suficiente y comunicaci\u00f3n de esa comprensi\u00f3n en la interpretaci\u00f3n musical.<\/p><\/span><\/span><\/span><\/li><\/ul><\/div>\n<\/div><\/div><\/div>\n\n\n\n<div id=\"a865cd\" class=\"wp-block-gutentor-m6-item section-a865cd gutentor-module gutentor-module-accordion-item\"><div class=\"gutentor-module-accordion-panel g-a-panel-48b34a\"><div class=\"gm-ah-48b34a gutentor-module-accordion-item-heading gutentor-module-icon-position-right\"><span class=\"gutentor-module-accordion-panel-handler\" role=\"button\"><span class=\"gutentor-module-accordion-panel-handler-label\"><strong>Capacidades<\/strong><\/span><span class=\"gutentor-module-accordion-icon\"><i class=\"gm-aio-48b34a gutentor-module-accordion-icon-open fas fa-plus\"><\/i><i class=\"gm-aic-48b34a gutentor-module-accordion-icon-close fas fa-minus\"><\/i><\/span><\/span><\/div><div class=\"gm-ab-48b34a gutentor-module-accordion-body\">\n<div id=\"section-g8fef42\" class=\"wp-block-gutentor-e7 section-g8fef42 gutentor-element gutentor-element-list\"><ul class=\"grid-row gutentor-grid-item-wrap list-indicator-icon\"><li class=\"gutentor-list-item grid-lg-12 grid-md-12 grid-12\"><span class=\"gutentor-single-item gutentor-single-item-0\"><span class=\"gutentor-list-item-wrap g-s-list-wrap\"><span class=\"gutentor-single-list-item-icon\"><i class=\"list-item-icon fas fa-angle-right\"><\/i><\/span><span class=\"gutentor-list-item\"><p class=\"gutentor-single-item-title\">Mostrar capacidad de armonizaci\u00f3n, estructuraci\u00f3n, realizaci\u00f3n y desarrollo de una peque\u00f1a estructura musical y de conceptualizaci\u00f3n y entendimiento de los elementos normativos que se dan.<\/p><\/span><\/span><\/span><\/li><li class=\"gutentor-list-item grid-lg-12 grid-md-12 grid-12\"><span class=\"gutentor-single-item gutentor-single-item-1\"><span class=\"gutentor-list-item-wrap g-s-list-wrap\"><span class=\"gutentor-single-list-item-icon\"><i class=\"list-item-icon fas fa-angle-right\"><\/i><\/span><span class=\"gutentor-list-item\"><p class=\"gutentor-single-item-title\">Mostrar capacidad de instrumentaci\u00f3n, es decir, las capacidades de estructuraci\u00f3n sonora, conceptualizaci\u00f3n t\u00edmbrica y realizaci\u00f3n instrumental a partir de un contexto y formaci\u00f3n dadas.<\/p><\/span><\/span><\/span><\/li><li class=\"gutentor-list-item grid-lg-12 grid-md-12 grid-12\"><span class=\"gutentor-single-item gutentor-single-item-2\"><span class=\"gutentor-list-item-wrap g-s-list-wrap\"><span class=\"gutentor-single-list-item-icon\"><i class=\"list-item-icon fas fa-angle-right\"><\/i><\/span><span class=\"gutentor-list-item\"><p class=\"gutentor-single-item-title\">Mostrar la capacidad auditiva, en el reconocimiento de estructuras musicales, de seguimiento auditivo de una partitura y reconocimiento de las diferencias entre lo que suena y lo escrito.<\/p><\/span><\/span><\/span><\/li><li class=\"gutentor-list-item grid-lg-12 grid-md-12 grid-12\"><span class=\"gutentor-single-item gutentor-single-item-3\"><span class=\"gutentor-list-item-wrap g-s-list-wrap\"><span class=\"gutentor-single-list-item-icon\"><i class=\"list-item-icon fas fa-angle-right\"><\/i><\/span><span class=\"gutentor-list-item\"><p class=\"gutentor-single-item-title\">Mostrar las capacidades r\u00edtmicas, m\u00e9tricas, la capacidad para reconocer, priorizar y extraer estructuras musicales b\u00e1sicas sin estudio previo, y para los aspirantes de la modalidad de Direcci\u00f3n de Coro mostrar adem\u00e1s las capacidades de entonaci\u00f3n y afinaci\u00f3n.<\/p><\/span><\/span><\/span><\/li><li class=\"gutentor-list-item grid-lg-12 grid-md-12 grid-12\"><span class=\"gutentor-single-item gutentor-single-item-4\"><span class=\"gutentor-list-item-wrap g-s-list-wrap\"><span class=\"gutentor-single-list-item-icon\"><i class=\"list-item-icon fas fa-angle-right\"><\/i><\/span><span class=\"gutentor-list-item\"><p class=\"gutentor-single-item-title\">Mostrar capacidad de lectura y seguimiento pian\u00edstico de partitura, capacidad de reacci\u00f3n e inmediatez musical, as\u00ed como capacidad de transmitir sentido musical y comprensi\u00f3n.<\/p><\/span><\/span><\/span><\/li><\/ul><\/div>\n<\/div><\/div><\/div>\n<\/div><\/section>\n<\/div>\n<\/div>\n\n\n\n<p><\/p>\n","protected":false},"excerpt":{"rendered":"<p>Perfil de ingreso de estudiantes de Direcci\u00f3n<\/p>\n","protected":false},"author":4,"featured_media":0,"parent":31474,"menu_order":0,"comment_status":"closed","ping_status":"closed","template":"","meta":{"_acf_changed":false,"_themeisle_gutenberg_block_has_review":false,"footnotes":""},"categories":[1133],"tags":[],"class_list":["post-31594","page","type-page","status-publish","hentry","category-grau-es"],"acf":[],"publishpress_future_action":{"enabled":false,"date":"2026-04-18 12:31:47","action":"change-status","newStatus":"draft","terms":[],"taxonomy":"category","extraData":[]},"publishpress_future_workflow_manual_trigger":{"enabledWorkflows":[]},"_links":{"self":[{"href":"https:\/\/www.esmuc.cat\/es\/wp-json\/wp\/v2\/pages\/31594","targetHints":{"allow":["GET"]}}],"collection":[{"href":"https:\/\/www.esmuc.cat\/es\/wp-json\/wp\/v2\/pages"}],"about":[{"href":"https:\/\/www.esmuc.cat\/es\/wp-json\/wp\/v2\/types\/page"}],"author":[{"embeddable":true,"href":"https:\/\/www.esmuc.cat\/es\/wp-json\/wp\/v2\/users\/4"}],"replies":[{"embeddable":true,"href":"https:\/\/www.esmuc.cat\/es\/wp-json\/wp\/v2\/comments?post=31594"}],"version-history":[{"count":4,"href":"https:\/\/www.esmuc.cat\/es\/wp-json\/wp\/v2\/pages\/31594\/revisions"}],"predecessor-version":[{"id":77317,"href":"https:\/\/www.esmuc.cat\/es\/wp-json\/wp\/v2\/pages\/31594\/revisions\/77317"}],"up":[{"embeddable":true,"href":"https:\/\/www.esmuc.cat\/es\/wp-json\/wp\/v2\/pages\/31474"}],"wp:attachment":[{"href":"https:\/\/www.esmuc.cat\/es\/wp-json\/wp\/v2\/media?parent=31594"}],"wp:term":[{"taxonomy":"category","embeddable":true,"href":"https:\/\/www.esmuc.cat\/es\/wp-json\/wp\/v2\/categories?post=31594"},{"taxonomy":"post_tag","embeddable":true,"href":"https:\/\/www.esmuc.cat\/es\/wp-json\/wp\/v2\/tags?post=31594"}],"curies":[{"name":"wp","href":"https:\/\/api.w.org\/{rel}","templated":true}]}}