{"id":31574,"date":"2021-06-21T12:47:24","date_gmt":"2021-06-21T10:47:24","guid":{"rendered":"https:\/\/www.esmuc.cat\/grau\/acces-i-admissio\/proves-dacces\/exercicis-part-b-sonologia\/perfil-dingres-dels-estudiants-de-sonologia\/"},"modified":"2023-03-24T10:32:46","modified_gmt":"2023-03-24T09:32:46","slug":"perfil-dingres-dels-estudiants-de-sonologia","status":"publish","type":"page","link":"https:\/\/www.esmuc.cat\/es\/estudios\/grau\/acces-i-admissio\/proves-dacces\/exercicis-part-b-sonologia\/perfil-dingres-dels-estudiants-de-sonologia\/","title":{"rendered":"Perfil de ingreso de estudiantes de Sonolog\u00eda"},"content":{"rendered":"\n<div class=\"wp-block-columns is-layout-flex wp-container-core-columns-is-layout-9d6595d7 wp-block-columns-is-layout-flex\">\n<div class=\"wp-block-column esmuc__Menu_Masters is-layout-flow wp-block-column-is-layout-flow\" style=\"flex-basis:33.33%\">\n\n<\/div>\n\n\n\n<div class=\"wp-block-column is-layout-flow wp-block-column-is-layout-flow\" style=\"flex-basis:66.66%\"><div class=\"breadcrumbs align  wp-block-bcn-breadcrumb-trail has-text-color has-background\" vocab=\"https:\/\/schema.org\/\" typeof=\"BreadcrumbList\">\n\t<span><\/span>\n\t<span property=\"itemListElement\" typeof=\"ListItem\"><a property=\"item\" typeof=\"WebPage\" title=\"Ir a ESMUC.\" href=\"https:\/\/www.esmuc.cat\/es\/\" class=\"home\" ><span property=\"name\">ESMUC<\/span><\/a><meta property=\"position\" content=\"1\"><\/span> &gt; <span property=\"itemListElement\" typeof=\"ListItem\"><a property=\"item\" typeof=\"WebPage\" title=\"Ir a Estudios.\" href=\"https:\/\/www.esmuc.cat\/es\/estudios\/\" class=\"post post-page\" ><span property=\"name\">Estudios<\/span><\/a><meta property=\"position\" content=\"2\"><\/span> &gt; <span property=\"itemListElement\" typeof=\"ListItem\"><a property=\"item\" typeof=\"WebPage\" title=\"Ir a Grado.\" href=\"https:\/\/www.esmuc.cat\/es\/estudios\/grau\/\" class=\"post post-page\" ><span property=\"name\">Grado<\/span><\/a><meta property=\"position\" content=\"3\"><\/span> &gt; <span property=\"itemListElement\" typeof=\"ListItem\"><a property=\"item\" typeof=\"WebPage\" title=\"Ir a Acceso y Admisi\u00f3n.\" href=\"https:\/\/www.esmuc.cat\/es\/estudios\/grau\/acces-i-admissio\/\" class=\"post post-page\" ><span property=\"name\">Acceso y Admisi\u00f3n<\/span><\/a><meta property=\"position\" content=\"4\"><\/span> &gt; <span property=\"itemListElement\" typeof=\"ListItem\"><a property=\"item\" typeof=\"WebPage\" title=\"Ir a Pruebas de acceso.\" href=\"https:\/\/www.esmuc.cat\/es\/estudios\/grau\/acces-i-admissio\/proves-dacces\/\" class=\"post post-page\" ><span property=\"name\">Pruebas de acceso<\/span><\/a><meta property=\"position\" content=\"5\"><\/span> &gt; <span property=\"itemListElement\" typeof=\"ListItem\"><a property=\"item\" typeof=\"WebPage\" title=\"Ir a Ejercicios Parte B &#8211; Sonolog\u00eda.\" href=\"https:\/\/www.esmuc.cat\/es\/estudios\/grau\/acces-i-admissio\/proves-dacces\/exercicis-part-b-sonologia\/\" class=\"post post-page\" ><span property=\"name\">Ejercicios Parte B &#8211; Sonolog\u00eda<\/span><\/a><meta property=\"position\" content=\"6\"><\/span> &gt; <span property=\"itemListElement\" typeof=\"ListItem\"><span property=\"name\" class=\"post post-page current-item\">Perfil de ingreso de estudiantes de Sonolog\u00eda<\/span><meta property=\"url\" content=\"https:\/\/www.esmuc.cat\/es\/estudios\/grau\/acces-i-admissio\/proves-dacces\/exercicis-part-b-sonologia\/perfil-dingres-dels-estudiants-de-sonologia\/\"><meta property=\"position\" content=\"7\"><\/span><\/div>\n\n\n\n<h1 class=\"wp-block-heading\">Perfil de ingreso de estudiantes de Sonolog\u00eda<\/h1>\n\n\n\n<div id=\"section-ga07983\" class=\"wp-block-gutentor-e0 section-ga07983 gutentor-element gutentor-element-advanced-text\"><div class=\"gutentor-text-wrap\"><p class=\"gutentor-text\">El perfil de ingreso de los futuros y las futuras estudiantes de Sonolog\u00eda viene definido por el conjunto de competencias iniciales que se consideran necesarias para iniciar los estudios en esta titulaci\u00f3n. Estas competencias son las que se evaluar\u00e1n en las pruebas de acceso espec\u00edficas para el T\u00edtulo Superior de M\u00fasica.<\/p><\/div><\/div>\n\n\n\n<div id=\"section-gd55a69\" class=\"wp-block-gutentor-e0 section-gd55a69 gutentor-element gutentor-element-advanced-text\"><div class=\"gutentor-text-wrap\"><p class=\"gutentor-text\">Las competencias se agrupan en:<\/p><\/div><\/div>\n\n\n\n<div id=\"section-g3a84bf\" class=\"wp-block-gutentor-e7 section-g3a84bf gutentor-element gutentor-element-list\"><ul class=\"grid-row gutentor-grid-item-wrap gutentor-disable-list-style\"><li class=\"gutentor-list-item grid-lg-12 grid-md-12 grid-12\"><span class=\"gutentor-single-item gutentor-single-item-0\"><span class=\"gutentor-list-item-wrap g-s-list-wrap\"><span class=\"gutentor-list-item\"><p class=\"gutentor-single-item-title\">a) Competencias de conocimientos y habilidades<\/p><\/span><\/span><\/span><\/li><li class=\"gutentor-list-item grid-lg-12 grid-md-12 grid-12\"><span class=\"gutentor-single-item gutentor-single-item-1\"><span class=\"gutentor-list-item-wrap g-s-list-wrap\"><span class=\"gutentor-list-item\"><p class=\"gutentor-single-item-title\">b) Competencias asociadas a capacidades<\/p><\/span><\/span><\/span><\/li><\/ul><\/div>\n\n\n\n<section id=\"6c2383\" class=\"section-6c2383 gutentor-module gutentor-module-accordion\"><div class=\"grid-container\">\n<div id=\"76b65e\" class=\"wp-block-gutentor-m6-item section-76b65e gutentor-module gutentor-module-accordion-item\"><div class=\"gutentor-module-accordion-panel g-a-panel-6c2383\"><div class=\"gm-ah-6c2383 gutentor-module-accordion-item-heading gutentor-module-icon-position-right\"><span class=\"gutentor-module-accordion-panel-handler\" role=\"button\"><span class=\"gutentor-module-accordion-panel-handler-label\"><strong>Conocimientos y habilidades<\/strong><\/span><span class=\"gutentor-module-accordion-icon\"><i class=\"gm-aio-6c2383 gutentor-module-accordion-icon-open fas fa-plus\"><\/i><i class=\"gm-aic-6c2383 gutentor-module-accordion-icon-close fas fa-minus\"><\/i><\/span><\/span><\/div><div class=\"gm-ab-6c2383 gutentor-module-accordion-body\">\n<div id=\"section-g582bf6\" class=\"wp-block-gutentor-e7 section-g582bf6 gutentor-element gutentor-element-list\"><ul class=\"grid-row gutentor-grid-item-wrap list-indicator-icon\"><li class=\"gutentor-list-item grid-lg-12 grid-md-12 grid-12\"><span class=\"gutentor-single-item gutentor-single-item-0\"><span class=\"gutentor-list-item-wrap g-s-list-wrap\"><span class=\"gutentor-single-list-item-icon\"><i class=\"list-item-icon fas fa-angle-right\"><\/i><\/span><span class=\"gutentor-list-item\"><p class=\"gutentor-single-item-title\">Disponer de un determinado dominio auditivo que permita el reconocimiento de los par\u00e1metros musicales de sonido y tiempo.<\/p><\/span><\/span><\/span><\/li><li class=\"gutentor-list-item grid-lg-12 grid-md-12 grid-12\"><span class=\"gutentor-single-item gutentor-single-item-1\"><span class=\"gutentor-list-item-wrap g-s-list-wrap\"><span class=\"gutentor-single-list-item-icon\"><i class=\"list-item-icon fas fa-angle-right\"><\/i><\/span><span class=\"gutentor-list-item\"><p class=\"gutentor-single-item-title\">Mostrar la habilidad de realizar una correcta transcripci\u00f3n musical escrita.<\/p><\/span><\/span><\/span><\/li><li class=\"gutentor-list-item grid-lg-12 grid-md-12 grid-12\"><span class=\"gutentor-single-item gutentor-single-item-2\"><span class=\"gutentor-list-item-wrap g-s-list-wrap\"><span class=\"gutentor-single-list-item-icon\"><i class=\"list-item-icon fas fa-angle-right\"><\/i><\/span><span class=\"gutentor-list-item\"><p class=\"gutentor-single-item-title\">Mostrar conocimientos de armon\u00eda y formas musicales, seg\u00fan el estilo musical.<\/p><\/span><\/span><\/span><\/li><li class=\"gutentor-list-item grid-lg-12 grid-md-12 grid-12\"><span class=\"gutentor-single-item gutentor-single-item-3\"><span class=\"gutentor-list-item-wrap g-s-list-wrap\"><span class=\"gutentor-single-list-item-icon\"><i class=\"list-item-icon fas fa-angle-right\"><\/i><\/span><span class=\"gutentor-list-item\"><p class=\"gutentor-single-item-title\">Mostrar el reconocimiento auditivo de diversos aspectos y elementos constitutivos de una obra musical (instrumentos, forma, armon\u00eda, ritmo, etc.).<\/p><\/span><\/span><\/span><\/li><li class=\"gutentor-list-item grid-lg-12 grid-md-12 grid-12\"><span class=\"gutentor-single-item gutentor-single-item-4\"><span class=\"gutentor-list-item-wrap g-s-list-wrap\"><span class=\"gutentor-single-list-item-icon\"><i class=\"list-item-icon fas fa-angle-right\"><\/i><\/span><span class=\"gutentor-list-item\"><p class=\"gutentor-single-item-title\">Mostrar suficiente conocimiento de la historia de la m\u00fasica y de su contextualizaci\u00f3n, seg\u00fan el estilo.<\/p><\/span><\/span><\/span><\/li><li class=\"gutentor-list-item grid-lg-12 grid-md-12 grid-12\"><span class=\"gutentor-single-item gutentor-single-item-5\"><span class=\"gutentor-list-item-wrap g-s-list-wrap\"><span class=\"gutentor-single-list-item-icon\"><i class=\"list-item-icon fas fa-angle-right\"><\/i><\/span><span class=\"gutentor-list-item\"><p class=\"gutentor-single-item-title\">Mostrar el conocimiento y reconocimiento de aspectos t\u00e9cnicos y te\u00f3ricos asociados a una obra o fragmento musical (forma, melod\u00eda, armon\u00eda, textura, etc.).<\/p><\/span><\/span><\/span><\/li><li class=\"gutentor-list-item grid-lg-12 grid-md-12 grid-12\"><span class=\"gutentor-single-item gutentor-single-item-6\"><span class=\"gutentor-list-item-wrap g-s-list-wrap\"><span class=\"gutentor-single-list-item-icon\"><i class=\"list-item-icon fas fa-angle-right\"><\/i><\/span><span class=\"gutentor-list-item\"><p class=\"gutentor-single-item-title\">Saber esquematizar y organizar la informaci\u00f3n, saber argumentar y observar<\/p><\/span><\/span><\/span><\/li><li class=\"gutentor-list-item grid-lg-12 grid-md-12 grid-12\"><span class=\"gutentor-single-item gutentor-single-item-7\"><span class=\"gutentor-list-item-wrap g-s-list-wrap\"><span class=\"gutentor-single-list-item-icon\"><i class=\"list-item-icon fas fa-angle-right\"><\/i><\/span><span class=\"gutentor-list-item\"><p class=\"gutentor-single-item-title\">Mostrar coherencia en el uso de las herramientas anal\u00edticas y la terminolog\u00eda musical.<\/p><\/span><\/span><\/span><\/li><li class=\"gutentor-list-item grid-lg-12 grid-md-12 grid-12\"><span class=\"gutentor-single-item gutentor-single-item-8\"><span class=\"gutentor-list-item-wrap g-s-list-wrap\"><span class=\"gutentor-single-list-item-icon\"><i class=\"list-item-icon fas fa-angle-right\"><\/i><\/span><span class=\"gutentor-list-item\"><p class=\"gutentor-single-item-title\">Mostrar un dominio instrumental suficiente en la interpretaci\u00f3n musical.<\/p><\/span><\/span><\/span><\/li><li class=\"gutentor-list-item grid-lg-12 grid-md-12 grid-12\"><span class=\"gutentor-single-item gutentor-single-item-9\"><span class=\"gutentor-list-item-wrap g-s-list-wrap\"><span class=\"gutentor-single-list-item-icon\"><i class=\"list-item-icon fas fa-angle-right\"><\/i><\/span><span class=\"gutentor-list-item\"><p class=\"gutentor-single-item-title\">Mostrar comprensi\u00f3n musical suficiente y comunicaci\u00f3n de esa comprensi\u00f3n en la interpretaci\u00f3n musical.<\/p><\/span><\/span><\/span><\/li><\/ul><\/div>\n<\/div><\/div><\/div>\n\n\n\n<div id=\"a3cbb3\" class=\"wp-block-gutentor-m6-item section-a3cbb3 gutentor-module gutentor-module-accordion-item\"><div class=\"gutentor-module-accordion-panel g-a-panel-6c2383\"><div class=\"gm-ah-6c2383 gutentor-module-accordion-item-heading gutentor-module-icon-position-right\"><span class=\"gutentor-module-accordion-panel-handler\" role=\"button\"><span class=\"gutentor-module-accordion-panel-handler-label\"><strong>Capacidades<\/strong><\/span><span class=\"gutentor-module-accordion-icon\"><i class=\"gm-aio-6c2383 gutentor-module-accordion-icon-open fas fa-plus\"><\/i><i class=\"gm-aic-6c2383 gutentor-module-accordion-icon-close fas fa-minus\"><\/i><\/span><\/span><\/div><div class=\"gm-ab-6c2383 gutentor-module-accordion-body\">\n<div id=\"section-g1c8593\" class=\"wp-block-gutentor-e7 section-g1c8593 gutentor-element gutentor-element-list\"><ul class=\"grid-row gutentor-grid-item-wrap list-indicator-icon\"><li class=\"gutentor-list-item grid-lg-12 grid-md-12 grid-12\"><span class=\"gutentor-single-item gutentor-single-item-0\"><span class=\"gutentor-list-item-wrap g-s-list-wrap\"><span class=\"gutentor-single-list-item-icon\"><i class=\"list-item-icon fas fa-angle-right\"><\/i><\/span><span class=\"gutentor-list-item\"><p class=\"gutentor-single-item-title\">Mostrar capacidad de observaci\u00f3n y an\u00e1lisis de una situaci\u00f3n sonora, y capacidad de reflexi\u00f3n en torno al fen\u00f3meno sonoro entendido de forma amplia.<\/p><\/span><\/span><\/span><\/li><li class=\"gutentor-list-item grid-lg-12 grid-md-12 grid-12\"><span class=\"gutentor-single-item gutentor-single-item-1\"><span class=\"gutentor-list-item-wrap g-s-list-wrap\"><span class=\"gutentor-single-list-item-icon\"><i class=\"list-item-icon fas fa-angle-right\"><\/i><\/span><span class=\"gutentor-list-item\"><p class=\"gutentor-single-item-title\">Mostrar capacidad de trasladar y extrapolar la percepci\u00f3n auditiva a un nuevo contexto, la capacidad de razonamiento y justificaci\u00f3n.<\/p><\/span><\/span><\/span><\/li><li class=\"gutentor-list-item grid-lg-12 grid-md-12 grid-12\"><span class=\"gutentor-single-item gutentor-single-item-2\"><span class=\"gutentor-list-item-wrap g-s-list-wrap\"><span class=\"gutentor-single-list-item-icon\"><i class=\"list-item-icon fas fa-angle-right\"><\/i><\/span><span class=\"gutentor-list-item\"><p class=\"gutentor-single-item-title\">Mostrar capacidad de razonamiento y justificaci\u00f3n, coherencia en los razonamientos y capacidad de uso de terminolog\u00eda relacionada con la tecnolog\u00eda musical.<\/p><\/span><\/span><\/span><\/li><li class=\"gutentor-list-item grid-lg-12 grid-md-12 grid-12\"><span class=\"gutentor-single-item gutentor-single-item-3\"><span class=\"gutentor-list-item-wrap g-s-list-wrap\"><span class=\"gutentor-single-list-item-icon\"><i class=\"list-item-icon fas fa-angle-right\"><\/i><\/span><span class=\"gutentor-list-item\"><p class=\"gutentor-single-item-title\">Mostrar capacidad creativa e imaginativa en el uso y manipulaci\u00f3n del sonido.<\/p><\/span><\/span><\/span><\/li><li class=\"gutentor-list-item grid-lg-12 grid-md-12 grid-12\"><span class=\"gutentor-single-item gutentor-single-item-4\"><span class=\"gutentor-list-item-wrap g-s-list-wrap\"><span class=\"gutentor-single-list-item-icon\"><i class=\"list-item-icon fas fa-angle-right\"><\/i><\/span><span class=\"gutentor-list-item\"><p class=\"gutentor-single-item-title\">Mostrar capacidad de conectar y aplicar conocimientos y habilidades musicales en un contexto nuevo.<\/p><\/span><\/span><\/span><\/li><li class=\"gutentor-list-item grid-lg-12 grid-md-12 grid-12\"><span class=\"gutentor-single-item gutentor-single-item-5\"><span class=\"gutentor-list-item-wrap g-s-list-wrap\"><span class=\"gutentor-single-list-item-icon\"><i class=\"list-item-icon fas fa-angle-right\"><\/i><\/span><span class=\"gutentor-list-item\"><p class=\"gutentor-single-item-title\">Mostrar capacidad de explicaci\u00f3n y comunicaci\u00f3n.<\/p><\/span><\/span><\/span><\/li><li class=\"gutentor-list-item grid-lg-12 grid-md-12 grid-12\"><span class=\"gutentor-single-item gutentor-single-item-6\"><span class=\"gutentor-list-item-wrap g-s-list-wrap\"><span class=\"gutentor-single-list-item-icon\"><i class=\"list-item-icon fas fa-angle-right\"><\/i><\/span><span class=\"gutentor-list-item\"><p class=\"gutentor-single-item-title\">Mostrar capacidad de autoaprendizaje y superaci\u00f3n de limitaciones conceptuales y materiales a la hora de desarrollar un trabajo dado, y capacidad de formular demandas de informaci\u00f3n adecuadas.<\/p><\/span><\/span><\/span><\/li><\/ul><\/div>\n<\/div><\/div><\/div>\n<\/div><\/section>\n<\/div>\n<\/div>\n\n\n\n<p><\/p>\n","protected":false},"excerpt":{"rendered":"<p>Perfil de ingreso de estudiantes de Sonolog\u00eda<\/p>\n","protected":false},"author":4,"featured_media":0,"parent":31509,"menu_order":0,"comment_status":"closed","ping_status":"closed","template":"","meta":{"_acf_changed":false,"_themeisle_gutenberg_block_has_review":false,"footnotes":""},"categories":[1133],"tags":[],"class_list":["post-31574","page","type-page","status-publish","hentry","category-grau-es"],"acf":[],"publishpress_future_action":{"enabled":false,"date":"2026-04-25 00:04:11","action":"change-status","newStatus":"draft","terms":[],"taxonomy":"category","extraData":[]},"publishpress_future_workflow_manual_trigger":{"enabledWorkflows":[]},"_links":{"self":[{"href":"https:\/\/www.esmuc.cat\/es\/wp-json\/wp\/v2\/pages\/31574","targetHints":{"allow":["GET"]}}],"collection":[{"href":"https:\/\/www.esmuc.cat\/es\/wp-json\/wp\/v2\/pages"}],"about":[{"href":"https:\/\/www.esmuc.cat\/es\/wp-json\/wp\/v2\/types\/page"}],"author":[{"embeddable":true,"href":"https:\/\/www.esmuc.cat\/es\/wp-json\/wp\/v2\/users\/4"}],"replies":[{"embeddable":true,"href":"https:\/\/www.esmuc.cat\/es\/wp-json\/wp\/v2\/comments?post=31574"}],"version-history":[{"count":3,"href":"https:\/\/www.esmuc.cat\/es\/wp-json\/wp\/v2\/pages\/31574\/revisions"}],"predecessor-version":[{"id":77297,"href":"https:\/\/www.esmuc.cat\/es\/wp-json\/wp\/v2\/pages\/31574\/revisions\/77297"}],"up":[{"embeddable":true,"href":"https:\/\/www.esmuc.cat\/es\/wp-json\/wp\/v2\/pages\/31509"}],"wp:attachment":[{"href":"https:\/\/www.esmuc.cat\/es\/wp-json\/wp\/v2\/media?parent=31574"}],"wp:term":[{"taxonomy":"category","embeddable":true,"href":"https:\/\/www.esmuc.cat\/es\/wp-json\/wp\/v2\/categories?post=31574"},{"taxonomy":"post_tag","embeddable":true,"href":"https:\/\/www.esmuc.cat\/es\/wp-json\/wp\/v2\/tags?post=31574"}],"curies":[{"name":"wp","href":"https:\/\/api.w.org\/{rel}","templated":true}]}}