{"id":31541,"date":"2021-06-21T13:55:12","date_gmt":"2021-06-21T11:55:12","guid":{"rendered":"https:\/\/www.esmuc.cat\/grau\/acces-i-admissio\/proves-dacces\/models-dexercicis-de-la-part-b\/"},"modified":"2022-03-08T16:12:25","modified_gmt":"2022-03-08T15:12:25","slug":"models-dexercicis-de-la-part-b","status":"publish","type":"page","link":"https:\/\/www.esmuc.cat\/es\/estudios\/grau\/acces-i-admissio\/proves-dacces\/models-dexercicis-de-la-part-b\/","title":{"rendered":"Modelos de ejercicios de la Parte B"},"content":{"rendered":"\n<div class=\"wp-block-columns is-layout-flex wp-container-core-columns-is-layout-9d6595d7 wp-block-columns-is-layout-flex\">\n<div class=\"wp-block-column esmuc__Menu_Masters is-layout-flow wp-block-column-is-layout-flow\" style=\"flex-basis:33.33%\">\n\n<\/div>\n\n\n\n<div class=\"wp-block-column is-layout-flow wp-block-column-is-layout-flow\" style=\"flex-basis:66.66%\"><div class=\"breadcrumbs align  wp-block-bcn-breadcrumb-trail has-text-color has-background\" vocab=\"https:\/\/schema.org\/\" typeof=\"BreadcrumbList\">\n\t<span><\/span>\n\t<span property=\"itemListElement\" typeof=\"ListItem\"><a property=\"item\" typeof=\"WebPage\" title=\"Ir a ESMUC.\" href=\"https:\/\/www.esmuc.cat\/es\/\" class=\"home\" ><span property=\"name\">ESMUC<\/span><\/a><meta property=\"position\" content=\"1\"><\/span> &gt; <span property=\"itemListElement\" typeof=\"ListItem\"><a property=\"item\" typeof=\"WebPage\" title=\"Ir a Estudios.\" href=\"https:\/\/www.esmuc.cat\/es\/estudios\/\" class=\"post post-page\" ><span property=\"name\">Estudios<\/span><\/a><meta property=\"position\" content=\"2\"><\/span> &gt; <span property=\"itemListElement\" typeof=\"ListItem\"><a property=\"item\" typeof=\"WebPage\" title=\"Ir a Grado.\" href=\"https:\/\/www.esmuc.cat\/es\/estudios\/grau\/\" class=\"post post-page\" ><span property=\"name\">Grado<\/span><\/a><meta property=\"position\" content=\"3\"><\/span> &gt; <span property=\"itemListElement\" typeof=\"ListItem\"><a property=\"item\" typeof=\"WebPage\" title=\"Ir a Acceso y Admisi\u00f3n.\" href=\"https:\/\/www.esmuc.cat\/es\/estudios\/grau\/acces-i-admissio\/\" class=\"post post-page\" ><span property=\"name\">Acceso y Admisi\u00f3n<\/span><\/a><meta property=\"position\" content=\"4\"><\/span> &gt; <span property=\"itemListElement\" typeof=\"ListItem\"><a property=\"item\" typeof=\"WebPage\" title=\"Ir a Pruebas de acceso.\" href=\"https:\/\/www.esmuc.cat\/es\/estudios\/grau\/acces-i-admissio\/proves-dacces\/\" class=\"post post-page\" ><span property=\"name\">Pruebas de acceso<\/span><\/a><meta property=\"position\" content=\"5\"><\/span> &gt; <span property=\"itemListElement\" typeof=\"ListItem\"><span property=\"name\" class=\"post post-page current-item\">Modelos de ejercicios de la Parte B<\/span><meta property=\"url\" content=\"https:\/\/www.esmuc.cat\/es\/estudios\/grau\/acces-i-admissio\/proves-dacces\/models-dexercicis-de-la-part-b\/\"><meta property=\"position\" content=\"6\"><\/span><\/div>\n\n\n\n<h1 class=\"wp-block-heading\" id=\"models-d-exercicis-de-la-part-b\">Modelos de ejercicios de la Parte B<\/h1>\n\n\n\n<table id=\"tablepress-374\" class=\"tablepress tablepress-id-374 tbody-has-connected-cells\">\n<thead>\n<tr class=\"row-1\">\n\t<th class=\"column-1\">  \u00c1mbito<br \/>\n  <\/th><th class=\"column-2\">Ejercicios<br \/>\n  <\/th>\n<\/tr>\n<\/thead>\n<tbody class=\"row-striping row-hover\">\n<tr class=\"row-2\">\n\t<td rowspan=\"2\" class=\"column-1\">  Composici\u00f3n<br \/>\n  <\/td><td class=\"column-2\"><a href=\"https:\/\/www.esmuc.cat\/wp-content\/uploads\/2024\/12\/b1-composicio-escriptura-24-06.pdf\">B1 - Ejercicio de escritura <\/a><\/td>\n<\/tr>\n<tr class=\"row-3\">\n\t<td class=\"column-2\"><a href=\"https:\/\/www.esmuc.cat\/wp-content\/uploads\/2024\/12\/b2-composicio-instrumentacio-exercici-24-06.pdf\">B2 - Ejercicio de instrumentaci\u00f3n<\/a><br \/>\n<br \/>\n<a href=\"https:\/\/www.esmuc.cat\/wp-content\/uploads\/2024\/12\/b2-composicio-instrumentacio-partitura-24-06.pdf\">B2 - Ejercicio de instrumentaci\u00f3n - partitura<\/a><\/td>\n<\/tr>\n<tr class=\"row-4\">\n\t<td rowspan=\"3\" class=\"column-1\">  Direcci\u00f3n<br \/>\n  <\/td><td class=\"column-2\"><a href=\"https:\/\/www.esmuc.cat\/wp-content\/uploads\/2024\/12\/b4-direccio-harmonitzacio-instrumentacio-24-06.pdf\">B4 - Ejercicio de harmonizaci\u00f3n e instrumentaci\u00f3n <\/a><\/td>\n<\/tr>\n<tr class=\"row-5\">\n\t<td class=\"column-2\"><a href=\"https:\/\/www.esmuc.cat\/wp-content\/uploads\/2024\/12\/b5-direccio-reconeixement-auditiu-exercici-24-06.pdf\">B5 - Ejercicio de reconocimiento auditivo<\/a><br \/>\n<br \/>\n<a href=\"https:\/\/esmuc.sharepoint.com\/:u:\/s\/Secretariaacadmica\/ERWHmpOqEllHj2shCJ0B3hUBYSsGT9DS9enNloAp_IPiQA?e=wKj5qQ\">B5 - Audio - Reconocimiento diferencias entre partitura y ejecuci\u00f3n <\/a><\/td>\n<\/tr>\n<tr class=\"row-6\">\n\t<td class=\"column-2\"><a href=\"https:\/\/www.esmuc.cat\/wp-content\/uploads\/2024\/12\/b6-direccio-realitzacio-a-vista-reduccio-al-piano-22-06.pdf\">B6 - Ejercicio de realizaci\u00f3n a vista de reducci\u00f3n al piano<\/a><br \/>\n<br \/>\n<a href=\"https:\/\/www.esmuc.cat\/wp-content\/uploads\/2024\/12\/b6-direccio-realitzacio-a-vista-lectura-cantada-24-06.pdf\">B6 - Ejercicio de realizaci\u00f3n a vista: lectura cantada de una voz<\/a><\/td>\n<\/tr>\n<tr class=\"row-7\">\n\t<td class=\"column-1\">  Composici\u00f3n y Direcci\u00f3n<br \/>\n  <\/td><td class=\"column-2\"><a href=\"https:\/\/www.esmuc.cat\/wp-content\/uploads\/2024\/12\/b19-composicio-direccio-lectura-vista-piano-24-06.pdf\">B19 - Lectura a vista al piano <\/a><\/td>\n<\/tr>\n<tr class=\"row-8\">\n\t<td rowspan=\"2\" class=\"column-1\">  Musicolog\u00eda<br \/>\n  <\/td><td class=\"column-2\"><a href=\"https:\/\/www.esmuc.cat\/wp-content\/uploads\/2024\/12\/b7-musicologia-suposit-practic-24-06.pdf\">B7 - Supuesto pr\u00e1ctico<\/a><\/td>\n<\/tr>\n<tr class=\"row-9\">\n\t<td class=\"column-2\"><a href=\"https:\/\/www.esmuc.cat\/wp-content\/uploads\/2024\/12\/b8-musicologia-exposicio-oral-defensa-tema-24-06.pdf\">B8 - Exposici\u00f3n oral - Defensa oral de un tema de inter\u00e9s musicol\u00f3gico <\/a><br \/>\n<br \/>\n<a href=\"https:\/\/esmuc.sharepoint.com\/:b:\/s\/Secretariaacadmica\/Ec3nSIli2vNPt9vgULkArfcBWvJn4EDd9Yy2alyTCqJUOQ?e=LYgxqw\">B8 - Exposici\u00f3n oral - Defensa oral de un tema de inter\u00e9s musicol\u00f3gico-TEXTO<\/a><\/td>\n<\/tr>\n<tr class=\"row-10\">\n\t<td rowspan=\"2\" class=\"column-1\">  Pedagog\u00eda<br \/>\n  <\/td><td class=\"column-2\"><a href=\"https:\/\/www.esmuc.cat\/wp-content\/uploads\/2024\/12\/b9-pedagogia-tema-aprenentatge-musical-24-06.pdf\">B9 - Desarrollo de un tema sobre aprendizaje musical <\/a><\/td>\n<\/tr>\n<tr class=\"row-11\">\n\t<td class=\"column-2\"><a href=\"https:\/\/www.esmuc.cat\/wp-content\/uploads\/2024\/12\/b10-pedagogia-debat-tema-pedagogic-24-06.pdf\">B10 - Debate sobre un tema pedag\u00f3gico <\/a><\/td>\n<\/tr>\n<tr class=\"row-12\">\n\t<td rowspan=\"2\" class=\"column-1\">Producci\u00f3n y Gesti\u00f3n<br \/>\n  <\/td><td class=\"column-2\"><a href=\"https:\/\/www.esmuc.cat\/wp-content\/uploads\/2024\/12\/b20-produccio-i-gestio-comentari-de-text-24-06.pdf\">B20 - Comentario de texto<\/a><br \/>\n<br \/>\n<a href=\"https:\/\/www.esmuc.cat\/wp-content\/uploads\/2024\/12\/b20-produccio-i-gestio-text-catala-24-06.pdf\">B20 - Texto en catal\u00e1n<\/a><br \/>\n<br \/>\n<a href=\"https:\/\/www.esmuc.cat\/wp-content\/uploads\/2024\/12\/b20-produccio-i-gestio-text-castella-24-06.pdf\">B20 - Texto en castellano<\/a><\/td>\n<\/tr>\n<tr class=\"row-13\">\n\t<td class=\"column-2\"><a href=\"https:\/\/www.esmuc.cat\/wp-content\/uploads\/2024\/12\/b21-produccio-i-gestio-elaboracio-projecte-carta-24-06.pdf\">B21 - Elaboraci\u00f3n de un proyecto y carta de motivaci\u00f3n <\/a><\/td>\n<\/tr>\n<tr class=\"row-14\">\n\t<td class=\"column-1\">Sonolog\u00eda<\/td><td class=\"column-2\"><a href=\"https:\/\/www.esmuc.cat\/wp-content\/uploads\/2024\/12\/b13-sonologia-analisi-fragment-sonor-24-06.pdf\">B13 - An\u00e1lisis cr\u00edtica de un fragmento sonoro <\/a><\/td>\n<\/tr>\n<\/tbody>\n<\/table>\n<!-- #tablepress-374 from cache -->\n<\/div>\n<\/div>\n\n\n\n<p><\/p>\n","protected":false},"excerpt":{"rendered":"<p>Modelos de ejercicios de la Parte B<\/p>\n","protected":false},"author":4,"featured_media":0,"parent":30785,"menu_order":0,"comment_status":"closed","ping_status":"closed","template":"","meta":{"_acf_changed":false,"_themeisle_gutenberg_block_has_review":false,"footnotes":""},"categories":[1133],"tags":[],"class_list":["post-31541","page","type-page","status-publish","hentry","category-grau-es"],"acf":[],"publishpress_future_action":{"enabled":false,"date":"2026-04-25 10:33:49","action":"change-status","newStatus":"draft","terms":[],"taxonomy":"category","extraData":[]},"publishpress_future_workflow_manual_trigger":{"enabledWorkflows":[]},"_links":{"self":[{"href":"https:\/\/www.esmuc.cat\/es\/wp-json\/wp\/v2\/pages\/31541","targetHints":{"allow":["GET"]}}],"collection":[{"href":"https:\/\/www.esmuc.cat\/es\/wp-json\/wp\/v2\/pages"}],"about":[{"href":"https:\/\/www.esmuc.cat\/es\/wp-json\/wp\/v2\/types\/page"}],"author":[{"embeddable":true,"href":"https:\/\/www.esmuc.cat\/es\/wp-json\/wp\/v2\/users\/4"}],"replies":[{"embeddable":true,"href":"https:\/\/www.esmuc.cat\/es\/wp-json\/wp\/v2\/comments?post=31541"}],"version-history":[{"count":1,"href":"https:\/\/www.esmuc.cat\/es\/wp-json\/wp\/v2\/pages\/31541\/revisions"}],"predecessor-version":[{"id":31554,"href":"https:\/\/www.esmuc.cat\/es\/wp-json\/wp\/v2\/pages\/31541\/revisions\/31554"}],"up":[{"embeddable":true,"href":"https:\/\/www.esmuc.cat\/es\/wp-json\/wp\/v2\/pages\/30785"}],"wp:attachment":[{"href":"https:\/\/www.esmuc.cat\/es\/wp-json\/wp\/v2\/media?parent=31541"}],"wp:term":[{"taxonomy":"category","embeddable":true,"href":"https:\/\/www.esmuc.cat\/es\/wp-json\/wp\/v2\/categories?post=31541"},{"taxonomy":"post_tag","embeddable":true,"href":"https:\/\/www.esmuc.cat\/es\/wp-json\/wp\/v2\/tags?post=31541"}],"curies":[{"name":"wp","href":"https:\/\/api.w.org\/{rel}","templated":true}]}}