{"id":31509,"date":"2021-06-21T12:43:16","date_gmt":"2021-06-21T10:43:16","guid":{"rendered":"https:\/\/www.esmuc.cat\/grau\/acces-i-admissio\/proves-dacces\/exercicis-part-b-sonologia\/"},"modified":"2024-03-15T13:26:11","modified_gmt":"2024-03-15T12:26:11","slug":"exercicis-part-b-sonologia","status":"publish","type":"page","link":"https:\/\/www.esmuc.cat\/es\/estudios\/grau\/acces-i-admissio\/proves-dacces\/exercicis-part-b-sonologia\/","title":{"rendered":"Ejercicios Parte B &#8211; Sonolog\u00eda"},"content":{"rendered":"\n<div class=\"wp-block-columns is-layout-flex wp-container-core-columns-is-layout-9d6595d7 wp-block-columns-is-layout-flex\">\n<div class=\"wp-block-column esmuc__Menu_Masters is-layout-flow wp-block-column-is-layout-flow\" style=\"flex-basis:33.33%\">\n\n<\/div>\n\n\n\n<div class=\"wp-block-column is-layout-flow wp-block-column-is-layout-flow\" style=\"flex-basis:66.66%\"><div class=\"breadcrumbs align  wp-block-bcn-breadcrumb-trail has-text-color has-background\" vocab=\"https:\/\/schema.org\/\" typeof=\"BreadcrumbList\">\n\t<span><\/span>\n\t<span property=\"itemListElement\" typeof=\"ListItem\"><a property=\"item\" typeof=\"WebPage\" title=\"Ir a ESMUC.\" href=\"https:\/\/www.esmuc.cat\/es\/\" class=\"home\" ><span property=\"name\">ESMUC<\/span><\/a><meta property=\"position\" content=\"1\"><\/span> &gt; <span property=\"itemListElement\" typeof=\"ListItem\"><a property=\"item\" typeof=\"WebPage\" title=\"Ir a Estudios.\" href=\"https:\/\/www.esmuc.cat\/es\/estudios\/\" class=\"post post-page\" ><span property=\"name\">Estudios<\/span><\/a><meta property=\"position\" content=\"2\"><\/span> &gt; <span property=\"itemListElement\" typeof=\"ListItem\"><a property=\"item\" typeof=\"WebPage\" title=\"Ir a Grado.\" href=\"https:\/\/www.esmuc.cat\/es\/estudios\/grau\/\" class=\"post post-page\" ><span property=\"name\">Grado<\/span><\/a><meta property=\"position\" content=\"3\"><\/span> &gt; <span property=\"itemListElement\" typeof=\"ListItem\"><a property=\"item\" typeof=\"WebPage\" title=\"Ir a Acceso y Admisi\u00f3n.\" href=\"https:\/\/www.esmuc.cat\/es\/estudios\/grau\/acces-i-admissio\/\" class=\"post post-page\" ><span property=\"name\">Acceso y Admisi\u00f3n<\/span><\/a><meta property=\"position\" content=\"4\"><\/span> &gt; <span property=\"itemListElement\" typeof=\"ListItem\"><a property=\"item\" typeof=\"WebPage\" title=\"Ir a Pruebas de acceso.\" href=\"https:\/\/www.esmuc.cat\/es\/estudios\/grau\/acces-i-admissio\/proves-dacces\/\" class=\"post post-page\" ><span property=\"name\">Pruebas de acceso<\/span><\/a><meta property=\"position\" content=\"5\"><\/span> &gt; <span property=\"itemListElement\" typeof=\"ListItem\"><span property=\"name\" class=\"post post-page current-item\">Ejercicios Parte B &#8211; Sonolog\u00eda<\/span><meta property=\"url\" content=\"https:\/\/www.esmuc.cat\/es\/estudios\/grau\/acces-i-admissio\/proves-dacces\/exercicis-part-b-sonologia\/\"><meta property=\"position\" content=\"6\"><\/span><\/div>\n\n\n\n<h1 class=\"wp-block-heading\">Ejercicios Parte B &#8211; Sonolog\u00eda<\/h1>\n\n\n\n<div id=\"section-gcffcab\" class=\"wp-block-gutentor-e0 section-gcffcab gutentor-element gutentor-element-advanced-text\"><div class=\"gutentor-text-wrap\"><p class=\"gutentor-text\">En la especialidad de Sonolog\u00eda existen dos ejercicios.<\/p><\/div><\/div>\n\n\n\n<section id=\"e83423\" class=\"section-e83423 gutentor-module gutentor-module-accordion\"><div class=\"grid-container\">\n<div id=\"460df1\" class=\"wp-block-gutentor-m6-item section-460df1 gutentor-module gutentor-module-accordion-item\"><div class=\"gutentor-module-accordion-panel g-a-panel-e83423\"><div class=\"gm-ah-e83423 gutentor-module-accordion-item-heading gutentor-module-icon-position-right\"><span class=\"gutentor-module-accordion-panel-handler\" role=\"button\"><span class=\"gutentor-module-accordion-panel-handler-label\">B13.- An\u00e1lisis cr\u00edtico de un fragmento sonoro (45%)<\/span><span class=\"gutentor-module-accordion-icon\"><i class=\"gm-aio-e83423 gutentor-module-accordion-icon-open fas fa-plus\"><\/i><i class=\"gm-aic-e83423 gutentor-module-accordion-icon-close fas fa-minus\"><\/i><\/span><\/span><\/div><div class=\"gm-ab-e83423 gutentor-module-accordion-body\">\n<div id=\"section-gebec27\" class=\"wp-block-gutentor-e0 section-gebec27 gutentor-element gutentor-element-advanced-text\"><div class=\"gutentor-text-wrap\"><p class=\"gutentor-text\">Tiene por objetivo detectar la capacidad de observaci\u00f3n y an\u00e1lisis de una situaci\u00f3n sonora, la capacidad de trasladar y extrapolar la percepci\u00f3n auditiva a un nuevo contexto, la capacidad de razonamiento y de justificaci\u00f3n. A partir de la escucha con el ordenador del fragmento propuesto, y de su visualizaci\u00f3n en un editor de audio, habr\u00e1 que realizar un an\u00e1lisis cr\u00edtico, en el que se puede incluir texto, esquemas, partituras y\/o dibujos. Tambi\u00e9n debe responderse un breve cuestionario de entre 5 y 10 preguntas cortas. Para la realizaci\u00f3n del an\u00e1lisis, se dar\u00e1n unas indicaciones concretas y se dispondr\u00e1 de la ayuda de herramientas inform\u00e1ticas con el soporte de la comisi\u00f3n evaluadora.<\/p><\/div><\/div>\n\n\n\n<div id=\"section-g31a629\" class=\"wp-block-gutentor-e0 section-g31a629 gutentor-element gutentor-element-advanced-text\"><div class=\"gutentor-text-wrap\"><p class=\"gutentor-text\">Se valora la capacidad de observaci\u00f3n y el grado de reflexi\u00f3n en torno al fen\u00f3meno sonoro entendido de forma amplia, la coherencia en los razonamientos seguidos, la creatividad a la hora de encontrar soluciones, el uso de terminolog\u00eda relacionada con la tecnolog\u00eda musical.<\/p><\/div><\/div>\n\n\n\n<div id=\"section-gd62acd\" class=\"wp-block-gutentor-e0 section-gd62acd gutentor-element gutentor-element-advanced-text\"><div class=\"gutentor-text-wrap\"><p class=\"gutentor-text\">El tiempo m\u00e1ximo para realizar este ejercicio es de <strong>una hora.<\/strong><\/p><\/div><\/div>\n<\/div><\/div><\/div>\n\n\n\n<div id=\"7aaaa7\" class=\"wp-block-gutentor-m6-item section-7aaaa7 gutentor-module gutentor-module-accordion-item\"><div class=\"gutentor-module-accordion-panel g-a-panel-e83423\"><div class=\"gm-ah-e83423 gutentor-module-accordion-item-heading gutentor-module-icon-position-right\"><span class=\"gutentor-module-accordion-panel-handler\" role=\"button\"><span class=\"gutentor-module-accordion-panel-handler-label\">B14.- Resoluci\u00f3n de problemas (35%)<\/span><span class=\"gutentor-module-accordion-icon\"><i class=\"gm-aio-e83423 gutentor-module-accordion-icon-open fas fa-plus\"><\/i><i class=\"gm-aic-e83423 gutentor-module-accordion-icon-close fas fa-minus\"><\/i><\/span><\/span><\/div><div class=\"gm-ab-e83423 gutentor-module-accordion-body\">\n<div id=\"section-g74370a\" class=\"wp-block-gutentor-e0 section-g74370a gutentor-element gutentor-element-advanced-text\"><div class=\"gutentor-text-wrap\"><p class=\"gutentor-text\">Tiene por objetivo detectar la capacidad creativa en el uso y manipulaci\u00f3n del sonido, la capacidad de conectar y aplicar conocimientos y habilidades musicales en un nuevo contexto, y la capacidad de explicaci\u00f3n y comunicaci\u00f3n. Con esta finalidad habr\u00e1 que afrontar, con la ayuda y la supervisi\u00f3n de la comisi\u00f3n evaluadora, una serie de problemas o retos, con el apoyo tecnol\u00f3gico necesario. La comisi\u00f3n evaluadora estar\u00e1 a disposici\u00f3n para responder a dudas y necesidades de informaci\u00f3n para su resoluci\u00f3n.<\/p><\/div><\/div>\n\n\n\n<div id=\"section-g648a5c\" class=\"wp-block-gutentor-e0 section-g648a5c gutentor-element gutentor-element-advanced-text\"><div class=\"gutentor-text-wrap\"><p class=\"gutentor-text\">Se valora la creatividad a la hora de encontrar respuestas, la adecuaci\u00f3n de los medios a las posibilidades materiales al alcance del candidato, la capacidad de autoaprendizaje y superar las limitaciones conceptuales y materiales a la hora de resolver los problemas, y la de formular demandas de informaci\u00f3n.<\/p><\/div><\/div>\n\n\n\n<p>Como parte de esta prueba, el aspirante deber\u00e1 haber presentado previamente un escrito en el que se explica alg\u00fan proyecto en el que haya participado, relacionado con la Sonolog\u00eda (cualquier cosa que considere adecuada: grabaciones, producciones musicales, trabajo de investigaci\u00f3n, dise\u00f1os sonoros, dise\u00f1os de interfaces o dispositivos electr\u00f3nicos, interpretaciones con medios electr\u00f3nicos, \u2026) donde se describa el proyecto y se expliquen las motivaciones y decisiones tomadas.<\/p>\n\n\n\n<p>Alternativamente, tambi\u00e9n podr\u00e1 presentar una carta de motivaci\u00f3n con datos biogr\u00e1ficos, mencionando las principales cualidades personales que espera que sean valoradas en la fase de selecci\u00f3n.<\/p>\n\n\n\n<p>El escrito del proyecto o carta de motivaci\u00f3n se defender\u00e1 ante una comisi\u00f3n evaluadora, que podr\u00e1 pedir una ampliaci\u00f3n de los conceptos, planteamientos o motivaciones del escrito presentado.<\/p>\n\n\n\n<p>El escrito o bien la carta de motivaci\u00f3n tendr\u00e1 que tener una extensi\u00f3n m\u00e1xima de una hoja DIN A4 a 1,5 espacios, y deber\u00e1 ir acompa\u00f1ado, si se dispone, de un enlace web al registro audiovisual del proyecto: un v\u00eddeo, un audio, un blog, etc. No hace falta que el aspirante lleve nada f\u00edsicamente el d\u00eda de la prueba.<\/p>\n\n\n\n<p>Se valorar\u00e1 la motivaci\u00f3n, la capacidad de explicaci\u00f3n y comunicaci\u00f3n, y no la calidad sonora, musical o t\u00e9cnica del resultado del proyecto, ni la cantidad de actividades especificadas en la carta de motivaci\u00f3n, si la hubiere.<\/p>\n\n\n\n<div id=\"section-gb8f45d\" class=\"wp-block-gutentor-e0 section-gb8f45d gutentor-element gutentor-element-advanced-text\"><div class=\"gutentor-text-wrap\"><p class=\"gutentor-text\">El tiempo m\u00e1ximo para realizar el trabajo es de <strong>treinta minutos.<\/strong><\/p><\/div><\/div>\n<\/div><\/div><\/div>\n\n\n\n<div id=\"ee7de9\" class=\"wp-block-gutentor-m6-item section-ee7de9 gutentor-module gutentor-module-accordion-item\"><div class=\"gutentor-module-accordion-panel g-a-panel-e83423\"><div class=\"gm-ah-e83423 gutentor-module-accordion-item-heading gutentor-module-icon-position-right\"><span class=\"gutentor-module-accordion-panel-handler\" role=\"button\"><span class=\"gutentor-module-accordion-panel-handler-label\">B15.- Defensa oral de un proyecto o de una carta de motivaci\u00f3n (20%)<\/span><span class=\"gutentor-module-accordion-icon\"><i class=\"gm-aio-e83423 gutentor-module-accordion-icon-open fas fa-plus\"><\/i><i class=\"gm-aic-e83423 gutentor-module-accordion-icon-close fas fa-minus\"><\/i><\/span><\/span><\/div><div class=\"gm-ab-e83423 gutentor-module-accordion-body\">\n<p>Los d\u00edas previos a la prueba, el aspirante deber\u00e1 presentar un escrito mostrando alg\u00fan proyecto en el que haya participado, relacionado con la Sonolog\u00eda (cualquier cosa que considere: grabaciones, producciones musicales, trabajo de investigaci\u00f3n, dise\u00f1os sonoros, dise\u00f1os de interfaces o dispositivos electr\u00f3nicos, interpretaciones con medios electr\u00f3nicos, \u2026) donde se describa el proyecto y se expliquen las motivaciones y decisiones tomadas.<br>Alternativamente, tambi\u00e9n podr\u00e1 presentar una carta de motivaci\u00f3n con datos biogr\u00e1ficos, mencionando las principales cualidades personales que espera que sean valoradas en la fase de selecci\u00f3n.<\/p>\n\n\n\n<p>El escrito del proyecto o carta de motivaci\u00f3n se defender\u00e1 ante una comisi\u00f3n evaluadora, que podr\u00e1 pedir una ampliaci\u00f3n de los conceptos, planteamientos o motivaciones del escrito presentado.<\/p>\n\n\n\n<p>El escrito o la carta de motivaci\u00f3n deber\u00e1 tener una extensi\u00f3n m\u00e1xima de una hoja DIN A4 a 1,5 espacios, y deber\u00e1 ir acompa\u00f1ado, si se dispone, de un enlace web a un registro audiovisual del proyecto: v\u00eddeo, audio, blog, etc. No hace falta que el aspirante lleve nada f\u00edsicamente el d\u00eda de la prueba.<\/p>\n\n\n\n<p>Se valorar\u00e1 la motivaci\u00f3n, la capacidad de explicaci\u00f3n y comunicaci\u00f3n, no la calidad sonora, musical o t\u00e9cnica del resultado del proyecto, ni la cantidad de actividades especificadas si la hubiere.<br>El tiempo m\u00e1ximo para la defensa ser\u00e1 de <strong>diez minutos<\/strong>.<\/p>\n<\/div><\/div><\/div>\n<\/div><\/section>\n\n\n\n<div id=\"section-g3967a7\" class=\"wp-block-gutentor-e7 section-g3967a7 gutentor-element gutentor-element-list\"><ul class=\"grid-row gutentor-grid-item-wrap list-indicator-icon\"><li class=\"gutentor-list-item grid-lg-12 grid-md-12 grid-12\"><span class=\"gutentor-single-item gutentor-single-item-0\"><span class=\"gutentor-list-item-wrap g-s-list-wrap\"><span class=\"gutentor-single-list-item-icon\"><i class=\"list-item-icon fas fa-angle-right\"><\/i><\/span><span class=\"gutentor-list-item\"><p class=\"gutentor-single-item-title\"><a href=\"https:\/\/www.esmuc.cat\/es\/grau\/acces-i-admissio\/proves-dacces\/exercicis-part-b-sonologia\/perfil-dingres-dels-estudiants-de-sonologia\/\">Consulta el perfil de ingreso de estudiantes de Sonolog\u00eda<\/a><\/p><\/span><\/span><\/span><\/li><\/ul><\/div>\n<\/div>\n<\/div>\n\n\n\n<p><\/p>\n","protected":false},"excerpt":{"rendered":"<p>Ejercicios Parte B &#8211; Sonolog\u00eda<\/p>\n","protected":false},"author":4,"featured_media":0,"parent":30785,"menu_order":0,"comment_status":"closed","ping_status":"closed","template":"","meta":{"_acf_changed":false,"_themeisle_gutenberg_block_has_review":false,"footnotes":""},"categories":[1133],"tags":[],"class_list":["post-31509","page","type-page","status-publish","hentry","category-grau-es"],"acf":[],"publishpress_future_action":{"enabled":false,"date":"2026-04-25 10:33:49","action":"change-status","newStatus":"draft","terms":[],"taxonomy":"category","extraData":[]},"publishpress_future_workflow_manual_trigger":{"enabledWorkflows":[]},"_links":{"self":[{"href":"https:\/\/www.esmuc.cat\/es\/wp-json\/wp\/v2\/pages\/31509","targetHints":{"allow":["GET"]}}],"collection":[{"href":"https:\/\/www.esmuc.cat\/es\/wp-json\/wp\/v2\/pages"}],"about":[{"href":"https:\/\/www.esmuc.cat\/es\/wp-json\/wp\/v2\/types\/page"}],"author":[{"embeddable":true,"href":"https:\/\/www.esmuc.cat\/es\/wp-json\/wp\/v2\/users\/4"}],"replies":[{"embeddable":true,"href":"https:\/\/www.esmuc.cat\/es\/wp-json\/wp\/v2\/comments?post=31509"}],"version-history":[{"count":10,"href":"https:\/\/www.esmuc.cat\/es\/wp-json\/wp\/v2\/pages\/31509\/revisions"}],"predecessor-version":[{"id":93267,"href":"https:\/\/www.esmuc.cat\/es\/wp-json\/wp\/v2\/pages\/31509\/revisions\/93267"}],"up":[{"embeddable":true,"href":"https:\/\/www.esmuc.cat\/es\/wp-json\/wp\/v2\/pages\/30785"}],"wp:attachment":[{"href":"https:\/\/www.esmuc.cat\/es\/wp-json\/wp\/v2\/media?parent=31509"}],"wp:term":[{"taxonomy":"category","embeddable":true,"href":"https:\/\/www.esmuc.cat\/es\/wp-json\/wp\/v2\/categories?post=31509"},{"taxonomy":"post_tag","embeddable":true,"href":"https:\/\/www.esmuc.cat\/es\/wp-json\/wp\/v2\/tags?post=31509"}],"curies":[{"name":"wp","href":"https:\/\/api.w.org\/{rel}","templated":true}]}}