{"id":31508,"date":"2021-06-21T12:20:54","date_gmt":"2021-06-21T10:20:54","guid":{"rendered":"https:\/\/www.esmuc.cat\/grau\/acces-i-admissio\/proves-dacces\/exercicis-part-b-produccio-i-gestio\/"},"modified":"2024-03-15T13:16:43","modified_gmt":"2024-03-15T12:16:43","slug":"exercicis-part-b-produccio-i-gestio","status":"publish","type":"page","link":"https:\/\/www.esmuc.cat\/es\/estudios\/grau\/acces-i-admissio\/proves-dacces\/exercicis-part-b-produccio-i-gestio\/","title":{"rendered":"Ejercicios Parte B &#8211; Producci\u00f3n y Gesti\u00f3n"},"content":{"rendered":"\n<div class=\"wp-block-columns is-layout-flex wp-container-core-columns-is-layout-9d6595d7 wp-block-columns-is-layout-flex\">\n<div class=\"wp-block-column esmuc__Menu_Masters is-layout-flow wp-block-column-is-layout-flow\" style=\"flex-basis:33.33%\">\n\n<\/div>\n\n\n\n<div class=\"wp-block-column is-layout-flow wp-block-column-is-layout-flow\" style=\"flex-basis:66.66%\"><div class=\"breadcrumbs align  wp-block-bcn-breadcrumb-trail has-text-color has-background\" vocab=\"https:\/\/schema.org\/\" typeof=\"BreadcrumbList\">\n\t<span><\/span>\n\t<span property=\"itemListElement\" typeof=\"ListItem\"><a property=\"item\" typeof=\"WebPage\" title=\"Ir a ESMUC.\" href=\"https:\/\/www.esmuc.cat\/es\/\" class=\"home\" ><span property=\"name\">ESMUC<\/span><\/a><meta property=\"position\" content=\"1\"><\/span> &gt; <span property=\"itemListElement\" typeof=\"ListItem\"><a property=\"item\" typeof=\"WebPage\" title=\"Ir a Estudios.\" href=\"https:\/\/www.esmuc.cat\/es\/estudios\/\" class=\"post post-page\" ><span property=\"name\">Estudios<\/span><\/a><meta property=\"position\" content=\"2\"><\/span> &gt; <span property=\"itemListElement\" typeof=\"ListItem\"><a property=\"item\" typeof=\"WebPage\" title=\"Ir a Grado.\" href=\"https:\/\/www.esmuc.cat\/es\/estudios\/grau\/\" class=\"post post-page\" ><span property=\"name\">Grado<\/span><\/a><meta property=\"position\" content=\"3\"><\/span> &gt; <span property=\"itemListElement\" typeof=\"ListItem\"><a property=\"item\" typeof=\"WebPage\" title=\"Ir a Acceso y Admisi\u00f3n.\" href=\"https:\/\/www.esmuc.cat\/es\/estudios\/grau\/acces-i-admissio\/\" class=\"post post-page\" ><span property=\"name\">Acceso y Admisi\u00f3n<\/span><\/a><meta property=\"position\" content=\"4\"><\/span> &gt; <span property=\"itemListElement\" typeof=\"ListItem\"><a property=\"item\" typeof=\"WebPage\" title=\"Ir a Pruebas de acceso.\" href=\"https:\/\/www.esmuc.cat\/es\/estudios\/grau\/acces-i-admissio\/proves-dacces\/\" class=\"post post-page\" ><span property=\"name\">Pruebas de acceso<\/span><\/a><meta property=\"position\" content=\"5\"><\/span> &gt; <span property=\"itemListElement\" typeof=\"ListItem\"><span property=\"name\" class=\"post post-page current-item\">Ejercicios Parte B &#8211; Producci\u00f3n y Gesti\u00f3n<\/span><meta property=\"url\" content=\"https:\/\/www.esmuc.cat\/es\/estudios\/grau\/acces-i-admissio\/proves-dacces\/exercicis-part-b-produccio-i-gestio\/\"><meta property=\"position\" content=\"6\"><\/span><\/div>\n\n\n\n<h1 class=\"wp-block-heading\"><br>Ejercicios Parte B &#8211; Producci\u00f3n y Gesti\u00f3n<\/h1>\n\n\n\n<div id=\"section-g24b067\" class=\"wp-block-gutentor-e0 section-g24b067 gutentor-element gutentor-element-advanced-text\"><div class=\"gutentor-text-wrap\"><p class=\"gutentor-text\">En la especialidad de Producci\u00f3n y Gesti\u00f3n existen tres ejercicios.<\/p><\/div><\/div>\n\n\n\n<section id=\"1cbea8\" class=\"section-1cbea8 gutentor-module gutentor-module-accordion\"><div class=\"grid-container\">\n<div id=\"1609a3\" class=\"wp-block-gutentor-m6-item section-1609a3 gutentor-module gutentor-module-accordion-item\"><div class=\"gutentor-module-accordion-panel g-a-panel-1cbea8\"><div class=\"gm-ah-1cbea8 gutentor-module-accordion-item-heading gutentor-module-icon-position-right\"><span class=\"gutentor-module-accordion-panel-handler\" role=\"button\"><span class=\"gutentor-module-accordion-panel-handler-label\">B20.- Comentario de texto (35%)<\/span><span class=\"gutentor-module-accordion-icon\"><i class=\"gm-aio-1cbea8 gutentor-module-accordion-icon-open fas fa-plus\"><\/i><i class=\"gm-aic-1cbea8 gutentor-module-accordion-icon-close fas fa-minus\"><\/i><\/span><\/span><\/div><div class=\"gm-ab-1cbea8 gutentor-module-accordion-body\">\n<div id=\"section-g137765\" class=\"wp-block-gutentor-e0 section-g137765 gutentor-element gutentor-element-advanced-text\"><div class=\"gutentor-text-wrap\"><p class=\"gutentor-text\">Cada aspirante tendr\u00e1 que hacer el comentario de un texto de tema vinculado a un evento musical oa una cuesti\u00f3n relacionada con la gesti\u00f3n de las pol\u00edticas culturales del entorno musical, y responder por escrito a unas preguntas relacionadas con el texto.<\/p><\/div><\/div>\n\n\n\n<div id=\"section-gdc3858\" class=\"wp-block-gutentor-e0 section-gdc3858 gutentor-element gutentor-element-advanced-text\"><div class=\"gutentor-text-wrap\"><p class=\"gutentor-text\">Se valorar\u00e1 la capacidad de cada aspirante para recabar informaci\u00f3n sobre temas de actualidad vinculados a la especialidad, analizar el entorno desde una perspectiva global, entender la m\u00fasica como un fen\u00f3meno complejo y multidimensional, argumentar y organizar un discurso y expresar se correctamente por escrito.<\/p><\/div><\/div>\n<\/div><\/div><\/div>\n\n\n\n<div id=\"c68b0f\" class=\"wp-block-gutentor-m6-item section-c68b0f gutentor-module gutentor-module-accordion-item\"><div class=\"gutentor-module-accordion-panel g-a-panel-1cbea8\"><div class=\"gm-ah-1cbea8 gutentor-module-accordion-item-heading gutentor-module-icon-position-right\"><span class=\"gutentor-module-accordion-panel-handler\" role=\"button\"><span class=\"gutentor-module-accordion-panel-handler-label\">B21.- Elaboraci\u00f3n de un proyecto y carta de motivaci\u00f3n (30%)<\/span><span class=\"gutentor-module-accordion-icon\"><i class=\"gm-aio-1cbea8 gutentor-module-accordion-icon-open fas fa-plus\"><\/i><i class=\"gm-aic-1cbea8 gutentor-module-accordion-icon-close fas fa-minus\"><\/i><\/span><\/span><\/div><div class=\"gm-ab-1cbea8 gutentor-module-accordion-body\">\n<div id=\"section-g019436\" class=\"wp-block-gutentor-e0 section-g019436 gutentor-element gutentor-element-advanced-text\"><div class=\"gutentor-text-wrap\"><p class=\"gutentor-text\"><br>A partir de unas premisas que haremos llegar a las personas inscritas, elaborar y redactar <strong>un proyecto<\/strong> y enviarlo en el plazo indicado. La extensi\u00f3n m\u00e1xima ser\u00e1 de 4 folios\u00a0DIN\u00a0A4, a 1,5 espacios.<\/p><\/div><\/div>\n\n\n\n<div id=\"section-g1bb0e0\" class=\"wp-block-gutentor-e0 section-g1bb0e0 gutentor-element gutentor-element-advanced-text\"><div class=\"gutentor-text-wrap\"><p class=\"gutentor-text\">Se valorar\u00e1 la capacidad de cada aspirante para organizar un proyecto musical a partir de los datos que se le ofrezcan y para expresar por escrito sus decisiones.<\/p><\/div><\/div>\n\n\n\n<div id=\"section-gcb44a1\" class=\"wp-block-gutentor-e0 section-gcb44a1 gutentor-element gutentor-element-advanced-text\"><div class=\"gutentor-text-wrap\"><p class=\"gutentor-text\">Adem\u00e1s, es necesario presentar una <strong>carta de motivaci\u00f3n<\/strong>, con datos biogr\u00e1ficos, mencionando las principales cualidades personales que espera que sean valoradas en la fase de selecci\u00f3n. Extensi\u00f3n: 1 hoja DIN A4 en 1,5 espacios.<\/p><\/div><\/div>\n<\/div><\/div><\/div>\n\n\n\n<div id=\"71c4ff\" class=\"wp-block-gutentor-m6-item section-71c4ff gutentor-module gutentor-module-accordion-item\"><div class=\"gutentor-module-accordion-panel g-a-panel-1cbea8\"><div class=\"gm-ah-1cbea8 gutentor-module-accordion-item-heading gutentor-module-icon-position-right\"><span class=\"gutentor-module-accordion-panel-handler\" role=\"button\"><span class=\"gutentor-module-accordion-panel-handler-label\">B22.- Presentaci\u00f3n proyecto y entrevista (35%)<\/span><span class=\"gutentor-module-accordion-icon\"><i class=\"gm-aio-1cbea8 gutentor-module-accordion-icon-open fas fa-plus\"><\/i><i class=\"gm-aic-1cbea8 gutentor-module-accordion-icon-close fas fa-minus\"><\/i><\/span><\/span><\/div><div class=\"gm-ab-1cbea8 gutentor-module-accordion-body\">\n<div id=\"section-g80a096\" class=\"wp-block-gutentor-e0 section-g80a096 gutentor-element gutentor-element-advanced-text\"><div class=\"gutentor-text-wrap\"><p class=\"gutentor-text\">Presentaci\u00f3n y defensa oral del proyecto frente a una comisi\u00f3n evaluadora. El tiempo para la defensa es de 10 minutos. A continuaci\u00f3n, la comisi\u00f3n evaluadora podr\u00e1 solicitar una ampliaci\u00f3n de los conceptos y planteamientos de la parte escrita del proyecto o bien de la carta de motivaci\u00f3n.<\/p><\/div><\/div>\n\n\n\n<p>Se valorar\u00e1, adem\u00e1s de los contenidos expuestos, la capacidad de cada aspirante para reaccionar con destreza frente a las preguntas de la comisi\u00f3n evaluadora y para expresar oralmente sus decisiones y planteamientos.<\/p>\n<\/div><\/div><\/div>\n\n\n\n<div id=\"5918ab\" class=\"wp-block-gutentor-m6-item section-5918ab gutentor-module gutentor-module-accordion-item\"><div class=\"gutentor-module-accordion-panel g-a-panel-1cbea8\"><div class=\"gm-ah-1cbea8 gutentor-module-accordion-item-heading gutentor-module-icon-position-right\"><span class=\"gutentor-module-accordion-panel-handler\" role=\"button\"><span class=\"gutentor-module-accordion-panel-handler-label\">Valoraci\u00f3n de los ejercicios de la especialidad de Producci\u00f3n y Gesti\u00f3n<\/span><span class=\"gutentor-module-accordion-icon\"><i class=\"gm-aio-1cbea8 gutentor-module-accordion-icon-open fas fa-plus\"><\/i><i class=\"gm-aic-1cbea8 gutentor-module-accordion-icon-close fas fa-minus\"><\/i><\/span><\/span><\/div><div class=\"gm-ab-1cbea8 gutentor-module-accordion-body\">\n<section id=\"gmf2ea194\" class=\"wp-block-gutentor-m3 section-gmf2ea194 gutentor-module gutentor-container-cover\"><div class=\"grid-container\">\n<table id=\"tablepress-372\" class=\"tablepress tablepress-id-372\">\n<thead>\n<tr class=\"row-1\">\n\t<th colspan=\"3\" class=\"column-1\"> Part B Producci\u00f3n y Gesti\u00f3n<br \/>\n  <\/th>\n<\/tr>\n<\/thead>\n<tbody class=\"row-striping row-hover\">\n<tr class=\"row-2\">\n\t<td class=\"column-1\">B20<\/td><td class=\"column-2\">Comentario de texto<\/td><td class=\"column-3\">35%<\/td>\n<\/tr>\n<tr class=\"row-3\">\n\t<td class=\"column-1\">B21<\/td><td class=\"column-2\">Elaboraci\u00f3n de un proyecto<\/td><td class=\"column-3\">30%<\/td>\n<\/tr>\n<tr class=\"row-4\">\n\t<td class=\"column-1\">B22<\/td><td class=\"column-2\">Presentaci\u00f3n proyecto y entrevista<\/td><td class=\"column-3\">35%<\/td>\n<\/tr>\n<\/tbody>\n<\/table>\n<!-- #tablepress-372 from cache -->\n<\/div><\/section>\n<\/div><\/div><\/div>\n<\/div><\/section>\n\n\n\n<div id=\"section-g2fdc5f\" class=\"wp-block-gutentor-e7 section-g2fdc5f gutentor-element gutentor-element-list\"><ul class=\"grid-row gutentor-grid-item-wrap list-indicator-icon\"><li class=\"gutentor-list-item grid-lg-12 grid-md-12 grid-12\"><span class=\"gutentor-single-item gutentor-single-item-0\"><span class=\"gutentor-list-item-wrap g-s-list-wrap\"><span class=\"gutentor-single-list-item-icon\"><i class=\"list-item-icon fas fa-angle-right\"><\/i><\/span><span class=\"gutentor-list-item\"><p class=\"gutentor-single-item-title\"><a href=\"https:\/\/www.esmuc.cat\/estudis\/grau\/acces-i-admissio\/proves-dacces\/exercicis-part-b-produccio-i-gestio\/perfil-dingres-dels-estudiants-de-produccio-i-gestio\/\">Consulta el perfil de ingreso de estudiantes de Producci\u00f3n y Gesti\u00f3n<\/a><\/p><\/span><\/span><\/span><\/li><\/ul><\/div>\n<\/div>\n<\/div>\n\n\n\n<p><\/p>\n","protected":false},"excerpt":{"rendered":"<p>Ejercicios Parte B &#8211; Producci\u00f3n y Gesti\u00f3n<\/p>\n","protected":false},"author":4,"featured_media":0,"parent":30785,"menu_order":0,"comment_status":"closed","ping_status":"closed","template":"","meta":{"_acf_changed":false,"_themeisle_gutenberg_block_has_review":false,"footnotes":""},"categories":[1133],"tags":[],"class_list":["post-31508","page","type-page","status-publish","hentry","category-grau-es"],"acf":[],"publishpress_future_action":{"enabled":false,"date":"2026-04-28 14:54:04","action":"change-status","newStatus":"draft","terms":[],"taxonomy":"category","extraData":[]},"publishpress_future_workflow_manual_trigger":{"enabledWorkflows":[]},"_links":{"self":[{"href":"https:\/\/www.esmuc.cat\/es\/wp-json\/wp\/v2\/pages\/31508","targetHints":{"allow":["GET"]}}],"collection":[{"href":"https:\/\/www.esmuc.cat\/es\/wp-json\/wp\/v2\/pages"}],"about":[{"href":"https:\/\/www.esmuc.cat\/es\/wp-json\/wp\/v2\/types\/page"}],"author":[{"embeddable":true,"href":"https:\/\/www.esmuc.cat\/es\/wp-json\/wp\/v2\/users\/4"}],"replies":[{"embeddable":true,"href":"https:\/\/www.esmuc.cat\/es\/wp-json\/wp\/v2\/comments?post=31508"}],"version-history":[{"count":7,"href":"https:\/\/www.esmuc.cat\/es\/wp-json\/wp\/v2\/pages\/31508\/revisions"}],"predecessor-version":[{"id":93256,"href":"https:\/\/www.esmuc.cat\/es\/wp-json\/wp\/v2\/pages\/31508\/revisions\/93256"}],"up":[{"embeddable":true,"href":"https:\/\/www.esmuc.cat\/es\/wp-json\/wp\/v2\/pages\/30785"}],"wp:attachment":[{"href":"https:\/\/www.esmuc.cat\/es\/wp-json\/wp\/v2\/media?parent=31508"}],"wp:term":[{"taxonomy":"category","embeddable":true,"href":"https:\/\/www.esmuc.cat\/es\/wp-json\/wp\/v2\/categories?post=31508"},{"taxonomy":"post_tag","embeddable":true,"href":"https:\/\/www.esmuc.cat\/es\/wp-json\/wp\/v2\/tags?post=31508"}],"curies":[{"name":"wp","href":"https:\/\/api.w.org\/{rel}","templated":true}]}}