{"id":31475,"date":"2021-06-21T11:53:43","date_gmt":"2021-06-21T09:53:43","guid":{"rendered":"https:\/\/www.esmuc.cat\/grau\/acces-i-admissio\/proves-dacces\/exercicis-part-b-musicologia\/"},"modified":"2023-03-24T10:49:46","modified_gmt":"2023-03-24T09:49:46","slug":"exercicis-part-b-musicologia","status":"publish","type":"page","link":"https:\/\/www.esmuc.cat\/es\/estudios\/grau\/acces-i-admissio\/proves-dacces\/exercicis-part-b-musicologia\/","title":{"rendered":"Ejercicios Parte B &#8211; Musicolog\u00eda"},"content":{"rendered":"\n<div class=\"wp-block-columns is-layout-flex wp-container-core-columns-is-layout-9d6595d7 wp-block-columns-is-layout-flex\">\n<div class=\"wp-block-column esmuc__Menu_Masters is-layout-flow wp-block-column-is-layout-flow\" style=\"flex-basis:33.33%\">\n\n<\/div>\n\n\n\n<div class=\"wp-block-column is-layout-flow wp-block-column-is-layout-flow\" style=\"flex-basis:66.66%\"><div class=\"breadcrumbs align  wp-block-bcn-breadcrumb-trail has-text-color has-background\" vocab=\"https:\/\/schema.org\/\" typeof=\"BreadcrumbList\">\n\t<span><\/span>\n\t<span property=\"itemListElement\" typeof=\"ListItem\"><a property=\"item\" typeof=\"WebPage\" title=\"Ir a ESMUC.\" href=\"https:\/\/www.esmuc.cat\/es\/\" class=\"home\" ><span property=\"name\">ESMUC<\/span><\/a><meta property=\"position\" content=\"1\"><\/span> &gt; <span property=\"itemListElement\" typeof=\"ListItem\"><a property=\"item\" typeof=\"WebPage\" title=\"Ir a Estudios.\" href=\"https:\/\/www.esmuc.cat\/es\/estudios\/\" class=\"post post-page\" ><span property=\"name\">Estudios<\/span><\/a><meta property=\"position\" content=\"2\"><\/span> &gt; <span property=\"itemListElement\" typeof=\"ListItem\"><a property=\"item\" typeof=\"WebPage\" title=\"Ir a Grado.\" href=\"https:\/\/www.esmuc.cat\/es\/estudios\/grau\/\" class=\"post post-page\" ><span property=\"name\">Grado<\/span><\/a><meta property=\"position\" content=\"3\"><\/span> &gt; <span property=\"itemListElement\" typeof=\"ListItem\"><a property=\"item\" typeof=\"WebPage\" title=\"Ir a Acceso y Admisi\u00f3n.\" href=\"https:\/\/www.esmuc.cat\/es\/estudios\/grau\/acces-i-admissio\/\" class=\"post post-page\" ><span property=\"name\">Acceso y Admisi\u00f3n<\/span><\/a><meta property=\"position\" content=\"4\"><\/span> &gt; <span property=\"itemListElement\" typeof=\"ListItem\"><a property=\"item\" typeof=\"WebPage\" title=\"Ir a Pruebas de acceso.\" href=\"https:\/\/www.esmuc.cat\/es\/estudios\/grau\/acces-i-admissio\/proves-dacces\/\" class=\"post post-page\" ><span property=\"name\">Pruebas de acceso<\/span><\/a><meta property=\"position\" content=\"5\"><\/span> &gt; <span property=\"itemListElement\" typeof=\"ListItem\"><span property=\"name\" class=\"post post-page current-item\">Ejercicios Parte B &#8211; Musicolog\u00eda<\/span><meta property=\"url\" content=\"https:\/\/www.esmuc.cat\/es\/estudios\/grau\/acces-i-admissio\/proves-dacces\/exercicis-part-b-musicologia\/\"><meta property=\"position\" content=\"6\"><\/span><\/div>\n\n\n\n<h1 class=\"wp-block-heading\">Ejercicios Parte B &#8211; Musicolog\u00eda<\/h1>\n\n\n\n<div id=\"section-g7adaaa\" class=\"wp-block-gutentor-e0 section-g7adaaa gutentor-element gutentor-element-advanced-text\"><div class=\"gutentor-text-wrap\"><p class=\"gutentor-text\">En la especialidad de Musicolog\u00eda hay dos ejercicios.<\/p><\/div><\/div>\n\n\n\n<section id=\"cd97ae\" class=\"section-cd97ae gutentor-module gutentor-module-accordion\"><div class=\"grid-container\">\n<div id=\"3a1287\" class=\"wp-block-gutentor-m6-item section-3a1287 gutentor-module gutentor-module-accordion-item\"><div class=\"gutentor-module-accordion-panel g-a-panel-cd97ae\"><div class=\"gm-ah-cd97ae gutentor-module-accordion-item-heading gutentor-module-icon-position-right\"><span class=\"gutentor-module-accordion-panel-handler\" role=\"button\"><span class=\"gutentor-module-accordion-panel-handler-label\">B7.- Supuesto pr\u00e1ctico (45%)<\/span><span class=\"gutentor-module-accordion-icon\"><i class=\"gm-aio-cd97ae gutentor-module-accordion-icon-open fas fa-plus\"><\/i><i class=\"gm-aic-cd97ae gutentor-module-accordion-icon-close fas fa-minus\"><\/i><\/span><\/span><\/div><div class=\"gm-ab-cd97ae gutentor-module-accordion-body\">\n<div id=\"section-g2c83f3\" class=\"wp-block-gutentor-e0 section-g2c83f3 gutentor-element gutentor-element-advanced-text\"><div class=\"gutentor-text-wrap\"><p class=\"gutentor-text\">Presentaci\u00f3n de una experiencia o situaci\u00f3n musical concreta planteada mediante una proyecci\u00f3n audiovisual o bien de un texto escrito, sobre la que deber\u00e1 responderse a un cuestionario tipo test, o bien en forma de redacci\u00f3n muy breve.<\/p><\/div><\/div>\n\n\n\n<div id=\"section-gc7577c\" class=\"wp-block-gutentor-e0 section-gc7577c gutentor-element gutentor-element-advanced-text\"><div class=\"gutentor-text-wrap\"><p class=\"gutentor-text\">Se valora la capacidad de la persona candidata para comprender e interpretar una situaci\u00f3n musical no familiar, extraer informaci\u00f3n concreta de un documento, analizar y jerarquizar la informaci\u00f3n, relacionar conceptos y contextualizar situaciones musicales y repertorios.<\/p><\/div><\/div>\n\n\n\n<div id=\"section-g6c46ef\" class=\"wp-block-gutentor-e0 section-g6c46ef gutentor-element gutentor-element-advanced-text\"><div class=\"gutentor-text-wrap\"><p class=\"gutentor-text\">El tiempo m\u00e1ximo para realizar este ejercicio es de <strong>una hora y treinta minutos<\/strong>.<\/p><\/div><\/div>\n<\/div><\/div><\/div>\n\n\n\n<div id=\"01a330\" class=\"wp-block-gutentor-m6-item section-01a330 gutentor-module gutentor-module-accordion-item\"><div class=\"gutentor-module-accordion-panel g-a-panel-cd97ae\"><div class=\"gm-ah-cd97ae gutentor-module-accordion-item-heading gutentor-module-icon-position-right\"><span class=\"gutentor-module-accordion-panel-handler\" role=\"button\"><span class=\"gutentor-module-accordion-panel-handler-label\">B8.- Exposici\u00f3n oral (55%)<\/span><span class=\"gutentor-module-accordion-icon\"><i class=\"gm-aio-cd97ae gutentor-module-accordion-icon-open fas fa-plus\"><\/i><i class=\"gm-aic-cd97ae gutentor-module-accordion-icon-close fas fa-minus\"><\/i><\/span><\/span><\/div><div class=\"gm-ab-cd97ae gutentor-module-accordion-body\">\n<div id=\"section-g8c75a3\" class=\"wp-block-gutentor-e0 section-g8c75a3 gutentor-element gutentor-element-advanced-text\"><div class=\"gutentor-text-wrap\"><p class=\"gutentor-text\">Consta de dos partes.<\/p><\/div><\/div>\n\n\n\n<div id=\"section-gbae181\" class=\"wp-block-gutentor-e0 section-gbae181 gutentor-element gutentor-element-advanced-text\"><div class=\"gutentor-text-wrap\"><p class=\"gutentor-text\">1- <strong>Exposici\u00f3n oral de un tema<\/strong> libre relacionado con la historia de la m\u00fasica, el arte y la cultura, y con la musicolog\u00eda en general. Habr\u00e1 que entregar a la comisi\u00f3n evaluadora, por triplicado, un gui\u00f3n del tema que se expondr\u00e1. Este gui\u00f3n, de un m\u00e1ximo de dos p\u00e1ginas, debe incluir un t\u00edtulo, una breve descripci\u00f3n del tema, las fuentes y las referencias bibliogr\u00e1ficas utilizadas.<\/p><\/div><\/div>\n\n\n\n<div id=\"section-g218d49\" class=\"wp-block-gutentor-e0 section-g218d49 gutentor-element gutentor-element-advanced-text\"><div class=\"gutentor-text-wrap\"><p class=\"gutentor-text\">Se dispone de un tiempo m\u00e1ximo de <strong>diez minutos<\/strong> para la exposici\u00f3n.<\/p><\/div><\/div>\n\n\n\n<div id=\"section-ga00eef\" class=\"wp-block-gutentor-e0 section-ga00eef gutentor-element gutentor-element-advanced-text\"><div class=\"gutentor-text-wrap\"><p class=\"gutentor-text\">Se valorar\u00e1 la expresi\u00f3n oral y escrita, la capacidad de argumentar y exponer sint\u00e9ticamente un tema, y \u200b\u200bla utilizaci\u00f3n de soportes escritos, visuales, sonoros y audiovisuales.<\/p><\/div><\/div>\n\n\n\n<div id=\"section-g4b4adf\" class=\"wp-block-gutentor-e0 section-g4b4adf gutentor-element gutentor-element-advanced-text\"><div class=\"gutentor-text-wrap\"><p class=\"gutentor-text\">2- <strong>Defensa oral de un tema de inter\u00e9s <\/strong>musicol\u00f3gico a partir de algunas acotaciones de contenido que le ser\u00e1n dadas previamente por la comisi\u00f3n evaluadora.<\/p><\/div><\/div>\n\n\n\n<div id=\"section-g3f4d1b\" class=\"wp-block-gutentor-e0 section-g3f4d1b gutentor-element gutentor-element-advanced-text\"><div class=\"gutentor-text-wrap\"><p class=\"gutentor-text\">El\/la aspirante dispondr\u00e1 de <strong>veinte minutos<\/strong> para prepararse el tema y cinco minutos para la defensa. La comisi\u00f3n evaluadora podr\u00e1 solicitar al aspirante la ampliaci\u00f3n y concreci\u00f3n del discurso defendido.<\/p><\/div><\/div>\n\n\n\n<div id=\"section-g40d66d\" class=\"wp-block-gutentor-e0 section-g40d66d gutentor-element gutentor-element-advanced-text\"><div class=\"gutentor-text-wrap\"><p class=\"gutentor-text\">Se valorar\u00e1 la expresi\u00f3n oral, la elaboraci\u00f3n cr\u00edtica de un discurso, la capacidad de conectar y relacionar sus conocimientos de historia de la m\u00fasica, del arte y de la cultura con el tema dado.<\/p><\/div><\/div>\n<\/div><\/div><\/div>\n\n\n\n<div id=\"987984\" class=\"wp-block-gutentor-m6-item section-987984 gutentor-module gutentor-module-accordion-item\"><div class=\"gutentor-module-accordion-panel g-a-panel-cd97ae\"><div class=\"gm-ah-cd97ae gutentor-module-accordion-item-heading gutentor-module-icon-position-right\"><span class=\"gutentor-module-accordion-panel-handler\" role=\"button\"><span class=\"gutentor-module-accordion-panel-handler-label\">Valoraci\u00f3n de los ejercicios de la especialidad de Musicolog\u00eda<\/span><span class=\"gutentor-module-accordion-icon\"><i class=\"gm-aio-cd97ae gutentor-module-accordion-icon-open fas fa-plus\"><\/i><i class=\"gm-aic-cd97ae gutentor-module-accordion-icon-close fas fa-minus\"><\/i><\/span><\/span><\/div><div class=\"gm-ab-cd97ae gutentor-module-accordion-body\">\n<section id=\"gm8a020a0\" class=\"wp-block-gutentor-m3 section-gm8a020a0 gutentor-module gutentor-container-cover\"><div class=\"grid-container\">\n<table id=\"tablepress-369\" class=\"tablepress tablepress-id-369\">\n<thead>\n<tr class=\"row-1\">\n\t<th colspan=\"3\" class=\"column-1\">Parte B Musicolog\u00eda<br \/>\n  <\/th>\n<\/tr>\n<\/thead>\n<tbody class=\"row-striping row-hover\">\n<tr class=\"row-2\">\n\t<td class=\"column-1\">B7<\/td><td class=\"column-2\">Supuesto pr\u00e1ctico<\/td><td class=\"column-3\">45%<\/td>\n<\/tr>\n<tr class=\"row-3\">\n\t<td class=\"column-1\">B8<\/td><td class=\"column-2\">Exposici\u00f3n oral<\/td><td class=\"column-3\">55%<\/td>\n<\/tr>\n<\/tbody>\n<\/table>\n<!-- #tablepress-369 from cache -->\n<\/div><\/section>\n<\/div><\/div><\/div>\n<\/div><\/section>\n\n\n\n<div id=\"section-gdf0d82\" class=\"wp-block-gutentor-e7 section-gdf0d82 gutentor-element gutentor-element-list\"><ul class=\"grid-row gutentor-grid-item-wrap list-indicator-icon\"><li class=\"gutentor-list-item grid-lg-12 grid-md-12 grid-12\"><span class=\"gutentor-single-item gutentor-single-item-0\"><span class=\"gutentor-list-item-wrap g-s-list-wrap\"><span class=\"gutentor-single-list-item-icon\"><i class=\"list-item-icon fas fa-angle-right\"><\/i><\/span><span class=\"gutentor-list-item\"><p class=\"gutentor-single-item-title\"><a href=\"https:\/\/www.esmuc.cat\/es\/grau\/acces-i-admissio\/proves-dacces\/exercicis-part-b-musicologia\/perfil-dingres-dels-estudiants-de-musicologia\/\">Consulta el perfil de ingreso de estudiantes de Musicolog\u00eda<\/a><\/p><\/span><\/span><\/span><\/li><\/ul><\/div>\n<\/div>\n<\/div>\n\n\n\n<p><\/p>\n","protected":false},"excerpt":{"rendered":"<p>Ejercicios Parte B &#8211; Musicolog\u00eda<\/p>\n","protected":false},"author":4,"featured_media":0,"parent":30785,"menu_order":0,"comment_status":"closed","ping_status":"closed","template":"","meta":{"_acf_changed":false,"_themeisle_gutenberg_block_has_review":false,"footnotes":""},"categories":[1133],"tags":[],"class_list":["post-31475","page","type-page","status-publish","hentry","category-grau-es"],"acf":[],"publishpress_future_action":{"enabled":false,"date":"2026-04-28 14:57:23","action":"change-status","newStatus":"draft","terms":[],"taxonomy":"category","extraData":[]},"publishpress_future_workflow_manual_trigger":{"enabledWorkflows":[]},"_links":{"self":[{"href":"https:\/\/www.esmuc.cat\/es\/wp-json\/wp\/v2\/pages\/31475","targetHints":{"allow":["GET"]}}],"collection":[{"href":"https:\/\/www.esmuc.cat\/es\/wp-json\/wp\/v2\/pages"}],"about":[{"href":"https:\/\/www.esmuc.cat\/es\/wp-json\/wp\/v2\/types\/page"}],"author":[{"embeddable":true,"href":"https:\/\/www.esmuc.cat\/es\/wp-json\/wp\/v2\/users\/4"}],"replies":[{"embeddable":true,"href":"https:\/\/www.esmuc.cat\/es\/wp-json\/wp\/v2\/comments?post=31475"}],"version-history":[{"count":4,"href":"https:\/\/www.esmuc.cat\/es\/wp-json\/wp\/v2\/pages\/31475\/revisions"}],"predecessor-version":[{"id":77333,"href":"https:\/\/www.esmuc.cat\/es\/wp-json\/wp\/v2\/pages\/31475\/revisions\/77333"}],"up":[{"embeddable":true,"href":"https:\/\/www.esmuc.cat\/es\/wp-json\/wp\/v2\/pages\/30785"}],"wp:attachment":[{"href":"https:\/\/www.esmuc.cat\/es\/wp-json\/wp\/v2\/media?parent=31475"}],"wp:term":[{"taxonomy":"category","embeddable":true,"href":"https:\/\/www.esmuc.cat\/es\/wp-json\/wp\/v2\/categories?post=31475"},{"taxonomy":"post_tag","embeddable":true,"href":"https:\/\/www.esmuc.cat\/es\/wp-json\/wp\/v2\/tags?post=31475"}],"curies":[{"name":"wp","href":"https:\/\/api.w.org\/{rel}","templated":true}]}}