{"id":31474,"date":"2021-06-21T11:39:09","date_gmt":"2021-06-21T09:39:09","guid":{"rendered":"https:\/\/www.esmuc.cat\/grau\/acces-i-admissio\/proves-dacces\/exercicis-part-b-direccio\/"},"modified":"2024-05-08T13:19:06","modified_gmt":"2024-05-08T11:19:06","slug":"exercicis-part-b-direccio","status":"publish","type":"page","link":"https:\/\/www.esmuc.cat\/es\/estudios\/grau\/acces-i-admissio\/proves-dacces\/exercicis-part-b-direccio\/","title":{"rendered":"Ejercicios Parte B &#8211; Direcci\u00f3n"},"content":{"rendered":"\n<div class=\"wp-block-columns is-layout-flex wp-container-core-columns-is-layout-9d6595d7 wp-block-columns-is-layout-flex\">\n<div class=\"wp-block-column esmuc__Menu_Masters is-layout-flow wp-block-column-is-layout-flow\" style=\"flex-basis:33.33%\">\n\n<\/div>\n\n\n\n<div class=\"wp-block-column is-layout-flow wp-block-column-is-layout-flow\" style=\"flex-basis:66.66%\"><div class=\"breadcrumbs align  wp-block-bcn-breadcrumb-trail has-text-color has-background\" vocab=\"https:\/\/schema.org\/\" typeof=\"BreadcrumbList\">\n\t<span><\/span>\n\t<span property=\"itemListElement\" typeof=\"ListItem\"><a property=\"item\" typeof=\"WebPage\" title=\"Ir a ESMUC.\" href=\"https:\/\/www.esmuc.cat\/es\/\" class=\"home\" ><span property=\"name\">ESMUC<\/span><\/a><meta property=\"position\" content=\"1\"><\/span> &gt; <span property=\"itemListElement\" typeof=\"ListItem\"><a property=\"item\" typeof=\"WebPage\" title=\"Ir a Estudios.\" href=\"https:\/\/www.esmuc.cat\/es\/estudios\/\" class=\"post post-page\" ><span property=\"name\">Estudios<\/span><\/a><meta property=\"position\" content=\"2\"><\/span> &gt; <span property=\"itemListElement\" typeof=\"ListItem\"><a property=\"item\" typeof=\"WebPage\" title=\"Ir a Grado.\" href=\"https:\/\/www.esmuc.cat\/es\/estudios\/grau\/\" class=\"post post-page\" ><span property=\"name\">Grado<\/span><\/a><meta property=\"position\" content=\"3\"><\/span> &gt; <span property=\"itemListElement\" typeof=\"ListItem\"><a property=\"item\" typeof=\"WebPage\" title=\"Ir a Acceso y Admisi\u00f3n.\" href=\"https:\/\/www.esmuc.cat\/es\/estudios\/grau\/acces-i-admissio\/\" class=\"post post-page\" ><span property=\"name\">Acceso y Admisi\u00f3n<\/span><\/a><meta property=\"position\" content=\"4\"><\/span> &gt; <span property=\"itemListElement\" typeof=\"ListItem\"><a property=\"item\" typeof=\"WebPage\" title=\"Ir a Pruebas de acceso.\" href=\"https:\/\/www.esmuc.cat\/es\/estudios\/grau\/acces-i-admissio\/proves-dacces\/\" class=\"post post-page\" ><span property=\"name\">Pruebas de acceso<\/span><\/a><meta property=\"position\" content=\"5\"><\/span> &gt; <span property=\"itemListElement\" typeof=\"ListItem\"><span property=\"name\" class=\"post post-page current-item\">Ejercicios Parte B &#8211; Direcci\u00f3n<\/span><meta property=\"url\" content=\"https:\/\/www.esmuc.cat\/es\/estudios\/grau\/acces-i-admissio\/proves-dacces\/exercicis-part-b-direccio\/\"><meta property=\"position\" content=\"6\"><\/span><\/div>\n\n\n\n<h1 class=\"wp-block-heading\">Ejercicios Parte B &#8211; Direcci\u00f3n<\/h1>\n\n\n\n<div id=\"section-g7ee995\" class=\"wp-block-gutentor-e0 section-g7ee995 gutentor-element gutentor-element-advanced-text\"><div class=\"gutentor-text-wrap\"><p class=\"gutentor-text\">En la especialidad de Direcci\u00f3n existen cuatro ejercicios.<\/p><\/div><\/div>\n\n\n\n<section id=\"df7bcb\" class=\"section-df7bcb gutentor-module gutentor-module-accordion\"><div class=\"grid-container\">\n<div id=\"b00e3a\" class=\"wp-block-gutentor-m6-item section-b00e3a gutentor-module gutentor-module-accordion-item\"><div class=\"gutentor-module-accordion-panel g-a-panel-df7bcb\"><div class=\"gm-ah-df7bcb gutentor-module-accordion-item-heading gutentor-module-icon-position-right\"><span class=\"gutentor-module-accordion-panel-handler\" role=\"button\"><span class=\"gutentor-module-accordion-panel-handler-label\">B4.- Ejercicio de armonizaci\u00f3n e instrumentaci\u00f3n (30%)<\/span><span class=\"gutentor-module-accordion-icon\"><i class=\"gm-aio-df7bcb gutentor-module-accordion-icon-open fas fa-plus\"><\/i><i class=\"gm-aic-df7bcb gutentor-module-accordion-icon-close fas fa-minus\"><\/i><\/span><\/span><\/div><div class=\"gm-ab-df7bcb gutentor-module-accordion-body\">\n<div id=\"section-gdc9a08\" class=\"wp-block-gutentor-e0 section-gdc9a08 gutentor-element gutentor-element-advanced-text\"><div class=\"gutentor-text-wrap\"><p class=\"gutentor-text\">Conlleva dos partes: una primera de armonizaci\u00f3n a cuatro voces de un bajo y\/o una melod\u00eda dadas, de no m\u00e1s de 8 compases, y una segunda de instrumentaci\u00f3n de la armonizaci\u00f3n de la primera parte, para una formaci\u00f3n instrumental dada.<\/p><\/div><\/div>\n\n\n\n<div id=\"section-gb1c66e\" class=\"wp-block-gutentor-e0 section-gb1c66e gutentor-element gutentor-element-advanced-text\"><div class=\"gutentor-text-wrap\"><p class=\"gutentor-text\">Se valora la correcci\u00f3n de los encadenamientos arm\u00f3nicos y de la conducci\u00f3n de las voces, el sentido de frase, las modulaciones y la adecuaci\u00f3n arm\u00f3nica al contexto de la voz dada, en el caso del primer ejercicio, y el correcto uso de los instrumentos, la idoneidad de sus frases y del registro empleado en cada caso, las din\u00e1micas y tipos de ataque, y la correcci\u00f3n en las partes transportadas en el caso de instrumentos transpositores, la adecuaci\u00f3n y equilibrio de las combinaciones instrumentales y el sentido estructural de la instrumentaci\u00f3n propuesta, en el caso del segundo ejercicio.<\/p><\/div><\/div>\n\n\n\n<div id=\"section-g905bc1\" class=\"wp-block-gutentor-e0 section-g905bc1 gutentor-element gutentor-element-advanced-text\"><div class=\"gutentor-text-wrap\"><p class=\"gutentor-text\">El tiempo m\u00e1ximo para realizar este ejercicio es de una hora y treinta minutos.<\/p><\/div><\/div>\n<\/div><\/div><\/div>\n\n\n\n<div id=\"ee23cd\" class=\"wp-block-gutentor-m6-item section-ee23cd gutentor-module gutentor-module-accordion-item\"><div class=\"gutentor-module-accordion-panel g-a-panel-df7bcb\"><div class=\"gm-ah-df7bcb gutentor-module-accordion-item-heading gutentor-module-icon-position-right\"><span class=\"gutentor-module-accordion-panel-handler\" role=\"button\"><span class=\"gutentor-module-accordion-panel-handler-label\">B5.- Ejercicio de reconocimiento auditivo (20%)<\/span><span class=\"gutentor-module-accordion-icon\"><i class=\"gm-aio-df7bcb gutentor-module-accordion-icon-open fas fa-plus\"><\/i><i class=\"gm-aic-df7bcb gutentor-module-accordion-icon-close fas fa-minus\"><\/i><\/span><\/span><\/div><div class=\"gm-ab-df7bcb gutentor-module-accordion-body\">\n<div id=\"section-g315802\" class=\"wp-block-gutentor-e0 section-g315802 gutentor-element gutentor-element-advanced-text\"><div class=\"gutentor-text-wrap\"><p class=\"gutentor-text\">Consiste en un ejercicio de reconocimiento de acordes y un ejercicio de reconocimiento de errores a partir de la audici\u00f3n con notas cambiadas de una partitura dada. Se valoran las capacidades auditivas del candidato, que constituyen un aspecto fundamental en esta especialidad, en el reconocimiento de los elementos y contextos propuestos.<\/p><\/div><\/div>\n\n\n\n<div id=\"section-gaf9c42\" class=\"wp-block-gutentor-e0 section-gaf9c42 gutentor-element gutentor-element-advanced-text\"><div class=\"gutentor-text-wrap\"><p class=\"gutentor-text\">Este apartado tendr\u00e1 una duraci\u00f3n m\u00e1xima de <strong>quince minutos.<\/strong><\/p><\/div><\/div>\n<\/div><\/div><\/div>\n\n\n\n<div id=\"88a795\" class=\"wp-block-gutentor-m6-item section-88a795 gutentor-module gutentor-module-accordion-item\"><div class=\"gutentor-module-accordion-panel g-a-panel-df7bcb\"><div class=\"gm-ah-df7bcb gutentor-module-accordion-item-heading gutentor-module-icon-position-right\"><span class=\"gutentor-module-accordion-panel-handler\" role=\"button\"><span class=\"gutentor-module-accordion-panel-handler-label\">B6.- Ejercicio de realizaci\u00f3n a vista (30%)<\/span><span class=\"gutentor-module-accordion-icon\"><i class=\"gm-aio-df7bcb gutentor-module-accordion-icon-open fas fa-plus\"><\/i><i class=\"gm-aic-df7bcb gutentor-module-accordion-icon-close fas fa-minus\"><\/i><\/span><\/span><\/div><div class=\"gm-ab-df7bcb gutentor-module-accordion-body\">\n<div id=\"section-gf123d3\" class=\"wp-block-gutentor-e0 section-gf123d3 gutentor-element gutentor-element-advanced-text\"><div class=\"gutentor-text-wrap\"><p class=\"gutentor-text\">Las personas aspirantes a la especialidad de Direcci\u00f3n deben realizar un ejercicio de reducci\u00f3n al piano de una partitura para orquesta, de no m\u00e1s de ocho compases, con una plantilla de cuerda m\u00e1s alg\u00fan instrumento de viento, incluidos los transpositores, y adem\u00e1s deben poder cantar una voz de una obra o fragmento coral, de no m\u00e1s de ocho compases, que tambi\u00e9n se les facilitar\u00e1.<\/p><\/div><\/div>\n\n\n\n<div id=\"section-g5bb6bd\" class=\"wp-block-gutentor-e0 section-g5bb6bd gutentor-element gutentor-element-advanced-text\"><div class=\"gutentor-text-wrap\"><p class=\"gutentor-text\"><\/p><\/div><\/div>\n\n\n\n<div id=\"section-g3a7f83\" class=\"wp-block-gutentor-e0 section-g3a7f83 gutentor-element gutentor-element-advanced-text\"><div class=\"gutentor-text-wrap\"><p class=\"gutentor-text\">El\/la aspirante dispondr\u00e1 de\u00a0<strong>quince minutos<\/strong>\u00a0para la preparaci\u00f3n de la lectura de la obra o fragmento musical.<\/p><\/div><\/div>\n\n\n\n<div id=\"section-g31dcb6\" class=\"wp-block-gutentor-e0 section-g31dcb6 gutentor-element gutentor-element-advanced-text\"><div class=\"gutentor-text-wrap\"><p class=\"gutentor-text\">La comisi\u00f3n evaluadora podr\u00e1 dar indicaciones musicales sobre la realizaci\u00f3n, y sobre cuestiones generales vinculadas a la especialidad, a las que deber\u00e1 responder el aspirante. Se valora la capacidad de afinaci\u00f3n y entonaci\u00f3n y la capacidad de extraer y tocar la informaci\u00f3n musical principal. Se valorar\u00e1n tambi\u00e9n las capacidades r\u00edtmicas y de fraseo, as\u00ed como la capacidad de reacci\u00f3n y adecuaci\u00f3n a las indicaciones de la comisi\u00f3n evaluadora.<br><br>Tambi\u00e9n deber\u00e1n mantener una entrevista con la comisi\u00f3n evaluadora sobre cultura musical.<\/p><\/div><\/div>\n<\/div><\/div><\/div>\n\n\n\n<div id=\"cf5634\" class=\"wp-block-gutentor-m6-item section-cf5634 gutentor-module gutentor-module-accordion-item\"><div class=\"gutentor-module-accordion-panel g-a-panel-df7bcb\"><div class=\"gm-ah-df7bcb gutentor-module-accordion-item-heading gutentor-module-icon-position-right\"><span class=\"gutentor-module-accordion-panel-handler\" role=\"button\"><span class=\"gutentor-module-accordion-panel-handler-label\">B19.- Lectura a la vista en el piano (20%)<\/span><span class=\"gutentor-module-accordion-icon\"><i class=\"gm-aio-df7bcb gutentor-module-accordion-icon-open fas fa-plus\"><\/i><i class=\"gm-aic-df7bcb gutentor-module-accordion-icon-close fas fa-minus\"><\/i><\/span><\/span><\/div><div class=\"gm-ab-df7bcb gutentor-module-accordion-body\">\n<div id=\"section-gdb71a4\" class=\"wp-block-gutentor-e0 section-gdb71a4 gutentor-element gutentor-element-advanced-text\"><div class=\"gutentor-text-wrap\"><p class=\"gutentor-text\">Tiene por objetivo detectar la capacidad de lectura y seguimiento pian\u00edstico de una partitura (r\u00edtmica, m\u00e9trica, din\u00e1micas, fraseo), la capacidad de reacci\u00f3n y la inmediatez musical.<\/p><\/div><\/div>\n\n\n\n<div id=\"section-gd42de9\" class=\"wp-block-gutentor-e0 section-gd42de9 gutentor-element gutentor-element-advanced-text\"><div class=\"gutentor-text-wrap\"><p class=\"gutentor-text\">El\/la aspirante dispone de <strong>quince minutos<\/strong> para la preparaci\u00f3n de la lectura de una peque\u00f1a pieza o fragmento musical, que tendr\u00e1 que tocar.<\/p><\/div><\/div>\n\n\n\n<div id=\"section-g1cff26\" class=\"wp-block-gutentor-e0 section-g1cff26 gutentor-element gutentor-element-advanced-text\"><div class=\"gutentor-text-wrap\"><p class=\"gutentor-text\">Se valora la aptitud de lectura y comprensi\u00f3n de un texto musical y su realizaci\u00f3n en el piano. La comisi\u00f3n evaluadora tendr\u00e1 en cuenta la capacidad del candidato para aproximarse y confeccionar sentido musical al fragmento.<\/p><\/div><\/div>\n<\/div><\/div><\/div>\n\n\n\n<div id=\"a712e9\" class=\"wp-block-gutentor-m6-item section-a712e9 gutentor-module gutentor-module-accordion-item\"><div class=\"gutentor-module-accordion-panel g-a-panel-df7bcb\"><div class=\"gm-ah-df7bcb gutentor-module-accordion-item-heading gutentor-module-icon-position-right\"><span class=\"gutentor-module-accordion-panel-handler\" role=\"button\"><span class=\"gutentor-module-accordion-panel-handler-label\">Valoraci\u00f3n de los ejercicios de la especialidad de Direcci\u00f3n<\/span><span class=\"gutentor-module-accordion-icon\"><i class=\"gm-aio-df7bcb gutentor-module-accordion-icon-open fas fa-plus\"><\/i><i class=\"gm-aic-df7bcb gutentor-module-accordion-icon-close fas fa-minus\"><\/i><\/span><\/span><\/div><div class=\"gm-ab-df7bcb gutentor-module-accordion-body\">\n<section id=\"gmd52652c\" class=\"wp-block-gutentor-m3 section-gmd52652c gutentor-module gutentor-container-cover\"><div class=\"grid-container\">\n<table id=\"tablepress-368\" class=\"tablepress tablepress-id-368\">\n<thead>\n<tr class=\"row-1\">\n\t<th colspan=\"3\" class=\"column-1\">Parte B Direcci\u00f3n<\/th>\n<\/tr>\n<\/thead>\n<tbody class=\"row-striping row-hover\">\n<tr class=\"row-2\">\n\t<td class=\"column-1\">B4<br \/>\n  <\/td><td class=\"column-2\">Armonizaci\u00f3n e instrumentaci\u00f3n<br \/>\n  <\/td><td class=\"column-3\">30%<\/td>\n<\/tr>\n<tr class=\"row-3\">\n\t<td class=\"column-1\">B5<\/td><td class=\"column-2\">Reconocimiento auditivo<\/td><td class=\"column-3\">20%<\/td>\n<\/tr>\n<tr class=\"row-4\">\n\t<td class=\"column-1\">B6<\/td><td class=\"column-2\">Realizaci\u00f3n a vista<\/td><td class=\"column-3\">30%<\/td>\n<\/tr>\n<tr class=\"row-5\">\n\t<td class=\"column-1\">B19<\/td><td class=\"column-2\">Lectura a la vista en el piano<\/td><td class=\"column-3\">20%<\/td>\n<\/tr>\n<\/tbody>\n<\/table>\n<!-- #tablepress-368 from cache -->\n<\/div><\/section>\n<\/div><\/div><\/div>\n<\/div><\/section>\n\n\n\n<div id=\"section-gb82b1e\" class=\"wp-block-gutentor-e7 section-gb82b1e gutentor-element gutentor-element-list\"><ul class=\"grid-row gutentor-grid-item-wrap list-indicator-icon\"><li class=\"gutentor-list-item grid-lg-12 grid-md-12 grid-12\"><span class=\"gutentor-single-item gutentor-single-item-0\"><span class=\"gutentor-list-item-wrap g-s-list-wrap\"><span class=\"gutentor-single-list-item-icon\"><i class=\"list-item-icon fas fa-angle-right\"><\/i><\/span><span class=\"gutentor-list-item\"><p class=\"gutentor-single-item-title\"><a href=\"https:\/\/www.esmuc.cat\/es\/grau\/acces-i-admissio\/proves-dacces\/exercicis-part-b-direccio\/perfil-dingres-dels-estudiants-de-direccio\/\">Consulta el perfil de ingreso de estudiantes de Direcci\u00f3n<\/a><\/p><\/span><\/span><\/span><\/li><\/ul><\/div>\n<\/div>\n<\/div>\n\n\n\n<p><\/p>\n","protected":false},"excerpt":{"rendered":"<p>Ejercicios Parte B &#8211; Direcci\u00f3n<\/p>\n","protected":false},"author":4,"featured_media":0,"parent":30785,"menu_order":0,"comment_status":"closed","ping_status":"closed","template":"","meta":{"_acf_changed":false,"_themeisle_gutenberg_block_has_review":false,"footnotes":""},"categories":[1133],"tags":[],"class_list":["post-31474","page","type-page","status-publish","hentry","category-grau-es"],"acf":[],"publishpress_future_action":{"enabled":false,"date":"2026-04-18 10:39:32","action":"change-status","newStatus":"draft","terms":[],"taxonomy":"category","extraData":[]},"publishpress_future_workflow_manual_trigger":{"enabledWorkflows":[]},"_links":{"self":[{"href":"https:\/\/www.esmuc.cat\/es\/wp-json\/wp\/v2\/pages\/31474","targetHints":{"allow":["GET"]}}],"collection":[{"href":"https:\/\/www.esmuc.cat\/es\/wp-json\/wp\/v2\/pages"}],"about":[{"href":"https:\/\/www.esmuc.cat\/es\/wp-json\/wp\/v2\/types\/page"}],"author":[{"embeddable":true,"href":"https:\/\/www.esmuc.cat\/es\/wp-json\/wp\/v2\/users\/4"}],"replies":[{"embeddable":true,"href":"https:\/\/www.esmuc.cat\/es\/wp-json\/wp\/v2\/comments?post=31474"}],"version-history":[{"count":7,"href":"https:\/\/www.esmuc.cat\/es\/wp-json\/wp\/v2\/pages\/31474\/revisions"}],"predecessor-version":[{"id":95948,"href":"https:\/\/www.esmuc.cat\/es\/wp-json\/wp\/v2\/pages\/31474\/revisions\/95948"}],"up":[{"embeddable":true,"href":"https:\/\/www.esmuc.cat\/es\/wp-json\/wp\/v2\/pages\/30785"}],"wp:attachment":[{"href":"https:\/\/www.esmuc.cat\/es\/wp-json\/wp\/v2\/media?parent=31474"}],"wp:term":[{"taxonomy":"category","embeddable":true,"href":"https:\/\/www.esmuc.cat\/es\/wp-json\/wp\/v2\/categories?post=31474"},{"taxonomy":"post_tag","embeddable":true,"href":"https:\/\/www.esmuc.cat\/es\/wp-json\/wp\/v2\/tags?post=31474"}],"curies":[{"name":"wp","href":"https:\/\/api.w.org\/{rel}","templated":true}]}}