{"id":31450,"date":"2021-06-21T10:45:19","date_gmt":"2021-06-21T08:45:19","guid":{"rendered":"https:\/\/www.esmuc.cat\/grau\/acces-i-admissio\/proves-dacces\/exercicis-part-b-composicio\/"},"modified":"2023-03-24T10:24:29","modified_gmt":"2023-03-24T09:24:29","slug":"exercicis-part-b-composicio","status":"publish","type":"page","link":"https:\/\/www.esmuc.cat\/es\/estudios\/grau\/acces-i-admissio\/proves-dacces\/exercicis-part-b-composicio\/","title":{"rendered":"Ejercicios Parte B &#8211; Composici\u00f3n"},"content":{"rendered":"\n<div class=\"wp-block-columns is-layout-flex wp-container-core-columns-is-layout-9d6595d7 wp-block-columns-is-layout-flex\">\n<div class=\"wp-block-column esmuc__Menu_Masters is-layout-flow wp-block-column-is-layout-flow\" style=\"flex-basis:33.33%\">\n\n<\/div>\n\n\n\n<div class=\"wp-block-column is-layout-flow wp-block-column-is-layout-flow\" style=\"flex-basis:66.66%\"><div class=\"breadcrumbs align  wp-block-bcn-breadcrumb-trail has-text-color has-background\" vocab=\"https:\/\/schema.org\/\" typeof=\"BreadcrumbList\">\n\t<span><\/span>\n\t<span property=\"itemListElement\" typeof=\"ListItem\"><a property=\"item\" typeof=\"WebPage\" title=\"Ir a ESMUC.\" href=\"https:\/\/www.esmuc.cat\/es\/\" class=\"home\" ><span property=\"name\">ESMUC<\/span><\/a><meta property=\"position\" content=\"1\"><\/span> &gt; <span property=\"itemListElement\" typeof=\"ListItem\"><a property=\"item\" typeof=\"WebPage\" title=\"Ir a Estudios.\" href=\"https:\/\/www.esmuc.cat\/es\/estudios\/\" class=\"post post-page\" ><span property=\"name\">Estudios<\/span><\/a><meta property=\"position\" content=\"2\"><\/span> &gt; <span property=\"itemListElement\" typeof=\"ListItem\"><a property=\"item\" typeof=\"WebPage\" title=\"Ir a Grado.\" href=\"https:\/\/www.esmuc.cat\/es\/estudios\/grau\/\" class=\"post post-page\" ><span property=\"name\">Grado<\/span><\/a><meta property=\"position\" content=\"3\"><\/span> &gt; <span property=\"itemListElement\" typeof=\"ListItem\"><a property=\"item\" typeof=\"WebPage\" title=\"Ir a Acceso y Admisi\u00f3n.\" href=\"https:\/\/www.esmuc.cat\/es\/estudios\/grau\/acces-i-admissio\/\" class=\"post post-page\" ><span property=\"name\">Acceso y Admisi\u00f3n<\/span><\/a><meta property=\"position\" content=\"4\"><\/span> &gt; <span property=\"itemListElement\" typeof=\"ListItem\"><a property=\"item\" typeof=\"WebPage\" title=\"Ir a Pruebas de acceso.\" href=\"https:\/\/www.esmuc.cat\/es\/estudios\/grau\/acces-i-admissio\/proves-dacces\/\" class=\"post post-page\" ><span property=\"name\">Pruebas de acceso<\/span><\/a><meta property=\"position\" content=\"5\"><\/span> &gt; <span property=\"itemListElement\" typeof=\"ListItem\"><span property=\"name\" class=\"post post-page current-item\">Ejercicios Parte B &#8211; Composici\u00f3n<\/span><meta property=\"url\" content=\"https:\/\/www.esmuc.cat\/es\/estudios\/grau\/acces-i-admissio\/proves-dacces\/exercicis-part-b-composicio\/\"><meta property=\"position\" content=\"6\"><\/span><\/div>\n\n\n\n<h1 class=\"wp-block-heading\"><br>Ejercicios Parte B &#8211; Composici\u00f3n<\/h1>\n\n\n\n<div id=\"section-g362d82\" class=\"wp-block-gutentor-e0 section-g362d82 gutentor-element gutentor-element-advanced-text\"><div class=\"gutentor-text-wrap\"><p class=\"gutentor-text\">En la especialidad de Composici\u00f3n existen cuatro ejercicios.<\/p><\/div><\/div>\n\n\n\n<section id=\"02d7f5\" class=\"section-02d7f5 gutentor-module gutentor-module-accordion\"><div class=\"grid-container\">\n<div id=\"5471b8\" class=\"wp-block-gutentor-m6-item section-5471b8 gutentor-module gutentor-module-accordion-item\"><div class=\"gutentor-module-accordion-panel g-a-panel-02d7f5\"><div class=\"gm-ah-02d7f5 gutentor-module-accordion-item-heading gutentor-module-icon-position-right\"><span class=\"gutentor-module-accordion-panel-handler\" role=\"button\"><span class=\"gutentor-module-accordion-panel-handler-label\">B1.- Ejercicio de escritura (40%)<\/span><span class=\"gutentor-module-accordion-icon\"><i class=\"gm-aio-02d7f5 gutentor-module-accordion-icon-open fas fa-plus\"><\/i><i class=\"gm-aic-02d7f5 gutentor-module-accordion-icon-close fas fa-minus\"><\/i><\/span><\/span><\/div><div class=\"gm-ab-02d7f5 gutentor-module-accordion-body\">\n<div id=\"section-g686f35\" class=\"wp-block-gutentor-e0 section-g686f35 gutentor-element gutentor-element-advanced-text\"><div class=\"gutentor-text-wrap\"><p class=\"gutentor-text\">La persona candidata debe escribir un pasaje musical entre <strong>doce y diecis\u00e9is compases<\/strong> (seg\u00fan la m\u00e9trica), desarrollando un motivo dado en una estructura a cuatro voces en una textura arm\u00f3nica o contrapunt\u00edstica pensada para cuatro instrumentos o voces igualmente dados.<\/p><\/div><\/div>\n\n\n\n<div id=\"section-gdd74c1\" class=\"wp-block-gutentor-e0 section-gdd74c1 gutentor-element gutentor-element-advanced-text\"><div class=\"gutentor-text-wrap\"><p class=\"gutentor-text\">Se valora la forma y sentido de conjunto del trabajo, el sentido de frase, las modulaciones, el equilibrio, el tratamiento de las voces o instrumentos, la correcci\u00f3n de los encadenamientos arm\u00f3nicos y en la conducci\u00f3n de las voces, el grado de utilizaci\u00f3n y desarrollo del motivo, las anotaciones musicales (ligaduras, din\u00e1micas, reguladores, tempo, tipos de ataque, etc.), la originalidad y la variedad de recursos empleados valorando la coherencia estructural y estil\u00edstica globales. Tambi\u00e9n se valorar\u00e1 la legibilidad del ejercicio.<\/p><\/div><\/div>\n\n\n\n<div id=\"section-g807734\" class=\"wp-block-gutentor-e0 section-g807734 gutentor-element gutentor-element-advanced-text\"><div class=\"gutentor-text-wrap\"><p class=\"gutentor-text\">El lenguaje del motivo dado es tonal. No es necesario transportar los instrumentos transpositores, si los hay (partitura en don). El tiempo m\u00e1ximo para realizar este ejercicio es de <strong>dos horas<\/strong>. El aspirante tendr\u00e1 la posibilidad de probar en un piano lo que escribe.<\/p><\/div><\/div>\n<\/div><\/div><\/div>\n\n\n\n<div id=\"ea71f8\" class=\"wp-block-gutentor-m6-item section-ea71f8 gutentor-module gutentor-module-accordion-item\"><div class=\"gutentor-module-accordion-panel g-a-panel-02d7f5\"><div class=\"gm-ah-02d7f5 gutentor-module-accordion-item-heading gutentor-module-icon-position-right\"><span class=\"gutentor-module-accordion-panel-handler\" role=\"button\"><span class=\"gutentor-module-accordion-panel-handler-label\">B2.- Ejercicio de instrumentaci\u00f3n (20%)<\/span><span class=\"gutentor-module-accordion-icon\"><i class=\"gm-aio-02d7f5 gutentor-module-accordion-icon-open fas fa-plus\"><\/i><i class=\"gm-aic-02d7f5 gutentor-module-accordion-icon-close fas fa-minus\"><\/i><\/span><\/span><\/div><div class=\"gm-ab-02d7f5 gutentor-module-accordion-body\">\n<div id=\"section-gdebb07\" class=\"wp-block-gutentor-e0 section-gdebb07 gutentor-element gutentor-element-advanced-text\"><div class=\"gutentor-text-wrap\"><p class=\"gutentor-text\">Consiste en la instrumentaci\u00f3n del mismo ejercicio de la prueba de escritura, o bien de nuevo, para un grupo de instrumentos dados (tipo orquesta cl\u00e1sica), entre los que puede haber alguno de transpositor.<\/p><\/div><\/div>\n\n\n\n<div id=\"section-g2fbb19\" class=\"wp-block-gutentor-e0 section-g2fbb19 gutentor-element gutentor-element-advanced-text\"><div class=\"gutentor-text-wrap\"><p class=\"gutentor-text\">Se valora el correcto uso de los instrumentos, la idoneidad de sus frases y del registro empleado en cada caso, las din\u00e1micas y tipos de ataque, y la correcci\u00f3n en las partes transportadas en el caso de instrumentos transpositores. La comisi\u00f3n evaluadora valorar\u00e1 cuando el candidato no haga una mera asignaci\u00f3n de cada voz a un instrumento o grupo de instrumentos, y sepa desarrollar nuevas partes y figuraciones (arpegios, escalas, glissandi, trinos, tr\u00e9molos, octavaciones, refuerzos, etc.) por extender y reforzar el sentido del fragmento instrumentado. Por \u00faltimo, se valorar\u00e1 el sentido del timbre, la adecuaci\u00f3n y equilibrio de las combinaciones instrumentales y el sentido estructural de la instrumentaci\u00f3n propuesta.<\/p><\/div><\/div>\n\n\n\n<div id=\"section-geda6d5\" class=\"wp-block-gutentor-e0 section-geda6d5 gutentor-element gutentor-element-advanced-text\"><div class=\"gutentor-text-wrap\"><p class=\"gutentor-text\">El tiempo m\u00e1ximo para realizar este ejercicio es de <strong>una<\/strong> <strong>hora y treinta minutos<\/strong>.<\/p><\/div><\/div>\n<\/div><\/div><\/div>\n\n\n\n<div id=\"85dca5\" class=\"wp-block-gutentor-m6-item section-85dca5 gutentor-module gutentor-module-accordion-item\"><div class=\"gutentor-module-accordion-panel g-a-panel-02d7f5\"><div class=\"gm-ah-02d7f5 gutentor-module-accordion-item-heading gutentor-module-icon-position-right\"><span class=\"gutentor-module-accordion-panel-handler\" role=\"button\"><span class=\"gutentor-module-accordion-panel-handler-label\">B3.- Presentaci\u00f3n de m\u00fasica compuesta por la persona aspirante (30%)<\/span><span class=\"gutentor-module-accordion-icon\"><i class=\"gm-aio-02d7f5 gutentor-module-accordion-icon-open fas fa-plus\"><\/i><i class=\"gm-aic-02d7f5 gutentor-module-accordion-icon-close fas fa-minus\"><\/i><\/span><\/span><\/div><div class=\"gm-ab-02d7f5 gutentor-module-accordion-body\">\n<div id=\"section-g735266\" class=\"wp-block-gutentor-e0 section-g735266 gutentor-element gutentor-element-advanced-text\"><div class=\"gutentor-text-wrap\"><p class=\"gutentor-text\">Con esta finalidad, la persona aspirante debe presentar copia de un m\u00ednimo de dos obras o trabajos realizados por \u00e9l\/ella que considere relevantes o representativos en cuanto a ejemplificar experiencia, tendencia estil\u00edstica, t\u00e9cnica compositiva, contextos creativos, e inter\u00e9s musical, que estar\u00e1n a disposici\u00f3n de la comisi\u00f3n evaluadora de composici\u00f3n para ser comentadas con el aspirante en una sesi\u00f3n en la que se le podr\u00e1n hacer preguntas sobre la m\u00fasica presentada y sobre los ejercicios de escritura e instrumentaci\u00f3n.<\/p><\/div><\/div>\n\n\n\n<div id=\"section-g9fb1eb\" class=\"wp-block-gutentor-e0 section-g9fb1eb gutentor-element gutentor-element-advanced-text\"><div class=\"gutentor-text-wrap\"><p class=\"gutentor-text\">Se valorar\u00e1 el sentido formal y estructural, el nivel t\u00e9cnico y de recursos empleados, los referentes musicales, la claridad y concreci\u00f3n en la expresi\u00f3n de ideas musicales, el car\u00e1cter m\u00e1s o menos arriesgado en la escritura, los apuntes de originalidad y el potencial mostrado en estos trabajos.<\/p><\/div><\/div>\n<\/div><\/div><\/div>\n\n\n\n<div id=\"eac8d1\" class=\"wp-block-gutentor-m6-item section-eac8d1 gutentor-module gutentor-module-accordion-item\"><div class=\"gutentor-module-accordion-panel g-a-panel-02d7f5\"><div class=\"gm-ah-02d7f5 gutentor-module-accordion-item-heading gutentor-module-icon-position-right\"><span class=\"gutentor-module-accordion-panel-handler\" role=\"button\"><span class=\"gutentor-module-accordion-panel-handler-label\">B19.- Lectura a la vista del piano (10%)<\/span><span class=\"gutentor-module-accordion-icon\"><i class=\"gm-aio-02d7f5 gutentor-module-accordion-icon-open fas fa-plus\"><\/i><i class=\"gm-aic-02d7f5 gutentor-module-accordion-icon-close fas fa-minus\"><\/i><\/span><\/span><\/div><div class=\"gm-ab-02d7f5 gutentor-module-accordion-body\">\n<div id=\"section-gdba5ee\" class=\"wp-block-gutentor-e0 section-gdba5ee gutentor-element gutentor-element-advanced-text\"><div class=\"gutentor-text-wrap\"><p class=\"gutentor-text\">Tiene por objetivo detectar la capacidad de lectura y seguimiento pian\u00edstico de partitura (r\u00edtmica, m\u00e9trica, din\u00e1micas, fraseo), capacidad de reacci\u00f3n e inmediatez musical.<\/p><\/div><\/div>\n\n\n\n<div id=\"section-ga3915e\" class=\"wp-block-gutentor-e0 section-ga3915e gutentor-element gutentor-element-advanced-text\"><div class=\"gutentor-text-wrap\"><p class=\"gutentor-text\">La persona aspirante dispone de diez minutos para la preparaci\u00f3n de la lectura de una peque\u00f1a pieza o fragmento musical, que tendr\u00e1 que tocar.<\/p><\/div><\/div>\n\n\n\n<div id=\"section-g616d6c\" class=\"wp-block-gutentor-e0 section-g616d6c gutentor-element gutentor-element-advanced-text\"><div class=\"gutentor-text-wrap\"><p class=\"gutentor-text\">Se valora la aptitud de lectura y comprensi\u00f3n de un texto musical y su realizaci\u00f3n en el piano. La comisi\u00f3n evaluadora tendr\u00e1 en cuenta la capacidad del candidato para aproximarse y transmitir sentido musical al fragmento.<\/p><\/div><\/div>\n<\/div><\/div><\/div>\n\n\n\n<div id=\"e664f5\" class=\"wp-block-gutentor-m6-item section-e664f5 gutentor-module gutentor-module-accordion-item\"><div class=\"gutentor-module-accordion-panel g-a-panel-02d7f5\"><div class=\"gm-ah-02d7f5 gutentor-module-accordion-item-heading gutentor-module-icon-position-right\"><span class=\"gutentor-module-accordion-panel-handler\" role=\"button\"><span class=\"gutentor-module-accordion-panel-handler-label\">Valoraci\u00f3n de los ejercicios de la especialidad de Composici\u00f3n<\/span><span class=\"gutentor-module-accordion-icon\"><i class=\"gm-aio-02d7f5 gutentor-module-accordion-icon-open fas fa-plus\"><\/i><i class=\"gm-aic-02d7f5 gutentor-module-accordion-icon-close fas fa-minus\"><\/i><\/span><\/span><\/div><div class=\"gm-ab-02d7f5 gutentor-module-accordion-body\">\n<section id=\"gmbe7ada7\" class=\"wp-block-gutentor-m3 section-gmbe7ada7 gutentor-module gutentor-container-cover\"><div class=\"grid-container\">\n<table id=\"tablepress-367\" class=\"tablepress tablepress-id-367\">\n<thead>\n<tr class=\"row-1\">\n\t<th colspan=\"3\" class=\"column-1\">Parte B Composici\u00f3n<br \/>\n  <\/th>\n<\/tr>\n<\/thead>\n<tbody class=\"row-striping row-hover\">\n<tr class=\"row-2\">\n\t<td class=\"column-1\">B1<\/td><td class=\"column-2\">Ejercicio de escritura<br \/>\n  <\/td><td class=\"column-3\">40%<\/td>\n<\/tr>\n<tr class=\"row-3\">\n\t<td class=\"column-1\">B2<\/td><td class=\"column-2\">Ejercicio de instrumentaci\u00f3n<br \/>\n<\/td><td class=\"column-3\">20%<\/td>\n<\/tr>\n<tr class=\"row-4\">\n\t<td class=\"column-1\">B3<\/td><td class=\"column-2\">Presentaci\u00f3n de m\u00fasica compuesta<\/td><td class=\"column-3\">30%<\/td>\n<\/tr>\n<tr class=\"row-5\">\n\t<td class=\"column-1\">B19<\/td><td class=\"column-2\">Lectura a la vista del piano<\/td><td class=\"column-3\">10%<\/td>\n<\/tr>\n<\/tbody>\n<\/table>\n<!-- #tablepress-367 from cache -->\n<\/div><\/section>\n<\/div><\/div><\/div>\n<\/div><\/section>\n\n\n\n<div id=\"section-gdb7a75\" class=\"wp-block-gutentor-e7 section-gdb7a75 gutentor-element gutentor-element-list\"><ul class=\"grid-row gutentor-grid-item-wrap list-indicator-icon\"><li class=\"gutentor-list-item grid-lg-12 grid-md-12 grid-12\"><span class=\"gutentor-single-item gutentor-single-item-0\"><span class=\"gutentor-list-item-wrap g-s-list-wrap\"><span class=\"gutentor-single-list-item-icon\"><i class=\"list-item-icon fas fa-angle-right\"><\/i><\/span><span class=\"gutentor-list-item\"><p class=\"gutentor-single-item-title\"><a href=\"https:\/\/www.esmuc.cat\/es\/grau\/acces-i-admissio\/proves-dacces\/exercicis-part-b-composicio\/perfil-dingres-dels-estudiants-de-composicio\/\">Consulta el perfil de ingreso de estudiantes de Composici\u00f3n<\/a><\/p><\/span><\/span><\/span><\/li><\/ul><\/div>\n<\/div>\n<\/div>\n\n\n\n<p><\/p>\n","protected":false},"excerpt":{"rendered":"<p>Ejercicios Parte B &#8211; Composici\u00f3n<\/p>\n","protected":false},"author":4,"featured_media":0,"parent":30785,"menu_order":0,"comment_status":"closed","ping_status":"closed","template":"","meta":{"_acf_changed":false,"_themeisle_gutenberg_block_has_review":false,"footnotes":""},"categories":[1133],"tags":[],"class_list":["post-31450","page","type-page","status-publish","hentry","category-grau-es"],"acf":[],"publishpress_future_action":{"enabled":false,"date":"2026-04-17 12:21:57","action":"change-status","newStatus":"draft","terms":[],"taxonomy":"category","extraData":[]},"publishpress_future_workflow_manual_trigger":{"enabledWorkflows":[]},"_links":{"self":[{"href":"https:\/\/www.esmuc.cat\/es\/wp-json\/wp\/v2\/pages\/31450","targetHints":{"allow":["GET"]}}],"collection":[{"href":"https:\/\/www.esmuc.cat\/es\/wp-json\/wp\/v2\/pages"}],"about":[{"href":"https:\/\/www.esmuc.cat\/es\/wp-json\/wp\/v2\/types\/page"}],"author":[{"embeddable":true,"href":"https:\/\/www.esmuc.cat\/es\/wp-json\/wp\/v2\/users\/4"}],"replies":[{"embeddable":true,"href":"https:\/\/www.esmuc.cat\/es\/wp-json\/wp\/v2\/comments?post=31450"}],"version-history":[{"count":5,"href":"https:\/\/www.esmuc.cat\/es\/wp-json\/wp\/v2\/pages\/31450\/revisions"}],"predecessor-version":[{"id":77285,"href":"https:\/\/www.esmuc.cat\/es\/wp-json\/wp\/v2\/pages\/31450\/revisions\/77285"}],"up":[{"embeddable":true,"href":"https:\/\/www.esmuc.cat\/es\/wp-json\/wp\/v2\/pages\/30785"}],"wp:attachment":[{"href":"https:\/\/www.esmuc.cat\/es\/wp-json\/wp\/v2\/media?parent=31450"}],"wp:term":[{"taxonomy":"category","embeddable":true,"href":"https:\/\/www.esmuc.cat\/es\/wp-json\/wp\/v2\/categories?post=31450"},{"taxonomy":"post_tag","embeddable":true,"href":"https:\/\/www.esmuc.cat\/es\/wp-json\/wp\/v2\/tags?post=31450"}],"curies":[{"name":"wp","href":"https:\/\/api.w.org\/{rel}","templated":true}]}}