{"id":31383,"date":"2021-06-18T13:12:55","date_gmt":"2021-06-18T11:12:55","guid":{"rendered":"https:\/\/www.esmuc.cat\/grau\/acceso-y-admision__trashed\/proves-dacces\/exercicis-part-b-interpretacio\/"},"modified":"2024-10-14T15:43:50","modified_gmt":"2024-10-14T13:43:50","slug":"exercicis-part-b-interpretacio","status":"publish","type":"page","link":"https:\/\/www.esmuc.cat\/es\/estudios\/grau\/acces-i-admissio\/proves-dacces\/exercicis-part-b-interpretacio\/","title":{"rendered":"Ejercicios Parte B &#8211; Interpretaci\u00f3n"},"content":{"rendered":"\n<div class=\"wp-block-columns is-layout-flex wp-container-core-columns-is-layout-9d6595d7 wp-block-columns-is-layout-flex\">\n<div class=\"wp-block-column esmuc__Menu_Masters is-layout-flow wp-block-column-is-layout-flow\" style=\"flex-basis:33.33%\">\n\n<\/div>\n\n\n\n<div class=\"wp-block-column is-layout-flow wp-block-column-is-layout-flow\" style=\"flex-basis:66.66%\"><div class=\"breadcrumbs align  wp-block-bcn-breadcrumb-trail has-text-color has-background\" vocab=\"https:\/\/schema.org\/\" typeof=\"BreadcrumbList\">\n\t<span><\/span>\n\t<span property=\"itemListElement\" typeof=\"ListItem\"><a property=\"item\" typeof=\"WebPage\" title=\"Ir a ESMUC.\" href=\"https:\/\/www.esmuc.cat\/es\/\" class=\"home\" ><span property=\"name\">ESMUC<\/span><\/a><meta property=\"position\" content=\"1\"><\/span> &gt; <span property=\"itemListElement\" typeof=\"ListItem\"><a property=\"item\" typeof=\"WebPage\" title=\"Ir a Estudios.\" href=\"https:\/\/www.esmuc.cat\/es\/estudios\/\" class=\"post post-page\" ><span property=\"name\">Estudios<\/span><\/a><meta property=\"position\" content=\"2\"><\/span> &gt; <span property=\"itemListElement\" typeof=\"ListItem\"><a property=\"item\" typeof=\"WebPage\" title=\"Ir a Grado.\" href=\"https:\/\/www.esmuc.cat\/es\/estudios\/grau\/\" class=\"post post-page\" ><span property=\"name\">Grado<\/span><\/a><meta property=\"position\" content=\"3\"><\/span> &gt; <span property=\"itemListElement\" typeof=\"ListItem\"><a property=\"item\" typeof=\"WebPage\" title=\"Ir a Acceso y Admisi\u00f3n.\" href=\"https:\/\/www.esmuc.cat\/es\/estudios\/grau\/acces-i-admissio\/\" class=\"post post-page\" ><span property=\"name\">Acceso y Admisi\u00f3n<\/span><\/a><meta property=\"position\" content=\"4\"><\/span> &gt; <span property=\"itemListElement\" typeof=\"ListItem\"><a property=\"item\" typeof=\"WebPage\" title=\"Ir a Pruebas de acceso.\" href=\"https:\/\/www.esmuc.cat\/es\/estudios\/grau\/acces-i-admissio\/proves-dacces\/\" class=\"post post-page\" ><span property=\"name\">Pruebas de acceso<\/span><\/a><meta property=\"position\" content=\"5\"><\/span> &gt; <span property=\"itemListElement\" typeof=\"ListItem\"><span property=\"name\" class=\"post post-page current-item\">Ejercicios Parte B &#8211; Interpretaci\u00f3n<\/span><meta property=\"url\" content=\"https:\/\/www.esmuc.cat\/es\/estudios\/grau\/acces-i-admissio\/proves-dacces\/exercicis-part-b-interpretacio\/\"><meta property=\"position\" content=\"6\"><\/span><\/div>\n\n\n\n<h1 class=\"wp-block-heading\">Ejercicios Parte B &#8211; Interpretaci\u00f3n<\/h1>\n\n\n\n<div style=\"height:30px\" aria-hidden=\"true\" class=\"wp-block-spacer\"><\/div>\n\n\n\n<div id=\"section-gf42a01\" class=\"wp-block-gutentor-e0 section-gf42a01 gutentor-element gutentor-element-advanced-text\"><div class=\"gutentor-text-wrap\"><p class=\"gutentor-text\">En la especialidad de Interpretaci\u00f3n existen tres ejercicios.<\/p><\/div><\/div>\n\n\n\n<section id=\"621aa0\" class=\"section-621aa0 gutentor-module gutentor-module-accordion\"><div class=\"grid-container\">\n<div id=\"91f0bc\" class=\"wp-block-gutentor-m6-item section-91f0bc gutentor-module gutentor-module-accordion-item\"><div class=\"gutentor-module-accordion-panel g-a-panel-621aa0\"><div class=\"gm-ah-621aa0 gutentor-module-accordion-item-heading gutentor-module-icon-position-right\"><span class=\"gutentor-module-accordion-panel-handler\" role=\"button\"><span class=\"gutentor-module-accordion-panel-handler-label\">B16.- Interpretaci\u00f3n con el instrumento (60% o 50%)<\/span><span class=\"gutentor-module-accordion-icon\"><i class=\"gm-aio-621aa0 gutentor-module-accordion-icon-open fas fa-plus\"><\/i><i class=\"gm-aic-621aa0 gutentor-module-accordion-icon-close fas fa-minus\"><\/i><\/span><\/span><\/div><div class=\"gm-ab-621aa0 gutentor-module-accordion-body\">\n<section id=\"gmf1e64ed\" class=\"wp-block-gutentor-m3 section-gmf1e64ed gutentor-module gutentor-container-cover\"><div class=\"grid-container\">\n<p>Tiene como objetivo mostrar las capacidades interpretativas del aspirante.<\/p>\n\n\n\n<p>Para todas las modalidades es necesario presentar un repertorio m\u00ednimo de <strong>cuatro obras<\/strong>, de una duraci\u00f3n global no inferior a <strong>treinta minutos<\/strong>. Estas obras deben pertenecer a estilos y per\u00edodos diferentes y ser m\u00ednimamente representativas del conjunto del repertorio del instrumento en relaci\u00f3n con el \u00e1mbito al que se opta.<\/p>\n\n\n\n<p>Las personas aspirantes a diversas especialidades, \u00e1mbitos, modalidades o itinerarios deben realizar este ejercicio para cada una de las modalidades instrumentales a las que opten.<\/p>\n\n\n\n<div style=\"height:20px\" aria-hidden=\"true\" class=\"wp-block-spacer\"><\/div>\n\n\n\n<h5 class=\"wp-block-heading\">Jazz y M\u00fasica moderna, Flamenco y M\u00fasica tradicional catalana<\/h5>\n\n\n\n<p>Para estas modalidades, la escuela facilitar\u00e1 con anticipaci\u00f3n una de las piezas, que deber\u00e1 interpretarse de forma obligada.<\/p>\n\n\n\n<section id=\"gmefceebb\" class=\"wp-block-gutentor-m3 section-gmefceebb gutentor-module gutentor-container-cover has-color-bg has-custom-bg\"><div class=\"grid-container\">\n<div style=\"height:30px\" aria-hidden=\"true\" class=\"wp-block-spacer\"><\/div>\n\n\n\n<h6 class=\"wp-block-heading\">Obras obligadas para las especialidades de:<\/h6>\n\n\n\n<div id=\"gmc52c387\" class=\"wp-block-gutentor-m1 section-gmc52c387 gutentor-module gutentor-element-button-group g-btn-horizontal-d g-btn-horizontal-t g-btn-horizontal-m\"><div class=\"gutentor-element-button-group-wrap\">\n<div id=\"section-gc91aa9\" class=\"wp-block-gutentor-e2 section-gc91aa9 gutentor-element gutentor-element-button\"><span class=\"gutentor-button-wrap\"><a class=\"gutentor-button gutentor-block-button gutentor-icon-hide\" href=\"https:\/\/esmuc.sharepoint.com\/:f:\/s\/Secretariaacadmica\/EuLRkDmAiZhMjlvWXl3l7bQBW_xKXgKdxFtcXdCiIno-iw?e=5%3aVJuZau&amp;at=9\"><i class=\"gutentor-button-icon fas fa-book\"><\/i><span>Jazz y M\u00fasica moderna<\/span><\/a><\/span><\/div>\n\n\n\n<div id=\"section-g2dd2af\" class=\"wp-block-gutentor-e2 section-g2dd2af gutentor-element gutentor-element-button\"><span class=\"gutentor-button-wrap\"><a class=\"gutentor-button gutentor-block-button gutentor-icon-hide\" href=\"https:\/\/esmuc.sharepoint.com\/:f:\/s\/Secretariaacadmica\/Eg3EEcm0oVlPga2b20ZZ8SYBZjdARVlcFvCFglIo6yqwYw?e=5%3aybvAoV&amp;at=9\"><i class=\"gutentor-button-icon fas fa-book\"><\/i><span>Flamenco<\/span><\/a><\/span><\/div>\n\n\n\n<div id=\"section-g71d067\" class=\"wp-block-gutentor-e2 section-g71d067 gutentor-element gutentor-element-button\"><span class=\"gutentor-button-wrap\"><a class=\"gutentor-button gutentor-block-button gutentor-icon-hide\" href=\"https:\/\/esmuc.sharepoint.com\/:f:\/s\/Secretariaacadmica\/Egaxz7P-lWJJv7nPUukY7IYBw6tO-dD7h5wPLU2OdbZGUQ?e=5%3awRVcjy&amp;at=9\"><i class=\"gutentor-button-icon fas fa-book\"><\/i><span>M\u00fasica tradicional catalana<\/span><\/a><\/span><\/div>\n<\/div><\/div>\n<\/div><\/section>\n\n\n\n<p>La Comisi\u00f3n valorar\u00e1 la forma de interpretar el tema, el estilo, el fraseo y el lenguaje empleado, el tempo, la t\u00e9cnica de sonido, las escalas usadas, el sentido formal y la coherencia general.<\/p>\n\n\n\n<div style=\"height:20px\" aria-hidden=\"true\" class=\"wp-block-spacer\"><\/div>\n\n\n\n<h5 class=\"wp-block-heading\">M\u00fasica cl\u00e1sica y contempor\u00e1nea, Cobla y M\u00fasica antigua<\/h5>\n\n\n\n<p>Para optar a estas modalidades, es necesario facilitar las partituras de las obras a la comisi\u00f3n evaluadora. Se considerar\u00e1n tambi\u00e9n obras los movimientos o partes de obras que constan de varios movimientos o partes. Sin embargo, dos o m\u00e1s movimientos de una misma obra no podr\u00e1n considerarse como obras diferentes.<\/p>\n\n\n\n<p>Una de las obras debe estar a solo o con acompa\u00f1amiento de un instrumento polif\u00f3nico. Las dem\u00e1s pueden estar a solo, con acompa\u00f1amiento de un instrumento polif\u00f3nico o en peque\u00f1o grupo, siempre que tengan car\u00e1cter concertante. El aspirante interpretar\u00e1 una o varias de estas obras ante la comisi\u00f3n evaluadora, que podr\u00e1 solicitar la interpretaci\u00f3n de fragmentos. Al menos una de estas obras debe ser interpretada de memoria.<\/p>\n\n\n\n<p>Para la modalidad de <strong>canto<\/strong>, dentro del \u00e1mbito de la m\u00fasica cl\u00e1sica y contempor\u00e1nea, ser\u00e1 necesario presentar <strong>ocho obras<\/strong> y tendr\u00e1n que incluir, necesariamente: Oratorio, Lied (o canci\u00f3n de cualquier nacionalidad) y \u00d3pera. Optativamente se puede presentar Opereta o Zarzuela. Es necesario interpretar todas las obras de memoria exceptuando el Oratorio.<\/p>\n\n\n\n<p>Las personas aspirantes a instrumentos de la <strong>M\u00fasica antigua<\/strong> pueden hacer esta parte con el instrumento al que optan o con otros afines, seg\u00fan la relaci\u00f3n que sigue:<\/p>\n\n\n\n<div style=\"height:20px\" aria-hidden=\"true\" class=\"wp-block-spacer\"><\/div>\n\n\n\n<table id=\"tablepress-365\" class=\"tablepress tablepress-id-365\">\n<tbody class=\"row-striping row-hover\">\n<tr class=\"row-1\">\n\t<td class=\"column-1\">  <b>Los y las aspirantes a estos instrumentos:<\/b><br \/>\n  <\/td><td class=\"column-2\">  <b>Pueden hacer la prueba con:<\/b><br \/>\n  <\/td>\n<\/tr>\n<tr class=\"row-2\">\n\t<td class=\"column-1\">  Clarinete hist\u00f3rico, contrabajo hist\u00f3rico\/violone, fagot hist\u00f3rico, flauta travesera hist\u00f3rica, oboe hist\u00f3rico, trompa natural, trompeta natural, viol\u00edn hist\u00f3rico, viola hist\u00f3rica y violonchelo hist\u00f3rico.<br \/>\n  <\/td><td class=\"column-2\">El instrumento al que aspiran o el instrumento moderno equivalente.<br \/>\n  <\/td>\n<\/tr>\n<tr class=\"row-3\">\n\t<td class=\"column-1\">  Sacabucho<br \/>\n  <\/td><td class=\"column-2\">El instrumento al que aspiran o tromb\u00f3n.<br \/>\n  <\/td>\n<\/tr>\n<tr class=\"row-4\">\n\t<td class=\"column-1\">  Fortepiano<br \/>\n  <\/td><td class=\"column-2\">El instrumento al que aspiran o piano.<\/td>\n<\/tr>\n<tr class=\"row-5\">\n\t<td class=\"column-1\">Instrumentos de cuerda pulsada de la m\u00fasica antigua<\/td><td class=\"column-2\"> Cualquiera de estos instrumentos o guitarra.<br \/>\n  <\/td>\n<\/tr>\n<tr class=\"row-6\">\n\t<td class=\"column-1\">  Corneto, flauta de pico, viola de gamba y clavic\u00e9mbalo<\/td><td class=\"column-2\"> Con esos mismos instrumentos.<\/td>\n<\/tr>\n<\/tbody>\n<\/table>\n<!-- #tablepress-365 from cache -->\n<\/div><\/section>\n\n\n\n<p>La Comisi\u00f3n evaluadora valorar\u00e1 la expresi\u00f3n, comunicaci\u00f3n, fluidez e intenci\u00f3n en la interpretaci\u00f3n, la calidad del sonido, el control t\u00e9cnico del instrumento, as\u00ed como el grado de comprensi\u00f3n de las obras y la caracterizaci\u00f3n estil\u00edstica.<\/p>\n<\/div><\/div><\/div>\n\n\n\n<div id=\"1ca01c\" class=\"wp-block-gutentor-m6-item section-1ca01c gutentor-module gutentor-module-accordion-item\"><div class=\"gutentor-module-accordion-panel g-a-panel-621aa0\"><div class=\"gm-ah-621aa0 gutentor-module-accordion-item-heading gutentor-module-icon-position-right\"><span class=\"gutentor-module-accordion-panel-handler\" role=\"button\"><span class=\"gutentor-module-accordion-panel-handler-label\">B17.- Sesi\u00f3n de trabajo con instrumento (20%)<\/span><span class=\"gutentor-module-accordion-icon\"><i class=\"gm-aio-621aa0 gutentor-module-accordion-icon-open fas fa-plus\"><\/i><i class=\"gm-aic-621aa0 gutentor-module-accordion-icon-close fas fa-minus\"><\/i><\/span><\/span><\/div><div class=\"gm-ab-621aa0 gutentor-module-accordion-body\">\n<p>Tiene por objetivo detectar la capacidad de reacci\u00f3n y asimilaci\u00f3n a unas demandas pedag\u00f3gicas concretas.<\/p>\n\n\n\n<p>La persona aspirante recibir\u00e1 una breve sesi\u00f3n de trabajo en relaci\u00f3n al repertorio interpretado, en la que deber\u00e1 responder a las indicaciones pedag\u00f3gicas de la comisi\u00f3n evaluadora.<\/p>\n\n\n\n<p>Se valora la capacidad de asimilaci\u00f3n inmediata a partir de nuevas indicaciones musicales y t\u00e9cnicas.<\/p>\n\n\n\n<p>Esta sesi\u00f3n tendr\u00e1 una duraci\u00f3n de <strong>10 minutos<\/strong>.<\/p>\n<\/div><\/div><\/div>\n\n\n\n<div id=\"387238\" class=\"wp-block-gutentor-m6-item section-387238 gutentor-module gutentor-module-accordion-item\"><div class=\"gutentor-module-accordion-panel g-a-panel-621aa0\"><div class=\"gm-ah-621aa0 gutentor-module-accordion-item-heading gutentor-module-icon-position-right\"><span class=\"gutentor-module-accordion-panel-handler\" role=\"button\"><span class=\"gutentor-module-accordion-panel-handler-label\">B18.- Lectura a vista, improvisaci\u00f3n bajo continuo (20% o 30%)<\/span><span class=\"gutentor-module-accordion-icon\"><i class=\"gm-aio-621aa0 gutentor-module-accordion-icon-open fas fa-plus\"><\/i><i class=\"gm-aic-621aa0 gutentor-module-accordion-icon-close fas fa-minus\"><\/i><\/span><\/span><\/div><div class=\"gm-ab-621aa0 gutentor-module-accordion-body\">\n<p>a) Para los y las aspirantes a los \u00e1mbitos de instrumentos de la m\u00fasica cl\u00e1sica y contempor\u00e1nea (excepto \u00f3rgano), instrumentos de la m\u00fasica antigua (excepto clavic\u00e9mbalo), instrumentos de m\u00fasica tradicional (excepto los de flamenco), se har\u00e1 una prueba de interpretaci\u00f3n con lectura previa de los materiales.<\/p>\n\n\n\n<p>La persona aspirante dispone de <strong>10 minutos<\/strong> para la preparaci\u00f3n de la lectura de una obra o fragmento musical. La realizaci\u00f3n de esta lectura podr\u00e1 realizarse con acompa\u00f1amiento de un instrumento polif\u00f3nico, proporcionado por el centro.<\/p>\n\n\n\n<p>Se valora la capacidad de lectura y repentizaci\u00f3n musical, la afinaci\u00f3n y el sentido r\u00edtmico.<\/p>\n\n\n\n<p>b) Para los y las aspirantes en el \u00e1mbito de instrumentos de jazz y de la m\u00fasica moderna, y de la m\u00fasica tradicional en la vertiente del flamenco: improvisaci\u00f3n, de una duraci\u00f3n m\u00e1xima de <strong>10 minutos<\/strong>, sobre una base ritmicoarm\u00f3nica dada por la comisi\u00f3n evaluadora, ya sea en formato grabado o escrito.<\/p>\n\n\n\n<p>Se valora la creatividad y la imaginaci\u00f3n en la improvisaci\u00f3n y conjunci\u00f3n con el grupo.<\/p>\n\n\n\n<p>c) Para los y las aspirantes a las modalidades de clavic\u00e9mbalo y \u00f3rgano se propone la realizaci\u00f3n de un bajo continuo de breve duraci\u00f3n fechado de la primera mitad del siglo XVIII. El aspirante dispone de un breve tiempo para su preparaci\u00f3n.<\/p>\n\n\n\n<p>Se valora la capacidad de realizaci\u00f3n del bajo continuo en su funci\u00f3n de acompa\u00f1amiento.<\/p>\n\n\n\n<p>En esta sesi\u00f3n, la comisi\u00f3n evaluadora podr\u00e1 pedir al aspirante que siga determinadas indicaciones musicales.<\/p>\n<\/div><\/div><\/div>\n\n\n\n<div id=\"3b2450\" class=\"wp-block-gutentor-m6-item section-3b2450 gutentor-module gutentor-module-accordion-item\"><div class=\"gutentor-module-accordion-panel g-a-panel-621aa0\"><div class=\"gm-ah-621aa0 gutentor-module-accordion-item-heading gutentor-module-icon-position-right\"><span class=\"gutentor-module-accordion-panel-handler\" role=\"button\"><span class=\"gutentor-module-accordion-panel-handler-label\">Valoraci\u00f3n de los ejercicios de la especialidad de Interpretaci\u00f3n<\/span><span class=\"gutentor-module-accordion-icon\"><i class=\"gm-aio-621aa0 gutentor-module-accordion-icon-open fas fa-plus\"><\/i><i class=\"gm-aic-621aa0 gutentor-module-accordion-icon-close fas fa-minus\"><\/i><\/span><\/span><\/div><div class=\"gm-ab-621aa0 gutentor-module-accordion-body\">\n<div id=\"section-g644976\" class=\"wp-block-gutentor-e0 section-g644976 gutentor-element gutentor-element-advanced-text\"><div class=\"gutentor-text-wrap\"><p class=\"gutentor-text\"><\/p><\/div><\/div>\n\n\n\n<section id=\"gm36cdcdb\" class=\"wp-block-gutentor-m3 section-gm36cdcdb gutentor-module gutentor-container-cover\"><div class=\"grid-container\">\n<table id=\"tablepress-366\" class=\"tablepress tablepress-id-366 tbody-has-connected-cells\">\n<tbody class=\"row-striping row-hover\">\n<tr class=\"row-1\">\n\t<td colspan=\"4\" class=\"column-1\">Parte B (100%)<\/td>\n<\/tr>\n<tr class=\"row-2\">\n\t<td class=\"column-1\"><\/td><td class=\"column-2\">B16<\/td><td class=\"column-3\">B17<\/td><td class=\"column-4\">B18<\/td>\n<\/tr>\n<tr class=\"row-3\">\n\t<td class=\"column-1\"><\/td><td class=\"column-2\">Interpretaci\u00f3n con el instrumento<\/td><td class=\"column-3\">Sesi\u00f3n de trabajo con el instrumento<\/td><td class=\"column-4\">Lectura a vista, improvisaci\u00f3n o bajo continuo<\/td>\n<\/tr>\n<tr class=\"row-4\">\n\t<td class=\"column-1\">Instrumentos CIC, Antigua, Cobla y Tradicional<\/td><td class=\"column-2\">60%<\/td><td class=\"column-3\">20%<\/td><td class=\"column-4\">20%<\/td>\n<\/tr>\n<tr class=\"row-5\">\n\t<td class=\"column-1\">Instrumentos Jazz, MM y Flamenco<\/td><td class=\"column-2\">50%<\/td><td class=\"column-3\">20%<\/td><td class=\"column-4\">30%<\/td>\n<\/tr>\n<\/tbody>\n<\/table>\n<!-- #tablepress-366 from cache -->\n<\/div><\/section>\n<\/div><\/div><\/div>\n<\/div><\/section>\n\n\n\n<div id=\"section-g3025f3\" class=\"wp-block-gutentor-e0 section-g3025f3 gutentor-element gutentor-element-advanced-text\"><div class=\"gutentor-text-wrap\"><p class=\"gutentor-text\">Consulta el perfil de ingreso de estudiantes de Interpretaci\u00f3n<\/p><\/div><\/div>\n\n\n\n<div id=\"section-gc16197\" class=\"wp-block-gutentor-e7 section-gc16197 gutentor-element gutentor-element-list\"><ul class=\"grid-row gutentor-grid-item-wrap list-indicator-icon\"><li class=\"gutentor-list-item grid-lg-12 grid-md-12 grid-12\"><span class=\"gutentor-single-item gutentor-single-item-0\"><span class=\"gutentor-list-item-wrap g-s-list-wrap\"><span class=\"gutentor-single-list-item-icon\"><i class=\"list-item-icon fas fa-angle-right\"><\/i><\/span><span class=\"gutentor-list-item\"><p class=\"gutentor-single-item-title\"><a href=\"https:\/\/www.esmuc.cat\/es\/estudios\/grau\/acces-i-admissio\/proves-dacces\/exercicis-part-b-interpretacio\/perfil-dingres-dels-estudiants-de-musica-classica-i-contemporania\/\">de la m\u00fasica cl\u00e1sica y contempor\u00e1nea<\/a><\/p><\/span><\/span><\/span><\/li><li class=\"gutentor-list-item grid-lg-12 grid-md-12 grid-12\"><span class=\"gutentor-single-item gutentor-single-item-1\"><span class=\"gutentor-list-item-wrap g-s-list-wrap\"><span class=\"gutentor-single-list-item-icon\"><i class=\"list-item-icon fas fa-angle-right\"><\/i><\/span><span class=\"gutentor-list-item\"><p class=\"gutentor-single-item-title\"><a href=\"https:\/\/www.esmuc.cat\/es\/estudios\/grau\/acces-i-admissio\/proves-dacces\/exercicis-part-b-interpretacio\/perfil-dingres-dels-estudiants-de-jazz-i-musica-moderna\/\">de jazz y m\u00fasica moderna<\/a><\/p><\/span><\/span><\/span><\/li><li class=\"gutentor-list-item grid-lg-12 grid-md-12 grid-12\"><span class=\"gutentor-single-item gutentor-single-item-2\"><span class=\"gutentor-list-item-wrap g-s-list-wrap\"><span class=\"gutentor-single-list-item-icon\"><i class=\"list-item-icon fas fa-angle-right\"><\/i><\/span><span class=\"gutentor-list-item\"><p class=\"gutentor-single-item-title\"><a href=\"https:\/\/www.esmuc.cat\/es\/estudios\/grau\/acces-i-admissio\/proves-dacces\/exercicis-part-b-interpretacio\/perfil-dingres-dels-estudiants-de-musica-antiga\/\">de la m\u00fasica antigua<\/a><\/p><\/span><\/span><\/span><\/li><li class=\"gutentor-list-item grid-lg-12 grid-md-12 grid-12\"><span class=\"gutentor-single-item gutentor-single-item-3\"><span class=\"gutentor-list-item-wrap g-s-list-wrap\"><span class=\"gutentor-single-list-item-icon\"><i class=\"list-item-icon fas fa-angle-right\"><\/i><\/span><span class=\"gutentor-list-item\"><p class=\"gutentor-single-item-title\"><a href=\"https:\/\/www.esmuc.cat\/es\/estudios\/grau\/acces-i-admissio\/proves-dacces\/exercicis-part-b-interpretacio\/perfil-dingres-dels-estudiants-de-musica-tradicional\/\">de la m\u00fasica tradicional<\/a><\/p><\/span><\/span><\/span><\/li><\/ul><\/div>\n<\/div>\n<\/div>\n\n\n\n<p><\/p>\n","protected":false},"excerpt":{"rendered":"<p>Ejercicios Parte B &#8211; Interpretaci\u00f3n<\/p>\n","protected":false},"author":4,"featured_media":0,"parent":30785,"menu_order":0,"comment_status":"closed","ping_status":"closed","template":"","meta":{"_acf_changed":false,"_themeisle_gutenberg_block_has_review":false,"footnotes":""},"categories":[1133],"tags":[],"class_list":["post-31383","page","type-page","status-publish","hentry","category-grau-es"],"acf":[],"publishpress_future_action":{"enabled":false,"date":"2026-04-15 13:31:57","action":"change-status","newStatus":"draft","terms":[],"taxonomy":"category","extraData":[]},"publishpress_future_workflow_manual_trigger":{"enabledWorkflows":[]},"_links":{"self":[{"href":"https:\/\/www.esmuc.cat\/es\/wp-json\/wp\/v2\/pages\/31383","targetHints":{"allow":["GET"]}}],"collection":[{"href":"https:\/\/www.esmuc.cat\/es\/wp-json\/wp\/v2\/pages"}],"about":[{"href":"https:\/\/www.esmuc.cat\/es\/wp-json\/wp\/v2\/types\/page"}],"author":[{"embeddable":true,"href":"https:\/\/www.esmuc.cat\/es\/wp-json\/wp\/v2\/users\/4"}],"replies":[{"embeddable":true,"href":"https:\/\/www.esmuc.cat\/es\/wp-json\/wp\/v2\/comments?post=31383"}],"version-history":[{"count":17,"href":"https:\/\/www.esmuc.cat\/es\/wp-json\/wp\/v2\/pages\/31383\/revisions"}],"predecessor-version":[{"id":100088,"href":"https:\/\/www.esmuc.cat\/es\/wp-json\/wp\/v2\/pages\/31383\/revisions\/100088"}],"up":[{"embeddable":true,"href":"https:\/\/www.esmuc.cat\/es\/wp-json\/wp\/v2\/pages\/30785"}],"wp:attachment":[{"href":"https:\/\/www.esmuc.cat\/es\/wp-json\/wp\/v2\/media?parent=31383"}],"wp:term":[{"taxonomy":"category","embeddable":true,"href":"https:\/\/www.esmuc.cat\/es\/wp-json\/wp\/v2\/categories?post=31383"},{"taxonomy":"post_tag","embeddable":true,"href":"https:\/\/www.esmuc.cat\/es\/wp-json\/wp\/v2\/tags?post=31383"}],"curies":[{"name":"wp","href":"https:\/\/api.w.org\/{rel}","templated":true}]}}