{"id":31363,"date":"2021-07-19T11:37:40","date_gmt":"2021-07-19T09:37:40","guid":{"rendered":"https:\/\/www.esmuc.cat\/grau\/direccio\/curriculum-direccio\/"},"modified":"2022-06-30T13:24:50","modified_gmt":"2022-06-30T11:24:50","slug":"curriculum-direccio","status":"publish","type":"page","link":"https:\/\/www.esmuc.cat\/es\/estudios\/grau\/direccio\/curriculum-direccio\/","title":{"rendered":"Curr\u00edculum Direcci\u00f3n"},"content":{"rendered":"\n<div class=\"wp-block-columns is-layout-flex wp-container-core-columns-is-layout-9d6595d7 wp-block-columns-is-layout-flex\">\n<div class=\"wp-block-column is-layout-flow wp-block-column-is-layout-flow\"><\/div>\n<\/div>\n\n\n<div class=\"breadcrumbs align  wp-block-bcn-breadcrumb-trail has-text-color has-background\" vocab=\"https:\/\/schema.org\/\" typeof=\"BreadcrumbList\">\n\t<span><\/span>\n\t<span property=\"itemListElement\" typeof=\"ListItem\"><a property=\"item\" typeof=\"WebPage\" title=\"Ir a ESMUC.\" href=\"https:\/\/www.esmuc.cat\/es\/\" class=\"home\" ><span property=\"name\">ESMUC<\/span><\/a><meta property=\"position\" content=\"1\"><\/span> &gt; <span property=\"itemListElement\" typeof=\"ListItem\"><a property=\"item\" typeof=\"WebPage\" title=\"Ir a Estudios.\" href=\"https:\/\/www.esmuc.cat\/es\/estudios\/\" class=\"post post-page\" ><span property=\"name\">Estudios<\/span><\/a><meta property=\"position\" content=\"2\"><\/span> &gt; <span property=\"itemListElement\" typeof=\"ListItem\"><a property=\"item\" typeof=\"WebPage\" title=\"Ir a Grado.\" href=\"https:\/\/www.esmuc.cat\/es\/estudios\/grau\/\" class=\"post post-page\" ><span property=\"name\">Grado<\/span><\/a><meta property=\"position\" content=\"3\"><\/span> &gt; <span property=\"itemListElement\" typeof=\"ListItem\"><a property=\"item\" typeof=\"WebPage\" title=\"Ir a Direcci\u00f3n.\" href=\"https:\/\/www.esmuc.cat\/es\/estudios\/grau\/direccio\/\" class=\"post post-page\" ><span property=\"name\">Direcci\u00f3n<\/span><\/a><meta property=\"position\" content=\"4\"><\/span> &gt; <span property=\"itemListElement\" typeof=\"ListItem\"><span property=\"name\" class=\"post post-page current-item\">Curr\u00edculum Direcci\u00f3n<\/span><meta property=\"url\" content=\"https:\/\/www.esmuc.cat\/es\/estudios\/grau\/direccio\/curriculum-direccio\/\"><meta property=\"position\" content=\"5\"><\/span><\/div>\n\n\n\n<h1 class=\"wp-block-heading\">Curr\u00edculum Direcci\u00f3n<\/h1>\n\n\n\n<div id=\"section-g0b139f\" class=\"wp-block-gutentor-e0 section-g0b139f gutentor-element gutentor-element-advanced-text\"><div class=\"gutentor-text-wrap\"><p class=\"gutentor-text\">Curr\u00edculum de la especialidad de Direcci\u00f3n (promoci\u00f3n 2014 y siguientes)<\/p><\/div><\/div>\n\n\n\n<table id=\"tablepress-364\" class=\"tablepress tablepress-id-364 border-style subcaption tbody-has-connected-cells\">\n<thead>\n<tr class=\"row-1\">\n\t<th class=\"column-1\">Materias y Asignaturas<br \/>\n  <\/th><th colspan=\"2\" class=\"column-2\">1r curso<br \/>\n  <\/th><th colspan=\"2\" class=\"column-4\">2o curso<br \/>\n  <\/th><th colspan=\"2\" class=\"column-6\">3r curso<br \/>\n  <\/th><th colspan=\"2\" class=\"column-8\">4o curso<br \/>\n  <\/th><th colspan=\"2\" class=\"column-10\">Total<br \/>\n  <\/th>\n<\/tr>\n<\/thead>\n<tbody class=\"row-striping row-hover\">\n<tr class=\"row-2\">\n\t<td class=\"column-1\"><\/td><td class=\"column-2\">ECTS<br \/>\n  <\/td><td class=\"column-3\">h<\/td><td class=\"column-4\">ECTS<br \/>\n  <\/td><td class=\"column-5\">h<\/td><td class=\"column-6\">ECTS<br \/>\n  <\/td><td class=\"column-7\">h<\/td><td class=\"column-8\">ECTS<\/td><td class=\"column-9\">h<br \/>\n  <br \/>\n  <\/td><td class=\"column-10\"><b>ECTS<\/b><\/td><td class=\"column-11\"><b>h<\/b> <\/td>\n<\/tr>\n<tr class=\"row-3\">\n\t<td colspan=\"11\" class=\"column-1\"><center>Cultura, pensamiento e historia (FB)<\/center><\/td>\n<\/tr>\n<tr class=\"row-4\">\n\t<td class=\"column-1\">  M\u00fasica y cultura <a href=\"https:\/\/www.esmuc.cat\/assignatures\/musica-i-cultura-i\/\"_self\" rel=\"noopener\">I<\/a>, <a href=\"https:\/\/www.esmuc.cat\/assignatures\/musica-i-cultura-ii\/\/\" target=\"_self\" rel=\"noopener\">II<\/a> y <a href=\"https:\/\/www.esmuc.cat\/assignatures\/musica-i-cultura-iii\/\" target=\"_self\" rel=\"noopener\">III<\/a><br \/>\n  <\/td><td class=\"column-2\">  6<br \/>\n  <\/td><td class=\"column-3\">  90<br \/>\n  <\/td><td class=\"column-4\">  3<br \/>\n  <\/td><td class=\"column-5\">  45<br \/>\n  <\/td><td class=\"column-6\">  \u00a0<br \/>\n  <\/td><td class=\"column-7\">  \u00a0<br \/>\n  <\/td><td class=\"column-8\">  \u00a0<br \/>\n  <\/td><td class=\"column-9\">  \u00a0<br \/>\n  <\/td><td class=\"column-10\">  <b>9<\/b><br \/>\n  <\/td><td class=\"column-11\"><b>135<\/b><br \/>\n  <\/td>\n<\/tr>\n<tr class=\"row-5\">\n\t<td class=\"column-1\">  <a href=\"https:\/\/www.esmuc.cat\/assignatures\/desenvolupament-professional\/\" target=\"_self\" rel=\"noopener\">Desarrollo profesional<\/a>\u00a0<br \/>\n  <\/td><td class=\"column-2\">  \u00a0<br \/>\n  <\/td><td class=\"column-3\">  \u00a0<br \/>\n  <\/td><td class=\"column-4\">  \u00a0<br \/>\n  <\/td><td class=\"column-5\">  \u00a0<br \/>\n  <\/td><td class=\"column-6\">  \u00a0<br \/>\n  <\/td><td class=\"column-7\">  \u00a0<br \/>\n  <\/td><td class=\"column-8\">  3<br \/>\n  <\/td><td class=\"column-9\">  45<br \/>\n  <\/td><td class=\"column-10\">  <b>3<\/b><br \/>\n  <\/td><td class=\"column-11\"><b>45<\/b><br \/>\n  <\/td>\n<\/tr>\n<tr class=\"row-6\">\n\t<td class=\"column-1\">  <a href=\"https:\/\/www.esmuc.cat\/assignatures\/estetica-i\/\">Est\u00e9tica<\/a> I, II<br \/>\n  <\/td><td class=\"column-2\">  \u00a0<br \/>\n  <\/td><td class=\"column-3\">  \u00a0<br \/>\n  <\/td><td class=\"column-4\">  \u00a0<br \/>\n  <\/td><td class=\"column-5\">  \u00a0<br \/>\n  <\/td><td class=\"column-6\">  4<br \/>\n  <\/td><td class=\"column-7\">  60<br \/>\n  <\/td><td class=\"column-8\">  \u00a0<br \/>\n  <\/td><td class=\"column-9\">  \u00a0<br \/>\n  <\/td><td class=\"column-10\">  <b>4<\/b><br \/>\n  <\/td><td class=\"column-11\"><b>60<\/b><br \/>\n  <\/td>\n<\/tr>\n<tr class=\"row-7\">\n\t<td colspan=\"11\" class=\"column-1\"><center>Lenguajes y t\u00e9cnica de la m\u00fasica (FB)<\/center><\/td>\n<\/tr>\n<tr class=\"row-8\">\n\t<td class=\"column-1\">  <a href=\"https:\/\/www.esmuc.cat\/assignatures\/fonaments-dacustica\/\" target=\"_self\" rel=\"noopener\">Fundamentos de ac\u00fastica<\/a><br \/>\n  <\/td><td class=\"column-2\">  \u00a0<br \/>\n  <\/td><td class=\"column-3\">  \u00a0<br \/>\n  <\/td><td class=\"column-4\">  3<br \/>\n  <\/td><td class=\"column-5\">22,5<\/td><td class=\"column-6\">  \u00a0<br \/>\n  <\/td><td class=\"column-7\">  \u00a0<br \/>\n  <\/td><td class=\"column-8\">  \u00a0<br \/>\n  <\/td><td class=\"column-9\">  \u00a0<br \/>\n  <\/td><td class=\"column-10\">  <b>3<\/b><br \/>\n  <\/td><td class=\"column-11\"><b>22,5<\/b><br \/>\n  <\/td>\n<\/tr>\n<tr class=\"row-9\">\n\t<td class=\"column-1\">  <a href=\"https:\/\/www.esmuc.cat\/assignatures\/metodologies-danalisi-musical\/\" target=\"_self\" rel=\"noopener\">Metodolog\u00edas de an\u00e1lisis musical<\/a><br \/>\n  <\/td><td class=\"column-2\">  4<br \/>\n  <\/td><td class=\"column-3\">  45<br \/>\n  <\/td><td class=\"column-4\">  \u00a0<br \/>\n  <\/td><td class=\"column-5\">  \u00a0<br \/>\n  <\/td><td class=\"column-6\">  \u00a0<br \/>\n  <\/td><td class=\"column-7\">  \u00a0<br \/>\n  <\/td><td class=\"column-8\">  \u00a0<br \/>\n  <\/td><td class=\"column-9\">  \u00a0<br \/>\n  <\/td><td class=\"column-10\">  <b>4<\/b><br \/>\n  <\/td><td class=\"column-11\"><b>45<\/b><br \/>\n  <\/td>\n<\/tr>\n<tr class=\"row-10\">\n\t<td class=\"column-1\">  <a href=\"https:\/\/www.esmuc.cat\/assignatures\/percepcio-auditiva-general\/\" target=\"_self\" rel=\"noopener\">Percepci\u00f3n auditiva general<\/a><br \/>\n  <\/td><td class=\"column-2\">  3<br \/>\n  <\/td><td class=\"column-3\">  45<br \/>\n  <\/td><td class=\"column-4\">  \u00a0<br \/>\n  <\/td><td class=\"column-5\">  \u00a0<br \/>\n  <\/td><td class=\"column-6\">  \u00a0<br \/>\n  <\/td><td class=\"column-7\">  \u00a0<br \/>\n  <\/td><td class=\"column-8\">  \u00a0<br \/>\n  <\/td><td class=\"column-9\">  \u00a0<br \/>\n  <\/td><td class=\"column-10\">  <b>3<\/b><br \/>\n  <\/td><td class=\"column-11\"><b>45<\/b><br \/>\n  <\/td>\n<\/tr>\n<tr class=\"row-11\">\n\t<td class=\"column-1\">  <a href=\"https:\/\/www.esmuc.cat\/assignatures\/fonaments-de-la-composicio\/\" target=\"_self\" rel=\"noopener\">Fundamentos de la composici\u00f3n<\/a><br \/>\n  <\/td><td class=\"column-2\">  4<br \/>\n  <\/td><td class=\"column-3\">  45<br \/>\n  <\/td><td class=\"column-4\">  \u00a0<br \/>\n  <\/td><td class=\"column-5\">  \u00a0<br \/>\n  <\/td><td class=\"column-6\">  \u00a0<br \/>\n  <\/td><td class=\"column-7\">  \u00a0<br \/>\n  <\/td><td class=\"column-8\">  \u00a0<br \/>\n  <\/td><td class=\"column-9\">  \u00a0<br \/>\n  <\/td><td class=\"column-10\">  <b>4<\/b><br \/>\n  <\/td><td class=\"column-11\"><b>45<\/b><br \/>\n  <\/td>\n<\/tr>\n<tr class=\"row-12\">\n\t<td colspan=\"11\" class=\"column-1\"><center>Formaci\u00f3n instrumental complementaria (OB)<\/center><\/td>\n<\/tr>\n<tr class=\"row-13\">\n\t<td class=\"column-1\">Piano 1 a 6  <\/td><td class=\"column-2\">  4  <\/td><td class=\"column-3\">  15<br \/>\n  <\/td><td class=\"column-4\">4<br \/>\n  <\/td><td class=\"column-5\">15<br \/>\n  <\/td><td class=\"column-6\">4<br \/>\n  <\/td><td class=\"column-7\">15<br \/>\n  <\/td><td class=\"column-8\">  \u00a0<br \/>\n  <\/td><td class=\"column-9\">  \u00a0<br \/>\n  <\/td><td class=\"column-10\">  <b>12<\/b><br \/>\n  <\/td><td class=\"column-11\"><b>45<\/b><br \/>\n  <\/td>\n<\/tr>\n<tr class=\"row-14\">\n\t<td class=\"column-1\">Canto 1 a 6 \/ Instrumento de la orquesta 1 a 6<\/td><td class=\"column-2\">4<\/td><td class=\"column-3\">15<\/td><td class=\"column-4\">4<\/td><td class=\"column-5\">15<\/td><td class=\"column-6\">4<\/td><td class=\"column-7\">15<\/td><td class=\"column-8\"><\/td><td class=\"column-9\"><\/td><td class=\"column-10\">12<\/td><td class=\"column-11\">45<\/td>\n<\/tr>\n<tr class=\"row-15\">\n\t<td class=\"column-1\">Fon\u00e9tica aplicada al canto I<\/td><td class=\"column-2\"><\/td><td class=\"column-3\"><\/td><td class=\"column-4\">2<\/td><td class=\"column-5\">30<\/td><td class=\"column-6\"><\/td><td class=\"column-7\"><\/td><td class=\"column-8\"><\/td><td class=\"column-9\"><\/td><td class=\"column-10\">2<\/td><td class=\"column-11\">30<\/td>\n<\/tr>\n<tr class=\"row-16\">\n\t<td class=\"column-1\">Improvisaci\u00f3n y acompa\u00f1amiento I y II<\/td><td class=\"column-2\">2<\/td><td class=\"column-3\">30<\/td><td class=\"column-4\">2<\/td><td class=\"column-5\">30<\/td><td class=\"column-6\"><\/td><td class=\"column-7\"><\/td><td class=\"column-8\"><\/td><td class=\"column-9\"><\/td><td class=\"column-10\">4<\/td><td class=\"column-11\">60<\/td>\n<\/tr>\n<tr class=\"row-17\">\n\t<td class=\"column-1\">Reducci\u00f3n de partituras I, II y III<\/td><td class=\"column-2\"><\/td><td class=\"column-3\"><\/td><td class=\"column-4\">4<\/td><td class=\"column-5\">45<\/td><td class=\"column-6\">4<\/td><td class=\"column-7\">45<\/td><td class=\"column-8\">4<\/td><td class=\"column-9\">45<\/td><td class=\"column-10\">12<\/td><td class=\"column-11\">135<\/td>\n<\/tr>\n<tr class=\"row-18\">\n\t<td colspan=\"11\" class=\"column-1\"><center>M\u00fasica de conjunto (OB)<\/center><\/td>\n<\/tr>\n<tr class=\"row-19\">\n\t<td class=\"column-1\">  Coro 1<br \/>\n  <\/td><td class=\"column-2\">  2<br \/>\n  <\/td><td class=\"column-3\">  45<br \/>\n  <\/td><td class=\"column-4\">  \u00a0<br \/>\n  <\/td><td class=\"column-5\">  \u00a0<br \/>\n  <\/td><td class=\"column-6\">  \u00a0<br \/>\n  <\/td><td class=\"column-7\">  \u00a0<br \/>\n  <\/td><td class=\"column-8\">  \u00a0<br \/>\n  <\/td><td class=\"column-9\">  \u00a0<br \/>\n  <\/td><td class=\"column-10\">  <b>2<\/b><br \/>\n  <\/td><td class=\"column-11\"><b>45<\/b><br \/>\n  <\/td>\n<\/tr>\n<tr class=\"row-20\">\n\t<td class=\"column-1\"><a href=\"https:\/\/www.esmuc.cat\/assignatures\/conjunt-instrumental\" target=\"_self\" rel=\"noopener\">Conjunto instrumental 1 a 3<\/a><\/td><td class=\"column-2\">2<\/td><td class=\"column-3\">22,5<\/td><td class=\"column-4\">2  \u00a0<br \/>\n  <\/td><td class=\"column-5\">22,5  \u00a0<br \/>\n  <\/td><td class=\"column-6\">2  \u00a0<br \/>\n  <\/td><td class=\"column-7\">22,5  \u00a0<br \/>\n  <\/td><td class=\"column-8\">  \u00a0<br \/>\n  <\/td><td class=\"column-9\">  \u00a0<br \/>\n  <\/td><td class=\"column-10\">  <b>6<\/b><br \/>\n  <\/td><td class=\"column-11\"><b>67,5<\/b><br \/>\n  <\/td>\n<\/tr>\n<tr class=\"row-21\">\n\t<td colspan=\"11\" class=\"column-1\"><center>Composici\u00f3n y instrumentaci\u00f3n (OB)<\/center><\/td>\n<\/tr>\n<tr class=\"row-22\">\n\t<td class=\"column-1\">  Instrumentaci\u00f3n y orquestraci\u00f3n <a href=\"https:\/\/www.esmuc.cat\/assignatures\/instrumentacio-i-orquestracio-i\/\" target=\"_self\" rel=\"noopener\">I<\/a>, <a href=\"https:\/\/www.esmuc.cat\/assignatures\/instrumentacio-i-orquestracio-ii\/\" target=\"_self\" rel=\"noopener\">II<\/a>, <a href=\"https:\/\/www.esmuc.cat\/assignatures\/instrumentacio-i-orquestracio-iii\/\" target=\"_self\" rel=\"noopener\">III<\/a> y <a href=\"https:\/\/www.esmuc.cat\/assignatures\/instrumentacio-i-orquestracio-iv\/\" target=\"_self\" rel=\"noopener\">IV<\/a><\/td><td class=\"column-2\">3<br \/>\n  <\/td><td class=\"column-3\">45<br \/>\n  <\/td><td class=\"column-4\">3<br \/>\n  <\/td><td class=\"column-5\">45<br \/>\n  <\/td><td class=\"column-6\">3<br \/>\n  <\/td><td class=\"column-7\">45<br \/>\n  <\/td><td class=\"column-8\">3<\/td><td class=\"column-9\">45<br \/>\n  <\/td><td class=\"column-10\">  <b>12<\/b><br \/>\n  <\/td><td class=\"column-11\"><b>180<\/b><br \/>\n  <\/td>\n<\/tr>\n<tr class=\"row-23\">\n\t<td class=\"column-1\">  T\u00e9cnicas compositivas I<\/a> i <a href=\"https:\/\/www.esmuc.cat\/assignatures\/tecniques-compositives\/\">II<\/a><\/td><td class=\"column-2\">  <\/td><td class=\"column-3\">  <\/td><td class=\"column-4\">  <\/td><td class=\"column-5\">  <\/td><td class=\"column-6\"> 3<\/td><td class=\"column-7\">45  <\/td><td class=\"column-8\">3<br \/>\n  <\/td><td class=\"column-9\">45  <\/td><td class=\"column-10\">  <b>6<\/b><br \/>\n  <\/td><td class=\"column-11\"><b>90<\/b><br \/>\n  <\/td>\n<\/tr>\n<tr class=\"row-24\">\n\t<td class=\"column-1\">  <a href=\"https:\/\/www.esmuc.cat\/assignatures\/percepcio-auditiva-especifica-piano-orgue\/\" target=\"_self\" rel=\"noopener\">Percepci\u00f3n auditiva espec\u00edfica<\/a><br \/>\n  <\/td><td class=\"column-2\">  <\/td><td class=\"column-3\"><\/td><td class=\"column-4\">2<br \/>\n  <\/td><td class=\"column-5\">45<br \/>\n  <\/td><td class=\"column-6\">  <\/td><td class=\"column-7\"> <\/td><td class=\"column-8\">  \u00a0<br \/>\n  <\/td><td class=\"column-9\">  \u00a0<br \/>\n  <\/td><td class=\"column-10\">  <b>2<\/b><br \/>\n  <\/td><td class=\"column-11\"><b>45<\/b><br \/>\n  <\/td>\n<\/tr>\n<tr class=\"row-25\">\n\t<td colspan=\"11\" class=\"column-1\"><center>Teor\u00eda e historia (OB)<\/center><\/td>\n<\/tr>\n<tr class=\"row-26\">\n\t<td class=\"column-1\">  An\u00e1lisis de la m\u00fasica <a href=\"https:\/\/www.esmuc.cat\/assignatures\/analisi-de-la-musica-i-6\/\" target=\"_self\" rel=\"noopener\">I<\/a> y <a href=\"https:\/\/www.esmuc.cat\/assignatures\/analisi-de-la-musica-ii\/\" target=\"_self\" rel=\"noopener\">II<\/a><\/td><td class=\"column-2\">  \u00a0<br \/>\n  <\/td><td class=\"column-3\">  \u00a0<br \/>\n  <\/td><td class=\"column-4\">  3<br \/>\n  <\/td><td class=\"column-5\">  45<br \/>\n  <\/td><td class=\"column-6\">  3<br \/>\n  <\/td><td class=\"column-7\">  45<br \/>\n  <\/td><td class=\"column-8\">  \u00a0<br \/>\n  <\/td><td class=\"column-9\">  \u00a0<br \/>\n  <\/td><td class=\"column-10\">  <b>6<\/b><br \/>\n  <\/td><td class=\"column-11\"><b>90<\/b><br \/>\n  <\/td>\n<\/tr>\n<tr class=\"row-27\">\n\t<td class=\"column-1\">  <a href=\"https:\/\/www.esmuc.cat\/assignatures\/analisi-de-la-musica-dels-segles-xx-i-xxi\/\" target=\"_self\" rel=\"noopener\">An\u00e1lisis de la m\u00fasica de los siglos XX y XXI<\/a><\/td><td class=\"column-2\">  \u00a0<br \/>\n  <\/td><td class=\"column-3\">  \u00a0<br \/>\n  <\/td><td class=\"column-4\">  \u00a0<br \/>\n  <\/td><td class=\"column-5\">  \u00a0<br \/>\n  <\/td><td class=\"column-6\">  <\/td><td class=\"column-7\">  <\/td><td class=\"column-8\">  \u00a03<br \/>\n  <\/td><td class=\"column-9\">  \u00a045<br \/>\n  <\/td><td class=\"column-10\">  <b>3<\/b><br \/>\n  <\/td><td class=\"column-11\"><b>45<\/b><br \/>\n  <\/td>\n<\/tr>\n<tr class=\"row-28\">\n\t<td class=\"column-1\">  <a href=\"https:\/\/www.esmuc.cat\/assignatures\/compositors-catalans-dels-segles-xx-i-xxi\/\" target=\"_self\" rel=\"noopener\">Compositores catalanes de los siglos XX y XXI<\/a><\/td><td class=\"column-2\">  \u00a0<br \/>\n  <\/td><td class=\"column-3\">  \u00a0<br \/>\n  <\/td><td class=\"column-4\">  <\/td><td class=\"column-5\"><\/td><td class=\"column-6\">  \u00a0<br \/>\n  <\/td><td class=\"column-7\">  \u00a0<br \/>\n  <\/td><td class=\"column-8\"> 3<\/td><td class=\"column-9\">45  \u00a0<br \/>\n  <\/td><td class=\"column-10\">  <b>3<\/b><br \/>\n  <\/td><td class=\"column-11\"><b>45<\/b><br \/>\n  <\/td>\n<\/tr>\n<tr class=\"row-29\">\n\t<td colspan=\"11\" class=\"column-1\"><center>T\u00e9cnica de la direcci\u00f3n (OB)<\/center><\/td>\n<\/tr>\n<tr class=\"row-30\">\n\t<td class=\"column-1\">Direcci\u00f3n y pr\u00e1cticas de coro principal 1 a 6<\/td><td class=\"column-2\">  \u00a0<br \/>\n  12<\/td><td class=\"column-3\">52,5 \u00a0<br \/>\n  <\/td><td class=\"column-4\">12<br \/>\n  <\/td><td class=\"column-5\">52,5  \u00a0<br \/>\n  <\/td><td class=\"column-6\">12<br \/>\n  <\/td><td class=\"column-7\">52,5 <br \/>\n  <\/td><td class=\"column-8\">  <\/td><td class=\"column-9\">  <\/td><td class=\"column-10\">  <b>36<\/b><br \/>\n  <\/td><td class=\"column-11\"><b>157,5<\/b><br \/>\n  <\/td>\n<\/tr>\n<tr class=\"row-31\">\n\t<td class=\"column-1\">Direcci\u00f3n y pr\u00e1cticas de orquesta principal 1 a 6<\/td><td class=\"column-2\">12<\/td><td class=\"column-3\">52,5 <\/td><td class=\"column-4\">12<\/td><td class=\"column-5\">52,5 <\/td><td class=\"column-6\">12<\/td><td class=\"column-7\">52,5 <\/td><td class=\"column-8\"><\/td><td class=\"column-9\"><\/td><td class=\"column-10\">36<\/td><td class=\"column-11\">157,5<\/td>\n<\/tr>\n<tr class=\"row-32\">\n\t<td class=\"column-1\">Direcci\u00f3n y pr\u00e1cticas de coro principal \/ Direcci\u00f3n y pr\u00e1cticas de orquesta principal 7 y 8<\/td><td class=\"column-2\"><\/td><td class=\"column-3\"><\/td><td class=\"column-4\"><\/td><td class=\"column-5\"><\/td><td class=\"column-6\"><\/td><td class=\"column-7\"><\/td><td class=\"column-8\">24<\/td><td class=\"column-9\">52,5 <\/td><td class=\"column-10\">24<\/td><td class=\"column-11\">52,5<\/td>\n<\/tr>\n<tr class=\"row-33\">\n\t<td class=\"column-1\">Formaci\u00f3n corporal y comunicaci\u00f3n<a href=\"https:\/\/www.esmuc.cat\/assignatures\/formacio-corporal-i-comunicacio-i\/\" target=\"_self\" rel=\"noopener\"> I <\/a>y <a href=\"https:\/\/www.esmuc.cat\/assignatures\/formacio-corporal-i-comunicacio-ii\/\" target=\"_self\" rel=\"noopener\">II<\/a><\/td><td class=\"column-2\">2<\/td><td class=\"column-3\">22,5<\/td><td class=\"column-4\">2<\/td><td class=\"column-5\">22,5<\/td><td class=\"column-6\"><\/td><td class=\"column-7\"><\/td><td class=\"column-8\"><\/td><td class=\"column-9\"><\/td><td class=\"column-10\">4<\/td><td class=\"column-11\">45<\/td>\n<\/tr>\n<tr class=\"row-34\">\n\t<td colspan=\"11\" class=\"column-1\"><center>Tecnolog\u00eda musical (OB)<\/center><\/td>\n<\/tr>\n<tr class=\"row-35\">\n\t<td class=\"column-1\">  <a href=\"https:\/\/www.esmuc.cat\/assignatures\/introduccio-a-la-tecnologia-musical\/\" target=\"_self\" rel=\"noopener\">Introducci\u00f3n a la tecnolog\u00eda musical <\/a><\/td><td class=\"column-2\">  <\/td><td class=\"column-3\">  <\/td><td class=\"column-4\">2  \u00a0<br \/>\n  <\/td><td class=\"column-5\">22,5<\/td><td class=\"column-6\">  \u00a0<br \/>\n  <\/td><td class=\"column-7\">  \u00a0<br \/>\n  <\/td><td class=\"column-8\">  \u00a0<br \/>\n  <\/td><td class=\"column-9\">  \u00a0<br \/>\n  <\/td><td class=\"column-10\">  <b>2<\/b><br \/>\n  <\/td><td class=\"column-11\"><b>22,5<\/b><br \/>\n  <\/td>\n<\/tr>\n<tr class=\"row-36\">\n\t<td class=\"column-1\">  <a href=\"https:\/\/www.esmuc.cat\/assignatures\/edicio-de-partitures-amb-mitjans-informatics\/\" target=\"_self\" rel=\"noopener\">Edici\u00f3n de partituras con medios inform\u00e1ticos<\/a><\/td><td class=\"column-2\">  <\/td><td class=\"column-3\">  <\/td><td class=\"column-4\">  \u00a0<br \/>\n  <\/td><td class=\"column-5\">  \u00a0<br \/>\n  <\/td><td class=\"column-6\">2  \u00a0<br \/>\n  <\/td><td class=\"column-7\">30  \u00a0<br \/>\n  <\/td><td class=\"column-8\">  \u00a0<br \/>\n  <\/td><td class=\"column-9\">  \u00a0<br \/>\n  <\/td><td class=\"column-10\">  <b>2<\/b><br \/>\n  <\/td><td class=\"column-11\"><b>30<\/b><br \/>\n  <\/td>\n<\/tr>\n<tr class=\"row-37\">\n\t<td class=\"column-1\">  <a href=\"https:\/\/www.esmuc.cat\/assignatures\/tecniques-denregistrament-i-postproduccio\/\" target=\"_self\" rel=\"noopener\">T\u00e9cnicas de grabaci\u00f3n y postproducci\u00f3n I<\/a><\/td><td class=\"column-2\">  \u00a0<br \/>\n  <\/td><td class=\"column-3\">  \u00a0<br \/>\n  <\/td><td class=\"column-4\">  <\/td><td class=\"column-5\">  <\/td><td class=\"column-6\">  \u00a0<br \/>\n  2<\/td><td class=\"column-7\">22,5<\/td><td class=\"column-8\">  \u00a0<br \/>\n  <\/td><td class=\"column-9\">  \u00a0<br \/>\n  <\/td><td class=\"column-10\">  <b>2<\/b><br \/>\n  <\/td><td class=\"column-11\"><b>22,5<\/b><br \/>\n  <\/td>\n<\/tr>\n<tr class=\"row-38\">\n\t<td colspan=\"11\" class=\"column-1\"><center>Materias optativas (OP)<\/center><\/td>\n<\/tr>\n<tr class=\"row-39\">\n\t<td class=\"column-1\">  Cr\u00e9ditos optativos<br \/>\n  <\/td><td class=\"column-2\">  \u00a0<br \/>\n  <\/td><td class=\"column-3\">  \u00a0<br \/>\n  <\/td><td class=\"column-4\">  \u00a0<br \/>\n  <\/td><td class=\"column-5\">  \u00a0<br \/>\n  <\/td><td class=\"column-6\">3  \u00a0<br \/>\n  <\/td><td class=\"column-7\">45  \u00a0<br \/>\n  <\/td><td class=\"column-8\">9<br \/>\n  <\/td><td class=\"column-9\">135<br \/>\n  <\/td><td class=\"column-10\">  <b>12<\/b><br \/>\n  <\/td><td class=\"column-11\"><b>180<\/b><br \/>\n  <\/td>\n<\/tr>\n<tr class=\"row-40\">\n\t<td colspan=\"11\" class=\"column-1\"><center>Trabajo Final (TFG)<\/center><\/td>\n<\/tr>\n<tr class=\"row-41\">\n\t<td class=\"column-1\">  <a href=\"https:\/\/www.esmuc.cat\/assignatures\/metodologies-de-recerca\/\" target=\"_self\" rel=\"noopener\">Metodolog\u00edas de investigaci\u00f3n<\/a><\/td><td class=\"column-2\">  \u00a0<br \/>\n  <\/td><td class=\"column-3\">  \u00a0<br \/>\n  <\/td><td class=\"column-4\">  \u00a0<br \/>\n  <\/td><td class=\"column-5\">  \u00a0<br \/>\n  <\/td><td class=\"column-6\">2<br \/>\n  <\/td><td class=\"column-7\">30<br \/>\n  <\/td><td class=\"column-8\">  \u00a0<br \/>\n  <\/td><td class=\"column-9\">  \u00a0<br \/>\n  <\/td><td class=\"column-10\">  <b>2<\/b><br \/>\n  <\/td><td class=\"column-11\"><b>30<\/b><br \/>\n  <\/td>\n<\/tr>\n<tr class=\"row-42\">\n\t<td class=\"column-1\"> Trabajo fin de grado<\/td><td class=\"column-2\">  \u00a0<br \/>\n  <\/td><td class=\"column-3\">  \u00a0<br \/>\n  <\/td><td class=\"column-4\">  \u00a0<br \/>\n  <\/td><td class=\"column-5\">  \u00a0<br \/>\n  <\/td><td class=\"column-6\">  \u00a0<br \/>\n  <\/td><td class=\"column-7\">  \u00a0<br \/>\n  <\/td><td class=\"column-8\">  8<br \/>\n  <\/td><td class=\"column-9\">  15<br \/>\n  <\/td><td class=\"column-10\">  <b>8<\/b><br \/>\n  <\/td><td class=\"column-11\"><b>15<\/b><br \/>\n  <\/td>\n<\/tr>\n<\/tbody>\n<tfoot>\n<tr class=\"row-43\">\n\t<th class=\"column-1\">TOTAL<\/th><th class=\"column-2\">60<br \/>\n  <\/th><th class=\"column-3\">525<\/th><th class=\"column-4\">60<br \/>\n  <\/th><th class=\"column-5\">510<\/th><th class=\"column-6\">60<br \/>\n  <\/th><th class=\"column-7\">525<\/th><th class=\"column-8\">60<br \/>\n  <\/th><th class=\"column-9\">472,5  <\/th><th class=\"column-10\">240<br \/>\n  <\/th><th class=\"column-11\"><b>2032,5<\/b><br \/>\n  <\/th>\n<\/tr>\n<\/tfoot>\n<\/table>\n<!-- #tablepress-364 from cache -->\n","protected":false},"excerpt":{"rendered":"<p>Curr\u00edculum Direcci\u00f3n<\/p>\n","protected":false},"author":4,"featured_media":0,"parent":30940,"menu_order":0,"comment_status":"closed","ping_status":"closed","template":"","meta":{"_acf_changed":false,"_themeisle_gutenberg_block_has_review":false,"footnotes":""},"categories":[1126],"tags":[1210],"class_list":["post-31363","page","type-page","status-publish","hentry","category-especialitats-es","tag-pla-destudis-es"],"acf":[],"publishpress_future_action":{"enabled":false,"date":"2026-04-13 15:24:04","action":"change-status","newStatus":"draft","terms":[],"taxonomy":"category","extraData":[]},"publishpress_future_workflow_manual_trigger":{"enabledWorkflows":[]},"_links":{"self":[{"href":"https:\/\/www.esmuc.cat\/es\/wp-json\/wp\/v2\/pages\/31363","targetHints":{"allow":["GET"]}}],"collection":[{"href":"https:\/\/www.esmuc.cat\/es\/wp-json\/wp\/v2\/pages"}],"about":[{"href":"https:\/\/www.esmuc.cat\/es\/wp-json\/wp\/v2\/types\/page"}],"author":[{"embeddable":true,"href":"https:\/\/www.esmuc.cat\/es\/wp-json\/wp\/v2\/users\/4"}],"replies":[{"embeddable":true,"href":"https:\/\/www.esmuc.cat\/es\/wp-json\/wp\/v2\/comments?post=31363"}],"version-history":[{"count":5,"href":"https:\/\/www.esmuc.cat\/es\/wp-json\/wp\/v2\/pages\/31363\/revisions"}],"predecessor-version":[{"id":82601,"href":"https:\/\/www.esmuc.cat\/es\/wp-json\/wp\/v2\/pages\/31363\/revisions\/82601"}],"up":[{"embeddable":true,"href":"https:\/\/www.esmuc.cat\/es\/wp-json\/wp\/v2\/pages\/30940"}],"wp:attachment":[{"href":"https:\/\/www.esmuc.cat\/es\/wp-json\/wp\/v2\/media?parent=31363"}],"wp:term":[{"taxonomy":"category","embeddable":true,"href":"https:\/\/www.esmuc.cat\/es\/wp-json\/wp\/v2\/categories?post=31363"},{"taxonomy":"post_tag","embeddable":true,"href":"https:\/\/www.esmuc.cat\/es\/wp-json\/wp\/v2\/tags?post=31363"}],"curies":[{"name":"wp","href":"https:\/\/api.w.org\/{rel}","templated":true}]}}