{"id":31241,"date":"2021-06-22T10:16:37","date_gmt":"2021-06-22T08:16:37","guid":{"rendered":"https:\/\/www.esmuc.cat\/grau\/acceso-y-admision__trashed\/requisits\/normatives-que-regulen-les-equivalencies\/"},"modified":"2022-03-04T14:21:32","modified_gmt":"2022-03-04T13:21:32","slug":"normatives-que-regulen-les-equivalencies","status":"publish","type":"page","link":"https:\/\/www.esmuc.cat\/es\/estudios\/grau\/acces-i-admissio\/requisits\/normatives-que-regulen-les-equivalencies\/","title":{"rendered":"Normativas que regulan las equivalencias"},"content":{"rendered":"\n<div class=\"wp-block-columns is-layout-flex wp-container-core-columns-is-layout-9d6595d7 wp-block-columns-is-layout-flex\">\n<div class=\"wp-block-column esmuc__Menu_Masters is-layout-flow wp-block-column-is-layout-flow\" style=\"flex-basis:33.33%\">\n\n<\/div>\n\n\n\n<div class=\"wp-block-column is-layout-flow wp-block-column-is-layout-flow\" style=\"flex-basis:66.66%\"><div class=\"breadcrumbs align  wp-block-bcn-breadcrumb-trail has-text-color has-background\" vocab=\"https:\/\/schema.org\/\" typeof=\"BreadcrumbList\">\n\t<span><\/span>\n\t<span property=\"itemListElement\" typeof=\"ListItem\"><a property=\"item\" typeof=\"WebPage\" title=\"Ir a ESMUC.\" href=\"https:\/\/www.esmuc.cat\/es\/\" class=\"home\" ><span property=\"name\">ESMUC<\/span><\/a><meta property=\"position\" content=\"1\"><\/span> &gt; <span property=\"itemListElement\" typeof=\"ListItem\"><a property=\"item\" typeof=\"WebPage\" title=\"Ir a Estudios.\" href=\"https:\/\/www.esmuc.cat\/es\/estudios\/\" class=\"post post-page\" ><span property=\"name\">Estudios<\/span><\/a><meta property=\"position\" content=\"2\"><\/span> &gt; <span property=\"itemListElement\" typeof=\"ListItem\"><a property=\"item\" typeof=\"WebPage\" title=\"Ir a Grado.\" href=\"https:\/\/www.esmuc.cat\/es\/estudios\/grau\/\" class=\"post post-page\" ><span property=\"name\">Grado<\/span><\/a><meta property=\"position\" content=\"3\"><\/span> &gt; <span property=\"itemListElement\" typeof=\"ListItem\"><a property=\"item\" typeof=\"WebPage\" title=\"Ir a Acceso y Admisi\u00f3n.\" href=\"https:\/\/www.esmuc.cat\/es\/estudios\/grau\/acces-i-admissio\/\" class=\"post post-page\" ><span property=\"name\">Acceso y Admisi\u00f3n<\/span><\/a><meta property=\"position\" content=\"4\"><\/span> &gt; <span property=\"itemListElement\" typeof=\"ListItem\"><a property=\"item\" typeof=\"WebPage\" title=\"Ir a Requisitos.\" href=\"https:\/\/www.esmuc.cat\/es\/estudios\/grau\/acces-i-admissio\/requisits\/\" class=\"post post-page\" ><span property=\"name\">Requisitos<\/span><\/a><meta property=\"position\" content=\"5\"><\/span> &gt; <span property=\"itemListElement\" typeof=\"ListItem\"><span property=\"name\" class=\"post post-page current-item\">Normativas que regulan las equivalencias<\/span><meta property=\"url\" content=\"https:\/\/www.esmuc.cat\/es\/estudios\/grau\/acces-i-admissio\/requisits\/normatives-que-regulen-les-equivalencies\/\"><meta property=\"position\" content=\"6\"><\/span><\/div>\n\n\n\n<h1 class=\"wp-block-heading\">Normativas que regulan las equivalencias<\/h1>\n\n\n\n<div id=\"section-ga90934\" class=\"wp-block-gutentor-e0 section-ga90934 gutentor-element gutentor-element-advanced-text\"><div class=\"gutentor-text-wrap\"><p class=\"gutentor-text\">Equivalencias acad\u00e9micas bajo el t\u00edtulo de Bachiller de la LOE-LOGSE<\/p><\/div><\/div>\n\n\n\n<table id=\"tablepress-362\" class=\"tablepress tablepress-id-362 tbody-has-connected-cells\">\n<thead>\n<tr class=\"row-1\">\n\t<th class=\"column-1\"> Equivalencia<br \/>\n  <\/th><th class=\"column-2\">  Normativa<br \/>\n  <\/th>\n<\/tr>\n<\/thead>\n<tbody class=\"row-striping row-hover\">\n<tr class=\"row-2\">\n\t<td class=\"column-1\">Segundo curso de una modalidad de Bachiller experimental<br \/>\n  <\/td><td class=\"column-2\">  <p>Anexo I del Real Decreto 986\/1991, de 14 de junio, por el que se aprueba el calendario de aplicaci\u00f3n de la nueva ordenaci\u00f3n del sistema educativo. BOE n\u00fam. 151, de 25 de junio de 1991<\/P> <P>(Incluye las equivalencias de los cursos del sistema antiguo con el nuevo).<\/p><br \/>\n  <\/td>\n<\/tr>\n<tr class=\"row-3\">\n\t<td class=\"column-1\">Prueba de acceso a los ciclos formativos de grado superior<\/td><td rowspan=\"3\" class=\"column-2\">Orden EDU\/1603\/2009, de 10 de junio, por la que se establecen equivalencias con los t\u00edtulos de Graduado en Educaci\u00f3n Secundaria Obligatoria y de Bachiller regulados en la Ley Org\u00e1nica 2\/2006, de 3 de mayo, de Educaci\u00f3n.<br \/>\nBOE-A-2009-10054, modificada por la Orden EDU\/520\/2011, de 7 de marzo. BOE de 14\/3\/2011<\/td>\n<\/tr>\n<tr class=\"row-4\">\n\t<td class=\"column-1\">T\u00edtulo de BUP m\u00e1s  COU<br \/>\n  <\/td>\n<\/tr>\n<tr class=\"row-5\">\n\t<td class=\"column-1\">  T\u00edtulo de T\u00e9cnico Especialista (FP de segundo grado) m\u00e1s COU<\/td>\n<\/tr>\n<tr class=\"row-6\">\n\t<td class=\"column-1\">Estudios extranjeros declarados equivalentes a efectos acad\u00e9micos<br \/>\n  <\/td><td class=\"column-2\">  <p>Orden de 30 de abril\u00a0 de 1996, por la que se adecuan a la nueva ordenaci\u00f3n educativa determinados criterios en materia de homologaci\u00f3n y convalidaci\u00f3n de t\u00edtulos y estudios extranjeros de niveles no universitarios y se fija el r\u00e9gimen de equivalencias con los correspondientes espa\u00f1oles.<\/p><p>BOE n\u00fam. 112, de 8 de mayo de1996<\/p><p>(\u00e0mplia llista de pa\u00efsos i refer\u00e8ncia als convenis espec\u00edfics)<\/p><p>\u00a0<\/p><p>ORDEN ECD\/3305\/2002, de 16 de diciembre, por la que se modifican las de 14 de marzo de 1988 y de 30 de abril de 1996, para la aplicaci\u00f3n de lo dispuesto en el Real Decreto 104\/1988, de 29 de enero, sobre homologaci\u00f3n y convalidaci\u00f3n de t\u00edtulos y estudios extranjeros de educaci\u00f3n no universitaria.<\/p><p>BOE n\u00fam. 311 de 28.12.2002<\/p><p>\u00a0<\/p><p>ORDEN ECD\/3305\/2002, de 16 de diciembre, por la que se modifican las de 14 de marzo de 1988 y de 30 de abril de 1996, para la aplicaci\u00f3n de lo dispuesto en el Real Decreto 104\/1988, de 29 de enero, sobre homologaci\u00f3n y convalidaci\u00f3n de t\u00edtulos y estudios extranjeros de educaci\u00f3n no universitaria.<\/p><p>BOE n\u00fam. 311 de 28.12.2002<\/p><p>\u00a0<\/p><p>ORDEN de 20 de marzo de 2001 por la que se regula el r\u00e9gimen de equivalencias de los estudios b\u00e1sicos y medios cursados en los pa\u00edses signatarios del Convenio \u201cAndr\u00e9s Bello\u201d, con los correspondientes espa\u00f1oles de Educaci\u00f3n Secundaria Obligatoria y Bachillerato establecidos por la Ley Org\u00e1nica 1\/1990, de 3 de octubre, de Ordenaci\u00f3n General del Sistema Educativo<\/p><p>(Diversos pa\u00efsos sudamericans)<\/p><p>BOE n\u00fam. 86 de 10.4.2001<\/p><p>\u00a0<\/p><p>ORDEN de 20 de marzo de 2001 por la que se regula el r\u00e9gimen de equivalencias de los estudios de Suiza con los correspondientes espa\u00f1oles de Educaci\u00f3n Secundaria Obligatoria y Bachillerato, establecidos por la Ley Org\u00e1nica 1\/1990, de 3 de octubre, de Ordenaci\u00f3n General del Sistema Educativo.<\/p><p>BOE n\u00fam. 86 de 10.4.2001<\/p><br \/>\n  <\/td>\n<\/tr>\n<\/tbody>\n<\/table>\n<!-- #tablepress-362 from cache -->\n<\/div>\n<\/div>\n\n\n\n<p><\/p>\n","protected":false},"excerpt":{"rendered":"<p>Normativas que regulan las equivalencias<\/p>\n","protected":false},"author":4,"featured_media":0,"parent":31720,"menu_order":0,"comment_status":"closed","ping_status":"closed","template":"","meta":{"_acf_changed":false,"_themeisle_gutenberg_block_has_review":false,"footnotes":""},"categories":[1133],"tags":[],"class_list":["post-31241","page","type-page","status-publish","hentry","category-grau-es"],"acf":[],"publishpress_future_action":{"enabled":false,"date":"2026-04-26 15:34:26","action":"change-status","newStatus":"draft","terms":[],"taxonomy":"category","extraData":[]},"publishpress_future_workflow_manual_trigger":{"enabledWorkflows":[]},"_links":{"self":[{"href":"https:\/\/www.esmuc.cat\/es\/wp-json\/wp\/v2\/pages\/31241","targetHints":{"allow":["GET"]}}],"collection":[{"href":"https:\/\/www.esmuc.cat\/es\/wp-json\/wp\/v2\/pages"}],"about":[{"href":"https:\/\/www.esmuc.cat\/es\/wp-json\/wp\/v2\/types\/page"}],"author":[{"embeddable":true,"href":"https:\/\/www.esmuc.cat\/es\/wp-json\/wp\/v2\/users\/4"}],"replies":[{"embeddable":true,"href":"https:\/\/www.esmuc.cat\/es\/wp-json\/wp\/v2\/comments?post=31241"}],"version-history":[{"count":2,"href":"https:\/\/www.esmuc.cat\/es\/wp-json\/wp\/v2\/pages\/31241\/revisions"}],"predecessor-version":[{"id":31249,"href":"https:\/\/www.esmuc.cat\/es\/wp-json\/wp\/v2\/pages\/31241\/revisions\/31249"}],"up":[{"embeddable":true,"href":"https:\/\/www.esmuc.cat\/es\/wp-json\/wp\/v2\/pages\/31720"}],"wp:attachment":[{"href":"https:\/\/www.esmuc.cat\/es\/wp-json\/wp\/v2\/media?parent=31241"}],"wp:term":[{"taxonomy":"category","embeddable":true,"href":"https:\/\/www.esmuc.cat\/es\/wp-json\/wp\/v2\/categories?post=31241"},{"taxonomy":"post_tag","embeddable":true,"href":"https:\/\/www.esmuc.cat\/es\/wp-json\/wp\/v2\/tags?post=31241"}],"curies":[{"name":"wp","href":"https:\/\/api.w.org\/{rel}","templated":true}]}}