{"id":31155,"date":"2021-06-22T13:28:08","date_gmt":"2021-06-22T11:28:08","guid":{"rendered":"https:\/\/www.esmuc.cat\/grau\/beques-i-ajuts\/beques\/"},"modified":"2022-04-11T14:20:59","modified_gmt":"2022-04-11T12:20:59","slug":"beques","status":"publish","type":"page","link":"https:\/\/www.esmuc.cat\/es\/estudios\/grau\/beques-i-ajuts\/beques\/","title":{"rendered":"Becas"},"content":{"rendered":"\n<div class=\"wp-block-columns is-layout-flex wp-container-core-columns-is-layout-9d6595d7 wp-block-columns-is-layout-flex\">\n<div class=\"wp-block-column esmuc__Menu_Masters is-layout-flow wp-block-column-is-layout-flow\" style=\"flex-basis:33.33%\">\n\n<\/div>\n\n\n\n<div class=\"wp-block-column is-layout-flow wp-block-column-is-layout-flow\" style=\"flex-basis:66.66%\"><div class=\"breadcrumbs align  wp-block-bcn-breadcrumb-trail has-text-color has-background\" vocab=\"https:\/\/schema.org\/\" typeof=\"BreadcrumbList\">\n\t<span><\/span>\n\t<span property=\"itemListElement\" typeof=\"ListItem\"><a property=\"item\" typeof=\"WebPage\" title=\"Ir a ESMUC.\" href=\"https:\/\/www.esmuc.cat\/es\/\" class=\"home\" ><span property=\"name\">ESMUC<\/span><\/a><meta property=\"position\" content=\"1\"><\/span> &gt; <span property=\"itemListElement\" typeof=\"ListItem\"><a property=\"item\" typeof=\"WebPage\" title=\"Ir a Estudios.\" href=\"https:\/\/www.esmuc.cat\/es\/estudios\/\" class=\"post post-page\" ><span property=\"name\">Estudios<\/span><\/a><meta property=\"position\" content=\"2\"><\/span> &gt; <span property=\"itemListElement\" typeof=\"ListItem\"><a property=\"item\" typeof=\"WebPage\" title=\"Ir a Grado.\" href=\"https:\/\/www.esmuc.cat\/es\/estudios\/grau\/\" class=\"post post-page\" ><span property=\"name\">Grado<\/span><\/a><meta property=\"position\" content=\"3\"><\/span> &gt; <span property=\"itemListElement\" typeof=\"ListItem\"><a property=\"item\" typeof=\"WebPage\" title=\"Ir a Becas y ayudas.\" href=\"https:\/\/www.esmuc.cat\/es\/estudios\/grau\/beques-i-ajuts\/\" class=\"post post-page\" ><span property=\"name\">Becas y ayudas<\/span><\/a><meta property=\"position\" content=\"4\"><\/span> &gt; <span property=\"itemListElement\" typeof=\"ListItem\"><span property=\"name\" class=\"post post-page current-item\">Becas<\/span><meta property=\"url\" content=\"https:\/\/www.esmuc.cat\/es\/estudios\/grau\/beques-i-ajuts\/beques\/\"><meta property=\"position\" content=\"5\"><\/span><\/div>\n\n\n\n<h1 class=\"wp-block-heading\">Becas<\/h1>\n\n\n\n<section id=\"f6915f\" class=\"section-f6915f gutentor-module gutentor-module-accordion\"><div class=\"grid-container\">\n<div id=\"fc8922\" class=\"wp-block-gutentor-m6-item section-fc8922 gutentor-module gutentor-module-accordion-item\"><div class=\"gutentor-module-accordion-panel g-a-panel-f6915f\"><div class=\"gm-ah-f6915f gutentor-module-accordion-item-heading gutentor-module-icon-position-right\"><span class=\"gutentor-module-accordion-panel-handler\" role=\"button\"><span class=\"gutentor-module-accordion-panel-handler-label\">Becas del Ministerio de Educaci\u00f3n, Cultura y Deporte<\/span><span class=\"gutentor-module-accordion-icon\"><i class=\"gm-aio-f6915f gutentor-module-accordion-icon-open fas fa-plus\"><\/i><i class=\"gm-aic-f6915f gutentor-module-accordion-icon-close fas fa-minus\"><\/i><\/span><\/span><\/div><div class=\"gm-ab-f6915f gutentor-module-accordion-body\">\n<div id=\"section-g13c747\" class=\"wp-block-gutentor-e7 section-g13c747 gutentor-element gutentor-element-list\"><ul class=\"grid-row gutentor-grid-item-wrap list-indicator-icon\"><li class=\"gutentor-list-item grid-lg-12 grid-md-12 grid-12\"><span class=\"gutentor-single-item gutentor-single-item-0\"><span class=\"gutentor-list-item-wrap g-s-list-wrap\"><span class=\"gutentor-single-list-item-icon\"><i class=\"list-item-icon fas fa-angle-right\"><\/i><\/span><span class=\"gutentor-list-item\"><p class=\"gutentor-single-item-title\">Pueden sol\u00b7licitarla todos els estudiantes oficiales y los extranjeros que tengan una cuenta bancaria en Espa\u00f1a.<\/p><\/span><\/span><\/span><\/li><li class=\"gutentor-list-item grid-lg-12 grid-md-12 grid-12\"><span class=\"gutentor-single-item gutentor-single-item-1\"><span class=\"gutentor-list-item-wrap g-s-list-wrap\"><span class=\"gutentor-single-list-item-icon\"><i class=\"list-item-icon fas fa-angle-right\"><\/i><\/span><span class=\"gutentor-list-item\"><p class=\"gutentor-single-item-title\">En el caso de estudios superiores no universitarios, estas becas pueden otorgarse para movilidad o residencia: no pueden solicitarse ni otorgarse para cubrir la matr\u00edcula.<\/p><\/span><\/span><\/span><\/li><li class=\"gutentor-list-item grid-lg-12 grid-md-12 grid-12\"><span class=\"gutentor-single-item gutentor-single-item-2\"><span class=\"gutentor-list-item-wrap g-s-list-wrap\"><span class=\"gutentor-single-list-item-icon\"><i class=\"list-item-icon fas fa-angle-right\"><\/i><\/span><span class=\"gutentor-list-item\"><p class=\"gutentor-single-item-title\">La solicitud se ha de realizar en\u00a0la web del\u00a0Ministerio de Educaci\u00f3n.<\/p><\/span><\/span><\/span><\/li><li class=\"gutentor-list-item grid-lg-12 grid-md-12 grid-12\"><span class=\"gutentor-single-item gutentor-single-item-3\"><span class=\"gutentor-list-item-wrap g-s-list-wrap\"><span class=\"gutentor-single-list-item-icon\"><i class=\"list-item-icon fas fa-angle-right\"><\/i><\/span><span class=\"gutentor-list-item\"><p class=\"gutentor-single-item-title\">A partir del mes de febrero \/ marzo la Escuela recibe las notificaciones del Ministerio y hace p\u00fablico el listado de las becas que se han otorgado.<\/p><\/span><\/span><\/span><\/li><li class=\"gutentor-list-item grid-lg-12 grid-md-12 grid-12\"><span class=\"gutentor-single-item gutentor-single-item-4\"><span class=\"gutentor-list-item-wrap g-s-list-wrap\"><span class=\"gutentor-single-list-item-icon\"><i class=\"list-item-icon fas fa-angle-right\"><\/i><\/span><span class=\"gutentor-list-item\"><p class=\"gutentor-single-item-title\">El importe concedido se ingresa directamente en la cuenta bancaria del estudiante.<\/p><\/span><\/span><\/span><\/li><li class=\"gutentor-list-item grid-lg-12 grid-md-12 grid-12\"><span class=\"gutentor-single-item gutentor-single-item-5\"><span class=\"gutentor-list-item-wrap g-s-list-wrap\"><span class=\"gutentor-single-list-item-icon\"><i class=\"list-item-icon fas fa-angle-right\"><\/i><\/span><span class=\"gutentor-list-item\"><p class=\"gutentor-single-item-title\">Los centros no tienen capacidad de decisi\u00f3n sobre la concesi\u00f3n de estas becas: tan solo llevan a cabo los tr\u00e1mites correspondientes.<\/p><\/span><\/span><\/span><\/li><\/ul><\/div>\n<\/div><\/div><\/div>\n\n\n\n<div id=\"196ae9\" class=\"wp-block-gutentor-m6-item section-196ae9 gutentor-module gutentor-module-accordion-item\"><div class=\"gutentor-module-accordion-panel g-a-panel-f6915f\"><div class=\"gm-ah-f6915f gutentor-module-accordion-item-heading gutentor-module-icon-position-right\"><span class=\"gutentor-module-accordion-panel-handler\" role=\"button\"><span class=\"gutentor-module-accordion-panel-handler-label\">Becas de la Fundaci\u00f3n Anna Riera<\/span><span class=\"gutentor-module-accordion-icon\"><i class=\"gm-aio-f6915f gutentor-module-accordion-icon-open fas fa-plus\"><\/i><i class=\"gm-aic-f6915f gutentor-module-accordion-icon-close fas fa-minus\"><\/i><\/span><\/span><\/div><div class=\"gm-ab-f6915f gutentor-module-accordion-body\">\n<div id=\"section-g2c0386\" class=\"wp-block-gutentor-e7 section-g2c0386 gutentor-element gutentor-element-list\"><ul class=\"grid-row gutentor-grid-item-wrap list-indicator-icon\"><li class=\"gutentor-list-item grid-lg-12 grid-md-12 grid-12\"><span class=\"gutentor-single-item gutentor-single-item-0\"><span class=\"gutentor-list-item-wrap g-s-list-wrap\"><span class=\"gutentor-single-list-item-icon\"><i class=\"list-item-icon fas fa-angle-right\"><\/i><\/span><span class=\"gutentor-list-item\"><p class=\"gutentor-single-item-title\">Se crean desde el \u00e1mbito privado y est\u00e1n destinadas exclusivamente a estudiantes de 4\u00ba curso de los \u00e1mbitos interpretativos de la Esmuc.<\/p><\/span><\/span><\/span><\/li><li class=\"gutentor-list-item grid-lg-12 grid-md-12 grid-12\"><span class=\"gutentor-single-item gutentor-single-item-1\"><span class=\"gutentor-list-item-wrap g-s-list-wrap\"><span class=\"gutentor-single-list-item-icon\"><i class=\"list-item-icon fas fa-angle-right\"><\/i><\/span><span class=\"gutentor-list-item\"><p class=\"gutentor-single-item-title\">Son becas a la excelencia, compatibles con cualquier otra beca o ayuda, planteadas para facilitar la dedicaci\u00f3n exclusiva al estudio.<\/p><\/span><\/span><\/span><\/li><li class=\"gutentor-list-item grid-lg-12 grid-md-12 grid-12\"><span class=\"gutentor-single-item gutentor-single-item-2\"><span class=\"gutentor-list-item-wrap g-s-list-wrap\"><span class=\"gutentor-single-list-item-icon\"><i class=\"list-item-icon fas fa-angle-right\"><\/i><\/span><span class=\"gutentor-list-item\"><p class=\"gutentor-single-item-title\">Se podr\u00e1 conceder un n\u00famero m\u00e1ximo de 8 becas, de una dotaci\u00f3n m\u00e1xima total de 4.000 \u20ac cada una.<\/p><\/span><\/span><\/span><\/li><li class=\"gutentor-list-item grid-lg-12 grid-md-12 grid-12\"><span class=\"gutentor-single-item gutentor-single-item-3\"><span class=\"gutentor-list-item-wrap g-s-list-wrap\"><span class=\"gutentor-single-list-item-icon\"><i class=\"list-item-icon fas fa-angle-right\"><\/i><\/span><span class=\"gutentor-list-item\"><p class=\"gutentor-single-item-title\">La solicitud debe materializarse entre finales de abril y mediados de mayo. Las audiciones para determinar la concesi\u00f3n de las becas se llevan a cabo a mediados de junio.<\/p><\/span><\/span><\/span><\/li><\/ul><\/div>\n<\/div><\/div><\/div>\n\n\n\n<div id=\"6bbcdb\" class=\"wp-block-gutentor-m6-item section-6bbcdb gutentor-module gutentor-module-accordion-item\"><div class=\"gutentor-module-accordion-panel g-a-panel-f6915f\"><div class=\"gm-ah-f6915f gutentor-module-accordion-item-heading gutentor-module-icon-position-right\"><span class=\"gutentor-module-accordion-panel-handler\" role=\"button\"><span class=\"gutentor-module-accordion-panel-handler-label\">Becas de la Fundaci\u00f3n Victoria de los \u00c1ngeles<\/span><span class=\"gutentor-module-accordion-icon\"><i class=\"gm-aio-f6915f gutentor-module-accordion-icon-open fas fa-plus\"><\/i><i class=\"gm-aic-f6915f gutentor-module-accordion-icon-close fas fa-minus\"><\/i><\/span><\/span><\/div><div class=\"gm-ab-f6915f gutentor-module-accordion-body\">\n<div id=\"section-g12bdfe\" class=\"wp-block-gutentor-e7 section-g12bdfe gutentor-element gutentor-element-list\"><ul class=\"grid-row gutentor-grid-item-wrap list-indicator-icon\"><li class=\"gutentor-list-item grid-lg-12 grid-md-12 grid-12\"><span class=\"gutentor-single-item gutentor-single-item-0\"><span class=\"gutentor-list-item-wrap g-s-list-wrap\"><span class=\"gutentor-single-list-item-icon\"><i class=\"list-item-icon fas fa-angle-right\"><\/i><\/span><span class=\"gutentor-list-item\"><p class=\"gutentor-single-item-title\">Se crean desde el \u00e1mbito privado y est\u00e1n destinadas exclusivamente a estudiantes del \u00e1mbito de canto de la Esmuc.<\/p><\/span><\/span><\/span><\/li><li class=\"gutentor-list-item grid-lg-12 grid-md-12 grid-12\"><span class=\"gutentor-single-item gutentor-single-item-1\"><span class=\"gutentor-list-item-wrap g-s-list-wrap\"><span class=\"gutentor-single-list-item-icon\"><i class=\"list-item-icon fas fa-angle-right\"><\/i><\/span><span class=\"gutentor-list-item\"><p class=\"gutentor-single-item-title\">Son becas a la excelencia, planteadas para facilitar la dedicaci\u00f3n exclusiva al estudio.<\/p><\/span><\/span><\/span><\/li><li class=\"gutentor-list-item grid-lg-12 grid-md-12 grid-12\"><span class=\"gutentor-single-item gutentor-single-item-2\"><span class=\"gutentor-list-item-wrap g-s-list-wrap\"><span class=\"gutentor-single-list-item-icon\"><i class=\"list-item-icon fas fa-angle-right\"><\/i><\/span><span class=\"gutentor-list-item\"><p class=\"gutentor-single-item-title\">Se podr\u00e1 conceder un n\u00famero de m\u00e1ximo de 5 becas, de una dotaci\u00f3n m\u00e1xima total de 3.000 \u20ac cada una.<\/p><\/span><\/span><\/span><\/li><li class=\"gutentor-list-item grid-lg-12 grid-md-12 grid-12\"><span class=\"gutentor-single-item gutentor-single-item-3\"><span class=\"gutentor-list-item-wrap g-s-list-wrap\"><span class=\"gutentor-single-list-item-icon\"><i class=\"list-item-icon fas fa-angle-right\"><\/i><\/span><span class=\"gutentor-list-item\"><p class=\"gutentor-single-item-title\">La solicitud debe materializarse entre finales de abril y mediados de mayo. Las audiciones para determinar la concesi\u00f3n de las becas se llevan a cabo entre mediados y finales de junio.<\/p><\/span><\/span><\/span><\/li><\/ul><\/div>\n<\/div><\/div><\/div>\n\n\n\n<div id=\"2fc7a1\" class=\"wp-block-gutentor-m6-item section-2fc7a1 gutentor-module gutentor-module-accordion-item\"><div class=\"gutentor-module-accordion-panel g-a-panel-f6915f\"><div class=\"gm-ah-f6915f gutentor-module-accordion-item-heading gutentor-module-icon-position-right\"><span class=\"gutentor-module-accordion-panel-handler\" role=\"button\"><span class=\"gutentor-module-accordion-panel-handler-label\">Becas de la Comisi\u00f3n Europea por el Programa de Mobilitat Erasmus+<\/span><span class=\"gutentor-module-accordion-icon\"><i class=\"gm-aio-f6915f gutentor-module-accordion-icon-open fas fa-plus\"><\/i><i class=\"gm-aic-f6915f gutentor-module-accordion-icon-close fas fa-minus\"><\/i><\/span><\/span><\/div><div class=\"gm-ab-f6915f gutentor-module-accordion-body\">\n<div id=\"section-g898ab5\" class=\"wp-block-gutentor-e7 section-g898ab5 gutentor-element gutentor-element-list\"><ul class=\"grid-row gutentor-grid-item-wrap list-indicator-icon\"><li class=\"gutentor-list-item grid-lg-12 grid-md-12 grid-12\"><span class=\"gutentor-single-item gutentor-single-item-0\"><span class=\"gutentor-list-item-wrap g-s-list-wrap\"><span class=\"gutentor-single-list-item-icon\"><i class=\"list-item-icon fas fa-angle-right\"><\/i><\/span><span class=\"gutentor-list-item\"><p class=\"gutentor-single-item-title\">La solicitud forma parte de los procedimientos generales para poder efectuar la movilidad Erasmus. Consulta <a href=\"\/estudis\/mobilitat-internacional\/vull-fer-una-estada-erasmus-a-lestranger\/\">como puedes cursar un Erasmus en el extranjero<\/a>.<\/p><\/span><\/span><\/span><\/li><\/ul><\/div>\n<\/div><\/div><\/div>\n\n\n\n<div id=\"d47556\" class=\"wp-block-gutentor-m6-item section-d47556 gutentor-module gutentor-module-accordion-item\"><div class=\"gutentor-module-accordion-panel g-a-panel-f6915f\"><div class=\"gm-ah-f6915f gutentor-module-accordion-item-heading gutentor-module-icon-position-right\"><span class=\"gutentor-module-accordion-panel-handler\" role=\"button\"><span class=\"gutentor-module-accordion-panel-handler-label\">Becas SuperArte de la Fundaci\u00f3n Grupo Sifu<\/span><span class=\"gutentor-module-accordion-icon\"><i class=\"gm-aio-f6915f gutentor-module-accordion-icon-open fas fa-plus\"><\/i><i class=\"gm-aic-f6915f gutentor-module-accordion-icon-close fas fa-minus\"><\/i><\/span><\/span><\/div><div class=\"gm-ab-f6915f gutentor-module-accordion-body\">\n<div id=\"section-g0fa9a2\" class=\"wp-block-gutentor-e7 section-g0fa9a2 gutentor-element gutentor-element-list\"><ul class=\"grid-row gutentor-grid-item-wrap list-indicator-icon\"><li class=\"gutentor-list-item grid-lg-12 grid-md-12 grid-12\"><span class=\"gutentor-single-item gutentor-single-item-0\"><span class=\"gutentor-list-item-wrap g-s-list-wrap\"><span class=\"gutentor-single-list-item-icon\"><i class=\"list-item-icon fas fa-angle-right\"><\/i><\/span><span class=\"gutentor-list-item\"><p class=\"gutentor-single-item-title\">Hasta 10 becas art\u00edsticas destinadas a la formaci\u00f3n y desarrollo de m\u00fasica y danza de personas con diversidad funcional. <a href=\"https:\/\/becasuperarte.com\/\" target=\"_blank\" rel=\"noreferrer noopener\">M\u00e1s informaci\u00f3n<\/a>.<\/p><\/span><\/span><\/span><\/li><\/ul><\/div>\n<\/div><\/div><\/div>\n<\/div><\/section>\n\n\n\n<section id=\"gm5fc5121\" class=\"wp-block-gutentor-m2 section-gm5fc5121 gutentor-module gutentor-dynamic-columns\"><div class=\"grid-container\"><div class=\"grid-row\">\n<div id=\"col-gm855486\" class=\"wp-block-gutentor-m2-col col-gm855486 gutentor-module gutentor-dynamic-single-column grid-lg-6 grid-md-4 grid-12\"><div id=\"section-gm855486\" class=\"section-gm855486 gutentor-single-col has-color-bg has-custom-bg\">\n<div id=\"section-g7a1f63\" class=\"wp-block-gutentor-e0 section-g7a1f63 gutentor-element gutentor-element-advanced-text\"><div class=\"gutentor-text-wrap\"><p class=\"gutentor-text\"><strong>\u00bfD\u00f3nde puedo solicitarlas?<\/strong><\/p><\/div><\/div>\n\n\n\n<div id=\"section-g09d7ed\" class=\"wp-block-gutentor-e0 section-g09d7ed gutentor-element gutentor-element-advanced-text\"><div class=\"gutentor-text-wrap\"><p class=\"gutentor-text\">Estas becas se tramitan desde el centro. Para m\u00e1s informaci\u00f3n e inscripciones, dir\u00edgete a las oficinas oa la oficina Erasmus del Esmuc.<\/p><\/div><\/div>\n<\/div><\/div>\n<\/div><\/div><\/section>\n<\/div>\n<\/div>\n\n\n\n<p><\/p>\n","protected":false},"excerpt":{"rendered":"<p>Becas<\/p>\n","protected":false},"author":4,"featured_media":0,"parent":31143,"menu_order":0,"comment_status":"closed","ping_status":"closed","template":"","meta":{"_acf_changed":false,"_themeisle_gutenberg_block_has_review":false,"footnotes":""},"categories":[1133],"tags":[],"class_list":["post-31155","page","type-page","status-publish","hentry","category-grau-es"],"acf":[],"publishpress_future_action":{"enabled":false,"date":"2026-04-12 01:34:57","action":"change-status","newStatus":"draft","terms":[],"taxonomy":"category","extraData":[]},"publishpress_future_workflow_manual_trigger":{"enabledWorkflows":[]},"_links":{"self":[{"href":"https:\/\/www.esmuc.cat\/es\/wp-json\/wp\/v2\/pages\/31155","targetHints":{"allow":["GET"]}}],"collection":[{"href":"https:\/\/www.esmuc.cat\/es\/wp-json\/wp\/v2\/pages"}],"about":[{"href":"https:\/\/www.esmuc.cat\/es\/wp-json\/wp\/v2\/types\/page"}],"author":[{"embeddable":true,"href":"https:\/\/www.esmuc.cat\/es\/wp-json\/wp\/v2\/users\/4"}],"replies":[{"embeddable":true,"href":"https:\/\/www.esmuc.cat\/es\/wp-json\/wp\/v2\/comments?post=31155"}],"version-history":[{"count":4,"href":"https:\/\/www.esmuc.cat\/es\/wp-json\/wp\/v2\/pages\/31155\/revisions"}],"predecessor-version":[{"id":52967,"href":"https:\/\/www.esmuc.cat\/es\/wp-json\/wp\/v2\/pages\/31155\/revisions\/52967"}],"up":[{"embeddable":true,"href":"https:\/\/www.esmuc.cat\/es\/wp-json\/wp\/v2\/pages\/31143"}],"wp:attachment":[{"href":"https:\/\/www.esmuc.cat\/es\/wp-json\/wp\/v2\/media?parent=31155"}],"wp:term":[{"taxonomy":"category","embeddable":true,"href":"https:\/\/www.esmuc.cat\/es\/wp-json\/wp\/v2\/categories?post=31155"},{"taxonomy":"post_tag","embeddable":true,"href":"https:\/\/www.esmuc.cat\/es\/wp-json\/wp\/v2\/tags?post=31155"}],"curies":[{"name":"wp","href":"https:\/\/api.w.org\/{rel}","templated":true}]}}