{"id":31125,"date":"2021-06-18T10:23:31","date_gmt":"2021-06-18T08:23:31","guid":{"rendered":"https:\/\/www.esmuc.cat\/grau\/acceso-y-admision__trashed\/activitats-i-informacio-per-a-secundaria\/"},"modified":"2026-02-03T14:03:14","modified_gmt":"2026-02-03T13:03:14","slug":"puertas-abiertas","status":"publish","type":"page","link":"https:\/\/www.esmuc.cat\/es\/estudios\/grau\/acces-i-admissio\/puertas-abiertas\/","title":{"rendered":"Puertas abiertas e informaci\u00f3n para secundaria"},"content":{"rendered":"\n<div class=\"wp-block-columns is-layout-flex wp-container-core-columns-is-layout-9d6595d7 wp-block-columns-is-layout-flex\">\n<div class=\"wp-block-column esmuc__Menu_Masters is-layout-flow wp-block-column-is-layout-flow\" style=\"flex-basis:33.33%\">\n\n<\/div>\n\n\n\n<div class=\"wp-block-column is-layout-flow wp-block-column-is-layout-flow\" style=\"flex-basis:66.66%\"><div class=\"breadcrumbs align  wp-block-bcn-breadcrumb-trail has-text-color has-background\" vocab=\"https:\/\/schema.org\/\" typeof=\"BreadcrumbList\">\n\t<span><\/span>\n\t<span property=\"itemListElement\" typeof=\"ListItem\"><a property=\"item\" typeof=\"WebPage\" title=\"Ir a ESMUC.\" href=\"https:\/\/www.esmuc.cat\/es\/\" class=\"home\" ><span property=\"name\">ESMUC<\/span><\/a><meta property=\"position\" content=\"1\"><\/span> &gt; <span property=\"itemListElement\" typeof=\"ListItem\"><a property=\"item\" typeof=\"WebPage\" title=\"Ir a Estudios.\" href=\"https:\/\/www.esmuc.cat\/es\/estudios\/\" class=\"post post-page\" ><span property=\"name\">Estudios<\/span><\/a><meta property=\"position\" content=\"2\"><\/span> &gt; <span property=\"itemListElement\" typeof=\"ListItem\"><a property=\"item\" typeof=\"WebPage\" title=\"Ir a Grado.\" href=\"https:\/\/www.esmuc.cat\/es\/estudios\/grau\/\" class=\"post post-page\" ><span property=\"name\">Grado<\/span><\/a><meta property=\"position\" content=\"3\"><\/span> &gt; <span property=\"itemListElement\" typeof=\"ListItem\"><a property=\"item\" typeof=\"WebPage\" title=\"Ir a Acceso y Admisi\u00f3n.\" href=\"https:\/\/www.esmuc.cat\/es\/estudios\/grau\/acces-i-admissio\/\" class=\"post post-page\" ><span property=\"name\">Acceso y Admisi\u00f3n<\/span><\/a><meta property=\"position\" content=\"4\"><\/span> &gt; <span property=\"itemListElement\" typeof=\"ListItem\"><span property=\"name\" class=\"post post-page current-item\">Puertas abiertas e informaci\u00f3n para secundaria<\/span><meta property=\"url\" content=\"https:\/\/www.esmuc.cat\/es\/estudios\/grau\/acces-i-admissio\/puertas-abiertas\/\"><meta property=\"position\" content=\"5\"><\/span><\/div>\n\n\n\n<h1 class=\"wp-block-heading\" id=\"activitats-i-informacio-per-a-secundaria\">Puertas abiertas e informaci\u00f3n para secundaria<\/h1>\n\n\n\n<div style=\"height:10px\" aria-hidden=\"true\" class=\"wp-block-spacer\"><\/div>\n\n\n\n<p>Si tienes pensado cursar el grado en m\u00fasica, te invitamos a conocer nuestro centro y todas las posibilidades de aprendizaje que te ofrece. Adem\u00e1s de encontrarnos en el Sal\u00f3n de la Ense\u00f1anza, cada a\u00f1o te abrimos las puertas y las aulas para que puedas conocer m\u00e1s a fondo la oferta formativa y el proyecto pedag\u00f3gico de la ESMUC.<\/p>\n\n\n\n<div style=\"height:10px\" aria-hidden=\"true\" class=\"wp-block-spacer\"><\/div>\n\n\n\n<section id=\"4a2201\" class=\"section-4a2201 gutentor-module gutentor-module-accordion\"><div class=\"grid-container\">\n<div id=\"3f94d4\" class=\"wp-block-gutentor-m6-item section-3f94d4 gutentor-module gutentor-module-accordion-item\"><div class=\"gutentor-module-accordion-panel g-a-panel-4a2201\"><div class=\"gm-ah-4a2201 gutentor-module-accordion-item-heading gutentor-module-icon-position-right\"><span class=\"gutentor-module-accordion-panel-handler\" role=\"button\"><span class=\"gutentor-module-accordion-panel-handler-label\">Puertas abiertas<\/span><span class=\"gutentor-module-accordion-icon\"><i class=\"gm-aio-4a2201 gutentor-module-accordion-icon-open fas fa-plus\"><\/i><i class=\"gm-aic-4a2201 gutentor-module-accordion-icon-close fas fa-minus\"><\/i><\/span><\/span><\/div><div class=\"gm-ab-4a2201 gutentor-module-accordion-body\">\n<div id=\"section-g31fdf3\" class=\"wp-block-gutentor-e0 section-g31fdf3 gutentor-element gutentor-element-advanced-text\"><div class=\"gutentor-text-wrap\"><p class=\"gutentor-text\">Las puertas abiertas representan una oportunidad ideal para plantear y resolver posibles dudas sobre el \u00e1mbito que te interesa, ya que son espec\u00edficas para cada una de las especialidades. Te informaremos sobre los planes de estudio, la oferta formativa y el proyecto pedag\u00f3gico del centro. Hablaremos tambi\u00e9n sobre el sistema de acceso y compartiremos las opiniones y consejos de estudiantes en activo o que ya han pasado por nuestras aulas.<\/p><\/div><\/div>\n\n\n\n<div id=\"section-g872084\" class=\"wp-block-gutentor-e2 section-g872084 gutentor-element gutentor-element-button\"><span class=\"gutentor-button-wrap\"><a class=\"gutentor-button gutentor-block-button gutentor-icon-hide\" href=\"https:\/\/www.esmuc.cat\/es\/jornada-de-puertas-abiertas-esmuc-2026\/\"><i class=\"gutentor-button-icon fas fa-book\"><\/i><span>Puertas abiertas 2026<\/span><\/a><\/span><\/div>\n<\/div><\/div><\/div>\n\n\n\n<div id=\"dfaa4d\" class=\"wp-block-gutentor-m6-item section-dfaa4d gutentor-module gutentor-module-accordion-item\"><div class=\"gutentor-module-accordion-panel g-a-panel-4a2201\"><div class=\"gm-ah-4a2201 gutentor-module-accordion-item-heading gutentor-module-icon-position-right\"><span class=\"gutentor-module-accordion-panel-handler\" role=\"button\"><span class=\"gutentor-module-accordion-panel-handler-label\">Ferias educativas<\/span><span class=\"gutentor-module-accordion-icon\"><i class=\"gm-aio-4a2201 gutentor-module-accordion-icon-open fas fa-plus\"><\/i><i class=\"gm-aic-4a2201 gutentor-module-accordion-icon-close fas fa-minus\"><\/i><\/span><\/span><\/div><div class=\"gm-ab-4a2201 gutentor-module-accordion-body\">\n<div id=\"section-g47129c\" class=\"wp-block-gutentor-e0 section-g47129c gutentor-element gutentor-element-advanced-text\"><div class=\"gutentor-text-wrap\"><p class=\"gutentor-text\">Encontrar\u00e1s la ESMUC en el <a href=\"https:\/\/www.ensenyament.com\/ca\/\" target=\"_blank\" rel=\"noreferrer noopener\"><em>Sal\u00f3 de l&#8217;Ensenyament<\/em><\/a> (situado en la <a href=\"https:\/\/www.firabarcelona.com\/es\/\" target=\"_blank\" rel=\"noreferrer noopener\">Fira de Barcelona<\/a>). All\u00ed podr\u00e1s conocer nuestra oferta de grado y masters. Tambi\u00e9n te informaremos sobre las pruebas de acceso y las caracter\u00edsticas de las diferentes especialidades que te ofrece el centro.<\/p><\/div><\/div>\n<\/div><\/div><\/div>\n\n\n\n<div id=\"c2c4fd\" class=\"wp-block-gutentor-m6-item section-c2c4fd gutentor-module gutentor-module-accordion-item\"><div class=\"gutentor-module-accordion-panel g-a-panel-4a2201\"><div class=\"gm-ah-4a2201 gutentor-module-accordion-item-heading gutentor-module-icon-position-right\"><span class=\"gutentor-module-accordion-panel-handler\" role=\"button\"><span class=\"gutentor-module-accordion-panel-handler-label\">Aulas abiertas<\/span><span class=\"gutentor-module-accordion-icon\"><i class=\"gm-aio-4a2201 gutentor-module-accordion-icon-open fas fa-plus\"><\/i><i class=\"gm-aic-4a2201 gutentor-module-accordion-icon-close fas fa-minus\"><\/i><\/span><\/span><\/div><div class=\"gm-ab-4a2201 gutentor-module-accordion-body\">\n<div id=\"section-g5f9415\" class=\"wp-block-gutentor-e0 section-g5f9415 gutentor-element gutentor-element-advanced-text\"><div class=\"gutentor-text-wrap\"><p class=\"gutentor-text\">En las aulas abiertas podr\u00e1s descubrir todas las posibilidades de estudiar m\u00fasica en un centro p\u00fablico como el nuestro, con profesorado de primera l\u00ednea y una oferta formativa basada en la calidad y la excelencia. Tambi\u00e9n podr\u00e1s acabar de decidir qu\u00e9 especialidad se adapta a tus intereses, y hacer un tumbo para nuestras instalaciones, equipadas con el instrumental y las tecnolog\u00edas m\u00e1s adecuadas para cada especializaci\u00f3n.<\/p><\/div><\/div>\n\n\n\n<div id=\"section-g136580\" class=\"wp-block-gutentor-e2 section-g136580 gutentor-element gutentor-element-button\"><span class=\"gutentor-button-wrap\"><a class=\"gutentor-button gutentor-block-button gutentor-icon-hide\" href=\"https:\/\/www.esmuc.cat\/aules-obertes-de-lesmuc-2026\/\"><i class=\"gutentor-button-icon fas fa-book\"><\/i><span>Aulas abiertas 2026<\/span><\/a><\/span><\/div>\n<\/div><\/div><\/div>\n<\/div><\/section>\n\n\n\n<div style=\"height:10px\" aria-hidden=\"true\" class=\"wp-block-spacer\"><\/div>\n\n\n\n<div id=\"section-g20653d\" class=\"wp-block-gutentor-e2 section-g20653d gutentor-element gutentor-element-button\"><span class=\"gutentor-button-wrap\"><a class=\"gutentor-button gutentor-block-button gutentor-icon-hide\" href=\"https:\/\/www.esmuc.cat\/es\/grau\/acces-i-admissio\/preparacio-per-a-les-proves\/\"><i class=\"gutentor-button-icon fas fa-book\"><\/i><span>Preparaci\u00f3n para las Pruebas de Acceso<\/span><\/a><\/span><\/div>\n<\/div>\n<\/div>\n\n\n\n<div style=\"height:60px\" aria-hidden=\"true\" class=\"wp-block-spacer\"><\/div>\n\n\n\n<hr class=\"wp-block-separator has-css-opacity is-style-wide\"\/>\n","protected":false},"excerpt":{"rendered":"<p>Puertas abiertas e informaci\u00f3n para secundaria Si tienes pensado cursar el grado en m\u00fasica, te invitamos a conocer nuestro centro y todas las posibilidades de aprendizaje que te ofrece. Adem\u00e1s de encontrarnos en el Sal\u00f3n de la Ense\u00f1anza, cada a\u00f1o te abrimos las puertas y las aulas para que puedas conocer m\u00e1s a fondo la [&hellip;]<\/p>\n","protected":false},"author":4,"featured_media":0,"parent":31434,"menu_order":0,"comment_status":"closed","ping_status":"closed","template":"","meta":{"_acf_changed":false,"_themeisle_gutenberg_block_has_review":false,"footnotes":""},"categories":[1133],"tags":[1136,1127],"class_list":["post-31125","page","type-page","status-publish","hentry","category-grau-es","tag-ensenanzas-artisticas-superiores","tag-grau-es"],"acf":[],"publishpress_future_action":{"enabled":false,"date":"2026-04-20 14:10:22","action":"change-status","newStatus":"draft","terms":[],"taxonomy":"category","extraData":[]},"publishpress_future_workflow_manual_trigger":{"enabledWorkflows":[]},"_links":{"self":[{"href":"https:\/\/www.esmuc.cat\/es\/wp-json\/wp\/v2\/pages\/31125","targetHints":{"allow":["GET"]}}],"collection":[{"href":"https:\/\/www.esmuc.cat\/es\/wp-json\/wp\/v2\/pages"}],"about":[{"href":"https:\/\/www.esmuc.cat\/es\/wp-json\/wp\/v2\/types\/page"}],"author":[{"embeddable":true,"href":"https:\/\/www.esmuc.cat\/es\/wp-json\/wp\/v2\/users\/4"}],"replies":[{"embeddable":true,"href":"https:\/\/www.esmuc.cat\/es\/wp-json\/wp\/v2\/comments?post=31125"}],"version-history":[{"count":19,"href":"https:\/\/www.esmuc.cat\/es\/wp-json\/wp\/v2\/pages\/31125\/revisions"}],"predecessor-version":[{"id":116290,"href":"https:\/\/www.esmuc.cat\/es\/wp-json\/wp\/v2\/pages\/31125\/revisions\/116290"}],"up":[{"embeddable":true,"href":"https:\/\/www.esmuc.cat\/es\/wp-json\/wp\/v2\/pages\/31434"}],"wp:attachment":[{"href":"https:\/\/www.esmuc.cat\/es\/wp-json\/wp\/v2\/media?parent=31125"}],"wp:term":[{"taxonomy":"category","embeddable":true,"href":"https:\/\/www.esmuc.cat\/es\/wp-json\/wp\/v2\/categories?post=31125"},{"taxonomy":"post_tag","embeddable":true,"href":"https:\/\/www.esmuc.cat\/es\/wp-json\/wp\/v2\/tags?post=31125"}],"curies":[{"name":"wp","href":"https:\/\/api.w.org\/{rel}","templated":true}]}}