{"id":31117,"date":"2021-10-04T11:11:41","date_gmt":"2021-10-04T09:11:41","guid":{"rendered":"https:\/\/www.esmuc.cat\/grau\/acceso-y-admision__trashed\/preparacio-per-a-les-proves\/"},"modified":"2026-02-18T10:53:43","modified_gmt":"2026-02-18T09:53:43","slug":"preparacio-per-a-les-proves","status":"publish","type":"page","link":"https:\/\/www.esmuc.cat\/es\/estudios\/grau\/acces-i-admissio\/preparacio-per-a-les-proves\/","title":{"rendered":"Preparaci\u00f3n para las pruebas de acceso"},"content":{"rendered":"\n<div class=\"wp-block-columns is-layout-flex wp-container-core-columns-is-layout-9d6595d7 wp-block-columns-is-layout-flex\">\n<div class=\"wp-block-column esmuc__Menu_Masters is-layout-flow wp-block-column-is-layout-flow\" style=\"flex-basis:33.33%\">\n\n<\/div>\n\n\n\n<div class=\"wp-block-column is-layout-flow wp-block-column-is-layout-flow\" style=\"flex-basis:66.66%\"><div class=\"breadcrumbs align  wp-block-bcn-breadcrumb-trail has-text-color has-background\" vocab=\"https:\/\/schema.org\/\" typeof=\"BreadcrumbList\">\n\t<span><\/span>\n\t<span property=\"itemListElement\" typeof=\"ListItem\"><a property=\"item\" typeof=\"WebPage\" title=\"Ir a ESMUC.\" href=\"https:\/\/www.esmuc.cat\/es\/\" class=\"home\" ><span property=\"name\">ESMUC<\/span><\/a><meta property=\"position\" content=\"1\"><\/span> &gt; <span property=\"itemListElement\" typeof=\"ListItem\"><a property=\"item\" typeof=\"WebPage\" title=\"Ir a Estudios.\" href=\"https:\/\/www.esmuc.cat\/es\/estudios\/\" class=\"post post-page\" ><span property=\"name\">Estudios<\/span><\/a><meta property=\"position\" content=\"2\"><\/span> &gt; <span property=\"itemListElement\" typeof=\"ListItem\"><a property=\"item\" typeof=\"WebPage\" title=\"Ir a Grado.\" href=\"https:\/\/www.esmuc.cat\/es\/estudios\/grau\/\" class=\"post post-page\" ><span property=\"name\">Grado<\/span><\/a><meta property=\"position\" content=\"3\"><\/span> &gt; <span property=\"itemListElement\" typeof=\"ListItem\"><a property=\"item\" typeof=\"WebPage\" title=\"Ir a Acceso y Admisi\u00f3n.\" href=\"https:\/\/www.esmuc.cat\/es\/estudios\/grau\/acces-i-admissio\/\" class=\"post post-page\" ><span property=\"name\">Acceso y Admisi\u00f3n<\/span><\/a><meta property=\"position\" content=\"4\"><\/span> &gt; <span property=\"itemListElement\" typeof=\"ListItem\"><span property=\"name\" class=\"post post-page current-item\">Preparaci\u00f3n para las pruebas de acceso<\/span><meta property=\"url\" content=\"https:\/\/www.esmuc.cat\/es\/estudios\/grau\/acces-i-admissio\/preparacio-per-a-les-proves\/\"><meta property=\"position\" content=\"5\"><\/span><\/div>\n\n\n\n<h1 class=\"wp-block-heading\">Preparaci\u00f3n para las pruebas de acceso<\/h1>\n\n\n\n<div style=\"height:10px\" aria-hidden=\"true\" class=\"wp-block-spacer\"><\/div>\n\n\n\n<div id=\"section-g511a80\" class=\"wp-block-gutentor-e0 section-g511a80 gutentor-element gutentor-element-advanced-text\"><div class=\"gutentor-text-wrap\"><p class=\"gutentor-text\">La ESMUC ha dise\u00f1ado diversas actividades que tienen como finalidad facilitar la realizaci\u00f3n de las pruebas de acceso a las personas interesadas en cursar estudios de grado en nuestro centro.<\/p><\/div><\/div>\n\n\n\n<section id=\"1a9c00\" class=\"section-1a9c00 gutentor-module gutentor-module-accordion\"><div class=\"grid-container\">\n<div id=\"ddd933\" class=\"wp-block-gutentor-m6-item section-ddd933 gutentor-module gutentor-module-accordion-item\"><div class=\"gutentor-module-accordion-panel g-a-panel-1a9c00\"><div class=\"gm-ah-1a9c00 gutentor-module-accordion-item-heading gutentor-module-icon-position-right\"><span class=\"gutentor-module-accordion-panel-handler\" role=\"button\"><span class=\"gutentor-module-accordion-panel-handler-label\">Jornada de orientaci\u00f3n a la especialidad<\/span><span class=\"gutentor-module-accordion-icon\"><i class=\"gm-aio-1a9c00 gutentor-module-accordion-icon-open fas fa-plus\"><\/i><i class=\"gm-aic-1a9c00 gutentor-module-accordion-icon-close fas fa-minus\"><\/i><\/span><\/span><\/div><div class=\"gm-ab-1a9c00 gutentor-module-accordion-body\">\n<div id=\"section-g9c9cd3\" class=\"wp-block-gutentor-e0 section-g9c9cd3 gutentor-element gutentor-element-advanced-text\"><div class=\"gutentor-text-wrap\"><p class=\"gutentor-text\">La Escuela ha dise\u00f1ado una jornada de acompa\u00f1amiento y orientaci\u00f3n para el alumnado que el pr\u00f3ximo curso est\u00e9 interesado en estudiar alguna de las especialidades del Grado de m\u00fasica que ofrece la ESMUC.<\/p><\/div><\/div>\n\n\n\n<p>Esta jornada consiste en unas sesiones de trabajo y coloquio con el profesorado del centro.<\/p>\n\n\n\n<div id=\"section-g10ffc4\" class=\"wp-block-gutentor-e2 section-g10ffc4 gutentor-element gutentor-element-button\"><span class=\"gutentor-button-wrap\"><a class=\"gutentor-button gutentor-block-button gutentor-icon-hide\" href=\"https:\/\/www.esmuc.cat\/jornada-dorientacio-a-lespecialitat-2025-2026\/\"><i class=\"gutentor-button-icon fas fa-book\"><\/i><span>Jornada de orientaci\u00f3n a la especialidad 2025<\/span><\/a><\/span><\/div>\n<\/div><\/div><\/div>\n\n\n\n<div id=\"8a9c8a\" class=\"wp-block-gutentor-m6-item section-8a9c8a gutentor-module gutentor-module-accordion-item\"><div class=\"gutentor-module-accordion-panel g-a-panel-1a9c00\"><div class=\"gm-ah-1a9c00 gutentor-module-accordion-item-heading gutentor-module-icon-position-right\"><span class=\"gutentor-module-accordion-panel-handler\" role=\"button\"><span class=\"gutentor-module-accordion-panel-handler-label\">Curso de orientaci\u00f3n para las pruebas de acceso<\/span><span class=\"gutentor-module-accordion-icon\"><i class=\"gm-aio-1a9c00 gutentor-module-accordion-icon-open fas fa-plus\"><\/i><i class=\"gm-aic-1a9c00 gutentor-module-accordion-icon-close fas fa-minus\"><\/i><\/span><\/span><\/div><div class=\"gm-ab-1a9c00 gutentor-module-accordion-body\">\n<div id=\"section-gdf8d40\" class=\"wp-block-gutentor-e0 section-gdf8d40 gutentor-element gutentor-element-advanced-text\"><div class=\"gutentor-text-wrap\"><p class=\"gutentor-text\">Este curso est\u00e1 dise\u00f1ado para todas las personas interesadas en estudiar el grado en la ESMUC y que, por tanto, tengan previsto presentarse a las pruebas de acceso. Tiene como objetivo principal dar pautas y estrategias para la realizaci\u00f3n de los ejercicios escritos de la Parte A de las pruebas de acceso y est\u00e1 disponible en los cuatro \u00e1mbitos\/estilos en los que se realizan estos ejercicios (Cl\u00e1sica y Contempor\u00e1nea y Tradicional, Jazz y M\u00fasica Moderna, M\u00fasica Antigua y Flamenco)<\/p><\/div><\/div>\n\n\n\n<div id=\"section-g677470\" class=\"wp-block-gutentor-e2 section-g677470 gutentor-element gutentor-element-button\"><span class=\"gutentor-button-wrap\"><a class=\"gutentor-button gutentor-block-button gutentor-icon-hide\" href=\"https:\/\/www.esmuc.cat\/curs-dorientacio-per-a-les-proves-dacces-2026\/\"><i class=\"gutentor-button-icon fas fa-book\"><\/i><span>Curso de orientaci\u00f3n 2026<\/span><\/a><\/span><\/div>\n<\/div><\/div><\/div>\n\n\n\n<div id=\"66b152\" class=\"wp-block-gutentor-m6-item section-66b152 gutentor-module gutentor-module-accordion-item\"><div class=\"gutentor-module-accordion-panel g-a-panel-1a9c00\"><div class=\"gm-ah-1a9c00 gutentor-module-accordion-item-heading gutentor-module-icon-position-right\"><span class=\"gutentor-module-accordion-panel-handler\" role=\"button\"><span class=\"gutentor-module-accordion-panel-handler-label\">Simulacro de pruebas de acceso<\/span><span class=\"gutentor-module-accordion-icon\"><i class=\"gm-aio-1a9c00 gutentor-module-accordion-icon-open fas fa-plus\"><\/i><i class=\"gm-aic-1a9c00 gutentor-module-accordion-icon-close fas fa-minus\"><\/i><\/span><\/span><\/div><div class=\"gm-ab-1a9c00 gutentor-module-accordion-body\">\n<div id=\"section-g8b0d67\" class=\"wp-block-gutentor-e0 section-g8b0d67 gutentor-element gutentor-element-advanced-text\"><div class=\"gutentor-text-wrap\"><p class=\"gutentor-text\"><\/p><\/div><\/div>\n\n\n\n<section id=\"gm9f7d3f0\" class=\"wp-block-gutentor-m3 section-gm9f7d3f0 gutentor-module gutentor-container-cover\"><div class=\"grid-container\">\n<p>Con el objetivo de proporcionar elementos de orientaci\u00f3n a los futuros candidatos y futuras candidatas que tengan la intenci\u00f3n de realizar las pruebas de acceso al grado de m\u00fasica en la ESMUC, la Escuela ofrece una simulaci\u00f3n de diferentes ejercicios tanto de la parte A como de la parte B.<\/p>\n\n\n\n<p>Los ejercicios se realizan en las mismas condiciones que en las pruebas de acceso. Posteriormente, se puede consultar online la nota resultante de la correcci\u00f3n y un breve comentario orientativo sobre cada ejercicio realizado.<\/p>\n\n\n\n<div style=\"height:9px\" aria-hidden=\"true\" class=\"wp-block-spacer\"><\/div>\n\n\n\n<div class=\"wp-block-buttons is-layout-flex wp-block-buttons-is-layout-flex\">\n<div class=\"wp-block-button\"><a class=\"wp-block-button__link wp-element-button\" href=\"https:\/\/www.esmuc.cat\/simulacre-de-proves-dacces-2026\/\">Simulacro pruebas de acceso 2026<\/a><\/div>\n<\/div>\n\n\n\n<div style=\"height:30px\" aria-hidden=\"true\" class=\"wp-block-spacer\"><\/div>\n\n\n\n<hr class=\"wp-block-separator has-alpha-channel-opacity is-style-wide\" \/>\n<\/div><\/section>\n<\/div><\/div><\/div>\n<\/div><\/section>\n\n\n\n<div style=\"height:10px\" aria-hidden=\"true\" class=\"wp-block-spacer\"><\/div>\n\n\n\n<div id=\"section-g1c2952\" class=\"wp-block-gutentor-e2 section-g1c2952 gutentor-element gutentor-element-button\"><span class=\"gutentor-button-wrap\"><a class=\"gutentor-button gutentor-block-button gutentor-icon-hide\" href=\"https:\/\/www.esmuc.cat\/es\/grau\/acces-i-admissio\/puertas-abiertas\/\"><i class=\"gutentor-button-icon fas fa-book\"><\/i><span>Puertas abiertas y ferias educativas<\/span><\/a><\/span><\/div>\n<\/div>\n<\/div>\n\n\n\n<p><\/p>\n","protected":false},"excerpt":{"rendered":"<p>Preparaci\u00f3n para las pruebas de acceso<\/p>\n","protected":false},"author":4,"featured_media":0,"parent":31434,"menu_order":0,"comment_status":"closed","ping_status":"closed","template":"","meta":{"_acf_changed":false,"_themeisle_gutenberg_block_has_review":false,"footnotes":""},"categories":[1133],"tags":[],"class_list":["post-31117","page","type-page","status-publish","hentry","category-grau-es"],"acf":[],"publishpress_future_action":{"enabled":false,"date":"2026-04-11 19:48:54","action":"change-status","newStatus":"draft","terms":[],"taxonomy":"category","extraData":[]},"publishpress_future_workflow_manual_trigger":{"enabledWorkflows":[]},"_links":{"self":[{"href":"https:\/\/www.esmuc.cat\/es\/wp-json\/wp\/v2\/pages\/31117","targetHints":{"allow":["GET"]}}],"collection":[{"href":"https:\/\/www.esmuc.cat\/es\/wp-json\/wp\/v2\/pages"}],"about":[{"href":"https:\/\/www.esmuc.cat\/es\/wp-json\/wp\/v2\/types\/page"}],"author":[{"embeddable":true,"href":"https:\/\/www.esmuc.cat\/es\/wp-json\/wp\/v2\/users\/4"}],"replies":[{"embeddable":true,"href":"https:\/\/www.esmuc.cat\/es\/wp-json\/wp\/v2\/comments?post=31117"}],"version-history":[{"count":27,"href":"https:\/\/www.esmuc.cat\/es\/wp-json\/wp\/v2\/pages\/31117\/revisions"}],"predecessor-version":[{"id":116669,"href":"https:\/\/www.esmuc.cat\/es\/wp-json\/wp\/v2\/pages\/31117\/revisions\/116669"}],"up":[{"embeddable":true,"href":"https:\/\/www.esmuc.cat\/es\/wp-json\/wp\/v2\/pages\/31434"}],"wp:attachment":[{"href":"https:\/\/www.esmuc.cat\/es\/wp-json\/wp\/v2\/media?parent=31117"}],"wp:term":[{"taxonomy":"category","embeddable":true,"href":"https:\/\/www.esmuc.cat\/es\/wp-json\/wp\/v2\/categories?post=31117"},{"taxonomy":"post_tag","embeddable":true,"href":"https:\/\/www.esmuc.cat\/es\/wp-json\/wp\/v2\/tags?post=31117"}],"curies":[{"name":"wp","href":"https:\/\/api.w.org\/{rel}","templated":true}]}}