{"id":31106,"date":"2022-03-02T13:47:25","date_gmt":"2022-03-02T12:47:25","guid":{"rendered":"https:\/\/www.esmuc.cat\/grau\/marc-normatiu\/"},"modified":"2023-03-24T09:44:13","modified_gmt":"2023-03-24T08:44:13","slug":"marc-normatiu","status":"publish","type":"page","link":"https:\/\/www.esmuc.cat\/es\/estudios\/grau\/marc-normatiu\/","title":{"rendered":"Presentaci\u00f3n y marco normativo"},"content":{"rendered":"\n<div class=\"wp-block-columns is-layout-flex wp-container-core-columns-is-layout-9d6595d7 wp-block-columns-is-layout-flex\">\n<div class=\"wp-block-column esmuc__Menu_Masters is-layout-flow wp-block-column-is-layout-flow\" style=\"flex-basis:33.33%\">\n\n<\/div>\n\n\n\n<div class=\"wp-block-column is-layout-flow wp-block-column-is-layout-flow\" style=\"flex-basis:66.66%\"><div class=\"breadcrumbs align  wp-block-bcn-breadcrumb-trail has-text-color has-background\" vocab=\"https:\/\/schema.org\/\" typeof=\"BreadcrumbList\">\n\t<span><\/span>\n\t<span property=\"itemListElement\" typeof=\"ListItem\"><a property=\"item\" typeof=\"WebPage\" title=\"Ir a ESMUC.\" href=\"https:\/\/www.esmuc.cat\/es\/\" class=\"home\" ><span property=\"name\">ESMUC<\/span><\/a><meta property=\"position\" content=\"1\"><\/span> &gt; <span property=\"itemListElement\" typeof=\"ListItem\"><a property=\"item\" typeof=\"WebPage\" title=\"Ir a Estudios.\" href=\"https:\/\/www.esmuc.cat\/es\/estudios\/\" class=\"post post-page\" ><span property=\"name\">Estudios<\/span><\/a><meta property=\"position\" content=\"2\"><\/span> &gt; <span property=\"itemListElement\" typeof=\"ListItem\"><a property=\"item\" typeof=\"WebPage\" title=\"Ir a Grado.\" href=\"https:\/\/www.esmuc.cat\/es\/estudios\/grau\/\" class=\"post post-page\" ><span property=\"name\">Grado<\/span><\/a><meta property=\"position\" content=\"3\"><\/span> &gt; <span property=\"itemListElement\" typeof=\"ListItem\"><span property=\"name\" class=\"post post-page current-item\">Presentaci\u00f3n y marco normativo<\/span><meta property=\"url\" content=\"https:\/\/www.esmuc.cat\/es\/estudios\/grau\/marc-normatiu\/\"><meta property=\"position\" content=\"4\"><\/span><\/div>\n\n\n\n<h1 class=\"wp-block-heading\">Grado en ense\u00f1anzas art\u00edsticas superiores de m\u00fasica<\/h1>\n\n\n\n<div style=\"height:10px\" aria-hidden=\"true\" class=\"wp-block-spacer\"><\/div>\n\n\n\n<h4 class=\"wp-block-heading\">\u00bfQu\u00e9 es el Grado en ense\u00f1anzas art\u00edsticas superiores de m\u00fasica?<\/h4>\n\n\n\n<div style=\"height:10px\" aria-hidden=\"true\" class=\"wp-block-spacer\"><\/div>\n\n\n\n<div style=\"height:10px\" aria-hidden=\"true\" class=\"wp-block-spacer\"><\/div>\n\n\n\n<div class=\"wp-block-columns is-layout-flex wp-container-core-columns-is-layout-9d6595d7 wp-block-columns-is-layout-flex\">\n<div class=\"wp-block-column is-layout-flow wp-block-column-is-layout-flow\">\n<div id=\"section-gd74d5e\" class=\"wp-block-gutentor-e0 section-gd74d5e gutentor-element gutentor-element-advanced-text\"><div class=\"gutentor-text-wrap\"><p class=\"gutentor-text\">Las ense\u00f1anzas art\u00edsticas superiores tienen como objetivo la formaci\u00f3n de personas profesionales altamente cualificadas en distintos campos de los \u00e1mbitos art\u00edsticos. Sus estudios est\u00e1n adaptados al Espacio Europeo de Educaci\u00f3n Superior (EEES) y el t\u00edtulo que se obtiene es el grado de la especialidad correspondiente, equivalente a todos los efectos a un grado universitario. Las ense\u00f1anzas art\u00edsticas superiores comprenden 240 cr\u00e9ditos ECTS distribuidos en cuatro cursos (con materia de formaci\u00f3n b\u00e1sica de cada \u00e1mbito, materia obligatoria y optativa, pr\u00e1ctica externa y un trabajo final), que contiene toda la informaci\u00f3n te\u00f3rica y pr\u00e1ctica que adquirir\u00e1 el estudiante. Estos estudios requieren dedicaci\u00f3n a tiempo completo.<\/p><\/div><\/div>\n<\/div>\n\n\n\n<div class=\"wp-block-column is-layout-flow wp-block-column-is-layout-flow\">\n<figure class=\"wp-block-image size-full\"><a href=\"https:\/\/www.esmuc.cat\/wp-content\/uploads\/2022\/07\/AQU-Grau-ES.pdf\" target=\"_blank\" rel=\"noopener\"><img decoding=\"async\" width=\"780\" height=\"604\" src=\"http:\/\/www.esmuc.cat\/wp-content\/uploads\/2022\/07\/AQU-Grado-ES.png\" alt=\"Aqu Grado Es\" class=\"wp-image-54175\" srcset=\"https:\/\/www.esmuc.cat\/wp-content\/uploads\/2022\/07\/AQU-Grado-ES.png 780w, https:\/\/www.esmuc.cat\/wp-content\/uploads\/2022\/07\/AQU-Grado-ES-300x232.png 300w, https:\/\/www.esmuc.cat\/wp-content\/uploads\/2022\/07\/AQU-Grado-ES-768x595.png 768w\" sizes=\"(max-width: 780px) 100vw, 780px\" \/><\/a><figcaption class=\"wp-element-caption\"><sup>Estudios acreditados por la Agencia para la Calidad del Sistema Universitario de Catalu\u00f1a (AQU).<\/sup><\/figcaption><\/figure>\n<\/div>\n<\/div>\n\n\n\n<div style=\"height:10px\" aria-hidden=\"true\" class=\"wp-block-spacer\"><\/div>\n\n\n\n<h4 class=\"wp-block-heading\">Marco normativo<\/h4>\n\n\n\n<div style=\"height:10px\" aria-hidden=\"true\" class=\"wp-block-spacer\"><\/div>\n\n\n\n<p>En diciembre de 2020 se hace p\u00fablica una disposici\u00f3n por la que se modifica la Ley org\u00e1nica 2\/2006, de 3 de mayo, de educaci\u00f3n. Esta disposici\u00f3n es fruto de la gran evoluci\u00f3n que han experimentado desde entonces los sistemas educativos, e incluye algunas precisiones sobre las ense\u00f1anzas art\u00edsticas, por la que el apartado 3 del art\u00edculo 54 queda redactado en los siguientes t\u00e9rminos:<\/p>\n\n\n\n<div id=\"section-g4405f7\" class=\"wp-block-gutentor-m12 section-g4405f7 gutentor-module gutentor-module-quote\">\n<section id=\"gm580da95\" class=\"wp-block-gutentor-m3 section-gm580da95 gutentor-module gutentor-container-cover has-color-bg has-custom-bg\"><div class=\"grid-container\">\n<div id=\"section-gcf09d5\" class=\"wp-block-gutentor-e1 section-gcf09d5 gutentor-element gutentor-element-advanced-text\"><div class=\"gutentor-text-wrap\"><p class=\"gutentor-text\">El alumnado que haya superado sus estudios superiores de m\u00fasica o de danza obtiene el t\u00edtulo de grado en ense\u00f1anzas art\u00edsticas superiores de m\u00fasica o danza en la especialidad que corresponda, que es equivalente, a todos los efectos, al t\u00edtulo universitario de grado.<br><br> Siempre que la normativa aplicable exija tener el t\u00edtulo universitario de grado, se entiende que cumple este requisito quien tenga el t\u00edtulo de grado en ense\u00f1anzas art\u00edsticas superiores de m\u00fasica o danza.<\/p><\/div><\/div>\n<\/div><\/section>\n<\/div>\n\n\n\n<div style=\"height:10px\" aria-hidden=\"true\" class=\"wp-block-spacer\"><\/div>\n\n\n\n<div id=\"section-gdad137\" class=\"wp-block-gutentor-e7 section-gdad137 gutentor-element gutentor-element-list\"><ul class=\"grid-row gutentor-grid-item-wrap list-indicator-icon\"><li class=\"gutentor-list-item grid-lg-12 grid-md-12 grid-12\"><span class=\"gutentor-single-item gutentor-single-item-0\"><span class=\"gutentor-list-item-wrap g-s-list-wrap\"><span class=\"gutentor-single-list-item-icon\"><i class=\"list-item-icon fas fa-arrow-right\"><\/i><\/span><span class=\"gutentor-list-item\"><p class=\"gutentor-single-item-title\"><a href=\"https:\/\/www.esmuc.cat\/es\/estudis\/grau\/marc-normatiu\/llengua-estrangera\/\">Acreditaci\u00f3n de la competencia en lengua extranjera<\/a><\/p><\/span><\/span><\/span><\/li><\/ul><\/div>\n\n\n\n<div id=\"section-g5bc54e\" class=\"wp-block-gutentor-e2 section-g5bc54e gutentor-element gutentor-element-button\"><span class=\"gutentor-button-wrap\"><a class=\"gutentor-button gutentor-block-button gutentor-icon-hide\" href=\"https:\/\/www.esmuc.cat\/wp-content\/uploads\/2022\/06\/BOE-A-2020-17264.pdf\" target=\"_blank\" rel=\"noopener noreferrer\"><i class=\"gutentor-button-icon fas fa-book\"><\/i><span>Consultar la legislaci\u00f3n aplicable<\/span><\/a><\/span><\/div>\n<\/div>\n<\/div>\n","protected":false},"excerpt":{"rendered":"<p>Grado en ense\u00f1anzas art\u00edsticas superiores de m\u00fasica \u00bfQu\u00e9 es el Grado en ense\u00f1anzas art\u00edsticas superiores de m\u00fasica? Marco normativo En diciembre de 2020 se hace p\u00fablica una disposici\u00f3n por la que se modifica la Ley org\u00e1nica 2\/2006, de 3 de mayo, de educaci\u00f3n. Esta disposici\u00f3n es fruto de la gran evoluci\u00f3n que han experimentado desde [&hellip;]<\/p>\n","protected":false},"author":5,"featured_media":54175,"parent":30906,"menu_order":0,"comment_status":"closed","ping_status":"closed","template":"","meta":{"_acf_changed":false,"_themeisle_gutenberg_block_has_review":false,"footnotes":""},"categories":[1133],"tags":[],"class_list":["post-31106","page","type-page","status-publish","has-post-thumbnail","hentry","category-grau-es"],"acf":[],"publishpress_future_action":{"enabled":false,"date":"2026-04-12 15:24:10","action":"change-status","newStatus":"draft","terms":[],"taxonomy":"category","extraData":[]},"publishpress_future_workflow_manual_trigger":{"enabledWorkflows":[]},"_links":{"self":[{"href":"https:\/\/www.esmuc.cat\/es\/wp-json\/wp\/v2\/pages\/31106","targetHints":{"allow":["GET"]}}],"collection":[{"href":"https:\/\/www.esmuc.cat\/es\/wp-json\/wp\/v2\/pages"}],"about":[{"href":"https:\/\/www.esmuc.cat\/es\/wp-json\/wp\/v2\/types\/page"}],"author":[{"embeddable":true,"href":"https:\/\/www.esmuc.cat\/es\/wp-json\/wp\/v2\/users\/5"}],"replies":[{"embeddable":true,"href":"https:\/\/www.esmuc.cat\/es\/wp-json\/wp\/v2\/comments?post=31106"}],"version-history":[{"count":17,"href":"https:\/\/www.esmuc.cat\/es\/wp-json\/wp\/v2\/pages\/31106\/revisions"}],"predecessor-version":[{"id":111624,"href":"https:\/\/www.esmuc.cat\/es\/wp-json\/wp\/v2\/pages\/31106\/revisions\/111624"}],"up":[{"embeddable":true,"href":"https:\/\/www.esmuc.cat\/es\/wp-json\/wp\/v2\/pages\/30906"}],"wp:featuredmedia":[{"embeddable":true,"href":"https:\/\/www.esmuc.cat\/es\/wp-json\/wp\/v2\/media\/54175"}],"wp:attachment":[{"href":"https:\/\/www.esmuc.cat\/es\/wp-json\/wp\/v2\/media?parent=31106"}],"wp:term":[{"taxonomy":"category","embeddable":true,"href":"https:\/\/www.esmuc.cat\/es\/wp-json\/wp\/v2\/categories?post=31106"},{"taxonomy":"post_tag","embeddable":true,"href":"https:\/\/www.esmuc.cat\/es\/wp-json\/wp\/v2\/tags?post=31106"}],"curies":[{"name":"wp","href":"https:\/\/api.w.org\/{rel}","templated":true}]}}