{"id":31098,"date":"2021-11-04T11:32:51","date_gmt":"2021-11-04T10:32:51","guid":{"rendered":"https:\/\/www.esmuc.cat\/grau\/tramits-academics-de-grau\/"},"modified":"2026-02-17T14:06:53","modified_gmt":"2026-02-17T13:06:53","slug":"tramits-academics","status":"publish","type":"page","link":"https:\/\/www.esmuc.cat\/es\/estudios\/tramits-academics\/","title":{"rendered":"Tr\u00e1mites acad\u00e9micos"},"content":{"rendered":"\n<div class=\"wp-block-columns is-layout-flex wp-container-core-columns-is-layout-9d6595d7 wp-block-columns-is-layout-flex\">\n<div class=\"wp-block-column esmuc__Menu_Masters is-layout-flow wp-block-column-is-layout-flow\" style=\"flex-basis:33.33%\">\n\n<\/div>\n\n\n\n<div class=\"wp-block-column is-layout-flow wp-block-column-is-layout-flow\" style=\"flex-basis:66.66%\"><div class=\"breadcrumbs align  wp-block-bcn-breadcrumb-trail has-text-color has-background\" vocab=\"https:\/\/schema.org\/\" typeof=\"BreadcrumbList\">\n\t<span><\/span>\n\t<span property=\"itemListElement\" typeof=\"ListItem\"><a property=\"item\" typeof=\"WebPage\" title=\"Ir a ESMUC.\" href=\"https:\/\/www.esmuc.cat\/es\/\" class=\"home\" ><span property=\"name\">ESMUC<\/span><\/a><meta property=\"position\" content=\"1\"><\/span> &gt; <span property=\"itemListElement\" typeof=\"ListItem\"><a property=\"item\" typeof=\"WebPage\" title=\"Ir a Estudios.\" href=\"https:\/\/www.esmuc.cat\/es\/estudios\/\" class=\"post post-page\" ><span property=\"name\">Estudios<\/span><\/a><meta property=\"position\" content=\"2\"><\/span> &gt; <span property=\"itemListElement\" typeof=\"ListItem\"><span property=\"name\" class=\"post post-page current-item\">Tr\u00e1mites acad\u00e9micos<\/span><meta property=\"url\" content=\"https:\/\/www.esmuc.cat\/es\/estudios\/tramits-academics\/\"><meta property=\"position\" content=\"3\"><\/span><\/div>\n\n\n\n<h2 class=\"wp-block-heading\">Tr\u00e1mites acad\u00e9micos<\/h2>\n\n\n\n<div style=\"height:10px\" aria-hidden=\"true\" class=\"wp-block-spacer\"><\/div>\n\n\n<figure class=\"wp-block-post-featured-image\"><img decoding=\"async\" width=\"1120\" height=\"329\" src=\"https:\/\/www.esmuc.cat\/wp-content\/uploads\/2021\/02\/esmuc.png\" class=\"attachment-post-thumbnail size-post-thumbnail wp-post-image\" alt=\"esmuc\" style=\"object-fit:cover;\" srcset=\"https:\/\/www.esmuc.cat\/wp-content\/uploads\/2021\/02\/esmuc.png 1120w, https:\/\/www.esmuc.cat\/wp-content\/uploads\/2021\/02\/esmuc-300x88.png 300w, https:\/\/www.esmuc.cat\/wp-content\/uploads\/2021\/02\/esmuc-1024x301.png 1024w, https:\/\/www.esmuc.cat\/wp-content\/uploads\/2021\/02\/esmuc-768x226.png 768w\" sizes=\"(max-width: 1120px) 100vw, 1120px\" title=\"esmuc\" \/><\/figure>\n\n\n<div style=\"height:60px\" aria-hidden=\"true\" class=\"wp-block-spacer\"><\/div>\n\n\n\n<h3 class=\"wp-block-heading\">Comunicaciones con Secretaria acad\u00e9mica<\/h3>\n\n\n\n<div style=\"height:10px\" aria-hidden=\"true\" class=\"wp-block-spacer\"><\/div>\n\n\n\n<div id=\"section-g25d069\" class=\"wp-block-gutentor-e0 section-g25d069 gutentor-element gutentor-element-advanced-text\"><div class=\"gutentor-text-wrap\"><p class=\"gutentor-text\">Pod\u00e9is encontrar toda la informaci\u00f3n sobre normativas y tr\u00e1mites de <a href=\"https:\/\/www.esmuc.cat\/es\/grau\/marc-normatiu\/\">Grado<\/a> y <a href=\"https:\/\/www.esmuc.cat\/es\/masters-i-postgraus\/\">M\u00e1ster<\/a>, as\u00ed como a los horarios de las asignaturas colectivas, en la intranet de la Escuela.<\/p><\/div><\/div>\n\n\n\n<div style=\"height:10px\" aria-hidden=\"true\" class=\"wp-block-spacer\"><\/div>\n\n\n\n<div class=\"wp-block-columns is-layout-flex wp-container-core-columns-is-layout-9d6595d7 wp-block-columns-is-layout-flex\">\n<div class=\"wp-block-column is-layout-flow wp-block-column-is-layout-flow\">\n<div class=\"wp-block-cover has-medium-font-size\" style=\"min-height:261px;aspect-ratio:unset;\"><img decoding=\"async\" width=\"250\" height=\"250\" class=\"wp-block-cover__image-background wp-image-82714\" alt=\"Portal De L'estudiant 1x1\" src=\"https:\/\/www.esmuc.cat\/wp-content\/uploads\/2023\/06\/Portal-de-lestudiant-1x1-1.jpg\" style=\"object-position:53% 70%\" data-object-fit=\"cover\" data-object-position=\"53% 70%\" srcset=\"https:\/\/www.esmuc.cat\/wp-content\/uploads\/2023\/06\/Portal-de-lestudiant-1x1-1.jpg 250w, https:\/\/www.esmuc.cat\/wp-content\/uploads\/2023\/06\/Portal-de-lestudiant-1x1-1-150x150.jpg 150w\" sizes=\"(max-width: 250px) 100vw, 250px\" \/><span aria-hidden=\"true\" class=\"wp-block-cover__background has-background-dim-10 has-background-dim\"><\/span><div class=\"wp-block-cover__inner-container is-layout-flow wp-block-cover-is-layout-flow\">\n<div class=\"wp-block-columns is-layout-flex wp-container-core-columns-is-layout-9d6595d7 wp-block-columns-is-layout-flex\">\n<div class=\"wp-block-column is-layout-flow wp-block-column-is-layout-flow\">\n<div class=\"wp-block-buttons is-layout-flex wp-block-buttons-is-layout-flex\">\n<div class=\"wp-block-button has-custom-width wp-block-button__width-100 is-style-outline is-style-outline--1\"><a class=\"wp-block-button__link has-white-color has-text-color has-background has-custom-font-size wp-element-button\" href=\"https:\/\/esmuc.sharepoint.com\/sites\/infoacademica\" style=\"border-radius:8px;background-color:#0000007d;font-size:22px\">Portal del estudiante<\/a><\/div>\n<\/div>\n<\/div>\n<\/div>\n<\/div><\/div>\n<\/div>\n\n\n\n<div class=\"wp-block-column is-layout-flow wp-block-column-is-layout-flow\">\n<div id=\"section-gcc4ad5\" class=\"wp-block-gutentor-e2 section-gcc4ad5 gutentor-element gutentor-element-button gutentor-btn-full-desktop gutentor-btn-full-tablet gutentor-btn-full-mobile\"><span class=\"gutentor-button-wrap\"><a class=\"gutentor-button gutentor-block-button gutentor-icon-hide\" href=\"https:\/\/www.esmuc.cat\/la-meva-esmuc\/\"><i class=\"gutentor-button-icon fas fa-book\"><\/i><span><em>La meva ESMUC<\/em><\/span><\/a><\/span><\/div>\n\n\n\n<div id=\"section-gbb8b80\" class=\"wp-block-gutentor-e2 section-gbb8b80 gutentor-element gutentor-element-button gutentor-btn-full-desktop gutentor-btn-full-tablet gutentor-btn-full-mobile\"><span class=\"gutentor-button-wrap\"><a class=\"gutentor-button gutentor-block-button gutentor-icon-hide\" href=\"https:\/\/www.esmuc.cat\/es\/escuela\/calendari-academic\/\"><i class=\"gutentor-button-icon fas fa-book\"><\/i><span>Calendario acad\u00e9mico<\/span><\/a><\/span><\/div>\n\n\n\n<div id=\"section-g977809\" class=\"wp-block-gutentor-e2 section-g977809 gutentor-element gutentor-element-button gutentor-btn-full-desktop gutentor-btn-full-tablet gutentor-btn-full-mobile\"><span class=\"gutentor-button-wrap\"><a class=\"gutentor-button gutentor-block-button gutentor-icon-hide\" href=\"https:\/\/intranet.esmuc.cat\/bo\/index.php?accio=menu&amp;seccio=inc_sec_academica\" target=\"_blank\" rel=\" noopener noreferrer\"><i class=\"gutentor-button-icon fas fa-book\"><\/i><span>Solicitudes y tr\u00e1mites acad\u00e9micos<\/span><\/a><\/span><\/div>\n<\/div>\n<\/div>\n\n\n\n<div id=\"section-ga65704\" class=\"wp-block-gutentor-e0 section-ga65704 gutentor-element gutentor-element-advanced-text\"><div class=\"gutentor-text-wrap\"><p class=\"gutentor-text\">Para cualquier otra consulta, dirigir un correo electr\u00f3nico a <strong>secretaria.academica@esmuc.cat<\/strong><\/p><\/div><\/div>\n\n\n\n<div style=\"height:30px\" aria-hidden=\"true\" class=\"wp-block-spacer\"><\/div>\n\n\n\n<hr class=\"wp-block-separator has-alpha-channel-opacity is-style-wide\"\/>\n\n\n\n<h3 class=\"wp-block-heading\">Solicitud del t\u00edtulo<\/h3>\n\n\n\n<div id=\"section-g1a83a6\" class=\"wp-block-gutentor-e0 section-g1a83a6 gutentor-element gutentor-element-advanced-text\"><div class=\"gutentor-text-wrap\"><p class=\"gutentor-text\">Una vez finalizados los estudios, pod\u00e9is solicitar vuestro t\u00edtulo a trav\u00e9s del siguiente procedimiento:<\/p><\/div><\/div>\n\n\n\n<div id=\"section-geec687\" class=\"wp-block-gutentor-e7 section-geec687 gutentor-element gutentor-element-list\"><ul class=\"grid-row gutentor-grid-item-wrap list-indicator-icon\"><li class=\"gutentor-list-item grid-lg-12 grid-md-12 grid-12\"><span class=\"gutentor-single-item gutentor-single-item-0\"><span class=\"gutentor-list-item-wrap g-s-list-wrap\"><span class=\"gutentor-single-list-item-icon\"><i class=\"list-item-icon fas fa-angle-right\"><\/i><\/span><span class=\"gutentor-list-item\"><p class=\"gutentor-single-item-title\"><strong>Para Grado y M\u00e1steres Oficiales<\/strong><br><br>Tramita la solicitud del t\u00edtulo a trav\u00e9s de este\u00a0<a href=\"https:\/\/tramits.gencat.cat\/ca\/tramits\/tramits-temes\/titols-academics-no-universitaris\" target=\"_blank\" rel=\"noreferrer noopener\">enlace<\/a>.\u00a0\u00a0<br>Env\u00eda un correo electr\u00f3nico a <a href=\"mailto:secretaria.academica@esmuc.cat\">secretaria.academica@esmuc.cat<\/a> con el asunto <em>Tramitaci\u00f3n del t\u00edtulo<\/em>, adjuntando la siguiente documentaci\u00f3n:<br>&gt; Documentaci\u00f3n justificativa de descuento de precios p\u00fablicos, si corresponde.\u00a0<br>&gt; Acreditaci\u00f3n del dominio de la lengua extranjera, si no se ha entregado anteriormente.*\u00a0<br><sup>* Solo aplica a la titulaci\u00f3n de Grado.<\/sup>\u00a0<\/p><\/span><\/span><\/span><\/li><li class=\"gutentor-list-item grid-lg-12 grid-md-12 grid-12\"><span class=\"gutentor-single-item gutentor-single-item-1\"><span class=\"gutentor-list-item-wrap g-s-list-wrap\"><span class=\"gutentor-single-list-item-icon\"><i class=\"list-item-icon fas fa-angle-right\"><\/i><\/span><span class=\"gutentor-list-item\"><p class=\"gutentor-single-item-title\"><strong>Para M\u00e1steres Propios:<\/strong>\u00a0<br><br>Env\u00eda un correo electr\u00f3nico a <a href=\"mailto:secretaria.academica@esmuc.cat\">secretaria.academica@esmuc.cat<\/a> con el asunto <em>Tramitaci\u00f3n del t\u00edtulo<\/em>, adjuntando la siguiente documentaci\u00f3n:\u00a0<br>&gt; El <strong>formulario de solicitud<\/strong> cumplimentado: <a href=\"https:\/\/www.esmuc.cat\/wp-content\/uploads\/2025\/10\/Sollicitud-de-titol-propi-de-master-2025.pdf\" target=\"_blank\" rel=\"noreferrer noopener\">M\u00e1ster propio<\/a>\u00a0<br>&gt; DNI (nacionalidad espa\u00f1ola) o documento de identidad o pasaporte (otros pa\u00edses de la U.E.)<\/p><\/span><\/span><\/span><\/li><\/ul><\/div>\n\n\n\n<div id=\"section-gd6013d\" class=\"wp-block-gutentor-e0 section-gd6013d gutentor-element gutentor-element-advanced-text\"><div class=\"gutentor-text-wrap\"><p class=\"gutentor-text\"><\/p><\/div><\/div>\n\n\n\n<div id=\"section-g5a73a9\" class=\"wp-block-gutentor-e0 section-g5a73a9 gutentor-element gutentor-element-advanced-text\"><div class=\"gutentor-text-wrap\"><p class=\"gutentor-text\"><strong>Tasas:<\/strong><\/p><\/div><\/div>\n\n\n\n<div id=\"section-g97231c\" class=\"wp-block-gutentor-e7 section-g97231c gutentor-element gutentor-element-list\"><ul class=\"grid-row gutentor-grid-item-wrap list-indicator-icon\"><li class=\"gutentor-list-item grid-lg-12 grid-md-12 grid-12\"><span class=\"gutentor-single-item gutentor-single-item-0\"><span class=\"gutentor-list-item-wrap g-s-list-wrap\"><span class=\"gutentor-single-list-item-icon\"><i class=\"list-item-icon fas fa-angle-right\"><\/i><\/span><span class=\"gutentor-list-item\"><p class=\"gutentor-single-item-title\">T\u00edtulo de grado: 155,45 \u20ac<\/p><\/span><\/span><\/span><\/li><li class=\"gutentor-list-item grid-lg-12 grid-md-12 grid-12\"><span class=\"gutentor-single-item gutentor-single-item-1\"><span class=\"gutentor-list-item-wrap g-s-list-wrap\"><span class=\"gutentor-single-list-item-icon\"><i class=\"list-item-icon fas fa-angle-right\"><\/i><\/span><span class=\"gutentor-list-item\"><p class=\"gutentor-single-item-title\">T\u00edtulo de m\u00e1ster oficial: 204,05 \u20ac<\/p><\/span><\/span><\/span><\/li><li class=\"gutentor-list-item grid-lg-12 grid-md-12 grid-12\"><span class=\"gutentor-single-item gutentor-single-item-2\"><span class=\"gutentor-list-item-wrap g-s-list-wrap\"><span class=\"gutentor-single-list-item-icon\"><i class=\"list-item-icon fas fa-angle-right\"><\/i><\/span><span class=\"gutentor-list-item\"><p class=\"gutentor-single-item-title\">T\u00edtulo propio de m\u00e1ster: 98,05 \u20ac<\/p><\/span><\/span><\/span><\/li><\/ul><\/div>\n\n\n\n<div id=\"section-g43d102\" class=\"wp-block-gutentor-e0 section-g43d102 gutentor-element gutentor-element-advanced-text\"><div class=\"gutentor-text-wrap\"><p class=\"gutentor-text\"><strong>La recogida de los t\u00edtulos oficiales es \u00fanicamente presencial<\/strong>. Es necesario acudir a las oficinas de la ESMUC dentro del horario de atenci\u00f3n al p\u00fablico o autorizar a una tercera persona para recoger el t\u00edtulo.<\/p><\/div><\/div>\n\n\n\n<div id=\"section-g7e880e\" class=\"wp-block-gutentor-e2 section-g7e880e gutentor-element gutentor-element-button\"><span class=\"gutentor-button-wrap\"><a class=\"gutentor-button gutentor-block-button gutentor-icon-hide\" href=\"https:\/\/www.esmuc.cat\/wp-content\/uploads\/2025\/09\/Autoritzacio-a-tercers-per-la-recollida-de-diploma-1-2025.pdf\" target=\"_blank\" rel=\" noopener noreferrer\"><i class=\"gutentor-button-icon fas fa-book\"><\/i><span>Documento de autorizaci\u00f3n a terceros<\/span><\/a><\/span><\/div>\n\n\n\n<div style=\"height:60px\" aria-hidden=\"true\" class=\"wp-block-spacer\"><\/div>\n\n\n\n<hr class=\"wp-block-separator has-alpha-channel-opacity is-style-wide\"\/>\n\n\n\n<div class=\"wp-block-columns is-layout-flex wp-container-core-columns-is-layout-9d6595d7 wp-block-columns-is-layout-flex\">\n<div class=\"wp-block-column is-layout-flow wp-block-column-is-layout-flow\" style=\"flex-basis:100%\">\n<h3 class=\"wp-block-heading\" id=\"anulacion-de-convocatoria\">Anulaci\u00f3n de convocatoria<\/h3>\n\n\n\n<div id=\"section-gca73e7\" class=\"wp-block-gutentor-e0 section-gca73e7 gutentor-element gutentor-element-advanced-text\"><div class=\"gutentor-text-wrap\"><p class=\"gutentor-text\">El\/la estudiante puede solicitar anulaci\u00f3n de convocatoria dentro del plazo establecido por el centro de una o m\u00e1s asignaturas matriculadas que no pueda cursar o que decide no cursar, de modo que no se le califique como suspenso ni le compute en el n\u00famero m\u00e1ximo de convocatorias autorizado para superar una asignatura.<\/p><\/div><\/div>\n\n\n\n<div id=\"section-g3f7c40\" class=\"wp-block-gutentor-e7 section-g3f7c40 gutentor-element gutentor-element-list\"><ul class=\"grid-row gutentor-grid-item-wrap list-indicator-icon\"><li class=\"gutentor-list-item grid-lg-12 grid-md-12 grid-12\"><span class=\"gutentor-single-item gutentor-single-item-0\"><span class=\"gutentor-list-item-wrap g-s-list-wrap\"><span class=\"gutentor-single-list-item-icon\"><i class=\"list-item-icon fas fa-angle-right\"><\/i><\/span><span class=\"gutentor-list-item\"><p class=\"gutentor-single-item-title\">La anulaci\u00f3n puede solicitarse antes de que haya transcurrido el 50% del tiempo destinado a la docencia de la asignatura.<\/p><\/span><\/span><\/span><\/li><li class=\"gutentor-list-item grid-lg-12 grid-md-12 grid-12\"><span class=\"gutentor-single-item gutentor-single-item-1\"><span class=\"gutentor-list-item-wrap g-s-list-wrap\"><span class=\"gutentor-single-list-item-icon\"><i class=\"list-item-icon fas fa-angle-right\"><\/i><\/span><span class=\"gutentor-list-item\"><p class=\"gutentor-single-item-title\">La anulaci\u00f3n de convocatoria no supondr\u00e1 la devoluci\u00f3n del importe abonado en concepto de matr\u00edcula.<\/p><\/span><\/span><\/span><\/li><li class=\"gutentor-list-item grid-lg-12 grid-md-12 grid-12\"><span class=\"gutentor-single-item gutentor-single-item-2\"><span class=\"gutentor-list-item-wrap g-s-list-wrap\"><span class=\"gutentor-single-list-item-icon\"><i class=\"list-item-icon fas fa-angle-right\"><\/i><\/span><span class=\"gutentor-list-item\"><p class=\"gutentor-single-item-title\">El estudiante deber\u00e1 abonar de nuevo el importe de la matr\u00edcula correspondiente al n\u00famero de cr\u00e9ditos de la asignatura que vuelva a matricular.<\/p><\/span><\/span><\/span><\/li><\/ul><\/div>\n\n\n\n<div id=\"section-gc1aa23\" class=\"wp-block-gutentor-e0 section-gc1aa23 gutentor-element gutentor-element-advanced-text\"><div class=\"gutentor-text-wrap\"><p class=\"gutentor-text\">Para iniciar este tr\u00e1mite hay que rellenar el <a href=\"https:\/\/www.cognitoforms.com\/Esmuc1\/SOLLICITUDSITR%C3%80MITSACAD%C3%88MICSSOLICITUDESYTR%C3%81MITESACAD%C3%89MICOSAPPLICATIONSANDACADEMICPROCEDURES\" target=\"_blank\" rel=\"noreferrer noopener\">formulario general de solicitud<\/a>.<\/p><\/div><\/div>\n<\/div>\n<\/div>\n\n\n\n<div style=\"height:10px\" aria-hidden=\"true\" class=\"wp-block-spacer\"><\/div>\n<\/div>\n<\/div>\n","protected":false},"excerpt":{"rendered":"<p>Tr\u00e1mites acad\u00e9micos Comunicaciones con Secretaria acad\u00e9mica Solicitud del t\u00edtulo Anulaci\u00f3n de convocatoria<\/p>\n","protected":false},"author":4,"featured_media":8265,"parent":83385,"menu_order":0,"comment_status":"closed","ping_status":"closed","template":"","meta":{"_acf_changed":false,"_themeisle_gutenberg_block_has_review":false,"footnotes":""},"categories":[1075,1133,1112],"tags":[1127,1194],"class_list":["post-31098","page","type-page","status-publish","has-post-thumbnail","hentry","category-estudios","category-grau-es","category-masters-es","tag-grau-es","tag-titulacio-es"],"acf":[],"publishpress_future_action":{"enabled":false,"date":"2026-04-11 03:32:18","action":"change-status","newStatus":"draft","terms":[],"taxonomy":"category","extraData":[]},"publishpress_future_workflow_manual_trigger":{"enabledWorkflows":[]},"_links":{"self":[{"href":"https:\/\/www.esmuc.cat\/es\/wp-json\/wp\/v2\/pages\/31098","targetHints":{"allow":["GET"]}}],"collection":[{"href":"https:\/\/www.esmuc.cat\/es\/wp-json\/wp\/v2\/pages"}],"about":[{"href":"https:\/\/www.esmuc.cat\/es\/wp-json\/wp\/v2\/types\/page"}],"author":[{"embeddable":true,"href":"https:\/\/www.esmuc.cat\/es\/wp-json\/wp\/v2\/users\/4"}],"replies":[{"embeddable":true,"href":"https:\/\/www.esmuc.cat\/es\/wp-json\/wp\/v2\/comments?post=31098"}],"version-history":[{"count":52,"href":"https:\/\/www.esmuc.cat\/es\/wp-json\/wp\/v2\/pages\/31098\/revisions"}],"predecessor-version":[{"id":116653,"href":"https:\/\/www.esmuc.cat\/es\/wp-json\/wp\/v2\/pages\/31098\/revisions\/116653"}],"up":[{"embeddable":true,"href":"https:\/\/www.esmuc.cat\/es\/wp-json\/wp\/v2\/pages\/83385"}],"wp:featuredmedia":[{"embeddable":true,"href":"https:\/\/www.esmuc.cat\/es\/wp-json\/wp\/v2\/media\/8265"}],"wp:attachment":[{"href":"https:\/\/www.esmuc.cat\/es\/wp-json\/wp\/v2\/media?parent=31098"}],"wp:term":[{"taxonomy":"category","embeddable":true,"href":"https:\/\/www.esmuc.cat\/es\/wp-json\/wp\/v2\/categories?post=31098"},{"taxonomy":"post_tag","embeddable":true,"href":"https:\/\/www.esmuc.cat\/es\/wp-json\/wp\/v2\/tags?post=31098"}],"curies":[{"name":"wp","href":"https:\/\/api.w.org\/{rel}","templated":true}]}}