{"id":31083,"date":"2021-03-15T14:03:25","date_gmt":"2021-03-15T13:03:25","guid":{"rendered":"https:\/\/www.esmuc.cat\/grau\/matriculacio-2\/"},"modified":"2025-08-28T11:55:52","modified_gmt":"2025-08-28T09:55:52","slug":"matriculacion-grado","status":"publish","type":"page","link":"https:\/\/www.esmuc.cat\/es\/estudios\/grau\/matriculacion-grado\/","title":{"rendered":"Matriculaci\u00f3n"},"content":{"rendered":"\n<div class=\"wp-block-columns is-layout-flex wp-container-core-columns-is-layout-9d6595d7 wp-block-columns-is-layout-flex\">\n<div class=\"wp-block-column esmuc__Menu_Masters is-layout-flow wp-block-column-is-layout-flow\" style=\"flex-basis:33.33%\">\n\n<\/div>\n\n\n\n<div class=\"wp-block-column is-layout-flow wp-block-column-is-layout-flow\" style=\"flex-basis:66.66%\"><div class=\"breadcrumbs align  wp-block-bcn-breadcrumb-trail has-text-color has-background\" vocab=\"https:\/\/schema.org\/\" typeof=\"BreadcrumbList\">\n\t<span><\/span>\n\t<span property=\"itemListElement\" typeof=\"ListItem\"><a property=\"item\" typeof=\"WebPage\" title=\"Ir a ESMUC.\" href=\"https:\/\/www.esmuc.cat\/es\/\" class=\"home\" ><span property=\"name\">ESMUC<\/span><\/a><meta property=\"position\" content=\"1\"><\/span> &gt; <span property=\"itemListElement\" typeof=\"ListItem\"><a property=\"item\" typeof=\"WebPage\" title=\"Ir a Estudios.\" href=\"https:\/\/www.esmuc.cat\/es\/estudios\/\" class=\"post post-page\" ><span property=\"name\">Estudios<\/span><\/a><meta property=\"position\" content=\"2\"><\/span> &gt; <span property=\"itemListElement\" typeof=\"ListItem\"><a property=\"item\" typeof=\"WebPage\" title=\"Ir a Grado.\" href=\"https:\/\/www.esmuc.cat\/es\/estudios\/grau\/\" class=\"post post-page\" ><span property=\"name\">Grado<\/span><\/a><meta property=\"position\" content=\"3\"><\/span> &gt; <span property=\"itemListElement\" typeof=\"ListItem\"><span property=\"name\" class=\"post post-page current-item\">Matriculaci\u00f3n<\/span><meta property=\"url\" content=\"https:\/\/www.esmuc.cat\/es\/estudios\/grau\/matriculacion-grado\/\"><meta property=\"position\" content=\"4\"><\/span><\/div>\n\n\n\n<h1 class=\"wp-block-heading\">Matriculaci\u00f3n<\/h1>\n\n\n\n<div style=\"height:10px\" aria-hidden=\"true\" class=\"wp-block-spacer\"><\/div>\n\n\n\n<p>La matr\u00edcula ordinaria en los estudios de Grado de la ESMUC se realiza online, con algunas excepciones justificadas. El proceso de matr\u00edcula incluye la selecci\u00f3n de asignaturas que el estudiante cursar\u00e1 al a\u00f1o siguiente y el pago del primer plazo derivado de esta matr\u00edcula. \u00c9sta no se da por realizada si no se produce el pago en 24 horas.<\/p>\n\n\n\n<p>Se puede encontrar el tutorial de matriculaci\u00f3n, otra informaci\u00f3n complementaria, as\u00ed como un formulario de incidencias de matriculaci\u00f3n, en el <a href=\"https:\/\/esmuc.sharepoint.com\/sites\/infoacademica\" target=\"_blank\" rel=\"noreferrer noopener\">Portal del Estudiante<\/a>.<\/p>\n\n\n\n<p>La matriculaci\u00f3n y las reuniones preparatorias se realizar\u00e1n de acuerdo con el siguiente calendario:<\/p>\n\n\n\n<div style=\"height:10px\" aria-hidden=\"true\" class=\"wp-block-spacer\"><\/div>\n\n\n\n<h4 class=\"wp-block-heading\">Calendario<\/h4>\n\n\n\n<div style=\"height:10px\" aria-hidden=\"true\" class=\"wp-block-spacer\"><\/div>\n\n\n\n<table id=\"tablepress-485\" class=\"tablepress tablepress-id-485\">\n<thead>\n<tr class=\"row-1\">\n\t<th class=\"column-1\">Curso 2025-2026<\/th><th class=\"column-2\">Fecha<\/th><th class=\"column-3\">Hora<\/th><th class=\"column-4\">Via<\/th>\n<\/tr>\n<\/thead>\n<tbody class=\"row-striping row-hover\">\n<tr class=\"row-2\">\n\t<td class=\"column-1\">Reuni\u00f3n informativa 1\u00ba (catal\u00e0)<\/td><td class=\"column-2\">18\/06\/2025<\/td><td class=\"column-3\">9:00 h - 10:00 h<\/td><td class=\"column-4\"><a href=\"https:\/\/teams.microsoft.com\/l\/meetup-join\/19:meeting_MjQ3NTQzOWUtYTljNS00Y2ZlLWJlZmMtMDc0YzY4OWVmOGNl%40thread.v2\/0?context=%7b%22Tid%22:%22d9803833-0e94-4553-ac94-7ba7b136346b%22%2c%22Oid%22:%2280d8fc63-e9fc-4efc-a0bb-eab695dda680%22%7d\" target=\"_blank\">Teams<\/a><\/td>\n<\/tr>\n<tr class=\"row-3\">\n\t<td class=\"column-1\">Reuni\u00f3n informativa 1\u00ba (castellano)<\/td><td class=\"column-2\">18\/06\/2025<\/td><td class=\"column-3\">10:00 h - 11:00 h<\/td><td class=\"column-4\"><a href=\"https:\/\/teams.microsoft.com\/l\/meetup-join\/19:meeting_ZDc2NTFlNDUtNTIxMi00MzI2LWJkYjgtNTMwZWQ0NTJiZThj%40thread.v2\/0?context=%7b%22Tid%22:%22d9803833-0e94-4553-ac94-7ba7b136346b%22%2c%22Oid%22:%2280d8fc63-e9fc-4efc-a0bb-eab695dda680%22%7d\" target=\"_blank\">Teams<\/a><\/td>\n<\/tr>\n<tr class=\"row-4\">\n\t<td class=\"column-1\">Matr\u00edcula 1r curs<\/td><td class=\"column-2\">19\/06\/2025 i 20\/06\/2025<\/td><td class=\"column-3\">9:00 h - 23:59 h<\/td><td class=\"column-4\">Online<\/td>\n<\/tr>\n<tr class=\"row-5\">\n\t<td class=\"column-1\">Reuni\u00f3n informativa 2\u00ba curso<\/td><td class=\"column-2\">25\/06\/2025<\/td><td class=\"column-3\">9:00 h - 10:00 h<\/td><td class=\"column-4\"><a href=\"https:\/\/teams.microsoft.com\/l\/meetup-join\/19:meeting_NzhiYzM4MDktNjk0Yy00ZmFkLWIwZmEtMDNlMDljM2RiNTUw%40thread.v2\/0?context=%7b%22Tid%22:%22d9803833-0e94-4553-ac94-7ba7b136346b%22%2c%22Oid%22:%2280d8fc63-e9fc-4efc-a0bb-eab695dda680%22%7d\" target=\"_blank\">Teams<\/a><\/td>\n<\/tr>\n<tr class=\"row-6\">\n\t<td class=\"column-1\">Matr\u00edcula 2\u00ba curso<\/td><td class=\"column-2\">26\/06\/2025 i 27\/06\/2025<\/td><td class=\"column-3\">9:00 h - 23:59 h<\/td><td class=\"column-4\">Online<\/td>\n<\/tr>\n<tr class=\"row-7\">\n\t<td class=\"column-1\">Reuni\u00f3n informativa 4\u00ba, 5\u00ba y 6\u00ba<\/td><td class=\"column-2\">30\/06\/2025<\/td><td class=\"column-3\">9:00 h - 10:00 h<\/td><td class=\"column-4\"><a href=\"https:\/\/teams.microsoft.com\/l\/meetup-join\/19:meeting_MDQzOTRkODQtM2Q3ZC00MWFiLTg5ZjAtNzQwYmZkZGY4M2Yy%40thread.v2\/0?context=%7b%22Tid%22:%22d9803833-0e94-4553-ac94-7ba7b136346b%22%2c%22Oid%22:%2280d8fc63-e9fc-4efc-a0bb-eab695dda680%22%7d\" target=\"_blank\">Teams<\/a><\/td>\n<\/tr>\n<tr class=\"row-8\">\n\t<td class=\"column-1\">Matr\u00edcula 5\u00ba y 6\u00ba<\/td><td class=\"column-2\">01\/07\/2025<\/td><td class=\"column-3\">9:00 h - 23:59 h<\/td><td class=\"column-4\">Online<\/td>\n<\/tr>\n<tr class=\"row-9\">\n\t<td class=\"column-1\">Matr\u00edcula 4\u00ba curso<\/td><td class=\"column-2\">02\/07\/2025 i 03\/07\/2025<\/td><td class=\"column-3\">9:00 h - 23:59 h<\/td><td class=\"column-4\">Online<\/td>\n<\/tr>\n<tr class=\"row-10\">\n\t<td class=\"column-1\">Reuni\u00f3n informativa 3r curso<\/td><td class=\"column-2\">04\/07\/2025<\/td><td class=\"column-3\">9:00 h - 10:00 h<\/td><td class=\"column-4\"><a href=\"https:\/\/teams.microsoft.com\/l\/meetup-join\/19:meeting_ZTcyMTU3ZmQtZjU2OS00Yjk1LWJmMjMtODY3Y2I5N2IwYWNh%40thread.v2\/0?context=%7b%22Tid%22:%22d9803833-0e94-4553-ac94-7ba7b136346b%22%2c%22Oid%22:%2280d8fc63-e9fc-4efc-a0bb-eab695dda680%22%7d\" target=\"_blank\">Teams<\/a><\/td>\n<\/tr>\n<tr class=\"row-11\">\n\t<td class=\"column-1\">Matr\u00edcula 3r curso<\/td><td class=\"column-2\">07\/07\/2025 i 08\/07\/2025<\/td><td class=\"column-3\">9:00 h - 23:59 h<\/td><td class=\"column-4\">Online<\/td>\n<\/tr>\n<tr class=\"row-12\">\n\t<td class=\"column-1\">Matr\u00edcula asignaturas optativas (3r, 4\u00ba, 5\u00ba y 6\u00ba) y pago<\/td><td class=\"column-2\">09\/07\/2025<\/td><td class=\"column-3\">9:00 h - 23:59 h<\/td><td class=\"column-4\">Online<\/td>\n<\/tr>\n<tr class=\"row-13\">\n\t<td class=\"column-1\">Matr\u00edcula de grado para estudiantes a tiempo parcial (todos los cursos)<\/td><td class=\"column-2\">10\/07\/2025<\/td><td class=\"column-3\">9:00 h - 23:59 h<\/td><td class=\"column-4\">Online<\/td>\n<\/tr>\n<\/tbody>\n<\/table>\n<!-- #tablepress-485 from cache -->\n\n\n\n<section id=\"gm52d87fb\" class=\"wp-block-gutentor-m3 section-gm52d87fb gutentor-module gutentor-container-cover has-color-bg has-custom-bg\"><div class=\"grid-container\">\n<h4 class=\"wp-block-heading\">Atenci\u00f3n incidencias matr\u00edcula<\/h4>\n\n\n\n<p>Horario de atenci\u00f3n de 9 a 14 h. Para la matr\u00edcula de 2\u00ba la atenci\u00f3n telef\u00f3nica ser\u00e1 el 21 y 25 de Junio.<\/p>\n\n\n\n<div id=\"section-gb8c2d7\" class=\"wp-block-gutentor-e7 section-gb8c2d7 gutentor-element gutentor-element-list\"><ul class=\"grid-row gutentor-grid-item-wrap list-indicator-icon\"><li class=\"gutentor-list-item grid-lg-12 grid-md-12 grid-12\"><span class=\"gutentor-single-item gutentor-single-item-0\"><span class=\"gutentor-list-item-wrap g-s-list-wrap\"><span class=\"gutentor-single-list-item-icon\"><i class=\"list-item-icon fas fa-phone-square\"><\/i><\/span><span class=\"gutentor-list-item\"><p class=\"gutentor-single-item-title\">Tel: (+34) 677260013 \/ 677260224\u00a0<\/p><\/span><\/span><\/span><\/li><li class=\"gutentor-list-item grid-lg-12 grid-md-12 grid-12\"><span class=\"gutentor-single-item gutentor-single-item-1\"><span class=\"gutentor-list-item-wrap g-s-list-wrap g-s-list-i-icon\"><span class=\"gutentor-single-list-item-icon\"><i class=\"list-item-icon fab fa-rocketchat\"><\/i><\/span><span class=\"gutentor-list-item\"><p class=\"gutentor-single-item-title\">Chat v\u00eda <a href=\"https:\/\/www.microsoft.com\/en-us\/microsoft-teams\/log-in\" target=\"_blank\" rel=\"noreferrer noopener\">Microsoft Teams<\/a>: assistencia_matriculacio@esmuc.onmicrosoft.com<\/p><\/span><\/span><\/span><\/li><li class=\"gutentor-list-item grid-lg-12 grid-md-12 grid-12\"><span class=\"gutentor-single-item gutentor-single-item-2\"><span class=\"gutentor-list-item-wrap g-s-list-wrap g-s-list-i-icon\"><span class=\"gutentor-single-list-item-icon\"><i class=\"list-item-icon fas fa-edit\"><\/i><\/span><span class=\"gutentor-list-item\"><p class=\"gutentor-single-item-title\"><a href=\"https:\/\/forms.office.com\/pages\/responsepage.aspx?id=MziA2ZQOU0WslHunsTY0a8q6_4WGuq1IvjMXYJlf9FtUMTUwTFFBM1BWSDdBUDRSSUFWQVFGVk5KRS4u\" target=\"_blank\" rel=\"noreferrer noopener\">Formulario Incidencias matr\u00edcula<\/a><\/p><\/span><\/span><\/span><\/li><\/ul><\/div>\n<\/div><\/section>\n\n\n\n<p><\/p>\n\n\n\n<p><\/p>\n\n\n\n<section id=\"gm68aa7db\" class=\"wp-block-gutentor-m3 section-gm68aa7db gutentor-module gutentor-container-cover\"><div class=\"grid-container\">\n<h4 class=\"wp-block-heading\">Traslado de expedientes<\/h4>\n\n\n\n<p>La Oficina de gesti\u00f3n acad\u00e9mica concertar\u00e1 una fecha con cada estudiante aceptado una vez se haya recibido el expediente acad\u00e9mico y se haya efectuado el reconocimiento de cr\u00e9ditos pertinente. Este proceso se alargar\u00e1 todo el mes de Junio.<\/p>\n<\/div><\/section>\n\n\n\n<p><\/p>\n\n\n\n<p><\/p>\n\n\n\n<section id=\"gm398ffbd\" class=\"wp-block-gutentor-m3 section-gm398ffbd gutentor-module gutentor-container-cover\"><div class=\"grid-container\">\n<h4 class=\"wp-block-heading\">Reconocimientos derivados de estudios oficiales anteriores<\/h4>\n\n\n\n<p>Informaci\u00f3n para estudiantes de nuevo acceso que desean reconocer cr\u00e9ditos ECTS ya cursados dentro del Espacio Europeo de Educaci\u00f3n Superior.<\/p>\n\n\n\n<section id=\"891aec\" class=\"section-891aec gutentor-module gutentor-module-accordion\"><div class=\"grid-container\">\n<div id=\"5750de\" class=\"wp-block-gutentor-m6-item section-5750de gutentor-module gutentor-module-accordion-item\"><div class=\"gutentor-module-accordion-panel g-a-panel-891aec\"><div class=\"gm-ah-891aec gutentor-module-accordion-item-heading gutentor-module-icon-position-right\"><span class=\"gutentor-module-accordion-panel-handler\" role=\"button\"><span class=\"gutentor-module-accordion-panel-handler-label\">Reconocimiento de menos de 40 cr\u00e9ditos de 1r curso<\/span><span class=\"gutentor-module-accordion-icon\"><i class=\"gm-aio-891aec gutentor-module-accordion-icon-open fas fa-plus\"><\/i><i class=\"gm-aic-891aec gutentor-module-accordion-icon-close fas fa-minus\"><\/i><\/span><\/span><\/div><div class=\"gm-ab-891aec gutentor-module-accordion-body\">\n<div id=\"section-gfdd2d4\" class=\"wp-block-gutentor-e7 section-gfdd2d4 gutentor-element gutentor-element-list\"><ul class=\"grid-row gutentor-grid-item-wrap list-indicator-icon\"><li class=\"gutentor-list-item grid-lg-12 grid-md-12 grid-12\"><span class=\"gutentor-single-item gutentor-single-item-0\"><span class=\"gutentor-list-item-wrap g-s-list-wrap\"><span class=\"gutentor-single-list-item-icon\"><i class=\"list-item-icon fas fa-angle-right\"><\/i><\/span><span class=\"gutentor-list-item\"><p class=\"gutentor-single-item-title\">Hay que enviar el certificado acad\u00e9mico a: <a href=\"mailto:secretaria@esmuc.cat\" target=\"_blank\" rel=\"noreferrer noopener\">secretaria.academica@esmuc.cat<\/a> <\/p><\/span><\/span><\/span><\/li><li class=\"gutentor-list-item grid-lg-12 grid-md-12 grid-12\"><span class=\"gutentor-single-item gutentor-single-item-1\"><span class=\"gutentor-list-item-wrap g-s-list-wrap\"><span class=\"gutentor-single-list-item-icon\"><i class=\"list-item-icon fas fa-angle-right\"><\/i><\/span><span class=\"gutentor-list-item\"><p class=\"gutentor-single-item-title\">La oficina de gesti\u00f3n acad\u00e9mica matricular\u00e1 las asignaturas reconocidas de 1\u00ba.<\/p><\/span><\/span><\/span><\/li><li class=\"gutentor-list-item grid-lg-12 grid-md-12 grid-12\"><span class=\"gutentor-single-item gutentor-single-item-2\"><span class=\"gutentor-list-item-wrap g-s-list-wrap\"><span class=\"gutentor-single-list-item-icon\"><i class=\"list-item-icon fas fa-angle-right\"><\/i><\/span><span class=\"gutentor-list-item\"><p class=\"gutentor-single-item-title\">Se podr\u00e1n cursar \u00fanicamente asignaturas de 1\u00ba.<\/p><\/span><\/span><\/span><\/li><\/ul><\/div>\n<\/div><\/div><\/div>\n\n\n\n<div id=\"5cee82\" class=\"wp-block-gutentor-m6-item section-5cee82 gutentor-module gutentor-module-accordion-item\"><div class=\"gutentor-module-accordion-panel g-a-panel-891aec\"><div class=\"gm-ah-891aec gutentor-module-accordion-item-heading gutentor-module-icon-position-right\"><span class=\"gutentor-module-accordion-panel-handler\" role=\"button\"><span class=\"gutentor-module-accordion-panel-handler-label\">Reconocimiento de 40 o m\u00e1s cr\u00e9ditos de 1r curso<\/span><span class=\"gutentor-module-accordion-icon\"><i class=\"gm-aio-891aec gutentor-module-accordion-icon-open fas fa-plus\"><\/i><i class=\"gm-aic-891aec gutentor-module-accordion-icon-close fas fa-minus\"><\/i><\/span><\/span><\/div><div class=\"gm-ab-891aec gutentor-module-accordion-body\">\n<div id=\"section-g919ce2\" class=\"wp-block-gutentor-e7 section-g919ce2 gutentor-element gutentor-element-list\"><ul class=\"grid-row gutentor-grid-item-wrap list-indicator-icon\"><li class=\"gutentor-list-item grid-lg-12 grid-md-12 grid-12\"><span class=\"gutentor-single-item gutentor-single-item-0\"><span class=\"gutentor-list-item-wrap g-s-list-wrap\"><span class=\"gutentor-single-list-item-icon\"><i class=\"list-item-icon fas fa-angle-right\"><\/i><\/span><span class=\"gutentor-list-item\"><p class=\"gutentor-single-item-title\">Hay que enviar el certificado acad\u00e9mico a: <a href=\"mailto:secretaria@esmuc.cat\">secretaria.academica@esmuc.cat<\/a><\/p><\/span><\/span><\/span><\/li><li class=\"gutentor-list-item grid-lg-12 grid-md-12 grid-12\"><span class=\"gutentor-single-item gutentor-single-item-1\"><span class=\"gutentor-list-item-wrap g-s-list-wrap\"><span class=\"gutentor-single-list-item-icon\"><i class=\"list-item-icon fas fa-angle-right\"><\/i><\/span><span class=\"gutentor-list-item\"><p class=\"gutentor-single-item-title\">A lo largo del mes de junio, la oficina de gesti\u00f3n acad\u00e9mica concertar\u00e1 d\u00eda y hora con el estudiante para formalizar la matr\u00edcula.<\/p><\/span><\/span><\/span><\/li><li class=\"gutentor-list-item grid-lg-12 grid-md-12 grid-12\"><span class=\"gutentor-single-item gutentor-single-item-2\"><span class=\"gutentor-list-item-wrap g-s-list-wrap\"><span class=\"gutentor-single-list-item-icon\"><i class=\"list-item-icon fas fa-angle-right\"><\/i><\/span><span class=\"gutentor-list-item\"><p class=\"gutentor-single-item-title\">La oficina de gesti\u00f3n acad\u00e9mica matricular\u00e1 las asignaturas reconocidas de 1\u00ba y 2\u00ba curso.<\/p><\/span><\/span><\/span><\/li><li class=\"gutentor-list-item grid-lg-12 grid-md-12 grid-12\"><span class=\"gutentor-single-item gutentor-single-item-3\"><span class=\"gutentor-list-item-wrap g-s-list-wrap\"><span class=\"gutentor-single-list-item-icon\"><i class=\"list-item-icon fas fa-angle-right\"><\/i><\/span><span class=\"gutentor-list-item\"><p class=\"gutentor-single-item-title\">Se podr\u00e1n cursar las asignaturas restantes de 1\u00ba y asignaturas de 2\u00ba hasta un m\u00e1ximo de 72 cr\u00e9ditos.<\/p><\/span><\/span><\/span><\/li><\/ul><\/div>\n<\/div><\/div><\/div>\n<\/div><\/section>\n<\/div><\/section>\n\n\n\n<div style=\"height:10px\" aria-hidden=\"true\" class=\"wp-block-spacer\"><\/div>\n\n\n\n<div style=\"height:10px\" aria-hidden=\"true\" class=\"wp-block-spacer\"><\/div>\n<\/div>\n<\/div>\n","protected":false},"excerpt":{"rendered":"<p>Matriculaci\u00f3n La matr\u00edcula ordinaria en los estudios de Grado de la ESMUC se realiza online, con algunas excepciones justificadas. El proceso de matr\u00edcula incluye la selecci\u00f3n de asignaturas que el estudiante cursar\u00e1 al a\u00f1o siguiente y el pago del primer plazo derivado de esta matr\u00edcula. \u00c9sta no se da por realizada si no se produce [&hellip;]<\/p>\n","protected":false},"author":4,"featured_media":0,"parent":30906,"menu_order":0,"comment_status":"closed","ping_status":"closed","template":"","meta":{"_acf_changed":false,"_themeisle_gutenberg_block_has_review":false,"footnotes":""},"categories":[1133],"tags":[],"class_list":["post-31083","page","type-page","status-publish","hentry","category-grau-es"],"acf":[],"publishpress_future_action":{"enabled":false,"date":"2026-04-28 03:11:51","action":"change-status","newStatus":"draft","terms":[],"taxonomy":"category","extraData":[]},"publishpress_future_workflow_manual_trigger":{"enabledWorkflows":[]},"_links":{"self":[{"href":"https:\/\/www.esmuc.cat\/es\/wp-json\/wp\/v2\/pages\/31083","targetHints":{"allow":["GET"]}}],"collection":[{"href":"https:\/\/www.esmuc.cat\/es\/wp-json\/wp\/v2\/pages"}],"about":[{"href":"https:\/\/www.esmuc.cat\/es\/wp-json\/wp\/v2\/types\/page"}],"author":[{"embeddable":true,"href":"https:\/\/www.esmuc.cat\/es\/wp-json\/wp\/v2\/users\/4"}],"replies":[{"embeddable":true,"href":"https:\/\/www.esmuc.cat\/es\/wp-json\/wp\/v2\/comments?post=31083"}],"version-history":[{"count":32,"href":"https:\/\/www.esmuc.cat\/es\/wp-json\/wp\/v2\/pages\/31083\/revisions"}],"predecessor-version":[{"id":109735,"href":"https:\/\/www.esmuc.cat\/es\/wp-json\/wp\/v2\/pages\/31083\/revisions\/109735"}],"up":[{"embeddable":true,"href":"https:\/\/www.esmuc.cat\/es\/wp-json\/wp\/v2\/pages\/30906"}],"wp:attachment":[{"href":"https:\/\/www.esmuc.cat\/es\/wp-json\/wp\/v2\/media?parent=31083"}],"wp:term":[{"taxonomy":"category","embeddable":true,"href":"https:\/\/www.esmuc.cat\/es\/wp-json\/wp\/v2\/categories?post=31083"},{"taxonomy":"post_tag","embeddable":true,"href":"https:\/\/www.esmuc.cat\/es\/wp-json\/wp\/v2\/tags?post=31083"}],"curies":[{"name":"wp","href":"https:\/\/api.w.org\/{rel}","templated":true}]}}