{"id":31078,"date":"2021-04-08T07:26:00","date_gmt":"2021-04-08T05:26:00","guid":{"rendered":"https:\/\/www.esmuc.cat\/grau\/preus\/"},"modified":"2024-10-24T12:15:56","modified_gmt":"2024-10-24T10:15:56","slug":"preus","status":"publish","type":"page","link":"https:\/\/www.esmuc.cat\/es\/estudios\/grau\/preus\/","title":{"rendered":"Precios y pago"},"content":{"rendered":"\n<div class=\"wp-block-columns is-layout-flex wp-container-core-columns-is-layout-9d6595d7 wp-block-columns-is-layout-flex\">\n<div class=\"wp-block-column esmuc__Menu_Masters is-layout-flow wp-block-column-is-layout-flow\" style=\"flex-basis:33.33%\">\n\n<\/div>\n\n\n\n<div class=\"wp-block-column is-layout-flow wp-block-column-is-layout-flow\" style=\"flex-basis:66.66%\"><div class=\"breadcrumbs align  wp-block-bcn-breadcrumb-trail has-text-color has-background\" vocab=\"https:\/\/schema.org\/\" typeof=\"BreadcrumbList\">\n\t<span><\/span>\n\t<span property=\"itemListElement\" typeof=\"ListItem\"><a property=\"item\" typeof=\"WebPage\" title=\"Ir a ESMUC.\" href=\"https:\/\/www.esmuc.cat\/es\/\" class=\"home\" ><span property=\"name\">ESMUC<\/span><\/a><meta property=\"position\" content=\"1\"><\/span> &gt; <span property=\"itemListElement\" typeof=\"ListItem\"><a property=\"item\" typeof=\"WebPage\" title=\"Ir a Estudios.\" href=\"https:\/\/www.esmuc.cat\/es\/estudios\/\" class=\"post post-page\" ><span property=\"name\">Estudios<\/span><\/a><meta property=\"position\" content=\"2\"><\/span> &gt; <span property=\"itemListElement\" typeof=\"ListItem\"><a property=\"item\" typeof=\"WebPage\" title=\"Ir a Grado.\" href=\"https:\/\/www.esmuc.cat\/es\/estudios\/grau\/\" class=\"post post-page\" ><span property=\"name\">Grado<\/span><\/a><meta property=\"position\" content=\"3\"><\/span> &gt; <span property=\"itemListElement\" typeof=\"ListItem\"><span property=\"name\" class=\"post post-page current-item\">Precios y pago<\/span><meta property=\"url\" content=\"https:\/\/www.esmuc.cat\/es\/estudios\/grau\/preus\/\"><meta property=\"position\" content=\"4\"><\/span><\/div>\n\n\n\n<h1 class=\"wp-block-heading\">Pago<\/h1>\n\n\n\n<div style=\"height:10px\" aria-hidden=\"true\" class=\"wp-block-spacer\"><\/div>\n\n\n\n<p>El importe total de la matr\u00edcula se abonar\u00e1 fraccionado en tres plazos. El primero de ellos (25%) se paga mediante c\u00f3digo de barras en el momento de realizar la matr\u00edcula. El segundo (25%) y el tercero (50%) se abonan por domiciliaci\u00f3n bancaria. En el momento de realizar la matr\u00edcula debe informarse del n\u00fam. IBAN.<\/p>\n\n\n\n<div style=\"height:18px\" aria-hidden=\"true\" class=\"wp-block-spacer\"><\/div>\n\n\n\n<h3 class=\"wp-block-heading\">Modalidades y plazos de pago<\/h3>\n\n\n\n<div style=\"height:20px\" aria-hidden=\"true\" class=\"wp-block-spacer\"><\/div>\n\n\n\n<table id=\"tablepress-486\" class=\"tablepress tablepress-id-486\">\n<thead>\n<tr class=\"row-1\">\n\t<th class=\"column-1\">% matr\u00edcula<br \/>\n% enrollment<\/th><th class=\"column-2\">Data l\u00edmit<br \/>\nFecha l\u00edmite<br \/>\nDeadline<\/th><th class=\"column-3\">Com<br \/>\nC\u00f3mo<br \/>\nHow<\/th>\n<\/tr>\n<\/thead>\n<tbody class=\"row-striping row-hover\">\n<tr class=\"row-2\">\n\t<td class=\"column-1\">1) 25%<\/td><td class=\"column-2\">En el moment de la matr\u00edcula \/ En el momento de la matr\u00edcula \/ At the time of enrollment<\/td><td class=\"column-3\">Codi de Barres \/ C\u00f3digo de barras \/ Barcode *<\/td>\n<\/tr>\n<tr class=\"row-3\">\n\t<td class=\"column-1\">2) 25%<\/td><td class=\"column-2\">12\/11\/2026<\/td><td class=\"column-3\">Domiciliaci\u00f3 \/ Domiciliaci\u00f3n \/ Direct debit, o\/or:<br \/>\nCodi de barres \/ C\u00f3digo de barras \/ Barcode.<\/td>\n<\/tr>\n<tr class=\"row-4\">\n\t<td class=\"column-1\">3) 50%<\/td><td class=\"column-2\">11\/03\/2027<\/td><td class=\"column-3\">Domiciliaci\u00f3 \/ Domiciliaci\u00f3n \/ Direct debit, o\/or:<br \/>\nCodi de barres \/ C\u00f3digo de barras \/ Barcode.<\/td>\n<\/tr>\n<tr class=\"row-5\">\n\t<td class=\"column-1\">Devolucions<br \/>\nDevoluciones<br \/>\nRemboursements<\/td><td class=\"column-2\">30\/06\/2027<\/td><td class=\"column-3\"><\/td>\n<\/tr>\n<\/tbody>\n<\/table>\n<!-- #tablepress-486 from cache -->\n\n\n\n<div style=\"height:20px\" aria-hidden=\"true\" class=\"wp-block-spacer\"><\/div>\n\n\n\n<p><strong>* C\u00f3digo de barras para estudiantes sin datos bancarios zona SEPA.<\/strong> Para los recibos que sean devueltos, se le aplicar\u00e1 un recargo de 40 \u20ac.<\/p>\n\n\n\n<p>Si dispones de Matr\u00edcula de Honor de Bachillerato, adem\u00e1s de marcar la opci\u00f3n correspondiente, deber\u00e1s enviar el documento acreditativo a:&nbsp;<a href=\"mailto:bustia.documentaciomatricula@esmuc.cat\">bustia.documentaciomatricula@esmuc.cat<\/a><\/p>\n\n\n\n<div style=\"height:10px\" aria-hidden=\"true\" class=\"wp-block-spacer\"><\/div>\n\n\n\n<h2 class=\"wp-block-heading\">Precios<\/h2>\n\n\n\n<div style=\"height:10px\" aria-hidden=\"true\" class=\"wp-block-spacer\"><\/div>\n\n\n\n<section id=\"7167f7\" class=\"section-7167f7 gutentor-module gutentor-module-accordion\"><div class=\"grid-container\">\n<div id=\"bdc3ea\" class=\"wp-block-gutentor-m6-item section-bdc3ea gutentor-module gutentor-module-accordion-item\"><div class=\"gutentor-module-accordion-panel g-a-panel-7167f7\"><div class=\"gm-ah-7167f7 gutentor-module-accordion-item-heading gutentor-module-icon-position-right\"><span class=\"gutentor-module-accordion-panel-handler\" role=\"button\"><span class=\"gutentor-module-accordion-panel-handler-label\">Tasas: matr\u00edcula ordinaria<\/span><span class=\"gutentor-module-accordion-icon\"><i class=\"gm-aio-7167f7 gutentor-module-accordion-icon-open fas fa-plus\"><\/i><i class=\"gm-aic-7167f7 gutentor-module-accordion-icon-close fas fa-minus\"><\/i><\/span><\/span><\/div><div class=\"gm-ab-7167f7 gutentor-module-accordion-body\">\n<div id=\"section-gd8a948\" class=\"wp-block-gutentor-e0 section-gd8a948 gutentor-element gutentor-element-advanced-text\"><div class=\"gutentor-text-wrap\"><p class=\"gutentor-text\">La matr\u00edcula ordinaria es aquella en la que el estudiante debe abonar \u00edntegramente el importe de la matr\u00edcula.<\/p><\/div><\/div>\n\n\n\n<div id=\"section-g59e8cb\" class=\"wp-block-gutentor-e0 section-g59e8cb gutentor-element gutentor-element-advanced-text\"><div class=\"gutentor-text-wrap\"><p class=\"gutentor-text\">Precio por cr\u00e9dito<\/p><\/div><\/div>\n\n\n\n<div id=\"section-g30b185\" class=\"wp-block-gutentor-e7 section-g30b185 gutentor-element gutentor-element-list\"><ul class=\"grid-row gutentor-grid-item-wrap list-indicator-icon\"><li class=\"gutentor-list-item grid-lg-12 grid-md-12 grid-12\"><span class=\"gutentor-single-item gutentor-single-item-0\"><span class=\"gutentor-list-item-wrap g-s-list-wrap\"><span class=\"gutentor-single-list-item-icon\"><i class=\"list-item-icon fas fa-angle-right\"><\/i><\/span><span class=\"gutentor-list-item\"><p class=\"gutentor-single-item-title\"><strong>25,04 \u20ac<\/strong> (cr\u00e9ditos ECTS.\u00a0Aprobado por el Patronato de la ESMUC).<\/p><\/span><\/span><\/span><\/li><\/ul><\/div>\n\n\n\n<div id=\"section-gb24398\" class=\"wp-block-gutentor-e0 section-gb24398 gutentor-element gutentor-element-advanced-text\"><div class=\"gutentor-text-wrap\"><p class=\"gutentor-text\">Al precio de los cr\u00e9ditos matriculados habr\u00e1 que sumar el del seguro escolar y el del material:<\/p><\/div><\/div>\n\n\n\n<div id=\"section-g892983\" class=\"wp-block-gutentor-e7 section-g892983 gutentor-element gutentor-element-list\"><ul class=\"grid-row gutentor-grid-item-wrap list-indicator-icon\"><li class=\"gutentor-list-item grid-lg-12 grid-md-12 grid-12\"><span class=\"gutentor-single-item gutentor-single-item-0\"><span class=\"gutentor-list-item-wrap g-s-list-wrap\"><span class=\"gutentor-single-list-item-icon\"><i class=\"list-item-icon fas fa-angle-right\"><\/i><\/span><span class=\"gutentor-list-item\"><p class=\"gutentor-single-item-title\">Seguro escolar obligatorio menores de 28 a\u00f1os:\u00a0<strong>1,12 \u20ac<\/strong><\/p><\/span><\/span><\/span><\/li><li class=\"gutentor-list-item grid-lg-12 grid-md-12 grid-12\"><span class=\"gutentor-single-item gutentor-single-item-1\"><span class=\"gutentor-list-item-wrap g-s-list-wrap\"><span class=\"gutentor-single-list-item-icon\"><i class=\"list-item-icon fas fa-angle-right\"><\/i><\/span><span class=\"gutentor-list-item\"><p class=\"gutentor-single-item-title\">Seguro escolar obligatorio mayores de 28 a\u00f1os:\u00a0<strong>22 \u20ac<\/strong><\/p><\/span><\/span><\/span><\/li><li class=\"gutentor-list-item grid-lg-12 grid-md-12 grid-12\"><span class=\"gutentor-single-item gutentor-single-item-2\"><span class=\"gutentor-list-item-wrap g-s-list-wrap\"><span class=\"gutentor-single-list-item-icon\"><i class=\"list-item-icon fas fa-angle-right\"><\/i><\/span><span class=\"gutentor-list-item\"><p class=\"gutentor-single-item-title\">Material diverso:\u00a0<strong>11 \u20ac<\/strong><\/p><\/span><\/span><\/span><\/li><\/ul><\/div>\n<\/div><\/div><\/div>\n\n\n\n<div id=\"a5f434\" class=\"wp-block-gutentor-m6-item section-a5f434 gutentor-module gutentor-module-accordion-item\"><div class=\"gutentor-module-accordion-panel g-a-panel-7167f7\"><div class=\"gm-ah-7167f7 gutentor-module-accordion-item-heading gutentor-module-icon-position-right\"><span class=\"gutentor-module-accordion-panel-handler\" role=\"button\"><span class=\"gutentor-module-accordion-panel-handler-label\">Recargos<\/span><span class=\"gutentor-module-accordion-icon\"><i class=\"gm-aio-7167f7 gutentor-module-accordion-icon-open fas fa-plus\"><\/i><i class=\"gm-aic-7167f7 gutentor-module-accordion-icon-close fas fa-minus\"><\/i><\/span><\/span><\/div><div class=\"gm-ab-7167f7 gutentor-module-accordion-body\">\n<div id=\"section-gd9061c\" class=\"wp-block-gutentor-e0 section-gd9061c gutentor-element gutentor-element-advanced-text\"><div class=\"gutentor-text-wrap\"><h4 class=\"gutentor-text\">Segundas y sucesivas convocatorias<\/h4><\/div><\/div>\n\n\n\n<div id=\"section-g6eaa7d\" class=\"wp-block-gutentor-e0 section-g6eaa7d gutentor-element gutentor-element-advanced-text\"><div class=\"gutentor-text-wrap\"><p class=\"gutentor-text\">Cuando un\/una estudiante se matricula por segunda vez de un mismo cr\u00e9dito, el importe de este cr\u00e9dito se incrementa en un 50% en las asignaturas colectivas y un 100% en las individuales. A partir de la tercera vez, el incremento es del 150% en las asignaturas colectivas y del 200% en las individuales.<\/p><\/div><\/div>\n\n\n\n<div id=\"section-g8ad5c2\" class=\"wp-block-gutentor-e0 section-g8ad5c2 gutentor-element gutentor-element-advanced-text\"><div class=\"gutentor-text-wrap\"><h4 class=\"gutentor-text\">Segundas y sucesivas titulaciones<\/h4><\/div><\/div>\n\n\n\n<div id=\"section-gaa71e9\" class=\"wp-block-gutentor-e0 section-gaa71e9 gutentor-element gutentor-element-advanced-text\"><div class=\"gutentor-text-wrap\"><p class=\"gutentor-text\">A estudiantes que tengan uno o m\u00e1s t\u00edtulos de grado en m\u00fasica se les aplica un recargo del 40% sobre el precio-cr\u00e9dito de los cr\u00e9ditos a cursar (este recargo no se aplica a los cr\u00e9ditos reconocidos).<\/p><\/div><\/div>\n<\/div><\/div><\/div>\n\n\n\n<div id=\"db4771\" class=\"wp-block-gutentor-m6-item section-db4771 gutentor-module gutentor-module-accordion-item\"><div class=\"gutentor-module-accordion-panel g-a-panel-7167f7\"><div class=\"gm-ah-7167f7 gutentor-module-accordion-item-heading gutentor-module-icon-position-right\"><span class=\"gutentor-module-accordion-panel-handler\" role=\"button\"><span class=\"gutentor-module-accordion-panel-handler-label\">Exenciones y bonificaciones<\/span><span class=\"gutentor-module-accordion-icon\"><i class=\"gm-aio-7167f7 gutentor-module-accordion-icon-open fas fa-plus\"><\/i><i class=\"gm-aic-7167f7 gutentor-module-accordion-icon-close fas fa-minus\"><\/i><\/span><\/span><\/div><div class=\"gm-ab-7167f7 gutentor-module-accordion-body\">\n<div id=\"section-gde72ce\" class=\"wp-block-gutentor-e0 section-gde72ce gutentor-element gutentor-element-advanced-text\"><div class=\"gutentor-text-wrap\"><h4 class=\"gutentor-text\">Familia numerosa o monoparental<\/h4><\/div><\/div>\n\n\n\n<div id=\"section-g3f0a5c\" class=\"wp-block-gutentor-e0 section-g3f0a5c gutentor-element gutentor-element-advanced-text\"><div class=\"gutentor-text-wrap\"><p class=\"gutentor-text\">Las personas que pertenezcan a una familia numerosa de categor\u00eda general o familia monoparental obtendr\u00e1n una reducci\u00f3n del 50% en el precio del cr\u00e9dito en su matr\u00edcula. Si pertenecen a una familia numerosa de categor\u00eda especial, la reducci\u00f3n ser\u00e1 del 100%. En ambos casos es necesario presentar la documentaci\u00f3n pertinente vigente. De acuerdo con la legislaci\u00f3n, estas reducciones s\u00f3lo pueden aplicarse a las personas de nacionalidad espa\u00f1ola oa los no espa\u00f1oles que cumplan los requisitos que se\u00f1ala la Ley 40\/2003, de 18 de noviembre, de Protecci\u00f3n a las Familias Numerosas (BOE 277 de 19 noviembre 2003).<\/p><\/div><\/div>\n\n\n\n<div id=\"section-g2abae4\" class=\"wp-block-gutentor-e0 section-g2abae4 gutentor-element gutentor-element-advanced-text\"><div class=\"gutentor-text-wrap\"><h4 class=\"gutentor-text\">Matr\u00edculas de honor y premio extraordinario<\/h4><\/div><\/div>\n\n\n\n<div id=\"section-gd59cf2\" class=\"wp-block-gutentor-e0 section-gd59cf2 gutentor-element gutentor-element-advanced-text\"><div class=\"gutentor-text-wrap\"><p class=\"gutentor-text\">Los\/las estudiantes con matr\u00edcula de honor o con premio extraordinario en el bachillerato tienen derecho a la exenci\u00f3n total de los precios p\u00fablicos de todos los cr\u00e9ditos de los que se matriculen durante el primer curso que realicen en el Esmuc, siempre que no se matriculen en el mismo tiempo en ning\u00fan otro estudio superior.<\/p><\/div><\/div>\n\n\n\n<div id=\"section-ge8074d\" class=\"wp-block-gutentor-e0 section-ge8074d gutentor-element gutentor-element-advanced-text\"><div class=\"gutentor-text-wrap\"><p class=\"gutentor-text\">Los\/las estudiantes que obtengan matr\u00edcula de honor en alguna asignatura recibir\u00e1n la bonificaci\u00f3n del importe del n\u00famero de cr\u00e9ditos equivalente al que hayan obtenido esta calificaci\u00f3n, en la matr\u00edcula del curso siguiente.<\/p><\/div><\/div>\n\n\n\n<div id=\"section-gc98bcb\" class=\"wp-block-gutentor-e0 section-gc98bcb gutentor-element gutentor-element-advanced-text\"><div class=\"gutentor-text-wrap\"><h4 class=\"gutentor-text\">Personas discapacitadas<\/h4><\/div><\/div>\n\n\n\n<div id=\"section-g41520b\" class=\"wp-block-gutentor-e0 section-g41520b gutentor-element gutentor-element-advanced-text\"><div class=\"gutentor-text-wrap\"><p class=\"gutentor-text\">Los\/las estudiantes con un grado de discapacidad igual o superior al 33% tendr\u00e1n derecho a la exenci\u00f3n total de los precios p\u00fablicos fijados en este documento. Esta condici\u00f3n debe acreditarse mediante la presentaci\u00f3n de cualquiera de los documentos previstos por la normativa vigente<\/p><\/div><\/div>\n\n\n\n<div id=\"section-gc58554\" class=\"wp-block-gutentor-e0 section-gc58554 gutentor-element gutentor-element-advanced-text\"><div class=\"gutentor-text-wrap\"><h4 class=\"gutentor-text\">Estudiantes de 65 o m\u00e1s a\u00f1os<\/h4><\/div><\/div>\n\n\n\n<div id=\"section-gbbb9bc\" class=\"wp-block-gutentor-e0 section-gbbb9bc gutentor-element gutentor-element-advanced-text\"><div class=\"gutentor-text-wrap\"><p class=\"gutentor-text\">Los\/las estudiantes de 65 a\u00f1os o m\u00e1s que no tengan ning\u00fan t\u00edtulo universitario oficial y que accedan al Esmuc para cursar estudios oficiales de grado superior, gozar\u00e1n de la exenci\u00f3n del importe de los cr\u00e9ditos cuando se matriculen por primera vez de los conceptos correspondientes. Esta condici\u00f3n se acreditar\u00e1 con la presentaci\u00f3n del documento de identidad o pasaporte.<\/p><\/div><\/div>\n\n\n\n<div id=\"section-gd56ee6\" class=\"wp-block-gutentor-e0 section-gd56ee6 gutentor-element gutentor-element-advanced-text\"><div class=\"gutentor-text-wrap\"><h4 class=\"gutentor-text\">V\u00edctimas de actos terroristas<\/h4><\/div><\/div>\n\n\n\n<div id=\"section-g9118ec\" class=\"wp-block-gutentor-e0 section-g9118ec gutentor-element gutentor-element-advanced-text\"><div class=\"gutentor-text-wrap\"><p class=\"gutentor-text\">Las personas que hayan sido v\u00edctimas de actos terroristas, as\u00ed como su c\u00f3nyuge y sus hijos o hijas, tienen derecho a la exenci\u00f3n total en el precio de los cr\u00e9ditos de su matr\u00edcula. Esta condici\u00f3n se acredita con la presentaci\u00f3n de la correspondiente resoluci\u00f3n administrativa. En el caso del\/de la c\u00f3nyuge y los hijos o hijas, debe adjuntarse tambi\u00e9n el libro de familia.<\/p><\/div><\/div>\n\n\n\n<div id=\"section-gd74821\" class=\"wp-block-gutentor-e0 section-gd74821 gutentor-element gutentor-element-advanced-text\"><div class=\"gutentor-text-wrap\"><h4 class=\"gutentor-text\">V\u00edctimas de violencia de g\u00e9nero<\/h4><\/div><\/div>\n\n\n\n<div id=\"section-g39f5c0\" class=\"wp-block-gutentor-e0 section-g39f5c0 gutentor-element gutentor-element-advanced-text\"><div class=\"gutentor-text-wrap\"><p class=\"gutentor-text\">Las v\u00edctimas de violencia de g\u00e9nero, as\u00ed como sus hijos e hijas dependientes, tendr\u00e1n derecho a la exenci\u00f3n total en el precio de los cr\u00e9ditos de su matr\u00edcula. Esta condici\u00f3n se acredita con la presentaci\u00f3n de cualquiera de los documentos previstos por la normativa vigente, as\u00ed como del libro de familia en el caso de hijos dependientes.<\/p><\/div><\/div>\n<\/div><\/div><\/div>\n<\/div><\/section>\n\n\n\n<h4 class=\"wp-block-heading\">Recuerda que&#8230;<\/h4>\n\n\n\n<p class=\"has-background\" style=\"background-color:#f3f3f3\">Tener una deuda con la Escola Superior de M\u00fasica de Catalunya conlleva la exclusi\u00f3n de cualquier beneficio econ\u00f3mico (becas, ayudas\u2026), de servicios y, en \u00faltimo t\u00e9rmino, de evaluaci\u00f3n de las asignaturas cursadas.<\/p>\n\n\n\n<p class=\"has-background\" style=\"background-color:#f3f3f3\">Los precios p\u00fablicos de la Escuela Superior de M\u00fasica de Catalu\u00f1a est\u00e1n sometidos a una revisi\u00f3n y aprobaci\u00f3n anual por parte del Patronato de la Fundaci\u00f3n.<\/p>\n<\/div>\n<\/div>\n","protected":false},"excerpt":{"rendered":"<p>Pago El importe total de la matr\u00edcula se abonar\u00e1 fraccionado en tres plazos. El primero de ellos (25%) se paga mediante c\u00f3digo de barras en el momento de realizar la matr\u00edcula. El segundo (25%) y el tercero (50%) se abonan por domiciliaci\u00f3n bancaria. En el momento de realizar la matr\u00edcula debe informarse del n\u00fam. IBAN. [&hellip;]<\/p>\n","protected":false},"author":4,"featured_media":0,"parent":30906,"menu_order":0,"comment_status":"closed","ping_status":"closed","template":"","meta":{"_acf_changed":false,"_themeisle_gutenberg_block_has_review":false,"footnotes":""},"categories":[1133],"tags":[],"class_list":["post-31078","page","type-page","status-publish","hentry","category-grau-es"],"acf":[],"publishpress_future_action":{"enabled":false,"date":"2026-04-24 00:37:25","action":"change-status","newStatus":"draft","terms":[],"taxonomy":"category","extraData":[]},"publishpress_future_workflow_manual_trigger":{"enabledWorkflows":[]},"_links":{"self":[{"href":"https:\/\/www.esmuc.cat\/es\/wp-json\/wp\/v2\/pages\/31078","targetHints":{"allow":["GET"]}}],"collection":[{"href":"https:\/\/www.esmuc.cat\/es\/wp-json\/wp\/v2\/pages"}],"about":[{"href":"https:\/\/www.esmuc.cat\/es\/wp-json\/wp\/v2\/types\/page"}],"author":[{"embeddable":true,"href":"https:\/\/www.esmuc.cat\/es\/wp-json\/wp\/v2\/users\/4"}],"replies":[{"embeddable":true,"href":"https:\/\/www.esmuc.cat\/es\/wp-json\/wp\/v2\/comments?post=31078"}],"version-history":[{"count":14,"href":"https:\/\/www.esmuc.cat\/es\/wp-json\/wp\/v2\/pages\/31078\/revisions"}],"predecessor-version":[{"id":100484,"href":"https:\/\/www.esmuc.cat\/es\/wp-json\/wp\/v2\/pages\/31078\/revisions\/100484"}],"up":[{"embeddable":true,"href":"https:\/\/www.esmuc.cat\/es\/wp-json\/wp\/v2\/pages\/30906"}],"wp:attachment":[{"href":"https:\/\/www.esmuc.cat\/es\/wp-json\/wp\/v2\/media?parent=31078"}],"wp:term":[{"taxonomy":"category","embeddable":true,"href":"https:\/\/www.esmuc.cat\/es\/wp-json\/wp\/v2\/categories?post=31078"},{"taxonomy":"post_tag","embeddable":true,"href":"https:\/\/www.esmuc.cat\/es\/wp-json\/wp\/v2\/tags?post=31078"}],"curies":[{"name":"wp","href":"https:\/\/api.w.org\/{rel}","templated":true}]}}