{"id":31067,"date":"2021-04-07T14:21:14","date_gmt":"2021-04-07T12:21:14","guid":{"rendered":"https:\/\/www.esmuc.cat\/grau\/doble-grau\/"},"modified":"2025-08-27T14:08:30","modified_gmt":"2025-08-27T12:08:30","slug":"musica-i-matematicas","status":"publish","type":"page","link":"https:\/\/www.esmuc.cat\/es\/estudios\/grau\/musica-i-matematicas\/","title":{"rendered":"Doble titulaci\u00f3n en M\u00fasica y Matem\u00e1ticas"},"content":{"rendered":"\n<div class=\"wp-block-columns is-layout-flex wp-container-core-columns-is-layout-9d6595d7 wp-block-columns-is-layout-flex\">\n<div class=\"wp-block-column esmuc__Menu_Masters is-layout-flow wp-block-column-is-layout-flow\" style=\"flex-basis:33.33%\">\n\n<\/div>\n\n\n\n<div class=\"wp-block-column is-layout-flow wp-block-column-is-layout-flow\" style=\"flex-basis:66.66%\"><div class=\"breadcrumbs align  wp-block-bcn-breadcrumb-trail has-text-color has-background\" vocab=\"https:\/\/schema.org\/\" typeof=\"BreadcrumbList\">\n\t<span><\/span>\n\t<span property=\"itemListElement\" typeof=\"ListItem\"><a property=\"item\" typeof=\"WebPage\" title=\"Ir a ESMUC.\" href=\"https:\/\/www.esmuc.cat\/es\/\" class=\"home\" ><span property=\"name\">ESMUC<\/span><\/a><meta property=\"position\" content=\"1\"><\/span> &gt; <span property=\"itemListElement\" typeof=\"ListItem\"><a property=\"item\" typeof=\"WebPage\" title=\"Ir a Estudios.\" href=\"https:\/\/www.esmuc.cat\/es\/estudios\/\" class=\"post post-page\" ><span property=\"name\">Estudios<\/span><\/a><meta property=\"position\" content=\"2\"><\/span> &gt; <span property=\"itemListElement\" typeof=\"ListItem\"><a property=\"item\" typeof=\"WebPage\" title=\"Ir a Grado.\" href=\"https:\/\/www.esmuc.cat\/es\/estudios\/grau\/\" class=\"post post-page\" ><span property=\"name\">Grado<\/span><\/a><meta property=\"position\" content=\"3\"><\/span> &gt; <span property=\"itemListElement\" typeof=\"ListItem\"><span property=\"name\" class=\"post post-page current-item\">Doble titulaci\u00f3n en M\u00fasica y Matem\u00e1ticas<\/span><meta property=\"url\" content=\"https:\/\/www.esmuc.cat\/es\/estudios\/grau\/musica-i-matematicas\/\"><meta property=\"position\" content=\"4\"><\/span><\/div>\n\n\n\n<h1 class=\"wp-block-heading\">Doble titulaci\u00f3n en M\u00fasica y Matem\u00e1ticas<\/h1>\n\n\n\n<div style=\"height:19px\" aria-hidden=\"true\" class=\"wp-block-spacer\"><\/div>\n\n\n\n<div id=\"section-g71f0e1\" class=\"wp-block-gutentor-e6 section-g71f0e1 gutentor-element gutentor-element-image\"><div class=\"gutentor-element-image-box\"><div class=\"gutentor-image-thumb\"><img decoding=\"async\" class=\"normal-image\" src=\"http:\/\/www.esmuc.cat\/wp-content\/uploads\/2021\/06\/Doble-grau.jpg\" alt=\"Doble Grau\" \/><\/div><\/div><\/div>\n\n\n\n<div style=\"height:16px\" aria-hidden=\"true\" class=\"wp-block-spacer\"><\/div>\n\n\n\n<div style=\"height:10px\" aria-hidden=\"true\" class=\"wp-block-spacer\"><\/div>\n\n\n\n<div id=\"section-geb5a5b\" class=\"wp-block-gutentor-e0 section-geb5a5b gutentor-element gutentor-element-advanced-text\"><div class=\"gutentor-text-wrap\"><p class=\"gutentor-text\">La doble titulaci\u00f3n entre el grado en Matem\u00e1ticas de la Facultad de Matem\u00e1ticas y Estad\u00edstica&nbsp;<a href=\"https:\/\/fme.upc.edu\/ca\" target=\"_blank\" rel=\"noreferrer noopener\">(FME)<\/a>, de&nbsp;la Universitat Polit\u00e8cnica de Catalunya&nbsp;<a href=\"https:\/\/www.upc.edu\/ca\" target=\"_blank\" rel=\"noreferrer noopener\">(UPC)<\/a>, y el Grado en Ense\u00f1anzas Art\u00edsticas Superiores de M\u00fasica, de la&nbsp;Escola Superior de M\u00fasica de Catalunya (ESMUC), es la \u00fanica titulaci\u00f3n en Catalu\u00f1a que permite compaginar ambos estudios. Nace de la necesidad de disponer de un doble t\u00edtulo que d\u00e9 respuesta a la demanda de una parte del estudiantado que, hasta ahora, ten\u00eda que elegir entre una titulaci\u00f3n o la otra, o realizarlas simult\u00e1neamente sin tener la posibilidad de reconocimiento de asignaturas.<\/p><\/div><\/div>\n\n\n\n<div style=\"height:18px\" aria-hidden=\"true\" class=\"wp-block-spacer\"><\/div>\n\n\n\n<section id=\"9adebe\" class=\"section-9adebe gutentor-module gutentor-module-accordion\"><div class=\"grid-container\">\n<div id=\"35c48d\" class=\"wp-block-gutentor-m6-item section-35c48d gutentor-module gutentor-module-accordion-item\"><div class=\"gutentor-module-accordion-panel g-a-panel-9adebe\"><div class=\"gm-ah-9adebe gutentor-module-accordion-item-heading gutentor-module-icon-position-right\"><span class=\"gutentor-module-accordion-panel-handler\" role=\"button\"><span class=\"gutentor-module-accordion-panel-handler-label\">\u00bfA quien va dirigido?<\/span><span class=\"gutentor-module-accordion-icon\"><i class=\"gm-aio-9adebe gutentor-module-accordion-icon-open fas fa-plus\"><\/i><i class=\"gm-aic-9adebe gutentor-module-accordion-icon-close fas fa-minus\"><\/i><\/span><\/span><\/div><div class=\"gm-ab-9adebe gutentor-module-accordion-body\">\n<div id=\"section-gc221bd\" class=\"wp-block-gutentor-e0 section-gc221bd gutentor-element gutentor-element-advanced-text\"><div class=\"gutentor-text-wrap\"><p class=\"gutentor-text\">La doble titulaci\u00f3n se orienta a estudiantes con altas capacidades tanto para las matem\u00e1ticas como para la m\u00fasica, con inter\u00e9s por desarrollar su carrera profesional en estos \u00e1mbitos.<\/p><\/div><\/div>\n\n\n\n<div id=\"section-gbca9f1\" class=\"wp-block-gutentor-e0 section-gbca9f1 gutentor-element gutentor-element-advanced-text\"><div class=\"gutentor-text-wrap\"><p class=\"gutentor-text\">Hasta ahora, estudiantes con este perfil deb\u00edan cursar los dos grados por separado, con una carga lectiva de 480 ECTS. Ahora pueden obtener ambos t\u00edtulos superando 419,5 ECTS, con un plan de estudios adaptado.<\/p><\/div><\/div>\n<\/div><\/div><\/div>\n\n\n\n<div id=\"f6e4fd\" class=\"wp-block-gutentor-m6-item section-f6e4fd gutentor-module gutentor-module-accordion-item\"><div class=\"gutentor-module-accordion-panel g-a-panel-9adebe\"><div class=\"gm-ah-9adebe gutentor-module-accordion-item-heading gutentor-module-icon-position-right\"><span class=\"gutentor-module-accordion-panel-handler\" role=\"button\"><span class=\"gutentor-module-accordion-panel-handler-label\">Requisitos de acceso<\/span><span class=\"gutentor-module-accordion-icon\"><i class=\"gm-aio-9adebe gutentor-module-accordion-icon-open fas fa-plus\"><\/i><i class=\"gm-aic-9adebe gutentor-module-accordion-icon-close fas fa-minus\"><\/i><\/span><\/span><\/div><div class=\"gm-ab-9adebe gutentor-module-accordion-body\">\n<div id=\"section-g10b58b\" class=\"wp-block-gutentor-e0 section-g10b58b gutentor-element gutentor-element-advanced-text\"><div class=\"gutentor-text-wrap\"><p class=\"gutentor-text\">Para acceder a estos estudios se deber\u00e1 superar la nota de corte de las PAU correspondiente al grado en&nbsp;Matem\u00e1ticas de la Facultad de&nbsp;Matem\u00e1ticas y Estad\u00edstica (UPC),&nbsp;as\u00ed como una <a href=\"https:\/\/fme.upc.edu\/ca\/estudis\/graus\/doble-grau-en-matematiques-i-musica-upc-esmuc\">prueba espec\u00edfica de&nbsp;matem\u00e1ticas<\/a> y la <a href=\"https:\/\/www.esmuc.cat\/es\/estudios\/grau\/acces-i-admissio\/proves-dacces\/\">prueba de acceso a los estudios de la Escola Superior de M\u00fasica&nbsp;de Catalunya (ESMUC)<\/a>.&nbsp;<\/p><\/div><\/div>\n\n\n\n<div id=\"section-ga3d9cf\" class=\"wp-block-gutentor-e0 section-ga3d9cf gutentor-element gutentor-element-advanced-text\"><div class=\"gutentor-text-wrap\"><p class=\"gutentor-text\">A partir de las&nbsp;calificaciones de las diferentes pruebas&nbsp;se realizar\u00e1 el proceso de selecci\u00f3n.<\/p><\/div><\/div>\n\n\n\n<div id=\"section-gb5835b\" class=\"wp-block-gutentor-e0 section-gb5835b gutentor-element gutentor-element-advanced-text\"><div class=\"gutentor-text-wrap\"><p class=\"gutentor-text\">Se ofrecen cinco plazas por curso.<\/p><\/div><\/div>\n\n\n\n<section id=\"gm1002ef0\" class=\"wp-block-gutentor-m2 section-gm1002ef0 gutentor-module gutentor-dynamic-columns\"><div class=\"grid-container\"><div class=\"grid-row\">\n<div id=\"col-gm19fe69\" class=\"wp-block-gutentor-m2-col col-gm19fe69 gutentor-module gutentor-dynamic-single-column grid-lg-6 grid-md-4 grid-12\"><div id=\"section-gm19fe69\" class=\"section-gm19fe69 gutentor-single-col has-color-bg has-custom-bg\">\n<div id=\"section-g73fdce\" class=\"wp-block-gutentor-e0 section-g73fdce gutentor-element gutentor-element-advanced-text\"><div class=\"gutentor-text-wrap\"><p class=\"gutentor-text\"><strong>Para m\u00e1s informaci\u00f3n:<\/strong><\/p><\/div><\/div>\n\n\n\n<div id=\"section-gc93429\" class=\"wp-block-gutentor-e7 section-gc93429 gutentor-element gutentor-element-list\"><ul class=\"grid-row gutentor-grid-item-wrap list-indicator-icon\"><li class=\"gutentor-list-item grid-lg-12 grid-md-12 grid-12\"><span class=\"gutentor-single-item gutentor-single-item-0\"><span class=\"gutentor-list-item-wrap g-s-list-wrap\"><span class=\"gutentor-single-list-item-icon\"><i class=\"list-item-icon fas fa-angle-right\"><\/i><\/span><span class=\"gutentor-list-item\"><p class=\"gutentor-single-item-title\"><a href=\"mailto:informacio.fme@upc.edu\">informacio.fme@upc.edu<\/a><\/p><\/span><\/span><\/span><\/li><li class=\"gutentor-list-item grid-lg-12 grid-md-12 grid-12\"><span class=\"gutentor-single-item gutentor-single-item-1\"><span class=\"gutentor-list-item-wrap g-s-list-wrap\"><span class=\"gutentor-single-list-item-icon\"><i class=\"list-item-icon fas fa-angle-right\"><\/i><\/span><span class=\"gutentor-list-item\"><p class=\"gutentor-single-item-title\"><a href=\"https:\/\/fme.upc.edu\/ca\">https:\/\/fme.upc.edu\/ca<\/a><\/p><\/span><\/span><\/span><\/li><li class=\"gutentor-list-item grid-lg-12 grid-md-12 grid-12\"><span class=\"gutentor-single-item gutentor-single-item-2\"><span class=\"gutentor-list-item-wrap g-s-list-wrap\"><span class=\"gutentor-single-list-item-icon\"><i class=\"list-item-icon fas fa-angle-right\"><\/i><\/span><span class=\"gutentor-list-item\"><p class=\"gutentor-single-item-title\"><a href=\"mailto:musicaimatematiques@esmuc.cat\">musicaimatematiques@esmuc.cat<\/a><\/p><\/span><\/span><\/span><\/li><\/ul><\/div>\n<\/div><\/div>\n<\/div><\/div><\/section>\n<\/div><\/div><\/div>\n\n\n\n<div id=\"b7d045\" class=\"wp-block-gutentor-m6-item section-b7d045 gutentor-module gutentor-module-accordion-item\"><div class=\"gutentor-module-accordion-panel g-a-panel-9adebe\"><div class=\"gm-ah-9adebe gutentor-module-accordion-item-heading gutentor-module-icon-position-right\"><span class=\"gutentor-module-accordion-panel-handler\" role=\"button\"><span class=\"gutentor-module-accordion-panel-handler-label\">\u00bfEn qu\u00e9 consisten los estudios?<\/span><span class=\"gutentor-module-accordion-icon\"><i class=\"gm-aio-9adebe gutentor-module-accordion-icon-open fas fa-plus\"><\/i><i class=\"gm-aic-9adebe gutentor-module-accordion-icon-close fas fa-minus\"><\/i><\/span><\/span><\/div><div class=\"gm-ab-9adebe gutentor-module-accordion-body\">\n<div id=\"section-gd10dd6\" class=\"wp-block-gutentor-e0 section-gd10dd6 gutentor-element gutentor-element-advanced-text\"><div class=\"gutentor-text-wrap\"><p class=\"gutentor-text\">Se puede cursar esta doble titulaci\u00f3n desde las especialidades musicales de <strong>Composici\u00f3n<\/strong> e <strong>Interpretaci\u00f3n<\/strong>.<\/p><\/div><\/div>\n\n\n\n<div id=\"section-g1781c2\" class=\"wp-block-gutentor-e0 section-g1781c2 gutentor-element gutentor-element-advanced-text\"><div class=\"gutentor-text-wrap\"><p class=\"gutentor-text\">Ambas especialidades&nbsp;tienen como objetivo formar a personas profesionales altamente cualificadas en los \u00e1mbitos de la creaci\u00f3n e interpretaci\u00f3n musical, con una est\u00e9tica y un lenguaje propios, y preparadas para trabajar con los formatos y medios y en los g\u00e9neros y contextos que mejor se adapten a la demanda laboral actual.<br>  <\/p><\/div><\/div>\n\n\n\n<section id=\"gm6f6ea1d\" class=\"wp-block-gutentor-m3 section-gm6f6ea1d gutentor-module gutentor-container-cover has-color-bg has-custom-bg\"><div class=\"grid-container\">\n<div id=\"section-gf44bc6\" class=\"wp-block-gutentor-e7 section-gf44bc6 gutentor-element gutentor-element-list\"><ul class=\"grid-row gutentor-grid-item-wrap list-indicator-icon\"><li class=\"gutentor-list-item grid-lg-12 grid-md-12 grid-12\"><span class=\"gutentor-single-item gutentor-single-item-0\"><span class=\"gutentor-list-item-wrap g-s-list-wrap\"><span class=\"gutentor-single-list-item-icon\"><i class=\"list-item-icon fas fa-angle-right\"><\/i><\/span><span class=\"gutentor-list-item\"><p class=\"gutentor-single-item-title\"><a href=\"https:\/\/www.esmuc.cat\/estudis\/grau-superior-de-musica\/doble-grau\/pla-destudis-especialitat-composicio\/\"><\/a><a href=\"https:\/\/fme.upc.edu\/ca\/estudis\/graus\/arxius\/horari_mus-mat-composicio-definitiu.pdf\" target=\"_blank\" rel=\"noreferrer noopener\">Plan de estudios Matem\u00e1ticas-Composici\u00f3n<\/a> (ejemplo)<\/p><\/span><\/span><\/span><\/li><li class=\"gutentor-list-item grid-lg-12 grid-md-12 grid-12\"><span class=\"gutentor-single-item gutentor-single-item-1\"><span class=\"gutentor-list-item-wrap g-s-list-wrap\"><span class=\"gutentor-single-list-item-icon\"><i class=\"list-item-icon fas fa-angle-right\"><\/i><\/span><span class=\"gutentor-list-item\"><p class=\"gutentor-single-item-title\"><a href=\"https:\/\/fme.upc.edu\/ca\/estudis\/graus\/arxius\/horari_mus-mat-piano-definitiu.pdf\" target=\"_blank\" rel=\"noreferrer noopener\">Plan de estudios Matem\u00e1ticas-Piano<\/a> (ejemplo)<\/p><\/span><\/span><\/span><\/li><\/ul><\/div>\n<\/div><\/section>\n\n\n\n<div id=\"section-gf4827a\" class=\"wp-block-gutentor-e0 section-gf4827a gutentor-element gutentor-element-advanced-text\"><div class=\"gutentor-text-wrap\"><p class=\"gutentor-text\">La doble titulaci\u00f3n se cursa en 10&nbsp;cuatrimestres (cinco cursos acad\u00e9micos) y se inicia en septiembre.<\/p><\/div><\/div>\n\n\n\n<div id=\"section-gf96cd5\" class=\"wp-block-gutentor-e0 section-gf96cd5 gutentor-element gutentor-element-advanced-text\"><div class=\"gutentor-text-wrap\"><p class=\"gutentor-text\">El itinerario curricular&nbsp;es personalizado, con horarios adaptados.&nbsp;<\/p><\/div><\/div>\n\n\n\n<div id=\"section-g36391a\" class=\"wp-block-gutentor-e0 section-g36391a gutentor-element gutentor-element-advanced-text\"><div class=\"gutentor-text-wrap\"><p class=\"gutentor-text\">Las asignaturas correspondientes al grado en Matem\u00e1ticas se imparten en la FME&nbsp;(c\/. Pau Gargallo, 14), y las del t\u00edtulo superior&nbsp;de M\u00fasica, en la ESMUC (c\/. Padilla, 155,&nbsp;edificio de L\u2019Auditori), ambas en Barcelona.<\/p><\/div><\/div>\n\n\n\n<div id=\"section-g1b9997\" class=\"wp-block-gutentor-e0 section-g1b9997 gutentor-element gutentor-element-advanced-text\"><div class=\"gutentor-text-wrap\"><p class=\"gutentor-text\">El alumnado deber\u00e1 matricularse en los dos centros y la convalidaci\u00f3n de los cr\u00e9ditos ser\u00e1 autom\u00e1tica.<\/p><\/div><\/div>\n<\/div><\/div><\/div>\n\n\n\n<div id=\"393895\" class=\"wp-block-gutentor-m6-item section-393895 gutentor-module gutentor-module-accordion-item\"><div class=\"gutentor-module-accordion-panel g-a-panel-9adebe\"><div class=\"gm-ah-9adebe gutentor-module-accordion-item-heading gutentor-module-icon-position-right\"><span class=\"gutentor-module-accordion-panel-handler\" role=\"button\"><span class=\"gutentor-module-accordion-panel-handler-label\">Objetivos y competencias<\/span><span class=\"gutentor-module-accordion-icon\"><i class=\"gm-aio-9adebe gutentor-module-accordion-icon-open fas fa-plus\"><\/i><i class=\"gm-aic-9adebe gutentor-module-accordion-icon-close fas fa-minus\"><\/i><\/span><\/span><\/div><div class=\"gm-ab-9adebe gutentor-module-accordion-body\">\n<div id=\"section-gffb1d5\" class=\"wp-block-gutentor-e0 section-gffb1d5 gutentor-element gutentor-element-advanced-text\"><div class=\"gutentor-text-wrap\"><p class=\"gutentor-text\">Con el <a href=\"https:\/\/fme.upc.edu\/ca\/estudis\/graus\/grau-en-matematiques\">grado en Matem\u00e1ticas del FME<\/a> se recibe una formaci\u00f3n completa y exigente en todas las materias b\u00e1sicas de las matem\u00e1ticas y sus aplicaciones. Te formar\u00e1s en el pensamiento riguroso y conceptual y, al mismo tiempo, en aspectos aplicados del mundo tecnol\u00f3gico y cient\u00edfico. El grado est\u00e1 acreditado con el sello de excelencia por AQU Catalunya, por su calidad, alto nivel y exigencia acad\u00e9mica.<\/p><\/div><\/div>\n\n\n\n<div id=\"section-g55673a\" class=\"wp-block-gutentor-e0 section-g55673a gutentor-element gutentor-element-advanced-text\"><div class=\"gutentor-text-wrap\"><p class=\"gutentor-text\">El grado en ense\u00f1anzas art\u00edsticas superiores de m\u00fasica tiene la acreditaci\u00f3n favorable de la AQU Catalunya y equivale, a todos los efectos, a un grado universitario. La ESMUC apuesta por un modelo formativo integral, pretende convertirse en una referencia internacional por su excelencia formativa y un espejo sociol\u00f3gico del pa\u00eds, asumiendo, al mismo tiempo, el papel de centro dinamizador del ecosistema educativo y cultural en materia musical.<\/p><\/div><\/div>\n<\/div><\/div><\/div>\n\n\n\n<div id=\"3e0b54\" class=\"wp-block-gutentor-m6-item section-3e0b54 gutentor-module gutentor-module-accordion-item\"><div class=\"gutentor-module-accordion-panel g-a-panel-9adebe\"><div class=\"gm-ah-9adebe gutentor-module-accordion-item-heading gutentor-module-icon-position-right\"><span class=\"gutentor-module-accordion-panel-handler\" role=\"button\"><span class=\"gutentor-module-accordion-panel-handler-label\">Salidas profesionales<\/span><span class=\"gutentor-module-accordion-icon\"><i class=\"gm-aio-9adebe gutentor-module-accordion-icon-open fas fa-plus\"><\/i><i class=\"gm-aic-9adebe gutentor-module-accordion-icon-close fas fa-minus\"><\/i><\/span><\/span><\/div><div class=\"gm-ab-9adebe gutentor-module-accordion-body\">\n<div id=\"section-gf6de4b\" class=\"wp-block-gutentor-e0 section-gf6de4b gutentor-element gutentor-element-advanced-text\"><div class=\"gutentor-text-wrap\"><p class=\"gutentor-text\">Estos estudios aportan las competencias necesarias para acceder a puestos de trabajo relacionados con ambos \u00e1mbitos, la m\u00fasica y las matem\u00e1ticas. Adem\u00e1s de las profesiones vinculadas a los estudios musicales de excelencia, como titulado o titulada en Matem\u00e1ticas, los graduados y graduadas tendr\u00e1n acceso a puestos de trabajo relacionados con investigaci\u00f3n y docencia universitaria, banca y finanzas, seguros y servicios, docencia en secundaria, industria, consultor\u00eda y administraci\u00f3n, empresas TIC, empresas biosanitarias, etc.<\/p><\/div><\/div>\n<\/div><\/div><\/div>\n<\/div><\/section>\n<\/div>\n<\/div>\n","protected":false},"excerpt":{"rendered":"<p>Doble titulaci\u00f3n en M\u00fasica y Matem\u00e1ticas<\/p>\n","protected":false},"author":4,"featured_media":54570,"parent":30906,"menu_order":0,"comment_status":"closed","ping_status":"closed","template":"","meta":{"_acf_changed":false,"_themeisle_gutenberg_block_has_review":false,"footnotes":""},"categories":[1075],"tags":[1295,1191,1127,1194],"class_list":["post-31067","page","type-page","status-publish","has-post-thumbnail","hentry","category-estudios","tag-esmuc-es","tag-facultat-de-matematiques-i-estadistica-es","tag-grau-es","tag-titulacio-es"],"acf":[],"publishpress_future_action":{"enabled":false,"date":"2026-04-28 03:01:57","action":"change-status","newStatus":"draft","terms":[],"taxonomy":"category","extraData":[]},"publishpress_future_workflow_manual_trigger":{"enabledWorkflows":[]},"_links":{"self":[{"href":"https:\/\/www.esmuc.cat\/es\/wp-json\/wp\/v2\/pages\/31067","targetHints":{"allow":["GET"]}}],"collection":[{"href":"https:\/\/www.esmuc.cat\/es\/wp-json\/wp\/v2\/pages"}],"about":[{"href":"https:\/\/www.esmuc.cat\/es\/wp-json\/wp\/v2\/types\/page"}],"author":[{"embeddable":true,"href":"https:\/\/www.esmuc.cat\/es\/wp-json\/wp\/v2\/users\/4"}],"replies":[{"embeddable":true,"href":"https:\/\/www.esmuc.cat\/es\/wp-json\/wp\/v2\/comments?post=31067"}],"version-history":[{"count":22,"href":"https:\/\/www.esmuc.cat\/es\/wp-json\/wp\/v2\/pages\/31067\/revisions"}],"predecessor-version":[{"id":111610,"href":"https:\/\/www.esmuc.cat\/es\/wp-json\/wp\/v2\/pages\/31067\/revisions\/111610"}],"up":[{"embeddable":true,"href":"https:\/\/www.esmuc.cat\/es\/wp-json\/wp\/v2\/pages\/30906"}],"wp:featuredmedia":[{"embeddable":true,"href":"https:\/\/www.esmuc.cat\/es\/wp-json\/wp\/v2\/media\/54570"}],"wp:attachment":[{"href":"https:\/\/www.esmuc.cat\/es\/wp-json\/wp\/v2\/media?parent=31067"}],"wp:term":[{"taxonomy":"category","embeddable":true,"href":"https:\/\/www.esmuc.cat\/es\/wp-json\/wp\/v2\/categories?post=31067"},{"taxonomy":"post_tag","embeddable":true,"href":"https:\/\/www.esmuc.cat\/es\/wp-json\/wp\/v2\/tags?post=31067"}],"curies":[{"name":"wp","href":"https:\/\/api.w.org\/{rel}","templated":true}]}}