{"id":31037,"date":"2021-07-05T12:52:50","date_gmt":"2021-07-05T10:52:50","guid":{"rendered":"https:\/\/www.esmuc.cat\/grau\/produccio-i-gestio\/"},"modified":"2025-09-22T09:05:47","modified_gmt":"2025-09-22T07:05:47","slug":"produccio-i-gestio","status":"publish","type":"page","link":"https:\/\/www.esmuc.cat\/es\/estudios\/grau\/produccio-i-gestio\/","title":{"rendered":"Producci\u00f3n y gesti\u00f3n"},"content":{"rendered":"\n<div class=\"wp-block-columns is-layout-flex wp-container-core-columns-is-layout-9d6595d7 wp-block-columns-is-layout-flex\">\n<div class=\"wp-block-column esmuc__Menu_Masters is-layout-flow wp-block-column-is-layout-flow\" style=\"flex-basis:33.33%\">\n\n\n\n\n<p><\/p>\n<\/div>\n\n\n\n<div class=\"wp-block-column is-layout-flow wp-block-column-is-layout-flow\" style=\"flex-basis:66.66%\"><div class=\"breadcrumbs align  wp-block-bcn-breadcrumb-trail has-text-color has-background\" vocab=\"https:\/\/schema.org\/\" typeof=\"BreadcrumbList\">\n\t<span><\/span>\n\t<span property=\"itemListElement\" typeof=\"ListItem\"><a property=\"item\" typeof=\"WebPage\" title=\"Ir a ESMUC.\" href=\"https:\/\/www.esmuc.cat\/es\/\" class=\"home\" ><span property=\"name\">ESMUC<\/span><\/a><meta property=\"position\" content=\"1\"><\/span> &gt; <span property=\"itemListElement\" typeof=\"ListItem\"><a property=\"item\" typeof=\"WebPage\" title=\"Ir a Estudios.\" href=\"https:\/\/www.esmuc.cat\/es\/estudios\/\" class=\"post post-page\" ><span property=\"name\">Estudios<\/span><\/a><meta property=\"position\" content=\"2\"><\/span> &gt; <span property=\"itemListElement\" typeof=\"ListItem\"><a property=\"item\" typeof=\"WebPage\" title=\"Ir a Grado.\" href=\"https:\/\/www.esmuc.cat\/es\/estudios\/grau\/\" class=\"post post-page\" ><span property=\"name\">Grado<\/span><\/a><meta property=\"position\" content=\"3\"><\/span> &gt; <span property=\"itemListElement\" typeof=\"ListItem\"><span property=\"name\" class=\"post post-page current-item\">Producci\u00f3n y gesti\u00f3n<\/span><meta property=\"url\" content=\"https:\/\/www.esmuc.cat\/es\/estudios\/grau\/produccio-i-gestio\/\"><meta property=\"position\" content=\"4\"><\/span><\/div>\n\n\n\n<h1 class=\"wp-block-heading\">Producci\u00f3n y gesti\u00f3n<\/h1>\n\n\n\n<div style=\"height:13px\" aria-hidden=\"true\" class=\"wp-block-spacer\"><\/div>\n\n\n\n<div id=\"section-g92fb74\" class=\"wp-block-gutentor-e6 section-g92fb74 gutentor-element gutentor-element-image\"><div class=\"gutentor-element-image-box\"><div class=\"gutentor-image-thumb\"><img decoding=\"async\" class=\"normal-image\" src=\"http:\/\/www.esmuc.cat\/wp-content\/uploads\/2021\/07\/ESP-PROD-I-GESTIO.jpg\" alt=\"Esp Prod I Gestio\" \/><\/div><\/div><\/div>\n\n\n\n<div style=\"height:12px\" aria-hidden=\"true\" class=\"wp-block-spacer\"><\/div>\n\n\n\n<div id=\"section-g0c8de9\" class=\"wp-block-gutentor-e0 section-g0c8de9 gutentor-element gutentor-element-advanced-text\"><div class=\"gutentor-text-wrap\"><p class=\"gutentor-text\">La especialidad de Producci\u00f3n y Gesti\u00f3n tiene por objetivo formar a personas profesionales cualificadas para desarrollar tareas vinculadas al negocio musical ya la gesti\u00f3n de organizaciones musicales. La gesti\u00f3n musical requiere unos conocimientos y sensibilidad que, tanto desde el punto de vista del entorno como de los contenidos, encuentran en nuestra escuela un espacio \u00f3ptimo. Ahora bien, el n\u00facleo de esta especialidad lo constituyen las competencias espec\u00edficas de la gesti\u00f3n; competencias que permiten organizar y producir m\u00fasica desde el m\u00e1ximo compromiso con la calidad, garantizando su sostenibilidad.<\/p><\/div><\/div>\n\n\n\n<div style=\"height:10px\" aria-hidden=\"true\" class=\"wp-block-spacer\"><\/div>\n\n\n\n<div id=\"section-g6eaed7\" class=\"wp-block-gutentor-e2 section-g6eaed7 gutentor-element gutentor-element-button\"><span class=\"gutentor-button-wrap\"><a class=\"gutentor-button gutentor-block-button gutentor-icon-hide\" href=\"https:\/\/www.esmuc.cat\/es\/estudios\/grau\/produccio-i-gestio\/produccio-i-gestio\/\"><i class=\"gutentor-button-icon fas fa-book\"><\/i><span>Plan de estudios<\/span><\/a><\/span><\/div>\n\n\n\n<div style=\"height:10px\" aria-hidden=\"true\" class=\"wp-block-spacer\"><\/div>\n\n\n\n<div style=\"height:10px\" aria-hidden=\"true\" class=\"wp-block-spacer\"><\/div>\n\n\n\n<section id=\"899348\" class=\"section-899348 gutentor-module gutentor-module-accordion\"><div class=\"grid-container\">\n<div id=\"37ebd6\" class=\"wp-block-gutentor-m6-item section-37ebd6 gutentor-module gutentor-module-accordion-item\"><div class=\"gutentor-module-accordion-panel g-a-panel-899348\"><div class=\"gm-ah-899348 gutentor-module-accordion-item-heading gutentor-module-icon-position-right\"><span class=\"gutentor-module-accordion-panel-handler\" role=\"button\"><span class=\"gutentor-module-accordion-panel-handler-label\">\u00bfQu\u00e9 salidas tiene esa especialidad?<\/span><span class=\"gutentor-module-accordion-icon\"><i class=\"gm-aio-899348 gutentor-module-accordion-icon-open fas fa-plus\"><\/i><i class=\"gm-aic-899348 gutentor-module-accordion-icon-close fas fa-minus\"><\/i><\/span><\/span><\/div><div class=\"gm-ab-899348 gutentor-module-accordion-body\">\n<div id=\"section-gbe462a\" class=\"wp-block-gutentor-e0 section-gbe462a gutentor-element gutentor-element-advanced-text\"><div class=\"gutentor-text-wrap\"><p class=\"gutentor-text\">Una vez finalices los estudios, tendr\u00e1s acceso a trabajar en el \u00e1mbito de la gesti\u00f3n y producci\u00f3n del negocio musical: empresas productoras, promotoras, de comunicaci\u00f3n musical o management; un abanico que incluye toda la cadena de valor, desde el soporte a la creaci\u00f3n con la producci\u00f3n hasta la promoci\u00f3n del consumo y la venta.<\/p><\/div><\/div>\n<\/div><\/div><\/div>\n\n\n\n<div id=\"f15da2\" class=\"wp-block-gutentor-m6-item section-f15da2 gutentor-module gutentor-module-accordion-item\"><div class=\"gutentor-module-accordion-panel g-a-panel-899348\"><div class=\"gm-ah-899348 gutentor-module-accordion-item-heading gutentor-module-icon-position-right\"><span class=\"gutentor-module-accordion-panel-handler\" role=\"button\"><span class=\"gutentor-module-accordion-panel-handler-label\">\u00bfEn qu\u00e9 consisten los estudios?<\/span><span class=\"gutentor-module-accordion-icon\"><i class=\"gm-aio-899348 gutentor-module-accordion-icon-open fas fa-plus\"><\/i><i class=\"gm-aic-899348 gutentor-module-accordion-icon-close fas fa-minus\"><\/i><\/span><\/span><\/div><div class=\"gm-ab-899348 gutentor-module-accordion-body\">\n<div id=\"section-g4022d1\" class=\"wp-block-gutentor-e0 section-g4022d1 gutentor-element gutentor-element-advanced-text\"><div class=\"gutentor-text-wrap\"><p class=\"gutentor-text\">La oferta formativa del Esmuc es integral. Por tanto, como estudiante de Producci\u00f3n y Gesti\u00f3n tendr\u00e1s asignaturas propias de los diferentes \u00e1mbitos musicales, tanto en su vertiente interpretativa como te\u00f3rica. Los contenidos espec\u00edficos de esta especialidad inciden en:<\/p><\/div><\/div>\n\n\n\n<div id=\"section-g823310\" class=\"wp-block-gutentor-e7 section-g823310 gutentor-element gutentor-element-list\"><ul class=\"grid-row gutentor-grid-item-wrap list-indicator-icon\"><li class=\"gutentor-list-item grid-lg-12 grid-md-12 grid-12\"><span class=\"gutentor-single-item gutentor-single-item-0\"><span class=\"gutentor-list-item-wrap g-s-list-wrap\"><span class=\"gutentor-single-list-item-icon\"><i class=\"list-item-icon fas fa-angle-right\"><\/i><\/span><span class=\"gutentor-list-item\"><p class=\"gutentor-single-item-title\">Marcos conceptuales: pol\u00edticas culturales, programaci\u00f3n, marketing, patrocinio, producci\u00f3n de conciertos, tecnolog\u00eda aplicada a la gesti\u00f3n, planificaci\u00f3n estrat\u00e9gica, producci\u00f3n y difusi\u00f3n de contenidos musicales.<\/p><\/span><\/span><\/span><\/li><li class=\"gutentor-list-item grid-lg-12 grid-md-12 grid-12\"><span class=\"gutentor-single-item gutentor-single-item-1\"><span class=\"gutentor-list-item-wrap g-s-list-wrap\"><span class=\"gutentor-single-list-item-icon\"><i class=\"list-item-icon fas fa-angle-right\"><\/i><\/span><span class=\"gutentor-list-item\"><p class=\"gutentor-single-item-title\">Habilidades directivas: t\u00e9cnicas de comunicaci\u00f3n, gesti\u00f3n de equipos, gesti\u00f3n de la innovaci\u00f3n, emprendimiento.<\/p><\/span><\/span><\/span><\/li><li class=\"gutentor-list-item grid-lg-12 grid-md-12 grid-12\"><span class=\"gutentor-single-item gutentor-single-item-2\"><span class=\"gutentor-list-item-wrap g-s-list-wrap\"><span class=\"gutentor-single-list-item-icon\"><i class=\"list-item-icon fas fa-angle-right\"><\/i><\/span><span class=\"gutentor-list-item\"><p class=\"gutentor-single-item-title\">Disciplinas aplicadas a la gesti\u00f3n musical: derecho, propiedad intelectual, gesti\u00f3n contable y financiera, gesti\u00f3n presupuestaria, econom\u00eda de la cultura.<\/p><\/span><\/span><\/span><\/li><li class=\"gutentor-list-item grid-lg-12 grid-md-12 grid-12\"><span class=\"gutentor-single-item gutentor-single-item-3\"><span class=\"gutentor-list-item-wrap g-s-list-wrap\"><span class=\"gutentor-single-list-item-icon\"><i class=\"list-item-icon fas fa-angle-right\"><\/i><\/span><span class=\"gutentor-list-item\"><p class=\"gutentor-single-item-title\">Conocimiento del entorno profesional: las empresas musicales, el entorno municipal, el patrimonio musical, los proyectos comunitarios, el \u00e1mbito educativo, las artes esc\u00e9nicas&#8230;<\/p><\/span><\/span><\/span><\/li><li class=\"gutentor-list-item grid-lg-12 grid-md-12 grid-12\"><span class=\"gutentor-single-item gutentor-single-item-4\"><span class=\"gutentor-list-item-wrap g-s-list-wrap\"><span class=\"gutentor-single-list-item-icon\"><i class=\"list-item-icon fas fa-angle-right\"><\/i><\/span><span class=\"gutentor-list-item\"><p class=\"gutentor-single-item-title\">Pr\u00e1cticas: internas y externas, en las m\u00e1s prestigiosas organizaciones y empresas musicales del pa\u00eds.<\/p><\/span><\/span><\/span><\/li><\/ul><\/div>\n\n\n\n<div id=\"section-gb1c8a3\" class=\"wp-block-gutentor-e0 section-gb1c8a3 gutentor-element gutentor-element-advanced-text\"><div class=\"gutentor-text-wrap\"><p class=\"gutentor-text\">Para m\u00e1s informaci\u00f3n, ver <a href=\"https:\/\/www.esmuc.cat\/es\/grau\/produccio-i-gestio\/produccio-i-gestio\/\">plan de estudios<\/a> de esta especialidad.<\/p><\/div><\/div>\n<\/div><\/div><\/div>\n\n\n\n<div id=\"4e67b8\" class=\"wp-block-gutentor-m6-item section-4e67b8 gutentor-module gutentor-module-accordion-item\"><div class=\"gutentor-module-accordion-panel g-a-panel-899348\"><div class=\"gm-ah-899348 gutentor-module-accordion-item-heading gutentor-module-icon-position-right\"><span class=\"gutentor-module-accordion-panel-handler\" role=\"button\"><span class=\"gutentor-module-accordion-panel-handler-label\">Profesorado<\/span><span class=\"gutentor-module-accordion-icon\"><i class=\"gm-aio-899348 gutentor-module-accordion-icon-open fas fa-plus\"><\/i><i class=\"gm-aic-899348 gutentor-module-accordion-icon-close fas fa-minus\"><\/i><\/span><\/span><\/div><div class=\"gm-ab-899348 gutentor-module-accordion-body\">\n<div id=\"section-g26cf3d\" class=\"wp-block-gutentor-e0 section-g26cf3d gutentor-element gutentor-element-advanced-text\"><div class=\"gutentor-text-wrap\"><p class=\"gutentor-text\">El profesorado est\u00e1 formado por especialistas de los respectivos \u00e1mbitos que mantienen una carrera profesional en activo, garantizando as\u00ed el enlace entre la teor\u00eda y la adaptaci\u00f3n al mundo real.<\/p><\/div><\/div>\n\n\n\n<div id=\"section-g626f46\" class=\"wp-block-gutentor-e0 section-g626f46 gutentor-element gutentor-element-advanced-text\"><div class=\"gutentor-text-wrap\"><p class=\"gutentor-text\"><a href=\"https:\/\/www.esmuc.cat\/es\/professorat\/oriol-aguila\/\">Aguil\u00e0, Oriol<\/a>&nbsp;Patrocinio y mecenazgo.<br><a href=\"https:\/\/www.esmuc.cat\/es\/professorat\/jordi-alomar\/\">Alomar, Jordi<\/a>&nbsp;Dimensi\u00f3n&nbsp;econ\u00f3mica&nbsp;del sector musical.<br><a href=\"https:\/\/www.esmuc.cat\/professorat\/david-ccardenal\/\">Cardenal, David<\/a>&nbsp;Distribuci\u00f3n y comercializaci\u00f3n de contenidos musicales.<br><a href=\"https:\/\/www.esmuc.cat\/es\/professorat\/enric-enrich\/\">Enrich, Enric<\/a>&nbsp;Derechos de propiedad intelectual.<br>Esp\u00ed, S\u00f2nia Tecnolog\u00eda aplicada a la producci\u00f3n y difusi\u00f3n.<br><a href=\"https:\/\/www.esmuc.cat\/es\/professorat\/joan-fargas\/\">Fargas, Joan<\/a>&nbsp;Desarrollo profesional; Gesti\u00f3n de equipos,&nbsp;Tecnolog\u00eda aplicada a la producci\u00f3n y difusi\u00f3n.<br><a href=\"https:\/\/www.esmuc.cat\/es\/professorat\/xavier-fina\/\">Fina, Xavier<\/a>&nbsp;Desarrollo profesional ; Emprendimiento y creaci\u00f3n de empresas; El entorno municipal; Las artes en vivo ; Marco p\u00fablico e institucional de la m\u00fasica; Planificaci\u00f3n estrat\u00e9gica y dise\u00f1o de proyectos culturales,&nbsp;M\u00fasica y comunicaci\u00f3n en el entorno global.<br><a href=\"https:\/\/www.esmuc.cat\/es\/professorat\/enric-gine\/\">Gin\u00e9, Enric<\/a>&nbsp;Ac\u00fastica de recintos.<br>Gonz\u00e1lez, Manel Gesti\u00f3n de la innovaci\u00f3n.<br><a href=\"https:\/\/www.esmuc.cat\/es\/professorat\/imma-grimalt\/\">Grimalt, Imma<\/a>&nbsp;Practicum&nbsp;de Producci\u00f3n y Gesti\u00f3n ; Pr\u00e1cticas internas de Producci\u00f3n y Gesti\u00f3n; Producci\u00f3n de conciertos y eventos musicales.<br><a href=\"https:\/\/www.esmuc.cat\/es\/professorat\/joan-oller\/\">Oller, Joan<\/a>&nbsp;Marketing Marketing Programaci\u00f3n musical; Entorno empresarial.<br><a href=\"https:\/\/www.esmuc.cat\/es\/professorat\/alberto-sampablo\/\">Sampablo, Alberto<\/a>&nbsp;Desarrollo profesional ; Derecho.<br><a href=\"https:\/\/www.esmuc.cat\/es\/professorat\/nuria-sempere\/\">Sempere, N\u00faria<\/a>&nbsp;Gesti\u00f3n de centros educativos ; Patrimonio musical; Gesti\u00f3n de proyectos comunitarios<br><a href=\"https:\/\/www.esmuc.cat\/es\/professorat\/isabel-villanueva\/\">Villanueva, Isabel<\/a>&nbsp;Desarrollo profesional ; Management e intermediaci\u00f3n,&nbsp;T\u00e9cnicas de comunicaci\u00f3n.<\/p><\/div><\/div>\n<\/div><\/div><\/div>\n\n\n\n<div id=\"a13d56\" class=\"wp-block-gutentor-m6-item section-a13d56 gutentor-module gutentor-module-accordion-item\"><div class=\"gutentor-module-accordion-panel g-a-panel-899348\"><div class=\"gm-ah-899348 gutentor-module-accordion-item-heading gutentor-module-icon-position-right\"><span class=\"gutentor-module-accordion-panel-handler\" role=\"button\"><span class=\"gutentor-module-accordion-panel-handler-label\">Y despu\u00e9s del Grado\u2026 \u00bfqu\u00e9?<\/span><span class=\"gutentor-module-accordion-icon\"><i class=\"gm-aio-899348 gutentor-module-accordion-icon-open fas fa-plus\"><\/i><i class=\"gm-aic-899348 gutentor-module-accordion-icon-close fas fa-minus\"><\/i><\/span><\/span><\/div><div class=\"gm-ab-899348 gutentor-module-accordion-body\">\n<section id=\"gm614e478\" class=\"wp-block-gutentor-m3 section-gm614e478 gutentor-module gutentor-container-cover\"><div class=\"grid-container\">\n<section id=\"gm191a587\" class=\"wp-block-gutentor-m3 section-gm191a587 gutentor-module gutentor-container-cover\"><div class=\"grid-container\">\n<div id=\"section-g585577\" class=\"wp-block-gutentor-e0 section-g585577 gutentor-element gutentor-element-advanced-text\"><div class=\"gutentor-text-wrap\"><p class=\"gutentor-text\">Las personas que, una vez graduadas, quieran continuar sus estudios en la ESMUC, se pueden matricular en uno de los <a href=\"https:\/\/www.esmuc.cat\/es\/masters-i-postgraus\/\">m\u00e1steres o posgrado<\/a> que ofrece la Escuela.<\/p><\/div><\/div>\n<\/div><\/section>\n<\/div><\/section>\n\n\n\n<div id=\"section-g8fbc91\" class=\"wp-block-gutentor-e0 section-g8fbc91 gutentor-element gutentor-element-advanced-text\"><div class=\"gutentor-text-wrap\"><p class=\"gutentor-text\"><strong>M\u00e1steres de esta especialidad<\/strong><\/p><\/div><\/div>\n\n\n\n<div id=\"section-g687a93\" class=\"wp-block-gutentor-e7 section-g687a93 gutentor-element gutentor-element-list\"><ul class=\"grid-row gutentor-grid-item-wrap list-indicator-icon\"><li class=\"gutentor-list-item grid-lg-12 grid-md-12 grid-12\"><span class=\"gutentor-single-item gutentor-single-item-0\"><span class=\"gutentor-list-item-wrap g-s-list-wrap\"><span class=\"gutentor-single-list-item-icon\"><i class=\"list-item-icon fas fa-user-graduate\"><\/i><\/span><span class=\"gutentor-list-item\"><p class=\"gutentor-single-item-title\"><a href=\"https:\/\/www.esmuc.cat\/es\/estudios\/masters-i-postgraus\/master-propi-de-management-i-produccio-musical\/\">M\u00e1ster de management y producci\u00f3n musical<\/a><\/p><\/span><\/span><\/span><\/li><\/ul><\/div>\n<\/div><\/div><\/div>\n<\/div><\/section>\n\n\n\n<div style=\"height:10px\" aria-hidden=\"true\" class=\"wp-block-spacer\"><\/div>\n\n\n\n<section id=\"gmf54ebdf\" class=\"wp-block-gutentor-m3 section-gmf54ebdf gutentor-module gutentor-container-cover d-lg-none\"><div class=\"grid-container\">\n<li><a class=\"list-group-item\" href=\"https:\/\/www.esmuc.cat\/es\/estudios\/grau\/acces-i-admissio\/\">Acceso y admisi\u00f3n<\/a><\/li>\n \n<li><a class=\"list-group-item\" href=\"https:\/\/www.esmuc.cat\/es\/estudios\/grau\/matriculacion-grado\/\">Matriculaci\u00f3n<\/a><\/li>\n\n<li><a class=\"list-group-item\" href=\"https:\/\/www.esmuc.cat\/es\/estudios\/grau\/preus\/\">Precios<\/a><\/li>\n\n<li><a class=\"list-group-item\" href=\"https:\/\/www.esmuc.cat\/es\/estudios\/grau\/beques-i-ajuts\/\">Becas y ayudas<\/a><\/li>\n\n<li><a class=\"list-group-item\" href=\"\/estudis\/grau\/tramits-academics-de-grau\/\">Tr\u00e1mites acad\u00e9micos de Grado<\/a><\/li>\n\n\n\n<div style=\"height:20px\" aria-hidden=\"true\" class=\"wp-block-spacer\"><\/div>\n<\/div><\/section>\n\n\n\n<div class=\"wp-block-group\"><div class=\"wp-block-group__inner-container is-layout-flow wp-block-group-is-layout-flow\">\n<div style=\"height:10px\" aria-hidden=\"true\" class=\"wp-block-spacer\"><\/div>\n\n\n\n<div class=\"wp-block-columns is-layout-flex wp-container-core-columns-is-layout-9d6595d7 wp-block-columns-is-layout-flex\">\n<div class=\"wp-block-column is-layout-flow wp-block-column-is-layout-flow\">\n<figure class=\"wp-block-image size-full\"><img decoding=\"async\" width=\"780\" height=\"604\" src=\"http:\/\/www.esmuc.cat\/wp-content\/uploads\/2022\/07\/AQU-Grado-ES.png\" alt=\"Aqu Grado Es\" class=\"wp-image-54175\" srcset=\"https:\/\/www.esmuc.cat\/wp-content\/uploads\/2022\/07\/AQU-Grado-ES.png 780w, https:\/\/www.esmuc.cat\/wp-content\/uploads\/2022\/07\/AQU-Grado-ES-300x232.png 300w, https:\/\/www.esmuc.cat\/wp-content\/uploads\/2022\/07\/AQU-Grado-ES-768x595.png 768w\" sizes=\"(max-width: 780px) 100vw, 780px\" \/><\/figure>\n<\/div>\n\n\n\n<div class=\"wp-block-column is-layout-flow wp-block-column-is-layout-flow\"><\/div>\n\n\n\n<div class=\"wp-block-column is-layout-flow wp-block-column-is-layout-flow\"><\/div>\n<\/div>\n\n\n\n<div style=\"height:10px\" aria-hidden=\"true\" class=\"wp-block-spacer\"><\/div>\n<\/div><\/div>\n\n\n\n<div style=\"height:10px\" aria-hidden=\"true\" class=\"wp-block-spacer\"><\/div>\n\n\n\n<div id=\"section-g672e93\" class=\"wp-block-gutentor-e0 section-g672e93 gutentor-element gutentor-element-advanced-text\"><div class=\"gutentor-text-wrap\"><p class=\"gutentor-text\"><strong>\u00bfQuieres m\u00e1s informaci\u00f3n sobre esta especialidad?<\/strong><\/p><\/div><\/div>\n\n\n\n<section id=\"gm536582a\" class=\"wp-block-gutentor-m3 section-gm536582a gutentor-module gutentor-container-cover\"><div class=\"grid-container\">\n<div class=\"wpcf7 no-js\" id=\"wpcf7-f90528-o1\" lang=\"es-ES\" dir=\"ltr\" data-wpcf7-id=\"90528\">\n<div class=\"screen-reader-response\"><p role=\"status\" aria-live=\"polite\" aria-atomic=\"true\"><\/p> <ul><\/ul><\/div>\n<form action=\"\/es\/wp-json\/wp\/v2\/pages\/31037#wpcf7-f90528-o1\" method=\"post\" class=\"wpcf7-form init\" aria-label=\"Formulario de contacto\" novalidate=\"novalidate\" data-status=\"init\">\n<fieldset class=\"hidden-fields-container\"><input type=\"hidden\" name=\"_wpcf7\" value=\"90528\" \/><input type=\"hidden\" name=\"_wpcf7_version\" value=\"6.1.5\" \/><input type=\"hidden\" name=\"_wpcf7_locale\" value=\"es_ES\" \/><input type=\"hidden\" name=\"_wpcf7_unit_tag\" value=\"wpcf7-f90528-o1\" \/><input type=\"hidden\" name=\"_wpcf7_container_post\" value=\"0\" \/><input type=\"hidden\" name=\"_wpcf7_posted_data_hash\" value=\"\" \/><input type=\"hidden\" name=\"_wpcf7_recaptcha_response\" value=\"\" \/>\n<\/fieldset>\n<div class=\"form-masters-container\">\n\t<P>DATOS PERSONALES\n\t<\/p>\n\t<P>\n\t<\/p>\n\t<div class=\"form-masters\">\n\t\t<p><label>Nombre* <span class=\"wpcf7-form-control-wrap\" data-name=\"Nom\"><input size=\"40\" maxlength=\"400\" class=\"wpcf7-form-control wpcf7-text wpcf7-validates-as-required\" aria-required=\"true\" aria-invalid=\"false\" value=\"\" type=\"text\" name=\"Nom\" \/><\/span><\/label>\n\t\t<\/p>\n\t<\/div>\n\t<div class=\"form-masters\">\n\t\t<p><label>Apellidos* <span class=\"wpcf7-form-control-wrap\" data-name=\"Cognoms\"><input size=\"40\" maxlength=\"400\" class=\"wpcf7-form-control wpcf7-text wpcf7-validates-as-required\" aria-required=\"true\" aria-invalid=\"false\" value=\"\" type=\"text\" name=\"Cognoms\" \/><\/span><\/label>\n\t\t<\/p>\n\t<\/div>\n\t<div class=\"form-masters\">\n\t\t<p><label>Correo electr\u00f3nico*<br \/>\n<span class=\"wpcf7-form-control-wrap\" data-name=\"your-email\"><input size=\"40\" maxlength=\"400\" class=\"wpcf7-form-control wpcf7-email wpcf7-validates-as-required wpcf7-text wpcf7-validates-as-email\" autocomplete=\"email\" aria-required=\"true\" aria-invalid=\"false\" value=\"\" type=\"email\" name=\"your-email\" \/><\/span><\/label>\n\t\t<\/p>\n\t<\/div>\n\t<p><label>\u00c1mbito geogr\u00e1fico de procedencia <span class=\"wpcf7-form-control-wrap\" data-name=\"menu-482\"><select class=\"wpcf7-form-control wpcf7-select\" aria-invalid=\"false\" name=\"menu-482\"><option value=\"\">&#8212;Por favor, elige una opci\u00f3n&#8212;<\/option><option value=\"Catalu\u00f1a\">Catalu\u00f1a<\/option><option value=\"Espa\u00f1a\">Espa\u00f1a<\/option><option value=\"Uni\u00f3n Europea\">Uni\u00f3n Europea<\/option><option value=\"Otros pa\u00edses europeos\">Otros pa\u00edses europeos<\/option><option value=\"\u00c1frica\">\u00c1frica<\/option><option value=\"Am\u00e9rica del Norte\">Am\u00e9rica del Norte<\/option><option value=\"Asia\">Asia<\/option><option value=\"Latinoam\u00e9rica\">Latinoam\u00e9rica<\/option><option value=\"Ocean\u00eda\">Ocean\u00eda<\/option><\/select><\/span><\/label>\n\t<\/p>\n\t<p><label class=\"w-100\">Consulta * <span class=\"wpcf7-form-control-wrap\" data-name=\"your-message\"><textarea cols=\"40\" rows=\"10\" maxlength=\"2000\" class=\"wpcf7-form-control wpcf7-textarea wpcf7-validates-as-required\" aria-required=\"true\" aria-invalid=\"false\" name=\"your-message\"><\/textarea><\/span><\/label><br \/>\n<span class=\"wpcf7-form-control-wrap\" data-name=\"acceptance-280\"><span class=\"wpcf7-form-control wpcf7-acceptance\"><span class=\"wpcf7-list-item\"><label><input type=\"checkbox\" name=\"acceptance-280\" value=\"1\" aria-invalid=\"false\" \/><span class=\"wpcf7-list-item-label\">He le\u00eddo y acepto la <a href=\"https:\/\/www.esmuc.cat\/politica-de-privacitat\/\"> pol\u00edtica de privacidad <\/a><\/span><\/label><\/span><\/span><\/span><br \/>\n<input class=\"wpcf7-form-control wpcf7-submit has-spinner btn-more\" type=\"submit\" value=\"Enviar\" \/>\n\t<\/p>\n<\/div><div class=\"wpcf7-response-output\" aria-hidden=\"true\"><\/div>\n<\/form>\n<\/div>\n\n<\/div><\/section>\n<\/div>\n<\/div>\n","protected":false},"excerpt":{"rendered":"<p>Producci\u00f3n y gesti\u00f3n<\/p>\n","protected":false},"author":4,"featured_media":15336,"parent":30906,"menu_order":0,"comment_status":"closed","ping_status":"closed","template":"","meta":{"_acf_changed":false,"_themeisle_gutenberg_block_has_review":false,"footnotes":""},"categories":[1126],"tags":[],"class_list":["post-31037","page","type-page","status-publish","has-post-thumbnail","hentry","category-especialitats-es"],"acf":[],"publishpress_future_action":{"enabled":false,"date":"2026-04-16 12:43:11","action":"change-status","newStatus":"draft","terms":[],"taxonomy":"category","extraData":[]},"publishpress_future_workflow_manual_trigger":{"enabledWorkflows":[]},"_links":{"self":[{"href":"https:\/\/www.esmuc.cat\/es\/wp-json\/wp\/v2\/pages\/31037","targetHints":{"allow":["GET"]}}],"collection":[{"href":"https:\/\/www.esmuc.cat\/es\/wp-json\/wp\/v2\/pages"}],"about":[{"href":"https:\/\/www.esmuc.cat\/es\/wp-json\/wp\/v2\/types\/page"}],"author":[{"embeddable":true,"href":"https:\/\/www.esmuc.cat\/es\/wp-json\/wp\/v2\/users\/4"}],"replies":[{"embeddable":true,"href":"https:\/\/www.esmuc.cat\/es\/wp-json\/wp\/v2\/comments?post=31037"}],"version-history":[{"count":21,"href":"https:\/\/www.esmuc.cat\/es\/wp-json\/wp\/v2\/pages\/31037\/revisions"}],"predecessor-version":[{"id":112194,"href":"https:\/\/www.esmuc.cat\/es\/wp-json\/wp\/v2\/pages\/31037\/revisions\/112194"}],"up":[{"embeddable":true,"href":"https:\/\/www.esmuc.cat\/es\/wp-json\/wp\/v2\/pages\/30906"}],"wp:featuredmedia":[{"embeddable":true,"href":"https:\/\/www.esmuc.cat\/es\/wp-json\/wp\/v2\/media\/15336"}],"wp:attachment":[{"href":"https:\/\/www.esmuc.cat\/es\/wp-json\/wp\/v2\/media?parent=31037"}],"wp:term":[{"taxonomy":"category","embeddable":true,"href":"https:\/\/www.esmuc.cat\/es\/wp-json\/wp\/v2\/categories?post=31037"},{"taxonomy":"post_tag","embeddable":true,"href":"https:\/\/www.esmuc.cat\/es\/wp-json\/wp\/v2\/tags?post=31037"}],"curies":[{"name":"wp","href":"https:\/\/api.w.org\/{rel}","templated":true}]}}