{"id":30940,"date":"2021-07-05T12:49:45","date_gmt":"2021-07-05T10:49:45","guid":{"rendered":"https:\/\/www.esmuc.cat\/grau\/direccio\/"},"modified":"2024-11-28T13:12:41","modified_gmt":"2024-11-28T12:12:41","slug":"direccio","status":"publish","type":"page","link":"https:\/\/www.esmuc.cat\/es\/estudios\/grau\/direccio\/","title":{"rendered":"Direcci\u00f3n"},"content":{"rendered":"\n<div class=\"wp-block-columns is-layout-flex wp-container-core-columns-is-layout-9d6595d7 wp-block-columns-is-layout-flex\">\n<div class=\"wp-block-column esmuc__Menu_Masters is-layout-flow wp-block-column-is-layout-flow\" style=\"flex-basis:33.33%\">\n\n\n\n\n<p><\/p>\n<\/div>\n\n\n\n<div class=\"wp-block-column is-layout-flow wp-block-column-is-layout-flow\" style=\"flex-basis:66.66%\"><div class=\"breadcrumbs align  wp-block-bcn-breadcrumb-trail has-text-color has-background\" vocab=\"https:\/\/schema.org\/\" typeof=\"BreadcrumbList\">\n\t<span><\/span>\n\t<span property=\"itemListElement\" typeof=\"ListItem\"><a property=\"item\" typeof=\"WebPage\" title=\"Ir a ESMUC.\" href=\"https:\/\/www.esmuc.cat\/es\/\" class=\"home\" ><span property=\"name\">ESMUC<\/span><\/a><meta property=\"position\" content=\"1\"><\/span> &gt; <span property=\"itemListElement\" typeof=\"ListItem\"><a property=\"item\" typeof=\"WebPage\" title=\"Ir a Estudios.\" href=\"https:\/\/www.esmuc.cat\/es\/estudios\/\" class=\"post post-page\" ><span property=\"name\">Estudios<\/span><\/a><meta property=\"position\" content=\"2\"><\/span> &gt; <span property=\"itemListElement\" typeof=\"ListItem\"><a property=\"item\" typeof=\"WebPage\" title=\"Ir a Grado.\" href=\"https:\/\/www.esmuc.cat\/es\/estudios\/grau\/\" class=\"post post-page\" ><span property=\"name\">Grado<\/span><\/a><meta property=\"position\" content=\"3\"><\/span> &gt; <span property=\"itemListElement\" typeof=\"ListItem\"><span property=\"name\" class=\"post post-page current-item\">Direcci\u00f3n<\/span><meta property=\"url\" content=\"https:\/\/www.esmuc.cat\/es\/estudios\/grau\/direccio\/\"><meta property=\"position\" content=\"4\"><\/span><\/div>\n\n\n\n<h1 class=\"wp-block-heading\">Direcci\u00f3n<\/h1>\n\n\n\n<div style=\"height:12px\" aria-hidden=\"true\" class=\"wp-block-spacer\"><\/div>\n\n\n\n<div id=\"section-g155c36\" class=\"wp-block-gutentor-e6 section-g155c36 gutentor-element gutentor-element-image\"><div class=\"gutentor-element-image-box\"><div class=\"gutentor-image-thumb\"><img decoding=\"async\" class=\"normal-image\" src=\"http:\/\/www.esmuc.cat\/wp-content\/uploads\/2021\/07\/ESP-DIRECCIO.jpg\" alt=\"Esp Direccio\" \/><\/div><\/div><\/div>\n\n\n\n<div style=\"height:23px\" aria-hidden=\"true\" class=\"wp-block-spacer\"><\/div>\n\n\n\n<div id=\"section-gbfeb8f\" class=\"wp-block-gutentor-e0 section-gbfeb8f gutentor-element gutentor-element-advanced-text\"><div class=\"gutentor-text-wrap\"><p class=\"gutentor-text\">La especialidad de Direcci\u00f3n forma a personas profesionales altamente cualificadas en el \u00e1mbito de la direcci\u00f3n de coro y de orquesta, preparadas para trabajar un repertorio amplio y diverso desde el punto de vista hist\u00f3rico y est\u00e9tico, con capacidad de liderazgo y comunicaci\u00f3n, y conocedoras de las posibilidades que brinda la tecnolog\u00eda. Profundiza en la interpretaci\u00f3n de obras de lenguajes musicales y t\u00e9cnicas instrumentales cl\u00e1sicas y contempor\u00e1neas, as\u00ed como en diversidad de g\u00e9neros, formatos y tendencias musicales. Esta titulaci\u00f3n contempla una <strong>especializaci\u00f3n<\/strong> en Direcci\u00f3n de <strong>coro<\/strong> o Direcci\u00f3n de <strong>orquesta<\/strong> en 4\u00ba curso.<\/p><\/div><\/div>\n\n\n\n<div style=\"height:10px\" aria-hidden=\"true\" class=\"wp-block-spacer\"><\/div>\n\n\n\n<div id=\"section-g356445\" class=\"wp-block-gutentor-e2 section-g356445 gutentor-element gutentor-element-button\"><span class=\"gutentor-button-wrap\"><a class=\"gutentor-button gutentor-block-button gutentor-icon-hide\" href=\"https:\/\/www.esmuc.cat\/es\/estudios\/grau\/direccio\/curriculum-direccio\/\"><i class=\"gutentor-button-icon fas fa-book\"><\/i><span>Plan de estudios<\/span><\/a><\/span><\/div>\n\n\n\n<div style=\"height:10px\" aria-hidden=\"true\" class=\"wp-block-spacer\"><\/div>\n\n\n\n<div style=\"height:16px\" aria-hidden=\"true\" class=\"wp-block-spacer\"><\/div>\n\n\n\n<section id=\"f9c28a\" class=\"section-f9c28a gutentor-module gutentor-module-accordion\"><div class=\"grid-container\">\n<div id=\"4661e4\" class=\"wp-block-gutentor-m6-item section-4661e4 gutentor-module gutentor-module-accordion-item\"><div class=\"gutentor-module-accordion-panel g-a-panel-f9c28a\"><div class=\"gm-ah-f9c28a gutentor-module-accordion-item-heading gutentor-module-icon-position-right\"><span class=\"gutentor-module-accordion-panel-handler\" role=\"button\"><span class=\"gutentor-module-accordion-panel-handler-label\">\u00bfQu\u00e9 salidas tiene esa especialidad?<\/span><span class=\"gutentor-module-accordion-icon\"><i class=\"gm-aio-f9c28a gutentor-module-accordion-icon-open fas fa-plus\"><\/i><i class=\"gm-aic-f9c28a gutentor-module-accordion-icon-close fas fa-minus\"><\/i><\/span><\/span><\/div><div class=\"gm-ab-f9c28a gutentor-module-accordion-body\">\n<div id=\"section-g9781fa\" class=\"wp-block-gutentor-e0 section-g9781fa gutentor-element gutentor-element-advanced-text\"><div class=\"gutentor-text-wrap\"><p class=\"gutentor-text\">Al finalizar el grado en la especialidad de Direcci\u00f3n podr\u00e1s ejercer profesionalmente en diversidad de contextos, dirigiendo coros, grupos instrumentales y orquestas, tanto si se trata de m\u00fasica de concierto como de espect\u00e1culo esc\u00e9nico. Los conocimientos te\u00f3ricos y anal\u00edticos adquiridos en esta especialidad te facilitar\u00e1n tambi\u00e9n el acceso a estudios de posgrado y otros campos como el mundo editorial o cr\u00edtica musical.<\/p><\/div><\/div>\n<\/div><\/div><\/div>\n\n\n\n<div id=\"3fded6\" class=\"wp-block-gutentor-m6-item section-3fded6 gutentor-module gutentor-module-accordion-item\"><div class=\"gutentor-module-accordion-panel g-a-panel-f9c28a\"><div class=\"gm-ah-f9c28a gutentor-module-accordion-item-heading gutentor-module-icon-position-right\"><span class=\"gutentor-module-accordion-panel-handler\" role=\"button\"><span class=\"gutentor-module-accordion-panel-handler-label\">\u00bfEn qu\u00e9 consisten los estudios?<\/span><span class=\"gutentor-module-accordion-icon\"><i class=\"gm-aio-f9c28a gutentor-module-accordion-icon-open fas fa-plus\"><\/i><i class=\"gm-aic-f9c28a gutentor-module-accordion-icon-close fas fa-minus\"><\/i><\/span><\/span><\/div><div class=\"gm-ab-f9c28a gutentor-module-accordion-body\">\n<div id=\"section-g8b9d1b\" class=\"wp-block-gutentor-e0 section-g8b9d1b gutentor-element gutentor-element-advanced-text\"><div class=\"gutentor-text-wrap\"><p class=\"gutentor-text\">Los contenidos b\u00e1sicos de esta especialidad son:<\/p><\/div><\/div>\n\n\n\n<div id=\"section-g5426c0\" class=\"wp-block-gutentor-e7 section-g5426c0 gutentor-element gutentor-element-list\"><ul class=\"grid-row gutentor-grid-item-wrap list-indicator-icon\"><li class=\"gutentor-list-item grid-lg-12 grid-md-12 grid-12\"><span class=\"gutentor-single-item gutentor-single-item-0\"><span class=\"gutentor-list-item-wrap g-s-list-wrap\"><span class=\"gutentor-single-list-item-icon\"><i class=\"list-item-icon fas fa-angle-right\"><\/i><\/span><span class=\"gutentor-list-item\"><p class=\"gutentor-single-item-title\">T\u00e9cnicas de direcci\u00f3n de coraz\u00f3n y orquesta.<\/p><\/span><\/span><\/span><\/li><li class=\"gutentor-list-item grid-lg-12 grid-md-12 grid-12\"><span class=\"gutentor-single-item gutentor-single-item-1\"><span class=\"gutentor-list-item-wrap g-s-list-wrap\"><span class=\"gutentor-single-list-item-icon\"><i class=\"list-item-icon fas fa-angle-right\"><\/i><\/span><span class=\"gutentor-list-item\"><p class=\"gutentor-single-item-title\">Desarrollo de habilidades auditivas, lectoras, instrumentales y anal\u00edticas.<\/p><\/span><\/span><\/span><\/li><li class=\"gutentor-list-item grid-lg-12 grid-md-12 grid-12\"><span class=\"gutentor-single-item gutentor-single-item-2\"><span class=\"gutentor-list-item-wrap g-s-list-wrap\"><span class=\"gutentor-single-list-item-icon\"><i class=\"list-item-icon fas fa-angle-right\"><\/i><\/span><span class=\"gutentor-list-item\"><p class=\"gutentor-single-item-title\">Conocimiento del repertorio y las posibilidades t\u00e9cnicas e interpretativas de los medios vocales o instrumentales correspondientes en cada caso.<\/p><\/span><\/span><\/span><\/li><\/ul><\/div>\n\n\n\n<div id=\"section-gc2f05a\" class=\"wp-block-gutentor-e0 section-gc2f05a gutentor-element gutentor-element-advanced-text\"><div class=\"gutentor-text-wrap\"><p class=\"gutentor-text\">Los estudios potencian un perfil de profesional de la direcci\u00f3n suficientemente amplio por el hecho de que, a lo largo de la especialidad, se trabaja tanto la direcci\u00f3n de coraz\u00f3n como la de orquesta. Como estudiante te formar\u00e1s tambi\u00e9n para el ejercicio del an\u00e1lisis y del pensamiento musical, y dispondr\u00e1s de una s\u00f3lida formaci\u00f3n metodol\u00f3gica y human\u00edstica que te ayudar\u00e1 en la labor de investigaci\u00f3n af\u00edn al ejercicio de tu profesi\u00f3n.<br><br>Para m\u00e1s informaci\u00f3n, ver el&nbsp;<a href=\"https:\/\/www.esmuc.cat\/es\/grau\/direccio\/curriculum-direccio\/\">plan de estudios<\/a>&nbsp;de esta especialidad.<\/p><\/div><\/div>\n<\/div><\/div><\/div>\n\n\n\n<div id=\"f38333\" class=\"wp-block-gutentor-m6-item section-f38333 gutentor-module gutentor-module-accordion-item\"><div class=\"gutentor-module-accordion-panel g-a-panel-f9c28a\"><div class=\"gm-ah-f9c28a gutentor-module-accordion-item-heading gutentor-module-icon-position-right\"><span class=\"gutentor-module-accordion-panel-handler\" role=\"button\"><span class=\"gutentor-module-accordion-panel-handler-label\">Profesorado<\/span><span class=\"gutentor-module-accordion-icon\"><i class=\"gm-aio-f9c28a gutentor-module-accordion-icon-open fas fa-plus\"><\/i><i class=\"gm-aic-f9c28a gutentor-module-accordion-icon-close fas fa-minus\"><\/i><\/span><\/span><\/div><div class=\"gm-ab-f9c28a gutentor-module-accordion-body\">\n<div id=\"section-g4484fe\" class=\"wp-block-gutentor-e0 section-g4484fe gutentor-element gutentor-element-advanced-text\"><div class=\"gutentor-text-wrap\"><p class=\"gutentor-text\">La escuela te ofrece la posibilidad de trabajar con profesorado altamente cualificado en el campo de la direcci\u00f3n musical y, paralelamente, participar en actividades y clases magistrales, ampliando as\u00ed al m\u00e1ximo tus oportunidades formativas. Tambi\u00e9n facilita las pr\u00e1cticas de direcci\u00f3n mediante colaboraciones con coros, grupos, orquestas, temporadas de conciertos e instituciones interesadas en la realizaci\u00f3n de actividades conjuntas que puedan ser de utilidad desde una vertiente pedag\u00f3gica y profesional.<\/p><\/div><\/div>\n\n\n\n<div id=\"section-g367514\" class=\"wp-block-gutentor-e0 section-g367514 gutentor-element gutentor-element-advanced-text\"><div class=\"gutentor-text-wrap\"><p class=\"gutentor-text\"><a href=\"https:\/\/www.esmuc.cat\/professorat\/paul-poletti\/\">Paul Poletti<\/a><br><a href=\"https:\/\/www.esmuc.cat\/professorat\/albert-guinovart\/\">Albert Guinovart<\/a><br><a href=\"https:\/\/www.esmuc.cat\/professorat\/joaquim-rabaseda\/\">Joaquim Rabaseda<\/a><br><a href=\"https:\/\/www.esmuc.cat\/professorat\/salvador-brotons\/\">Salvador Brotons<\/a><br><a href=\"https:\/\/www.esmuc.cat\/professorat\/jordi-mora\/\">Jordi Mora<\/a><br><a href=\"https:\/\/www.esmuc.cat\/professorat\/johan-duijck\/\">Johan Duijck<\/a><br><a href=\"https:\/\/www.esmuc.cat\/professorat\/josep-vila-i-casanas\/\">Josep Vila<\/a><br><a href=\"https:\/\/www.esmuc.cat\/professorat\/ferran-conangla\/\">Ferran Conangla<\/a><br><a href=\"https:\/\/www.esmuc.cat\/professorat\/enric-gine\/\">Enric Gin\u00e9<\/a><br><a href=\"https:\/\/www.esmuc.cat\/professorat\/perfecto-herrera\/\">Perfecto Herrera<\/a><br><a href=\"https:\/\/www.esmuc.cat\/professorat\/joan-sanmarti\/\">Joan Sanmart\u00ed<\/a><br><a href=\"https:\/\/www.esmuc.cat\/professorat\/carles-ill\/\">Carles Ill<\/a><br><a href=\"https:\/\/www.esmuc.cat\/professorat\/josep-pujol\/\">Josep Pujol<\/a><br><a href=\"https:\/\/www.esmuc.cat\/professorat\/gianni-ginesi\/\">Gianni Ginesi<\/a><br><a href=\"https:\/\/www.esmuc.cat\/professorat\/marc-heilbron\/\">Marc Heilbron<\/a><br><a href=\"https:\/\/www.esmuc.cat\/professorat\/horacio-curti\/\">Horacio Curti<\/a><br><a href=\"https:\/\/www.esmuc.cat\/professorat\/nuria-sempere\/\">N\u00faria Sempere<\/a><br><a href=\"https:\/\/www.esmuc.cat\/professorat\/xavier-fina\/\">Xavier Fina<\/a><br><a href=\"https:\/\/www.esmuc.cat\/professorat\/ester-bonal\/\">Ester Bonal<\/a><br><a href=\"https:\/\/www.esmuc.cat\/professorat\/rolf-backer\/\">Rolf B\u00e4cker<\/a><br><a href=\"https:\/\/www.esmuc.cat\/professorat\/luca-chiantore\/\">Luca Chiantore<\/a><br><a href=\"https:\/\/www.esmuc.cat\/professorat\/paul-poletti\/\">Paul Poletti<\/a><br><a href=\"https:\/\/www.esmuc.cat\/professorat\/joan-grimalt\/\">Joan Grimalt<\/a><br><a href=\"https:\/\/www.esmuc.cat\/professorat\/josep-margarit\/\">Josep Margarit<\/a><br><a href=\"https:\/\/www.esmuc.cat\/professorat\/felix-pastor\/\">F\u00e8lix Pastor<\/a><br>Manel Ribera<br><a href=\"https:\/\/www.esmuc.cat\/professorat\/josep-baucells\/\">Josep Baucells<\/a><br><a href=\"https:\/\/www.esmuc.cat\/professorat\/aureliano-cattaneo\/\">Aureliano Cattaneo<\/a><br><a href=\"https:\/\/www.esmuc.cat\/professorat\/josep-margarit\/\">Josep Margarit<\/a><br><a href=\"https:\/\/www.esmuc.cat\/professorat\/felix-pastor\/\">F\u00e8lix Pastor<\/a><br><a href=\"https:\/\/www.esmuc.cat\/professorat\/eduard-resina\/\">Eduard Resina<\/a><br><a href=\"https:\/\/www.esmuc.cat\/professorat\/josep-rio-pareja\/\">Josep Rio-Pareja<\/a><br><a href=\"https:\/\/www.esmuc.cat\/professorat\/daniel-mestre\/\">Daniel Mestre<\/a><br><a href=\"https:\/\/www.esmuc.cat\/professorat\/pep-ocallaghan\/\">Pep O\u2019Callaghan<\/a><br><a href=\"https:\/\/www.esmuc.cat\/professorat\/rosa-urtasun\/\">Rosa Urtasun<\/a><br><a href=\"https:\/\/www.esmuc.cat\/professorat\/arnau-bataller\/\">Arnau Bataller<\/a><br><a href=\"https:\/\/www.esmuc.cat\/professorat\/salvador-brotons\/\">Salvador Brotons<\/a><br><a href=\"https:\/\/www.esmuc.cat\/professorat\/albert-guinovart\/\">Albert Guinovart<\/a><br><a href=\"https:\/\/www.esmuc.cat\/professorat\/christophe-havel\/\">Christophe Havel<\/a><br>Mauricio Sotelo<br><a href=\"https:\/\/www.esmuc.cat\/professorat\/bernat-vivancos\/\">Bernat Vivancos<\/a><br><a href=\"https:\/\/www.esmuc.cat\/professorat\/manel-rodeiro\/\">Manel Rodeiro<\/a><br><a href=\"https:\/\/www.esmuc.cat\/professorat\/felix-pastor\/\">F\u00e8lix Pastor<\/a><br><a href=\"https:\/\/www.esmuc.cat\/professorat\/sofia-martinez\/\">Sof\u00eda Mart\u00ednez<\/a><br><a href=\"https:\/\/www.esmuc.cat\/professorat\/anna-costal\/\">Anna Costal<\/a><br><a href=\"https:\/\/www.esmuc.cat\/professorat\/ruben-lopez-cano\/\">Rub\u00e9n L\u00f3pez Cano<\/a><br><a href=\"https:\/\/www.esmuc.cat\/professorat\/thomas-noll\/\">Thomas Noll<\/a><br><a href=\"https:\/\/www.esmuc.cat\/professorat\/ferran-conangla\/\">Ferran Conangla<\/a><br><a href=\"https:\/\/www.esmuc.cat\/professorat\/enric-gine\/\">Enric Gin\u00e9<\/a><br>Pere Casulleras<br><a href=\"https:\/\/www.esmuc.cat\/professorat\/eduard-resina\/\">Eduard Resina<\/a><br><a href=\"https:\/\/www.esmuc.cat\/professorat\/arnau-bataller\/\">Arnau Bataller<\/a><\/p><\/div><\/div>\n<\/div><\/div><\/div>\n\n\n\n<div id=\"de7b28\" class=\"wp-block-gutentor-m6-item section-de7b28 gutentor-module gutentor-module-accordion-item\"><div class=\"gutentor-module-accordion-panel g-a-panel-f9c28a\"><div class=\"gm-ah-f9c28a gutentor-module-accordion-item-heading gutentor-module-icon-position-right\"><span class=\"gutentor-module-accordion-panel-handler\" role=\"button\"><span class=\"gutentor-module-accordion-panel-handler-label\">Y despu\u00e9s del Grado\u2026 \u00bfqu\u00e9?<\/span><span class=\"gutentor-module-accordion-icon\"><i class=\"gm-aio-f9c28a gutentor-module-accordion-icon-open fas fa-plus\"><\/i><i class=\"gm-aic-f9c28a gutentor-module-accordion-icon-close fas fa-minus\"><\/i><\/span><\/span><\/div><div class=\"gm-ab-f9c28a gutentor-module-accordion-body\">\n<section id=\"gm4214a82\" class=\"wp-block-gutentor-m3 section-gm4214a82 gutentor-module gutentor-container-cover\"><div class=\"grid-container\">\n<div id=\"section-gd369bc\" class=\"wp-block-gutentor-e0 section-gd369bc gutentor-element gutentor-element-advanced-text\"><div class=\"gutentor-text-wrap\"><p class=\"gutentor-text\">El alumnado que, una vez graduado, quiera continuar sus estudios en la ESMUC, se puede matricular en uno de los <a href=\"https:\/\/www.esmuc.cat\/es\/masters-i-postgraus\/\">m\u00e1steres o posgrado<\/a> que ofrece la Escuela.<\/p><\/div><\/div>\n<\/div><\/section>\n<\/div><\/div><\/div>\n<\/div><\/section>\n\n\n\n<section id=\"gm286d1f2\" class=\"wp-block-gutentor-m3 section-gm286d1f2 gutentor-module gutentor-container-cover d-lg-none\"><div class=\"grid-container\">\n<li><a class=\"list-group-item\" href=\"\/estudis\/grau\/acces-i-admissio\/\">Acc\u00e9s i admissi\u00f3<\/a><\/li>\n \n<li><a class=\"list-group-item\" href=\"\/estudis\/grau\/matriculacio-2\/\">Matriculaci\u00f3<\/a><\/li>\n\n<li><a class=\"list-group-item\" href=\"\/estudis\/grau\/preus\/\">Preus<\/a><\/li>\n\n<li><a class=\"list-group-item\" href=\"\/estudis\/grau\/beques-i-ajuts\/\">Beques i ajuts<\/a><\/li>\n\n<li><a class=\"list-group-item\" href=\"\/estudis\/grau\/tramits-academics-de-grau\/\">Tr\u00e0mits acad\u00e8mics de Grau<\/a><\/li>\n\n\n\n<div style=\"height:20px\" aria-hidden=\"true\" class=\"wp-block-spacer\"><\/div>\n<\/div><\/section>\n\n\n\n<div class=\"wp-block-group\"><div class=\"wp-block-group__inner-container is-layout-flow wp-block-group-is-layout-flow\">\n<div style=\"height:10px\" aria-hidden=\"true\" class=\"wp-block-spacer\"><\/div>\n\n\n\n<div class=\"wp-block-columns is-layout-flex wp-container-core-columns-is-layout-9d6595d7 wp-block-columns-is-layout-flex\">\n<div class=\"wp-block-column is-layout-flow wp-block-column-is-layout-flow\">\n<figure class=\"wp-block-image size-full\"><img decoding=\"async\" width=\"780\" height=\"604\" src=\"http:\/\/www.esmuc.cat\/wp-content\/uploads\/2022\/07\/AQU-Grado-ES.png\" alt=\"Aqu Grado Es\" class=\"wp-image-54175\" srcset=\"https:\/\/www.esmuc.cat\/wp-content\/uploads\/2022\/07\/AQU-Grado-ES.png 780w, https:\/\/www.esmuc.cat\/wp-content\/uploads\/2022\/07\/AQU-Grado-ES-300x232.png 300w, https:\/\/www.esmuc.cat\/wp-content\/uploads\/2022\/07\/AQU-Grado-ES-768x595.png 768w\" sizes=\"(max-width: 780px) 100vw, 780px\" \/><\/figure>\n<\/div>\n\n\n\n<div class=\"wp-block-column is-layout-flow wp-block-column-is-layout-flow\"><\/div>\n\n\n\n<div class=\"wp-block-column is-layout-flow wp-block-column-is-layout-flow\"><\/div>\n<\/div>\n\n\n\n<div style=\"height:10px\" aria-hidden=\"true\" class=\"wp-block-spacer\"><\/div>\n<\/div><\/div>\n\n\n\n<div id=\"section-g7101b4\" class=\"wp-block-gutentor-e0 section-g7101b4 gutentor-element gutentor-element-advanced-text\"><div class=\"gutentor-text-wrap\"><p class=\"gutentor-text\"><strong>\u00bfQuieres m\u00e1s informaci\u00f3n sobre esta especialidad?<\/strong><\/p><\/div><\/div>\n\n\n\n<div class=\"wpcf7 no-js\" id=\"wpcf7-f90528-o1\" lang=\"es-ES\" dir=\"ltr\" data-wpcf7-id=\"90528\">\n<div class=\"screen-reader-response\"><p role=\"status\" aria-live=\"polite\" aria-atomic=\"true\"><\/p> <ul><\/ul><\/div>\n<form action=\"\/es\/wp-json\/wp\/v2\/pages\/30940#wpcf7-f90528-o1\" method=\"post\" class=\"wpcf7-form init\" aria-label=\"Formulario de contacto\" novalidate=\"novalidate\" data-status=\"init\">\n<fieldset class=\"hidden-fields-container\"><input type=\"hidden\" name=\"_wpcf7\" value=\"90528\" \/><input type=\"hidden\" name=\"_wpcf7_version\" value=\"6.1.5\" \/><input type=\"hidden\" name=\"_wpcf7_locale\" value=\"es_ES\" \/><input type=\"hidden\" name=\"_wpcf7_unit_tag\" value=\"wpcf7-f90528-o1\" \/><input type=\"hidden\" name=\"_wpcf7_container_post\" value=\"0\" \/><input type=\"hidden\" name=\"_wpcf7_posted_data_hash\" value=\"\" \/><input type=\"hidden\" name=\"_wpcf7_recaptcha_response\" value=\"\" \/>\n<\/fieldset>\n<div class=\"form-masters-container\">\n\t<P>DATOS PERSONALES\n\t<\/p>\n\t<P>\n\t<\/p>\n\t<div class=\"form-masters\">\n\t\t<p><label>Nombre* <span class=\"wpcf7-form-control-wrap\" data-name=\"Nom\"><input size=\"40\" maxlength=\"400\" class=\"wpcf7-form-control wpcf7-text wpcf7-validates-as-required\" aria-required=\"true\" aria-invalid=\"false\" value=\"\" type=\"text\" name=\"Nom\" \/><\/span><\/label>\n\t\t<\/p>\n\t<\/div>\n\t<div class=\"form-masters\">\n\t\t<p><label>Apellidos* <span class=\"wpcf7-form-control-wrap\" data-name=\"Cognoms\"><input size=\"40\" maxlength=\"400\" class=\"wpcf7-form-control wpcf7-text wpcf7-validates-as-required\" aria-required=\"true\" aria-invalid=\"false\" value=\"\" type=\"text\" name=\"Cognoms\" \/><\/span><\/label>\n\t\t<\/p>\n\t<\/div>\n\t<div class=\"form-masters\">\n\t\t<p><label>Correo electr\u00f3nico*<br \/>\n<span class=\"wpcf7-form-control-wrap\" data-name=\"your-email\"><input size=\"40\" maxlength=\"400\" class=\"wpcf7-form-control wpcf7-email wpcf7-validates-as-required wpcf7-text wpcf7-validates-as-email\" autocomplete=\"email\" aria-required=\"true\" aria-invalid=\"false\" value=\"\" type=\"email\" name=\"your-email\" \/><\/span><\/label>\n\t\t<\/p>\n\t<\/div>\n\t<p><label>\u00c1mbito geogr\u00e1fico de procedencia <span class=\"wpcf7-form-control-wrap\" data-name=\"menu-482\"><select class=\"wpcf7-form-control wpcf7-select\" aria-invalid=\"false\" name=\"menu-482\"><option value=\"\">&#8212;Por favor, elige una opci\u00f3n&#8212;<\/option><option value=\"Catalu\u00f1a\">Catalu\u00f1a<\/option><option value=\"Espa\u00f1a\">Espa\u00f1a<\/option><option value=\"Uni\u00f3n Europea\">Uni\u00f3n Europea<\/option><option value=\"Otros pa\u00edses europeos\">Otros pa\u00edses europeos<\/option><option value=\"\u00c1frica\">\u00c1frica<\/option><option value=\"Am\u00e9rica del Norte\">Am\u00e9rica del Norte<\/option><option value=\"Asia\">Asia<\/option><option value=\"Latinoam\u00e9rica\">Latinoam\u00e9rica<\/option><option value=\"Ocean\u00eda\">Ocean\u00eda<\/option><\/select><\/span><\/label>\n\t<\/p>\n\t<p><label class=\"w-100\">Consulta * <span class=\"wpcf7-form-control-wrap\" data-name=\"your-message\"><textarea cols=\"40\" rows=\"10\" maxlength=\"2000\" class=\"wpcf7-form-control wpcf7-textarea wpcf7-validates-as-required\" aria-required=\"true\" aria-invalid=\"false\" name=\"your-message\"><\/textarea><\/span><\/label><br \/>\n<span class=\"wpcf7-form-control-wrap\" data-name=\"acceptance-280\"><span class=\"wpcf7-form-control wpcf7-acceptance\"><span class=\"wpcf7-list-item\"><label><input type=\"checkbox\" name=\"acceptance-280\" value=\"1\" aria-invalid=\"false\" \/><span class=\"wpcf7-list-item-label\">He le\u00eddo y acepto la <a href=\"https:\/\/www.esmuc.cat\/politica-de-privacitat\/\"> pol\u00edtica de privacidad <\/a><\/span><\/label><\/span><\/span><\/span><br \/>\n<input class=\"wpcf7-form-control wpcf7-submit has-spinner btn-more\" type=\"submit\" value=\"Enviar\" \/>\n\t<\/p>\n<\/div><div class=\"wpcf7-response-output\" aria-hidden=\"true\"><\/div>\n<\/form>\n<\/div>\n\n<\/div>\n<\/div>\n","protected":false},"excerpt":{"rendered":"<p>Direcci\u00f3n<\/p>\n","protected":false},"author":4,"featured_media":15366,"parent":30906,"menu_order":0,"comment_status":"closed","ping_status":"closed","template":"","meta":{"_acf_changed":false,"_themeisle_gutenberg_block_has_review":false,"footnotes":""},"categories":[1126],"tags":[1169,1170,1127,1178,1131],"class_list":["post-30940","page","type-page","status-publish","has-post-thumbnail","hentry","category-especialitats-es","tag-direccio-es","tag-especialitat-es","tag-grau-es","tag-professorat-es","tag-sortides-professionals-es"],"acf":[],"publishpress_future_action":{"enabled":false,"date":"2026-04-16 12:43:14","action":"change-status","newStatus":"draft","terms":[],"taxonomy":"category","extraData":[]},"publishpress_future_workflow_manual_trigger":{"enabledWorkflows":[]},"_links":{"self":[{"href":"https:\/\/www.esmuc.cat\/es\/wp-json\/wp\/v2\/pages\/30940","targetHints":{"allow":["GET"]}}],"collection":[{"href":"https:\/\/www.esmuc.cat\/es\/wp-json\/wp\/v2\/pages"}],"about":[{"href":"https:\/\/www.esmuc.cat\/es\/wp-json\/wp\/v2\/types\/page"}],"author":[{"embeddable":true,"href":"https:\/\/www.esmuc.cat\/es\/wp-json\/wp\/v2\/users\/4"}],"replies":[{"embeddable":true,"href":"https:\/\/www.esmuc.cat\/es\/wp-json\/wp\/v2\/comments?post=30940"}],"version-history":[{"count":21,"href":"https:\/\/www.esmuc.cat\/es\/wp-json\/wp\/v2\/pages\/30940\/revisions"}],"predecessor-version":[{"id":101798,"href":"https:\/\/www.esmuc.cat\/es\/wp-json\/wp\/v2\/pages\/30940\/revisions\/101798"}],"up":[{"embeddable":true,"href":"https:\/\/www.esmuc.cat\/es\/wp-json\/wp\/v2\/pages\/30906"}],"wp:featuredmedia":[{"embeddable":true,"href":"https:\/\/www.esmuc.cat\/es\/wp-json\/wp\/v2\/media\/15366"}],"wp:attachment":[{"href":"https:\/\/www.esmuc.cat\/es\/wp-json\/wp\/v2\/media?parent=30940"}],"wp:term":[{"taxonomy":"category","embeddable":true,"href":"https:\/\/www.esmuc.cat\/es\/wp-json\/wp\/v2\/categories?post=30940"},{"taxonomy":"post_tag","embeddable":true,"href":"https:\/\/www.esmuc.cat\/es\/wp-json\/wp\/v2\/tags?post=30940"}],"curies":[{"name":"wp","href":"https:\/\/api.w.org\/{rel}","templated":true}]}}