{"id":30906,"date":"2021-03-15T14:02:43","date_gmt":"2021-03-15T13:02:43","guid":{"rendered":"https:\/\/www.esmuc.cat\/grau\/"},"modified":"2025-02-17T13:01:48","modified_gmt":"2025-02-17T12:01:48","slug":"grau","status":"publish","type":"page","link":"https:\/\/www.esmuc.cat\/es\/estudios\/grau\/","title":{"rendered":"Grado"},"content":{"rendered":"\n<div class=\"wp-block-columns is-layout-flex wp-container-core-columns-is-layout-9d6595d7 wp-block-columns-is-layout-flex\">\n<div class=\"wp-block-column esmuc__Menu_Masters is-layout-flow wp-block-column-is-layout-flow\" style=\"flex-basis:33.33%\">\n\n<\/div>\n\n\n\n<div class=\"wp-block-column is-layout-flow wp-block-column-is-layout-flow\" style=\"flex-basis:66.66%\"><div class=\"breadcrumbs align  wp-block-bcn-breadcrumb-trail has-text-color has-background\" vocab=\"https:\/\/schema.org\/\" typeof=\"BreadcrumbList\">\n\t<span><\/span>\n\t<span property=\"itemListElement\" typeof=\"ListItem\"><a property=\"item\" typeof=\"WebPage\" title=\"Ir a ESMUC.\" href=\"https:\/\/www.esmuc.cat\/es\/\" class=\"home\" ><span property=\"name\">ESMUC<\/span><\/a><meta property=\"position\" content=\"1\"><\/span> &gt; <span property=\"itemListElement\" typeof=\"ListItem\"><a property=\"item\" typeof=\"WebPage\" title=\"Ir a Estudios.\" href=\"https:\/\/www.esmuc.cat\/es\/estudios\/\" class=\"post post-page\" ><span property=\"name\">Estudios<\/span><\/a><meta property=\"position\" content=\"2\"><\/span> &gt; <span property=\"itemListElement\" typeof=\"ListItem\"><span property=\"name\" class=\"post post-page current-item\">Grado<\/span><meta property=\"url\" content=\"https:\/\/www.esmuc.cat\/es\/estudios\/grau\/\"><meta property=\"position\" content=\"3\"><\/span><\/div>\n\n\n\n<h1 class=\"wp-block-heading\">Grado en Ense\u00f1anzas Art\u00edsticas Superiores de M\u00fasica (EEES)<\/h1>\n\n\n\n<div style=\"height:10px\" aria-hidden=\"true\" class=\"wp-block-spacer\"><\/div>\n\n\n\n<h2 class=\"wp-block-heading\">Especialidades<\/h2>\n\n\n\n<div style=\"height:10px\" aria-hidden=\"true\" class=\"wp-block-spacer\"><\/div>\n\n\n\n<section id=\"gm5e9fb0d\" class=\"wp-block-gutentor-m2 section-gm5e9fb0d gutentor-module gutentor-dynamic-columns gutentor-equal-column-height esmuc__presentation\"><div class=\"grid-container\"><div class=\"grid-row\">\n<div id=\"col-gmed55c9\" class=\"wp-block-gutentor-m2-col col-gmed55c9 gutentor-module gutentor-dynamic-single-column grid-lg-12 grid-md-4 grid-12\"><div id=\"section-gmed55c9\" class=\"section-gmed55c9 gutentor-single-col\">\n<article id=\"gmf5f9603\" class=\"wp-block-gutentor-m3 section-gmf5f9603 gutentor-module gutentor-container-cover has-image-bg has-custom-bg has-gutentor-overlay g-valign-c-mobile g-valign-c-tablet g-valign-c-desktop img-presentation\"><div class=\"grid-container\">\n<div id=\"section-gdeac94\" class=\"wp-block-gutentor-e1 section-gdeac94 gutentor-element gutentor-element-advanced-text gutentor-width-enabled text-align-center-desktop text-align-center-tablet text-align-center-mobile\"><div class=\"gutentor-text-wrap\"><h4 class=\"gutentor-text\"><a href=\"https:\/\/www.esmuc.cat\/es\/grau\/composicio\/\">Composici\u00f3n<\/a><\/h4><\/div><\/div>\n<\/div><\/article>\n<\/div><\/div>\n\n\n\n<div id=\"col-gmd60d90\" class=\"wp-block-gutentor-m2-col col-gmd60d90 gutentor-module gutentor-dynamic-single-column grid-lg-12 grid-md-4 grid-12\"><div id=\"section-gmd60d90\" class=\"section-gmd60d90 gutentor-single-col\">\n<article id=\"gme0dae6c\" class=\"wp-block-gutentor-m3 section-gme0dae6c gutentor-module gutentor-container-cover has-image-bg has-custom-bg has-gutentor-overlay g-valign-c-mobile g-valign-c-tablet g-valign-c-desktop img-presentation\"><div class=\"grid-container\">\n<div id=\"section-gb1d87e\" class=\"wp-block-gutentor-e1 section-gb1d87e gutentor-element gutentor-element-advanced-text gutentor-width-enabled text-align-center-desktop text-align-center-tablet text-align-center-mobile\"><div class=\"gutentor-text-wrap\"><h4 class=\"gutentor-text\"><a href=\"https:\/\/www.esmuc.cat\/es\/estudis\/grau\/direccio\/\">Direcci\u00f3n<\/a><\/h4><\/div><\/div>\n<\/div><\/article>\n<\/div><\/div>\n\n\n\n<div id=\"col-gm1ffd3d\" class=\"wp-block-gutentor-m2-col col-gm1ffd3d gutentor-module gutentor-dynamic-single-column grid-lg-12 grid-md-4 grid-12 esmuc--presentacion\"><div id=\"section-gm1ffd3d\" class=\"section-gm1ffd3d gutentor-single-col has-image-bg has-custom-bg\">\n<article id=\"gm9fd692e\" class=\"wp-block-gutentor-m3 section-gm9fd692e gutentor-module gutentor-container-cover has-image-bg has-custom-bg has-gutentor-overlay g-valign-c-mobile g-valign-c-tablet g-valign-c-desktop img-presentation\"><div class=\"grid-container\">\n<div class=\"wp-block-group\"><div class=\"wp-block-group__inner-container is-layout-flow wp-block-group-is-layout-flow\">\n<div id=\"section-g6997bf\" class=\"wp-block-gutentor-e1 section-g6997bf gutentor-element gutentor-element-advanced-text gutentor-width-enabled text-align-center-desktop text-align-center-tablet text-align-center-mobile\"><div class=\"gutentor-text-wrap\"><h4 class=\"gutentor-text\"><a href=\"https:\/\/www.esmuc.cat\/es\/interpretacio-musica-classica-i-contemporania\/\">Interpretaci\u00f3n: m\u00fasica cl\u00e1sica y contempor\u00e1nea<\/a><\/h4><\/div><\/div>\n<\/div><\/div>\n<\/div><\/article>\n<\/div><\/div>\n\n\n\n<div id=\"col-gmb7d938\" class=\"wp-block-gutentor-m2-col col-gmb7d938 gutentor-module gutentor-dynamic-single-column grid-lg-12 grid-md-4 grid-12 esmuc--presentacion\"><div id=\"section-gmb7d938\" class=\"section-gmb7d938 gutentor-single-col has-image-bg has-custom-bg\">\n<article id=\"gmd3ce63f\" class=\"wp-block-gutentor-m3 section-gmd3ce63f gutentor-module gutentor-container-cover has-image-bg has-custom-bg has-gutentor-overlay g-valign-c-mobile g-valign-c-tablet g-valign-c-desktop img-presentation\"><div class=\"grid-container\">\n<div class=\"wp-block-group\"><div class=\"wp-block-group__inner-container is-layout-flow wp-block-group-is-layout-flow\">\n<div id=\"section-gefb333\" class=\"wp-block-gutentor-e1 section-gefb333 gutentor-element gutentor-element-advanced-text gutentor-width-enabled text-align-center-desktop text-align-center-tablet text-align-center-mobile\"><div class=\"gutentor-text-wrap\"><h4 class=\"gutentor-text\"><a href=\"https:\/\/www.esmuc.cat\/es\/estudis\/grau\/interpretacio-jazz-i-musica-moderna\/\">Interpretaci\u00f3n: jazz y m\u00fasica moderna<\/a><\/h4><\/div><\/div>\n<\/div><\/div>\n<\/div><\/article>\n<\/div><\/div>\n\n\n\n<div id=\"col-gmd10e46\" class=\"wp-block-gutentor-m2-col col-gmd10e46 gutentor-module gutentor-dynamic-single-column grid-lg-12 grid-md-4 grid-12 esmuc--presentacion\"><div id=\"section-gmd10e46\" class=\"section-gmd10e46 gutentor-single-col has-image-bg has-custom-bg\">\n<article id=\"gmf7c4f1c\" class=\"wp-block-gutentor-m3 section-gmf7c4f1c gutentor-module gutentor-container-cover has-image-bg has-custom-bg has-gutentor-overlay g-valign-c-mobile g-valign-c-tablet g-valign-c-desktop img-presentation\"><div class=\"grid-container\">\n<div class=\"wp-block-group\"><div class=\"wp-block-group__inner-container is-layout-flow wp-block-group-is-layout-flow\">\n<div id=\"section-g1ca88b\" class=\"wp-block-gutentor-e1 section-g1ca88b gutentor-element gutentor-element-advanced-text gutentor-width-enabled text-align-center-desktop text-align-center-tablet text-align-center-mobile\"><div class=\"gutentor-text-wrap\"><h4 class=\"gutentor-text\"><a href=\"https:\/\/www.esmuc.cat\/es\/estudis\/grau\/interpretacio-musica-antiga\/\">Interpretaci\u00f3n: m\u00fasica antigua<\/a><\/h4><\/div><\/div>\n<\/div><\/div>\n<\/div><\/article>\n<\/div><\/div>\n\n\n\n<div id=\"col-gma0e519\" class=\"wp-block-gutentor-m2-col col-gma0e519 gutentor-module gutentor-dynamic-single-column grid-lg-12 grid-md-4 grid-12 esmuc--presentacion\"><div id=\"section-gma0e519\" class=\"section-gma0e519 gutentor-single-col has-image-bg has-custom-bg\">\n<article id=\"gm16be6c4\" class=\"wp-block-gutentor-m3 section-gm16be6c4 gutentor-module gutentor-container-cover has-image-bg has-custom-bg has-gutentor-overlay g-valign-c-mobile g-valign-c-tablet g-valign-c-desktop img-presentation\"><div class=\"grid-container\">\n<div class=\"wp-block-group\"><div class=\"wp-block-group__inner-container is-layout-flow wp-block-group-is-layout-flow\">\n<div id=\"section-ge74893\" class=\"wp-block-gutentor-e1 section-ge74893 gutentor-element gutentor-element-advanced-text gutentor-width-enabled text-align-center-desktop text-align-center-tablet text-align-center-mobile\"><div class=\"gutentor-text-wrap\"><h4 class=\"gutentor-text\"><a href=\"https:\/\/www.esmuc.cat\/es\/estudis\/grau\/interpretacio-musica-tradicional\/\">Interpretaci\u00f3n: m\u00fasica tradicional<\/a><\/h4><\/div><\/div>\n<\/div><\/div>\n<\/div><\/article>\n<\/div><\/div>\n\n\n\n<div id=\"col-gme9696b\" class=\"wp-block-gutentor-m2-col col-gme9696b gutentor-module gutentor-dynamic-single-column grid-lg-12 grid-md-4 grid-12 esmuc--presentacion\"><div id=\"section-gme9696b\" class=\"section-gme9696b gutentor-single-col has-image-bg has-custom-bg\">\n<article id=\"gm159c99b\" class=\"wp-block-gutentor-m3 section-gm159c99b gutentor-module gutentor-container-cover has-image-bg has-custom-bg has-gutentor-overlay g-valign-c-mobile g-valign-c-tablet g-valign-c-desktop img-presentation\"><div class=\"grid-container\">\n<div class=\"wp-block-group\"><div class=\"wp-block-group__inner-container is-layout-flow wp-block-group-is-layout-flow\">\n<div id=\"section-gb2c041\" class=\"wp-block-gutentor-e1 section-gb2c041 gutentor-element gutentor-element-advanced-text gutentor-width-enabled text-align-center-desktop text-align-center-tablet text-align-center-mobile\"><div class=\"gutentor-text-wrap\"><h4 class=\"gutentor-text\"><a href=\"https:\/\/www.esmuc.cat\/es\/estudis\/grau\/musicologia\/\">Musicolog\u00eda<\/a><\/h4><\/div><\/div>\n<\/div><\/div>\n<\/div><\/article>\n<\/div><\/div>\n\n\n\n<div id=\"col-gmc9579a\" class=\"wp-block-gutentor-m2-col col-gmc9579a gutentor-module gutentor-dynamic-single-column grid-lg-12 grid-md-4 grid-12 esmuc--presentacion\"><div id=\"section-gmc9579a\" class=\"section-gmc9579a gutentor-single-col has-image-bg has-custom-bg\">\n<article id=\"gmdde491b\" class=\"wp-block-gutentor-m3 section-gmdde491b gutentor-module gutentor-container-cover has-image-bg has-custom-bg has-gutentor-overlay g-valign-c-mobile g-valign-c-tablet g-valign-c-desktop img-presentation\"><div class=\"grid-container\">\n<div class=\"wp-block-group\"><div class=\"wp-block-group__inner-container is-layout-flow wp-block-group-is-layout-flow\">\n<div id=\"section-gc87f98\" class=\"wp-block-gutentor-e1 section-gc87f98 gutentor-element gutentor-element-advanced-text gutentor-width-enabled text-align-center-desktop text-align-center-tablet text-align-center-mobile\"><div class=\"gutentor-text-wrap\"><h4 class=\"gutentor-text\"><a href=\"https:\/\/www.esmuc.cat\/es\/estudis\/grau\/pedagogia\/\">Pedagog\u00eda<\/a><\/h4><\/div><\/div>\n<\/div><\/div>\n<\/div><\/article>\n<\/div><\/div>\n\n\n\n<div id=\"col-gm3aa6e5\" class=\"wp-block-gutentor-m2-col col-gm3aa6e5 gutentor-module gutentor-dynamic-single-column grid-lg-12 grid-md-4 grid-12 esmuc--presentacion\"><div id=\"section-gm3aa6e5\" class=\"section-gm3aa6e5 gutentor-single-col has-image-bg has-custom-bg\">\n<article id=\"gm5d592ab\" class=\"wp-block-gutentor-m3 section-gm5d592ab gutentor-module gutentor-container-cover has-image-bg has-custom-bg has-gutentor-overlay g-valign-c-mobile g-valign-c-tablet g-valign-c-desktop img-presentation\"><div class=\"grid-container\">\n<div class=\"wp-block-group\"><div class=\"wp-block-group__inner-container is-layout-flow wp-block-group-is-layout-flow\">\n<div id=\"section-g7ad480\" class=\"wp-block-gutentor-e1 section-g7ad480 gutentor-element gutentor-element-advanced-text gutentor-width-enabled text-align-center-desktop text-align-center-tablet text-align-center-mobile\"><div class=\"gutentor-text-wrap\"><h4 class=\"gutentor-text\"><a href=\"https:\/\/www.esmuc.cat\/es\/estudis\/grau\/produccio-i-gestio\/\">Producci\u00f3n y gesti\u00f3n<\/a><\/h4><\/div><\/div>\n<\/div><\/div>\n<\/div><\/article>\n<\/div><\/div>\n\n\n\n<div id=\"col-gm76943c\" class=\"wp-block-gutentor-m2-col col-gm76943c gutentor-module gutentor-dynamic-single-column grid-lg-12 grid-md-4 grid-12 esmuc--presentacion\"><div id=\"section-gm76943c\" class=\"section-gm76943c gutentor-single-col has-image-bg has-custom-bg\">\n<article id=\"gm9ed9155\" class=\"wp-block-gutentor-m3 section-gm9ed9155 gutentor-module gutentor-container-cover has-image-bg has-custom-bg has-gutentor-overlay g-valign-c-mobile g-valign-c-tablet g-valign-c-desktop img-presentation\"><div class=\"grid-container\">\n<div class=\"wp-block-group\"><div class=\"wp-block-group__inner-container is-layout-flow wp-block-group-is-layout-flow\">\n<div id=\"section-g3934f7\" class=\"wp-block-gutentor-e1 section-g3934f7 gutentor-element gutentor-element-advanced-text gutentor-width-enabled text-align-center-desktop text-align-center-tablet text-align-center-mobile\"><div class=\"gutentor-text-wrap\"><h4 class=\"gutentor-text\"><a href=\"https:\/\/www.esmuc.cat\/es\/estudis\/grau\/sonologia\/\">Sonolog\u00eda<\/a><\/h4><\/div><\/div>\n<\/div><\/div>\n<\/div><\/article>\n<\/div><\/div>\n\n\n\n<div id=\"col-gmbcd1cc\" class=\"wp-block-gutentor-m2-col col-gmbcd1cc gutentor-module gutentor-dynamic-single-column grid-lg-12 grid-md-4 grid-12\"><div id=\"section-gmbcd1cc\" class=\"section-gmbcd1cc gutentor-single-col\">\n<article id=\"gm11e7681\" class=\"wp-block-gutentor-m3 section-gm11e7681 gutentor-module gutentor-container-cover has-image-bg has-custom-bg has-gutentor-overlay g-valign-c-mobile g-valign-c-tablet g-valign-c-desktop img-presentation\"><div class=\"grid-container\">\n<div class=\"wp-block-group\"><div class=\"wp-block-group__inner-container is-layout-flow wp-block-group-is-layout-flow\">\n<div id=\"section-gf15781\" class=\"wp-block-gutentor-e1 section-gf15781 gutentor-element gutentor-element-advanced-text gutentor-width-enabled text-align-center-desktop text-align-center-tablet text-align-center-mobile\"><div class=\"gutentor-text-wrap\"><h4 class=\"gutentor-text\"><a href=\"https:\/\/www.esmuc.cat\/es\/grau\/doble-grau\/\">M\u00fasica y Matem\u00e1ticas<br>(doble grado)<\/a><\/h4><\/div><\/div>\n<\/div><\/div>\n<\/div><\/article>\n<\/div><\/div>\n\n\n\n<div id=\"col-gm1025fb\" class=\"wp-block-gutentor-m2-col col-gm1025fb gutentor-module gutentor-dynamic-single-column grid-lg-12 grid-md-4 grid-12\"><div id=\"section-gm1025fb\" class=\"section-gm1025fb gutentor-single-col\">\n<p><\/p>\n<\/div><\/div>\n\n\n\n<div id=\"col-gmf5ee3f\" class=\"wp-block-gutentor-m2-col col-gmf5ee3f gutentor-module gutentor-dynamic-single-column grid-lg-12 grid-md-4 grid-12\"><div id=\"section-gmf5ee3f\" class=\"section-gmf5ee3f gutentor-single-col\">\n<article id=\"gmf94a3ce\" class=\"wp-block-gutentor-m3 section-gmf94a3ce gutentor-module gutentor-container-cover has-image-bg has-custom-bg has-gutentor-overlay g-valign-c-mobile g-valign-c-tablet g-valign-c-desktop img-presentation\"><div class=\"grid-container\">\n<div class=\"wp-block-group\"><div class=\"wp-block-group__inner-container is-layout-flow wp-block-group-is-layout-flow\">\n<div id=\"section-g946e94\" class=\"wp-block-gutentor-e1 section-g946e94 gutentor-element gutentor-element-advanced-text gutentor-width-enabled text-align-center-desktop text-align-center-tablet text-align-center-mobile\"><div class=\"gutentor-text-wrap\"><h4 class=\"gutentor-text\"><a href=\"https:\/\/www.esmuc.cat\/es\/estudios\/grau\/musica-y-educacion-primaria\/\">M\u00fasica y Educaci\u00f3n Primaria<br>(itinerario de simultaneidad)<\/a><\/h4><\/div><\/div>\n<\/div><\/div>\n<\/div><\/article>\n<\/div><\/div>\n<\/div><\/div><\/section>\n<\/div>\n<\/div>\n","protected":false},"excerpt":{"rendered":"<p>Grado en Ense\u00f1anzas Art\u00edsticas Superiores de M\u00fasica (EEES) Especialidades<\/p>\n","protected":false},"author":4,"featured_media":54158,"parent":83385,"menu_order":0,"comment_status":"closed","ping_status":"closed","template":"","meta":{"_acf_changed":false,"_themeisle_gutenberg_block_has_review":false,"footnotes":""},"categories":[1126],"tags":[1168,1169,1170,1135,1171,1128,1172,1083,1268,1174],"class_list":["post-30906","page","type-page","status-publish","has-post-thumbnail","hentry","category-especialitats-es","tag-composicio-es","tag-direccio-es","tag-especialitat-es","tag-estudios-superiores-de-musica","tag-estudis-es","tag-interpretacio-es","tag-musicologia-es","tag-pedagogia-es","tag-produccio-es","tag-sonologia-es"],"acf":[],"publishpress_future_action":{"enabled":false,"date":"2026-04-12 19:32:47","action":"change-status","newStatus":"draft","terms":[],"taxonomy":"category","extraData":[]},"publishpress_future_workflow_manual_trigger":{"enabledWorkflows":[]},"_links":{"self":[{"href":"https:\/\/www.esmuc.cat\/es\/wp-json\/wp\/v2\/pages\/30906","targetHints":{"allow":["GET"]}}],"collection":[{"href":"https:\/\/www.esmuc.cat\/es\/wp-json\/wp\/v2\/pages"}],"about":[{"href":"https:\/\/www.esmuc.cat\/es\/wp-json\/wp\/v2\/types\/page"}],"author":[{"embeddable":true,"href":"https:\/\/www.esmuc.cat\/es\/wp-json\/wp\/v2\/users\/4"}],"replies":[{"embeddable":true,"href":"https:\/\/www.esmuc.cat\/es\/wp-json\/wp\/v2\/comments?post=30906"}],"version-history":[{"count":14,"href":"https:\/\/www.esmuc.cat\/es\/wp-json\/wp\/v2\/pages\/30906\/revisions"}],"predecessor-version":[{"id":104564,"href":"https:\/\/www.esmuc.cat\/es\/wp-json\/wp\/v2\/pages\/30906\/revisions\/104564"}],"up":[{"embeddable":true,"href":"https:\/\/www.esmuc.cat\/es\/wp-json\/wp\/v2\/pages\/83385"}],"wp:featuredmedia":[{"embeddable":true,"href":"https:\/\/www.esmuc.cat\/es\/wp-json\/wp\/v2\/media\/54158"}],"wp:attachment":[{"href":"https:\/\/www.esmuc.cat\/es\/wp-json\/wp\/v2\/media?parent=30906"}],"wp:term":[{"taxonomy":"category","embeddable":true,"href":"https:\/\/www.esmuc.cat\/es\/wp-json\/wp\/v2\/categories?post=30906"},{"taxonomy":"post_tag","embeddable":true,"href":"https:\/\/www.esmuc.cat\/es\/wp-json\/wp\/v2\/tags?post=30906"}],"curies":[{"name":"wp","href":"https:\/\/api.w.org\/{rel}","templated":true}]}}