{"id":30785,"date":"2021-06-18T10:22:00","date_gmt":"2021-06-18T08:22:00","guid":{"rendered":"https:\/\/www.esmuc.cat\/acceso-y-admision__trashed\/proves-dacces\/"},"modified":"2026-03-25T11:43:34","modified_gmt":"2026-03-25T10:43:34","slug":"proves-dacces","status":"publish","type":"page","link":"https:\/\/www.esmuc.cat\/es\/estudios\/grau\/acces-i-admissio\/proves-dacces\/","title":{"rendered":"Pruebas de acceso"},"content":{"rendered":"\n<div class=\"wp-block-columns is-layout-flex wp-container-core-columns-is-layout-9d6595d7 wp-block-columns-is-layout-flex\">\n<div class=\"wp-block-column esmuc__Menu_Masters is-layout-flow wp-block-column-is-layout-flow\" style=\"flex-basis:33.33%\">\n\n<\/div>\n\n\n\n<div class=\"wp-block-column is-layout-flow wp-block-column-is-layout-flow\" style=\"flex-basis:66.66%\"><div class=\"breadcrumbs align  wp-block-bcn-breadcrumb-trail has-text-color has-background\" vocab=\"https:\/\/schema.org\/\" typeof=\"BreadcrumbList\">\n\t<span><\/span>\n\t<span property=\"itemListElement\" typeof=\"ListItem\"><a property=\"item\" typeof=\"WebPage\" title=\"Ir a ESMUC.\" href=\"https:\/\/www.esmuc.cat\/es\/\" class=\"home\" ><span property=\"name\">ESMUC<\/span><\/a><meta property=\"position\" content=\"1\"><\/span> &gt; <span property=\"itemListElement\" typeof=\"ListItem\"><a property=\"item\" typeof=\"WebPage\" title=\"Ir a Estudios.\" href=\"https:\/\/www.esmuc.cat\/es\/estudios\/\" class=\"post post-page\" ><span property=\"name\">Estudios<\/span><\/a><meta property=\"position\" content=\"2\"><\/span> &gt; <span property=\"itemListElement\" typeof=\"ListItem\"><a property=\"item\" typeof=\"WebPage\" title=\"Ir a Grado.\" href=\"https:\/\/www.esmuc.cat\/es\/estudios\/grau\/\" class=\"post post-page\" ><span property=\"name\">Grado<\/span><\/a><meta property=\"position\" content=\"3\"><\/span> &gt; <span property=\"itemListElement\" typeof=\"ListItem\"><a property=\"item\" typeof=\"WebPage\" title=\"Ir a Acceso y Admisi\u00f3n.\" href=\"https:\/\/www.esmuc.cat\/es\/estudios\/grau\/acces-i-admissio\/\" class=\"post post-page\" ><span property=\"name\">Acceso y Admisi\u00f3n<\/span><\/a><meta property=\"position\" content=\"4\"><\/span> &gt; <span property=\"itemListElement\" typeof=\"ListItem\"><span property=\"name\" class=\"post post-page current-item\">Pruebas de acceso<\/span><meta property=\"url\" content=\"https:\/\/www.esmuc.cat\/es\/estudios\/grau\/acces-i-admissio\/proves-dacces\/\"><meta property=\"position\" content=\"5\"><\/span><\/div>\n\n\n\n<h1 class=\"wp-block-heading\">Pruebas de acceso<\/h1>\n\n\n\n<div style=\"height:10px\" aria-hidden=\"true\" class=\"wp-block-spacer\"><\/div>\n\n\n<figure class=\"wp-block-post-featured-image\"><img decoding=\"async\" width=\"1280\" height=\"720\" src=\"https:\/\/www.esmuc.cat\/wp-content\/uploads\/2021\/12\/Simulacre-proves-acces.jpg\" class=\"attachment-post-thumbnail size-post-thumbnail wp-post-image\" alt=\"Simulacre-proves-acces\" style=\"object-fit:cover;\" title=\"Simulacre-proves-acces\" \/><\/figure>\n\n\n<div style=\"height:10px\" aria-hidden=\"true\" class=\"wp-block-spacer\"><\/div>\n\n\n\n<div style=\"height:16px\" aria-hidden=\"true\" class=\"wp-block-spacer\"><\/div>\n\n\n\n<div id=\"section-gaa93c6\" class=\"wp-block-gutentor-e0 section-gaa93c6 gutentor-element gutentor-element-advanced-text\"><div class=\"gutentor-text-wrap\"><p class=\"gutentor-text\">Las pruebas de acceso est\u00e1n reguladas por la Resoluci\u00f3n EDF\/368\/2025, de 7 de febrero, y su modificaci\u00f3n EDF\/670\/2025, de 28 de febrero, y constan de dos partes. La <strong>parte A<\/strong> se eval\u00faa con <em>Apto<\/em> o <em>No Apto<\/em>. La <strong>parte B<\/strong> establece el 100% de la calificaci\u00f3n final y determina el orden en el que se sit\u00faan los aspirantes para cada especialidad. Cada aspirante puede presentarse hasta a <strong>dos opciones<\/strong> de <a href=\"https:\/\/www.esmuc.cat\/es\/estudios\/grau\/\">especialidad<\/a>, \u00e1mbito o modalidad. En el caso de que una especialidad no sea interpretativa y la otra sea de interpretaci\u00f3n o pedagog\u00eda, el aspirante debe realizar todas las pruebas de la parte A establecidas para ambas especialidades.<br><a href=\"https:\/\/www.esmuc.cat\/es\/convocatoria-de-pruebas-de-acceso-2023-2024\/\"><\/a><\/p><\/div><\/div>\n\n\n\n<div style=\"height:10px\" aria-hidden=\"true\" class=\"wp-block-spacer\"><\/div>\n\n\n\n<div id=\"section-gf8b730\" class=\"wp-block-gutentor-e2 section-gf8b730 gutentor-element gutentor-element-button\"><span class=\"gutentor-button-wrap\"><a class=\"gutentor-button gutentor-block-button gutentor-icon-hide\" href=\"https:\/\/www.esmuc.cat\/wp-content\/uploads\/2026\/03\/Esquema-PDA.pdf\"><i class=\"gutentor-button-icon fas fa-book\"><\/i><span>Esquema de las pruebas de acceso<\/span><\/a><\/span><\/div>\n\n\n\n<div id=\"section-gbb89eb\" class=\"wp-block-gutentor-e2 section-gbb89eb gutentor-element gutentor-element-button\"><span class=\"gutentor-button-wrap\"><a class=\"gutentor-button gutentor-block-button gutentor-icon-hide\" href=\"https:\/\/www.esmuc.cat\/es\/estudios\/grau\/acces-i-admissio\/proves-dacces\/convocatoria-pruebas-de-acceso-2025-2026\/\"><i class=\"gutentor-button-icon fas fa-book\"><\/i><span>Convocatoria pruebas de acceso curso 2026-2027<\/span><\/a><\/span><\/div>\n\n\n\n<div id=\"section-g20e1e4\" class=\"wp-block-gutentor-e2 section-g20e1e4 gutentor-element gutentor-element-button\"><span class=\"gutentor-button-wrap\"><a class=\"gutentor-button gutentor-block-button gutentor-icon-hide\" href=\"https:\/\/www.esmuc.cat\/estudis\/grau\/acces-i-admissio\/proves-dacces\/septiembre\/\"><i class=\"gutentor-button-icon fas fa-book\"><\/i><span>Convocatoria pruebas de acceso curso 2025-2026 (septiembre)<\/span><\/a><\/span><\/div>\n\n\n\n<div style=\"height:25px\" aria-hidden=\"true\" class=\"wp-block-spacer\"><\/div>\n\n\n\n<h4 class=\"wp-block-heading\">Parte A<\/h4>\n\n\n\n<div style=\"height:13px\" aria-hidden=\"true\" class=\"wp-block-spacer\"><\/div>\n\n\n\n<div id=\"section-gf7b668\" class=\"wp-block-gutentor-e0 section-gf7b668 gutentor-element gutentor-element-advanced-text\"><div class=\"gutentor-text-wrap\"><p class=\"gutentor-text\">La parte A valora las competencias de las personas aspirantes as\u00ed como los conocimientos y habilidades b\u00e1sicas para cursar sus estudios superiores.<\/p><\/div><\/div>\n\n\n\n<section id=\"762d00\" class=\"section-762d00 gutentor-module gutentor-module-accordion\"><div class=\"grid-container\">\n<div id=\"48d8d5\" class=\"wp-block-gutentor-m6-item section-48d8d5 gutentor-module gutentor-module-accordion-item\"><div class=\"gutentor-module-accordion-panel g-a-panel-762d00\"><div class=\"gm-ah-762d00 gutentor-module-accordion-item-heading gutentor-module-icon-position-right\"><span class=\"gutentor-module-accordion-panel-handler\" role=\"button\"><span class=\"gutentor-module-accordion-panel-handler-label\">Aspirantes sin el t\u00edtulo de Grado Profesional: prueba completa<\/span><span class=\"gutentor-module-accordion-icon\"><i class=\"gm-aio-762d00 gutentor-module-accordion-icon-open fas fa-plus\"><\/i><i class=\"gm-aic-762d00 gutentor-module-accordion-icon-close fas fa-minus\"><\/i><\/span><\/span><\/div><div class=\"gm-ab-762d00 gutentor-module-accordion-body\">\n<p><strong>ESPECIALIDADES DE INTERPRETACI\u00d3N Y PEDAGOG\u00cdA<\/strong><\/p>\n\n\n\n<p><strong>1. Bloque de reconocimiento auditivo<\/strong><\/p>\n\n\n\n<p>\u2013 ejercicio A1, transcripci\u00f3n r\u00edtmico-mel\u00f3dica<br>\u2013 ejercicio A2, transcripci\u00f3n de un fragmento polif\u00f3nico a 4 voces<br>\u2013 ejercicio A3, an\u00e1lisis auditivo de un fragmento musical<\/p>\n\n\n\n<p><strong>2. Bloque de an\u00e1lisis musical<\/strong><\/p>\n\n\n\n<div id=\"section-ga5f0db\" class=\"wp-block-gutentor-e0 section-ga5f0db gutentor-element gutentor-element-advanced-text\"><div class=\"gutentor-text-wrap\"><p class=\"gutentor-text\">\u2013 ejercicio A4, an\u00e1lisis de la partitura de un fragmento musical<\/p><\/div><\/div>\n\n\n\n<p><\/p>\n\n\n\n<p><strong>ESPECIALIDADES DE COMPOSICI\u00d3N, DIRECCI\u00d3N, MUSICOLOG\u00cdA, PRODUCCI\u00d3N Y GESTI\u00d3N, Y SONOLOG\u00cdA<\/strong><\/p>\n\n\n\n<p><strong>1. Bloque de reconocimiento auditivo<\/strong><\/p>\n\n\n\n<div id=\"section-g1e9ef0\" class=\"wp-block-gutentor-e0 section-g1e9ef0 gutentor-element gutentor-element-advanced-text\"><div class=\"gutentor-text-wrap\"><p class=\"gutentor-text\">\u2013 ejercicio A1, transcripci\u00f3n r\u00edtmico-mel\u00f3dica,<br>\u2013 ejercicio A2, transcripci\u00f3n de un fragmento polif\u00f3nico a 4 voces<br>\u2013 ejercicio A3, an\u00e1lisis auditivo de un fragmento musical<br><br><strong>2. Bloque de an\u00e1lisis musical<\/strong><\/p><\/div><\/div>\n\n\n\n<div id=\"section-g1aeea1\" class=\"wp-block-gutentor-e0 section-g1aeea1 gutentor-element gutentor-element-advanced-text\"><div class=\"gutentor-text-wrap\"><p class=\"gutentor-text\">\u2013 ejercicio A4, an\u00e1lisis de la partitura de un fragmento musical<br><br><strong>3. Bloque de interpretaci\u00f3n instrumental<\/strong><br><br>\u2013 ejercicio A5, interpretaci\u00f3n con el instrumento (se debe preparar un repertorio libre, de un m\u00ednimo de 4 piezas y de 30 minutos de duraci\u00f3n)<\/p><\/div><\/div>\n<\/div><\/div><\/div>\n\n\n\n<div id=\"c6ec0c\" class=\"wp-block-gutentor-m6-item section-c6ec0c gutentor-module gutentor-module-accordion-item\"><div class=\"gutentor-module-accordion-panel g-a-panel-762d00\"><div class=\"gm-ah-762d00 gutentor-module-accordion-item-heading gutentor-module-icon-position-right\"><span class=\"gutentor-module-accordion-panel-handler\" role=\"button\"><span class=\"gutentor-module-accordion-panel-handler-label\">Aspirantes con el t\u00edtulo de Grado Profesional: para cualquier especialidad, prueba abreviada<\/span><span class=\"gutentor-module-accordion-icon\"><i class=\"gm-aio-762d00 gutentor-module-accordion-icon-open fas fa-plus\"><\/i><i class=\"gm-aic-762d00 gutentor-module-accordion-icon-close fas fa-minus\"><\/i><\/span><\/span><\/div><div class=\"gm-ab-762d00 gutentor-module-accordion-body\">\n<div id=\"section-gbf3d14\" class=\"wp-block-gutentor-e0 section-gbf3d14 gutentor-element gutentor-element-advanced-text\"><div class=\"gutentor-text-wrap\"><p class=\"gutentor-text\">Un ejercicio de reconocimiento auditivo a dos voces y un an\u00e1lisis musical.<\/p><\/div><\/div>\n<\/div><\/div><\/div>\n<\/div><\/section>\n\n\n\n<div id=\"section-g9b9a1d\" class=\"wp-block-gutentor-e7 section-g9b9a1d gutentor-element gutentor-element-list\"><ul class=\"grid-row gutentor-grid-item-wrap list-indicator-icon\"><li class=\"gutentor-list-item grid-lg-12 grid-md-12 grid-12\"><span class=\"gutentor-single-item gutentor-single-item-0\"><span class=\"gutentor-list-item-wrap g-s-list-wrap\"><span class=\"gutentor-single-list-item-icon\"><i class=\"list-item-icon fas fa-pencil-alt\"><\/i><\/span><span class=\"gutentor-list-item\"><p class=\"gutentor-single-item-title\"><a href=\"https:\/\/www.esmuc.cat\/es\/estudios\/grau\/acces-i-admissio\/proves-dacces\/models-dexercicis-de-la-part-a\/\">Modelos de ejercicios de la Parte A<\/a><\/p><\/span><\/span><\/span><\/li><\/ul><\/div>\n\n\n\n<section id=\"gmbe72a5c\" class=\"wp-block-gutentor-m3 section-gmbe72a5c gutentor-module gutentor-container-cover has-color-bg has-custom-bg\"><div class=\"grid-container\">\n<div id=\"section-g8ba318\" class=\"wp-block-gutentor-e0 section-g8ba318 gutentor-element gutentor-element-advanced-text text-align-center-desktop text-align-center-tablet text-align-center-mobile\"><div class=\"gutentor-text-wrap\"><p class=\"gutentor-text\"><strong>ATENCI\u00d3N<\/strong><br>Para la realizaci\u00f3n de estos ejercicios es imprescindible utilizar auriculares propios y un dispositivo m\u00f3vil con la bater\u00eda completamente cargada que pueda conectarse al Wi-Fi de la Escuela.<\/p><\/div><\/div>\n<\/div><\/section>\n\n\n\n<div style=\"height:22px\" aria-hidden=\"true\" class=\"wp-block-spacer\"><\/div>\n\n\n\n<h4 class=\"wp-block-heading\">Parte B<\/h4>\n\n\n\n<div id=\"section-g399c1f\" class=\"wp-block-gutentor-e0 section-g399c1f gutentor-element gutentor-element-advanced-text\"><div class=\"gutentor-text-wrap\"><p class=\"gutentor-text\">La parte B es espec\u00edfica para cada especialidad y <strong>es necesario haber superado la parte A<\/strong> para realizarla. Sirve para valorar las competencias y capacidades de las personas aspirantes para cursar las respectivas especialidades. Contiene un n\u00famero variable de ejercicios, seg\u00fan cada especialidad, con un m\u00ednimo de dos:<\/p><\/div><\/div>\n\n\n\n<div id=\"section-ge47278\" class=\"wp-block-gutentor-e7 section-ge47278 gutentor-element gutentor-element-list\"><ul class=\"grid-row gutentor-grid-item-wrap list-indicator-icon\"><li class=\"gutentor-list-item grid-lg-12 grid-md-12 grid-12\"><span class=\"gutentor-single-item gutentor-single-item-0\"><span class=\"gutentor-list-item-wrap g-s-list-wrap\"><span class=\"gutentor-single-list-item-icon\"><i class=\"list-item-icon fas fa-angle-right\"><\/i><\/span><span class=\"gutentor-list-item\"><p class=\"gutentor-single-item-title\"><a href=\"https:\/\/www.esmuc.cat\/es\/estudios\/grau\/acces-i-admissio\/proves-dacces\/exercicis-part-b-interpretacio\/\">Interpretaci\u00f3n<\/a><\/p><\/span><\/span><\/span><\/li><li class=\"gutentor-list-item grid-lg-12 grid-md-12 grid-12\"><span class=\"gutentor-single-item gutentor-single-item-1\"><span class=\"gutentor-list-item-wrap g-s-list-wrap\"><span class=\"gutentor-single-list-item-icon\"><i class=\"list-item-icon fas fa-angle-right\"><\/i><\/span><span class=\"gutentor-list-item\"><p class=\"gutentor-single-item-title\"><a href=\"https:\/\/www.esmuc.cat\/es\/estudios\/grau\/acces-i-admissio\/proves-dacces\/exercicis-part-b-composicio\/\">Composici\u00f3n<\/a><\/p><\/span><\/span><\/span><\/li><li class=\"gutentor-list-item grid-lg-12 grid-md-12 grid-12\"><span class=\"gutentor-single-item gutentor-single-item-2\"><span class=\"gutentor-list-item-wrap g-s-list-wrap\"><span class=\"gutentor-single-list-item-icon\"><i class=\"list-item-icon fas fa-angle-right\"><\/i><\/span><span class=\"gutentor-list-item\"><p class=\"gutentor-single-item-title\"><a href=\"https:\/\/www.esmuc.cat\/es\/estudios\/grau\/acces-i-admissio\/proves-dacces\/exercicis-part-b-direccio\/\">Direcci\u00f3n<\/a><\/p><\/span><\/span><\/span><\/li><li class=\"gutentor-list-item grid-lg-12 grid-md-12 grid-12\"><span class=\"gutentor-single-item gutentor-single-item-3\"><span class=\"gutentor-list-item-wrap g-s-list-wrap\"><span class=\"gutentor-single-list-item-icon\"><i class=\"list-item-icon fas fa-angle-right\"><\/i><\/span><span class=\"gutentor-list-item\"><p class=\"gutentor-single-item-title\"><a href=\"https:\/\/www.esmuc.cat\/es\/estudios\/grau\/acces-i-admissio\/proves-dacces\/exercicis-part-b-musicologia\/\">Musicolog\u00eda<\/a><\/p><\/span><\/span><\/span><\/li><li class=\"gutentor-list-item grid-lg-12 grid-md-12 grid-12\"><span class=\"gutentor-single-item gutentor-single-item-4\"><span class=\"gutentor-list-item-wrap g-s-list-wrap\"><span class=\"gutentor-single-list-item-icon\"><i class=\"list-item-icon fas fa-angle-right\"><\/i><\/span><span class=\"gutentor-list-item\"><p class=\"gutentor-single-item-title\"><a href=\"https:\/\/www.esmuc.cat\/es\/estudios\/grau\/acces-i-admissio\/proves-dacces\/exercicis-part-b-pedagogia\/\">Pedagog\u00eda<\/a><\/p><\/span><\/span><\/span><\/li><li class=\"gutentor-list-item grid-lg-12 grid-md-12 grid-12\"><span class=\"gutentor-single-item gutentor-single-item-5\"><span class=\"gutentor-list-item-wrap g-s-list-wrap\"><span class=\"gutentor-single-list-item-icon\"><i class=\"list-item-icon fas fa-angle-right\"><\/i><\/span><span class=\"gutentor-list-item\"><p class=\"gutentor-single-item-title\"><a href=\"https:\/\/www.esmuc.cat\/es\/estudios\/grau\/acces-i-admissio\/proves-dacces\/exercicis-part-b-produccio-i-gestio\/\">Producci\u00f3n y Gesti\u00f3n<\/a><\/p><\/span><\/span><\/span><\/li><li class=\"gutentor-list-item grid-lg-12 grid-md-12 grid-12\"><span class=\"gutentor-single-item gutentor-single-item-6\"><span class=\"gutentor-list-item-wrap g-s-list-wrap\"><span class=\"gutentor-single-list-item-icon\"><i class=\"list-item-icon fas fa-angle-right\"><\/i><\/span><span class=\"gutentor-list-item\"><p class=\"gutentor-single-item-title\"><a href=\"https:\/\/www.esmuc.cat\/es\/estudios\/grau\/acces-i-admissio\/proves-dacces\/exercicis-part-b-sonologia\/\">Sonolog\u00eda<\/a><\/p><\/span><\/span><\/span><\/li><\/ul><\/div>\n\n\n\n<div id=\"section-ga43684\" class=\"wp-block-gutentor-e7 section-ga43684 gutentor-element gutentor-element-list\"><ul class=\"grid-row gutentor-grid-item-wrap list-indicator-icon\"><li class=\"gutentor-list-item grid-lg-12 grid-md-12 grid-12\"><span class=\"gutentor-single-item gutentor-single-item-0\"><span class=\"gutentor-list-item-wrap g-s-list-wrap\"><span class=\"gutentor-single-list-item-icon\"><i class=\"list-item-icon fas fa-arrow-right\"><\/i><\/span><span class=\"gutentor-list-item\"><p class=\"gutentor-single-item-title\"><a href=\"https:\/\/www.esmuc.cat\/es\/estudios\/grau\/acces-i-admissio\/proves-dacces\/models-dexercicis-de-la-part-b\/\">Modelos de ejercicios de la Parte B<\/a><\/p><\/span><\/span><\/span><\/li><\/ul><\/div>\n\n\n\n<hr class=\"wp-block-separator has-alpha-channel-opacity\"\/>\n\n\n\n<div id=\"section-gd1e7ff\" class=\"wp-block-gutentor-e7 section-gd1e7ff gutentor-element gutentor-element-list\"><ul class=\"grid-row gutentor-grid-item-wrap list-indicator-icon\"><li class=\"gutentor-list-item grid-lg-12 grid-md-12 grid-12\"><span class=\"gutentor-single-item gutentor-single-item-0\"><span class=\"gutentor-list-item-wrap g-s-list-wrap\"><span class=\"gutentor-single-list-item-icon\"><i class=\"list-item-icon fas fa-envelope\"><\/i><\/span><span class=\"gutentor-list-item\"><p class=\"gutentor-single-item-title\">Para resolver cualquier duda pod\u00e9is contactar con <em>secretaria.academica@esmuc.cat<\/em><\/p><\/span><\/span><\/span><\/li><\/ul><\/div>\n<\/div>\n<\/div>\n","protected":false},"excerpt":{"rendered":"<p>Pruebas de acceso Parte A Parte B<\/p>\n","protected":false},"author":4,"featured_media":25103,"parent":31434,"menu_order":0,"comment_status":"closed","ping_status":"closed","template":"","meta":{"_acf_changed":false,"_themeisle_gutenberg_block_has_review":false,"footnotes":""},"categories":[1133],"tags":[1197,1517],"class_list":["post-30785","page","type-page","status-publish","has-post-thumbnail","hentry","category-grau-es","tag-acces","tag-proves-es"],"acf":[],"publishpress_future_action":{"enabled":false,"date":"2026-04-15 11:54:22","action":"change-status","newStatus":"draft","terms":[],"taxonomy":"category","extraData":[]},"publishpress_future_workflow_manual_trigger":{"enabledWorkflows":[]},"_links":{"self":[{"href":"https:\/\/www.esmuc.cat\/es\/wp-json\/wp\/v2\/pages\/30785","targetHints":{"allow":["GET"]}}],"collection":[{"href":"https:\/\/www.esmuc.cat\/es\/wp-json\/wp\/v2\/pages"}],"about":[{"href":"https:\/\/www.esmuc.cat\/es\/wp-json\/wp\/v2\/types\/page"}],"author":[{"embeddable":true,"href":"https:\/\/www.esmuc.cat\/es\/wp-json\/wp\/v2\/users\/4"}],"replies":[{"embeddable":true,"href":"https:\/\/www.esmuc.cat\/es\/wp-json\/wp\/v2\/comments?post=30785"}],"version-history":[{"count":128,"href":"https:\/\/www.esmuc.cat\/es\/wp-json\/wp\/v2\/pages\/30785\/revisions"}],"predecessor-version":[{"id":117806,"href":"https:\/\/www.esmuc.cat\/es\/wp-json\/wp\/v2\/pages\/30785\/revisions\/117806"}],"up":[{"embeddable":true,"href":"https:\/\/www.esmuc.cat\/es\/wp-json\/wp\/v2\/pages\/31434"}],"wp:featuredmedia":[{"embeddable":true,"href":"https:\/\/www.esmuc.cat\/es\/wp-json\/wp\/v2\/media\/25103"}],"wp:attachment":[{"href":"https:\/\/www.esmuc.cat\/es\/wp-json\/wp\/v2\/media?parent=30785"}],"wp:term":[{"taxonomy":"category","embeddable":true,"href":"https:\/\/www.esmuc.cat\/es\/wp-json\/wp\/v2\/categories?post=30785"},{"taxonomy":"post_tag","embeddable":true,"href":"https:\/\/www.esmuc.cat\/es\/wp-json\/wp\/v2\/tags?post=30785"}],"curies":[{"name":"wp","href":"https:\/\/api.w.org\/{rel}","templated":true}]}}