{"id":28582,"date":"2021-07-16T10:13:17","date_gmt":"2021-07-16T08:13:17","guid":{"rendered":"https:\/\/www.esmuc.cat\/masters-i-postgraus\/suport-a-lestudi\/pla-daccio-tutorial\/"},"modified":"2022-09-09T10:33:01","modified_gmt":"2022-09-09T08:33:01","slug":"pla-daccio-tutorial","status":"publish","type":"page","link":"https:\/\/www.esmuc.cat\/es\/estudios\/masters-i-postgraus\/pla-daccio-tutorial\/","title":{"rendered":"Plan de acci\u00f3n tutorial"},"content":{"rendered":"\n<div class=\"wp-block-columns is-layout-flex wp-container-core-columns-is-layout-9d6595d7 wp-block-columns-is-layout-flex\">\n<div class=\"wp-block-column esmuc__Menu_Masters is-layout-flow wp-block-column-is-layout-flow\" style=\"flex-basis:33.33%\">\n\n<\/div>\n\n\n\n<div class=\"wp-block-column is-layout-flow wp-block-column-is-layout-flow\" style=\"flex-basis:66.66%\"><div class=\"breadcrumbs align  wp-block-bcn-breadcrumb-trail has-text-color has-background\" vocab=\"https:\/\/schema.org\/\" typeof=\"BreadcrumbList\">\n\t<span><\/span>\n\t<span property=\"itemListElement\" typeof=\"ListItem\"><a property=\"item\" typeof=\"WebPage\" title=\"Ir a ESMUC.\" href=\"https:\/\/www.esmuc.cat\/es\/\" class=\"home\" ><span property=\"name\">ESMUC<\/span><\/a><meta property=\"position\" content=\"1\"><\/span> &gt; <span property=\"itemListElement\" typeof=\"ListItem\"><a property=\"item\" typeof=\"WebPage\" title=\"Ir a Estudios.\" href=\"https:\/\/www.esmuc.cat\/es\/estudios\/\" class=\"post post-page\" ><span property=\"name\">Estudios<\/span><\/a><meta property=\"position\" content=\"2\"><\/span> &gt; <span property=\"itemListElement\" typeof=\"ListItem\"><a property=\"item\" typeof=\"WebPage\" title=\"Ir a M\u00e1steres y posgrados.\" href=\"https:\/\/www.esmuc.cat\/es\/estudios\/masters-i-postgraus\/\" class=\"post post-page\" ><span property=\"name\">M\u00e1steres y posgrados<\/span><\/a><meta property=\"position\" content=\"3\"><\/span> &gt; <span property=\"itemListElement\" typeof=\"ListItem\"><span property=\"name\" class=\"post post-page current-item\">Plan de acci\u00f3n tutorial<\/span><meta property=\"url\" content=\"https:\/\/www.esmuc.cat\/es\/estudios\/masters-i-postgraus\/pla-daccio-tutorial\/\"><meta property=\"position\" content=\"4\"><\/span><\/div>\n\n\n\n<h1 class=\"wp-block-heading\" id=\"plan-de-accion-tutorial\">Plan de acci\u00f3n tutorial<\/h1>\n\n\n\n<div id=\"section-ga1a974\" class=\"wp-block-gutentor-e0 section-ga1a974 gutentor-element gutentor-element-advanced-text\"><div class=\"gutentor-text-wrap\"><p class=\"gutentor-text\">Cuando el estudiante llega a la ESMUC, desde la coordinaci\u00f3n del m\u00e1ster se le asigna un tutor. En el caso de los masters de interpretaci\u00f3n, el tutor normalmente es el profesor de instrumento principal. En otros casos, el coordinador\/a del m\u00e1ster es la persona que tutoriza al estudiante del m\u00e1ster en cuesti\u00f3n.<\/p><\/div><\/div>\n\n\n\n<div id=\"section-ge933a4\" class=\"wp-block-gutentor-e0 section-ge933a4 gutentor-element gutentor-element-advanced-text\"><div class=\"gutentor-text-wrap\"><p class=\"gutentor-text\">Durante la primera semana en la escuela, el estudiante de los m\u00e1steres tiene una reuni\u00f3n inicial con el tutor para acabar de cerrar el calendario de clases individuales de instrumento y de la materia <em>Pr\u00e1ctica Interpretativa de Conjunto<\/em> con el profesorado, y para escoger las asignaturas optativas de acuerdo al perfil e inter\u00e9s profesional futuro de cada estudiante.<\/p><\/div><\/div>\n\n\n\n<div id=\"section-g390eae\" class=\"wp-block-gutentor-e0 section-g390eae gutentor-element gutentor-element-advanced-text\"><div class=\"gutentor-text-wrap\"><p class=\"gutentor-text\">Estudiante y tutor se re\u00fanen peri\u00f3dicamente para realizar un seguimiento del progreso acad\u00e9mico, as\u00ed como para ir perfilando la tem\u00e1tica del TFM y el repertorio del concierto final en el caso de los m\u00e1sters art\u00edsticos de interpretaci\u00f3n.<\/p><\/div><\/div>\n<\/div>\n<\/div>\n","protected":false},"excerpt":{"rendered":"<p>Plan de acci\u00f3n tutorial<\/p>\n","protected":false},"author":4,"featured_media":0,"parent":28457,"menu_order":0,"comment_status":"closed","ping_status":"closed","template":"","meta":{"_acf_changed":false,"_themeisle_gutenberg_block_has_review":false,"footnotes":""},"categories":[1112],"tags":[],"class_list":["post-28582","page","type-page","status-publish","hentry","category-masters-es"],"acf":[],"publishpress_future_action":{"enabled":false,"date":"2026-04-16 00:14:14","action":"change-status","newStatus":"draft","terms":[],"taxonomy":"category","extraData":[]},"publishpress_future_workflow_manual_trigger":{"enabledWorkflows":[]},"_links":{"self":[{"href":"https:\/\/www.esmuc.cat\/es\/wp-json\/wp\/v2\/pages\/28582","targetHints":{"allow":["GET"]}}],"collection":[{"href":"https:\/\/www.esmuc.cat\/es\/wp-json\/wp\/v2\/pages"}],"about":[{"href":"https:\/\/www.esmuc.cat\/es\/wp-json\/wp\/v2\/types\/page"}],"author":[{"embeddable":true,"href":"https:\/\/www.esmuc.cat\/es\/wp-json\/wp\/v2\/users\/4"}],"replies":[{"embeddable":true,"href":"https:\/\/www.esmuc.cat\/es\/wp-json\/wp\/v2\/comments?post=28582"}],"version-history":[{"count":2,"href":"https:\/\/www.esmuc.cat\/es\/wp-json\/wp\/v2\/pages\/28582\/revisions"}],"predecessor-version":[{"id":58724,"href":"https:\/\/www.esmuc.cat\/es\/wp-json\/wp\/v2\/pages\/28582\/revisions\/58724"}],"up":[{"embeddable":true,"href":"https:\/\/www.esmuc.cat\/es\/wp-json\/wp\/v2\/pages\/28457"}],"wp:attachment":[{"href":"https:\/\/www.esmuc.cat\/es\/wp-json\/wp\/v2\/media?parent=28582"}],"wp:term":[{"taxonomy":"category","embeddable":true,"href":"https:\/\/www.esmuc.cat\/es\/wp-json\/wp\/v2\/categories?post=28582"},{"taxonomy":"post_tag","embeddable":true,"href":"https:\/\/www.esmuc.cat\/es\/wp-json\/wp\/v2\/tags?post=28582"}],"curies":[{"name":"wp","href":"https:\/\/api.w.org\/{rel}","templated":true}]}}