{"id":28478,"date":"2021-07-15T09:15:36","date_gmt":"2021-07-15T07:15:36","guid":{"rendered":"https:\/\/www.esmuc.cat\/masters-i-postgraus\/requisits\/"},"modified":"2023-03-13T17:18:43","modified_gmt":"2023-03-13T16:18:43","slug":"requisitos","status":"publish","type":"page","link":"https:\/\/www.esmuc.cat\/es\/estudios\/masters-i-postgraus\/requisitos\/","title":{"rendered":"Requisitos"},"content":{"rendered":"\n<div class=\"wp-block-columns is-layout-flex wp-container-core-columns-is-layout-9d6595d7 wp-block-columns-is-layout-flex\">\n<div class=\"wp-block-column esmuc__Menu_Masters is-layout-flow wp-block-column-is-layout-flow\" style=\"flex-basis:33.33%\">\n\n<\/div>\n\n\n\n<div class=\"wp-block-column is-layout-flow wp-block-column-is-layout-flow\" style=\"flex-basis:66.66%\"><div class=\"breadcrumbs align  wp-block-bcn-breadcrumb-trail has-text-color has-background\" vocab=\"https:\/\/schema.org\/\" typeof=\"BreadcrumbList\">\n\t<span><\/span>\n\t<span property=\"itemListElement\" typeof=\"ListItem\"><a property=\"item\" typeof=\"WebPage\" title=\"Ir a ESMUC.\" href=\"https:\/\/www.esmuc.cat\/es\/\" class=\"home\" ><span property=\"name\">ESMUC<\/span><\/a><meta property=\"position\" content=\"1\"><\/span> &gt; <span property=\"itemListElement\" typeof=\"ListItem\"><a property=\"item\" typeof=\"WebPage\" title=\"Ir a Estudios.\" href=\"https:\/\/www.esmuc.cat\/es\/estudios\/\" class=\"post post-page\" ><span property=\"name\">Estudios<\/span><\/a><meta property=\"position\" content=\"2\"><\/span> &gt; <span property=\"itemListElement\" typeof=\"ListItem\"><a property=\"item\" typeof=\"WebPage\" title=\"Ir a M\u00e1steres y posgrados.\" href=\"https:\/\/www.esmuc.cat\/es\/estudios\/masters-i-postgraus\/\" class=\"post post-page\" ><span property=\"name\">M\u00e1steres y posgrados<\/span><\/a><meta property=\"position\" content=\"3\"><\/span> &gt; <span property=\"itemListElement\" typeof=\"ListItem\"><span property=\"name\" class=\"post post-page current-item\">Requisitos<\/span><meta property=\"url\" content=\"https:\/\/www.esmuc.cat\/es\/estudios\/masters-i-postgraus\/requisitos\/\"><meta property=\"position\" content=\"4\"><\/span><\/div>\n\n\n\n<h1 class=\"wp-block-heading\" id=\"requisitos\">Requisitos<\/h1>\n\n\n\n<div id=\"section-g8a7b38\" class=\"wp-block-gutentor-e0 section-g8a7b38 gutentor-element gutentor-element-advanced-text\"><div class=\"gutentor-text-wrap\"><p class=\"gutentor-text\">Las condiciones de acceso para matricularse en los m\u00e1steres oficiales y art\u00edsticos est\u00e1n recogidas en el <a href=\"https:\/\/www.boe.es\/boe_catalan\/dias\/2007\/10\/31\/pdfs\/A04349-04360.pdf\">Art\u00edculo 16 del Real Decreto 1393\/2007<\/a>, de 29 de octubre, y en el <a href=\"https:\/\/www.boe.es\/boe_catalan\/dias\/2009\/10\/27\/pdfs\/BOE-A-2009-17005-C.pdf\">Art\u00edculo 15 del Real Decreto 1614\/2009<\/a>, de 26 de octubre, respectivamente.&nbsp;<\/p><\/div><\/div>\n\n\n\n<div id=\"section-g22763c\" class=\"wp-block-gutentor-e0 section-g22763c gutentor-element gutentor-element-advanced-text\"><div class=\"gutentor-text-wrap\"><p class=\"gutentor-text\">Para acceder, es necesario tener uno de los siguientes t\u00edtulos:<\/p><\/div><\/div>\n\n\n\n<div id=\"section-gc8a30f\" class=\"wp-block-gutentor-e7 section-gc8a30f gutentor-element gutentor-element-list\"><ul class=\"grid-row gutentor-grid-item-wrap list-indicator-icon\"><li class=\"gutentor-list-item grid-lg-12 grid-md-12 grid-12\"><span class=\"gutentor-single-item gutentor-single-item-0\"><span class=\"gutentor-list-item-wrap g-s-list-wrap\"><span class=\"gutentor-single-list-item-icon\"><i class=\"list-item-icon fas fa-angle-right\"><\/i><\/span><span class=\"gutentor-list-item\"><p class=\"gutentor-single-item-title\">T\u00edtulo Superior oficial de estudios art\u00edsticos espa\u00f1ol.<\/p><\/span><\/span><\/span><\/li><li class=\"gutentor-list-item grid-lg-12 grid-md-12 grid-12\"><span class=\"gutentor-single-item gutentor-single-item-1\"><span class=\"gutentor-list-item-wrap g-s-list-wrap\"><span class=\"gutentor-single-list-item-icon\"><i class=\"list-item-icon fas fa-angle-right\"><\/i><\/span><span class=\"gutentor-list-item\"><p class=\"gutentor-single-item-title\">T\u00edtulo expedido por una instituci\u00f3n de educaci\u00f3n superior del EEES que faculte, en el pa\u00eds de expedici\u00f3n, para acceder a las ense\u00f1anzas de m\u00e1ster art\u00edstico\/oficial.<\/p><\/span><\/span><\/span><\/li><li class=\"gutentor-list-item grid-lg-12 grid-md-12 grid-12\"><span class=\"gutentor-single-item gutentor-single-item-2\"><span class=\"gutentor-list-item-wrap g-s-list-wrap\"><span class=\"gutentor-single-list-item-icon\"><i class=\"list-item-icon fas fa-angle-right\"><\/i><\/span><span class=\"gutentor-list-item\"><p class=\"gutentor-single-item-title\">T\u00edtulo ajeno al EEES. En este caso no es necesaria la homologaci\u00f3n del t\u00edtulo, pero ser\u00e1 necesaria la comprobaci\u00f3n previa de que el t\u00edtulo acredita un nivel de formaci\u00f3n equivalente. El acceso por esta v\u00eda no implica en ning\u00fan caso la homologaci\u00f3n del t\u00edtulo previo ni su reconocimiento a otros efectos.<\/p><\/span><\/span><\/span><\/li><\/ul><\/div>\n\n\n\n<div id=\"section-g6eba84\" class=\"wp-block-gutentor-e0 section-g6eba84 gutentor-element gutentor-element-advanced-text\"><div class=\"gutentor-text-wrap\"><p class=\"gutentor-text\">Para acceder al m\u00e1ster sin la homologaci\u00f3n previa es necesaria la siguiente documentaci\u00f3n:<\/p><\/div><\/div>\n\n\n\n<div id=\"section-g6b58e0\" class=\"wp-block-gutentor-e7 section-g6b58e0 gutentor-element gutentor-element-list\"><ul class=\"grid-row gutentor-grid-item-wrap list-indicator-icon\"><li class=\"gutentor-list-item grid-lg-12 grid-md-12 grid-12\"><span class=\"gutentor-single-item gutentor-single-item-0\"><span class=\"gutentor-list-item-wrap g-s-list-wrap\"><span class=\"gutentor-single-list-item-icon\"><i class=\"list-item-icon fas fa-angle-right\"><\/i><\/span><span class=\"gutentor-list-item\"><p class=\"gutentor-single-item-title\">Formulario de preinscripci\u00f3n debidamente cumplimentado.<\/p><\/span><\/span><\/span><\/li><li class=\"gutentor-list-item grid-lg-12 grid-md-12 grid-12\"><span class=\"gutentor-single-item gutentor-single-item-1\"><span class=\"gutentor-list-item-wrap g-s-list-wrap\"><span class=\"gutentor-single-list-item-icon\"><i class=\"list-item-icon fas fa-angle-right\"><\/i><\/span><span class=\"gutentor-list-item\"><p class=\"gutentor-single-item-title\">Copia compulsada* del t\u00edtulo de grado en m\u00fasica o equivalente, traducida y legalizada por la v\u00eda diplom\u00e1tica.<\/p><\/span><\/span><\/span><\/li><li class=\"gutentor-list-item grid-lg-12 grid-md-12 grid-12\"><span class=\"gutentor-single-item gutentor-single-item-2\"><span class=\"gutentor-list-item-wrap g-s-list-wrap\"><span class=\"gutentor-single-list-item-icon\"><i class=\"list-item-icon fas fa-angle-right\"><\/i><\/span><span class=\"gutentor-list-item\"><p class=\"gutentor-single-item-title\">Copia compulsada* del certificado de las materias cursadas, traducida y legalizada por la v\u00eda diplom\u00e1tica.<\/p><\/span><\/span><\/span><\/li><\/ul><\/div>\n\n\n\n<div id=\"section-gdbb494\" class=\"wp-block-gutentor-e0 section-gdbb494 gutentor-element gutentor-element-advanced-text\"><div class=\"gutentor-text-wrap\"><p class=\"gutentor-text\">La coordinaci\u00f3n del master se encarga de llevar a cabo los tr\u00e1mites oportunos.<\/p><\/div><\/div>\n\n\n\n<section id=\"e499e6\" class=\"section-e499e6 gutentor-module gutentor-module-accordion\"><div class=\"grid-container\">\n<div id=\"0e4c5d\" class=\"wp-block-gutentor-m6-item section-0e4c5d gutentor-module gutentor-module-accordion-item\"><div class=\"gutentor-module-accordion-panel g-a-panel-e499e6\"><div class=\"gm-ah-e499e6 gutentor-module-accordion-item-heading gutentor-module-icon-position-right\"><span class=\"gutentor-module-accordion-panel-handler\" role=\"button\"><span class=\"gutentor-module-accordion-panel-handler-label\">Procedimientos<\/span><span class=\"gutentor-module-accordion-icon\"><i class=\"gm-aio-e499e6 gutentor-module-accordion-icon-open fas fa-plus\"><\/i><i class=\"gm-aic-e499e6 gutentor-module-accordion-icon-close fas fa-minus\"><\/i><\/span><\/span><\/div><div class=\"gm-ab-e499e6 gutentor-module-accordion-body\">\n<div id=\"section-g9b10cd\" class=\"wp-block-gutentor-e0 section-g9b10cd gutentor-element gutentor-element-advanced-text\"><div class=\"gutentor-text-wrap\"><p class=\"gutentor-text\">El Esmuc establece el procedimiento de admisi\u00f3n en cada uno de los m\u00e1steres. Este procedimiento incluye criterios espec\u00edficos y criterios de valoraci\u00f3n de m\u00e9ritos, adem\u00e1s de una formaci\u00f3n previa espec\u00edfica en determinados casos.<\/p><\/div><\/div>\n\n\n\n<div id=\"section-g3667f8\" class=\"wp-block-gutentor-e0 section-g3667f8 gutentor-element gutentor-element-advanced-text\"><div class=\"gutentor-text-wrap\"><p class=\"gutentor-text\">Los criterios de admisi\u00f3n espec\u00edficos de cada m\u00e1ster se detallan en la p\u00e1gina correspondiente.<\/p><\/div><\/div>\n<\/div><\/div><\/div>\n<\/div><\/section>\n\n\n\n<section id=\"gm38785ad\" class=\"wp-block-gutentor-m2 section-gm38785ad gutentor-module gutentor-dynamic-columns\"><div class=\"grid-container\"><div class=\"grid-row\">\n<div id=\"col-gmb300cd\" class=\"wp-block-gutentor-m2-col col-gmb300cd gutentor-module gutentor-dynamic-single-column grid-lg-12 grid-md-4 grid-12\"><div id=\"section-gmb300cd\" class=\"section-gmb300cd gutentor-single-col has-color-bg has-custom-bg\">\n<div id=\"section-gfb38e5\" class=\"wp-block-gutentor-e0 section-gfb38e5 gutentor-element gutentor-element-advanced-text\"><div class=\"gutentor-text-wrap\"><p class=\"gutentor-text\"><strong>* \u00bfQu\u00e9 es una copia compulsada?<\/strong><\/p><\/div><\/div>\n\n\n\n<div id=\"section-g051f3d\" class=\"wp-block-gutentor-e0 section-g051f3d gutentor-element gutentor-element-advanced-text\"><div class=\"gutentor-text-wrap\"><p class=\"gutentor-text\">Es la copia compulsada con el documento original, en la que se hace constar la coincidencia formales de ambos documentos mediante la diligencia correspondiente.<\/p><\/div><\/div>\n<\/div><\/div>\n<\/div><\/div><\/section>\n<\/div>\n<\/div>\n","protected":false},"excerpt":{"rendered":"<p>Requisitos<\/p>\n","protected":false},"author":4,"featured_media":0,"parent":28457,"menu_order":0,"comment_status":"closed","ping_status":"closed","template":"","meta":{"_acf_changed":false,"_themeisle_gutenberg_block_has_review":false,"footnotes":""},"categories":[1112],"tags":[],"class_list":["post-28478","page","type-page","status-publish","hentry","category-masters-es"],"acf":[],"publishpress_future_action":{"enabled":false,"date":"2026-04-21 09:42:38","action":"change-status","newStatus":"draft","terms":[],"taxonomy":"category","extraData":[]},"publishpress_future_workflow_manual_trigger":{"enabledWorkflows":[]},"_links":{"self":[{"href":"https:\/\/www.esmuc.cat\/es\/wp-json\/wp\/v2\/pages\/28478","targetHints":{"allow":["GET"]}}],"collection":[{"href":"https:\/\/www.esmuc.cat\/es\/wp-json\/wp\/v2\/pages"}],"about":[{"href":"https:\/\/www.esmuc.cat\/es\/wp-json\/wp\/v2\/types\/page"}],"author":[{"embeddable":true,"href":"https:\/\/www.esmuc.cat\/es\/wp-json\/wp\/v2\/users\/4"}],"replies":[{"embeddable":true,"href":"https:\/\/www.esmuc.cat\/es\/wp-json\/wp\/v2\/comments?post=28478"}],"version-history":[{"count":4,"href":"https:\/\/www.esmuc.cat\/es\/wp-json\/wp\/v2\/pages\/28478\/revisions"}],"predecessor-version":[{"id":76290,"href":"https:\/\/www.esmuc.cat\/es\/wp-json\/wp\/v2\/pages\/28478\/revisions\/76290"}],"up":[{"embeddable":true,"href":"https:\/\/www.esmuc.cat\/es\/wp-json\/wp\/v2\/pages\/28457"}],"wp:attachment":[{"href":"https:\/\/www.esmuc.cat\/es\/wp-json\/wp\/v2\/media?parent=28478"}],"wp:term":[{"taxonomy":"category","embeddable":true,"href":"https:\/\/www.esmuc.cat\/es\/wp-json\/wp\/v2\/categories?post=28478"},{"taxonomy":"post_tag","embeddable":true,"href":"https:\/\/www.esmuc.cat\/es\/wp-json\/wp\/v2\/tags?post=28478"}],"curies":[{"name":"wp","href":"https:\/\/api.w.org\/{rel}","templated":true}]}}