{"id":27017,"date":"2021-05-31T10:34:41","date_gmt":"2021-05-31T08:34:41","guid":{"rendered":"https:\/\/www.esmuc.cat\/sobre-lesmuc\/"},"modified":"2025-08-06T11:51:14","modified_gmt":"2025-08-06T09:51:14","slug":"sobre-lesmuc","status":"publish","type":"page","link":"https:\/\/www.esmuc.cat\/es\/escuela\/sobre-lesmuc\/","title":{"rendered":"Sobre la ESMUC"},"content":{"rendered":"\n<div class=\"wp-block-columns is-layout-flex wp-container-core-columns-is-layout-9d6595d7 wp-block-columns-is-layout-flex\">\n<div class=\"wp-block-column esmuc__Menu_Masters is-layout-flow wp-block-column-is-layout-flow\" style=\"flex-basis:33.33%\">\n\n\n\n\n<p><\/p>\n<\/div>\n\n\n\n<div class=\"wp-block-column is-layout-flow wp-block-column-is-layout-flow\" style=\"flex-basis:66.66%\"><div class=\"breadcrumbs align  wp-block-bcn-breadcrumb-trail has-text-color has-background\" vocab=\"https:\/\/schema.org\/\" typeof=\"BreadcrumbList\">\n\t<span><\/span>\n\t<span property=\"itemListElement\" typeof=\"ListItem\"><a property=\"item\" typeof=\"WebPage\" title=\"Ir a ESMUC.\" href=\"https:\/\/www.esmuc.cat\/es\/\" class=\"home\" ><span property=\"name\">ESMUC<\/span><\/a><meta property=\"position\" content=\"1\"><\/span> &gt; <span property=\"itemListElement\" typeof=\"ListItem\"><a property=\"item\" typeof=\"WebPage\" title=\"Ir a Escuela.\" href=\"https:\/\/www.esmuc.cat\/es\/escuela\/\" class=\"post post-page\" ><span property=\"name\">Escuela<\/span><\/a><meta property=\"position\" content=\"2\"><\/span> &gt; <span property=\"itemListElement\" typeof=\"ListItem\"><span property=\"name\" class=\"post post-page current-item\">Sobre la ESMUC<\/span><meta property=\"url\" content=\"https:\/\/www.esmuc.cat\/es\/escuela\/sobre-lesmuc\/\"><meta property=\"position\" content=\"3\"><\/span><\/div>\n\n\n\n<h1 class=\"wp-block-heading\" id=\"sobre-l-esmuc\">Presentaci\u00f3n<\/h1>\n\n\n\n<div style=\"height:10px\" aria-hidden=\"true\" class=\"wp-block-spacer\"><\/div>\n\n\n<figure class=\"wp-block-post-featured-image\"><img decoding=\"async\" width=\"858\" height=\"482\" src=\"https:\/\/www.esmuc.cat\/wp-content\/uploads\/2022\/04\/esmuc-exit.jpg\" class=\"attachment-post-thumbnail size-post-thumbnail wp-post-image\" alt=\"esmuc-exit\" style=\"object-fit:cover;\" srcset=\"https:\/\/www.esmuc.cat\/wp-content\/uploads\/2022\/04\/esmuc-exit.jpg 858w, https:\/\/www.esmuc.cat\/wp-content\/uploads\/2022\/04\/esmuc-exit-300x169.jpg 300w, https:\/\/www.esmuc.cat\/wp-content\/uploads\/2022\/04\/esmuc-exit-768x431.jpg 768w\" sizes=\"(max-width: 858px) 100vw, 858px\" title=\"esmuc-exit\" \/><\/figure>\n\n\n<div style=\"height:10px\" aria-hidden=\"true\" class=\"wp-block-spacer\"><\/div>\n\n\n\n<div id=\"section-g87c205\" class=\"wp-block-gutentor-e0 section-g87c205 gutentor-element gutentor-element-advanced-text\"><div class=\"gutentor-text-wrap\"><p class=\"gutentor-text\">La Escola Superior de M\u00fasica de Catalunya (ESMUC) es el \u00fanico centro oficial autorizado de car\u00e1cter p\u00fablico en Catalu\u00f1a que imparte estudios de <strong>Grado y M\u00e1ster en Ense\u00f1anzas Art\u00edsticas Superiores de M\u00fasica<\/strong>, integrados en el Espacio Europeo de Educaci\u00f3n Superior (EEES), y que otorga una titulaci\u00f3n equivalente, a todos los efectos, a la de grado y m\u00e1ster universitario. Su oferta formativa incluye tambi\u00e9n otros estudios de posgrado y de formaci\u00f3n continua.<\/p><\/div><\/div>\n\n\n\n<div id=\"section-g885e69\" class=\"wp-block-gutentor-e0 section-g885e69 gutentor-element gutentor-element-advanced-text\"><div class=\"gutentor-text-wrap\"><p class=\"gutentor-text\">La escuela naci\u00f3 en 2000 por un acuerdo de Gobierno de la Generalitat de Catalunya y abri\u00f3 sus puertas en septiembre de 2001. Actualmente, cuenta con m\u00e1s de 900 estudiantes matriculados en las diversas especialidades de grado, m\u00e1sters y postgrados, formaci\u00f3n continuada y cursos de extensi\u00f3n que ofrece la escuela. <br><br>A lo largo del curso tienen lugar en la ESMUC multitud de actividades como conciertos, jornadas, <a href=\"https:\/\/www.esmuc.cat\/es\/jornades-i-tallers\/\">talleres<\/a>, <a href=\"https:\/\/www.esmuc.cat\/es\/congressos-jornades-tallers\/\">congresos<\/a> y <a href=\"https:\/\/www.esmuc.cat\/es\/classes-magistrals\/\">clases magistrales<\/a> abiertas tanto a la comunidad ESMUC como al p\u00fablico externo. Durante los meses de junio y julio se ofrecen <a href=\"https:\/\/www.esmuc.cat\/es\/escola-destiu\/\">cursos de verano<\/a>, dirigidos a p\u00fablicos m\u00e1s amplios. La escuela apuesta tambi\u00e9n por la formaci\u00f3n avanzada de j\u00f3venes de entre 8 y 17 a\u00f1os con altas capacidades musicales a trav\u00e9s de su programa <a href=\"https:\/\/www.esmuc.cat\/es\/servicios\/biblioteca-crai\/esmuc-junior-3\/\">ESMUC J\u00fanior<\/a>.<\/p><\/div><\/div>\n\n\n\n<div id=\"section-g460ff0\" class=\"wp-block-gutentor-e0 section-g460ff0 gutentor-element gutentor-element-advanced-text\"><div class=\"gutentor-text-wrap\"><p class=\"gutentor-text\">El hecho de que en la ESMUC confluyan estudiantes de \u00e1mbitos muy diversos, provenientes de m\u00e1s de 25 pa\u00edses, hace que la experiencia de estudiar en la escuela sea muy enriquecedora, y contribuye a hacer uno de los destinos m\u00e1s solicitados por los estudiantes <a href=\"https:\/\/www.esmuc.cat\/es\/vull-fer-un-erasmus-a-lesmuc\/\">Erasmus<\/a>.<\/p><\/div><\/div>\n\n\n\n<div style=\"height:10px\" aria-hidden=\"true\" class=\"wp-block-spacer\"><\/div>\n\n\n\n<section id=\"3b2e01\" class=\"section-3b2e01 gutentor-module gutentor-module-accordion\"><div class=\"grid-container\">\n<div id=\"d175c8\" class=\"wp-block-gutentor-m6-item section-d175c8 gutentor-module gutentor-module-accordion-item\"><div class=\"gutentor-module-accordion-panel g-a-panel-3b2e01\"><div class=\"gm-ah-3b2e01 gutentor-module-accordion-item-heading gutentor-module-icon-position-right\"><span class=\"gutentor-module-accordion-panel-handler\" role=\"button\"><span class=\"gutentor-module-accordion-panel-handler-label\">Misi\u00f3n, visi\u00f3n y valores<\/span><span class=\"gutentor-module-accordion-icon\"><i class=\"gm-aio-3b2e01 gutentor-module-accordion-icon-open fas fa-plus\"><\/i><i class=\"gm-aic-3b2e01 gutentor-module-accordion-icon-close fas fa-minus\"><\/i><\/span><\/span><\/div><div class=\"gm-ab-3b2e01 gutentor-module-accordion-body\">\n<div id=\"section-g0a0bb5\" class=\"wp-block-gutentor-e0 section-g0a0bb5 gutentor-element gutentor-element-advanced-text\"><div class=\"gutentor-text-wrap\"><p class=\"gutentor-text\">Formar parte de la ESMUC significa crecer en un entorno transversal y flexible desde el punto de vista de los itinerarios formativos, donde todas las especialidades y estilos musicales est\u00e1n presentes y conviven en igualdad de condiciones.<\/p><\/div><\/div>\n\n\n\n<div id=\"section-gbf7860\" class=\"wp-block-gutentor-e0 section-gbf7860 gutentor-element gutentor-element-advanced-text\"><div class=\"gutentor-text-wrap\"><p class=\"gutentor-text\">Nuestra misi\u00f3n es preparar al alumnado para que alcance retos profesionales a nivel internacional y se incorpore en el mundo profesional de la m\u00fasica con la capacidad de transformar el ecosistema cultural.<\/p><\/div><\/div>\n\n\n\n<div id=\"section-g5bb081\" class=\"wp-block-gutentor-e0 section-g5bb081 gutentor-element gutentor-element-advanced-text\"><div class=\"gutentor-text-wrap\"><p class=\"gutentor-text\">Para conseguir estos objetivos la ESMUC pone al mismo nivel la calidad art\u00edstica y el compromiso social, a trav\u00e9s de un modelo de centro:<\/p><\/div><\/div>\n\n\n\n<div id=\"section-gb46747\" class=\"wp-block-gutentor-e7 section-gb46747 gutentor-element gutentor-element-list\"><ul class=\"grid-row gutentor-grid-item-wrap list-indicator-icon\"><li class=\"gutentor-list-item grid-lg-12 grid-md-12 grid-12\"><span class=\"gutentor-single-item gutentor-single-item-0\"><span class=\"gutentor-list-item-wrap g-s-list-wrap\"><span class=\"gutentor-single-list-item-icon\"><i class=\"list-item-icon fas fa-angle-right\"><\/i><\/span><span class=\"gutentor-list-item\"><p class=\"gutentor-single-item-title\">Integral, caracterizado por la flexibilidad y la no jerarqu\u00eda entre disciplinas.<\/p><\/span><\/span><\/span><\/li><li class=\"gutentor-list-item grid-lg-12 grid-md-12 grid-12\"><span class=\"gutentor-single-item gutentor-single-item-1\"><span class=\"gutentor-list-item-wrap g-s-list-wrap\"><span class=\"gutentor-single-list-item-icon\"><i class=\"list-item-icon fas fa-angle-right\"><\/i><\/span><span class=\"gutentor-list-item\"><p class=\"gutentor-single-item-title\">A la vanguardia de los lenguajes y la innovaci\u00f3n tecnol\u00f3gica aplicada a la m\u00fasica.<\/p><\/span><\/span><\/span><\/li><li class=\"gutentor-list-item grid-lg-12 grid-md-12 grid-12\"><span class=\"gutentor-single-item gutentor-single-item-2\"><span class=\"gutentor-list-item-wrap g-s-list-wrap\"><span class=\"gutentor-single-list-item-icon\"><i class=\"list-item-icon fas fa-angle-right\"><\/i><\/span><span class=\"gutentor-list-item\"><p class=\"gutentor-single-item-title\">Al servicio de futuros profesionales de la m\u00fasica y del conjunto de la sociedad.<\/p><\/span><\/span><\/span><\/li><li class=\"gutentor-list-item grid-lg-12 grid-md-12 grid-12\"><span class=\"gutentor-single-item gutentor-single-item-3\"><span class=\"gutentor-list-item-wrap g-s-list-wrap\"><span class=\"gutentor-single-list-item-icon\"><i class=\"list-item-icon fas fa-angle-right\"><\/i><\/span><span class=\"gutentor-list-item\"><p class=\"gutentor-single-item-title\">Conectado y coordinado con las redes educativas y musicales de Catalu\u00f1a y del resto del mundo.<\/p><\/span><\/span><\/span><\/li><li class=\"gutentor-list-item grid-lg-12 grid-md-12 grid-12\"><span class=\"gutentor-single-item gutentor-single-item-4\"><span class=\"gutentor-list-item-wrap g-s-list-wrap\"><span class=\"gutentor-single-list-item-icon\"><i class=\"list-item-icon fas fa-angle-right\"><\/i><\/span><span class=\"gutentor-list-item\"><p class=\"gutentor-single-item-title\">Abierto a todo el sector musical, permeable en el entorno social e impulsor de la m\u00fasica en todas sus dimensiones.<\/p><\/span><\/span><\/span><\/li><li class=\"gutentor-list-item grid-lg-12 grid-md-12 grid-12\"><span class=\"gutentor-single-item gutentor-single-item-5\"><span class=\"gutentor-list-item-wrap g-s-list-wrap\"><span class=\"gutentor-single-list-item-icon\"><i class=\"list-item-icon fas fa-angle-right\"><\/i><\/span><span class=\"gutentor-list-item\"><p class=\"gutentor-single-item-title\">Comprometido con los objetivos de la Agenda 2030, en especial la Educaci\u00f3n de calidad, la Igualdad de g\u00e9nero y la Sostenibilidad medioambiental<\/p><\/span><\/span><\/span><\/li><\/ul><\/div>\n<\/div><\/div><\/div>\n<\/div><\/section>\n<\/div>\n<\/div>\n\n\n\n<p><\/p>\n","protected":false},"excerpt":{"rendered":"<p>Presentaci\u00f3n<\/p>\n","protected":false},"author":4,"featured_media":38603,"parent":91007,"menu_order":0,"comment_status":"closed","ping_status":"closed","template":"","meta":{"_acf_changed":false,"_themeisle_gutenberg_block_has_review":false,"footnotes":""},"categories":[923],"tags":[1295],"class_list":["post-27017","page","type-page","status-publish","has-post-thumbnail","hentry","category-sobre-lesmuc-es","tag-esmuc-es"],"acf":[],"publishpress_future_action":{"enabled":false,"date":"2026-04-25 09:05:16","action":"change-status","newStatus":"draft","terms":[],"taxonomy":"category","extraData":[]},"publishpress_future_workflow_manual_trigger":{"enabledWorkflows":[]},"_links":{"self":[{"href":"https:\/\/www.esmuc.cat\/es\/wp-json\/wp\/v2\/pages\/27017","targetHints":{"allow":["GET"]}}],"collection":[{"href":"https:\/\/www.esmuc.cat\/es\/wp-json\/wp\/v2\/pages"}],"about":[{"href":"https:\/\/www.esmuc.cat\/es\/wp-json\/wp\/v2\/types\/page"}],"author":[{"embeddable":true,"href":"https:\/\/www.esmuc.cat\/es\/wp-json\/wp\/v2\/users\/4"}],"replies":[{"embeddable":true,"href":"https:\/\/www.esmuc.cat\/es\/wp-json\/wp\/v2\/comments?post=27017"}],"version-history":[{"count":20,"href":"https:\/\/www.esmuc.cat\/es\/wp-json\/wp\/v2\/pages\/27017\/revisions"}],"predecessor-version":[{"id":111159,"href":"https:\/\/www.esmuc.cat\/es\/wp-json\/wp\/v2\/pages\/27017\/revisions\/111159"}],"up":[{"embeddable":true,"href":"https:\/\/www.esmuc.cat\/es\/wp-json\/wp\/v2\/pages\/91007"}],"wp:featuredmedia":[{"embeddable":true,"href":"https:\/\/www.esmuc.cat\/es\/wp-json\/wp\/v2\/media\/38603"}],"wp:attachment":[{"href":"https:\/\/www.esmuc.cat\/es\/wp-json\/wp\/v2\/media?parent=27017"}],"wp:term":[{"taxonomy":"category","embeddable":true,"href":"https:\/\/www.esmuc.cat\/es\/wp-json\/wp\/v2\/categories?post=27017"},{"taxonomy":"post_tag","embeddable":true,"href":"https:\/\/www.esmuc.cat\/es\/wp-json\/wp\/v2\/tags?post=27017"}],"curies":[{"name":"wp","href":"https:\/\/api.w.org\/{rel}","templated":true}]}}